{"id":10853,"date":"2024-12-22T17:41:40","date_gmt":"2024-12-22T15:41:40","guid":{"rendered":"https:\/\/valika.eu\/?page_id=10853"},"modified":"2026-02-25T10:39:52","modified_gmt":"2026-02-25T08:39:52","slug":"tilauksen-toimitus","status":"publish","type":"page","link":"https:\/\/valika.eu\/en\/tilauksen-toimitus\/","title":{"rendered":"Delivery, shiping"},"content":{"rendered":"<p>Orders paid by 15:00<br \/>\nwill be shipped on the same business day!<\/p>\n<p><strong>Estonian<\/strong> Parcel machine &#8211; Omniva\/Smart\/DPD 1\u20132 business days<br \/>\nPrice: \u20ac2.50<\/p>\n<p>Free for orders over \u20ac40<\/p>\n<p>Delivery to SmartPost parcel machines in Latvia and Lithuania: \u20ac5; free delivery for orders over \u20ac50.<\/p>\n<p><strong>LATVIA:<\/strong> Pieg\u0101de uz SmartPost pakom\u0101tiem Latvij\u0101 un Lietuv\u0101: 5 \u20ac; bezmaksas pieg\u0101de pas\u016bt\u012bjumiem virs 50 \u20ac.<\/p>\n<p><strong>LITHUANIA:<\/strong> Pristatymas \u012f SmartPost pa\u0161tomatus Latvijoje ir Lietuvoje: 5 \u20ac; nemokamas pristatymas u\u017esakymams vir\u0161 50 \u20ac<\/p>\n<p>\u0414\u043e\u0441\u0442\u0430\u0432\u043a\u0430 \u0432 \u043f\u043e\u0447\u0442\u0430\u043c\u0430\u0442\u044b SmartPost \u0432 \u041b\u0430\u0442\u0432\u0438\u0438 \u0438 \u041b\u0438\u0442\u0432\u0435: 5 \u20ac; \u0431\u0435\u0441\u043f\u043b\u0430\u0442\u043d\u0430\u044f \u0434\u043e\u0441\u0442\u0430\u0432\u043a\u0430 \u0434\u043b\u044f \u0437\u0430\u043a\u0430\u0437\u043e\u0432 \u0441\u0432\u044b\u0448\u0435 50 \u20ac.<\/p>\n<p><strong>FINLAND:<\/strong> Pakettiautomaatti \u2013 Itella\u00a0 6 eur, Ilmaista alk. 100\u20ac<\/p>\n<p><strong>SWEDEN:<\/strong> Delivery to parcel machines in Sweden: \u20ac16; free delivery for orders over \u20ac120.<\/p>\n<p>Pick-up in person<br \/>\nPrice: \u20ac0<br \/>\nK\u00e4rberi 18 \/ Tallinn<br \/>\nOpen: Mon\u2013Fri 10:00\u201316:00<\/p>\n<p>Payment options<\/p>\n<p><img loading=\"lazy\" decoding=\"async\" src=\"https:\/\/www.starry.ee\/media\/wysiwyg\/seb.png\" alt=\"SEB pank\" width=\"74\" height=\"33\" \/>\u00a0\u00a0\u00a0\u00a0<img loading=\"lazy\" decoding=\"async\" src=\"https:\/\/www.starry.ee\/media\/wysiwyg\/swedbank_125px_transp.png\" alt=\"Swedbank\" width=\"114\" height=\"25\" \/><\/p>\n<p><img loading=\"lazy\" decoding=\"async\" src=\"https:\/\/www.starry.ee\/media\/wysiwyg\/lhv.png\" alt=\"LHV\" width=\"70\" height=\"24\" \/>\u00a0\u00a0\u00a0\u00a0<img loading=\"lazy\" decoding=\"async\" src=\"https:\/\/www.starry.ee\/media\/wysiwyg\/visa-credt-card.png\" alt=\"Visa\" width=\"77\" height=\"25\" \/><\/p>\n<p>&nbsp;<\/p>\n<p><img loading=\"lazy\" decoding=\"async\" src=\"https:\/\/www.starry.ee\/media\/wysiwyg\/mastercard.png\" alt=\"Mastercard\" width=\"77\" height=\"50\" \/>\u00a0\u00a0 \u00a0\u00a0\u00a0<img loading=\"lazy\" decoding=\"async\" src=\"https:\/\/www.starry.ee\/media\/wysiwyg\/pp-logo-100px.png\" alt=\"PayPal\" width=\"100\" height=\"26\" \/><\/p>\n<p>&nbsp;<\/p>\n<p>\u00a9 Turvaline ostukoht aastast 2024<\/p>","protected":false},"excerpt":{"rendered":"<p>Orders paid by 15:00 will be shipped on the same business day! Estonian Parcel machine &#8211; Omniva\/Smart\/DPD 1\u20132 business days<\/p>\n","protected":false},"author":1,"featured_media":0,"parent":0,"menu_order":0,"comment_status":"closed","ping_status":"closed","template":"","meta":{"footnotes":""},"class_list":["post-10853","page","type-page","status-publish","hentry"],"yoast_head":"<!-- This site is optimized with the Yoast SEO plugin v24.4 - https:\/\/yoast.com\/wordpress\/plugins\/seo\/ -->\n<title>Delivery, shiping | Valika<\/title>\n<meta name=\"robots\" content=\"index, follow, max-snippet:-1, max-image-preview:large, max-video-preview:-1\" \/>\n<link rel=\"canonical\" href=\"https:\/\/valika.eu\/en\/tilauksen-toimitus\/\" \/>\n<meta property=\"og:locale\" content=\"en_US\" \/>\n<meta property=\"og:type\" content=\"article\" \/>\n<meta property=\"og:title\" content=\"Delivery, shiping | Valika\" \/>\n<meta property=\"og:description\" content=\"Orders paid by 15:00 will be shipped on the same business day! Estonian Parcel machine &#8211; Omniva\/Smart\/DPD 1\u20132 business days\" \/>\n<meta property=\"og:url\" content=\"https:\/\/valika.eu\/en\/tilauksen-toimitus\/\" \/>\n<meta property=\"og:site_name\" content=\"Valika\" \/>\n<meta property=\"article:publisher\" content=\"https:\/\/www.facebook.com\/tipsi.net\" \/>\n<meta property=\"article:modified_time\" content=\"2026-02-25T08:39:52+00:00\" \/>\n<meta property=\"og:image\" content=\"https:\/\/www.starry.ee\/media\/wysiwyg\/seb.png\" \/>\n<meta name=\"twitter:card\" content=\"summary_large_image\" \/>\n<script type=\"application\/ld+json\" class=\"yoast-schema-graph\">{\"@context\":\"https:\/\/schema.org\",\"@graph\":[{\"@type\":\"WebPage\",\"@id\":\"https:\/\/valika.eu\/en\/tilauksen-toimitus\/\",\"url\":\"https:\/\/valika.eu\/en\/tilauksen-toimitus\/\",\"name\":\"Delivery, shiping | Valika\",\"isPartOf\":{\"@id\":\"https:\/\/valika.eu\/en\/#website\"},\"primaryImageOfPage\":{\"@id\":\"https:\/\/valika.eu\/en\/tilauksen-toimitus\/#primaryimage\"},\"image\":{\"@id\":\"https:\/\/valika.eu\/tilauksen-toimitus\/#primaryimage\"},\"thumbnailUrl\":\"https:\/\/www.starry.ee\/media\/wysiwyg\/seb.png\",\"datePublished\":\"2024-12-22T15:41:40+00:00\",\"dateModified\":\"2026-02-25T08:39:52+00:00\",\"breadcrumb\":{\"@id\":\"https:\/\/valika.eu\/en\/tilauksen-toimitus\/#breadcrumb\"},\"inLanguage\":\"en-US\",\"potentialAction\":[{\"@type\":\"ReadAction\",\"target\":[[\"https:\/\/valika.eu\/en\/tilauksen-toimitus\/\"]]}]},{\"@type\":\"ImageObject\",\"inLanguage\":\"en-US\",\"@id\":\"https:\/\/valika.eu\/en\/tilauksen-toimitus\/#primaryimage\",\"url\":\"https:\/\/www.starry.ee\/media\/wysiwyg\/seb.png\",\"contentUrl\":\"https:\/\/www.starry.ee\/media\/wysiwyg\/seb.png\"},{\"@type\":\"BreadcrumbList\",\"@id\":\"https:\/\/valika.eu\/en\/tilauksen-toimitus\/#breadcrumb\",\"itemListElement\":[{\"@type\":\"ListItem\",\"position\":1,\"name\":\"Koti\",\"item\":\"https:\/\/valika.eu\/en\/\"},{\"@type\":\"ListItem\",\"position\":2,\"name\":\"Delivery, shiping\"}]},{\"@type\":\"WebSite\",\"@id\":\"https:\/\/valika.eu\/en\/#website\",\"url\":\"https:\/\/valika.eu\/en\/\",\"name\":\"Valika.eu\",\"description\":\"Salon products and beauty products - Valika offers a wide range of products and accessories for nail technicians, beauty salons, hairdressers.\",\"publisher\":{\"@id\":\"https:\/\/valika.eu\/en\/#organization\"},\"alternateName\":\"Valika\",\"potentialAction\":[{\"@type\":\"SearchAction\",\"target\":{\"@type\":\"EntryPoint\",\"urlTemplate\":\"https:\/\/valika.eu\/en\/?s={search_term_string}\"},\"query-input\":{\"@type\":\"PropertyValueSpecification\",\"valueRequired\":true,\"valueName\":\"search_term_string\"}}],\"inLanguage\":\"en-US\"},{\"@type\":\"Organization\",\"@id\":\"https:\/\/valika.eu\/en\/#organization\",\"name\":\"Salongitoode O\u00dc\",\"alternateName\":\"Valika\",\"url\":\"https:\/\/valika.eu\/en\/\",\"logo\":{\"@type\":\"ImageObject\",\"inLanguage\":\"en-US\",\"@id\":\"https:\/\/valika.eu\/en\/#\/schema\/logo\/image\/\",\"url\":\"https:\/\/valika.eu\/wp-content\/uploads\/2023\/11\/logo2-valika-footer.png\",\"contentUrl\":\"https:\/\/valika.eu\/wp-content\/uploads\/2023\/11\/logo2-valika-footer.png\",\"width\":200,\"height\":129,\"caption\":\"Salongitoode O\u00dc\"},\"image\":{\"@id\":\"https:\/\/valika.eu\/en\/#\/schema\/logo\/image\/\"},\"sameAs\":[\"https:\/\/www.facebook.com\/tipsi.net\"]}]}<\/script>\n<!-- \/ Yoast SEO plugin. -->","yoast_head_json":{"title":"Delivery, shiping | Valika","robots":{"index":"index","follow":"follow","max-snippet":"max-snippet:-1","max-image-preview":"max-image-preview:large","max-video-preview":"max-video-preview:-1"},"canonical":"https:\/\/valika.eu\/en\/tilauksen-toimitus\/","og_locale":"en_US","og_type":"article","og_title":"Delivery, shiping | Valika","og_description":"Orders paid by 15:00 will be shipped on the same business day! Estonian Parcel machine &#8211; Omniva\/Smart\/DPD 1\u20132 business days","og_url":"https:\/\/valika.eu\/en\/tilauksen-toimitus\/","og_site_name":"Valika","article_publisher":"https:\/\/www.facebook.com\/tipsi.net","article_modified_time":"2026-02-25T08:39:52+00:00","og_image":[{"url":"https:\/\/www.starry.ee\/media\/wysiwyg\/seb.png","type":"","width":"","height":""}],"twitter_card":"summary_large_image","schema":{"@context":"https:\/\/schema.org","@graph":[{"@type":"WebPage","@id":"https:\/\/valika.eu\/en\/tilauksen-toimitus\/","url":"https:\/\/valika.eu\/en\/tilauksen-toimitus\/","name":"Delivery, shiping | Valika","isPartOf":{"@id":"https:\/\/valika.eu\/en\/#website"},"primaryImageOfPage":{"@id":"https:\/\/valika.eu\/en\/tilauksen-toimitus\/#primaryimage"},"image":{"@id":"https:\/\/valika.eu\/tilauksen-toimitus\/#primaryimage"},"thumbnailUrl":"https:\/\/www.starry.ee\/media\/wysiwyg\/seb.png","datePublished":"2024-12-22T15:41:40+00:00","dateModified":"2026-02-25T08:39:52+00:00","breadcrumb":{"@id":"https:\/\/valika.eu\/en\/tilauksen-toimitus\/#breadcrumb"},"inLanguage":"en-US","potentialAction":[{"@type":"ReadAction","target":[["https:\/\/valika.eu\/en\/tilauksen-toimitus\/"]]}]},{"@type":"ImageObject","inLanguage":"en-US","@id":"https:\/\/valika.eu\/en\/tilauksen-toimitus\/#primaryimage","url":"https:\/\/www.starry.ee\/media\/wysiwyg\/seb.png","contentUrl":"https:\/\/www.starry.ee\/media\/wysiwyg\/seb.png"},{"@type":"BreadcrumbList","@id":"https:\/\/valika.eu\/en\/tilauksen-toimitus\/#breadcrumb","itemListElement":[{"@type":"ListItem","position":1,"name":"Koti","item":"https:\/\/valika.eu\/en\/"},{"@type":"ListItem","position":2,"name":"Delivery, shiping"}]},{"@type":"WebSite","@id":"https:\/\/valika.eu\/en\/#website","url":"https:\/\/valika.eu\/en\/","name":"Valika.eu","description":"Salon products and beauty products - Valika offers a wide range of products and accessories for nail technicians, beauty salons, hairdressers.","publisher":{"@id":"https:\/\/valika.eu\/en\/#organization"},"alternateName":"Valika","potentialAction":[{"@type":"SearchAction","target":{"@type":"EntryPoint","urlTemplate":"https:\/\/valika.eu\/en\/?s={search_term_string}"},"query-input":{"@type":"PropertyValueSpecification","valueRequired":true,"valueName":"search_term_string"}}],"inLanguage":"en-US"},{"@type":"Organization","@id":"https:\/\/valika.eu\/en\/#organization","name":"Salongitoode O\u00dc","alternateName":"Valika","url":"https:\/\/valika.eu\/en\/","logo":{"@type":"ImageObject","inLanguage":"en-US","@id":"https:\/\/valika.eu\/en\/#\/schema\/logo\/image\/","url":"https:\/\/valika.eu\/wp-content\/uploads\/2023\/11\/logo2-valika-footer.png","contentUrl":"https:\/\/valika.eu\/wp-content\/uploads\/2023\/11\/logo2-valika-footer.png","width":200,"height":129,"caption":"Salongitoode O\u00dc"},"image":{"@id":"https:\/\/valika.eu\/en\/#\/schema\/logo\/image\/"},"sameAs":["https:\/\/www.facebook.com\/tipsi.net"]}]}},"jetpack_sharing_enabled":true,"_links":{"self":[{"href":"https:\/\/valika.eu\/en\/wp-json\/wp\/v2\/pages\/10853","targetHints":{"allow":["GET"]}}],"collection":[{"href":"https:\/\/valika.eu\/en\/wp-json\/wp\/v2\/pages"}],"about":[{"href":"https:\/\/valika.eu\/en\/wp-json\/wp\/v2\/types\/page"}],"author":[{"embeddable":true,"href":"https:\/\/valika.eu\/en\/wp-json\/wp\/v2\/users\/1"}],"replies":[{"embeddable":true,"href":"https:\/\/valika.eu\/en\/wp-json\/wp\/v2\/comments?post=10853"}],"version-history":[{"count":28,"href":"https:\/\/valika.eu\/en\/wp-json\/wp\/v2\/pages\/10853\/revisions"}],"predecessor-version":[{"id":19410,"href":"https:\/\/valika.eu\/en\/wp-json\/wp\/v2\/pages\/10853\/revisions\/19410"}],"wp:attachment":[{"href":"https:\/\/valika.eu\/en\/wp-json\/wp\/v2\/media?parent=10853"}],"curies":[{"name":"wp","href":"https:\/\/api.w.org\/{rel}","templated":true}]}}