{"id":10449,"date":"2024-11-26T11:58:47","date_gmt":"2024-11-26T09:58:47","guid":{"rendered":"https:\/\/valika.eu\/?post_type=product&#038;p=10449"},"modified":"2025-07-02T05:03:21","modified_gmt":"2025-07-02T02:03:21","slug":"cover-soft-ehitusgeel-7-100g","status":"publish","type":"product","link":"https:\/\/valika.eu\/en\/toode\/cover-soft-ehitusgeel-7-100g\/","title":{"rendered":"Cover SOFT building gel 7-100g"},"content":{"rendered":"<p>EASY MOUSSE GEL<\/p>\n<p>Apply  to the base coat or base gel . Do not apply directly to the primer or bonder.<\/p>\n<p>Hybrid nail polish is not enough in your case? Do you need a super durable, effective stylization to be<br \/>\nquickly done at home? Are you looking for a way to easily harden a natural nail plate or extend your<br \/>\nnails? Our new EASY MOUSSE BUILDER GEL is a product for you!<br \/>\nThe innovative formula of the gel with a unique structure and density makes it perfectly level itself,<br \/>\nthanks to which it forgives the mistakes of even an inexperienced user. Quick work is also facilitated<br \/>\nby tixotropy (fluid memory) that prevents it from running down on the cuticles. Styling with EASY MOUSSE does not require filing or Top &#8211; just wipe the dispersion layer with Cleaner and intensely shiny<br \/>\nnails are ready!<br \/>\nThe modern formula of the gel with great adhesion* allows you to even out, harden and extend the<br \/>\nnail even with a thin layer, ensuring the stylization looks similar to the natural nail plate with a<br \/>\ndurability of at least 4 weeks(!). It also prevents the nails from breaking and crumbling, so they can<br \/>\ngrow much longer. The special Heatless formula, thanks to the low polymerization temperature,<br \/>\nminimizes pinching in the lamp.<\/p>\n<p>EASY MOUSSE BUILDER GEL is available in 4 utility colors:<br \/>\n\u2022 CLEAR &#8211; transparent, works great as a building and leveling base for all colors of hybrid nail polishes<br \/>\n\u2022 COVER NUDE &#8211; natural, delicate nude color, created to harmonize with the natural skin color; works<br \/>\ngreat on its own, without the need to use additional polish, it covers up to 90%!<br \/>\n\u2022 COVER ROSE &#8211; a delicate, whitened pink color, perfect as a full manicure and as a base for french<br \/>\nmanicure or baby boomer, covers up to 90%!<br \/>\n\u2022 COVER SOFT &#8211; a candy, sweet shade of pink, it works perfectly on its own as a full manicure and as a<br \/>\nbase for french manicure or baby boomer, it covers up to 90%! Our testers love it the most!<\/p>\n<p>Try it and you will find that from now on EASY MOUSSE BUILDER GEL is your #musthave!<\/p>\n<p>Main features:<br \/>\n\u2022 Self-leveling, with tixotropy (fluid memory) \u2013 EASY!<br \/>\nMultifunctional &#8211; FAST!<br \/>\nExcellent adhesion* and high durability \u2013 FOR LONG!<br \/>\nWith an intense shine &#8211; BEAUTIFUL!<br \/>\nWith the Heatless formula &#8211; PHEW, DOES NOT PINCH IN A LAMP!<br \/>\nApplication: refilling and hardening the natural nail plate and extending nails &#8211; BINGO! \ufffd\ufffd<\/p>\n<p>EASY MOUSSE products &#8211; created for home use, chosen by professionals!<\/p>\n<p>Apply  to the base coat or base gel . Do not apply directly to the primer or bonder.<br \/>\nFOR WHOM: For professionals and hobbyists who want to increase the durability of their<br \/>\nstylizations.<br \/>\nSPECIALTY: Extends the durability of styling.<br \/>\nSUPER POWER: Indestructible manicure for up to 3 weeks!<\/p>","protected":false},"excerpt":{"rendered":"<p>Apply  to the base coat or base gel . Do not apply directly to the primer or bonder.<\/p>\n","protected":false},"featured_media":10455,"template":"","meta":[],"product_brand":[],"product_cat":[74],"product_tag":[],"class_list":{"0":"post-10449","1":"product","2":"type-product","3":"status-publish","4":"has-post-thumbnail","6":"product_cat-affinity","8":"first","9":"instock","10":"taxable","11":"shipping-taxable","12":"purchasable","13":"product-type-variable"},"yoast_head":"<!-- This site is optimized with the Yoast SEO plugin v24.4 - https:\/\/yoast.com\/wordpress\/plugins\/seo\/ -->\n<title>Cover SOFT building gel 7-100g | Valika<\/title>\n<meta name=\"description\" content=\"Tugevam pol\u00fcmeerideahel tagab geeli parema haarduvuse k\u00fc\u00fcnepinnaga.\u00dchefaasilise keskmise paksusega Ice geeli on v\u00e4ga mugav k\u00fc\u00fcnele kanda ja seda kasutatakse terve k\u00fc\u00fcne \u00fclesehitamiseks. Vajab alla primerit v\u00f5i bonderit (erinevusest palun lugege praimeri kirjelduses).\" \/>\n<meta name=\"robots\" content=\"index, follow, max-snippet:-1, max-image-preview:large, max-video-preview:-1\" \/>\n<link rel=\"canonical\" href=\"https:\/\/valika.eu\/en\/toode\/cover-soft-ehitusgeel-7-100g\/\" \/>\n<meta property=\"og:locale\" content=\"en_US\" \/>\n<meta property=\"og:type\" content=\"article\" \/>\n<meta property=\"og:title\" content=\"Cover SOFT building gel 7-100g | Valika\" \/>\n<meta property=\"og:description\" content=\"Tugevam pol\u00fcmeerideahel tagab geeli parema haarduvuse k\u00fc\u00fcnepinnaga.\u00dchefaasilise keskmise paksusega Ice geeli on v\u00e4ga mugav k\u00fc\u00fcnele kanda ja seda kasutatakse terve k\u00fc\u00fcne \u00fclesehitamiseks. Vajab alla primerit v\u00f5i bonderit (erinevusest palun lugege praimeri kirjelduses).\" \/>\n<meta property=\"og:url\" content=\"https:\/\/valika.eu\/en\/toode\/cover-soft-ehitusgeel-7-100g\/\" \/>\n<meta property=\"og:site_name\" content=\"Valika\" \/>\n<meta property=\"article:publisher\" content=\"https:\/\/www.facebook.com\/tipsi.net\" \/>\n<meta property=\"article:modified_time\" content=\"2025-07-02T02:03:21+00:00\" \/>\n<meta property=\"og:image\" content=\"https:\/\/valika.eu\/wp-content\/uploads\/2024\/11\/COVER_SOFT_LABEL-5.jpg\" \/>\n\t<meta property=\"og:image:width\" content=\"800\" \/>\n\t<meta property=\"og:image:height\" content=\"800\" \/>\n\t<meta property=\"og:image:type\" content=\"image\/jpeg\" \/>\n<meta name=\"twitter:card\" content=\"summary_large_image\" \/>\n<script type=\"application\/ld+json\" class=\"yoast-schema-graph\">{\"@context\":\"https:\/\/schema.org\",\"@graph\":[{\"@type\":\"WebPage\",\"@id\":\"https:\/\/valika.eu\/en\/toode\/cover-soft-ehitusgeel-7-100g\/\",\"url\":\"https:\/\/valika.eu\/en\/toode\/cover-soft-ehitusgeel-7-100g\/\",\"name\":\"Cover SOFT building gel 7-100g | Valika\",\"isPartOf\":{\"@id\":\"https:\/\/valika.eu\/en\/#website\"},\"primaryImageOfPage\":{\"@id\":\"https:\/\/valika.eu\/en\/toode\/cover-soft-ehitusgeel-7-100g\/#primaryimage\"},\"image\":{\"@id\":\"https:\/\/valika.eu\/toode\/cover-soft-ehitusgeel-7-100g\/#primaryimage\"},\"thumbnailUrl\":\"https:\/\/valika.eu\/wp-content\/uploads\/2024\/11\/COVER_SOFT_LABEL-5.jpg\",\"datePublished\":\"2024-11-26T09:58:47+00:00\",\"dateModified\":\"2025-07-02T02:03:21+00:00\",\"description\":\"Tugevam pol\u00fcmeerideahel tagab geeli parema haarduvuse k\u00fc\u00fcnepinnaga.\u00dchefaasilise keskmise paksusega Ice geeli on v\u00e4ga mugav k\u00fc\u00fcnele kanda ja seda kasutatakse terve k\u00fc\u00fcne \u00fclesehitamiseks. Vajab alla primerit v\u00f5i bonderit (erinevusest palun lugege praimeri kirjelduses).\",\"breadcrumb\":{\"@id\":\"https:\/\/valika.eu\/en\/toode\/cover-soft-ehitusgeel-7-100g\/#breadcrumb\"},\"inLanguage\":\"en-US\",\"potentialAction\":[{\"@type\":\"ReadAction\",\"target\":[[\"https:\/\/valika.eu\/en\/toode\/cover-soft-ehitusgeel-7-100g\/\"]]}]},{\"@type\":\"ImageObject\",\"inLanguage\":\"en-US\",\"@id\":\"https:\/\/valika.eu\/en\/toode\/cover-soft-ehitusgeel-7-100g\/#primaryimage\",\"url\":\"https:\/\/valika.eu\/wp-content\/uploads\/2024\/11\/COVER_SOFT_LABEL-5.jpg\",\"contentUrl\":\"https:\/\/valika.eu\/wp-content\/uploads\/2024\/11\/COVER_SOFT_LABEL-5.jpg\",\"width\":800,\"height\":800},{\"@type\":\"BreadcrumbList\",\"@id\":\"https:\/\/valika.eu\/en\/toode\/cover-soft-ehitusgeel-7-100g\/#breadcrumb\",\"itemListElement\":[{\"@type\":\"ListItem\",\"position\":1,\"name\":\"Koti\",\"item\":\"https:\/\/valika.eu\/en\/\"},{\"@type\":\"ListItem\",\"position\":2,\"name\":\"Shop\",\"item\":\"https:\/\/valika.eu\/en\/\"},{\"@type\":\"ListItem\",\"position\":3,\"name\":\"Cover SOFT building gel 7-100g\"}]},{\"@type\":\"WebSite\",\"@id\":\"https:\/\/valika.eu\/en\/#website\",\"url\":\"https:\/\/valika.eu\/en\/\",\"name\":\"Valika.eu\",\"description\":\"Salon products and beauty products - Valika offers a wide range of products and accessories for nail technicians, beauty salons, hairdressers.\",\"publisher\":{\"@id\":\"https:\/\/valika.eu\/en\/#organization\"},\"alternateName\":\"Valika\",\"potentialAction\":[{\"@type\":\"SearchAction\",\"target\":{\"@type\":\"EntryPoint\",\"urlTemplate\":\"https:\/\/valika.eu\/en\/?s={search_term_string}\"},\"query-input\":{\"@type\":\"PropertyValueSpecification\",\"valueRequired\":true,\"valueName\":\"search_term_string\"}}],\"inLanguage\":\"en-US\"},{\"@type\":\"Organization\",\"@id\":\"https:\/\/valika.eu\/en\/#organization\",\"name\":\"Salongitoode O\u00dc\",\"alternateName\":\"Valika\",\"url\":\"https:\/\/valika.eu\/en\/\",\"logo\":{\"@type\":\"ImageObject\",\"inLanguage\":\"en-US\",\"@id\":\"https:\/\/valika.eu\/en\/#\/schema\/logo\/image\/\",\"url\":\"https:\/\/valika.eu\/wp-content\/uploads\/2023\/11\/logo2-valika-footer.png\",\"contentUrl\":\"https:\/\/valika.eu\/wp-content\/uploads\/2023\/11\/logo2-valika-footer.png\",\"width\":200,\"height\":129,\"caption\":\"Salongitoode O\u00dc\"},\"image\":{\"@id\":\"https:\/\/valika.eu\/en\/#\/schema\/logo\/image\/\"},\"sameAs\":[\"https:\/\/www.facebook.com\/tipsi.net\"]}]}<\/script>\n<!-- \/ Yoast SEO plugin. -->","yoast_head_json":{"title":"Cover SOFT building gel 7-100g | Valika","description":"Tugevam pol\u00fcmeerideahel tagab geeli parema haarduvuse k\u00fc\u00fcnepinnaga.\u00dchefaasilise keskmise paksusega Ice geeli on v\u00e4ga mugav k\u00fc\u00fcnele kanda ja seda kasutatakse terve k\u00fc\u00fcne \u00fclesehitamiseks. Vajab alla primerit v\u00f5i bonderit (erinevusest palun lugege praimeri kirjelduses).","robots":{"index":"index","follow":"follow","max-snippet":"max-snippet:-1","max-image-preview":"max-image-preview:large","max-video-preview":"max-video-preview:-1"},"canonical":"https:\/\/valika.eu\/en\/toode\/cover-soft-ehitusgeel-7-100g\/","og_locale":"en_US","og_type":"article","og_title":"Cover SOFT building gel 7-100g | Valika","og_description":"Tugevam pol\u00fcmeerideahel tagab geeli parema haarduvuse k\u00fc\u00fcnepinnaga.\u00dchefaasilise keskmise paksusega Ice geeli on v\u00e4ga mugav k\u00fc\u00fcnele kanda ja seda kasutatakse terve k\u00fc\u00fcne \u00fclesehitamiseks. Vajab alla primerit v\u00f5i bonderit (erinevusest palun lugege praimeri kirjelduses).","og_url":"https:\/\/valika.eu\/en\/toode\/cover-soft-ehitusgeel-7-100g\/","og_site_name":"Valika","article_publisher":"https:\/\/www.facebook.com\/tipsi.net","article_modified_time":"2025-07-02T02:03:21+00:00","og_image":[{"width":800,"height":800,"url":"https:\/\/valika.eu\/wp-content\/uploads\/2024\/11\/COVER_SOFT_LABEL-5.jpg","type":"image\/jpeg"}],"twitter_card":"summary_large_image","schema":{"@context":"https:\/\/schema.org","@graph":[{"@type":"WebPage","@id":"https:\/\/valika.eu\/en\/toode\/cover-soft-ehitusgeel-7-100g\/","url":"https:\/\/valika.eu\/en\/toode\/cover-soft-ehitusgeel-7-100g\/","name":"Cover SOFT building gel 7-100g | Valika","isPartOf":{"@id":"https:\/\/valika.eu\/en\/#website"},"primaryImageOfPage":{"@id":"https:\/\/valika.eu\/en\/toode\/cover-soft-ehitusgeel-7-100g\/#primaryimage"},"image":{"@id":"https:\/\/valika.eu\/toode\/cover-soft-ehitusgeel-7-100g\/#primaryimage"},"thumbnailUrl":"https:\/\/valika.eu\/wp-content\/uploads\/2024\/11\/COVER_SOFT_LABEL-5.jpg","datePublished":"2024-11-26T09:58:47+00:00","dateModified":"2025-07-02T02:03:21+00:00","description":"Tugevam pol\u00fcmeerideahel tagab geeli parema haarduvuse k\u00fc\u00fcnepinnaga.\u00dchefaasilise keskmise paksusega Ice geeli on v\u00e4ga mugav k\u00fc\u00fcnele kanda ja seda kasutatakse terve k\u00fc\u00fcne \u00fclesehitamiseks. Vajab alla primerit v\u00f5i bonderit (erinevusest palun lugege praimeri kirjelduses).","breadcrumb":{"@id":"https:\/\/valika.eu\/en\/toode\/cover-soft-ehitusgeel-7-100g\/#breadcrumb"},"inLanguage":"en-US","potentialAction":[{"@type":"ReadAction","target":[["https:\/\/valika.eu\/en\/toode\/cover-soft-ehitusgeel-7-100g\/"]]}]},{"@type":"ImageObject","inLanguage":"en-US","@id":"https:\/\/valika.eu\/en\/toode\/cover-soft-ehitusgeel-7-100g\/#primaryimage","url":"https:\/\/valika.eu\/wp-content\/uploads\/2024\/11\/COVER_SOFT_LABEL-5.jpg","contentUrl":"https:\/\/valika.eu\/wp-content\/uploads\/2024\/11\/COVER_SOFT_LABEL-5.jpg","width":800,"height":800},{"@type":"BreadcrumbList","@id":"https:\/\/valika.eu\/en\/toode\/cover-soft-ehitusgeel-7-100g\/#breadcrumb","itemListElement":[{"@type":"ListItem","position":1,"name":"Koti","item":"https:\/\/valika.eu\/en\/"},{"@type":"ListItem","position":2,"name":"Shop","item":"https:\/\/valika.eu\/en\/"},{"@type":"ListItem","position":3,"name":"Cover SOFT building gel 7-100g"}]},{"@type":"WebSite","@id":"https:\/\/valika.eu\/en\/#website","url":"https:\/\/valika.eu\/en\/","name":"Valika.eu","description":"Salon products and beauty products - Valika offers a wide range of products and accessories for nail technicians, beauty salons, hairdressers.","publisher":{"@id":"https:\/\/valika.eu\/en\/#organization"},"alternateName":"Valika","potentialAction":[{"@type":"SearchAction","target":{"@type":"EntryPoint","urlTemplate":"https:\/\/valika.eu\/en\/?s={search_term_string}"},"query-input":{"@type":"PropertyValueSpecification","valueRequired":true,"valueName":"search_term_string"}}],"inLanguage":"en-US"},{"@type":"Organization","@id":"https:\/\/valika.eu\/en\/#organization","name":"Salongitoode O\u00dc","alternateName":"Valika","url":"https:\/\/valika.eu\/en\/","logo":{"@type":"ImageObject","inLanguage":"en-US","@id":"https:\/\/valika.eu\/en\/#\/schema\/logo\/image\/","url":"https:\/\/valika.eu\/wp-content\/uploads\/2023\/11\/logo2-valika-footer.png","contentUrl":"https:\/\/valika.eu\/wp-content\/uploads\/2023\/11\/logo2-valika-footer.png","width":200,"height":129,"caption":"Salongitoode O\u00dc"},"image":{"@id":"https:\/\/valika.eu\/en\/#\/schema\/logo\/image\/"},"sameAs":["https:\/\/www.facebook.com\/tipsi.net"]}]}},"jetpack_sharing_enabled":true,"_links":{"self":[{"href":"https:\/\/valika.eu\/en\/wp-json\/wp\/v2\/product\/10449","targetHints":{"allow":["GET"]}}],"collection":[{"href":"https:\/\/valika.eu\/en\/wp-json\/wp\/v2\/product"}],"about":[{"href":"https:\/\/valika.eu\/en\/wp-json\/wp\/v2\/types\/product"}],"wp:featuredmedia":[{"embeddable":true,"href":"https:\/\/valika.eu\/en\/wp-json\/wp\/v2\/media\/10455"}],"wp:attachment":[{"href":"https:\/\/valika.eu\/en\/wp-json\/wp\/v2\/media?parent=10449"}],"wp:term":[{"taxonomy":"product_brand","embeddable":true,"href":"https:\/\/valika.eu\/en\/wp-json\/wp\/v2\/product_brand?post=10449"},{"taxonomy":"product_cat","embeddable":true,"href":"https:\/\/valika.eu\/en\/wp-json\/wp\/v2\/product_cat?post=10449"},{"taxonomy":"product_tag","embeddable":true,"href":"https:\/\/valika.eu\/en\/wp-json\/wp\/v2\/product_tag?post=10449"}],"curies":[{"name":"wp","href":"https:\/\/api.w.org\/{rel}","templated":true}]}}