{"id":10477,"date":"2024-11-26T12:48:33","date_gmt":"2024-11-26T10:48:33","guid":{"rendered":"https:\/\/valika.eu\/?post_type=product&#038;p=10477"},"modified":"2025-11-28T15:56:34","modified_gmt":"2025-11-28T13:56:34","slug":"cover-light-ehitusgeel-7-100g","status":"publish","type":"product","link":"https:\/\/valika.eu\/en\/toode\/cover-light-ehitusgeel-7-100g\/","title":{"rendered":"Cover Light Camouflage building gel 7-100g"},"content":{"rendered":"<p>Camouflage Gel, Cover Light,<br \/>\nA natural, opaque pink camouflage gel resembling the color of the nail plate.<br \/>\nPerfect for correcting imperfections on the nail plate (camouflage) or extending the nail surface.<br \/>\nCures in a 36 W UV lamp in 3 minutes or in 2 minutes under a modern hybrid LED lamp.<br \/>\nFor the best shine, we recommend applying a top shine gel as the final layer.<\/p>\n<p>Apply over a base gel or builder gel in two layers.<\/p>","protected":false},"excerpt":{"rendered":"<p>Medium-thick. Does not burn.<br \/>\nGood adhesion. Flexible.<\/p>\n","protected":false},"featured_media":17794,"template":"","meta":[],"product_brand":[],"product_cat":[74],"product_tag":[],"class_list":{"0":"post-10477","1":"product","2":"type-product","3":"status-publish","4":"has-post-thumbnail","6":"product_cat-affinity","8":"first","9":"instock","10":"taxable","11":"shipping-taxable","12":"purchasable","13":"product-type-variable"},"yoast_head":"<!-- This site is optimized with the Yoast SEO plugin v24.4 - https:\/\/yoast.com\/wordpress\/plugins\/seo\/ -->\n<title>Cover Light Camouflage building gel 7-100g | Valika<\/title>\n<meta name=\"description\" content=\"Tugevam pol\u00fcmeerideahel tagab geeli parema haarduvuse k\u00fc\u00fcnepinnaga.\u00dchefaasilise keskmise paksusega Ice geeli on v\u00e4ga mugav k\u00fc\u00fcnele kanda ja seda kasutatakse terve k\u00fc\u00fcne \u00fclesehitamiseks. Vajab alla primerit v\u00f5i bonderit (erinevusest palun lugege praimeri kirjelduses).\" \/>\n<meta name=\"robots\" content=\"index, follow, max-snippet:-1, max-image-preview:large, max-video-preview:-1\" \/>\n<link rel=\"canonical\" href=\"https:\/\/valika.eu\/en\/toode\/cover-light-ehitusgeel-7-100g\/\" \/>\n<meta property=\"og:locale\" content=\"en_US\" \/>\n<meta property=\"og:type\" content=\"article\" \/>\n<meta property=\"og:title\" content=\"Cover Light Camouflage building gel 7-100g | Valika\" \/>\n<meta property=\"og:description\" content=\"Tugevam pol\u00fcmeerideahel tagab geeli parema haarduvuse k\u00fc\u00fcnepinnaga.\u00dchefaasilise keskmise paksusega Ice geeli on v\u00e4ga mugav k\u00fc\u00fcnele kanda ja seda kasutatakse terve k\u00fc\u00fcne \u00fclesehitamiseks. Vajab alla primerit v\u00f5i bonderit (erinevusest palun lugege praimeri kirjelduses).\" \/>\n<meta property=\"og:url\" content=\"https:\/\/valika.eu\/en\/toode\/cover-light-ehitusgeel-7-100g\/\" \/>\n<meta property=\"og:site_name\" content=\"Valika\" \/>\n<meta property=\"article:publisher\" content=\"https:\/\/www.facebook.com\/tipsi.net\" \/>\n<meta property=\"article:modified_time\" content=\"2025-11-28T13:56:34+00:00\" \/>\n<meta property=\"og:image\" content=\"https:\/\/valika.eu\/wp-content\/uploads\/2025\/11\/D5A3FDA4-CDFE-4E7E-88C6-DA3963BB3115.jpg\" \/>\n\t<meta property=\"og:image:width\" content=\"1179\" \/>\n\t<meta property=\"og:image:height\" content=\"2096\" \/>\n\t<meta property=\"og:image:type\" content=\"image\/jpeg\" \/>\n<meta name=\"twitter:card\" content=\"summary_large_image\" \/>\n<script type=\"application\/ld+json\" class=\"yoast-schema-graph\">{\"@context\":\"https:\/\/schema.org\",\"@graph\":[{\"@type\":\"WebPage\",\"@id\":\"https:\/\/valika.eu\/en\/toode\/cover-light-ehitusgeel-7-100g\/\",\"url\":\"https:\/\/valika.eu\/en\/toode\/cover-light-ehitusgeel-7-100g\/\",\"name\":\"Cover Light Camouflage building gel 7-100g | Valika\",\"isPartOf\":{\"@id\":\"https:\/\/valika.eu\/en\/#website\"},\"primaryImageOfPage\":{\"@id\":\"https:\/\/valika.eu\/en\/toode\/cover-light-ehitusgeel-7-100g\/#primaryimage\"},\"image\":{\"@id\":\"https:\/\/valika.eu\/toode\/cover-light-ehitusgeel-7-100g\/#primaryimage\"},\"thumbnailUrl\":\"https:\/\/valika.eu\/wp-content\/uploads\/2025\/11\/D5A3FDA4-CDFE-4E7E-88C6-DA3963BB3115.jpg\",\"datePublished\":\"2024-11-26T10:48:33+00:00\",\"dateModified\":\"2025-11-28T13:56:34+00:00\",\"description\":\"Tugevam pol\u00fcmeerideahel tagab geeli parema haarduvuse k\u00fc\u00fcnepinnaga.\u00dchefaasilise keskmise paksusega Ice geeli on v\u00e4ga mugav k\u00fc\u00fcnele kanda ja seda kasutatakse terve k\u00fc\u00fcne \u00fclesehitamiseks. Vajab alla primerit v\u00f5i bonderit (erinevusest palun lugege praimeri kirjelduses).\",\"breadcrumb\":{\"@id\":\"https:\/\/valika.eu\/en\/toode\/cover-light-ehitusgeel-7-100g\/#breadcrumb\"},\"inLanguage\":\"en-US\",\"potentialAction\":[{\"@type\":\"ReadAction\",\"target\":[[\"https:\/\/valika.eu\/en\/toode\/cover-light-ehitusgeel-7-100g\/\"]]}]},{\"@type\":\"ImageObject\",\"inLanguage\":\"en-US\",\"@id\":\"https:\/\/valika.eu\/en\/toode\/cover-light-ehitusgeel-7-100g\/#primaryimage\",\"url\":\"https:\/\/valika.eu\/wp-content\/uploads\/2025\/11\/D5A3FDA4-CDFE-4E7E-88C6-DA3963BB3115.jpg\",\"contentUrl\":\"https:\/\/valika.eu\/wp-content\/uploads\/2025\/11\/D5A3FDA4-CDFE-4E7E-88C6-DA3963BB3115.jpg\",\"width\":1179,\"height\":2096},{\"@type\":\"BreadcrumbList\",\"@id\":\"https:\/\/valika.eu\/en\/toode\/cover-light-ehitusgeel-7-100g\/#breadcrumb\",\"itemListElement\":[{\"@type\":\"ListItem\",\"position\":1,\"name\":\"Koti\",\"item\":\"https:\/\/valika.eu\/en\/\"},{\"@type\":\"ListItem\",\"position\":2,\"name\":\"Shop\",\"item\":\"https:\/\/valika.eu\/en\/\"},{\"@type\":\"ListItem\",\"position\":3,\"name\":\"Cover Light ehitusgeel. 7-100g\"}]},{\"@type\":\"WebSite\",\"@id\":\"https:\/\/valika.eu\/en\/#website\",\"url\":\"https:\/\/valika.eu\/en\/\",\"name\":\"Valika.eu\",\"description\":\"Salon products and beauty products - Valika offers a wide range of products and accessories for nail technicians, beauty salons, hairdressers.\",\"publisher\":{\"@id\":\"https:\/\/valika.eu\/en\/#organization\"},\"alternateName\":\"Valika\",\"potentialAction\":[{\"@type\":\"SearchAction\",\"target\":{\"@type\":\"EntryPoint\",\"urlTemplate\":\"https:\/\/valika.eu\/en\/?s={search_term_string}\"},\"query-input\":{\"@type\":\"PropertyValueSpecification\",\"valueRequired\":true,\"valueName\":\"search_term_string\"}}],\"inLanguage\":\"en-US\"},{\"@type\":\"Organization\",\"@id\":\"https:\/\/valika.eu\/en\/#organization\",\"name\":\"Salongitoode O\u00dc\",\"alternateName\":\"Valika\",\"url\":\"https:\/\/valika.eu\/en\/\",\"logo\":{\"@type\":\"ImageObject\",\"inLanguage\":\"en-US\",\"@id\":\"https:\/\/valika.eu\/en\/#\/schema\/logo\/image\/\",\"url\":\"https:\/\/valika.eu\/wp-content\/uploads\/2023\/11\/logo2-valika-footer.png\",\"contentUrl\":\"https:\/\/valika.eu\/wp-content\/uploads\/2023\/11\/logo2-valika-footer.png\",\"width\":200,\"height\":129,\"caption\":\"Salongitoode O\u00dc\"},\"image\":{\"@id\":\"https:\/\/valika.eu\/en\/#\/schema\/logo\/image\/\"},\"sameAs\":[\"https:\/\/www.facebook.com\/tipsi.net\"]}]}<\/script>\n<!-- \/ Yoast SEO plugin. -->","yoast_head_json":{"title":"Cover Light Camouflage building gel 7-100g | Valika","description":"Tugevam pol\u00fcmeerideahel tagab geeli parema haarduvuse k\u00fc\u00fcnepinnaga.\u00dchefaasilise keskmise paksusega Ice geeli on v\u00e4ga mugav k\u00fc\u00fcnele kanda ja seda kasutatakse terve k\u00fc\u00fcne \u00fclesehitamiseks. Vajab alla primerit v\u00f5i bonderit (erinevusest palun lugege praimeri kirjelduses).","robots":{"index":"index","follow":"follow","max-snippet":"max-snippet:-1","max-image-preview":"max-image-preview:large","max-video-preview":"max-video-preview:-1"},"canonical":"https:\/\/valika.eu\/en\/toode\/cover-light-ehitusgeel-7-100g\/","og_locale":"en_US","og_type":"article","og_title":"Cover Light Camouflage building gel 7-100g | Valika","og_description":"Tugevam pol\u00fcmeerideahel tagab geeli parema haarduvuse k\u00fc\u00fcnepinnaga.\u00dchefaasilise keskmise paksusega Ice geeli on v\u00e4ga mugav k\u00fc\u00fcnele kanda ja seda kasutatakse terve k\u00fc\u00fcne \u00fclesehitamiseks. Vajab alla primerit v\u00f5i bonderit (erinevusest palun lugege praimeri kirjelduses).","og_url":"https:\/\/valika.eu\/en\/toode\/cover-light-ehitusgeel-7-100g\/","og_site_name":"Valika","article_publisher":"https:\/\/www.facebook.com\/tipsi.net","article_modified_time":"2025-11-28T13:56:34+00:00","og_image":[{"width":1179,"height":2096,"url":"https:\/\/valika.eu\/wp-content\/uploads\/2025\/11\/D5A3FDA4-CDFE-4E7E-88C6-DA3963BB3115.jpg","type":"image\/jpeg"}],"twitter_card":"summary_large_image","schema":{"@context":"https:\/\/schema.org","@graph":[{"@type":"WebPage","@id":"https:\/\/valika.eu\/en\/toode\/cover-light-ehitusgeel-7-100g\/","url":"https:\/\/valika.eu\/en\/toode\/cover-light-ehitusgeel-7-100g\/","name":"Cover Light Camouflage building gel 7-100g | Valika","isPartOf":{"@id":"https:\/\/valika.eu\/en\/#website"},"primaryImageOfPage":{"@id":"https:\/\/valika.eu\/en\/toode\/cover-light-ehitusgeel-7-100g\/#primaryimage"},"image":{"@id":"https:\/\/valika.eu\/toode\/cover-light-ehitusgeel-7-100g\/#primaryimage"},"thumbnailUrl":"https:\/\/valika.eu\/wp-content\/uploads\/2025\/11\/D5A3FDA4-CDFE-4E7E-88C6-DA3963BB3115.jpg","datePublished":"2024-11-26T10:48:33+00:00","dateModified":"2025-11-28T13:56:34+00:00","description":"Tugevam pol\u00fcmeerideahel tagab geeli parema haarduvuse k\u00fc\u00fcnepinnaga.\u00dchefaasilise keskmise paksusega Ice geeli on v\u00e4ga mugav k\u00fc\u00fcnele kanda ja seda kasutatakse terve k\u00fc\u00fcne \u00fclesehitamiseks. Vajab alla primerit v\u00f5i bonderit (erinevusest palun lugege praimeri kirjelduses).","breadcrumb":{"@id":"https:\/\/valika.eu\/en\/toode\/cover-light-ehitusgeel-7-100g\/#breadcrumb"},"inLanguage":"en-US","potentialAction":[{"@type":"ReadAction","target":[["https:\/\/valika.eu\/en\/toode\/cover-light-ehitusgeel-7-100g\/"]]}]},{"@type":"ImageObject","inLanguage":"en-US","@id":"https:\/\/valika.eu\/en\/toode\/cover-light-ehitusgeel-7-100g\/#primaryimage","url":"https:\/\/valika.eu\/wp-content\/uploads\/2025\/11\/D5A3FDA4-CDFE-4E7E-88C6-DA3963BB3115.jpg","contentUrl":"https:\/\/valika.eu\/wp-content\/uploads\/2025\/11\/D5A3FDA4-CDFE-4E7E-88C6-DA3963BB3115.jpg","width":1179,"height":2096},{"@type":"BreadcrumbList","@id":"https:\/\/valika.eu\/en\/toode\/cover-light-ehitusgeel-7-100g\/#breadcrumb","itemListElement":[{"@type":"ListItem","position":1,"name":"Koti","item":"https:\/\/valika.eu\/en\/"},{"@type":"ListItem","position":2,"name":"Shop","item":"https:\/\/valika.eu\/en\/"},{"@type":"ListItem","position":3,"name":"Cover Light ehitusgeel. 7-100g"}]},{"@type":"WebSite","@id":"https:\/\/valika.eu\/en\/#website","url":"https:\/\/valika.eu\/en\/","name":"Valika.eu","description":"Salon products and beauty products - Valika offers a wide range of products and accessories for nail technicians, beauty salons, hairdressers.","publisher":{"@id":"https:\/\/valika.eu\/en\/#organization"},"alternateName":"Valika","potentialAction":[{"@type":"SearchAction","target":{"@type":"EntryPoint","urlTemplate":"https:\/\/valika.eu\/en\/?s={search_term_string}"},"query-input":{"@type":"PropertyValueSpecification","valueRequired":true,"valueName":"search_term_string"}}],"inLanguage":"en-US"},{"@type":"Organization","@id":"https:\/\/valika.eu\/en\/#organization","name":"Salongitoode O\u00dc","alternateName":"Valika","url":"https:\/\/valika.eu\/en\/","logo":{"@type":"ImageObject","inLanguage":"en-US","@id":"https:\/\/valika.eu\/en\/#\/schema\/logo\/image\/","url":"https:\/\/valika.eu\/wp-content\/uploads\/2023\/11\/logo2-valika-footer.png","contentUrl":"https:\/\/valika.eu\/wp-content\/uploads\/2023\/11\/logo2-valika-footer.png","width":200,"height":129,"caption":"Salongitoode O\u00dc"},"image":{"@id":"https:\/\/valika.eu\/en\/#\/schema\/logo\/image\/"},"sameAs":["https:\/\/www.facebook.com\/tipsi.net"]}]}},"jetpack_sharing_enabled":true,"_links":{"self":[{"href":"https:\/\/valika.eu\/en\/wp-json\/wp\/v2\/product\/10477","targetHints":{"allow":["GET"]}}],"collection":[{"href":"https:\/\/valika.eu\/en\/wp-json\/wp\/v2\/product"}],"about":[{"href":"https:\/\/valika.eu\/en\/wp-json\/wp\/v2\/types\/product"}],"wp:featuredmedia":[{"embeddable":true,"href":"https:\/\/valika.eu\/en\/wp-json\/wp\/v2\/media\/17794"}],"wp:attachment":[{"href":"https:\/\/valika.eu\/en\/wp-json\/wp\/v2\/media?parent=10477"}],"wp:term":[{"taxonomy":"product_brand","embeddable":true,"href":"https:\/\/valika.eu\/en\/wp-json\/wp\/v2\/product_brand?post=10477"},{"taxonomy":"product_cat","embeddable":true,"href":"https:\/\/valika.eu\/en\/wp-json\/wp\/v2\/product_cat?post=10477"},{"taxonomy":"product_tag","embeddable":true,"href":"https:\/\/valika.eu\/en\/wp-json\/wp\/v2\/product_tag?post=10477"}],"curies":[{"name":"wp","href":"https:\/\/api.w.org\/{rel}","templated":true}]}}