{"id":1064,"date":"2024-09-26T14:49:42","date_gmt":"2024-09-26T11:49:42","guid":{"rendered":"https:\/\/valika.eu\/?post_type=product&#038;p=1064"},"modified":"2025-10-27T15:46:58","modified_gmt":"2025-10-27T13:46:58","slug":"kosmeetiku-meigi-ripsmetehnikulamp","status":"publish","type":"product","link":"https:\/\/valika.eu\/en\/toode\/kosmeetiku-meigi-ripsmetehnikulamp\/","title":{"rendered":"Cosmetologist, &#8211; make-up, &#8211; eyelash technician lamp"},"content":{"rendered":"<p>Lamp POLLUKS IV is the best tool for professionals who specialize in make-up, eyelash application, hairdressers, tattoos, as well as taking photos and videos.<\/p>","protected":false},"excerpt":{"rendered":"<p>Lamp POLLUKS IV is the best tool for professionals who specialize in make-up, eyelash application, hairdressers, tattoos, as well as taking photos and videos.<\/p>\n","protected":false},"featured_media":1069,"template":"","meta":[],"product_brand":[],"product_cat":[24,343],"product_tag":[],"class_list":{"0":"post-1064","1":"product","2":"type-product","3":"status-publish","4":"has-post-thumbnail","6":"product_cat-ilusalongimoobel","7":"product_cat-luuplambid-ja-lambid","9":"first","10":"instock","11":"taxable","12":"shipping-taxable","13":"purchasable","14":"product-type-simple"},"yoast_head":"<!-- This site is optimized with the Yoast SEO plugin v24.4 - https:\/\/yoast.com\/wordpress\/plugins\/seo\/ -->\n<title>Cosmetologist, - make-up, - eyelash technician lamp | Valika<\/title>\n<meta name=\"description\" content=\"Lamp POLLUKS IV on parim t\u00f6\u00f6riist professionaalidele, kes on spetsialiseerunud jumestamisele, ripsmete paigaldamisele, juuksuritele, t\u00e4toveeringutele ning ka fotode ja videote tegemisele.\" \/>\n<meta name=\"robots\" content=\"index, follow, max-snippet:-1, max-image-preview:large, max-video-preview:-1\" \/>\n<link rel=\"canonical\" href=\"https:\/\/valika.eu\/en\/toode\/kosmeetiku-meigi-ripsmetehnikulamp\/\" \/>\n<meta property=\"og:locale\" content=\"en_US\" \/>\n<meta property=\"og:type\" content=\"article\" \/>\n<meta property=\"og:title\" content=\"Cosmetologist, - make-up, - eyelash technician lamp | Valika\" \/>\n<meta property=\"og:description\" content=\"Lamp POLLUKS IV on parim t\u00f6\u00f6riist professionaalidele, kes on spetsialiseerunud jumestamisele, ripsmete paigaldamisele, juuksuritele, t\u00e4toveeringutele ning ka fotode ja videote tegemisele.\" \/>\n<meta property=\"og:url\" content=\"https:\/\/valika.eu\/en\/toode\/kosmeetiku-meigi-ripsmetehnikulamp\/\" \/>\n<meta property=\"og:site_name\" content=\"Valika\" \/>\n<meta property=\"article:publisher\" content=\"https:\/\/www.facebook.com\/tipsi.net\" \/>\n<meta property=\"article:modified_time\" content=\"2025-10-27T13:46:58+00:00\" \/>\n<meta property=\"og:image\" content=\"https:\/\/valika.eu\/wp-content\/uploads\/2024\/09\/126603_03_2605.webp\" \/>\n\t<meta property=\"og:image:width\" content=\"800\" \/>\n\t<meta property=\"og:image:height\" content=\"800\" \/>\n\t<meta property=\"og:image:type\" content=\"image\/webp\" \/>\n<meta name=\"twitter:card\" content=\"summary_large_image\" \/>\n<script type=\"application\/ld+json\" class=\"yoast-schema-graph\">{\"@context\":\"https:\/\/schema.org\",\"@graph\":[{\"@type\":\"WebPage\",\"@id\":\"https:\/\/valika.eu\/en\/toode\/kosmeetiku-meigi-ripsmetehnikulamp\/\",\"url\":\"https:\/\/valika.eu\/en\/toode\/kosmeetiku-meigi-ripsmetehnikulamp\/\",\"name\":\"Cosmetologist, - make-up, - eyelash technician lamp | Valika\",\"isPartOf\":{\"@id\":\"https:\/\/valika.eu\/en\/#website\"},\"primaryImageOfPage\":{\"@id\":\"https:\/\/valika.eu\/en\/toode\/kosmeetiku-meigi-ripsmetehnikulamp\/#primaryimage\"},\"image\":{\"@id\":\"https:\/\/valika.eu\/toode\/kosmeetiku-meigi-ripsmetehnikulamp\/#primaryimage\"},\"thumbnailUrl\":\"https:\/\/valika.eu\/wp-content\/uploads\/2024\/09\/126603_03_2605.webp\",\"datePublished\":\"2024-09-26T11:49:42+00:00\",\"dateModified\":\"2025-10-27T13:46:58+00:00\",\"description\":\"Lamp POLLUKS IV on parim t\u00f6\u00f6riist professionaalidele, kes on spetsialiseerunud jumestamisele, ripsmete paigaldamisele, juuksuritele, t\u00e4toveeringutele ning ka fotode ja videote tegemisele.\",\"breadcrumb\":{\"@id\":\"https:\/\/valika.eu\/en\/toode\/kosmeetiku-meigi-ripsmetehnikulamp\/#breadcrumb\"},\"inLanguage\":\"en-US\",\"potentialAction\":[{\"@type\":\"ReadAction\",\"target\":[[\"https:\/\/valika.eu\/en\/toode\/kosmeetiku-meigi-ripsmetehnikulamp\/\"]]}]},{\"@type\":\"ImageObject\",\"inLanguage\":\"en-US\",\"@id\":\"https:\/\/valika.eu\/en\/toode\/kosmeetiku-meigi-ripsmetehnikulamp\/#primaryimage\",\"url\":\"https:\/\/valika.eu\/wp-content\/uploads\/2024\/09\/126603_03_2605.webp\",\"contentUrl\":\"https:\/\/valika.eu\/wp-content\/uploads\/2024\/09\/126603_03_2605.webp\",\"width\":800,\"height\":800},{\"@type\":\"BreadcrumbList\",\"@id\":\"https:\/\/valika.eu\/en\/toode\/kosmeetiku-meigi-ripsmetehnikulamp\/#breadcrumb\",\"itemListElement\":[{\"@type\":\"ListItem\",\"position\":1,\"name\":\"Koti\",\"item\":\"https:\/\/valika.eu\/en\/\"},{\"@type\":\"ListItem\",\"position\":2,\"name\":\"Shop\",\"item\":\"https:\/\/valika.eu\/en\/\"},{\"@type\":\"ListItem\",\"position\":3,\"name\":\"Kosmeetiku,- meigi,- ripsmetehnikulamp\"}]},{\"@type\":\"WebSite\",\"@id\":\"https:\/\/valika.eu\/en\/#website\",\"url\":\"https:\/\/valika.eu\/en\/\",\"name\":\"Valika.eu\",\"description\":\"Salon products and beauty products - Valika offers a wide range of products and accessories for nail technicians, beauty salons, hairdressers.\",\"publisher\":{\"@id\":\"https:\/\/valika.eu\/en\/#organization\"},\"alternateName\":\"Valika\",\"potentialAction\":[{\"@type\":\"SearchAction\",\"target\":{\"@type\":\"EntryPoint\",\"urlTemplate\":\"https:\/\/valika.eu\/en\/?s={search_term_string}\"},\"query-input\":{\"@type\":\"PropertyValueSpecification\",\"valueRequired\":true,\"valueName\":\"search_term_string\"}}],\"inLanguage\":\"en-US\"},{\"@type\":\"Organization\",\"@id\":\"https:\/\/valika.eu\/en\/#organization\",\"name\":\"Salongitoode O\u00dc\",\"alternateName\":\"Valika\",\"url\":\"https:\/\/valika.eu\/en\/\",\"logo\":{\"@type\":\"ImageObject\",\"inLanguage\":\"en-US\",\"@id\":\"https:\/\/valika.eu\/en\/#\/schema\/logo\/image\/\",\"url\":\"https:\/\/valika.eu\/wp-content\/uploads\/2023\/11\/logo2-valika-footer.png\",\"contentUrl\":\"https:\/\/valika.eu\/wp-content\/uploads\/2023\/11\/logo2-valika-footer.png\",\"width\":200,\"height\":129,\"caption\":\"Salongitoode O\u00dc\"},\"image\":{\"@id\":\"https:\/\/valika.eu\/en\/#\/schema\/logo\/image\/\"},\"sameAs\":[\"https:\/\/www.facebook.com\/tipsi.net\"]}]}<\/script>\n<!-- \/ Yoast SEO plugin. -->","yoast_head_json":{"title":"Cosmetologist, - make-up, - eyelash technician lamp | Valika","description":"Lamp POLLUKS IV on parim t\u00f6\u00f6riist professionaalidele, kes on spetsialiseerunud jumestamisele, ripsmete paigaldamisele, juuksuritele, t\u00e4toveeringutele ning ka fotode ja videote tegemisele.","robots":{"index":"index","follow":"follow","max-snippet":"max-snippet:-1","max-image-preview":"max-image-preview:large","max-video-preview":"max-video-preview:-1"},"canonical":"https:\/\/valika.eu\/en\/toode\/kosmeetiku-meigi-ripsmetehnikulamp\/","og_locale":"en_US","og_type":"article","og_title":"Cosmetologist, - make-up, - eyelash technician lamp | Valika","og_description":"Lamp POLLUKS IV on parim t\u00f6\u00f6riist professionaalidele, kes on spetsialiseerunud jumestamisele, ripsmete paigaldamisele, juuksuritele, t\u00e4toveeringutele ning ka fotode ja videote tegemisele.","og_url":"https:\/\/valika.eu\/en\/toode\/kosmeetiku-meigi-ripsmetehnikulamp\/","og_site_name":"Valika","article_publisher":"https:\/\/www.facebook.com\/tipsi.net","article_modified_time":"2025-10-27T13:46:58+00:00","og_image":[{"width":800,"height":800,"url":"https:\/\/valika.eu\/wp-content\/uploads\/2024\/09\/126603_03_2605.webp","type":"image\/webp"}],"twitter_card":"summary_large_image","schema":{"@context":"https:\/\/schema.org","@graph":[{"@type":"WebPage","@id":"https:\/\/valika.eu\/en\/toode\/kosmeetiku-meigi-ripsmetehnikulamp\/","url":"https:\/\/valika.eu\/en\/toode\/kosmeetiku-meigi-ripsmetehnikulamp\/","name":"Cosmetologist, - make-up, - eyelash technician lamp | Valika","isPartOf":{"@id":"https:\/\/valika.eu\/en\/#website"},"primaryImageOfPage":{"@id":"https:\/\/valika.eu\/en\/toode\/kosmeetiku-meigi-ripsmetehnikulamp\/#primaryimage"},"image":{"@id":"https:\/\/valika.eu\/toode\/kosmeetiku-meigi-ripsmetehnikulamp\/#primaryimage"},"thumbnailUrl":"https:\/\/valika.eu\/wp-content\/uploads\/2024\/09\/126603_03_2605.webp","datePublished":"2024-09-26T11:49:42+00:00","dateModified":"2025-10-27T13:46:58+00:00","description":"Lamp POLLUKS IV on parim t\u00f6\u00f6riist professionaalidele, kes on spetsialiseerunud jumestamisele, ripsmete paigaldamisele, juuksuritele, t\u00e4toveeringutele ning ka fotode ja videote tegemisele.","breadcrumb":{"@id":"https:\/\/valika.eu\/en\/toode\/kosmeetiku-meigi-ripsmetehnikulamp\/#breadcrumb"},"inLanguage":"en-US","potentialAction":[{"@type":"ReadAction","target":[["https:\/\/valika.eu\/en\/toode\/kosmeetiku-meigi-ripsmetehnikulamp\/"]]}]},{"@type":"ImageObject","inLanguage":"en-US","@id":"https:\/\/valika.eu\/en\/toode\/kosmeetiku-meigi-ripsmetehnikulamp\/#primaryimage","url":"https:\/\/valika.eu\/wp-content\/uploads\/2024\/09\/126603_03_2605.webp","contentUrl":"https:\/\/valika.eu\/wp-content\/uploads\/2024\/09\/126603_03_2605.webp","width":800,"height":800},{"@type":"BreadcrumbList","@id":"https:\/\/valika.eu\/en\/toode\/kosmeetiku-meigi-ripsmetehnikulamp\/#breadcrumb","itemListElement":[{"@type":"ListItem","position":1,"name":"Koti","item":"https:\/\/valika.eu\/en\/"},{"@type":"ListItem","position":2,"name":"Shop","item":"https:\/\/valika.eu\/en\/"},{"@type":"ListItem","position":3,"name":"Kosmeetiku,- meigi,- ripsmetehnikulamp"}]},{"@type":"WebSite","@id":"https:\/\/valika.eu\/en\/#website","url":"https:\/\/valika.eu\/en\/","name":"Valika.eu","description":"Salon products and beauty products - Valika offers a wide range of products and accessories for nail technicians, beauty salons, hairdressers.","publisher":{"@id":"https:\/\/valika.eu\/en\/#organization"},"alternateName":"Valika","potentialAction":[{"@type":"SearchAction","target":{"@type":"EntryPoint","urlTemplate":"https:\/\/valika.eu\/en\/?s={search_term_string}"},"query-input":{"@type":"PropertyValueSpecification","valueRequired":true,"valueName":"search_term_string"}}],"inLanguage":"en-US"},{"@type":"Organization","@id":"https:\/\/valika.eu\/en\/#organization","name":"Salongitoode O\u00dc","alternateName":"Valika","url":"https:\/\/valika.eu\/en\/","logo":{"@type":"ImageObject","inLanguage":"en-US","@id":"https:\/\/valika.eu\/en\/#\/schema\/logo\/image\/","url":"https:\/\/valika.eu\/wp-content\/uploads\/2023\/11\/logo2-valika-footer.png","contentUrl":"https:\/\/valika.eu\/wp-content\/uploads\/2023\/11\/logo2-valika-footer.png","width":200,"height":129,"caption":"Salongitoode O\u00dc"},"image":{"@id":"https:\/\/valika.eu\/en\/#\/schema\/logo\/image\/"},"sameAs":["https:\/\/www.facebook.com\/tipsi.net"]}]}},"jetpack_sharing_enabled":true,"_links":{"self":[{"href":"https:\/\/valika.eu\/en\/wp-json\/wp\/v2\/product\/1064","targetHints":{"allow":["GET"]}}],"collection":[{"href":"https:\/\/valika.eu\/en\/wp-json\/wp\/v2\/product"}],"about":[{"href":"https:\/\/valika.eu\/en\/wp-json\/wp\/v2\/types\/product"}],"wp:featuredmedia":[{"embeddable":true,"href":"https:\/\/valika.eu\/en\/wp-json\/wp\/v2\/media\/1069"}],"wp:attachment":[{"href":"https:\/\/valika.eu\/en\/wp-json\/wp\/v2\/media?parent=1064"}],"wp:term":[{"taxonomy":"product_brand","embeddable":true,"href":"https:\/\/valika.eu\/en\/wp-json\/wp\/v2\/product_brand?post=1064"},{"taxonomy":"product_cat","embeddable":true,"href":"https:\/\/valika.eu\/en\/wp-json\/wp\/v2\/product_cat?post=1064"},{"taxonomy":"product_tag","embeddable":true,"href":"https:\/\/valika.eu\/en\/wp-json\/wp\/v2\/product_tag?post=1064"}],"curies":[{"name":"wp","href":"https:\/\/api.w.org\/{rel}","templated":true}]}}