{"id":11167,"date":"2025-01-09T06:14:09","date_gmt":"2025-01-09T04:14:09","guid":{"rendered":"https:\/\/valika.eu\/toode\/claresa-ripsme-ja-kulmuseerum-kastooroliga-good-oil\/"},"modified":"2025-07-17T14:59:15","modified_gmt":"2025-07-17T11:59:15","slug":"claresa-ripsme-ja-kulmuseerum-kastooroliga-good-oil","status":"publish","type":"product","link":"https:\/\/valika.eu\/en\/toode\/claresa-ripsme-ja-kulmuseerum-kastooroliga-good-oil\/","title":{"rendered":"Claresa oil serum for eyelashes and eyebrows with castor oil GO(O)D OIL!"},"content":{"rendered":"<p class=\"qtranxs-available-languages-message qtranxs-available-languages-message-en\">Sorry, this entry is only available in <a href=\"https:\/\/valika.eu\/et\/wp-json\/wp\/v2\/product\/11167\" class=\"qtranxs-available-language-link qtranxs-available-language-link-et\" title=\"Eesti\">Eesti<\/a> and <a href=\"https:\/\/valika.eu\/ru\/wp-json\/wp\/v2\/product\/11167\" class=\"qtranxs-available-language-link qtranxs-available-language-link-ru\" title=\"\u0420\u0443\u0441\u0441\u043a\u0438\u0439\">\u0420\u0443\u0441\u0441\u043a\u0438\u0439<\/a>.<\/p><p><strong>GO(O)D OIL! <\/strong><\/p>\n<p><strong>\u00d5liseerum ripsmetele ja kulmudele <\/strong><\/p>\n<p>Avasta hooldava seerumi <strong>GO(O)D OIL! <\/strong>j\u00f5ud ripsmetele ja kulmudele! Innovaatiline, veganvalem on rikkalikult t\u00e4idetud kasulike \u00f5lide kompleksiga: kastoor\u00f5li, argaania\u00f5li ja p\u00e4evalilleseemne\u00f5li ning E-vitamiini atsetaat, mis on tugev antioks\u00fcdant. \u00d5li, mida kasutatakse s\u00fcstemaatiliselt, taastab, hooldab ja tugevdab ripsmete ja kulmude karvu, muutes need elastsemaks, toidetumaks ja tihedamaks. Spetsiaalne harjake h\u00f5lbustab seerumi pealekandmist juurtest otsteni.<\/p>\n<p><strong>HUVI<\/strong><\/p>\n<p>Veganvalem, mis on rikkalikult t\u00e4idetud kasulike taimsete \u00f5lide kompleksiga, koosneb: kastoor\u00f5list, mis toidab ja silub karvu ning stimuleerib nende kasvu; argaania\u00f5list, mis hooldab ja tugevdab ripsmete ja kulmude karvu juurtest otsteni; p\u00e4evalilleseemne\u00f5list, mis toimib taastavalt ja niisutavalt. Koostises sisalduv E-vitamiini atsetaat on tugev antioks\u00fcdant, mis loob kaitsebarj\u00e4\u00e4ri kahjulike v\u00e4listegurite eest.<\/p>\n<p><strong>RAKENDUS<\/strong><\/p>\n<p>Kanna seerum mugava harjaga juurtest otsteni kulmude ja ripsmete karvadele. Toodet ei saa \u00f5lise valemi t\u00f5ttu kasutada pikendatud ripsmetel.<\/p>\n<p><strong>MEIGIKUNSTNIKE NIPP<\/strong><\/p>\n<p>Kasutage regulaarselt, j\u00e4ttes \u00f5lise seerumi terveks \u00f6\u00f6ks peale ja nautige ilusaid, toidetud ripsmete ja kulmude karvu!<\/p>\n<p><img loading=\"lazy\" decoding=\"async\" src=\"\/userdata\/public\/assets\/\/Claresa-Serum-olejowe-pod-oczy-baner-B-min.jpg\" alt=\"\u00f5liseerum ripsmetele ja kulmudele\" width=\"720\" height=\"360\" \/><\/p>\n<blockquote class=\"instagram-media\" style=\"background: #FFF;border: 0;border-radius: 3px;margin: 1px;max-width: 540px;min-width: 326px;padding: 0;width: calc(100% - 2px)\" data-instgrm-permalink=\"https:\/\/www.instagram.com\/reel\/CckNVyVpoxn\/?utm_source=ig_embed&amp;utm_campaign=loading\" data-instgrm-version=\"14\">\n<div style=\"padding: 16px\">\n<div style=\"display: flex;flex-direction: row;align-items: center\"><\/div>\n<div style=\"padding: 19% 0\"><\/div>\n<div style=\"display: block;height: 50px;margin: 0 auto 12px;width: 50px\"><\/div>\n<div style=\"padding-top: 8px\">\n<div style=\"color: #3897f0;font-family: Arial,sans-serif;font-size: 14px;font-style: normal;font-weight: 550;line-height: 18px\">Vaata seda postitust Instagramis<\/div>\n<\/div>\n<p hidden=\"\">\n<\/div>\n<\/blockquote>\n<p>","protected":false},"excerpt":{"rendered":"<p>Sorry, this entry is only available in Eesti and \u0420\u0443\u0441\u0441\u043a\u0438\u0439.GO(O)D OIL! \u00d5liseerum ripsmetele ja kulmudele Avasta hooldava seerumi GO(O)D OIL!<\/p>\n","protected":false},"featured_media":11166,"template":"","meta":[],"product_brand":[],"product_cat":[673],"product_tag":[],"class_list":{"0":"post-11167","1":"product","2":"type-product","3":"status-publish","4":"has-post-thumbnail","6":"product_cat-eyelash-and-eyebrow-serum","8":"first","9":"instock","10":"taxable","11":"shipping-taxable","12":"purchasable","13":"product-type-simple"},"yoast_head":"<!-- This site is optimized with the Yoast SEO plugin v24.4 - https:\/\/yoast.com\/wordpress\/plugins\/seo\/ -->\n<title>Claresa oil serum for eyelashes and eyebrows with castor oil GO(O)D OIL! | Valika<\/title>\n<meta name=\"robots\" content=\"index, follow, max-snippet:-1, max-image-preview:large, max-video-preview:-1\" \/>\n<link rel=\"canonical\" href=\"https:\/\/valika.eu\/en\/toode\/claresa-ripsme-ja-kulmuseerum-kastooroliga-good-oil\/\" \/>\n<meta property=\"og:locale\" content=\"en_US\" \/>\n<meta property=\"og:type\" content=\"article\" \/>\n<meta property=\"og:title\" content=\"Claresa oil serum for eyelashes and eyebrows with castor oil GO(O)D OIL! | Valika\" \/>\n<meta property=\"og:description\" content=\"Sorry, this entry is only available in Eesti and \u0420\u0443\u0441\u0441\u043a\u0438\u0439.GO(O)D OIL! \u00d5liseerum ripsmetele ja kulmudele Avasta hooldava seerumi GO(O)D OIL!\" \/>\n<meta property=\"og:url\" content=\"https:\/\/valika.eu\/en\/toode\/claresa-ripsme-ja-kulmuseerum-kastooroliga-good-oil\/\" \/>\n<meta property=\"og:site_name\" content=\"Valika\" \/>\n<meta property=\"article:publisher\" content=\"https:\/\/www.facebook.com\/tipsi.net\" \/>\n<meta property=\"article:modified_time\" content=\"2025-07-17T11:59:15+00:00\" \/>\n<meta property=\"og:image\" content=\"https:\/\/valika.eu\/wp-content\/uploads\/2025\/01\/3682.jpg\" \/>\n\t<meta property=\"og:image:width\" content=\"1500\" \/>\n\t<meta property=\"og:image:height\" content=\"1500\" \/>\n\t<meta property=\"og:image:type\" content=\"image\/jpeg\" \/>\n<meta name=\"twitter:card\" content=\"summary_large_image\" \/>\n<script type=\"application\/ld+json\" class=\"yoast-schema-graph\">{\"@context\":\"https:\/\/schema.org\",\"@graph\":[{\"@type\":\"WebPage\",\"@id\":\"https:\/\/valika.eu\/en\/toode\/claresa-ripsme-ja-kulmuseerum-kastooroliga-good-oil\/\",\"url\":\"https:\/\/valika.eu\/en\/toode\/claresa-ripsme-ja-kulmuseerum-kastooroliga-good-oil\/\",\"name\":\"Claresa oil serum for eyelashes and eyebrows with castor oil GO(O)D OIL! | Valika\",\"isPartOf\":{\"@id\":\"https:\/\/valika.eu\/en\/#website\"},\"primaryImageOfPage\":{\"@id\":\"https:\/\/valika.eu\/en\/toode\/claresa-ripsme-ja-kulmuseerum-kastooroliga-good-oil\/#primaryimage\"},\"image\":{\"@id\":\"https:\/\/valika.eu\/toode\/claresa-ripsme-ja-kulmuseerum-kastooroliga-good-oil\/#primaryimage\"},\"thumbnailUrl\":\"https:\/\/valika.eu\/wp-content\/uploads\/2025\/01\/3682.jpg\",\"datePublished\":\"2025-01-09T04:14:09+00:00\",\"dateModified\":\"2025-07-17T11:59:15+00:00\",\"breadcrumb\":{\"@id\":\"https:\/\/valika.eu\/en\/toode\/claresa-ripsme-ja-kulmuseerum-kastooroliga-good-oil\/#breadcrumb\"},\"inLanguage\":\"en-US\",\"potentialAction\":[{\"@type\":\"ReadAction\",\"target\":[[\"https:\/\/valika.eu\/en\/toode\/claresa-ripsme-ja-kulmuseerum-kastooroliga-good-oil\/\"]]}]},{\"@type\":\"ImageObject\",\"inLanguage\":\"en-US\",\"@id\":\"https:\/\/valika.eu\/en\/toode\/claresa-ripsme-ja-kulmuseerum-kastooroliga-good-oil\/#primaryimage\",\"url\":\"https:\/\/valika.eu\/wp-content\/uploads\/2025\/01\/3682.jpg\",\"contentUrl\":\"https:\/\/valika.eu\/wp-content\/uploads\/2025\/01\/3682.jpg\",\"width\":1500,\"height\":1500},{\"@type\":\"BreadcrumbList\",\"@id\":\"https:\/\/valika.eu\/en\/toode\/claresa-ripsme-ja-kulmuseerum-kastooroliga-good-oil\/#breadcrumb\",\"itemListElement\":[{\"@type\":\"ListItem\",\"position\":1,\"name\":\"Koti\",\"item\":\"https:\/\/valika.eu\/en\/\"},{\"@type\":\"ListItem\",\"position\":2,\"name\":\"Shop\",\"item\":\"https:\/\/valika.eu\/en\/\"},{\"@type\":\"ListItem\",\"position\":3,\"name\":\"Claresa oil serum for eyelashes and eyebrows with castor oil GO(O)D OIL!\"}]},{\"@type\":\"WebSite\",\"@id\":\"https:\/\/valika.eu\/en\/#website\",\"url\":\"https:\/\/valika.eu\/en\/\",\"name\":\"Valika.eu\",\"description\":\"Salon products and beauty products - Valika offers a wide range of products and accessories for nail technicians, beauty salons, hairdressers.\",\"publisher\":{\"@id\":\"https:\/\/valika.eu\/en\/#organization\"},\"alternateName\":\"Valika\",\"potentialAction\":[{\"@type\":\"SearchAction\",\"target\":{\"@type\":\"EntryPoint\",\"urlTemplate\":\"https:\/\/valika.eu\/en\/?s={search_term_string}\"},\"query-input\":{\"@type\":\"PropertyValueSpecification\",\"valueRequired\":true,\"valueName\":\"search_term_string\"}}],\"inLanguage\":\"en-US\"},{\"@type\":\"Organization\",\"@id\":\"https:\/\/valika.eu\/en\/#organization\",\"name\":\"Salongitoode O\u00dc\",\"alternateName\":\"Valika\",\"url\":\"https:\/\/valika.eu\/en\/\",\"logo\":{\"@type\":\"ImageObject\",\"inLanguage\":\"en-US\",\"@id\":\"https:\/\/valika.eu\/en\/#\/schema\/logo\/image\/\",\"url\":\"https:\/\/valika.eu\/wp-content\/uploads\/2023\/11\/logo2-valika-footer.png\",\"contentUrl\":\"https:\/\/valika.eu\/wp-content\/uploads\/2023\/11\/logo2-valika-footer.png\",\"width\":200,\"height\":129,\"caption\":\"Salongitoode O\u00dc\"},\"image\":{\"@id\":\"https:\/\/valika.eu\/en\/#\/schema\/logo\/image\/\"},\"sameAs\":[\"https:\/\/www.facebook.com\/tipsi.net\"]}]}<\/script>\n<!-- \/ Yoast SEO plugin. -->","yoast_head_json":{"title":"Claresa oil serum for eyelashes and eyebrows with castor oil GO(O)D OIL! | Valika","robots":{"index":"index","follow":"follow","max-snippet":"max-snippet:-1","max-image-preview":"max-image-preview:large","max-video-preview":"max-video-preview:-1"},"canonical":"https:\/\/valika.eu\/en\/toode\/claresa-ripsme-ja-kulmuseerum-kastooroliga-good-oil\/","og_locale":"en_US","og_type":"article","og_title":"Claresa oil serum for eyelashes and eyebrows with castor oil GO(O)D OIL! | Valika","og_description":"Sorry, this entry is only available in Eesti and \u0420\u0443\u0441\u0441\u043a\u0438\u0439.GO(O)D OIL! \u00d5liseerum ripsmetele ja kulmudele Avasta hooldava seerumi GO(O)D OIL!","og_url":"https:\/\/valika.eu\/en\/toode\/claresa-ripsme-ja-kulmuseerum-kastooroliga-good-oil\/","og_site_name":"Valika","article_publisher":"https:\/\/www.facebook.com\/tipsi.net","article_modified_time":"2025-07-17T11:59:15+00:00","og_image":[{"width":1500,"height":1500,"url":"https:\/\/valika.eu\/wp-content\/uploads\/2025\/01\/3682.jpg","type":"image\/jpeg"}],"twitter_card":"summary_large_image","schema":{"@context":"https:\/\/schema.org","@graph":[{"@type":"WebPage","@id":"https:\/\/valika.eu\/en\/toode\/claresa-ripsme-ja-kulmuseerum-kastooroliga-good-oil\/","url":"https:\/\/valika.eu\/en\/toode\/claresa-ripsme-ja-kulmuseerum-kastooroliga-good-oil\/","name":"Claresa oil serum for eyelashes and eyebrows with castor oil GO(O)D OIL! | Valika","isPartOf":{"@id":"https:\/\/valika.eu\/en\/#website"},"primaryImageOfPage":{"@id":"https:\/\/valika.eu\/en\/toode\/claresa-ripsme-ja-kulmuseerum-kastooroliga-good-oil\/#primaryimage"},"image":{"@id":"https:\/\/valika.eu\/toode\/claresa-ripsme-ja-kulmuseerum-kastooroliga-good-oil\/#primaryimage"},"thumbnailUrl":"https:\/\/valika.eu\/wp-content\/uploads\/2025\/01\/3682.jpg","datePublished":"2025-01-09T04:14:09+00:00","dateModified":"2025-07-17T11:59:15+00:00","breadcrumb":{"@id":"https:\/\/valika.eu\/en\/toode\/claresa-ripsme-ja-kulmuseerum-kastooroliga-good-oil\/#breadcrumb"},"inLanguage":"en-US","potentialAction":[{"@type":"ReadAction","target":[["https:\/\/valika.eu\/en\/toode\/claresa-ripsme-ja-kulmuseerum-kastooroliga-good-oil\/"]]}]},{"@type":"ImageObject","inLanguage":"en-US","@id":"https:\/\/valika.eu\/en\/toode\/claresa-ripsme-ja-kulmuseerum-kastooroliga-good-oil\/#primaryimage","url":"https:\/\/valika.eu\/wp-content\/uploads\/2025\/01\/3682.jpg","contentUrl":"https:\/\/valika.eu\/wp-content\/uploads\/2025\/01\/3682.jpg","width":1500,"height":1500},{"@type":"BreadcrumbList","@id":"https:\/\/valika.eu\/en\/toode\/claresa-ripsme-ja-kulmuseerum-kastooroliga-good-oil\/#breadcrumb","itemListElement":[{"@type":"ListItem","position":1,"name":"Koti","item":"https:\/\/valika.eu\/en\/"},{"@type":"ListItem","position":2,"name":"Shop","item":"https:\/\/valika.eu\/en\/"},{"@type":"ListItem","position":3,"name":"Claresa oil serum for eyelashes and eyebrows with castor oil GO(O)D OIL!"}]},{"@type":"WebSite","@id":"https:\/\/valika.eu\/en\/#website","url":"https:\/\/valika.eu\/en\/","name":"Valika.eu","description":"Salon products and beauty products - Valika offers a wide range of products and accessories for nail technicians, beauty salons, hairdressers.","publisher":{"@id":"https:\/\/valika.eu\/en\/#organization"},"alternateName":"Valika","potentialAction":[{"@type":"SearchAction","target":{"@type":"EntryPoint","urlTemplate":"https:\/\/valika.eu\/en\/?s={search_term_string}"},"query-input":{"@type":"PropertyValueSpecification","valueRequired":true,"valueName":"search_term_string"}}],"inLanguage":"en-US"},{"@type":"Organization","@id":"https:\/\/valika.eu\/en\/#organization","name":"Salongitoode O\u00dc","alternateName":"Valika","url":"https:\/\/valika.eu\/en\/","logo":{"@type":"ImageObject","inLanguage":"en-US","@id":"https:\/\/valika.eu\/en\/#\/schema\/logo\/image\/","url":"https:\/\/valika.eu\/wp-content\/uploads\/2023\/11\/logo2-valika-footer.png","contentUrl":"https:\/\/valika.eu\/wp-content\/uploads\/2023\/11\/logo2-valika-footer.png","width":200,"height":129,"caption":"Salongitoode O\u00dc"},"image":{"@id":"https:\/\/valika.eu\/en\/#\/schema\/logo\/image\/"},"sameAs":["https:\/\/www.facebook.com\/tipsi.net"]}]}},"jetpack_sharing_enabled":true,"_links":{"self":[{"href":"https:\/\/valika.eu\/en\/wp-json\/wp\/v2\/product\/11167","targetHints":{"allow":["GET"]}}],"collection":[{"href":"https:\/\/valika.eu\/en\/wp-json\/wp\/v2\/product"}],"about":[{"href":"https:\/\/valika.eu\/en\/wp-json\/wp\/v2\/types\/product"}],"wp:featuredmedia":[{"embeddable":true,"href":"https:\/\/valika.eu\/en\/wp-json\/wp\/v2\/media\/11166"}],"wp:attachment":[{"href":"https:\/\/valika.eu\/en\/wp-json\/wp\/v2\/media?parent=11167"}],"wp:term":[{"taxonomy":"product_brand","embeddable":true,"href":"https:\/\/valika.eu\/en\/wp-json\/wp\/v2\/product_brand?post=11167"},{"taxonomy":"product_cat","embeddable":true,"href":"https:\/\/valika.eu\/en\/wp-json\/wp\/v2\/product_cat?post=11167"},{"taxonomy":"product_tag","embeddable":true,"href":"https:\/\/valika.eu\/en\/wp-json\/wp\/v2\/product_tag?post=11167"}],"curies":[{"name":"wp","href":"https:\/\/api.w.org\/{rel}","templated":true}]}}