{"id":1139,"date":"2024-09-28T15:19:26","date_gmt":"2024-09-28T12:19:26","guid":{"rendered":"https:\/\/valika.eu\/?post_type=product&#038;p=1139"},"modified":"2025-10-27T15:46:57","modified_gmt":"2025-10-27T13:46:57","slug":"sterilisaator-klaaskuulikestega","status":"publish","type":"product","link":"https:\/\/valika.eu\/en\/toode\/sterilisaator-klaaskuulikestega\/","title":{"rendered":"Granule sterilizer"},"content":{"rendered":"<p>There may be small scratches on the casing &#8211; factory defect.<\/p>\n<p>The sterilizer is designed for the rapid thermal processing of small and medium metal instruments.<\/p>\n<p>The temperature inside the chamber reaches 250\u02daC. Only the working surface is sterilized.<\/p>\n<p>Heating time \u2013 12 minutes;<\/p>\n<p>Heater power \u2013 100 W;<\/p>\n<p>Power supply \u2013 220 V.<\/p>\n<p>The sterilizer is designed for the rapid thermal processing of small and medium metal instruments: manicure, pedicure, and cosmetic tools.<\/p>\n<p>It is very convenient to place anywhere due to its compact size and excellent stability.<\/p>\n<p>In beauty salons and at home, a professional sterilizer is simply indispensable.<\/p>\n<p>The operating principle of the device is based on the effect of high temperatures on the surface of hairdressing tools, achieved by heating quartz beads in the sterilizer tank.<\/p>\n<p>Sterilization of the instruments takes place within a maximum of 30 seconds. The glass beads hold the instruments in a vertical position.<\/p>\n<p>Glass beads are included in the set.<\/p>","protected":false},"excerpt":{"rendered":"<p class=\"qtranxs-available-languages-message qtranxs-available-languages-message-en\">Sorry, this entry is only available in <a href=\"https:\/\/valika.eu\/et\/wp-json\/wp\/v2\/product\/1139\" class=\"qtranxs-available-language-link qtranxs-available-language-link-et\" title=\"Eesti\">Eesti<\/a> and <a href=\"https:\/\/valika.eu\/ru\/wp-json\/wp\/v2\/product\/1139\" class=\"qtranxs-available-language-link qtranxs-available-language-link-ru\" title=\"\u0420\u0443\u0441\u0441\u043a\u0438\u0439\">\u0420\u0443\u0441\u0441\u043a\u0438\u0439<\/a>.<\/p>\n<p>Klaaskuulidega (kvartsliivaga) sterilisaator. Kuumeneb 150 kraadini.<\/p>\n","protected":false},"featured_media":1142,"template":"","meta":[],"product_brand":[],"product_cat":[351,24,640],"product_tag":[],"class_list":{"0":"post-1139","1":"product","2":"type-product","3":"status-publish","4":"has-post-thumbnail","6":"product_cat-sterilisaator-seadmed","7":"product_cat-ilusalongimoobel","8":"product_cat-sterilisaatorid","10":"first","11":"instock","12":"taxable","13":"shipping-taxable","14":"purchasable","15":"product-type-simple"},"yoast_head":"<!-- This site is optimized with the Yoast SEO plugin v24.4 - https:\/\/yoast.com\/wordpress\/plugins\/seo\/ -->\n<title>Granule sterilizer | Valika<\/title>\n<meta name=\"description\" content=\"Sterilisaator on m\u00f5eldud v\u00e4ikeste ja keskmiste metallist t\u00f6\u00f6riistade kiireks termiliseks t\u00f6\u00f6tlemiseks: manik\u00fc\u00fcri-, pedik\u00fc\u00fcri- ja kosmeetikatooted.\" \/>\n<meta name=\"robots\" content=\"index, follow, max-snippet:-1, max-image-preview:large, max-video-preview:-1\" \/>\n<link rel=\"canonical\" href=\"https:\/\/valika.eu\/en\/toode\/sterilisaator-klaaskuulikestega\/\" \/>\n<meta property=\"og:locale\" content=\"en_US\" \/>\n<meta property=\"og:type\" content=\"article\" \/>\n<meta property=\"og:title\" content=\"Granule sterilizer | Valika\" \/>\n<meta property=\"og:description\" content=\"Sterilisaator on m\u00f5eldud v\u00e4ikeste ja keskmiste metallist t\u00f6\u00f6riistade kiireks termiliseks t\u00f6\u00f6tlemiseks: manik\u00fc\u00fcri-, pedik\u00fc\u00fcri- ja kosmeetikatooted.\" \/>\n<meta property=\"og:url\" content=\"https:\/\/valika.eu\/en\/toode\/sterilisaator-klaaskuulikestega\/\" \/>\n<meta property=\"og:site_name\" content=\"Valika\" \/>\n<meta property=\"article:publisher\" content=\"https:\/\/www.facebook.com\/tipsi.net\" \/>\n<meta property=\"article:modified_time\" content=\"2025-10-27T13:46:57+00:00\" \/>\n<meta property=\"og:image\" content=\"https:\/\/valika.eu\/wp-content\/uploads\/2024\/09\/sterilisaator_kvarts.jpeg\" \/>\n\t<meta property=\"og:image:width\" content=\"600\" \/>\n\t<meta property=\"og:image:height\" content=\"600\" \/>\n\t<meta property=\"og:image:type\" content=\"image\/jpeg\" \/>\n<meta name=\"twitter:card\" content=\"summary_large_image\" \/>\n<script type=\"application\/ld+json\" class=\"yoast-schema-graph\">{\"@context\":\"https:\/\/schema.org\",\"@graph\":[{\"@type\":\"WebPage\",\"@id\":\"https:\/\/valika.eu\/en\/toode\/sterilisaator-klaaskuulikestega\/\",\"url\":\"https:\/\/valika.eu\/en\/toode\/sterilisaator-klaaskuulikestega\/\",\"name\":\"Granule sterilizer | Valika\",\"isPartOf\":{\"@id\":\"https:\/\/valika.eu\/en\/#website\"},\"primaryImageOfPage\":{\"@id\":\"https:\/\/valika.eu\/en\/toode\/sterilisaator-klaaskuulikestega\/#primaryimage\"},\"image\":{\"@id\":\"https:\/\/valika.eu\/toode\/sterilisaator-klaaskuulikestega\/#primaryimage\"},\"thumbnailUrl\":\"https:\/\/valika.eu\/wp-content\/uploads\/2024\/09\/sterilisaator_kvarts.jpeg\",\"datePublished\":\"2024-09-28T12:19:26+00:00\",\"dateModified\":\"2025-10-27T13:46:57+00:00\",\"description\":\"Sterilisaator on m\u00f5eldud v\u00e4ikeste ja keskmiste metallist t\u00f6\u00f6riistade kiireks termiliseks t\u00f6\u00f6tlemiseks: manik\u00fc\u00fcri-, pedik\u00fc\u00fcri- ja kosmeetikatooted.\",\"breadcrumb\":{\"@id\":\"https:\/\/valika.eu\/en\/toode\/sterilisaator-klaaskuulikestega\/#breadcrumb\"},\"inLanguage\":\"en-US\",\"potentialAction\":[{\"@type\":\"ReadAction\",\"target\":[[\"https:\/\/valika.eu\/en\/toode\/sterilisaator-klaaskuulikestega\/\"]]}]},{\"@type\":\"ImageObject\",\"inLanguage\":\"en-US\",\"@id\":\"https:\/\/valika.eu\/en\/toode\/sterilisaator-klaaskuulikestega\/#primaryimage\",\"url\":\"https:\/\/valika.eu\/wp-content\/uploads\/2024\/09\/sterilisaator_kvarts.jpeg\",\"contentUrl\":\"https:\/\/valika.eu\/wp-content\/uploads\/2024\/09\/sterilisaator_kvarts.jpeg\",\"width\":600,\"height\":600},{\"@type\":\"BreadcrumbList\",\"@id\":\"https:\/\/valika.eu\/en\/toode\/sterilisaator-klaaskuulikestega\/#breadcrumb\",\"itemListElement\":[{\"@type\":\"ListItem\",\"position\":1,\"name\":\"Koti\",\"item\":\"https:\/\/valika.eu\/en\/\"},{\"@type\":\"ListItem\",\"position\":2,\"name\":\"Shop\",\"item\":\"https:\/\/valika.eu\/en\/\"},{\"@type\":\"ListItem\",\"position\":3,\"name\":\"Sterilisaator klaaskuulikestega\"}]},{\"@type\":\"WebSite\",\"@id\":\"https:\/\/valika.eu\/en\/#website\",\"url\":\"https:\/\/valika.eu\/en\/\",\"name\":\"Valika.eu\",\"description\":\"Salon products and beauty products - Valika offers a wide range of products and accessories for nail technicians, beauty salons, hairdressers.\",\"publisher\":{\"@id\":\"https:\/\/valika.eu\/en\/#organization\"},\"alternateName\":\"Valika\",\"potentialAction\":[{\"@type\":\"SearchAction\",\"target\":{\"@type\":\"EntryPoint\",\"urlTemplate\":\"https:\/\/valika.eu\/en\/?s={search_term_string}\"},\"query-input\":{\"@type\":\"PropertyValueSpecification\",\"valueRequired\":true,\"valueName\":\"search_term_string\"}}],\"inLanguage\":\"en-US\"},{\"@type\":\"Organization\",\"@id\":\"https:\/\/valika.eu\/en\/#organization\",\"name\":\"Salongitoode O\u00dc\",\"alternateName\":\"Valika\",\"url\":\"https:\/\/valika.eu\/en\/\",\"logo\":{\"@type\":\"ImageObject\",\"inLanguage\":\"en-US\",\"@id\":\"https:\/\/valika.eu\/en\/#\/schema\/logo\/image\/\",\"url\":\"https:\/\/valika.eu\/wp-content\/uploads\/2023\/11\/logo2-valika-footer.png\",\"contentUrl\":\"https:\/\/valika.eu\/wp-content\/uploads\/2023\/11\/logo2-valika-footer.png\",\"width\":200,\"height\":129,\"caption\":\"Salongitoode O\u00dc\"},\"image\":{\"@id\":\"https:\/\/valika.eu\/en\/#\/schema\/logo\/image\/\"},\"sameAs\":[\"https:\/\/www.facebook.com\/tipsi.net\"]}]}<\/script>\n<!-- \/ Yoast SEO plugin. -->","yoast_head_json":{"title":"Granule sterilizer | Valika","description":"Sterilisaator on m\u00f5eldud v\u00e4ikeste ja keskmiste metallist t\u00f6\u00f6riistade kiireks termiliseks t\u00f6\u00f6tlemiseks: manik\u00fc\u00fcri-, pedik\u00fc\u00fcri- ja kosmeetikatooted.","robots":{"index":"index","follow":"follow","max-snippet":"max-snippet:-1","max-image-preview":"max-image-preview:large","max-video-preview":"max-video-preview:-1"},"canonical":"https:\/\/valika.eu\/en\/toode\/sterilisaator-klaaskuulikestega\/","og_locale":"en_US","og_type":"article","og_title":"Granule sterilizer | Valika","og_description":"Sterilisaator on m\u00f5eldud v\u00e4ikeste ja keskmiste metallist t\u00f6\u00f6riistade kiireks termiliseks t\u00f6\u00f6tlemiseks: manik\u00fc\u00fcri-, pedik\u00fc\u00fcri- ja kosmeetikatooted.","og_url":"https:\/\/valika.eu\/en\/toode\/sterilisaator-klaaskuulikestega\/","og_site_name":"Valika","article_publisher":"https:\/\/www.facebook.com\/tipsi.net","article_modified_time":"2025-10-27T13:46:57+00:00","og_image":[{"width":600,"height":600,"url":"https:\/\/valika.eu\/wp-content\/uploads\/2024\/09\/sterilisaator_kvarts.jpeg","type":"image\/jpeg"}],"twitter_card":"summary_large_image","schema":{"@context":"https:\/\/schema.org","@graph":[{"@type":"WebPage","@id":"https:\/\/valika.eu\/en\/toode\/sterilisaator-klaaskuulikestega\/","url":"https:\/\/valika.eu\/en\/toode\/sterilisaator-klaaskuulikestega\/","name":"Granule sterilizer | Valika","isPartOf":{"@id":"https:\/\/valika.eu\/en\/#website"},"primaryImageOfPage":{"@id":"https:\/\/valika.eu\/en\/toode\/sterilisaator-klaaskuulikestega\/#primaryimage"},"image":{"@id":"https:\/\/valika.eu\/toode\/sterilisaator-klaaskuulikestega\/#primaryimage"},"thumbnailUrl":"https:\/\/valika.eu\/wp-content\/uploads\/2024\/09\/sterilisaator_kvarts.jpeg","datePublished":"2024-09-28T12:19:26+00:00","dateModified":"2025-10-27T13:46:57+00:00","description":"Sterilisaator on m\u00f5eldud v\u00e4ikeste ja keskmiste metallist t\u00f6\u00f6riistade kiireks termiliseks t\u00f6\u00f6tlemiseks: manik\u00fc\u00fcri-, pedik\u00fc\u00fcri- ja kosmeetikatooted.","breadcrumb":{"@id":"https:\/\/valika.eu\/en\/toode\/sterilisaator-klaaskuulikestega\/#breadcrumb"},"inLanguage":"en-US","potentialAction":[{"@type":"ReadAction","target":[["https:\/\/valika.eu\/en\/toode\/sterilisaator-klaaskuulikestega\/"]]}]},{"@type":"ImageObject","inLanguage":"en-US","@id":"https:\/\/valika.eu\/en\/toode\/sterilisaator-klaaskuulikestega\/#primaryimage","url":"https:\/\/valika.eu\/wp-content\/uploads\/2024\/09\/sterilisaator_kvarts.jpeg","contentUrl":"https:\/\/valika.eu\/wp-content\/uploads\/2024\/09\/sterilisaator_kvarts.jpeg","width":600,"height":600},{"@type":"BreadcrumbList","@id":"https:\/\/valika.eu\/en\/toode\/sterilisaator-klaaskuulikestega\/#breadcrumb","itemListElement":[{"@type":"ListItem","position":1,"name":"Koti","item":"https:\/\/valika.eu\/en\/"},{"@type":"ListItem","position":2,"name":"Shop","item":"https:\/\/valika.eu\/en\/"},{"@type":"ListItem","position":3,"name":"Sterilisaator klaaskuulikestega"}]},{"@type":"WebSite","@id":"https:\/\/valika.eu\/en\/#website","url":"https:\/\/valika.eu\/en\/","name":"Valika.eu","description":"Salon products and beauty products - Valika offers a wide range of products and accessories for nail technicians, beauty salons, hairdressers.","publisher":{"@id":"https:\/\/valika.eu\/en\/#organization"},"alternateName":"Valika","potentialAction":[{"@type":"SearchAction","target":{"@type":"EntryPoint","urlTemplate":"https:\/\/valika.eu\/en\/?s={search_term_string}"},"query-input":{"@type":"PropertyValueSpecification","valueRequired":true,"valueName":"search_term_string"}}],"inLanguage":"en-US"},{"@type":"Organization","@id":"https:\/\/valika.eu\/en\/#organization","name":"Salongitoode O\u00dc","alternateName":"Valika","url":"https:\/\/valika.eu\/en\/","logo":{"@type":"ImageObject","inLanguage":"en-US","@id":"https:\/\/valika.eu\/en\/#\/schema\/logo\/image\/","url":"https:\/\/valika.eu\/wp-content\/uploads\/2023\/11\/logo2-valika-footer.png","contentUrl":"https:\/\/valika.eu\/wp-content\/uploads\/2023\/11\/logo2-valika-footer.png","width":200,"height":129,"caption":"Salongitoode O\u00dc"},"image":{"@id":"https:\/\/valika.eu\/en\/#\/schema\/logo\/image\/"},"sameAs":["https:\/\/www.facebook.com\/tipsi.net"]}]}},"jetpack_sharing_enabled":true,"_links":{"self":[{"href":"https:\/\/valika.eu\/en\/wp-json\/wp\/v2\/product\/1139","targetHints":{"allow":["GET"]}}],"collection":[{"href":"https:\/\/valika.eu\/en\/wp-json\/wp\/v2\/product"}],"about":[{"href":"https:\/\/valika.eu\/en\/wp-json\/wp\/v2\/types\/product"}],"wp:featuredmedia":[{"embeddable":true,"href":"https:\/\/valika.eu\/en\/wp-json\/wp\/v2\/media\/1142"}],"wp:attachment":[{"href":"https:\/\/valika.eu\/en\/wp-json\/wp\/v2\/media?parent=1139"}],"wp:term":[{"taxonomy":"product_brand","embeddable":true,"href":"https:\/\/valika.eu\/en\/wp-json\/wp\/v2\/product_brand?post=1139"},{"taxonomy":"product_cat","embeddable":true,"href":"https:\/\/valika.eu\/en\/wp-json\/wp\/v2\/product_cat?post=1139"},{"taxonomy":"product_tag","embeddable":true,"href":"https:\/\/valika.eu\/en\/wp-json\/wp\/v2\/product_tag?post=1139"}],"curies":[{"name":"wp","href":"https:\/\/api.w.org\/{rel}","templated":true}]}}