{"id":1197,"date":"2024-09-30T17:50:13","date_gmt":"2024-09-30T14:50:13","guid":{"rendered":"https:\/\/valika.eu\/?post_type=product&#038;p=1197"},"modified":"2026-01-06T12:14:44","modified_gmt":"2026-01-06T10:14:44","slug":"tootool-seljatoega-dali","status":"publish","type":"product","link":"https:\/\/valika.eu\/en\/toode\/tootool-seljatoega-dali\/","title":{"rendered":"Masters stool  ,,Dali,, 43-58cm"},"content":{"rendered":"<p>Practical and comfortable master&#8217;s chair on a chrome base with a backrest. The chair has a high gas lift, which will allow you to raise the chair to a comfortable height. Silent running wheels.<\/p>\n<p>&#8211; with a backrest;<\/p>\n<p>&#8211; pneumatic lift (gas lift);<\/p>\n<p>&#8211; five-star chrome base;<\/p>\n<p>&#8211; upholstery leatherette (leatherette);<\/p>\n<p>&#8211; upholstery color: white or black<\/p>\n<p>Overall dimensions: 46&#215;41\u00a0 43-58cm\u00a0 h<\/p>","protected":false},"excerpt":{"rendered":"<p>Overall dimensions: 46x41x49~62h<\/p>\n","protected":false},"featured_media":1198,"template":"","meta":[],"product_brand":[],"product_cat":[24,356],"product_tag":[],"class_list":{"0":"post-1197","1":"product","2":"type-product","3":"status-publish","4":"has-post-thumbnail","6":"product_cat-ilusalongimoobel","7":"product_cat-meistritoolid","9":"first","10":"instock","11":"taxable","12":"shipping-taxable","13":"purchasable","14":"product-type-simple"},"yoast_head":"<!-- This site is optimized with the Yoast SEO plugin v24.4 - https:\/\/yoast.com\/wordpress\/plugins\/seo\/ -->\n<title>Masters stool ,,Dali,, 43-58cm | Valika<\/title>\n<meta name=\"description\" content=\"Kosmeetiku v\u00f5i manik\u00fc\u00fcrija t\u00f6\u00f6tool fikseeritud seljatoega.Reguleeritav k\u00f5rgus 49-62cmValget v\u00e4rviiste 45cm lai\" \/>\n<meta name=\"robots\" content=\"index, follow, max-snippet:-1, max-image-preview:large, max-video-preview:-1\" \/>\n<link rel=\"canonical\" href=\"https:\/\/valika.eu\/en\/toode\/tootool-seljatoega-dali\/\" \/>\n<meta property=\"og:locale\" content=\"en_US\" \/>\n<meta property=\"og:type\" content=\"article\" \/>\n<meta property=\"og:title\" content=\"Masters stool ,,Dali,, 43-58cm | Valika\" \/>\n<meta property=\"og:description\" content=\"Kosmeetiku v\u00f5i manik\u00fc\u00fcrija t\u00f6\u00f6tool fikseeritud seljatoega.Reguleeritav k\u00f5rgus 49-62cmValget v\u00e4rviiste 45cm lai\" \/>\n<meta property=\"og:url\" content=\"https:\/\/valika.eu\/en\/toode\/tootool-seljatoega-dali\/\" \/>\n<meta property=\"og:site_name\" content=\"Valika\" \/>\n<meta property=\"article:publisher\" content=\"https:\/\/www.facebook.com\/tipsi.net\" \/>\n<meta property=\"article:modified_time\" content=\"2026-01-06T10:14:44+00:00\" \/>\n<meta property=\"og:image\" content=\"https:\/\/valika.eu\/wp-content\/uploads\/2024\/09\/408234277_w800_h640_2222.jpg\" \/>\n\t<meta property=\"og:image:width\" content=\"600\" \/>\n\t<meta property=\"og:image:height\" content=\"859\" \/>\n\t<meta property=\"og:image:type\" content=\"image\/jpeg\" \/>\n<meta name=\"twitter:card\" content=\"summary_large_image\" \/>\n<script type=\"application\/ld+json\" class=\"yoast-schema-graph\">{\"@context\":\"https:\/\/schema.org\",\"@graph\":[{\"@type\":\"WebPage\",\"@id\":\"https:\/\/valika.eu\/en\/toode\/tootool-seljatoega-dali\/\",\"url\":\"https:\/\/valika.eu\/en\/toode\/tootool-seljatoega-dali\/\",\"name\":\"Masters stool ,,Dali,, 43-58cm | Valika\",\"isPartOf\":{\"@id\":\"https:\/\/valika.eu\/en\/#website\"},\"primaryImageOfPage\":{\"@id\":\"https:\/\/valika.eu\/en\/toode\/tootool-seljatoega-dali\/#primaryimage\"},\"image\":{\"@id\":\"https:\/\/valika.eu\/toode\/tootool-seljatoega-dali\/#primaryimage\"},\"thumbnailUrl\":\"https:\/\/valika.eu\/wp-content\/uploads\/2024\/09\/408234277_w800_h640_2222.jpg\",\"datePublished\":\"2024-09-30T14:50:13+00:00\",\"dateModified\":\"2026-01-06T10:14:44+00:00\",\"description\":\"Kosmeetiku v\u00f5i manik\u00fc\u00fcrija t\u00f6\u00f6tool fikseeritud seljatoega.Reguleeritav k\u00f5rgus 49-62cmValget v\u00e4rviiste 45cm lai\",\"breadcrumb\":{\"@id\":\"https:\/\/valika.eu\/en\/toode\/tootool-seljatoega-dali\/#breadcrumb\"},\"inLanguage\":\"en-US\",\"potentialAction\":[{\"@type\":\"ReadAction\",\"target\":[[\"https:\/\/valika.eu\/en\/toode\/tootool-seljatoega-dali\/\"]]}]},{\"@type\":\"ImageObject\",\"inLanguage\":\"en-US\",\"@id\":\"https:\/\/valika.eu\/en\/toode\/tootool-seljatoega-dali\/#primaryimage\",\"url\":\"https:\/\/valika.eu\/wp-content\/uploads\/2024\/09\/408234277_w800_h640_2222.jpg\",\"contentUrl\":\"https:\/\/valika.eu\/wp-content\/uploads\/2024\/09\/408234277_w800_h640_2222.jpg\",\"width\":600,\"height\":859},{\"@type\":\"BreadcrumbList\",\"@id\":\"https:\/\/valika.eu\/en\/toode\/tootool-seljatoega-dali\/#breadcrumb\",\"itemListElement\":[{\"@type\":\"ListItem\",\"position\":1,\"name\":\"Koti\",\"item\":\"https:\/\/valika.eu\/en\/\"},{\"@type\":\"ListItem\",\"position\":2,\"name\":\"Shop\",\"item\":\"https:\/\/valika.eu\/en\/\"},{\"@type\":\"ListItem\",\"position\":3,\"name\":\"T\u00f6\u00f6tool seljatoega ,,Dali,, 43-58cm\"}]},{\"@type\":\"WebSite\",\"@id\":\"https:\/\/valika.eu\/en\/#website\",\"url\":\"https:\/\/valika.eu\/en\/\",\"name\":\"Valika.eu\",\"description\":\"Salon products and beauty products - Valika offers a wide range of products and accessories for nail technicians, beauty salons, hairdressers.\",\"publisher\":{\"@id\":\"https:\/\/valika.eu\/en\/#organization\"},\"alternateName\":\"Valika\",\"potentialAction\":[{\"@type\":\"SearchAction\",\"target\":{\"@type\":\"EntryPoint\",\"urlTemplate\":\"https:\/\/valika.eu\/en\/?s={search_term_string}\"},\"query-input\":{\"@type\":\"PropertyValueSpecification\",\"valueRequired\":true,\"valueName\":\"search_term_string\"}}],\"inLanguage\":\"en-US\"},{\"@type\":\"Organization\",\"@id\":\"https:\/\/valika.eu\/en\/#organization\",\"name\":\"Salongitoode O\u00dc\",\"alternateName\":\"Valika\",\"url\":\"https:\/\/valika.eu\/en\/\",\"logo\":{\"@type\":\"ImageObject\",\"inLanguage\":\"en-US\",\"@id\":\"https:\/\/valika.eu\/en\/#\/schema\/logo\/image\/\",\"url\":\"https:\/\/valika.eu\/wp-content\/uploads\/2023\/11\/logo2-valika-footer.png\",\"contentUrl\":\"https:\/\/valika.eu\/wp-content\/uploads\/2023\/11\/logo2-valika-footer.png\",\"width\":200,\"height\":129,\"caption\":\"Salongitoode O\u00dc\"},\"image\":{\"@id\":\"https:\/\/valika.eu\/en\/#\/schema\/logo\/image\/\"},\"sameAs\":[\"https:\/\/www.facebook.com\/tipsi.net\"]}]}<\/script>\n<!-- \/ Yoast SEO plugin. -->","yoast_head_json":{"title":"Masters stool ,,Dali,, 43-58cm | Valika","description":"Kosmeetiku v\u00f5i manik\u00fc\u00fcrija t\u00f6\u00f6tool fikseeritud seljatoega.Reguleeritav k\u00f5rgus 49-62cmValget v\u00e4rviiste 45cm lai","robots":{"index":"index","follow":"follow","max-snippet":"max-snippet:-1","max-image-preview":"max-image-preview:large","max-video-preview":"max-video-preview:-1"},"canonical":"https:\/\/valika.eu\/en\/toode\/tootool-seljatoega-dali\/","og_locale":"en_US","og_type":"article","og_title":"Masters stool ,,Dali,, 43-58cm | Valika","og_description":"Kosmeetiku v\u00f5i manik\u00fc\u00fcrija t\u00f6\u00f6tool fikseeritud seljatoega.Reguleeritav k\u00f5rgus 49-62cmValget v\u00e4rviiste 45cm lai","og_url":"https:\/\/valika.eu\/en\/toode\/tootool-seljatoega-dali\/","og_site_name":"Valika","article_publisher":"https:\/\/www.facebook.com\/tipsi.net","article_modified_time":"2026-01-06T10:14:44+00:00","og_image":[{"width":600,"height":859,"url":"https:\/\/valika.eu\/wp-content\/uploads\/2024\/09\/408234277_w800_h640_2222.jpg","type":"image\/jpeg"}],"twitter_card":"summary_large_image","schema":{"@context":"https:\/\/schema.org","@graph":[{"@type":"WebPage","@id":"https:\/\/valika.eu\/en\/toode\/tootool-seljatoega-dali\/","url":"https:\/\/valika.eu\/en\/toode\/tootool-seljatoega-dali\/","name":"Masters stool ,,Dali,, 43-58cm | Valika","isPartOf":{"@id":"https:\/\/valika.eu\/en\/#website"},"primaryImageOfPage":{"@id":"https:\/\/valika.eu\/en\/toode\/tootool-seljatoega-dali\/#primaryimage"},"image":{"@id":"https:\/\/valika.eu\/toode\/tootool-seljatoega-dali\/#primaryimage"},"thumbnailUrl":"https:\/\/valika.eu\/wp-content\/uploads\/2024\/09\/408234277_w800_h640_2222.jpg","datePublished":"2024-09-30T14:50:13+00:00","dateModified":"2026-01-06T10:14:44+00:00","description":"Kosmeetiku v\u00f5i manik\u00fc\u00fcrija t\u00f6\u00f6tool fikseeritud seljatoega.Reguleeritav k\u00f5rgus 49-62cmValget v\u00e4rviiste 45cm lai","breadcrumb":{"@id":"https:\/\/valika.eu\/en\/toode\/tootool-seljatoega-dali\/#breadcrumb"},"inLanguage":"en-US","potentialAction":[{"@type":"ReadAction","target":[["https:\/\/valika.eu\/en\/toode\/tootool-seljatoega-dali\/"]]}]},{"@type":"ImageObject","inLanguage":"en-US","@id":"https:\/\/valika.eu\/en\/toode\/tootool-seljatoega-dali\/#primaryimage","url":"https:\/\/valika.eu\/wp-content\/uploads\/2024\/09\/408234277_w800_h640_2222.jpg","contentUrl":"https:\/\/valika.eu\/wp-content\/uploads\/2024\/09\/408234277_w800_h640_2222.jpg","width":600,"height":859},{"@type":"BreadcrumbList","@id":"https:\/\/valika.eu\/en\/toode\/tootool-seljatoega-dali\/#breadcrumb","itemListElement":[{"@type":"ListItem","position":1,"name":"Koti","item":"https:\/\/valika.eu\/en\/"},{"@type":"ListItem","position":2,"name":"Shop","item":"https:\/\/valika.eu\/en\/"},{"@type":"ListItem","position":3,"name":"T\u00f6\u00f6tool seljatoega ,,Dali,, 43-58cm"}]},{"@type":"WebSite","@id":"https:\/\/valika.eu\/en\/#website","url":"https:\/\/valika.eu\/en\/","name":"Valika.eu","description":"Salon products and beauty products - Valika offers a wide range of products and accessories for nail technicians, beauty salons, hairdressers.","publisher":{"@id":"https:\/\/valika.eu\/en\/#organization"},"alternateName":"Valika","potentialAction":[{"@type":"SearchAction","target":{"@type":"EntryPoint","urlTemplate":"https:\/\/valika.eu\/en\/?s={search_term_string}"},"query-input":{"@type":"PropertyValueSpecification","valueRequired":true,"valueName":"search_term_string"}}],"inLanguage":"en-US"},{"@type":"Organization","@id":"https:\/\/valika.eu\/en\/#organization","name":"Salongitoode O\u00dc","alternateName":"Valika","url":"https:\/\/valika.eu\/en\/","logo":{"@type":"ImageObject","inLanguage":"en-US","@id":"https:\/\/valika.eu\/en\/#\/schema\/logo\/image\/","url":"https:\/\/valika.eu\/wp-content\/uploads\/2023\/11\/logo2-valika-footer.png","contentUrl":"https:\/\/valika.eu\/wp-content\/uploads\/2023\/11\/logo2-valika-footer.png","width":200,"height":129,"caption":"Salongitoode O\u00dc"},"image":{"@id":"https:\/\/valika.eu\/en\/#\/schema\/logo\/image\/"},"sameAs":["https:\/\/www.facebook.com\/tipsi.net"]}]}},"jetpack_sharing_enabled":true,"_links":{"self":[{"href":"https:\/\/valika.eu\/en\/wp-json\/wp\/v2\/product\/1197","targetHints":{"allow":["GET"]}}],"collection":[{"href":"https:\/\/valika.eu\/en\/wp-json\/wp\/v2\/product"}],"about":[{"href":"https:\/\/valika.eu\/en\/wp-json\/wp\/v2\/types\/product"}],"wp:featuredmedia":[{"embeddable":true,"href":"https:\/\/valika.eu\/en\/wp-json\/wp\/v2\/media\/1198"}],"wp:attachment":[{"href":"https:\/\/valika.eu\/en\/wp-json\/wp\/v2\/media?parent=1197"}],"wp:term":[{"taxonomy":"product_brand","embeddable":true,"href":"https:\/\/valika.eu\/en\/wp-json\/wp\/v2\/product_brand?post=1197"},{"taxonomy":"product_cat","embeddable":true,"href":"https:\/\/valika.eu\/en\/wp-json\/wp\/v2\/product_cat?post=1197"},{"taxonomy":"product_tag","embeddable":true,"href":"https:\/\/valika.eu\/en\/wp-json\/wp\/v2\/product_tag?post=1197"}],"curies":[{"name":"wp","href":"https:\/\/api.w.org\/{rel}","templated":true}]}}