{"id":1309,"date":"2024-10-02T11:46:29","date_gmt":"2024-10-02T08:46:29","guid":{"rendered":"https:\/\/valika.eu\/?post_type=product&#038;p=1309"},"modified":"2026-03-18T14:35:23","modified_gmt":"2026-03-18T12:35:23","slug":"claresa-top-milky-no-wipe-5g","status":"publish","type":"product","link":"https:\/\/valika.eu\/en\/toode\/claresa-top-milky-no-wipe-5g\/","title":{"rendered":"CLARESA Top Milky No wipe- 5g"},"content":{"rendered":"<p>Are you a fan of delicate manicures that don\u2019t stand out too much and blend perfectly with even the most minimalist style? Or are you looking for a quick and naturally-looking French or babyboomer manicure? If you answered \u201cyes\u201d to any of the above questions, then you\u2019ll definitely love our Milky top!<\/p>\n<p>The semi-transparent milky hybrid top is perfect for fans of the #cleangirlaesthetic trend who want to subtly highlight their natural nail color. However, if you prefer vibrant colors, the Milky top is also for you! Apply it over any hybrid polish shade and see how the milky veil transforms its look, adding a gentle character.<\/p>\n<p>The Milky top is also a great choice if you\u2019re in the mood for a French manicure, princess nails, or babyboomer style \u2012 the product smooths the gradient\u2019s boundary, making the entire look even more natural.<\/p>\n<p>FEATURES:<\/p>\n<p>easy application, no flooding of cuticles<br \/>\nsemi-transparent<br \/>\nideal, medium density<br \/>\nlasts up to 3 weeks<br \/>\ncapacity: 5 g<br \/>\nUSAGE: Apply the Milky top on a previously cured Claresa hybrid polish and cure under the lamp.<\/p>\n<p>CURING TIME: min. 60 sec.<\/p>","protected":false},"excerpt":{"rendered":"<p>The translucent milky hybrid top is perfect for lovers of the #cleangirlaesthetic trend who want to gently highlight the natural color of their nails.<\/p>\n","protected":false},"featured_media":1310,"template":"","meta":[],"product_brand":[],"product_cat":[360,361,651],"product_tag":[],"class_list":{"0":"post-1309","1":"product","2":"type-product","3":"status-publish","4":"has-post-thumbnail","6":"product_cat-pealisalusgeel","7":"product_cat-claresa-top","8":"product_cat-pealisgeelid","10":"first","11":"instock","12":"taxable","13":"shipping-taxable","14":"purchasable","15":"product-type-simple"},"yoast_head":"<!-- This site is optimized with the Yoast SEO plugin v24.4 - https:\/\/yoast.com\/wordpress\/plugins\/seo\/ -->\n<title>CLARESA Top Milky No wipe- 5g | Valika<\/title>\n<meta name=\"description\" content=\"Pooll\u00e4bipaistev piimjas h\u00fcbriidtip sobib suurep\u00e4raselt #cleangirlaesthetic suuna armastajatele, kes soovivad \u00f5rnalt esile tuua oma k\u00fc\u00fcne looduslikku v\u00e4rvi.\" \/>\n<meta name=\"robots\" content=\"index, follow, max-snippet:-1, max-image-preview:large, max-video-preview:-1\" \/>\n<link rel=\"canonical\" href=\"https:\/\/valika.eu\/en\/toode\/claresa-top-milky-no-wipe-5g\/\" \/>\n<meta property=\"og:locale\" content=\"en_US\" \/>\n<meta property=\"og:type\" content=\"article\" \/>\n<meta property=\"og:title\" content=\"CLARESA Top Milky No wipe- 5g | Valika\" \/>\n<meta property=\"og:description\" content=\"Pooll\u00e4bipaistev piimjas h\u00fcbriidtip sobib suurep\u00e4raselt #cleangirlaesthetic suuna armastajatele, kes soovivad \u00f5rnalt esile tuua oma k\u00fc\u00fcne looduslikku v\u00e4rvi.\" \/>\n<meta property=\"og:url\" content=\"https:\/\/valika.eu\/en\/toode\/claresa-top-milky-no-wipe-5g\/\" \/>\n<meta property=\"og:site_name\" content=\"Valika\" \/>\n<meta property=\"article:publisher\" content=\"https:\/\/www.facebook.com\/tipsi.net\" \/>\n<meta property=\"article:modified_time\" content=\"2026-03-18T12:35:23+00:00\" \/>\n<meta property=\"og:image\" content=\"https:\/\/valika.eu\/wp-content\/uploads\/2024\/10\/TOP-MILKY.jpg\" \/>\n\t<meta property=\"og:image:width\" content=\"1500\" \/>\n\t<meta property=\"og:image:height\" content=\"1500\" \/>\n\t<meta property=\"og:image:type\" content=\"image\/jpeg\" \/>\n<meta name=\"twitter:card\" content=\"summary_large_image\" \/>\n<script type=\"application\/ld+json\" class=\"yoast-schema-graph\">{\"@context\":\"https:\/\/schema.org\",\"@graph\":[{\"@type\":\"WebPage\",\"@id\":\"https:\/\/valika.eu\/en\/toode\/claresa-top-milky-no-wipe-5g\/\",\"url\":\"https:\/\/valika.eu\/en\/toode\/claresa-top-milky-no-wipe-5g\/\",\"name\":\"CLARESA Top Milky No wipe- 5g | Valika\",\"isPartOf\":{\"@id\":\"https:\/\/valika.eu\/en\/#website\"},\"primaryImageOfPage\":{\"@id\":\"https:\/\/valika.eu\/en\/toode\/claresa-top-milky-no-wipe-5g\/#primaryimage\"},\"image\":{\"@id\":\"https:\/\/valika.eu\/toode\/claresa-top-milky-no-wipe-5g\/#primaryimage\"},\"thumbnailUrl\":\"https:\/\/valika.eu\/wp-content\/uploads\/2024\/10\/TOP-MILKY.jpg\",\"datePublished\":\"2024-10-02T08:46:29+00:00\",\"dateModified\":\"2026-03-18T12:35:23+00:00\",\"description\":\"Pooll\u00e4bipaistev piimjas h\u00fcbriidtip sobib suurep\u00e4raselt #cleangirlaesthetic suuna armastajatele, kes soovivad \u00f5rnalt esile tuua oma k\u00fc\u00fcne looduslikku v\u00e4rvi.\",\"breadcrumb\":{\"@id\":\"https:\/\/valika.eu\/en\/toode\/claresa-top-milky-no-wipe-5g\/#breadcrumb\"},\"inLanguage\":\"en-US\",\"potentialAction\":[{\"@type\":\"ReadAction\",\"target\":[[\"https:\/\/valika.eu\/en\/toode\/claresa-top-milky-no-wipe-5g\/\"]]}]},{\"@type\":\"ImageObject\",\"inLanguage\":\"en-US\",\"@id\":\"https:\/\/valika.eu\/en\/toode\/claresa-top-milky-no-wipe-5g\/#primaryimage\",\"url\":\"https:\/\/valika.eu\/wp-content\/uploads\/2024\/10\/TOP-MILKY.jpg\",\"contentUrl\":\"https:\/\/valika.eu\/wp-content\/uploads\/2024\/10\/TOP-MILKY.jpg\",\"width\":1500,\"height\":1500},{\"@type\":\"BreadcrumbList\",\"@id\":\"https:\/\/valika.eu\/en\/toode\/claresa-top-milky-no-wipe-5g\/#breadcrumb\",\"itemListElement\":[{\"@type\":\"ListItem\",\"position\":1,\"name\":\"Koti\",\"item\":\"https:\/\/valika.eu\/en\/\"},{\"@type\":\"ListItem\",\"position\":2,\"name\":\"Shop\",\"item\":\"https:\/\/valika.eu\/en\/\"},{\"@type\":\"ListItem\",\"position\":3,\"name\":\"CLARESA Top Milky No wipe- 5g\"}]},{\"@type\":\"WebSite\",\"@id\":\"https:\/\/valika.eu\/en\/#website\",\"url\":\"https:\/\/valika.eu\/en\/\",\"name\":\"Valika.eu\",\"description\":\"Salon products and beauty products - Valika offers a wide range of products and accessories for nail technicians, beauty salons, hairdressers.\",\"publisher\":{\"@id\":\"https:\/\/valika.eu\/en\/#organization\"},\"alternateName\":\"Valika\",\"potentialAction\":[{\"@type\":\"SearchAction\",\"target\":{\"@type\":\"EntryPoint\",\"urlTemplate\":\"https:\/\/valika.eu\/en\/?s={search_term_string}\"},\"query-input\":{\"@type\":\"PropertyValueSpecification\",\"valueRequired\":true,\"valueName\":\"search_term_string\"}}],\"inLanguage\":\"en-US\"},{\"@type\":\"Organization\",\"@id\":\"https:\/\/valika.eu\/en\/#organization\",\"name\":\"Salongitoode O\u00dc\",\"alternateName\":\"Valika\",\"url\":\"https:\/\/valika.eu\/en\/\",\"logo\":{\"@type\":\"ImageObject\",\"inLanguage\":\"en-US\",\"@id\":\"https:\/\/valika.eu\/en\/#\/schema\/logo\/image\/\",\"url\":\"https:\/\/valika.eu\/wp-content\/uploads\/2023\/11\/logo2-valika-footer.png\",\"contentUrl\":\"https:\/\/valika.eu\/wp-content\/uploads\/2023\/11\/logo2-valika-footer.png\",\"width\":200,\"height\":129,\"caption\":\"Salongitoode O\u00dc\"},\"image\":{\"@id\":\"https:\/\/valika.eu\/en\/#\/schema\/logo\/image\/\"},\"sameAs\":[\"https:\/\/www.facebook.com\/tipsi.net\"]}]}<\/script>\n<!-- \/ Yoast SEO plugin. -->","yoast_head_json":{"title":"CLARESA Top Milky No wipe- 5g | Valika","description":"Pooll\u00e4bipaistev piimjas h\u00fcbriidtip sobib suurep\u00e4raselt #cleangirlaesthetic suuna armastajatele, kes soovivad \u00f5rnalt esile tuua oma k\u00fc\u00fcne looduslikku v\u00e4rvi.","robots":{"index":"index","follow":"follow","max-snippet":"max-snippet:-1","max-image-preview":"max-image-preview:large","max-video-preview":"max-video-preview:-1"},"canonical":"https:\/\/valika.eu\/en\/toode\/claresa-top-milky-no-wipe-5g\/","og_locale":"en_US","og_type":"article","og_title":"CLARESA Top Milky No wipe- 5g | Valika","og_description":"Pooll\u00e4bipaistev piimjas h\u00fcbriidtip sobib suurep\u00e4raselt #cleangirlaesthetic suuna armastajatele, kes soovivad \u00f5rnalt esile tuua oma k\u00fc\u00fcne looduslikku v\u00e4rvi.","og_url":"https:\/\/valika.eu\/en\/toode\/claresa-top-milky-no-wipe-5g\/","og_site_name":"Valika","article_publisher":"https:\/\/www.facebook.com\/tipsi.net","article_modified_time":"2026-03-18T12:35:23+00:00","og_image":[{"width":1500,"height":1500,"url":"https:\/\/valika.eu\/wp-content\/uploads\/2024\/10\/TOP-MILKY.jpg","type":"image\/jpeg"}],"twitter_card":"summary_large_image","schema":{"@context":"https:\/\/schema.org","@graph":[{"@type":"WebPage","@id":"https:\/\/valika.eu\/en\/toode\/claresa-top-milky-no-wipe-5g\/","url":"https:\/\/valika.eu\/en\/toode\/claresa-top-milky-no-wipe-5g\/","name":"CLARESA Top Milky No wipe- 5g | Valika","isPartOf":{"@id":"https:\/\/valika.eu\/en\/#website"},"primaryImageOfPage":{"@id":"https:\/\/valika.eu\/en\/toode\/claresa-top-milky-no-wipe-5g\/#primaryimage"},"image":{"@id":"https:\/\/valika.eu\/toode\/claresa-top-milky-no-wipe-5g\/#primaryimage"},"thumbnailUrl":"https:\/\/valika.eu\/wp-content\/uploads\/2024\/10\/TOP-MILKY.jpg","datePublished":"2024-10-02T08:46:29+00:00","dateModified":"2026-03-18T12:35:23+00:00","description":"Pooll\u00e4bipaistev piimjas h\u00fcbriidtip sobib suurep\u00e4raselt #cleangirlaesthetic suuna armastajatele, kes soovivad \u00f5rnalt esile tuua oma k\u00fc\u00fcne looduslikku v\u00e4rvi.","breadcrumb":{"@id":"https:\/\/valika.eu\/en\/toode\/claresa-top-milky-no-wipe-5g\/#breadcrumb"},"inLanguage":"en-US","potentialAction":[{"@type":"ReadAction","target":[["https:\/\/valika.eu\/en\/toode\/claresa-top-milky-no-wipe-5g\/"]]}]},{"@type":"ImageObject","inLanguage":"en-US","@id":"https:\/\/valika.eu\/en\/toode\/claresa-top-milky-no-wipe-5g\/#primaryimage","url":"https:\/\/valika.eu\/wp-content\/uploads\/2024\/10\/TOP-MILKY.jpg","contentUrl":"https:\/\/valika.eu\/wp-content\/uploads\/2024\/10\/TOP-MILKY.jpg","width":1500,"height":1500},{"@type":"BreadcrumbList","@id":"https:\/\/valika.eu\/en\/toode\/claresa-top-milky-no-wipe-5g\/#breadcrumb","itemListElement":[{"@type":"ListItem","position":1,"name":"Koti","item":"https:\/\/valika.eu\/en\/"},{"@type":"ListItem","position":2,"name":"Shop","item":"https:\/\/valika.eu\/en\/"},{"@type":"ListItem","position":3,"name":"CLARESA Top Milky No wipe- 5g"}]},{"@type":"WebSite","@id":"https:\/\/valika.eu\/en\/#website","url":"https:\/\/valika.eu\/en\/","name":"Valika.eu","description":"Salon products and beauty products - Valika offers a wide range of products and accessories for nail technicians, beauty salons, hairdressers.","publisher":{"@id":"https:\/\/valika.eu\/en\/#organization"},"alternateName":"Valika","potentialAction":[{"@type":"SearchAction","target":{"@type":"EntryPoint","urlTemplate":"https:\/\/valika.eu\/en\/?s={search_term_string}"},"query-input":{"@type":"PropertyValueSpecification","valueRequired":true,"valueName":"search_term_string"}}],"inLanguage":"en-US"},{"@type":"Organization","@id":"https:\/\/valika.eu\/en\/#organization","name":"Salongitoode O\u00dc","alternateName":"Valika","url":"https:\/\/valika.eu\/en\/","logo":{"@type":"ImageObject","inLanguage":"en-US","@id":"https:\/\/valika.eu\/en\/#\/schema\/logo\/image\/","url":"https:\/\/valika.eu\/wp-content\/uploads\/2023\/11\/logo2-valika-footer.png","contentUrl":"https:\/\/valika.eu\/wp-content\/uploads\/2023\/11\/logo2-valika-footer.png","width":200,"height":129,"caption":"Salongitoode O\u00dc"},"image":{"@id":"https:\/\/valika.eu\/en\/#\/schema\/logo\/image\/"},"sameAs":["https:\/\/www.facebook.com\/tipsi.net"]}]}},"jetpack_sharing_enabled":true,"_links":{"self":[{"href":"https:\/\/valika.eu\/en\/wp-json\/wp\/v2\/product\/1309","targetHints":{"allow":["GET"]}}],"collection":[{"href":"https:\/\/valika.eu\/en\/wp-json\/wp\/v2\/product"}],"about":[{"href":"https:\/\/valika.eu\/en\/wp-json\/wp\/v2\/types\/product"}],"wp:featuredmedia":[{"embeddable":true,"href":"https:\/\/valika.eu\/en\/wp-json\/wp\/v2\/media\/1310"}],"wp:attachment":[{"href":"https:\/\/valika.eu\/en\/wp-json\/wp\/v2\/media?parent=1309"}],"wp:term":[{"taxonomy":"product_brand","embeddable":true,"href":"https:\/\/valika.eu\/en\/wp-json\/wp\/v2\/product_brand?post=1309"},{"taxonomy":"product_cat","embeddable":true,"href":"https:\/\/valika.eu\/en\/wp-json\/wp\/v2\/product_cat?post=1309"},{"taxonomy":"product_tag","embeddable":true,"href":"https:\/\/valika.eu\/en\/wp-json\/wp\/v2\/product_tag?post=1309"}],"curies":[{"name":"wp","href":"https:\/\/api.w.org\/{rel}","templated":true}]}}