{"id":1324,"date":"2024-10-02T12:07:50","date_gmt":"2024-10-02T09:07:50","guid":{"rendered":"https:\/\/valika.eu\/?post_type=product&#038;p=1324"},"modified":"2026-04-06T12:47:48","modified_gmt":"2026-04-06T09:47:48","slug":"claresa-top-diamond-no-wipe-5g","status":"publish","type":"product","link":"https:\/\/valika.eu\/en\/toode\/claresa-top-diamond-no-wipe-5g\/","title":{"rendered":"Claresa Top Diamond No Wipe -5g"},"content":{"rendered":"<p>Diamonds captivate not only with their intense shine but also with their exceptional durability. Claresa Diamond Top combines exactly these two features. This transparent hybrid top is exceptionally hard, making it perfect for protecting your nail design. The formula doesn\u2019t fade during wear, making it ideal for dark colors, enhancing their depth and providing a high gloss finish. Application is incredibly easy\u2014you don\u2019t have to worry about flooding or cuticle spills. The top does not require cleaning of the dispersion layer.<\/p>\n<p>FEATURES:<\/p>\n<p>hassle-free application, no flooding of cuticles<br \/>\ntransparent<br \/>\nhigh gloss<br \/>\nmedium-thick consistency<br \/>\nno dispersion layer<br \/>\nlasts up to 3 weeks<br \/>\ncapacity: 5 g<br \/>\nUSAGE: Apply a layer of top on a previously cured Claresa hybrid polish and cure under a lamp. No need to clean the top layer.<\/p>","protected":false},"excerpt":{"rendered":"<p>You don&#8217;t have to worry about it spreading and running onto your cuticles. The top coat doesn&#8217;t require wiping off the sticky dispersion layer.<\/p>\n","protected":false},"featured_media":1322,"template":"","meta":[],"product_brand":[],"product_cat":[360,361,651],"product_tag":[],"class_list":{"0":"post-1324","1":"product","2":"type-product","3":"status-publish","4":"has-post-thumbnail","6":"product_cat-pealisalusgeel","7":"product_cat-claresa-top","8":"product_cat-pealisgeelid","10":"first","11":"instock","12":"taxable","13":"shipping-taxable","14":"purchasable","15":"product-type-simple"},"yoast_head":"<!-- This site is optimized with the Yoast SEO plugin v24.4 - https:\/\/yoast.com\/wordpress\/plugins\/seo\/ -->\n<title>Claresa Top Diamond No Wipe -5g | Valika<\/title>\n<meta name=\"description\" content=\"See l\u00e4bipaistev h\u00fcbriidtop on erakordselt tugev, t\u00e4nu millele kaitseb suurep\u00e4raselt k\u00fc\u00fcnte stiili.\" \/>\n<meta name=\"robots\" content=\"index, follow, max-snippet:-1, max-image-preview:large, max-video-preview:-1\" \/>\n<link rel=\"canonical\" href=\"https:\/\/valika.eu\/en\/toode\/claresa-top-diamond-no-wipe-5g\/\" \/>\n<meta property=\"og:locale\" content=\"en_US\" \/>\n<meta property=\"og:type\" content=\"article\" \/>\n<meta property=\"og:title\" content=\"Claresa Top Diamond No Wipe -5g | Valika\" \/>\n<meta property=\"og:description\" content=\"See l\u00e4bipaistev h\u00fcbriidtop on erakordselt tugev, t\u00e4nu millele kaitseb suurep\u00e4raselt k\u00fc\u00fcnte stiili.\" \/>\n<meta property=\"og:url\" content=\"https:\/\/valika.eu\/en\/toode\/claresa-top-diamond-no-wipe-5g\/\" \/>\n<meta property=\"og:site_name\" content=\"Valika\" \/>\n<meta property=\"article:publisher\" content=\"https:\/\/www.facebook.com\/tipsi.net\" \/>\n<meta property=\"article:modified_time\" content=\"2026-04-06T09:47:48+00:00\" \/>\n<meta property=\"og:image\" content=\"https:\/\/valika.eu\/wp-content\/uploads\/2024\/10\/top-hybrydowy-diamond-nadaje-wysoki-polysk-stylizacji.jpg\" \/>\n\t<meta property=\"og:image:width\" content=\"1500\" \/>\n\t<meta property=\"og:image:height\" content=\"1500\" \/>\n\t<meta property=\"og:image:type\" content=\"image\/jpeg\" \/>\n<meta name=\"twitter:card\" content=\"summary_large_image\" \/>\n<script type=\"application\/ld+json\" class=\"yoast-schema-graph\">{\"@context\":\"https:\/\/schema.org\",\"@graph\":[{\"@type\":\"WebPage\",\"@id\":\"https:\/\/valika.eu\/en\/toode\/claresa-top-diamond-no-wipe-5g\/\",\"url\":\"https:\/\/valika.eu\/en\/toode\/claresa-top-diamond-no-wipe-5g\/\",\"name\":\"Claresa Top Diamond No Wipe -5g | Valika\",\"isPartOf\":{\"@id\":\"https:\/\/valika.eu\/en\/#website\"},\"primaryImageOfPage\":{\"@id\":\"https:\/\/valika.eu\/en\/toode\/claresa-top-diamond-no-wipe-5g\/#primaryimage\"},\"image\":{\"@id\":\"https:\/\/valika.eu\/toode\/claresa-top-diamond-no-wipe-5g\/#primaryimage\"},\"thumbnailUrl\":\"https:\/\/valika.eu\/wp-content\/uploads\/2024\/10\/top-hybrydowy-diamond-nadaje-wysoki-polysk-stylizacji.jpg\",\"datePublished\":\"2024-10-02T09:07:50+00:00\",\"dateModified\":\"2026-04-06T09:47:48+00:00\",\"description\":\"See l\u00e4bipaistev h\u00fcbriidtop on erakordselt tugev, t\u00e4nu millele kaitseb suurep\u00e4raselt k\u00fc\u00fcnte stiili.\",\"breadcrumb\":{\"@id\":\"https:\/\/valika.eu\/en\/toode\/claresa-top-diamond-no-wipe-5g\/#breadcrumb\"},\"inLanguage\":\"en-US\",\"potentialAction\":[{\"@type\":\"ReadAction\",\"target\":[[\"https:\/\/valika.eu\/en\/toode\/claresa-top-diamond-no-wipe-5g\/\"]]}]},{\"@type\":\"ImageObject\",\"inLanguage\":\"en-US\",\"@id\":\"https:\/\/valika.eu\/en\/toode\/claresa-top-diamond-no-wipe-5g\/#primaryimage\",\"url\":\"https:\/\/valika.eu\/wp-content\/uploads\/2024\/10\/top-hybrydowy-diamond-nadaje-wysoki-polysk-stylizacji.jpg\",\"contentUrl\":\"https:\/\/valika.eu\/wp-content\/uploads\/2024\/10\/top-hybrydowy-diamond-nadaje-wysoki-polysk-stylizacji.jpg\",\"width\":1500,\"height\":1500},{\"@type\":\"BreadcrumbList\",\"@id\":\"https:\/\/valika.eu\/en\/toode\/claresa-top-diamond-no-wipe-5g\/#breadcrumb\",\"itemListElement\":[{\"@type\":\"ListItem\",\"position\":1,\"name\":\"Koti\",\"item\":\"https:\/\/valika.eu\/en\/\"},{\"@type\":\"ListItem\",\"position\":2,\"name\":\"Shop\",\"item\":\"https:\/\/valika.eu\/en\/\"},{\"@type\":\"ListItem\",\"position\":3,\"name\":\"Claresa Top Diamond No Wipe -5g\"}]},{\"@type\":\"WebSite\",\"@id\":\"https:\/\/valika.eu\/en\/#website\",\"url\":\"https:\/\/valika.eu\/en\/\",\"name\":\"Valika.eu\",\"description\":\"Salon products and beauty products - Valika offers a wide range of products and accessories for nail technicians, beauty salons, hairdressers.\",\"publisher\":{\"@id\":\"https:\/\/valika.eu\/en\/#organization\"},\"alternateName\":\"Valika\",\"potentialAction\":[{\"@type\":\"SearchAction\",\"target\":{\"@type\":\"EntryPoint\",\"urlTemplate\":\"https:\/\/valika.eu\/en\/?s={search_term_string}\"},\"query-input\":{\"@type\":\"PropertyValueSpecification\",\"valueRequired\":true,\"valueName\":\"search_term_string\"}}],\"inLanguage\":\"en-US\"},{\"@type\":\"Organization\",\"@id\":\"https:\/\/valika.eu\/en\/#organization\",\"name\":\"Salongitoode O\u00dc\",\"alternateName\":\"Valika\",\"url\":\"https:\/\/valika.eu\/en\/\",\"logo\":{\"@type\":\"ImageObject\",\"inLanguage\":\"en-US\",\"@id\":\"https:\/\/valika.eu\/en\/#\/schema\/logo\/image\/\",\"url\":\"https:\/\/valika.eu\/wp-content\/uploads\/2023\/11\/logo2-valika-footer.png\",\"contentUrl\":\"https:\/\/valika.eu\/wp-content\/uploads\/2023\/11\/logo2-valika-footer.png\",\"width\":200,\"height\":129,\"caption\":\"Salongitoode O\u00dc\"},\"image\":{\"@id\":\"https:\/\/valika.eu\/en\/#\/schema\/logo\/image\/\"},\"sameAs\":[\"https:\/\/www.facebook.com\/tipsi.net\"]}]}<\/script>\n<!-- \/ Yoast SEO plugin. -->","yoast_head_json":{"title":"Claresa Top Diamond No Wipe -5g | Valika","description":"See l\u00e4bipaistev h\u00fcbriidtop on erakordselt tugev, t\u00e4nu millele kaitseb suurep\u00e4raselt k\u00fc\u00fcnte stiili.","robots":{"index":"index","follow":"follow","max-snippet":"max-snippet:-1","max-image-preview":"max-image-preview:large","max-video-preview":"max-video-preview:-1"},"canonical":"https:\/\/valika.eu\/en\/toode\/claresa-top-diamond-no-wipe-5g\/","og_locale":"en_US","og_type":"article","og_title":"Claresa Top Diamond No Wipe -5g | Valika","og_description":"See l\u00e4bipaistev h\u00fcbriidtop on erakordselt tugev, t\u00e4nu millele kaitseb suurep\u00e4raselt k\u00fc\u00fcnte stiili.","og_url":"https:\/\/valika.eu\/en\/toode\/claresa-top-diamond-no-wipe-5g\/","og_site_name":"Valika","article_publisher":"https:\/\/www.facebook.com\/tipsi.net","article_modified_time":"2026-04-06T09:47:48+00:00","og_image":[{"width":1500,"height":1500,"url":"https:\/\/valika.eu\/wp-content\/uploads\/2024\/10\/top-hybrydowy-diamond-nadaje-wysoki-polysk-stylizacji.jpg","type":"image\/jpeg"}],"twitter_card":"summary_large_image","schema":{"@context":"https:\/\/schema.org","@graph":[{"@type":"WebPage","@id":"https:\/\/valika.eu\/en\/toode\/claresa-top-diamond-no-wipe-5g\/","url":"https:\/\/valika.eu\/en\/toode\/claresa-top-diamond-no-wipe-5g\/","name":"Claresa Top Diamond No Wipe -5g | Valika","isPartOf":{"@id":"https:\/\/valika.eu\/en\/#website"},"primaryImageOfPage":{"@id":"https:\/\/valika.eu\/en\/toode\/claresa-top-diamond-no-wipe-5g\/#primaryimage"},"image":{"@id":"https:\/\/valika.eu\/toode\/claresa-top-diamond-no-wipe-5g\/#primaryimage"},"thumbnailUrl":"https:\/\/valika.eu\/wp-content\/uploads\/2024\/10\/top-hybrydowy-diamond-nadaje-wysoki-polysk-stylizacji.jpg","datePublished":"2024-10-02T09:07:50+00:00","dateModified":"2026-04-06T09:47:48+00:00","description":"See l\u00e4bipaistev h\u00fcbriidtop on erakordselt tugev, t\u00e4nu millele kaitseb suurep\u00e4raselt k\u00fc\u00fcnte stiili.","breadcrumb":{"@id":"https:\/\/valika.eu\/en\/toode\/claresa-top-diamond-no-wipe-5g\/#breadcrumb"},"inLanguage":"en-US","potentialAction":[{"@type":"ReadAction","target":[["https:\/\/valika.eu\/en\/toode\/claresa-top-diamond-no-wipe-5g\/"]]}]},{"@type":"ImageObject","inLanguage":"en-US","@id":"https:\/\/valika.eu\/en\/toode\/claresa-top-diamond-no-wipe-5g\/#primaryimage","url":"https:\/\/valika.eu\/wp-content\/uploads\/2024\/10\/top-hybrydowy-diamond-nadaje-wysoki-polysk-stylizacji.jpg","contentUrl":"https:\/\/valika.eu\/wp-content\/uploads\/2024\/10\/top-hybrydowy-diamond-nadaje-wysoki-polysk-stylizacji.jpg","width":1500,"height":1500},{"@type":"BreadcrumbList","@id":"https:\/\/valika.eu\/en\/toode\/claresa-top-diamond-no-wipe-5g\/#breadcrumb","itemListElement":[{"@type":"ListItem","position":1,"name":"Koti","item":"https:\/\/valika.eu\/en\/"},{"@type":"ListItem","position":2,"name":"Shop","item":"https:\/\/valika.eu\/en\/"},{"@type":"ListItem","position":3,"name":"Claresa Top Diamond No Wipe -5g"}]},{"@type":"WebSite","@id":"https:\/\/valika.eu\/en\/#website","url":"https:\/\/valika.eu\/en\/","name":"Valika.eu","description":"Salon products and beauty products - Valika offers a wide range of products and accessories for nail technicians, beauty salons, hairdressers.","publisher":{"@id":"https:\/\/valika.eu\/en\/#organization"},"alternateName":"Valika","potentialAction":[{"@type":"SearchAction","target":{"@type":"EntryPoint","urlTemplate":"https:\/\/valika.eu\/en\/?s={search_term_string}"},"query-input":{"@type":"PropertyValueSpecification","valueRequired":true,"valueName":"search_term_string"}}],"inLanguage":"en-US"},{"@type":"Organization","@id":"https:\/\/valika.eu\/en\/#organization","name":"Salongitoode O\u00dc","alternateName":"Valika","url":"https:\/\/valika.eu\/en\/","logo":{"@type":"ImageObject","inLanguage":"en-US","@id":"https:\/\/valika.eu\/en\/#\/schema\/logo\/image\/","url":"https:\/\/valika.eu\/wp-content\/uploads\/2023\/11\/logo2-valika-footer.png","contentUrl":"https:\/\/valika.eu\/wp-content\/uploads\/2023\/11\/logo2-valika-footer.png","width":200,"height":129,"caption":"Salongitoode O\u00dc"},"image":{"@id":"https:\/\/valika.eu\/en\/#\/schema\/logo\/image\/"},"sameAs":["https:\/\/www.facebook.com\/tipsi.net"]}]}},"jetpack_sharing_enabled":true,"_links":{"self":[{"href":"https:\/\/valika.eu\/en\/wp-json\/wp\/v2\/product\/1324","targetHints":{"allow":["GET"]}}],"collection":[{"href":"https:\/\/valika.eu\/en\/wp-json\/wp\/v2\/product"}],"about":[{"href":"https:\/\/valika.eu\/en\/wp-json\/wp\/v2\/types\/product"}],"wp:featuredmedia":[{"embeddable":true,"href":"https:\/\/valika.eu\/en\/wp-json\/wp\/v2\/media\/1322"}],"wp:attachment":[{"href":"https:\/\/valika.eu\/en\/wp-json\/wp\/v2\/media?parent=1324"}],"wp:term":[{"taxonomy":"product_brand","embeddable":true,"href":"https:\/\/valika.eu\/en\/wp-json\/wp\/v2\/product_brand?post=1324"},{"taxonomy":"product_cat","embeddable":true,"href":"https:\/\/valika.eu\/en\/wp-json\/wp\/v2\/product_cat?post=1324"},{"taxonomy":"product_tag","embeddable":true,"href":"https:\/\/valika.eu\/en\/wp-json\/wp\/v2\/product_tag?post=1324"}],"curies":[{"name":"wp","href":"https:\/\/api.w.org\/{rel}","templated":true}]}}