{"id":1325,"date":"2024-10-02T12:26:22","date_gmt":"2024-10-02T09:26:22","guid":{"rendered":"https:\/\/valika.eu\/?post_type=product&#038;p=1325"},"modified":"2026-03-26T12:26:32","modified_gmt":"2026-03-26T10:26:32","slug":"claresa-top-glass-no-wipe-5g","status":"publish","type":"product","link":"https:\/\/valika.eu\/en\/toode\/claresa-top-glass-no-wipe-5g\/","title":{"rendered":"Claresa Top Glass No Wipe -5g"},"content":{"rendered":"<p>What do you do when you want to protect your smartphone screen from scratches while maintaining perfect display quality? Of course \u2012 you buy a good tempered glass.<\/p>\n<p>Claresa Glass Top is like liquid tempered glass for your nails! This universal transparent hybrid top is suitable for both extended nails and natural nail plates. Its formula is flexible, providing excellent protection against mechanical damage and giving a high gloss with a \u201cwet nails\u201d effect. The top doesn\u2019t thicken the nail plate, yet it thoroughly protects it. The product perfectly showcases the color of hybrid polishes\u2014both light and dark shades. It does not require cleaning of the dispersion layer.<\/p>\n<p>FEATURES:<\/p>\n<p>hassle-free application, no flooding of cuticles<br \/>\ntransparent<br \/>\nhigh gloss with a \u201cwet nails\u201d effect<br \/>\nthin consistency<br \/>\nno dispersion layer<br \/>\nlasts up to 3 weeks<br \/>\ncapacity: 5 g<br \/>\nUSAGE: Apply a layer of top on a previously cured Claresa hybrid polish and cure under a lamp. No need to clean the top layer.<\/p>\n<p>For professional use only. May cause an allergic reaction. Avoid contact with skin. Read the instructions carefully.<\/p>","protected":false},"excerpt":{"rendered":"<p>The top coat does not thicken the nail plate, but protects it perfectly. The product accurately conveys the color of hybrid varnishes &#8211; both light and dark shades. No need to clean the dispersion layer.<\/p>\n","protected":false},"featured_media":1327,"template":"","meta":[],"product_brand":[],"product_cat":[360,361,651],"product_tag":[],"class_list":{"0":"post-1325","1":"product","2":"type-product","3":"status-publish","4":"has-post-thumbnail","6":"product_cat-pealisalusgeel","7":"product_cat-claresa-top","8":"product_cat-pealisgeelid","10":"first","11":"instock","12":"taxable","13":"shipping-taxable","14":"purchasable","15":"product-type-simple"},"yoast_head":"<!-- This site is optimized with the Yoast SEO plugin v24.4 - https:\/\/yoast.com\/wordpress\/plugins\/seo\/ -->\n<title>Claresa Top Glass No Wipe -5g | Valika<\/title>\n<meta name=\"description\" content=\"Top ei muuda k\u00fc\u00fcneplaati paksemaks, kuid kaitseb seda t\u00e4iuslikult. Toode edastab h\u00fcbriidlakkide v\u00e4rvi t\u00e4pselt \u2012 nii heledate kui ka tumedate toonide puhul. Ei vaja dispersioonikihi puhastamist.\" \/>\n<meta name=\"robots\" content=\"index, follow, max-snippet:-1, max-image-preview:large, max-video-preview:-1\" \/>\n<link rel=\"canonical\" href=\"https:\/\/valika.eu\/en\/toode\/claresa-top-glass-no-wipe-5g\/\" \/>\n<meta property=\"og:locale\" content=\"en_US\" \/>\n<meta property=\"og:type\" content=\"article\" \/>\n<meta property=\"og:title\" content=\"Claresa Top Glass No Wipe -5g | Valika\" \/>\n<meta property=\"og:description\" content=\"Top ei muuda k\u00fc\u00fcneplaati paksemaks, kuid kaitseb seda t\u00e4iuslikult. Toode edastab h\u00fcbriidlakkide v\u00e4rvi t\u00e4pselt \u2012 nii heledate kui ka tumedate toonide puhul. Ei vaja dispersioonikihi puhastamist.\" \/>\n<meta property=\"og:url\" content=\"https:\/\/valika.eu\/en\/toode\/claresa-top-glass-no-wipe-5g\/\" \/>\n<meta property=\"og:site_name\" content=\"Valika\" \/>\n<meta property=\"article:publisher\" content=\"https:\/\/www.facebook.com\/tipsi.net\" \/>\n<meta property=\"article:modified_time\" content=\"2026-03-26T10:26:32+00:00\" \/>\n<meta property=\"og:image\" content=\"https:\/\/valika.eu\/wp-content\/uploads\/2024\/10\/Claresa-Top-Glass-No-Wipe-5g.jpg\" \/>\n\t<meta property=\"og:image:width\" content=\"1500\" \/>\n\t<meta property=\"og:image:height\" content=\"1500\" \/>\n\t<meta property=\"og:image:type\" content=\"image\/jpeg\" \/>\n<meta name=\"twitter:card\" content=\"summary_large_image\" \/>\n<script type=\"application\/ld+json\" class=\"yoast-schema-graph\">{\"@context\":\"https:\/\/schema.org\",\"@graph\":[{\"@type\":\"WebPage\",\"@id\":\"https:\/\/valika.eu\/en\/toode\/claresa-top-glass-no-wipe-5g\/\",\"url\":\"https:\/\/valika.eu\/en\/toode\/claresa-top-glass-no-wipe-5g\/\",\"name\":\"Claresa Top Glass No Wipe -5g | Valika\",\"isPartOf\":{\"@id\":\"https:\/\/valika.eu\/en\/#website\"},\"primaryImageOfPage\":{\"@id\":\"https:\/\/valika.eu\/en\/toode\/claresa-top-glass-no-wipe-5g\/#primaryimage\"},\"image\":{\"@id\":\"https:\/\/valika.eu\/toode\/claresa-top-glass-no-wipe-5g\/#primaryimage\"},\"thumbnailUrl\":\"https:\/\/valika.eu\/wp-content\/uploads\/2024\/10\/Claresa-Top-Glass-No-Wipe-5g.jpg\",\"datePublished\":\"2024-10-02T09:26:22+00:00\",\"dateModified\":\"2026-03-26T10:26:32+00:00\",\"description\":\"Top ei muuda k\u00fc\u00fcneplaati paksemaks, kuid kaitseb seda t\u00e4iuslikult. Toode edastab h\u00fcbriidlakkide v\u00e4rvi t\u00e4pselt \u2012 nii heledate kui ka tumedate toonide puhul. Ei vaja dispersioonikihi puhastamist.\",\"breadcrumb\":{\"@id\":\"https:\/\/valika.eu\/en\/toode\/claresa-top-glass-no-wipe-5g\/#breadcrumb\"},\"inLanguage\":\"en-US\",\"potentialAction\":[{\"@type\":\"ReadAction\",\"target\":[[\"https:\/\/valika.eu\/en\/toode\/claresa-top-glass-no-wipe-5g\/\"]]}]},{\"@type\":\"ImageObject\",\"inLanguage\":\"en-US\",\"@id\":\"https:\/\/valika.eu\/en\/toode\/claresa-top-glass-no-wipe-5g\/#primaryimage\",\"url\":\"https:\/\/valika.eu\/wp-content\/uploads\/2024\/10\/Claresa-Top-Glass-No-Wipe-5g.jpg\",\"contentUrl\":\"https:\/\/valika.eu\/wp-content\/uploads\/2024\/10\/Claresa-Top-Glass-No-Wipe-5g.jpg\",\"width\":1500,\"height\":1500},{\"@type\":\"BreadcrumbList\",\"@id\":\"https:\/\/valika.eu\/en\/toode\/claresa-top-glass-no-wipe-5g\/#breadcrumb\",\"itemListElement\":[{\"@type\":\"ListItem\",\"position\":1,\"name\":\"Koti\",\"item\":\"https:\/\/valika.eu\/en\/\"},{\"@type\":\"ListItem\",\"position\":2,\"name\":\"Shop\",\"item\":\"https:\/\/valika.eu\/en\/\"},{\"@type\":\"ListItem\",\"position\":3,\"name\":\"Claresa Top Glass No Wipe -5g\"}]},{\"@type\":\"WebSite\",\"@id\":\"https:\/\/valika.eu\/en\/#website\",\"url\":\"https:\/\/valika.eu\/en\/\",\"name\":\"Valika.eu\",\"description\":\"Salon products and beauty products - Valika offers a wide range of products and accessories for nail technicians, beauty salons, hairdressers.\",\"publisher\":{\"@id\":\"https:\/\/valika.eu\/en\/#organization\"},\"alternateName\":\"Valika\",\"potentialAction\":[{\"@type\":\"SearchAction\",\"target\":{\"@type\":\"EntryPoint\",\"urlTemplate\":\"https:\/\/valika.eu\/en\/?s={search_term_string}\"},\"query-input\":{\"@type\":\"PropertyValueSpecification\",\"valueRequired\":true,\"valueName\":\"search_term_string\"}}],\"inLanguage\":\"en-US\"},{\"@type\":\"Organization\",\"@id\":\"https:\/\/valika.eu\/en\/#organization\",\"name\":\"Salongitoode O\u00dc\",\"alternateName\":\"Valika\",\"url\":\"https:\/\/valika.eu\/en\/\",\"logo\":{\"@type\":\"ImageObject\",\"inLanguage\":\"en-US\",\"@id\":\"https:\/\/valika.eu\/en\/#\/schema\/logo\/image\/\",\"url\":\"https:\/\/valika.eu\/wp-content\/uploads\/2023\/11\/logo2-valika-footer.png\",\"contentUrl\":\"https:\/\/valika.eu\/wp-content\/uploads\/2023\/11\/logo2-valika-footer.png\",\"width\":200,\"height\":129,\"caption\":\"Salongitoode O\u00dc\"},\"image\":{\"@id\":\"https:\/\/valika.eu\/en\/#\/schema\/logo\/image\/\"},\"sameAs\":[\"https:\/\/www.facebook.com\/tipsi.net\"]}]}<\/script>\n<!-- \/ Yoast SEO plugin. -->","yoast_head_json":{"title":"Claresa Top Glass No Wipe -5g | Valika","description":"Top ei muuda k\u00fc\u00fcneplaati paksemaks, kuid kaitseb seda t\u00e4iuslikult. Toode edastab h\u00fcbriidlakkide v\u00e4rvi t\u00e4pselt \u2012 nii heledate kui ka tumedate toonide puhul. Ei vaja dispersioonikihi puhastamist.","robots":{"index":"index","follow":"follow","max-snippet":"max-snippet:-1","max-image-preview":"max-image-preview:large","max-video-preview":"max-video-preview:-1"},"canonical":"https:\/\/valika.eu\/en\/toode\/claresa-top-glass-no-wipe-5g\/","og_locale":"en_US","og_type":"article","og_title":"Claresa Top Glass No Wipe -5g | Valika","og_description":"Top ei muuda k\u00fc\u00fcneplaati paksemaks, kuid kaitseb seda t\u00e4iuslikult. Toode edastab h\u00fcbriidlakkide v\u00e4rvi t\u00e4pselt \u2012 nii heledate kui ka tumedate toonide puhul. Ei vaja dispersioonikihi puhastamist.","og_url":"https:\/\/valika.eu\/en\/toode\/claresa-top-glass-no-wipe-5g\/","og_site_name":"Valika","article_publisher":"https:\/\/www.facebook.com\/tipsi.net","article_modified_time":"2026-03-26T10:26:32+00:00","og_image":[{"width":1500,"height":1500,"url":"https:\/\/valika.eu\/wp-content\/uploads\/2024\/10\/Claresa-Top-Glass-No-Wipe-5g.jpg","type":"image\/jpeg"}],"twitter_card":"summary_large_image","schema":{"@context":"https:\/\/schema.org","@graph":[{"@type":"WebPage","@id":"https:\/\/valika.eu\/en\/toode\/claresa-top-glass-no-wipe-5g\/","url":"https:\/\/valika.eu\/en\/toode\/claresa-top-glass-no-wipe-5g\/","name":"Claresa Top Glass No Wipe -5g | Valika","isPartOf":{"@id":"https:\/\/valika.eu\/en\/#website"},"primaryImageOfPage":{"@id":"https:\/\/valika.eu\/en\/toode\/claresa-top-glass-no-wipe-5g\/#primaryimage"},"image":{"@id":"https:\/\/valika.eu\/toode\/claresa-top-glass-no-wipe-5g\/#primaryimage"},"thumbnailUrl":"https:\/\/valika.eu\/wp-content\/uploads\/2024\/10\/Claresa-Top-Glass-No-Wipe-5g.jpg","datePublished":"2024-10-02T09:26:22+00:00","dateModified":"2026-03-26T10:26:32+00:00","description":"Top ei muuda k\u00fc\u00fcneplaati paksemaks, kuid kaitseb seda t\u00e4iuslikult. Toode edastab h\u00fcbriidlakkide v\u00e4rvi t\u00e4pselt \u2012 nii heledate kui ka tumedate toonide puhul. Ei vaja dispersioonikihi puhastamist.","breadcrumb":{"@id":"https:\/\/valika.eu\/en\/toode\/claresa-top-glass-no-wipe-5g\/#breadcrumb"},"inLanguage":"en-US","potentialAction":[{"@type":"ReadAction","target":[["https:\/\/valika.eu\/en\/toode\/claresa-top-glass-no-wipe-5g\/"]]}]},{"@type":"ImageObject","inLanguage":"en-US","@id":"https:\/\/valika.eu\/en\/toode\/claresa-top-glass-no-wipe-5g\/#primaryimage","url":"https:\/\/valika.eu\/wp-content\/uploads\/2024\/10\/Claresa-Top-Glass-No-Wipe-5g.jpg","contentUrl":"https:\/\/valika.eu\/wp-content\/uploads\/2024\/10\/Claresa-Top-Glass-No-Wipe-5g.jpg","width":1500,"height":1500},{"@type":"BreadcrumbList","@id":"https:\/\/valika.eu\/en\/toode\/claresa-top-glass-no-wipe-5g\/#breadcrumb","itemListElement":[{"@type":"ListItem","position":1,"name":"Koti","item":"https:\/\/valika.eu\/en\/"},{"@type":"ListItem","position":2,"name":"Shop","item":"https:\/\/valika.eu\/en\/"},{"@type":"ListItem","position":3,"name":"Claresa Top Glass No Wipe -5g"}]},{"@type":"WebSite","@id":"https:\/\/valika.eu\/en\/#website","url":"https:\/\/valika.eu\/en\/","name":"Valika.eu","description":"Salon products and beauty products - Valika offers a wide range of products and accessories for nail technicians, beauty salons, hairdressers.","publisher":{"@id":"https:\/\/valika.eu\/en\/#organization"},"alternateName":"Valika","potentialAction":[{"@type":"SearchAction","target":{"@type":"EntryPoint","urlTemplate":"https:\/\/valika.eu\/en\/?s={search_term_string}"},"query-input":{"@type":"PropertyValueSpecification","valueRequired":true,"valueName":"search_term_string"}}],"inLanguage":"en-US"},{"@type":"Organization","@id":"https:\/\/valika.eu\/en\/#organization","name":"Salongitoode O\u00dc","alternateName":"Valika","url":"https:\/\/valika.eu\/en\/","logo":{"@type":"ImageObject","inLanguage":"en-US","@id":"https:\/\/valika.eu\/en\/#\/schema\/logo\/image\/","url":"https:\/\/valika.eu\/wp-content\/uploads\/2023\/11\/logo2-valika-footer.png","contentUrl":"https:\/\/valika.eu\/wp-content\/uploads\/2023\/11\/logo2-valika-footer.png","width":200,"height":129,"caption":"Salongitoode O\u00dc"},"image":{"@id":"https:\/\/valika.eu\/en\/#\/schema\/logo\/image\/"},"sameAs":["https:\/\/www.facebook.com\/tipsi.net"]}]}},"jetpack_sharing_enabled":true,"_links":{"self":[{"href":"https:\/\/valika.eu\/en\/wp-json\/wp\/v2\/product\/1325","targetHints":{"allow":["GET"]}}],"collection":[{"href":"https:\/\/valika.eu\/en\/wp-json\/wp\/v2\/product"}],"about":[{"href":"https:\/\/valika.eu\/en\/wp-json\/wp\/v2\/types\/product"}],"wp:featuredmedia":[{"embeddable":true,"href":"https:\/\/valika.eu\/en\/wp-json\/wp\/v2\/media\/1327"}],"wp:attachment":[{"href":"https:\/\/valika.eu\/en\/wp-json\/wp\/v2\/media?parent=1325"}],"wp:term":[{"taxonomy":"product_brand","embeddable":true,"href":"https:\/\/valika.eu\/en\/wp-json\/wp\/v2\/product_brand?post=1325"},{"taxonomy":"product_cat","embeddable":true,"href":"https:\/\/valika.eu\/en\/wp-json\/wp\/v2\/product_cat?post=1325"},{"taxonomy":"product_tag","embeddable":true,"href":"https:\/\/valika.eu\/en\/wp-json\/wp\/v2\/product_tag?post=1325"}],"curies":[{"name":"wp","href":"https:\/\/api.w.org\/{rel}","templated":true}]}}