{"id":1332,"date":"2024-10-02T12:43:20","date_gmt":"2024-10-02T09:43:20","guid":{"rendered":"https:\/\/valika.eu\/?post_type=product&#038;p=1332"},"modified":"2025-10-14T11:31:05","modified_gmt":"2025-10-14T08:31:05","slug":"claresa-top-no-wipe-5g-glitter-silver","status":"publish","type":"product","link":"https:\/\/valika.eu\/en\/toode\/claresa-top-no-wipe-5g-glitter-silver\/","title":{"rendered":"CLARESA Top No Wipe 5g Glitter Silver"},"content":{"rendered":"<p>CLARESA TOP NO WIPE 5G GLITTER SILVER UV\/LED, HYBRID TOP<\/p>\n<p>DENSITY: medium-density, easy to use<\/p>\n<p>COLOR: transparent with silver glitter dust<\/p>\n<p>PURPOSE:<\/p>\n<p>for finishing a manicure<br \/>\ntopcoat<br \/>\nADVANTAGES:<\/p>\n<p>shimmers in silver<br \/>\ndurable and doesn\u2019t yellow<br \/>\nCURING: standard UV\/LED<\/p>\n<p>A hybrid top is the finishing touch for any nail style. With this top, you can enjoy your manicure for up to 3 weeks. It is perfect for both colored hybrid polish and French-style nails.<\/p>\n<p>What effect do you want \u2014 which hybrid top to choose?<br \/>\nDepending on the effect you want to achieve, there are many types of tops. If you want your manicure to shine beautifully, you can use a top that gives your nails a perfect gloss. If you prefer a matte finish, a top with this effect is also available in the Claresa store. There are also tops with glitter, and that\u2019s what this is about. Claresa&#8217;s Glitter Silver no wipe top combines shine embedded in silver particles. This transparent hybrid glitter top does not have a dispersion layer, which means it doesn\u2019t require cleaning after curing.<\/p>\n<p>Born to shine.<br \/>\nEnjoy the dazzling shine of your nails with Claresa&#8217;s glitter top. A style finished with this top will be perfect for many occasions. Millions of particles will beautifully sparkle on any hybrid polish color you choose\u2014from light, transparent shades to dark reds and purples.<\/p>\n<p>Longer durability.<br \/>\nThe Top coat no wipe is applied to the last layer of hybrid polish and cured under a UV\/LED lamp. Its purpose is to extend the durability of the manicure. With it, your styling will be resistant to external damage. You can enjoy a beautiful manicure for a long time.<\/p>\n<p>Top no wipe \u2013 does not require cleaning with Cleaner.<\/p>","protected":false},"excerpt":{"rendered":"<p>Top no wipe \u2013 no need to clean with Cleaner. Born to shine. Enjoy the enchanting shine of your nails with Claresa glitter top. The style finished with such a top is suitable for many different occasions.<\/p>\n","protected":false},"featured_media":1337,"template":"","meta":[],"product_brand":[],"product_cat":[360,361,651],"product_tag":[],"class_list":{"0":"post-1332","1":"product","2":"type-product","3":"status-publish","4":"has-post-thumbnail","6":"product_cat-pealisalusgeel","7":"product_cat-claresa-top","8":"product_cat-pealisgeelid","10":"first","11":"outofstock","12":"taxable","13":"shipping-taxable","14":"purchasable","15":"product-type-simple"},"yoast_head":"<!-- This site is optimized with the Yoast SEO plugin v24.4 - https:\/\/yoast.com\/wordpress\/plugins\/seo\/ -->\n<title>CLARESA Top No Wipe 5g Glitter Silver | Valika<\/title>\n<meta name=\"description\" content=\"Top no wipe \u2013 ei vaja Cleaneriga puhastamist. S\u00fcndinud s\u00e4rama. Naudi lummavat k\u00fc\u00fcnte s\u00e4ra Claresa s\u00e4deleva topiga. Sellise topiga viimistletud stiil sobib paljudeks erinevateks s\u00fcndmusteks.\" \/>\n<meta name=\"robots\" content=\"index, follow, max-snippet:-1, max-image-preview:large, max-video-preview:-1\" \/>\n<link rel=\"canonical\" href=\"https:\/\/valika.eu\/en\/toode\/claresa-top-no-wipe-5g-glitter-silver\/\" \/>\n<meta property=\"og:locale\" content=\"en_US\" \/>\n<meta property=\"og:type\" content=\"article\" \/>\n<meta property=\"og:title\" content=\"CLARESA Top No Wipe 5g Glitter Silver | Valika\" \/>\n<meta property=\"og:description\" content=\"Top no wipe \u2013 ei vaja Cleaneriga puhastamist. S\u00fcndinud s\u00e4rama. Naudi lummavat k\u00fc\u00fcnte s\u00e4ra Claresa s\u00e4deleva topiga. Sellise topiga viimistletud stiil sobib paljudeks erinevateks s\u00fcndmusteks.\" \/>\n<meta property=\"og:url\" content=\"https:\/\/valika.eu\/en\/toode\/claresa-top-no-wipe-5g-glitter-silver\/\" \/>\n<meta property=\"og:site_name\" content=\"Valika\" \/>\n<meta property=\"article:publisher\" content=\"https:\/\/www.facebook.com\/tipsi.net\" \/>\n<meta property=\"article:modified_time\" content=\"2025-10-14T08:31:05+00:00\" \/>\n<meta property=\"og:image\" content=\"https:\/\/valika.eu\/wp-content\/uploads\/2024\/10\/claresa-top-no-wipe-glitter-silver.jpg\" \/>\n\t<meta property=\"og:image:width\" content=\"1500\" \/>\n\t<meta property=\"og:image:height\" content=\"1500\" \/>\n\t<meta property=\"og:image:type\" content=\"image\/jpeg\" \/>\n<meta name=\"twitter:card\" content=\"summary_large_image\" \/>\n<script type=\"application\/ld+json\" class=\"yoast-schema-graph\">{\"@context\":\"https:\/\/schema.org\",\"@graph\":[{\"@type\":\"WebPage\",\"@id\":\"https:\/\/valika.eu\/en\/toode\/claresa-top-no-wipe-5g-glitter-silver\/\",\"url\":\"https:\/\/valika.eu\/en\/toode\/claresa-top-no-wipe-5g-glitter-silver\/\",\"name\":\"CLARESA Top No Wipe 5g Glitter Silver | Valika\",\"isPartOf\":{\"@id\":\"https:\/\/valika.eu\/en\/#website\"},\"primaryImageOfPage\":{\"@id\":\"https:\/\/valika.eu\/en\/toode\/claresa-top-no-wipe-5g-glitter-silver\/#primaryimage\"},\"image\":{\"@id\":\"https:\/\/valika.eu\/toode\/claresa-top-no-wipe-5g-glitter-silver\/#primaryimage\"},\"thumbnailUrl\":\"https:\/\/valika.eu\/wp-content\/uploads\/2024\/10\/claresa-top-no-wipe-glitter-silver.jpg\",\"datePublished\":\"2024-10-02T09:43:20+00:00\",\"dateModified\":\"2025-10-14T08:31:05+00:00\",\"description\":\"Top no wipe \u2013 ei vaja Cleaneriga puhastamist. S\u00fcndinud s\u00e4rama. Naudi lummavat k\u00fc\u00fcnte s\u00e4ra Claresa s\u00e4deleva topiga. Sellise topiga viimistletud stiil sobib paljudeks erinevateks s\u00fcndmusteks.\",\"breadcrumb\":{\"@id\":\"https:\/\/valika.eu\/en\/toode\/claresa-top-no-wipe-5g-glitter-silver\/#breadcrumb\"},\"inLanguage\":\"en-US\",\"potentialAction\":[{\"@type\":\"ReadAction\",\"target\":[[\"https:\/\/valika.eu\/en\/toode\/claresa-top-no-wipe-5g-glitter-silver\/\"]]}]},{\"@type\":\"ImageObject\",\"inLanguage\":\"en-US\",\"@id\":\"https:\/\/valika.eu\/en\/toode\/claresa-top-no-wipe-5g-glitter-silver\/#primaryimage\",\"url\":\"https:\/\/valika.eu\/wp-content\/uploads\/2024\/10\/claresa-top-no-wipe-glitter-silver.jpg\",\"contentUrl\":\"https:\/\/valika.eu\/wp-content\/uploads\/2024\/10\/claresa-top-no-wipe-glitter-silver.jpg\",\"width\":1500,\"height\":1500},{\"@type\":\"BreadcrumbList\",\"@id\":\"https:\/\/valika.eu\/en\/toode\/claresa-top-no-wipe-5g-glitter-silver\/#breadcrumb\",\"itemListElement\":[{\"@type\":\"ListItem\",\"position\":1,\"name\":\"Koti\",\"item\":\"https:\/\/valika.eu\/en\/\"},{\"@type\":\"ListItem\",\"position\":2,\"name\":\"Shop\",\"item\":\"https:\/\/valika.eu\/en\/\"},{\"@type\":\"ListItem\",\"position\":3,\"name\":\"CLARESA Top No Wipe 5g Glitter Silver\"}]},{\"@type\":\"WebSite\",\"@id\":\"https:\/\/valika.eu\/en\/#website\",\"url\":\"https:\/\/valika.eu\/en\/\",\"name\":\"Valika.eu\",\"description\":\"Salon products and beauty products - Valika offers a wide range of products and accessories for nail technicians, beauty salons, hairdressers.\",\"publisher\":{\"@id\":\"https:\/\/valika.eu\/en\/#organization\"},\"alternateName\":\"Valika\",\"potentialAction\":[{\"@type\":\"SearchAction\",\"target\":{\"@type\":\"EntryPoint\",\"urlTemplate\":\"https:\/\/valika.eu\/en\/?s={search_term_string}\"},\"query-input\":{\"@type\":\"PropertyValueSpecification\",\"valueRequired\":true,\"valueName\":\"search_term_string\"}}],\"inLanguage\":\"en-US\"},{\"@type\":\"Organization\",\"@id\":\"https:\/\/valika.eu\/en\/#organization\",\"name\":\"Salongitoode O\u00dc\",\"alternateName\":\"Valika\",\"url\":\"https:\/\/valika.eu\/en\/\",\"logo\":{\"@type\":\"ImageObject\",\"inLanguage\":\"en-US\",\"@id\":\"https:\/\/valika.eu\/en\/#\/schema\/logo\/image\/\",\"url\":\"https:\/\/valika.eu\/wp-content\/uploads\/2023\/11\/logo2-valika-footer.png\",\"contentUrl\":\"https:\/\/valika.eu\/wp-content\/uploads\/2023\/11\/logo2-valika-footer.png\",\"width\":200,\"height\":129,\"caption\":\"Salongitoode O\u00dc\"},\"image\":{\"@id\":\"https:\/\/valika.eu\/en\/#\/schema\/logo\/image\/\"},\"sameAs\":[\"https:\/\/www.facebook.com\/tipsi.net\"]}]}<\/script>\n<!-- \/ Yoast SEO plugin. -->","yoast_head_json":{"title":"CLARESA Top No Wipe 5g Glitter Silver | Valika","description":"Top no wipe \u2013 ei vaja Cleaneriga puhastamist. S\u00fcndinud s\u00e4rama. Naudi lummavat k\u00fc\u00fcnte s\u00e4ra Claresa s\u00e4deleva topiga. Sellise topiga viimistletud stiil sobib paljudeks erinevateks s\u00fcndmusteks.","robots":{"index":"index","follow":"follow","max-snippet":"max-snippet:-1","max-image-preview":"max-image-preview:large","max-video-preview":"max-video-preview:-1"},"canonical":"https:\/\/valika.eu\/en\/toode\/claresa-top-no-wipe-5g-glitter-silver\/","og_locale":"en_US","og_type":"article","og_title":"CLARESA Top No Wipe 5g Glitter Silver | Valika","og_description":"Top no wipe \u2013 ei vaja Cleaneriga puhastamist. S\u00fcndinud s\u00e4rama. Naudi lummavat k\u00fc\u00fcnte s\u00e4ra Claresa s\u00e4deleva topiga. Sellise topiga viimistletud stiil sobib paljudeks erinevateks s\u00fcndmusteks.","og_url":"https:\/\/valika.eu\/en\/toode\/claresa-top-no-wipe-5g-glitter-silver\/","og_site_name":"Valika","article_publisher":"https:\/\/www.facebook.com\/tipsi.net","article_modified_time":"2025-10-14T08:31:05+00:00","og_image":[{"width":1500,"height":1500,"url":"https:\/\/valika.eu\/wp-content\/uploads\/2024\/10\/claresa-top-no-wipe-glitter-silver.jpg","type":"image\/jpeg"}],"twitter_card":"summary_large_image","schema":{"@context":"https:\/\/schema.org","@graph":[{"@type":"WebPage","@id":"https:\/\/valika.eu\/en\/toode\/claresa-top-no-wipe-5g-glitter-silver\/","url":"https:\/\/valika.eu\/en\/toode\/claresa-top-no-wipe-5g-glitter-silver\/","name":"CLARESA Top No Wipe 5g Glitter Silver | Valika","isPartOf":{"@id":"https:\/\/valika.eu\/en\/#website"},"primaryImageOfPage":{"@id":"https:\/\/valika.eu\/en\/toode\/claresa-top-no-wipe-5g-glitter-silver\/#primaryimage"},"image":{"@id":"https:\/\/valika.eu\/toode\/claresa-top-no-wipe-5g-glitter-silver\/#primaryimage"},"thumbnailUrl":"https:\/\/valika.eu\/wp-content\/uploads\/2024\/10\/claresa-top-no-wipe-glitter-silver.jpg","datePublished":"2024-10-02T09:43:20+00:00","dateModified":"2025-10-14T08:31:05+00:00","description":"Top no wipe \u2013 ei vaja Cleaneriga puhastamist. S\u00fcndinud s\u00e4rama. Naudi lummavat k\u00fc\u00fcnte s\u00e4ra Claresa s\u00e4deleva topiga. Sellise topiga viimistletud stiil sobib paljudeks erinevateks s\u00fcndmusteks.","breadcrumb":{"@id":"https:\/\/valika.eu\/en\/toode\/claresa-top-no-wipe-5g-glitter-silver\/#breadcrumb"},"inLanguage":"en-US","potentialAction":[{"@type":"ReadAction","target":[["https:\/\/valika.eu\/en\/toode\/claresa-top-no-wipe-5g-glitter-silver\/"]]}]},{"@type":"ImageObject","inLanguage":"en-US","@id":"https:\/\/valika.eu\/en\/toode\/claresa-top-no-wipe-5g-glitter-silver\/#primaryimage","url":"https:\/\/valika.eu\/wp-content\/uploads\/2024\/10\/claresa-top-no-wipe-glitter-silver.jpg","contentUrl":"https:\/\/valika.eu\/wp-content\/uploads\/2024\/10\/claresa-top-no-wipe-glitter-silver.jpg","width":1500,"height":1500},{"@type":"BreadcrumbList","@id":"https:\/\/valika.eu\/en\/toode\/claresa-top-no-wipe-5g-glitter-silver\/#breadcrumb","itemListElement":[{"@type":"ListItem","position":1,"name":"Koti","item":"https:\/\/valika.eu\/en\/"},{"@type":"ListItem","position":2,"name":"Shop","item":"https:\/\/valika.eu\/en\/"},{"@type":"ListItem","position":3,"name":"CLARESA Top No Wipe 5g Glitter Silver"}]},{"@type":"WebSite","@id":"https:\/\/valika.eu\/en\/#website","url":"https:\/\/valika.eu\/en\/","name":"Valika.eu","description":"Salon products and beauty products - Valika offers a wide range of products and accessories for nail technicians, beauty salons, hairdressers.","publisher":{"@id":"https:\/\/valika.eu\/en\/#organization"},"alternateName":"Valika","potentialAction":[{"@type":"SearchAction","target":{"@type":"EntryPoint","urlTemplate":"https:\/\/valika.eu\/en\/?s={search_term_string}"},"query-input":{"@type":"PropertyValueSpecification","valueRequired":true,"valueName":"search_term_string"}}],"inLanguage":"en-US"},{"@type":"Organization","@id":"https:\/\/valika.eu\/en\/#organization","name":"Salongitoode O\u00dc","alternateName":"Valika","url":"https:\/\/valika.eu\/en\/","logo":{"@type":"ImageObject","inLanguage":"en-US","@id":"https:\/\/valika.eu\/en\/#\/schema\/logo\/image\/","url":"https:\/\/valika.eu\/wp-content\/uploads\/2023\/11\/logo2-valika-footer.png","contentUrl":"https:\/\/valika.eu\/wp-content\/uploads\/2023\/11\/logo2-valika-footer.png","width":200,"height":129,"caption":"Salongitoode O\u00dc"},"image":{"@id":"https:\/\/valika.eu\/en\/#\/schema\/logo\/image\/"},"sameAs":["https:\/\/www.facebook.com\/tipsi.net"]}]}},"jetpack_sharing_enabled":true,"_links":{"self":[{"href":"https:\/\/valika.eu\/en\/wp-json\/wp\/v2\/product\/1332","targetHints":{"allow":["GET"]}}],"collection":[{"href":"https:\/\/valika.eu\/en\/wp-json\/wp\/v2\/product"}],"about":[{"href":"https:\/\/valika.eu\/en\/wp-json\/wp\/v2\/types\/product"}],"wp:featuredmedia":[{"embeddable":true,"href":"https:\/\/valika.eu\/en\/wp-json\/wp\/v2\/media\/1337"}],"wp:attachment":[{"href":"https:\/\/valika.eu\/en\/wp-json\/wp\/v2\/media?parent=1332"}],"wp:term":[{"taxonomy":"product_brand","embeddable":true,"href":"https:\/\/valika.eu\/en\/wp-json\/wp\/v2\/product_brand?post=1332"},{"taxonomy":"product_cat","embeddable":true,"href":"https:\/\/valika.eu\/en\/wp-json\/wp\/v2\/product_cat?post=1332"},{"taxonomy":"product_tag","embeddable":true,"href":"https:\/\/valika.eu\/en\/wp-json\/wp\/v2\/product_tag?post=1332"}],"curies":[{"name":"wp","href":"https:\/\/api.w.org\/{rel}","templated":true}]}}