{"id":13429,"date":"2025-03-05T17:19:57","date_gmt":"2025-03-05T15:19:57","guid":{"rendered":"https:\/\/valika.eu\/?post_type=product&#038;p=13429"},"modified":"2026-03-06T20:42:53","modified_gmt":"2026-03-06T18:42:53","slug":"15-g-base-one-gel-uv-cover-dark","status":"publish","type":"product","link":"https:\/\/valika.eu\/en\/toode\/15-g-base-one-gel-uv-cover-dark\/","title":{"rendered":"15 g Base One Gel UV Cover Dark"},"content":{"rendered":"<p><\/p>\n<div id=\"About\" class=\"longdescription__tab\" data-name=\"About\">\n<div class=\"longdescription__tab__content\">\n<p><span id=\"result_box\" class=\"hps\" lang=\"en\"><strong><span class=\"hps\">Base<\/span>\u00a0<span class=\"hps\">One<\/span>\u00a0<span class=\"hps\">Cover<\/span>\u00a0<span class=\"hps\">Dark<\/span><\/strong>\u00a0<span class=\"hps\">UV gel<\/span>\u00a0<span class=\"hps\">is<\/span>\u00a0<span class=\"hps\">masking<\/span>\u00a0<span class=\"hps\">a dark<\/span>\u00a0<span class=\"hps\">coloring<\/span>\u00a0<span class=\"hps\">of pink<\/span>\u00a0<span class=\"hps\">flesh<\/span>.\u00a0<span class=\"hps\">Very<\/span>\u00a0<span class=\"hps\">well suited for<\/span>\u00a0<span class=\"hps alt-edited\">people with<\/span>\u00a0<span class=\"hps\">dark complexion<\/span>.\u00a0<span class=\"hps\">Medium density<\/span>\u00a0<span class=\"hps\">gel<\/span>.\u00a0<span class=\"hps\">Very well<\/span>\u00a0<span class=\"hps\">leveled<\/span>\u00a0<span class=\"hps alt-edited\">on a plane<\/span>\u00a0<span class=\"hps\">of the nail.<\/span>\u00a0<span class=\"hps\">Gives natural<\/span>\u00a0<span class=\"hps\">color,<\/span>\u00a0<span class=\"hps\">perfectly<\/span>\u00a0<span class=\"hps\">camouflages<\/span>\u00a0<span class=\"hps\">plate and<\/span>\u00a0<span class=\"hps\">visually lengthens<\/span>\u00a0<span class=\"hps\">your nails<\/span>.\u00a0<span class=\"hps\">The gel<\/span>\u00a0<span class=\"hps\">perfectly<\/span>\u00a0<span class=\"hps\">conceals<\/span>\u00a0<span class=\"hps\">blemishes and<\/span>\u00a0<span class=\"hps\">imperfections.<\/span>\u00a0<span class=\"hps\">You can<\/span>\u00a0<span class=\"hps\">connect<\/span>\u00a0<span class=\"hps\">seamlessly with<\/span>\u00a0<span class=\"hps\">other<\/span>\u00a0<span class=\"hps\">gels<\/span>.<\/span><\/p>\n<p><span id=\"result_box\" class=\"hps\" lang=\"en\"><strong><span class=\"hps\">Base<\/span>\u00a0One\u00a0<\/strong>gels\u00a0<span class=\"hps\">were created<\/span>\u00a0<span class=\"hps\">by<\/span>\u00a0<span class=\"hps\">the modern<\/span>\u00a0<span class=\"hps\">recipe<\/span>\u00a0<span class=\"hps\">that produces<\/span>\u00a0<span class=\"hps\">an extremely<\/span>\u00a0<span class=\"hps\">durable<\/span>\u00a0<span class=\"hps\">polymer chains<\/span>\u00a0<span class=\"hps\">gel mass<\/span>.\u00a0<span class=\"hps\">The appropriate<\/span>\u00a0<span class=\"hps\">alignment of the particles<\/span>\u00a0<span class=\"hps\">makes the<\/span>\u00a0<span class=\"hps\">mass<\/span>\u00a0<span class=\"hps\">strong and<\/span>\u00a0<span class=\"hps\">flexible<\/span>\u00a0<span class=\"hps\">at the same time<\/span>\u00a0with<span class=\"hps\">\u00a0a very<\/span>\u00a0<span class=\"hps\">good adhesion<\/span>\u00a0<span class=\"hps\">to both the<\/span>\u00a0<span class=\"hps\">tips<\/span>\u00a0<span class=\"hps\">and to the<\/span>\u00a0<span class=\"hps\">natural nail<\/span>.<\/span><\/p>\n<p><span id=\"result_box\" class=\"hps\" lang=\"en\"><span id=\"result_box\" lang=\"en\"><span title=\"Kiedy \u017cel wymieszamy troszeczk\u0119 wcze\u015bniej ni\u017c tu\u017c przed na\u0142o\u017ceniem, to nie musimy si\u0119 martwi\u0107, \u017ce pozostan\u0105 p\u0119cherzyki (w kwestii estetycznej - przy brokacie b\u0105belki s\u0105 prawie niewidoczne przy odpowiedniej aplikacji).\"><span class=\"hps\"><strong>HOW TO USE<\/strong>:<\/span>\u00a0<span class=\"hps\">spread the<\/span>\u00a0<span class=\"hps\">gel<\/span>\u00a0<span class=\"hps\">on the nail plate<\/span>, cure in\u00a0<span class=\"hps\">UV<\/span>\u00a0lamp<span class=\"hps\">\u00a0of<\/span>\u00a0<span class=\"hps\">36<\/span>\u00a0<span class=\"hps\">watts<\/span>\u00a0<span class=\"hps\">for 2 min<\/span>.<\/span><\/span><\/span><\/p>\n<\/div>\n<\/div>\n<div id=\"Ingredients\" class=\"longdescription__tab\" data-name=\"Ingredients\">\n<div class=\"longdescription__tab__name\">Ingredients<\/div>\n<div class=\"longdescription__tab__content\">Urethane Methacrylate, Urethane Acrylate, Urethane Acrylate Oligomer, Tripropylene Glycol Diacrylate, Silica, Benzophenone, Benzoyl Isopropanol, Hydroxycyclohexyl Phenyl Ketone, Isobornyl Acrylate, Polyether Acrylate, Dipropylene Glycol Diacrylate, Polyester Acrylate, [+\/- CI 77891, CI 15850, CI 77266].<\/div>\n<\/div>\n<p><\/p>","protected":false},"excerpt":{"rendered":"<p>Base\u00a0One\u00a0Cover\u00a0Dark\u00a0UV gel\u00a0is\u00a0masking\u00a0a dark\u00a0coloring\u00a0of pink\u00a0flesh.\u00a0Very\u00a0well suited for\u00a0people with\u00a0dark complexion.\u00a0Medium density\u00a0gel.\u00a0Very well\u00a0leveled\u00a0on a plane\u00a0of the nail.\u00a0Gives natural\u00a0color,\u00a0perfectly\u00a0camouflages\u00a0plate and\u00a0visually lengthens\u00a0your nails.\u00a0The gel\u00a0perfectly\u00a0conceals\u00a0blemishes and\u00a0imperfections.\u00a0You<\/p>\n","protected":false},"featured_media":13430,"template":"","meta":[],"product_brand":[],"product_cat":[707],"product_tag":[],"class_list":{"0":"post-13429","1":"product","2":"type-product","3":"status-publish","4":"has-post-thumbnail","6":"product_cat-silcare","8":"first","9":"instock","10":"taxable","11":"shipping-taxable","12":"purchasable","13":"product-type-simple"},"yoast_head":"<!-- This site is optimized with the Yoast SEO plugin v24.4 - https:\/\/yoast.com\/wordpress\/plugins\/seo\/ -->\n<title>15 g Base One Gel UV Cover Dark | Valika<\/title>\n<meta name=\"robots\" content=\"index, follow, max-snippet:-1, max-image-preview:large, max-video-preview:-1\" \/>\n<link rel=\"canonical\" href=\"https:\/\/valika.eu\/en\/toode\/15-g-base-one-gel-uv-cover-dark\/\" \/>\n<meta property=\"og:locale\" content=\"en_US\" \/>\n<meta property=\"og:type\" content=\"article\" \/>\n<meta property=\"og:title\" content=\"15 g Base One Gel UV Cover Dark | Valika\" \/>\n<meta property=\"og:description\" content=\"Base\u00a0One\u00a0Cover\u00a0Dark\u00a0UV gel\u00a0is\u00a0masking\u00a0a dark\u00a0coloring\u00a0of pink\u00a0flesh.\u00a0Very\u00a0well suited for\u00a0people with\u00a0dark complexion.\u00a0Medium density\u00a0gel.\u00a0Very well\u00a0leveled\u00a0on a plane\u00a0of the nail.\u00a0Gives natural\u00a0color,\u00a0perfectly\u00a0camouflages\u00a0plate and\u00a0visually lengthens\u00a0your nails.\u00a0The gel\u00a0perfectly\u00a0conceals\u00a0blemishes and\u00a0imperfections.\u00a0You\" \/>\n<meta property=\"og:url\" content=\"https:\/\/valika.eu\/en\/toode\/15-g-base-one-gel-uv-cover-dark\/\" \/>\n<meta property=\"og:site_name\" content=\"Valika\" \/>\n<meta property=\"article:publisher\" content=\"https:\/\/www.facebook.com\/tipsi.net\" \/>\n<meta property=\"article:modified_time\" content=\"2026-03-06T18:42:53+00:00\" \/>\n<meta property=\"og:image\" content=\"https:\/\/valika.eu\/wp-content\/uploads\/2025\/03\/UV-Cover-Dark-50.webp\" \/>\n\t<meta property=\"og:image:width\" content=\"1000\" \/>\n\t<meta property=\"og:image:height\" content=\"1000\" \/>\n\t<meta property=\"og:image:type\" content=\"image\/webp\" \/>\n<meta name=\"twitter:card\" content=\"summary_large_image\" \/>\n<script type=\"application\/ld+json\" class=\"yoast-schema-graph\">{\"@context\":\"https:\/\/schema.org\",\"@graph\":[{\"@type\":\"WebPage\",\"@id\":\"https:\/\/valika.eu\/en\/toode\/15-g-base-one-gel-uv-cover-dark\/\",\"url\":\"https:\/\/valika.eu\/en\/toode\/15-g-base-one-gel-uv-cover-dark\/\",\"name\":\"15 g Base One Gel UV Cover Dark | Valika\",\"isPartOf\":{\"@id\":\"https:\/\/valika.eu\/en\/#website\"},\"primaryImageOfPage\":{\"@id\":\"https:\/\/valika.eu\/en\/toode\/15-g-base-one-gel-uv-cover-dark\/#primaryimage\"},\"image\":{\"@id\":\"https:\/\/valika.eu\/toode\/15-g-base-one-gel-uv-cover-dark\/#primaryimage\"},\"thumbnailUrl\":\"https:\/\/valika.eu\/wp-content\/uploads\/2025\/03\/UV-Cover-Dark-50.webp\",\"datePublished\":\"2025-03-05T15:19:57+00:00\",\"dateModified\":\"2026-03-06T18:42:53+00:00\",\"breadcrumb\":{\"@id\":\"https:\/\/valika.eu\/en\/toode\/15-g-base-one-gel-uv-cover-dark\/#breadcrumb\"},\"inLanguage\":\"en-US\",\"potentialAction\":[{\"@type\":\"ReadAction\",\"target\":[[\"https:\/\/valika.eu\/en\/toode\/15-g-base-one-gel-uv-cover-dark\/\"]]}]},{\"@type\":\"ImageObject\",\"inLanguage\":\"en-US\",\"@id\":\"https:\/\/valika.eu\/en\/toode\/15-g-base-one-gel-uv-cover-dark\/#primaryimage\",\"url\":\"https:\/\/valika.eu\/wp-content\/uploads\/2025\/03\/UV-Cover-Dark-50.webp\",\"contentUrl\":\"https:\/\/valika.eu\/wp-content\/uploads\/2025\/03\/UV-Cover-Dark-50.webp\",\"width\":1000,\"height\":1000},{\"@type\":\"BreadcrumbList\",\"@id\":\"https:\/\/valika.eu\/en\/toode\/15-g-base-one-gel-uv-cover-dark\/#breadcrumb\",\"itemListElement\":[{\"@type\":\"ListItem\",\"position\":1,\"name\":\"Koti\",\"item\":\"https:\/\/valika.eu\/en\/\"},{\"@type\":\"ListItem\",\"position\":2,\"name\":\"Shop\",\"item\":\"https:\/\/valika.eu\/en\/\"},{\"@type\":\"ListItem\",\"position\":3,\"name\":\"15 g Base One Gel UV Cover Dark\"}]},{\"@type\":\"WebSite\",\"@id\":\"https:\/\/valika.eu\/en\/#website\",\"url\":\"https:\/\/valika.eu\/en\/\",\"name\":\"Valika.eu\",\"description\":\"Salon products and beauty products - Valika offers a wide range of products and accessories for nail technicians, beauty salons, hairdressers.\",\"publisher\":{\"@id\":\"https:\/\/valika.eu\/en\/#organization\"},\"alternateName\":\"Valika\",\"potentialAction\":[{\"@type\":\"SearchAction\",\"target\":{\"@type\":\"EntryPoint\",\"urlTemplate\":\"https:\/\/valika.eu\/en\/?s={search_term_string}\"},\"query-input\":{\"@type\":\"PropertyValueSpecification\",\"valueRequired\":true,\"valueName\":\"search_term_string\"}}],\"inLanguage\":\"en-US\"},{\"@type\":\"Organization\",\"@id\":\"https:\/\/valika.eu\/en\/#organization\",\"name\":\"Salongitoode O\u00dc\",\"alternateName\":\"Valika\",\"url\":\"https:\/\/valika.eu\/en\/\",\"logo\":{\"@type\":\"ImageObject\",\"inLanguage\":\"en-US\",\"@id\":\"https:\/\/valika.eu\/en\/#\/schema\/logo\/image\/\",\"url\":\"https:\/\/valika.eu\/wp-content\/uploads\/2023\/11\/logo2-valika-footer.png\",\"contentUrl\":\"https:\/\/valika.eu\/wp-content\/uploads\/2023\/11\/logo2-valika-footer.png\",\"width\":200,\"height\":129,\"caption\":\"Salongitoode O\u00dc\"},\"image\":{\"@id\":\"https:\/\/valika.eu\/en\/#\/schema\/logo\/image\/\"},\"sameAs\":[\"https:\/\/www.facebook.com\/tipsi.net\"]}]}<\/script>\n<!-- \/ Yoast SEO plugin. -->","yoast_head_json":{"title":"15 g Base One Gel UV Cover Dark | Valika","robots":{"index":"index","follow":"follow","max-snippet":"max-snippet:-1","max-image-preview":"max-image-preview:large","max-video-preview":"max-video-preview:-1"},"canonical":"https:\/\/valika.eu\/en\/toode\/15-g-base-one-gel-uv-cover-dark\/","og_locale":"en_US","og_type":"article","og_title":"15 g Base One Gel UV Cover Dark | Valika","og_description":"Base\u00a0One\u00a0Cover\u00a0Dark\u00a0UV gel\u00a0is\u00a0masking\u00a0a dark\u00a0coloring\u00a0of pink\u00a0flesh.\u00a0Very\u00a0well suited for\u00a0people with\u00a0dark complexion.\u00a0Medium density\u00a0gel.\u00a0Very well\u00a0leveled\u00a0on a plane\u00a0of the nail.\u00a0Gives natural\u00a0color,\u00a0perfectly\u00a0camouflages\u00a0plate and\u00a0visually lengthens\u00a0your nails.\u00a0The gel\u00a0perfectly\u00a0conceals\u00a0blemishes and\u00a0imperfections.\u00a0You","og_url":"https:\/\/valika.eu\/en\/toode\/15-g-base-one-gel-uv-cover-dark\/","og_site_name":"Valika","article_publisher":"https:\/\/www.facebook.com\/tipsi.net","article_modified_time":"2026-03-06T18:42:53+00:00","og_image":[{"width":1000,"height":1000,"url":"https:\/\/valika.eu\/wp-content\/uploads\/2025\/03\/UV-Cover-Dark-50.webp","type":"image\/webp"}],"twitter_card":"summary_large_image","schema":{"@context":"https:\/\/schema.org","@graph":[{"@type":"WebPage","@id":"https:\/\/valika.eu\/en\/toode\/15-g-base-one-gel-uv-cover-dark\/","url":"https:\/\/valika.eu\/en\/toode\/15-g-base-one-gel-uv-cover-dark\/","name":"15 g Base One Gel UV Cover Dark | Valika","isPartOf":{"@id":"https:\/\/valika.eu\/en\/#website"},"primaryImageOfPage":{"@id":"https:\/\/valika.eu\/en\/toode\/15-g-base-one-gel-uv-cover-dark\/#primaryimage"},"image":{"@id":"https:\/\/valika.eu\/toode\/15-g-base-one-gel-uv-cover-dark\/#primaryimage"},"thumbnailUrl":"https:\/\/valika.eu\/wp-content\/uploads\/2025\/03\/UV-Cover-Dark-50.webp","datePublished":"2025-03-05T15:19:57+00:00","dateModified":"2026-03-06T18:42:53+00:00","breadcrumb":{"@id":"https:\/\/valika.eu\/en\/toode\/15-g-base-one-gel-uv-cover-dark\/#breadcrumb"},"inLanguage":"en-US","potentialAction":[{"@type":"ReadAction","target":[["https:\/\/valika.eu\/en\/toode\/15-g-base-one-gel-uv-cover-dark\/"]]}]},{"@type":"ImageObject","inLanguage":"en-US","@id":"https:\/\/valika.eu\/en\/toode\/15-g-base-one-gel-uv-cover-dark\/#primaryimage","url":"https:\/\/valika.eu\/wp-content\/uploads\/2025\/03\/UV-Cover-Dark-50.webp","contentUrl":"https:\/\/valika.eu\/wp-content\/uploads\/2025\/03\/UV-Cover-Dark-50.webp","width":1000,"height":1000},{"@type":"BreadcrumbList","@id":"https:\/\/valika.eu\/en\/toode\/15-g-base-one-gel-uv-cover-dark\/#breadcrumb","itemListElement":[{"@type":"ListItem","position":1,"name":"Koti","item":"https:\/\/valika.eu\/en\/"},{"@type":"ListItem","position":2,"name":"Shop","item":"https:\/\/valika.eu\/en\/"},{"@type":"ListItem","position":3,"name":"15 g Base One Gel UV Cover Dark"}]},{"@type":"WebSite","@id":"https:\/\/valika.eu\/en\/#website","url":"https:\/\/valika.eu\/en\/","name":"Valika.eu","description":"Salon products and beauty products - Valika offers a wide range of products and accessories for nail technicians, beauty salons, hairdressers.","publisher":{"@id":"https:\/\/valika.eu\/en\/#organization"},"alternateName":"Valika","potentialAction":[{"@type":"SearchAction","target":{"@type":"EntryPoint","urlTemplate":"https:\/\/valika.eu\/en\/?s={search_term_string}"},"query-input":{"@type":"PropertyValueSpecification","valueRequired":true,"valueName":"search_term_string"}}],"inLanguage":"en-US"},{"@type":"Organization","@id":"https:\/\/valika.eu\/en\/#organization","name":"Salongitoode O\u00dc","alternateName":"Valika","url":"https:\/\/valika.eu\/en\/","logo":{"@type":"ImageObject","inLanguage":"en-US","@id":"https:\/\/valika.eu\/en\/#\/schema\/logo\/image\/","url":"https:\/\/valika.eu\/wp-content\/uploads\/2023\/11\/logo2-valika-footer.png","contentUrl":"https:\/\/valika.eu\/wp-content\/uploads\/2023\/11\/logo2-valika-footer.png","width":200,"height":129,"caption":"Salongitoode O\u00dc"},"image":{"@id":"https:\/\/valika.eu\/en\/#\/schema\/logo\/image\/"},"sameAs":["https:\/\/www.facebook.com\/tipsi.net"]}]}},"jetpack_sharing_enabled":true,"_links":{"self":[{"href":"https:\/\/valika.eu\/en\/wp-json\/wp\/v2\/product\/13429","targetHints":{"allow":["GET"]}}],"collection":[{"href":"https:\/\/valika.eu\/en\/wp-json\/wp\/v2\/product"}],"about":[{"href":"https:\/\/valika.eu\/en\/wp-json\/wp\/v2\/types\/product"}],"wp:featuredmedia":[{"embeddable":true,"href":"https:\/\/valika.eu\/en\/wp-json\/wp\/v2\/media\/13430"}],"wp:attachment":[{"href":"https:\/\/valika.eu\/en\/wp-json\/wp\/v2\/media?parent=13429"}],"wp:term":[{"taxonomy":"product_brand","embeddable":true,"href":"https:\/\/valika.eu\/en\/wp-json\/wp\/v2\/product_brand?post=13429"},{"taxonomy":"product_cat","embeddable":true,"href":"https:\/\/valika.eu\/en\/wp-json\/wp\/v2\/product_cat?post=13429"},{"taxonomy":"product_tag","embeddable":true,"href":"https:\/\/valika.eu\/en\/wp-json\/wp\/v2\/product_tag?post=13429"}],"curies":[{"name":"wp","href":"https:\/\/api.w.org\/{rel}","templated":true}]}}