{"id":13524,"date":"2025-03-06T17:53:12","date_gmt":"2025-03-06T15:53:12","guid":{"rendered":"https:\/\/valika.eu\/?post_type=product&#038;p=13524"},"modified":"2026-03-12T20:38:22","modified_gmt":"2026-03-12T18:38:22","slug":"silcare-nappa-cream-kreem-lohenenud-kandadele-30-uureaga","status":"publish","type":"product","link":"https:\/\/valika.eu\/en\/toode\/silcare-nappa-cream-kreem-lohenenud-kandadele-30-uureaga\/","title":{"rendered":"250ml Silcare Nappa Cream for Cracked Heels with 30% Urea"},"content":{"rendered":"<p><\/p>\n<p data-start=\"32\" data-end=\"100\"><strong data-start=\"32\" data-end=\"98\">Silcare Nappa Cream \u2013 Intensive Foot Care for Complete Comfort<\/strong><\/p>\n<p data-start=\"102\" data-end=\"202\">Silcare Nappa foot cream provides <strong data-start=\"136\" data-end=\"158\">intensive skincare<\/strong>, restoring a feeling of complete comfort.<\/p>\n<p data-start=\"204\" data-end=\"540\">This product helps maintain the <strong data-start=\"236\" data-end=\"261\">appearance and health<\/strong> of your feet. Silcare believes that <strong data-start=\"298\" data-end=\"332\">beautiful, well-cared-for feet<\/strong> offer more than just comfort \u2013 avoiding pain and discomfort brings <strong data-start=\"400\" data-end=\"426\">exceptional confidence<\/strong>. That\u2019s why <strong data-start=\"439\" data-end=\"462\">Silcare Nappa Cream<\/strong> ensures that your feet stay <strong data-start=\"491\" data-end=\"537\">healthy and comfortable in every situation<\/strong>.<\/p>\n<p data-start=\"542\" data-end=\"1053\">The cream has an <strong data-start=\"559\" data-end=\"579\">intensive effect<\/strong>, delivering <strong data-start=\"592\" data-end=\"620\">fast and visible results<\/strong>. <strong data-start=\"622\" data-end=\"630\">Urea<\/strong> gently removes <strong data-start=\"646\" data-end=\"665\">dead skin cells<\/strong> and supports <strong data-start=\"679\" data-end=\"700\">skin regeneration<\/strong>, softening calloused areas and allowing active ingredients to <strong data-start=\"763\" data-end=\"783\">penetrate deeper<\/strong>. A blend of <strong data-start=\"796\" data-end=\"828\">peach kernel oil and lanolin<\/strong> nourishes the skin and stimulates its renewal, while <strong data-start=\"882\" data-end=\"894\">glycerin<\/strong> maintains <strong data-start=\"905\" data-end=\"933\" data-is-only-node=\"\">optimal moisture balance<\/strong>, preventing repeated dryness. This <strong data-start=\"969\" data-end=\"1000\">powerful ingredient complex<\/strong> enhances the skin\u2019s <strong data-start=\"1021\" data-end=\"1050\">smoothness and elasticity<\/strong>.<\/p>\n<p data-start=\"1055\" data-end=\"1294\">Silcare Nappa foot cream has a <strong data-start=\"1086\" data-end=\"1103\">light texture<\/strong>, spreads easily, and <strong data-start=\"1125\" data-end=\"1144\">absorbs quickly<\/strong>. Its <strong data-start=\"1150\" data-end=\"1171\">versatile formula<\/strong> makes it suitable for use on <strong data-start=\"1201\" data-end=\"1220\">other dry areas<\/strong>, such as elbows and knees, helping to restore <strong data-start=\"1267\" data-end=\"1291\">healthy-looking skin<\/strong>.<\/p>\n<h3 data-start=\"1296\" data-end=\"1319\"><strong data-start=\"1300\" data-end=\"1317\">Key Benefits:<\/strong><\/h3>\n<p data-start=\"1320\" data-end=\"1603\">\u2714 <strong data-start=\"1322\" data-end=\"1349\">Removes dead skin cells<\/strong><br data-start=\"1349\" data-end=\"1352\" \/>\u2714 <strong data-start=\"1354\" data-end=\"1389\">Softens hard and irritated skin<\/strong><br data-start=\"1389\" data-end=\"1392\" \/>\u2714 <strong data-start=\"1394\" data-end=\"1416\">Deeply moisturizes<\/strong><br data-start=\"1416\" data-end=\"1419\" \/>\u2714 <strong data-start=\"1421\" data-end=\"1454\">Leaves skin smooth and supple<\/strong><br data-start=\"1454\" data-end=\"1457\" \/>\u2714 <strong data-start=\"1459\" data-end=\"1488\">Increases skin elasticity<\/strong><br data-start=\"1488\" data-end=\"1491\" \/>\u2714 <strong data-start=\"1493\" data-end=\"1525\">Provides essential nutrients<\/strong><br data-start=\"1525\" data-end=\"1528\" data-is-only-node=\"\" \/>\u2714 <strong data-start=\"1530\" data-end=\"1551\">Soothes and calms<\/strong><br data-start=\"1551\" data-end=\"1554\" \/>\u2714 <strong data-start=\"1556\" data-end=\"1601\">Strengthens the skin&#8217;s protective barrier<\/strong><\/p>\n<p data-start=\"1605\" data-end=\"1819\">Silcare Nappa foot cream provides <strong data-start=\"1639\" data-end=\"1661\">exceptional relief<\/strong> for <strong data-start=\"1666\" data-end=\"1700\">cracked heels and damaged skin<\/strong>. Its <strong data-start=\"1706\" data-end=\"1724\">unique formula<\/strong> soothes, hydrates, and <strong data-start=\"1748\" data-end=\"1775\">stimulates skin renewal<\/strong>, helping to restore <strong data-start=\"1796\" data-end=\"1816\">silky smoothness<\/strong>.<\/p>\n<p data-start=\"1821\" data-end=\"1868\">\u26a0 <strong data-start=\"1823\" data-end=\"1866\">Design may differ from the photo shown.<\/strong><\/p>\n<h3 data-start=\"1870\" data-end=\"1891\"><strong data-start=\"1874\" data-end=\"1889\">How to Use:<\/strong><\/h3>\n<p data-start=\"1892\" data-end=\"2005\">Apply the cream to <strong data-start=\"1911\" data-end=\"1930\">clean, dry skin<\/strong> on your <strong data-start=\"1939\" data-end=\"1965\">feet, elbows, or knees<\/strong>. Gently massage until fully absorbed.<\/p>\n<\/p>\n<p><\/p>","protected":false},"excerpt":{"rendered":"<p>Niisutav, s\u00e4ilitab naha niiskustasakaalu, k\u00f5rvaldab kuivuse tunde, toitev, kaitseb, kaitseb keskkonna kahjulike m\u00f5jude eest, koorimiseks, pehmendav, silub, siluv, pehmendav, rahustav, pikendab tulemuse kestvuse, tagab elastsuse, aitab l\u00f5hedel paraneda, noorendav, taastav, ravipreparaat, raviv, s\u00e4ilitab nahka, eemaldab surnud naharakud ja mustuse, annab naturaalse efekti<\/p>\n","protected":false},"featured_media":13525,"template":"","meta":[],"product_brand":[],"product_cat":[638],"product_tag":[],"class_list":{"0":"post-13524","1":"product","2":"type-product","3":"status-publish","4":"has-post-thumbnail","6":"product_cat-kreem","8":"first","9":"instock","10":"taxable","11":"shipping-taxable","12":"purchasable","13":"product-type-simple"},"yoast_head":"<!-- This site is optimized with the Yoast SEO plugin v24.4 - https:\/\/yoast.com\/wordpress\/plugins\/seo\/ -->\n<title>250ml Silcare Nappa Cream for Cracked Heels with 30% Urea | Valika<\/title>\n<meta name=\"robots\" content=\"index, follow, max-snippet:-1, max-image-preview:large, max-video-preview:-1\" \/>\n<link rel=\"canonical\" href=\"https:\/\/valika.eu\/en\/toode\/silcare-nappa-cream-kreem-lohenenud-kandadele-30-uureaga\/\" \/>\n<meta property=\"og:locale\" content=\"en_US\" \/>\n<meta property=\"og:type\" content=\"article\" \/>\n<meta property=\"og:title\" content=\"250ml Silcare Nappa Cream for Cracked Heels with 30% Urea | Valika\" \/>\n<meta property=\"og:description\" content=\"Niisutav, s\u00e4ilitab naha niiskustasakaalu, k\u00f5rvaldab kuivuse tunde, toitev, kaitseb, kaitseb keskkonna kahjulike m\u00f5jude eest, koorimiseks, pehmendav, silub, siluv, pehmendav, rahustav, pikendab tulemuse kestvuse, tagab elastsuse, aitab l\u00f5hedel paraneda, noorendav, taastav, ravipreparaat, raviv, s\u00e4ilitab nahka, eemaldab surnud naharakud ja mustuse, annab naturaalse efekti\" \/>\n<meta property=\"og:url\" content=\"https:\/\/valika.eu\/en\/toode\/silcare-nappa-cream-kreem-lohenenud-kandadele-30-uureaga\/\" \/>\n<meta property=\"og:site_name\" content=\"Valika\" \/>\n<meta property=\"article:publisher\" content=\"https:\/\/www.facebook.com\/tipsi.net\" \/>\n<meta property=\"article:modified_time\" content=\"2026-03-12T18:38:22+00:00\" \/>\n<meta property=\"og:image\" content=\"https:\/\/valika.eu\/wp-content\/uploads\/2025\/03\/silcare-nappa-cream-krem-ot-tresshin-na-pyatkakh-s-mochevinoj-30.jpg\" \/>\n\t<meta property=\"og:image:width\" content=\"800\" \/>\n\t<meta property=\"og:image:height\" content=\"800\" \/>\n\t<meta property=\"og:image:type\" content=\"image\/jpeg\" \/>\n<meta name=\"twitter:card\" content=\"summary_large_image\" \/>\n<script type=\"application\/ld+json\" class=\"yoast-schema-graph\">{\"@context\":\"https:\/\/schema.org\",\"@graph\":[{\"@type\":\"WebPage\",\"@id\":\"https:\/\/valika.eu\/en\/toode\/silcare-nappa-cream-kreem-lohenenud-kandadele-30-uureaga\/\",\"url\":\"https:\/\/valika.eu\/en\/toode\/silcare-nappa-cream-kreem-lohenenud-kandadele-30-uureaga\/\",\"name\":\"250ml Silcare Nappa Cream for Cracked Heels with 30% Urea | Valika\",\"isPartOf\":{\"@id\":\"https:\/\/valika.eu\/en\/#website\"},\"primaryImageOfPage\":{\"@id\":\"https:\/\/valika.eu\/en\/toode\/silcare-nappa-cream-kreem-lohenenud-kandadele-30-uureaga\/#primaryimage\"},\"image\":{\"@id\":\"https:\/\/valika.eu\/toode\/silcare-nappa-cream-kreem-lohenenud-kandadele-30-uureaga\/#primaryimage\"},\"thumbnailUrl\":\"https:\/\/valika.eu\/wp-content\/uploads\/2025\/03\/silcare-nappa-cream-krem-ot-tresshin-na-pyatkakh-s-mochevinoj-30.jpg\",\"datePublished\":\"2025-03-06T15:53:12+00:00\",\"dateModified\":\"2026-03-12T18:38:22+00:00\",\"breadcrumb\":{\"@id\":\"https:\/\/valika.eu\/en\/toode\/silcare-nappa-cream-kreem-lohenenud-kandadele-30-uureaga\/#breadcrumb\"},\"inLanguage\":\"en-US\",\"potentialAction\":[{\"@type\":\"ReadAction\",\"target\":[[\"https:\/\/valika.eu\/en\/toode\/silcare-nappa-cream-kreem-lohenenud-kandadele-30-uureaga\/\"]]}]},{\"@type\":\"ImageObject\",\"inLanguage\":\"en-US\",\"@id\":\"https:\/\/valika.eu\/en\/toode\/silcare-nappa-cream-kreem-lohenenud-kandadele-30-uureaga\/#primaryimage\",\"url\":\"https:\/\/valika.eu\/wp-content\/uploads\/2025\/03\/silcare-nappa-cream-krem-ot-tresshin-na-pyatkakh-s-mochevinoj-30.jpg\",\"contentUrl\":\"https:\/\/valika.eu\/wp-content\/uploads\/2025\/03\/silcare-nappa-cream-krem-ot-tresshin-na-pyatkakh-s-mochevinoj-30.jpg\",\"width\":800,\"height\":800},{\"@type\":\"BreadcrumbList\",\"@id\":\"https:\/\/valika.eu\/en\/toode\/silcare-nappa-cream-kreem-lohenenud-kandadele-30-uureaga\/#breadcrumb\",\"itemListElement\":[{\"@type\":\"ListItem\",\"position\":1,\"name\":\"Koti\",\"item\":\"https:\/\/valika.eu\/en\/\"},{\"@type\":\"ListItem\",\"position\":2,\"name\":\"Shop\",\"item\":\"https:\/\/valika.eu\/en\/\"},{\"@type\":\"ListItem\",\"position\":3,\"name\":\"250ml Silcare Nappa Cream for Cracked Heels with 30% Urea\"}]},{\"@type\":\"WebSite\",\"@id\":\"https:\/\/valika.eu\/en\/#website\",\"url\":\"https:\/\/valika.eu\/en\/\",\"name\":\"Valika.eu\",\"description\":\"Salon products and beauty products - Valika offers a wide range of products and accessories for nail technicians, beauty salons, hairdressers.\",\"publisher\":{\"@id\":\"https:\/\/valika.eu\/en\/#organization\"},\"alternateName\":\"Valika\",\"potentialAction\":[{\"@type\":\"SearchAction\",\"target\":{\"@type\":\"EntryPoint\",\"urlTemplate\":\"https:\/\/valika.eu\/en\/?s={search_term_string}\"},\"query-input\":{\"@type\":\"PropertyValueSpecification\",\"valueRequired\":true,\"valueName\":\"search_term_string\"}}],\"inLanguage\":\"en-US\"},{\"@type\":\"Organization\",\"@id\":\"https:\/\/valika.eu\/en\/#organization\",\"name\":\"Salongitoode O\u00dc\",\"alternateName\":\"Valika\",\"url\":\"https:\/\/valika.eu\/en\/\",\"logo\":{\"@type\":\"ImageObject\",\"inLanguage\":\"en-US\",\"@id\":\"https:\/\/valika.eu\/en\/#\/schema\/logo\/image\/\",\"url\":\"https:\/\/valika.eu\/wp-content\/uploads\/2023\/11\/logo2-valika-footer.png\",\"contentUrl\":\"https:\/\/valika.eu\/wp-content\/uploads\/2023\/11\/logo2-valika-footer.png\",\"width\":200,\"height\":129,\"caption\":\"Salongitoode O\u00dc\"},\"image\":{\"@id\":\"https:\/\/valika.eu\/en\/#\/schema\/logo\/image\/\"},\"sameAs\":[\"https:\/\/www.facebook.com\/tipsi.net\"]}]}<\/script>\n<!-- \/ Yoast SEO plugin. -->","yoast_head_json":{"title":"250ml Silcare Nappa Cream for Cracked Heels with 30% Urea | Valika","robots":{"index":"index","follow":"follow","max-snippet":"max-snippet:-1","max-image-preview":"max-image-preview:large","max-video-preview":"max-video-preview:-1"},"canonical":"https:\/\/valika.eu\/en\/toode\/silcare-nappa-cream-kreem-lohenenud-kandadele-30-uureaga\/","og_locale":"en_US","og_type":"article","og_title":"250ml Silcare Nappa Cream for Cracked Heels with 30% Urea | Valika","og_description":"Niisutav, s\u00e4ilitab naha niiskustasakaalu, k\u00f5rvaldab kuivuse tunde, toitev, kaitseb, kaitseb keskkonna kahjulike m\u00f5jude eest, koorimiseks, pehmendav, silub, siluv, pehmendav, rahustav, pikendab tulemuse kestvuse, tagab elastsuse, aitab l\u00f5hedel paraneda, noorendav, taastav, ravipreparaat, raviv, s\u00e4ilitab nahka, eemaldab surnud naharakud ja mustuse, annab naturaalse efekti","og_url":"https:\/\/valika.eu\/en\/toode\/silcare-nappa-cream-kreem-lohenenud-kandadele-30-uureaga\/","og_site_name":"Valika","article_publisher":"https:\/\/www.facebook.com\/tipsi.net","article_modified_time":"2026-03-12T18:38:22+00:00","og_image":[{"width":800,"height":800,"url":"https:\/\/valika.eu\/wp-content\/uploads\/2025\/03\/silcare-nappa-cream-krem-ot-tresshin-na-pyatkakh-s-mochevinoj-30.jpg","type":"image\/jpeg"}],"twitter_card":"summary_large_image","schema":{"@context":"https:\/\/schema.org","@graph":[{"@type":"WebPage","@id":"https:\/\/valika.eu\/en\/toode\/silcare-nappa-cream-kreem-lohenenud-kandadele-30-uureaga\/","url":"https:\/\/valika.eu\/en\/toode\/silcare-nappa-cream-kreem-lohenenud-kandadele-30-uureaga\/","name":"250ml Silcare Nappa Cream for Cracked Heels with 30% Urea | Valika","isPartOf":{"@id":"https:\/\/valika.eu\/en\/#website"},"primaryImageOfPage":{"@id":"https:\/\/valika.eu\/en\/toode\/silcare-nappa-cream-kreem-lohenenud-kandadele-30-uureaga\/#primaryimage"},"image":{"@id":"https:\/\/valika.eu\/toode\/silcare-nappa-cream-kreem-lohenenud-kandadele-30-uureaga\/#primaryimage"},"thumbnailUrl":"https:\/\/valika.eu\/wp-content\/uploads\/2025\/03\/silcare-nappa-cream-krem-ot-tresshin-na-pyatkakh-s-mochevinoj-30.jpg","datePublished":"2025-03-06T15:53:12+00:00","dateModified":"2026-03-12T18:38:22+00:00","breadcrumb":{"@id":"https:\/\/valika.eu\/en\/toode\/silcare-nappa-cream-kreem-lohenenud-kandadele-30-uureaga\/#breadcrumb"},"inLanguage":"en-US","potentialAction":[{"@type":"ReadAction","target":[["https:\/\/valika.eu\/en\/toode\/silcare-nappa-cream-kreem-lohenenud-kandadele-30-uureaga\/"]]}]},{"@type":"ImageObject","inLanguage":"en-US","@id":"https:\/\/valika.eu\/en\/toode\/silcare-nappa-cream-kreem-lohenenud-kandadele-30-uureaga\/#primaryimage","url":"https:\/\/valika.eu\/wp-content\/uploads\/2025\/03\/silcare-nappa-cream-krem-ot-tresshin-na-pyatkakh-s-mochevinoj-30.jpg","contentUrl":"https:\/\/valika.eu\/wp-content\/uploads\/2025\/03\/silcare-nappa-cream-krem-ot-tresshin-na-pyatkakh-s-mochevinoj-30.jpg","width":800,"height":800},{"@type":"BreadcrumbList","@id":"https:\/\/valika.eu\/en\/toode\/silcare-nappa-cream-kreem-lohenenud-kandadele-30-uureaga\/#breadcrumb","itemListElement":[{"@type":"ListItem","position":1,"name":"Koti","item":"https:\/\/valika.eu\/en\/"},{"@type":"ListItem","position":2,"name":"Shop","item":"https:\/\/valika.eu\/en\/"},{"@type":"ListItem","position":3,"name":"250ml Silcare Nappa Cream for Cracked Heels with 30% Urea"}]},{"@type":"WebSite","@id":"https:\/\/valika.eu\/en\/#website","url":"https:\/\/valika.eu\/en\/","name":"Valika.eu","description":"Salon products and beauty products - Valika offers a wide range of products and accessories for nail technicians, beauty salons, hairdressers.","publisher":{"@id":"https:\/\/valika.eu\/en\/#organization"},"alternateName":"Valika","potentialAction":[{"@type":"SearchAction","target":{"@type":"EntryPoint","urlTemplate":"https:\/\/valika.eu\/en\/?s={search_term_string}"},"query-input":{"@type":"PropertyValueSpecification","valueRequired":true,"valueName":"search_term_string"}}],"inLanguage":"en-US"},{"@type":"Organization","@id":"https:\/\/valika.eu\/en\/#organization","name":"Salongitoode O\u00dc","alternateName":"Valika","url":"https:\/\/valika.eu\/en\/","logo":{"@type":"ImageObject","inLanguage":"en-US","@id":"https:\/\/valika.eu\/en\/#\/schema\/logo\/image\/","url":"https:\/\/valika.eu\/wp-content\/uploads\/2023\/11\/logo2-valika-footer.png","contentUrl":"https:\/\/valika.eu\/wp-content\/uploads\/2023\/11\/logo2-valika-footer.png","width":200,"height":129,"caption":"Salongitoode O\u00dc"},"image":{"@id":"https:\/\/valika.eu\/en\/#\/schema\/logo\/image\/"},"sameAs":["https:\/\/www.facebook.com\/tipsi.net"]}]}},"jetpack_sharing_enabled":true,"_links":{"self":[{"href":"https:\/\/valika.eu\/en\/wp-json\/wp\/v2\/product\/13524","targetHints":{"allow":["GET"]}}],"collection":[{"href":"https:\/\/valika.eu\/en\/wp-json\/wp\/v2\/product"}],"about":[{"href":"https:\/\/valika.eu\/en\/wp-json\/wp\/v2\/types\/product"}],"wp:featuredmedia":[{"embeddable":true,"href":"https:\/\/valika.eu\/en\/wp-json\/wp\/v2\/media\/13525"}],"wp:attachment":[{"href":"https:\/\/valika.eu\/en\/wp-json\/wp\/v2\/media?parent=13524"}],"wp:term":[{"taxonomy":"product_brand","embeddable":true,"href":"https:\/\/valika.eu\/en\/wp-json\/wp\/v2\/product_brand?post=13524"},{"taxonomy":"product_cat","embeddable":true,"href":"https:\/\/valika.eu\/en\/wp-json\/wp\/v2\/product_cat?post=13524"},{"taxonomy":"product_tag","embeddable":true,"href":"https:\/\/valika.eu\/en\/wp-json\/wp\/v2\/product_tag?post=13524"}],"curies":[{"name":"wp","href":"https:\/\/api.w.org\/{rel}","templated":true}]}}