{"id":15222,"date":"2025-07-02T15:26:35","date_gmt":"2025-07-02T12:26:35","guid":{"rendered":"https:\/\/valika.eu\/?post_type=product&#038;p=15222"},"modified":"2025-07-02T15:26:35","modified_gmt":"2025-07-02T12:26:35","slug":"exo-pododisc-pedikuuridiski-kleebised-20-mm-100-50tk","status":"publish","type":"product","link":"https:\/\/valika.eu\/en\/toode\/exo-pododisc-pedikuuridiski-kleebised-20-mm-100-50tk\/","title":{"rendered":"EXO poddisk sanding pad 20mm #100 50pcs."},"content":{"rendered":"<p class=\"qtranxs-available-languages-message qtranxs-available-languages-message-en\">Sorry, this entry is only available in <a href=\"https:\/\/valika.eu\/et\/wp-json\/wp\/v2\/product\/15222\" class=\"qtranxs-available-language-link qtranxs-available-language-link-et\" title=\"Eesti\">Eesti<\/a>, <a href=\"https:\/\/valika.eu\/ru\/wp-json\/wp\/v2\/product\/15222\" class=\"qtranxs-available-language-link qtranxs-available-language-link-ru\" title=\"\u0420\u0443\u0441\u0441\u043a\u0438\u0439\">\u0420\u0443\u0441\u0441\u043a\u0438\u0439<\/a> and <a href=\"https:\/\/valika.eu\/fi\/wp-json\/wp\/v2\/product\/15222\" class=\"qtranxs-available-language-link qtranxs-available-language-link-fi\" title=\"suomi\">suomi<\/a>.<\/p><p>EXO on br\u00e4nd, mis pakub kosmeetika- ja podiaatriat\u00f6\u00f6stusele k\u00f5rgeima kvaliteediga tooteid. Seda iseloomustab erakordne t\u00e4helepanu oma pakkumiste arendamisele, et rahuldada klientide vajadusi. Professionaalsed seadmed ja lisatarvikud, sealhulgas k\u00fc\u00fcnepuurid, parandavad t\u00e4nu oma kvaliteetsele t\u00f6\u00f6tlusele protseduuride mugavust.<\/p>\n<p>K\u00f5rgete h\u00fcgieenistandardite tarvik<br \/>\nExo \u00fchekordselt kasutatavad isekleepuvad abrasiivpadjad kandepadjale on loodud jala kiireks ja p\u00f5hjalikuks puhastamiseks ja ettevalmistamiseks. Need v\u00f5imaldavad teil h\u00f5lpsalt hoolitseda podiaatriaprotseduuride mugavuse, ohutuse ja h\u00fcgieeni suurendamise eest. Tugev kleepuv alus v\u00f5imaldab abrasiivmaterjali \u00fchtlaselt kandepadjale kinnitada, mis tagab abrasiivpadja tiheda sobitumise aluse k\u00fclge kasutamise ajal ilma libisemiseta, tagades stabiilse t\u00f6\u00f6.<\/p>","protected":false},"excerpt":{"rendered":"<p>Sorry, this entry is only available in Eesti, \u0420\u0443\u0441\u0441\u043a\u0438\u0439 and suomi.EXO on br\u00e4nd, mis pakub kosmeetika- ja podiaatriat\u00f6\u00f6stusele k\u00f5rgeima kvaliteediga<\/p>\n","protected":false},"featured_media":15212,"template":"","meta":[],"product_brand":[],"product_cat":[725],"product_tag":[],"class_list":{"0":"post-15222","1":"product","2":"type-product","3":"status-publish","4":"has-post-thumbnail","6":"product_cat-pedikuuri-jaoks-2","8":"first","9":"instock","10":"taxable","11":"shipping-taxable","12":"purchasable","13":"product-type-simple"},"yoast_head":"<!-- This site is optimized with the Yoast SEO plugin v24.4 - https:\/\/yoast.com\/wordpress\/plugins\/seo\/ -->\n<title>EXO poddisk sanding pad 20mm #100 50pcs. | Valika<\/title>\n<meta name=\"robots\" content=\"index, follow, max-snippet:-1, max-image-preview:large, max-video-preview:-1\" \/>\n<link rel=\"canonical\" href=\"https:\/\/valika.eu\/en\/toode\/exo-pododisc-pedikuuridiski-kleebised-20-mm-100-50tk\/\" \/>\n<meta property=\"og:locale\" content=\"en_US\" \/>\n<meta property=\"og:type\" content=\"article\" \/>\n<meta property=\"og:title\" content=\"EXO poddisk sanding pad 20mm #100 50pcs. | Valika\" \/>\n<meta property=\"og:description\" content=\"Sorry, this entry is only available in Eesti, \u0420\u0443\u0441\u0441\u043a\u0438\u0439 and suomi.EXO on br\u00e4nd, mis pakub kosmeetika- ja podiaatriat\u00f6\u00f6stusele k\u00f5rgeima kvaliteediga\" \/>\n<meta property=\"og:url\" content=\"https:\/\/valika.eu\/en\/toode\/exo-pododisc-pedikuuridiski-kleebised-20-mm-100-50tk\/\" \/>\n<meta property=\"og:site_name\" content=\"Valika\" \/>\n<meta property=\"article:publisher\" content=\"https:\/\/www.facebook.com\/tipsi.net\" \/>\n<meta property=\"og:image\" content=\"https:\/\/valika.eu\/wp-content\/uploads\/2025\/07\/kleepsud.webp\" \/>\n\t<meta property=\"og:image:width\" content=\"1200\" \/>\n\t<meta property=\"og:image:height\" content=\"1200\" \/>\n\t<meta property=\"og:image:type\" content=\"image\/webp\" \/>\n<meta name=\"twitter:card\" content=\"summary_large_image\" \/>\n<script type=\"application\/ld+json\" class=\"yoast-schema-graph\">{\"@context\":\"https:\/\/schema.org\",\"@graph\":[{\"@type\":\"WebPage\",\"@id\":\"https:\/\/valika.eu\/en\/toode\/exo-pododisc-pedikuuridiski-kleebised-20-mm-100-50tk\/\",\"url\":\"https:\/\/valika.eu\/en\/toode\/exo-pododisc-pedikuuridiski-kleebised-20-mm-100-50tk\/\",\"name\":\"EXO poddisk sanding pad 20mm #100 50pcs. | Valika\",\"isPartOf\":{\"@id\":\"https:\/\/valika.eu\/en\/#website\"},\"primaryImageOfPage\":{\"@id\":\"https:\/\/valika.eu\/en\/toode\/exo-pododisc-pedikuuridiski-kleebised-20-mm-100-50tk\/#primaryimage\"},\"image\":{\"@id\":\"https:\/\/valika.eu\/toode\/exo-pododisc-pedikuuridiski-kleebised-20-mm-100-50tk\/#primaryimage\"},\"thumbnailUrl\":\"https:\/\/valika.eu\/wp-content\/uploads\/2025\/07\/kleepsud.webp\",\"datePublished\":\"2025-07-02T12:26:35+00:00\",\"breadcrumb\":{\"@id\":\"https:\/\/valika.eu\/en\/toode\/exo-pododisc-pedikuuridiski-kleebised-20-mm-100-50tk\/#breadcrumb\"},\"inLanguage\":\"en-US\",\"potentialAction\":[{\"@type\":\"ReadAction\",\"target\":[[\"https:\/\/valika.eu\/en\/toode\/exo-pododisc-pedikuuridiski-kleebised-20-mm-100-50tk\/\"]]}]},{\"@type\":\"ImageObject\",\"inLanguage\":\"en-US\",\"@id\":\"https:\/\/valika.eu\/en\/toode\/exo-pododisc-pedikuuridiski-kleebised-20-mm-100-50tk\/#primaryimage\",\"url\":\"https:\/\/valika.eu\/wp-content\/uploads\/2025\/07\/kleepsud.webp\",\"contentUrl\":\"https:\/\/valika.eu\/wp-content\/uploads\/2025\/07\/kleepsud.webp\",\"width\":1200,\"height\":1200},{\"@type\":\"BreadcrumbList\",\"@id\":\"https:\/\/valika.eu\/en\/toode\/exo-pododisc-pedikuuridiski-kleebised-20-mm-100-50tk\/#breadcrumb\",\"itemListElement\":[{\"@type\":\"ListItem\",\"position\":1,\"name\":\"Koti\",\"item\":\"https:\/\/valika.eu\/en\/\"},{\"@type\":\"ListItem\",\"position\":2,\"name\":\"Shop\",\"item\":\"https:\/\/valika.eu\/en\/\"},{\"@type\":\"ListItem\",\"position\":3,\"name\":\"EXO pododisc pedik\u00fc\u00fcridiski kleebised 20 mm #100 50tk.\"}]},{\"@type\":\"WebSite\",\"@id\":\"https:\/\/valika.eu\/en\/#website\",\"url\":\"https:\/\/valika.eu\/en\/\",\"name\":\"Valika.eu\",\"description\":\"Salon products and beauty products - Valika offers a wide range of products and accessories for nail technicians, beauty salons, hairdressers.\",\"publisher\":{\"@id\":\"https:\/\/valika.eu\/en\/#organization\"},\"alternateName\":\"Valika\",\"potentialAction\":[{\"@type\":\"SearchAction\",\"target\":{\"@type\":\"EntryPoint\",\"urlTemplate\":\"https:\/\/valika.eu\/en\/?s={search_term_string}\"},\"query-input\":{\"@type\":\"PropertyValueSpecification\",\"valueRequired\":true,\"valueName\":\"search_term_string\"}}],\"inLanguage\":\"en-US\"},{\"@type\":\"Organization\",\"@id\":\"https:\/\/valika.eu\/en\/#organization\",\"name\":\"Salongitoode O\u00dc\",\"alternateName\":\"Valika\",\"url\":\"https:\/\/valika.eu\/en\/\",\"logo\":{\"@type\":\"ImageObject\",\"inLanguage\":\"en-US\",\"@id\":\"https:\/\/valika.eu\/en\/#\/schema\/logo\/image\/\",\"url\":\"https:\/\/valika.eu\/wp-content\/uploads\/2023\/11\/logo2-valika-footer.png\",\"contentUrl\":\"https:\/\/valika.eu\/wp-content\/uploads\/2023\/11\/logo2-valika-footer.png\",\"width\":200,\"height\":129,\"caption\":\"Salongitoode O\u00dc\"},\"image\":{\"@id\":\"https:\/\/valika.eu\/en\/#\/schema\/logo\/image\/\"},\"sameAs\":[\"https:\/\/www.facebook.com\/tipsi.net\"]}]}<\/script>\n<!-- \/ Yoast SEO plugin. -->","yoast_head_json":{"title":"EXO poddisk sanding pad 20mm #100 50pcs. | Valika","robots":{"index":"index","follow":"follow","max-snippet":"max-snippet:-1","max-image-preview":"max-image-preview:large","max-video-preview":"max-video-preview:-1"},"canonical":"https:\/\/valika.eu\/en\/toode\/exo-pododisc-pedikuuridiski-kleebised-20-mm-100-50tk\/","og_locale":"en_US","og_type":"article","og_title":"EXO poddisk sanding pad 20mm #100 50pcs. | Valika","og_description":"Sorry, this entry is only available in Eesti, \u0420\u0443\u0441\u0441\u043a\u0438\u0439 and suomi.EXO on br\u00e4nd, mis pakub kosmeetika- ja podiaatriat\u00f6\u00f6stusele k\u00f5rgeima kvaliteediga","og_url":"https:\/\/valika.eu\/en\/toode\/exo-pododisc-pedikuuridiski-kleebised-20-mm-100-50tk\/","og_site_name":"Valika","article_publisher":"https:\/\/www.facebook.com\/tipsi.net","og_image":[{"width":1200,"height":1200,"url":"https:\/\/valika.eu\/wp-content\/uploads\/2025\/07\/kleepsud.webp","type":"image\/webp"}],"twitter_card":"summary_large_image","schema":{"@context":"https:\/\/schema.org","@graph":[{"@type":"WebPage","@id":"https:\/\/valika.eu\/en\/toode\/exo-pododisc-pedikuuridiski-kleebised-20-mm-100-50tk\/","url":"https:\/\/valika.eu\/en\/toode\/exo-pododisc-pedikuuridiski-kleebised-20-mm-100-50tk\/","name":"EXO poddisk sanding pad 20mm #100 50pcs. | Valika","isPartOf":{"@id":"https:\/\/valika.eu\/en\/#website"},"primaryImageOfPage":{"@id":"https:\/\/valika.eu\/en\/toode\/exo-pododisc-pedikuuridiski-kleebised-20-mm-100-50tk\/#primaryimage"},"image":{"@id":"https:\/\/valika.eu\/toode\/exo-pododisc-pedikuuridiski-kleebised-20-mm-100-50tk\/#primaryimage"},"thumbnailUrl":"https:\/\/valika.eu\/wp-content\/uploads\/2025\/07\/kleepsud.webp","datePublished":"2025-07-02T12:26:35+00:00","breadcrumb":{"@id":"https:\/\/valika.eu\/en\/toode\/exo-pododisc-pedikuuridiski-kleebised-20-mm-100-50tk\/#breadcrumb"},"inLanguage":"en-US","potentialAction":[{"@type":"ReadAction","target":[["https:\/\/valika.eu\/en\/toode\/exo-pododisc-pedikuuridiski-kleebised-20-mm-100-50tk\/"]]}]},{"@type":"ImageObject","inLanguage":"en-US","@id":"https:\/\/valika.eu\/en\/toode\/exo-pododisc-pedikuuridiski-kleebised-20-mm-100-50tk\/#primaryimage","url":"https:\/\/valika.eu\/wp-content\/uploads\/2025\/07\/kleepsud.webp","contentUrl":"https:\/\/valika.eu\/wp-content\/uploads\/2025\/07\/kleepsud.webp","width":1200,"height":1200},{"@type":"BreadcrumbList","@id":"https:\/\/valika.eu\/en\/toode\/exo-pododisc-pedikuuridiski-kleebised-20-mm-100-50tk\/#breadcrumb","itemListElement":[{"@type":"ListItem","position":1,"name":"Koti","item":"https:\/\/valika.eu\/en\/"},{"@type":"ListItem","position":2,"name":"Shop","item":"https:\/\/valika.eu\/en\/"},{"@type":"ListItem","position":3,"name":"EXO pododisc pedik\u00fc\u00fcridiski kleebised 20 mm #100 50tk."}]},{"@type":"WebSite","@id":"https:\/\/valika.eu\/en\/#website","url":"https:\/\/valika.eu\/en\/","name":"Valika.eu","description":"Salon products and beauty products - Valika offers a wide range of products and accessories for nail technicians, beauty salons, hairdressers.","publisher":{"@id":"https:\/\/valika.eu\/en\/#organization"},"alternateName":"Valika","potentialAction":[{"@type":"SearchAction","target":{"@type":"EntryPoint","urlTemplate":"https:\/\/valika.eu\/en\/?s={search_term_string}"},"query-input":{"@type":"PropertyValueSpecification","valueRequired":true,"valueName":"search_term_string"}}],"inLanguage":"en-US"},{"@type":"Organization","@id":"https:\/\/valika.eu\/en\/#organization","name":"Salongitoode O\u00dc","alternateName":"Valika","url":"https:\/\/valika.eu\/en\/","logo":{"@type":"ImageObject","inLanguage":"en-US","@id":"https:\/\/valika.eu\/en\/#\/schema\/logo\/image\/","url":"https:\/\/valika.eu\/wp-content\/uploads\/2023\/11\/logo2-valika-footer.png","contentUrl":"https:\/\/valika.eu\/wp-content\/uploads\/2023\/11\/logo2-valika-footer.png","width":200,"height":129,"caption":"Salongitoode O\u00dc"},"image":{"@id":"https:\/\/valika.eu\/en\/#\/schema\/logo\/image\/"},"sameAs":["https:\/\/www.facebook.com\/tipsi.net"]}]}},"jetpack_sharing_enabled":true,"_links":{"self":[{"href":"https:\/\/valika.eu\/en\/wp-json\/wp\/v2\/product\/15222","targetHints":{"allow":["GET"]}}],"collection":[{"href":"https:\/\/valika.eu\/en\/wp-json\/wp\/v2\/product"}],"about":[{"href":"https:\/\/valika.eu\/en\/wp-json\/wp\/v2\/types\/product"}],"wp:featuredmedia":[{"embeddable":true,"href":"https:\/\/valika.eu\/en\/wp-json\/wp\/v2\/media\/15212"}],"wp:attachment":[{"href":"https:\/\/valika.eu\/en\/wp-json\/wp\/v2\/media?parent=15222"}],"wp:term":[{"taxonomy":"product_brand","embeddable":true,"href":"https:\/\/valika.eu\/en\/wp-json\/wp\/v2\/product_brand?post=15222"},{"taxonomy":"product_cat","embeddable":true,"href":"https:\/\/valika.eu\/en\/wp-json\/wp\/v2\/product_cat?post=15222"},{"taxonomy":"product_tag","embeddable":true,"href":"https:\/\/valika.eu\/en\/wp-json\/wp\/v2\/product_tag?post=15222"}],"curies":[{"name":"wp","href":"https:\/\/api.w.org\/{rel}","templated":true}]}}