{"id":15594,"date":"2025-07-25T15:47:42","date_gmt":"2025-07-25T12:47:42","guid":{"rendered":"https:\/\/valika.eu\/?post_type=product&#038;p=15594"},"modified":"2026-03-07T18:41:49","modified_gmt":"2026-03-07T16:41:49","slug":"claresa-cleaner-wipe-off-500-ml","status":"publish","type":"product","link":"https:\/\/valika.eu\/en\/toode\/claresa-cleaner-wipe-off-500-ml\/","title":{"rendered":"CLARESA CLEANER wipe off 500 ml"},"content":{"rendered":"<p>Szukasz skutecznego sposobu na przygotowanie paznokci przed manicure?<\/p>\n<p>Poznaj\u00a0<strong>Cleaner Wipe Off!<\/strong>\u00a0To specjalistyczny p\u0142yn, kt\u00f3ry doskonale odt\u0142uszcza i czy\u015bci p\u0142ytk\u0119 paznokcia, zapewniaj\u0105c idealne warunki do aplikacji lakieru hybrydowego oraz innych produkt\u00f3w do stylizacji. Jego lekka formu\u0142a szybko i skutecznie usuwa wszelkie zanieczyszczenia, t\u0142uszcz i pozosta\u0142o\u015bci, dzi\u0119ki czemu Twoje paznokcie b\u0119d\u0105 gotowe na najlepszy efekt ko\u0144cowy.<\/p>\n<p>Prosty w u\u017cyciu, niezawodny i bezpieczny \u2013\u00a0<strong>Cleaner Wipe Off<\/strong>\u00a0to must-have w Twoim zestawie do manicure. Zadbaj o perfekcyjny wygl\u0105d paznokci i ciesz si\u0119 d\u0142ugotrwa\u0142ym, pi\u0119knym efektem!<\/p>\n<ul>\n<li>Dezynfekuje i odt\u0142uszcza p\u0142ytk\u0119 paznokcia<\/li>\n<li>Skutecznie usuwa warstw\u0119 dyspersyjn\u0105<\/li>\n<li>Gwarantuje zwi\u0119kszon\u0105 przyczepno\u015b\u0107 produkt\u00f3w do powierzchni stylizacji<\/li>\n<li>Zapewnia wysoki po\u0142ysk<\/li>\n<li>Bezzapachowy<\/li>\n<\/ul>\n<p>&nbsp;<\/p>\n<p>Ingredients: Isopropyl Alcohol, Aqua<\/p>","protected":false},"excerpt":{"rendered":"<p>Szukasz skutecznego sposobu na przygotowanie paznokci przed manicure? Poznaj\u00a0Cleaner Wipe Off!\u00a0To specjalistyczny p\u0142yn, kt\u00f3ry doskonale odt\u0142uszcza i czy\u015bci p\u0142ytk\u0119 paznokcia,<\/p>\n","protected":false},"featured_media":15595,"template":"","meta":[],"product_brand":[],"product_cat":[598],"product_tag":[],"class_list":{"0":"post-15594","1":"product","2":"type-product","3":"status-publish","4":"has-post-thumbnail","6":"product_cat-cleaner","8":"first","9":"instock","10":"taxable","11":"shipping-taxable","12":"purchasable","13":"product-type-simple"},"yoast_head":"<!-- This site is optimized with the Yoast SEO plugin v24.4 - https:\/\/yoast.com\/wordpress\/plugins\/seo\/ -->\n<title>CLARESA CLEANER wipe off 500 ml | Valika<\/title>\n<meta name=\"robots\" content=\"index, follow, max-snippet:-1, max-image-preview:large, max-video-preview:-1\" \/>\n<link rel=\"canonical\" href=\"https:\/\/valika.eu\/en\/toode\/claresa-cleaner-wipe-off-500-ml\/\" \/>\n<meta property=\"og:locale\" content=\"en_US\" \/>\n<meta property=\"og:type\" content=\"article\" \/>\n<meta property=\"og:title\" content=\"CLARESA CLEANER wipe off 500 ml | Valika\" \/>\n<meta property=\"og:description\" content=\"Szukasz skutecznego sposobu na przygotowanie paznokci przed manicure? Poznaj\u00a0Cleaner Wipe Off!\u00a0To specjalistyczny p\u0142yn, kt\u00f3ry doskonale odt\u0142uszcza i czy\u015bci p\u0142ytk\u0119 paznokcia,\" \/>\n<meta property=\"og:url\" content=\"https:\/\/valika.eu\/en\/toode\/claresa-cleaner-wipe-off-500-ml\/\" \/>\n<meta property=\"og:site_name\" content=\"Valika\" \/>\n<meta property=\"article:publisher\" content=\"https:\/\/www.facebook.com\/tipsi.net\" \/>\n<meta property=\"article:modified_time\" content=\"2026-03-07T16:41:49+00:00\" \/>\n<meta property=\"og:image\" content=\"https:\/\/valika.eu\/wp-content\/uploads\/2025\/07\/clener.webp\" \/>\n\t<meta property=\"og:image:width\" content=\"1500\" \/>\n\t<meta property=\"og:image:height\" content=\"1500\" \/>\n\t<meta property=\"og:image:type\" content=\"image\/webp\" \/>\n<meta name=\"twitter:card\" content=\"summary_large_image\" \/>\n<script type=\"application\/ld+json\" class=\"yoast-schema-graph\">{\"@context\":\"https:\/\/schema.org\",\"@graph\":[{\"@type\":\"WebPage\",\"@id\":\"https:\/\/valika.eu\/en\/toode\/claresa-cleaner-wipe-off-500-ml\/\",\"url\":\"https:\/\/valika.eu\/en\/toode\/claresa-cleaner-wipe-off-500-ml\/\",\"name\":\"CLARESA CLEANER wipe off 500 ml | Valika\",\"isPartOf\":{\"@id\":\"https:\/\/valika.eu\/en\/#website\"},\"primaryImageOfPage\":{\"@id\":\"https:\/\/valika.eu\/en\/toode\/claresa-cleaner-wipe-off-500-ml\/#primaryimage\"},\"image\":{\"@id\":\"https:\/\/valika.eu\/toode\/claresa-cleaner-wipe-off-500-ml\/#primaryimage\"},\"thumbnailUrl\":\"https:\/\/valika.eu\/wp-content\/uploads\/2025\/07\/clener.webp\",\"datePublished\":\"2025-07-25T12:47:42+00:00\",\"dateModified\":\"2026-03-07T16:41:49+00:00\",\"breadcrumb\":{\"@id\":\"https:\/\/valika.eu\/en\/toode\/claresa-cleaner-wipe-off-500-ml\/#breadcrumb\"},\"inLanguage\":\"en-US\",\"potentialAction\":[{\"@type\":\"ReadAction\",\"target\":[[\"https:\/\/valika.eu\/en\/toode\/claresa-cleaner-wipe-off-500-ml\/\"]]}]},{\"@type\":\"ImageObject\",\"inLanguage\":\"en-US\",\"@id\":\"https:\/\/valika.eu\/en\/toode\/claresa-cleaner-wipe-off-500-ml\/#primaryimage\",\"url\":\"https:\/\/valika.eu\/wp-content\/uploads\/2025\/07\/clener.webp\",\"contentUrl\":\"https:\/\/valika.eu\/wp-content\/uploads\/2025\/07\/clener.webp\",\"width\":1500,\"height\":1500},{\"@type\":\"BreadcrumbList\",\"@id\":\"https:\/\/valika.eu\/en\/toode\/claresa-cleaner-wipe-off-500-ml\/#breadcrumb\",\"itemListElement\":[{\"@type\":\"ListItem\",\"position\":1,\"name\":\"Koti\",\"item\":\"https:\/\/valika.eu\/en\/\"},{\"@type\":\"ListItem\",\"position\":2,\"name\":\"Shop\",\"item\":\"https:\/\/valika.eu\/en\/\"},{\"@type\":\"ListItem\",\"position\":3,\"name\":\"CLARESA CLEANER wipe off 500 ml\"}]},{\"@type\":\"WebSite\",\"@id\":\"https:\/\/valika.eu\/en\/#website\",\"url\":\"https:\/\/valika.eu\/en\/\",\"name\":\"Valika.eu\",\"description\":\"Salon products and beauty products - Valika offers a wide range of products and accessories for nail technicians, beauty salons, hairdressers.\",\"publisher\":{\"@id\":\"https:\/\/valika.eu\/en\/#organization\"},\"alternateName\":\"Valika\",\"potentialAction\":[{\"@type\":\"SearchAction\",\"target\":{\"@type\":\"EntryPoint\",\"urlTemplate\":\"https:\/\/valika.eu\/en\/?s={search_term_string}\"},\"query-input\":{\"@type\":\"PropertyValueSpecification\",\"valueRequired\":true,\"valueName\":\"search_term_string\"}}],\"inLanguage\":\"en-US\"},{\"@type\":\"Organization\",\"@id\":\"https:\/\/valika.eu\/en\/#organization\",\"name\":\"Salongitoode O\u00dc\",\"alternateName\":\"Valika\",\"url\":\"https:\/\/valika.eu\/en\/\",\"logo\":{\"@type\":\"ImageObject\",\"inLanguage\":\"en-US\",\"@id\":\"https:\/\/valika.eu\/en\/#\/schema\/logo\/image\/\",\"url\":\"https:\/\/valika.eu\/wp-content\/uploads\/2023\/11\/logo2-valika-footer.png\",\"contentUrl\":\"https:\/\/valika.eu\/wp-content\/uploads\/2023\/11\/logo2-valika-footer.png\",\"width\":200,\"height\":129,\"caption\":\"Salongitoode O\u00dc\"},\"image\":{\"@id\":\"https:\/\/valika.eu\/en\/#\/schema\/logo\/image\/\"},\"sameAs\":[\"https:\/\/www.facebook.com\/tipsi.net\"]}]}<\/script>\n<!-- \/ Yoast SEO plugin. -->","yoast_head_json":{"title":"CLARESA CLEANER wipe off 500 ml | Valika","robots":{"index":"index","follow":"follow","max-snippet":"max-snippet:-1","max-image-preview":"max-image-preview:large","max-video-preview":"max-video-preview:-1"},"canonical":"https:\/\/valika.eu\/en\/toode\/claresa-cleaner-wipe-off-500-ml\/","og_locale":"en_US","og_type":"article","og_title":"CLARESA CLEANER wipe off 500 ml | Valika","og_description":"Szukasz skutecznego sposobu na przygotowanie paznokci przed manicure? Poznaj\u00a0Cleaner Wipe Off!\u00a0To specjalistyczny p\u0142yn, kt\u00f3ry doskonale odt\u0142uszcza i czy\u015bci p\u0142ytk\u0119 paznokcia,","og_url":"https:\/\/valika.eu\/en\/toode\/claresa-cleaner-wipe-off-500-ml\/","og_site_name":"Valika","article_publisher":"https:\/\/www.facebook.com\/tipsi.net","article_modified_time":"2026-03-07T16:41:49+00:00","og_image":[{"width":1500,"height":1500,"url":"https:\/\/valika.eu\/wp-content\/uploads\/2025\/07\/clener.webp","type":"image\/webp"}],"twitter_card":"summary_large_image","schema":{"@context":"https:\/\/schema.org","@graph":[{"@type":"WebPage","@id":"https:\/\/valika.eu\/en\/toode\/claresa-cleaner-wipe-off-500-ml\/","url":"https:\/\/valika.eu\/en\/toode\/claresa-cleaner-wipe-off-500-ml\/","name":"CLARESA CLEANER wipe off 500 ml | Valika","isPartOf":{"@id":"https:\/\/valika.eu\/en\/#website"},"primaryImageOfPage":{"@id":"https:\/\/valika.eu\/en\/toode\/claresa-cleaner-wipe-off-500-ml\/#primaryimage"},"image":{"@id":"https:\/\/valika.eu\/toode\/claresa-cleaner-wipe-off-500-ml\/#primaryimage"},"thumbnailUrl":"https:\/\/valika.eu\/wp-content\/uploads\/2025\/07\/clener.webp","datePublished":"2025-07-25T12:47:42+00:00","dateModified":"2026-03-07T16:41:49+00:00","breadcrumb":{"@id":"https:\/\/valika.eu\/en\/toode\/claresa-cleaner-wipe-off-500-ml\/#breadcrumb"},"inLanguage":"en-US","potentialAction":[{"@type":"ReadAction","target":[["https:\/\/valika.eu\/en\/toode\/claresa-cleaner-wipe-off-500-ml\/"]]}]},{"@type":"ImageObject","inLanguage":"en-US","@id":"https:\/\/valika.eu\/en\/toode\/claresa-cleaner-wipe-off-500-ml\/#primaryimage","url":"https:\/\/valika.eu\/wp-content\/uploads\/2025\/07\/clener.webp","contentUrl":"https:\/\/valika.eu\/wp-content\/uploads\/2025\/07\/clener.webp","width":1500,"height":1500},{"@type":"BreadcrumbList","@id":"https:\/\/valika.eu\/en\/toode\/claresa-cleaner-wipe-off-500-ml\/#breadcrumb","itemListElement":[{"@type":"ListItem","position":1,"name":"Koti","item":"https:\/\/valika.eu\/en\/"},{"@type":"ListItem","position":2,"name":"Shop","item":"https:\/\/valika.eu\/en\/"},{"@type":"ListItem","position":3,"name":"CLARESA CLEANER wipe off 500 ml"}]},{"@type":"WebSite","@id":"https:\/\/valika.eu\/en\/#website","url":"https:\/\/valika.eu\/en\/","name":"Valika.eu","description":"Salon products and beauty products - Valika offers a wide range of products and accessories for nail technicians, beauty salons, hairdressers.","publisher":{"@id":"https:\/\/valika.eu\/en\/#organization"},"alternateName":"Valika","potentialAction":[{"@type":"SearchAction","target":{"@type":"EntryPoint","urlTemplate":"https:\/\/valika.eu\/en\/?s={search_term_string}"},"query-input":{"@type":"PropertyValueSpecification","valueRequired":true,"valueName":"search_term_string"}}],"inLanguage":"en-US"},{"@type":"Organization","@id":"https:\/\/valika.eu\/en\/#organization","name":"Salongitoode O\u00dc","alternateName":"Valika","url":"https:\/\/valika.eu\/en\/","logo":{"@type":"ImageObject","inLanguage":"en-US","@id":"https:\/\/valika.eu\/en\/#\/schema\/logo\/image\/","url":"https:\/\/valika.eu\/wp-content\/uploads\/2023\/11\/logo2-valika-footer.png","contentUrl":"https:\/\/valika.eu\/wp-content\/uploads\/2023\/11\/logo2-valika-footer.png","width":200,"height":129,"caption":"Salongitoode O\u00dc"},"image":{"@id":"https:\/\/valika.eu\/en\/#\/schema\/logo\/image\/"},"sameAs":["https:\/\/www.facebook.com\/tipsi.net"]}]}},"jetpack_sharing_enabled":true,"_links":{"self":[{"href":"https:\/\/valika.eu\/en\/wp-json\/wp\/v2\/product\/15594","targetHints":{"allow":["GET"]}}],"collection":[{"href":"https:\/\/valika.eu\/en\/wp-json\/wp\/v2\/product"}],"about":[{"href":"https:\/\/valika.eu\/en\/wp-json\/wp\/v2\/types\/product"}],"wp:featuredmedia":[{"embeddable":true,"href":"https:\/\/valika.eu\/en\/wp-json\/wp\/v2\/media\/15595"}],"wp:attachment":[{"href":"https:\/\/valika.eu\/en\/wp-json\/wp\/v2\/media?parent=15594"}],"wp:term":[{"taxonomy":"product_brand","embeddable":true,"href":"https:\/\/valika.eu\/en\/wp-json\/wp\/v2\/product_brand?post=15594"},{"taxonomy":"product_cat","embeddable":true,"href":"https:\/\/valika.eu\/en\/wp-json\/wp\/v2\/product_cat?post=15594"},{"taxonomy":"product_tag","embeddable":true,"href":"https:\/\/valika.eu\/en\/wp-json\/wp\/v2\/product_tag?post=15594"}],"curies":[{"name":"wp","href":"https:\/\/api.w.org\/{rel}","templated":true}]}}