{"id":17129,"date":"2025-10-20T15:33:56","date_gmt":"2025-10-20T12:33:56","guid":{"rendered":"https:\/\/valika.eu\/?post_type=product&#038;p=17129"},"modified":"2025-10-27T15:46:55","modified_gmt":"2025-10-27T13:46:55","slug":"silverfox-1014-kosmeetiku-tookaru-riiul-ratastega","status":"publish","type":"product","link":"https:\/\/valika.eu\/en\/toode\/silverfox-1014-kosmeetiku-tookaru-riiul-ratastega\/","title":{"rendered":"Cosmetology trolley \/ table for beautician or dentist \u2014 glass beauty trolley Silverfox 1014"},"content":{"rendered":"<p><\/p>\n<p data-start=\"1051\" data-end=\"1232\"><strong data-start=\"1051\" data-end=\"1079\">Cosmetology trolley 1014<\/strong> \u2013 a stylish and high-quality organizer for a beautician\u2019s workspace, designed to store various tools and cosmetic products needed by the professional.<\/p>\n<p data-start=\"1234\" data-end=\"1376\">The trolley consists of a <strong data-start=\"1260\" data-end=\"1275\">metal frame<\/strong>, <strong data-start=\"1277\" data-end=\"1317\">three tempered frosted glass shelves<\/strong>, and <strong data-start=\"1323\" data-end=\"1355\">plastic rubber-coated wheels<\/strong> for easy movement.<\/p>\n<p data-start=\"1378\" data-end=\"1529\">This model features an <strong data-start=\"1401\" data-end=\"1444\">opening for attaching a magnifying lamp<\/strong> and <strong data-start=\"1449\" data-end=\"1469\">metal side rails<\/strong> that prevent cosmetic tools from falling off the shelves.<\/p>\n<p data-start=\"1531\" data-end=\"1562\"><strong data-start=\"1531\" data-end=\"1560\">Technical specifications:<\/strong><\/p>\n<ul data-start=\"1563\" data-end=\"1819\">\n<li data-start=\"1563\" data-end=\"1594\">\n<p data-start=\"1565\" data-end=\"1594\">with protective side rails;<\/p>\n<\/li>\n<li data-start=\"1595\" data-end=\"1637\">\n<p data-start=\"1597\" data-end=\"1637\">with an opening for a magnifying lamp;<\/p>\n<\/li>\n<li data-start=\"1638\" data-end=\"1675\">\n<p data-start=\"1640\" data-end=\"1675\">three glass shelves (6 mm thick);<\/p>\n<\/li>\n<li data-start=\"1676\" data-end=\"1703\">\n<p data-start=\"1678\" data-end=\"1703\">tempered frosted glass;<\/p>\n<\/li>\n<li data-start=\"1704\" data-end=\"1736\">\n<p data-start=\"1706\" data-end=\"1736\">glass fixed on suction cups;<\/p>\n<\/li>\n<li data-start=\"1737\" data-end=\"1770\">\n<p data-start=\"1739\" data-end=\"1770\">plastic rubber-coated wheels;<\/p>\n<\/li>\n<li data-start=\"1771\" data-end=\"1800\">\n<p data-start=\"1773\" data-end=\"1800\">metal frame, white color;<\/p>\n<\/li>\n<li data-start=\"1801\" data-end=\"1819\">\n<p data-start=\"1803\" data-end=\"1819\">made in China.<\/p>\n<\/li>\n<\/ul>\n<p data-start=\"1821\" data-end=\"1854\"><strong data-start=\"1821\" data-end=\"1836\">Dimensions:<\/strong> 54 \u00d7 40 \u00d7 84 cm<\/p>\n<ul data-start=\"1855\" data-end=\"1970\">\n<li data-start=\"1855\" data-end=\"1883\">\n<p data-start=\"1857\" data-end=\"1883\">height (to glass): 72 cm<\/p>\n<\/li>\n<li data-start=\"1884\" data-end=\"1927\">\n<p data-start=\"1886\" data-end=\"1927\">distance between shelves: 31 cm (29 cm)<\/p>\n<\/li>\n<li data-start=\"1928\" data-end=\"1970\">\n<p data-start=\"1930\" data-end=\"1970\">inner shelf dimensions: 45.5 \u00d7 35.5 cm<\/p>\n<\/li>\n<\/ul>\n<p><\/p>","protected":false},"excerpt":{"rendered":"<p>Cosmetology trolley 1014 \u2013 a stylish and high-quality organizer for a beautician\u2019s workspace, designed to store various tools and cosmetic<\/p>\n","protected":false},"featured_media":17132,"template":"","meta":[],"product_brand":[],"product_cat":[24,345],"product_tag":[],"class_list":{"0":"post-17129","1":"product","2":"type-product","3":"status-publish","4":"has-post-thumbnail","6":"product_cat-ilusalongimoobel","7":"product_cat-riiulid-ja-karud","9":"first","10":"instock","11":"taxable","12":"shipping-taxable","13":"purchasable","14":"product-type-simple"},"yoast_head":"<!-- This site is optimized with the Yoast SEO plugin v24.4 - https:\/\/yoast.com\/wordpress\/plugins\/seo\/ -->\n<title>Cosmetology trolley \/ table for beautician or dentist \u2014 glass beauty trolley Silverfox 1014 | Valika<\/title>\n<meta name=\"robots\" content=\"index, follow, max-snippet:-1, max-image-preview:large, max-video-preview:-1\" \/>\n<link rel=\"canonical\" href=\"https:\/\/valika.eu\/en\/toode\/silverfox-1014-kosmeetiku-tookaru-riiul-ratastega\/\" \/>\n<meta property=\"og:locale\" content=\"en_US\" \/>\n<meta property=\"og:type\" content=\"article\" \/>\n<meta property=\"og:title\" content=\"Cosmetology trolley \/ table for beautician or dentist \u2014 glass beauty trolley Silverfox 1014 | Valika\" \/>\n<meta property=\"og:description\" content=\"Cosmetology trolley 1014 \u2013 a stylish and high-quality organizer for a beautician\u2019s workspace, designed to store various tools and cosmetic\" \/>\n<meta property=\"og:url\" content=\"https:\/\/valika.eu\/en\/toode\/silverfox-1014-kosmeetiku-tookaru-riiul-ratastega\/\" \/>\n<meta property=\"og:site_name\" content=\"Valika\" \/>\n<meta property=\"article:publisher\" content=\"https:\/\/www.facebook.com\/tipsi.net\" \/>\n<meta property=\"article:modified_time\" content=\"2025-10-27T13:46:55+00:00\" \/>\n<meta property=\"og:image\" content=\"https:\/\/valika.eu\/wp-content\/uploads\/2025\/10\/1014_kosmeetiku_klaasriiul.jpg\" \/>\n\t<meta property=\"og:image:width\" content=\"1034\" \/>\n\t<meta property=\"og:image:height\" content=\"900\" \/>\n\t<meta property=\"og:image:type\" content=\"image\/jpeg\" \/>\n<meta name=\"twitter:card\" content=\"summary_large_image\" \/>\n<script type=\"application\/ld+json\" class=\"yoast-schema-graph\">{\"@context\":\"https:\/\/schema.org\",\"@graph\":[{\"@type\":\"WebPage\",\"@id\":\"https:\/\/valika.eu\/en\/toode\/silverfox-1014-kosmeetiku-tookaru-riiul-ratastega\/\",\"url\":\"https:\/\/valika.eu\/en\/toode\/silverfox-1014-kosmeetiku-tookaru-riiul-ratastega\/\",\"name\":\"Cosmetology trolley \/ table for beautician or dentist \u2014 glass beauty trolley Silverfox 1014 | Valika\",\"isPartOf\":{\"@id\":\"https:\/\/valika.eu\/en\/#website\"},\"primaryImageOfPage\":{\"@id\":\"https:\/\/valika.eu\/en\/toode\/silverfox-1014-kosmeetiku-tookaru-riiul-ratastega\/#primaryimage\"},\"image\":{\"@id\":\"https:\/\/valika.eu\/toode\/silverfox-1014-kosmeetiku-tookaru-riiul-ratastega\/#primaryimage\"},\"thumbnailUrl\":\"https:\/\/valika.eu\/wp-content\/uploads\/2025\/10\/1014_kosmeetiku_klaasriiul.jpg\",\"datePublished\":\"2025-10-20T12:33:56+00:00\",\"dateModified\":\"2025-10-27T13:46:55+00:00\",\"breadcrumb\":{\"@id\":\"https:\/\/valika.eu\/en\/toode\/silverfox-1014-kosmeetiku-tookaru-riiul-ratastega\/#breadcrumb\"},\"inLanguage\":\"en-US\",\"potentialAction\":[{\"@type\":\"ReadAction\",\"target\":[[\"https:\/\/valika.eu\/en\/toode\/silverfox-1014-kosmeetiku-tookaru-riiul-ratastega\/\"]]}]},{\"@type\":\"ImageObject\",\"inLanguage\":\"en-US\",\"@id\":\"https:\/\/valika.eu\/en\/toode\/silverfox-1014-kosmeetiku-tookaru-riiul-ratastega\/#primaryimage\",\"url\":\"https:\/\/valika.eu\/wp-content\/uploads\/2025\/10\/1014_kosmeetiku_klaasriiul.jpg\",\"contentUrl\":\"https:\/\/valika.eu\/wp-content\/uploads\/2025\/10\/1014_kosmeetiku_klaasriiul.jpg\",\"width\":1034,\"height\":900},{\"@type\":\"BreadcrumbList\",\"@id\":\"https:\/\/valika.eu\/en\/toode\/silverfox-1014-kosmeetiku-tookaru-riiul-ratastega\/#breadcrumb\",\"itemListElement\":[{\"@type\":\"ListItem\",\"position\":1,\"name\":\"Koti\",\"item\":\"https:\/\/valika.eu\/en\/\"},{\"@type\":\"ListItem\",\"position\":2,\"name\":\"Shop\",\"item\":\"https:\/\/valika.eu\/en\/\"},{\"@type\":\"ListItem\",\"position\":3,\"name\":\"Silverfox 1014 kosmeetiku t\u00f6\u00f6k\u00e4ru riiul ratastega\"}]},{\"@type\":\"WebSite\",\"@id\":\"https:\/\/valika.eu\/en\/#website\",\"url\":\"https:\/\/valika.eu\/en\/\",\"name\":\"Valika.eu\",\"description\":\"Salon products and beauty products - Valika offers a wide range of products and accessories for nail technicians, beauty salons, hairdressers.\",\"publisher\":{\"@id\":\"https:\/\/valika.eu\/en\/#organization\"},\"alternateName\":\"Valika\",\"potentialAction\":[{\"@type\":\"SearchAction\",\"target\":{\"@type\":\"EntryPoint\",\"urlTemplate\":\"https:\/\/valika.eu\/en\/?s={search_term_string}\"},\"query-input\":{\"@type\":\"PropertyValueSpecification\",\"valueRequired\":true,\"valueName\":\"search_term_string\"}}],\"inLanguage\":\"en-US\"},{\"@type\":\"Organization\",\"@id\":\"https:\/\/valika.eu\/en\/#organization\",\"name\":\"Salongitoode O\u00dc\",\"alternateName\":\"Valika\",\"url\":\"https:\/\/valika.eu\/en\/\",\"logo\":{\"@type\":\"ImageObject\",\"inLanguage\":\"en-US\",\"@id\":\"https:\/\/valika.eu\/en\/#\/schema\/logo\/image\/\",\"url\":\"https:\/\/valika.eu\/wp-content\/uploads\/2023\/11\/logo2-valika-footer.png\",\"contentUrl\":\"https:\/\/valika.eu\/wp-content\/uploads\/2023\/11\/logo2-valika-footer.png\",\"width\":200,\"height\":129,\"caption\":\"Salongitoode O\u00dc\"},\"image\":{\"@id\":\"https:\/\/valika.eu\/en\/#\/schema\/logo\/image\/\"},\"sameAs\":[\"https:\/\/www.facebook.com\/tipsi.net\"]}]}<\/script>\n<!-- \/ Yoast SEO plugin. -->","yoast_head_json":{"title":"Cosmetology trolley \/ table for beautician or dentist \u2014 glass beauty trolley Silverfox 1014 | Valika","robots":{"index":"index","follow":"follow","max-snippet":"max-snippet:-1","max-image-preview":"max-image-preview:large","max-video-preview":"max-video-preview:-1"},"canonical":"https:\/\/valika.eu\/en\/toode\/silverfox-1014-kosmeetiku-tookaru-riiul-ratastega\/","og_locale":"en_US","og_type":"article","og_title":"Cosmetology trolley \/ table for beautician or dentist \u2014 glass beauty trolley Silverfox 1014 | Valika","og_description":"Cosmetology trolley 1014 \u2013 a stylish and high-quality organizer for a beautician\u2019s workspace, designed to store various tools and cosmetic","og_url":"https:\/\/valika.eu\/en\/toode\/silverfox-1014-kosmeetiku-tookaru-riiul-ratastega\/","og_site_name":"Valika","article_publisher":"https:\/\/www.facebook.com\/tipsi.net","article_modified_time":"2025-10-27T13:46:55+00:00","og_image":[{"width":1034,"height":900,"url":"https:\/\/valika.eu\/wp-content\/uploads\/2025\/10\/1014_kosmeetiku_klaasriiul.jpg","type":"image\/jpeg"}],"twitter_card":"summary_large_image","schema":{"@context":"https:\/\/schema.org","@graph":[{"@type":"WebPage","@id":"https:\/\/valika.eu\/en\/toode\/silverfox-1014-kosmeetiku-tookaru-riiul-ratastega\/","url":"https:\/\/valika.eu\/en\/toode\/silverfox-1014-kosmeetiku-tookaru-riiul-ratastega\/","name":"Cosmetology trolley \/ table for beautician or dentist \u2014 glass beauty trolley Silverfox 1014 | Valika","isPartOf":{"@id":"https:\/\/valika.eu\/en\/#website"},"primaryImageOfPage":{"@id":"https:\/\/valika.eu\/en\/toode\/silverfox-1014-kosmeetiku-tookaru-riiul-ratastega\/#primaryimage"},"image":{"@id":"https:\/\/valika.eu\/toode\/silverfox-1014-kosmeetiku-tookaru-riiul-ratastega\/#primaryimage"},"thumbnailUrl":"https:\/\/valika.eu\/wp-content\/uploads\/2025\/10\/1014_kosmeetiku_klaasriiul.jpg","datePublished":"2025-10-20T12:33:56+00:00","dateModified":"2025-10-27T13:46:55+00:00","breadcrumb":{"@id":"https:\/\/valika.eu\/en\/toode\/silverfox-1014-kosmeetiku-tookaru-riiul-ratastega\/#breadcrumb"},"inLanguage":"en-US","potentialAction":[{"@type":"ReadAction","target":[["https:\/\/valika.eu\/en\/toode\/silverfox-1014-kosmeetiku-tookaru-riiul-ratastega\/"]]}]},{"@type":"ImageObject","inLanguage":"en-US","@id":"https:\/\/valika.eu\/en\/toode\/silverfox-1014-kosmeetiku-tookaru-riiul-ratastega\/#primaryimage","url":"https:\/\/valika.eu\/wp-content\/uploads\/2025\/10\/1014_kosmeetiku_klaasriiul.jpg","contentUrl":"https:\/\/valika.eu\/wp-content\/uploads\/2025\/10\/1014_kosmeetiku_klaasriiul.jpg","width":1034,"height":900},{"@type":"BreadcrumbList","@id":"https:\/\/valika.eu\/en\/toode\/silverfox-1014-kosmeetiku-tookaru-riiul-ratastega\/#breadcrumb","itemListElement":[{"@type":"ListItem","position":1,"name":"Koti","item":"https:\/\/valika.eu\/en\/"},{"@type":"ListItem","position":2,"name":"Shop","item":"https:\/\/valika.eu\/en\/"},{"@type":"ListItem","position":3,"name":"Silverfox 1014 kosmeetiku t\u00f6\u00f6k\u00e4ru riiul ratastega"}]},{"@type":"WebSite","@id":"https:\/\/valika.eu\/en\/#website","url":"https:\/\/valika.eu\/en\/","name":"Valika.eu","description":"Salon products and beauty products - Valika offers a wide range of products and accessories for nail technicians, beauty salons, hairdressers.","publisher":{"@id":"https:\/\/valika.eu\/en\/#organization"},"alternateName":"Valika","potentialAction":[{"@type":"SearchAction","target":{"@type":"EntryPoint","urlTemplate":"https:\/\/valika.eu\/en\/?s={search_term_string}"},"query-input":{"@type":"PropertyValueSpecification","valueRequired":true,"valueName":"search_term_string"}}],"inLanguage":"en-US"},{"@type":"Organization","@id":"https:\/\/valika.eu\/en\/#organization","name":"Salongitoode O\u00dc","alternateName":"Valika","url":"https:\/\/valika.eu\/en\/","logo":{"@type":"ImageObject","inLanguage":"en-US","@id":"https:\/\/valika.eu\/en\/#\/schema\/logo\/image\/","url":"https:\/\/valika.eu\/wp-content\/uploads\/2023\/11\/logo2-valika-footer.png","contentUrl":"https:\/\/valika.eu\/wp-content\/uploads\/2023\/11\/logo2-valika-footer.png","width":200,"height":129,"caption":"Salongitoode O\u00dc"},"image":{"@id":"https:\/\/valika.eu\/en\/#\/schema\/logo\/image\/"},"sameAs":["https:\/\/www.facebook.com\/tipsi.net"]}]}},"jetpack_sharing_enabled":true,"_links":{"self":[{"href":"https:\/\/valika.eu\/en\/wp-json\/wp\/v2\/product\/17129","targetHints":{"allow":["GET"]}}],"collection":[{"href":"https:\/\/valika.eu\/en\/wp-json\/wp\/v2\/product"}],"about":[{"href":"https:\/\/valika.eu\/en\/wp-json\/wp\/v2\/types\/product"}],"wp:featuredmedia":[{"embeddable":true,"href":"https:\/\/valika.eu\/en\/wp-json\/wp\/v2\/media\/17132"}],"wp:attachment":[{"href":"https:\/\/valika.eu\/en\/wp-json\/wp\/v2\/media?parent=17129"}],"wp:term":[{"taxonomy":"product_brand","embeddable":true,"href":"https:\/\/valika.eu\/en\/wp-json\/wp\/v2\/product_brand?post=17129"},{"taxonomy":"product_cat","embeddable":true,"href":"https:\/\/valika.eu\/en\/wp-json\/wp\/v2\/product_cat?post=17129"},{"taxonomy":"product_tag","embeddable":true,"href":"https:\/\/valika.eu\/en\/wp-json\/wp\/v2\/product_tag?post=17129"}],"curies":[{"name":"wp","href":"https:\/\/api.w.org\/{rel}","templated":true}]}}