{"id":17162,"date":"2025-10-22T13:45:22","date_gmt":"2025-10-22T10:45:22","guid":{"rendered":"https:\/\/valika.eu\/?post_type=product&#038;p=17162"},"modified":"2026-03-07T07:42:34","modified_gmt":"2026-03-07T05:42:34","slug":"silverfox-1015a-kosmeetiku-tookaru-riiul-ratastega-klaasriiulitega","status":"publish","type":"product","link":"https:\/\/valika.eu\/en\/toode\/silverfox-1015a-kosmeetiku-tookaru-riiul-ratastega-klaasriiulitega\/","title":{"rendered":"Cosmetology trolley \/ table for beautician or dentist \u2014 glass beauty trolley Silverfox 1015A"},"content":{"rendered":"<p><\/p>\n<p data-start=\"1141\" data-end=\"1406\">Work trolley on wheels with glass shelves that are resistant to dirt and scratches and easy to clean \u2014 a stylish and high-quality organizer for a beautician\u2019s workspace. It allows convenient storage of various tools and cosmetic products essential for daily work.<\/p>\n<p data-start=\"1408\" data-end=\"1533\">The trolley consists of a metal frame, four tempered frosted glass shelves, and plastic wheels that ensure smooth movement.<\/p>\n<p data-start=\"1535\" data-end=\"1654\">This model has a hole for mounting a magnifying lamp and metal edges that prevent tools from falling off the shelves.<\/p>\n<p data-start=\"1656\" data-end=\"1687\"><strong data-start=\"1656\" data-end=\"1685\">Technical specifications:<\/strong><\/p>\n<ul data-start=\"1688\" data-end=\"1925\">\n<li data-start=\"1688\" data-end=\"1709\">\n<p data-start=\"1690\" data-end=\"1709\">with metal edges;<\/p>\n<\/li>\n<li data-start=\"1710\" data-end=\"1750\">\n<p data-start=\"1712\" data-end=\"1750\">hole for magnifying lamp attachment;<\/p>\n<\/li>\n<li data-start=\"1751\" data-end=\"1787\">\n<p data-start=\"1753\" data-end=\"1787\">four glass shelves (6 mm thick);<\/p>\n<\/li>\n<li data-start=\"1788\" data-end=\"1815\">\n<p data-start=\"1790\" data-end=\"1815\">tempered frosted glass;<\/p>\n<\/li>\n<li data-start=\"1816\" data-end=\"1855\">\n<p data-start=\"1818\" data-end=\"1855\">shelves attached with suction cups;<\/p>\n<\/li>\n<li data-start=\"1856\" data-end=\"1895\">\n<p data-start=\"1858\" data-end=\"1895\">plastic wheels with rubber coating;<\/p>\n<\/li>\n<li data-start=\"1896\" data-end=\"1925\">\n<p data-start=\"1898\" data-end=\"1925\">metal frame, white color.<\/p>\n<\/li>\n<\/ul>\n<p data-start=\"1927\" data-end=\"2034\"><strong data-start=\"1927\" data-end=\"1942\">Dimensions:<\/strong><br data-start=\"1942\" data-end=\"1945\" \/>height 88 \u00d7 length 70 \u00d7 width 42 cm<br data-start=\"1980\" data-end=\"1983\" \/>height 88 cm<br data-start=\"1995\" data-end=\"1998\" \/>inner shelf dimensions: 40 \u00d7 67 cm<\/p>\n<p><\/p>","protected":false},"excerpt":{"rendered":"<p>Work trolley on wheels with glass shelves that are resistant to dirt and scratches and easy to clean \u2014 a<\/p>\n","protected":false},"featured_media":17165,"template":"","meta":[],"product_brand":[],"product_cat":[24,345],"product_tag":[],"class_list":{"0":"post-17162","1":"product","2":"type-product","3":"status-publish","4":"has-post-thumbnail","6":"product_cat-ilusalongimoobel","7":"product_cat-riiulid-ja-karud","9":"first","10":"instock","11":"taxable","12":"shipping-taxable","13":"purchasable","14":"product-type-simple"},"yoast_head":"<!-- This site is optimized with the Yoast SEO plugin v24.4 - https:\/\/yoast.com\/wordpress\/plugins\/seo\/ -->\n<title>Cosmetology trolley \/ table for beautician or dentist \u2014 glass beauty trolley Silverfox 1015A | Valika<\/title>\n<meta name=\"robots\" content=\"index, follow, max-snippet:-1, max-image-preview:large, max-video-preview:-1\" \/>\n<link rel=\"canonical\" href=\"https:\/\/valika.eu\/en\/toode\/silverfox-1015a-kosmeetiku-tookaru-riiul-ratastega-klaasriiulitega\/\" \/>\n<meta property=\"og:locale\" content=\"en_US\" \/>\n<meta property=\"og:type\" content=\"article\" \/>\n<meta property=\"og:title\" content=\"Cosmetology trolley \/ table for beautician or dentist \u2014 glass beauty trolley Silverfox 1015A | Valika\" \/>\n<meta property=\"og:description\" content=\"Work trolley on wheels with glass shelves that are resistant to dirt and scratches and easy to clean \u2014 a\" \/>\n<meta property=\"og:url\" content=\"https:\/\/valika.eu\/en\/toode\/silverfox-1015a-kosmeetiku-tookaru-riiul-ratastega-klaasriiulitega\/\" \/>\n<meta property=\"og:site_name\" content=\"Valika\" \/>\n<meta property=\"article:publisher\" content=\"https:\/\/www.facebook.com\/tipsi.net\" \/>\n<meta property=\"article:modified_time\" content=\"2026-03-07T05:42:34+00:00\" \/>\n<meta property=\"og:image\" content=\"https:\/\/valika.eu\/wp-content\/uploads\/2025\/10\/kosmeetiline_riiul_klaasiga_1015a_.jpg\" \/>\n\t<meta property=\"og:image:width\" content=\"1034\" \/>\n\t<meta property=\"og:image:height\" content=\"900\" \/>\n\t<meta property=\"og:image:type\" content=\"image\/jpeg\" \/>\n<meta name=\"twitter:card\" content=\"summary_large_image\" \/>\n<script type=\"application\/ld+json\" class=\"yoast-schema-graph\">{\"@context\":\"https:\/\/schema.org\",\"@graph\":[{\"@type\":\"WebPage\",\"@id\":\"https:\/\/valika.eu\/en\/toode\/silverfox-1015a-kosmeetiku-tookaru-riiul-ratastega-klaasriiulitega\/\",\"url\":\"https:\/\/valika.eu\/en\/toode\/silverfox-1015a-kosmeetiku-tookaru-riiul-ratastega-klaasriiulitega\/\",\"name\":\"Cosmetology trolley \/ table for beautician or dentist \u2014 glass beauty trolley Silverfox 1015A | Valika\",\"isPartOf\":{\"@id\":\"https:\/\/valika.eu\/en\/#website\"},\"primaryImageOfPage\":{\"@id\":\"https:\/\/valika.eu\/en\/toode\/silverfox-1015a-kosmeetiku-tookaru-riiul-ratastega-klaasriiulitega\/#primaryimage\"},\"image\":{\"@id\":\"https:\/\/valika.eu\/toode\/silverfox-1015a-kosmeetiku-tookaru-riiul-ratastega-klaasriiulitega\/#primaryimage\"},\"thumbnailUrl\":\"https:\/\/valika.eu\/wp-content\/uploads\/2025\/10\/kosmeetiline_riiul_klaasiga_1015a_.jpg\",\"datePublished\":\"2025-10-22T10:45:22+00:00\",\"dateModified\":\"2026-03-07T05:42:34+00:00\",\"breadcrumb\":{\"@id\":\"https:\/\/valika.eu\/en\/toode\/silverfox-1015a-kosmeetiku-tookaru-riiul-ratastega-klaasriiulitega\/#breadcrumb\"},\"inLanguage\":\"en-US\",\"potentialAction\":[{\"@type\":\"ReadAction\",\"target\":[[\"https:\/\/valika.eu\/en\/toode\/silverfox-1015a-kosmeetiku-tookaru-riiul-ratastega-klaasriiulitega\/\"]]}]},{\"@type\":\"ImageObject\",\"inLanguage\":\"en-US\",\"@id\":\"https:\/\/valika.eu\/en\/toode\/silverfox-1015a-kosmeetiku-tookaru-riiul-ratastega-klaasriiulitega\/#primaryimage\",\"url\":\"https:\/\/valika.eu\/wp-content\/uploads\/2025\/10\/kosmeetiline_riiul_klaasiga_1015a_.jpg\",\"contentUrl\":\"https:\/\/valika.eu\/wp-content\/uploads\/2025\/10\/kosmeetiline_riiul_klaasiga_1015a_.jpg\",\"width\":1034,\"height\":900},{\"@type\":\"BreadcrumbList\",\"@id\":\"https:\/\/valika.eu\/en\/toode\/silverfox-1015a-kosmeetiku-tookaru-riiul-ratastega-klaasriiulitega\/#breadcrumb\",\"itemListElement\":[{\"@type\":\"ListItem\",\"position\":1,\"name\":\"Koti\",\"item\":\"https:\/\/valika.eu\/en\/\"},{\"@type\":\"ListItem\",\"position\":2,\"name\":\"Shop\",\"item\":\"https:\/\/valika.eu\/en\/\"},{\"@type\":\"ListItem\",\"position\":3,\"name\":\"Silverfox 1015A kosmeetiku t\u00f6\u00f6k\u00e4ru riiul ratastega klaasriiulitega\"}]},{\"@type\":\"WebSite\",\"@id\":\"https:\/\/valika.eu\/en\/#website\",\"url\":\"https:\/\/valika.eu\/en\/\",\"name\":\"Valika.eu\",\"description\":\"Salon products and beauty products - Valika offers a wide range of products and accessories for nail technicians, beauty salons, hairdressers.\",\"publisher\":{\"@id\":\"https:\/\/valika.eu\/en\/#organization\"},\"alternateName\":\"Valika\",\"potentialAction\":[{\"@type\":\"SearchAction\",\"target\":{\"@type\":\"EntryPoint\",\"urlTemplate\":\"https:\/\/valika.eu\/en\/?s={search_term_string}\"},\"query-input\":{\"@type\":\"PropertyValueSpecification\",\"valueRequired\":true,\"valueName\":\"search_term_string\"}}],\"inLanguage\":\"en-US\"},{\"@type\":\"Organization\",\"@id\":\"https:\/\/valika.eu\/en\/#organization\",\"name\":\"Salongitoode O\u00dc\",\"alternateName\":\"Valika\",\"url\":\"https:\/\/valika.eu\/en\/\",\"logo\":{\"@type\":\"ImageObject\",\"inLanguage\":\"en-US\",\"@id\":\"https:\/\/valika.eu\/en\/#\/schema\/logo\/image\/\",\"url\":\"https:\/\/valika.eu\/wp-content\/uploads\/2023\/11\/logo2-valika-footer.png\",\"contentUrl\":\"https:\/\/valika.eu\/wp-content\/uploads\/2023\/11\/logo2-valika-footer.png\",\"width\":200,\"height\":129,\"caption\":\"Salongitoode O\u00dc\"},\"image\":{\"@id\":\"https:\/\/valika.eu\/en\/#\/schema\/logo\/image\/\"},\"sameAs\":[\"https:\/\/www.facebook.com\/tipsi.net\"]}]}<\/script>\n<!-- \/ Yoast SEO plugin. -->","yoast_head_json":{"title":"Cosmetology trolley \/ table for beautician or dentist \u2014 glass beauty trolley Silverfox 1015A | Valika","robots":{"index":"index","follow":"follow","max-snippet":"max-snippet:-1","max-image-preview":"max-image-preview:large","max-video-preview":"max-video-preview:-1"},"canonical":"https:\/\/valika.eu\/en\/toode\/silverfox-1015a-kosmeetiku-tookaru-riiul-ratastega-klaasriiulitega\/","og_locale":"en_US","og_type":"article","og_title":"Cosmetology trolley \/ table for beautician or dentist \u2014 glass beauty trolley Silverfox 1015A | Valika","og_description":"Work trolley on wheels with glass shelves that are resistant to dirt and scratches and easy to clean \u2014 a","og_url":"https:\/\/valika.eu\/en\/toode\/silverfox-1015a-kosmeetiku-tookaru-riiul-ratastega-klaasriiulitega\/","og_site_name":"Valika","article_publisher":"https:\/\/www.facebook.com\/tipsi.net","article_modified_time":"2026-03-07T05:42:34+00:00","og_image":[{"width":1034,"height":900,"url":"https:\/\/valika.eu\/wp-content\/uploads\/2025\/10\/kosmeetiline_riiul_klaasiga_1015a_.jpg","type":"image\/jpeg"}],"twitter_card":"summary_large_image","schema":{"@context":"https:\/\/schema.org","@graph":[{"@type":"WebPage","@id":"https:\/\/valika.eu\/en\/toode\/silverfox-1015a-kosmeetiku-tookaru-riiul-ratastega-klaasriiulitega\/","url":"https:\/\/valika.eu\/en\/toode\/silverfox-1015a-kosmeetiku-tookaru-riiul-ratastega-klaasriiulitega\/","name":"Cosmetology trolley \/ table for beautician or dentist \u2014 glass beauty trolley Silverfox 1015A | Valika","isPartOf":{"@id":"https:\/\/valika.eu\/en\/#website"},"primaryImageOfPage":{"@id":"https:\/\/valika.eu\/en\/toode\/silverfox-1015a-kosmeetiku-tookaru-riiul-ratastega-klaasriiulitega\/#primaryimage"},"image":{"@id":"https:\/\/valika.eu\/toode\/silverfox-1015a-kosmeetiku-tookaru-riiul-ratastega-klaasriiulitega\/#primaryimage"},"thumbnailUrl":"https:\/\/valika.eu\/wp-content\/uploads\/2025\/10\/kosmeetiline_riiul_klaasiga_1015a_.jpg","datePublished":"2025-10-22T10:45:22+00:00","dateModified":"2026-03-07T05:42:34+00:00","breadcrumb":{"@id":"https:\/\/valika.eu\/en\/toode\/silverfox-1015a-kosmeetiku-tookaru-riiul-ratastega-klaasriiulitega\/#breadcrumb"},"inLanguage":"en-US","potentialAction":[{"@type":"ReadAction","target":[["https:\/\/valika.eu\/en\/toode\/silverfox-1015a-kosmeetiku-tookaru-riiul-ratastega-klaasriiulitega\/"]]}]},{"@type":"ImageObject","inLanguage":"en-US","@id":"https:\/\/valika.eu\/en\/toode\/silverfox-1015a-kosmeetiku-tookaru-riiul-ratastega-klaasriiulitega\/#primaryimage","url":"https:\/\/valika.eu\/wp-content\/uploads\/2025\/10\/kosmeetiline_riiul_klaasiga_1015a_.jpg","contentUrl":"https:\/\/valika.eu\/wp-content\/uploads\/2025\/10\/kosmeetiline_riiul_klaasiga_1015a_.jpg","width":1034,"height":900},{"@type":"BreadcrumbList","@id":"https:\/\/valika.eu\/en\/toode\/silverfox-1015a-kosmeetiku-tookaru-riiul-ratastega-klaasriiulitega\/#breadcrumb","itemListElement":[{"@type":"ListItem","position":1,"name":"Koti","item":"https:\/\/valika.eu\/en\/"},{"@type":"ListItem","position":2,"name":"Shop","item":"https:\/\/valika.eu\/en\/"},{"@type":"ListItem","position":3,"name":"Silverfox 1015A kosmeetiku t\u00f6\u00f6k\u00e4ru riiul ratastega klaasriiulitega"}]},{"@type":"WebSite","@id":"https:\/\/valika.eu\/en\/#website","url":"https:\/\/valika.eu\/en\/","name":"Valika.eu","description":"Salon products and beauty products - Valika offers a wide range of products and accessories for nail technicians, beauty salons, hairdressers.","publisher":{"@id":"https:\/\/valika.eu\/en\/#organization"},"alternateName":"Valika","potentialAction":[{"@type":"SearchAction","target":{"@type":"EntryPoint","urlTemplate":"https:\/\/valika.eu\/en\/?s={search_term_string}"},"query-input":{"@type":"PropertyValueSpecification","valueRequired":true,"valueName":"search_term_string"}}],"inLanguage":"en-US"},{"@type":"Organization","@id":"https:\/\/valika.eu\/en\/#organization","name":"Salongitoode O\u00dc","alternateName":"Valika","url":"https:\/\/valika.eu\/en\/","logo":{"@type":"ImageObject","inLanguage":"en-US","@id":"https:\/\/valika.eu\/en\/#\/schema\/logo\/image\/","url":"https:\/\/valika.eu\/wp-content\/uploads\/2023\/11\/logo2-valika-footer.png","contentUrl":"https:\/\/valika.eu\/wp-content\/uploads\/2023\/11\/logo2-valika-footer.png","width":200,"height":129,"caption":"Salongitoode O\u00dc"},"image":{"@id":"https:\/\/valika.eu\/en\/#\/schema\/logo\/image\/"},"sameAs":["https:\/\/www.facebook.com\/tipsi.net"]}]}},"jetpack_sharing_enabled":true,"_links":{"self":[{"href":"https:\/\/valika.eu\/en\/wp-json\/wp\/v2\/product\/17162","targetHints":{"allow":["GET"]}}],"collection":[{"href":"https:\/\/valika.eu\/en\/wp-json\/wp\/v2\/product"}],"about":[{"href":"https:\/\/valika.eu\/en\/wp-json\/wp\/v2\/types\/product"}],"wp:featuredmedia":[{"embeddable":true,"href":"https:\/\/valika.eu\/en\/wp-json\/wp\/v2\/media\/17165"}],"wp:attachment":[{"href":"https:\/\/valika.eu\/en\/wp-json\/wp\/v2\/media?parent=17162"}],"wp:term":[{"taxonomy":"product_brand","embeddable":true,"href":"https:\/\/valika.eu\/en\/wp-json\/wp\/v2\/product_brand?post=17162"},{"taxonomy":"product_cat","embeddable":true,"href":"https:\/\/valika.eu\/en\/wp-json\/wp\/v2\/product_cat?post=17162"},{"taxonomy":"product_tag","embeddable":true,"href":"https:\/\/valika.eu\/en\/wp-json\/wp\/v2\/product_tag?post=17162"}],"curies":[{"name":"wp","href":"https:\/\/api.w.org\/{rel}","templated":true}]}}