{"id":17668,"date":"2025-11-21T10:38:59","date_gmt":"2025-11-21T08:38:59","guid":{"rendered":"https:\/\/valika.eu\/?post_type=product&#038;p=17668"},"modified":"2025-12-01T13:39:47","modified_gmt":"2025-12-01T11:39:47","slug":"affinity-ice-clear-led-gel-50g-ehitusgeel-labipaistev","status":"publish","type":"product","link":"https:\/\/valika.eu\/en\/toode\/affinity-ice-clear-led-gel-50g-ehitusgeel-labipaistev\/","title":{"rendered":"Affinity Ice clear LED gel 50g"},"content":{"rendered":"<p>Clear Affinity Ice LED builder gel. Transparent.<br \/>\nThe single-phase, medium-thickness Ice gel is very convenient to apply to the nail and is used for building the entire nail.<\/p>\n<p>Medium viscosity, single-phase builder gel. Applied over a Bonder or Primer. Does not require a base or foundation layer; it can serve as a thin base layer by itself.<br \/>\nA stronger polymer chain ensures better adhesion of the gel to the nail surface.<\/p>\n<p>Suitable for both new LED lamps and older UV lamps. Polymerization time in old-style lamps is 120-180 seconds, and in new-generation hybrid LED lamps around 60 seconds, such as those in the <a href=\"https:\/\/valika.eu\/ru\/tootekategooria\/kuuned\/seadmed\/led-uv-lambid\/\" target=\"_blank\" rel=\"noopener\">&#8221; SUNONE k\u00fc\u00fcnelambid &#8220;<\/a> category.<\/p>\n<p>In new-generation lamps, it may heat up slightly but not strongly; to avoid this, cure in two stages: first for 10-15 seconds, then again for 30 seconds.<\/p>\n<p>If the lamp has a low heat mode button, this can also be used.<\/p>","protected":false},"excerpt":{"rendered":"<p>Does not require a gel base or other bases; it can be used as a thin layer as a base itself. May cause some heat but not much. Polymerizes quickly.<\/p>\n","protected":false},"featured_media":664,"template":"","meta":[],"product_brand":[],"product_cat":[74],"product_tag":[],"class_list":{"0":"post-17668","1":"product","2":"type-product","3":"status-publish","4":"has-post-thumbnail","6":"product_cat-affinity","8":"first","9":"instock","10":"taxable","11":"shipping-taxable","12":"purchasable","13":"product-type-simple"},"yoast_head":"<!-- This site is optimized with the Yoast SEO plugin v24.4 - https:\/\/yoast.com\/wordpress\/plugins\/seo\/ -->\n<title>Affinity Ice clear LED gel 50g | Valika<\/title>\n<meta name=\"description\" content=\"Tugevam pol\u00fcmeerideahel tagab geeli parema haarduvuse k\u00fc\u00fcnepinnaga.\u00dchefaasilise keskmise paksusega Ice geeli on v\u00e4ga mugav k\u00fc\u00fcnele kanda ja seda kasutatakse terve k\u00fc\u00fcne \u00fclesehitamiseks. Vajab alla primerit v\u00f5i bonderit (erinevusest palun lugege praimeri kirjelduses).\" \/>\n<meta name=\"robots\" content=\"index, follow, max-snippet:-1, max-image-preview:large, max-video-preview:-1\" \/>\n<link rel=\"canonical\" href=\"https:\/\/valika.eu\/en\/toode\/affinity-ice-clear-led-gel-50g-ehitusgeel-labipaistev\/\" \/>\n<meta property=\"og:locale\" content=\"en_US\" \/>\n<meta property=\"og:type\" content=\"article\" \/>\n<meta property=\"og:title\" content=\"Affinity Ice clear LED gel 50g | Valika\" \/>\n<meta property=\"og:description\" content=\"Tugevam pol\u00fcmeerideahel tagab geeli parema haarduvuse k\u00fc\u00fcnepinnaga.\u00dchefaasilise keskmise paksusega Ice geeli on v\u00e4ga mugav k\u00fc\u00fcnele kanda ja seda kasutatakse terve k\u00fc\u00fcne \u00fclesehitamiseks. Vajab alla primerit v\u00f5i bonderit (erinevusest palun lugege praimeri kirjelduses).\" \/>\n<meta property=\"og:url\" content=\"https:\/\/valika.eu\/en\/toode\/affinity-ice-clear-led-gel-50g-ehitusgeel-labipaistev\/\" \/>\n<meta property=\"og:site_name\" content=\"Valika\" \/>\n<meta property=\"article:publisher\" content=\"https:\/\/www.facebook.com\/tipsi.net\" \/>\n<meta property=\"article:modified_time\" content=\"2025-12-01T11:39:47+00:00\" \/>\n<meta property=\"og:image\" content=\"https:\/\/valika.eu\/wp-content\/uploads\/2024\/09\/affinity_led_clear-9.jpg\" \/>\n\t<meta property=\"og:image:width\" content=\"800\" \/>\n\t<meta property=\"og:image:height\" content=\"800\" \/>\n\t<meta property=\"og:image:type\" content=\"image\/jpeg\" \/>\n<meta name=\"twitter:card\" content=\"summary_large_image\" \/>\n<script type=\"application\/ld+json\" class=\"yoast-schema-graph\">{\"@context\":\"https:\/\/schema.org\",\"@graph\":[{\"@type\":\"WebPage\",\"@id\":\"https:\/\/valika.eu\/en\/toode\/affinity-ice-clear-led-gel-50g-ehitusgeel-labipaistev\/\",\"url\":\"https:\/\/valika.eu\/en\/toode\/affinity-ice-clear-led-gel-50g-ehitusgeel-labipaistev\/\",\"name\":\"Affinity Ice clear LED gel 50g | Valika\",\"isPartOf\":{\"@id\":\"https:\/\/valika.eu\/en\/#website\"},\"primaryImageOfPage\":{\"@id\":\"https:\/\/valika.eu\/en\/toode\/affinity-ice-clear-led-gel-50g-ehitusgeel-labipaistev\/#primaryimage\"},\"image\":{\"@id\":\"https:\/\/valika.eu\/toode\/affinity-ice-clear-led-gel-50g-ehitusgeel-labipaistev\/#primaryimage\"},\"thumbnailUrl\":\"https:\/\/valika.eu\/wp-content\/uploads\/2024\/09\/affinity_led_clear-9.jpg\",\"datePublished\":\"2025-11-21T08:38:59+00:00\",\"dateModified\":\"2025-12-01T11:39:47+00:00\",\"description\":\"Tugevam pol\u00fcmeerideahel tagab geeli parema haarduvuse k\u00fc\u00fcnepinnaga.\u00dchefaasilise keskmise paksusega Ice geeli on v\u00e4ga mugav k\u00fc\u00fcnele kanda ja seda kasutatakse terve k\u00fc\u00fcne \u00fclesehitamiseks. Vajab alla primerit v\u00f5i bonderit (erinevusest palun lugege praimeri kirjelduses).\",\"breadcrumb\":{\"@id\":\"https:\/\/valika.eu\/en\/toode\/affinity-ice-clear-led-gel-50g-ehitusgeel-labipaistev\/#breadcrumb\"},\"inLanguage\":\"en-US\",\"potentialAction\":[{\"@type\":\"ReadAction\",\"target\":[[\"https:\/\/valika.eu\/en\/toode\/affinity-ice-clear-led-gel-50g-ehitusgeel-labipaistev\/\"]]}]},{\"@type\":\"ImageObject\",\"inLanguage\":\"en-US\",\"@id\":\"https:\/\/valika.eu\/en\/toode\/affinity-ice-clear-led-gel-50g-ehitusgeel-labipaistev\/#primaryimage\",\"url\":\"https:\/\/valika.eu\/wp-content\/uploads\/2024\/09\/affinity_led_clear-9.jpg\",\"contentUrl\":\"https:\/\/valika.eu\/wp-content\/uploads\/2024\/09\/affinity_led_clear-9.jpg\",\"width\":800,\"height\":800},{\"@type\":\"BreadcrumbList\",\"@id\":\"https:\/\/valika.eu\/en\/toode\/affinity-ice-clear-led-gel-50g-ehitusgeel-labipaistev\/#breadcrumb\",\"itemListElement\":[{\"@type\":\"ListItem\",\"position\":1,\"name\":\"Koti\",\"item\":\"https:\/\/valika.eu\/en\/\"},{\"@type\":\"ListItem\",\"position\":2,\"name\":\"Shop\",\"item\":\"https:\/\/valika.eu\/en\/\"},{\"@type\":\"ListItem\",\"position\":3,\"name\":\"Affinity Ice clear LED gel 50g\"}]},{\"@type\":\"WebSite\",\"@id\":\"https:\/\/valika.eu\/en\/#website\",\"url\":\"https:\/\/valika.eu\/en\/\",\"name\":\"Valika.eu\",\"description\":\"Salon products and beauty products - Valika offers a wide range of products and accessories for nail technicians, beauty salons, hairdressers.\",\"publisher\":{\"@id\":\"https:\/\/valika.eu\/en\/#organization\"},\"alternateName\":\"Valika\",\"potentialAction\":[{\"@type\":\"SearchAction\",\"target\":{\"@type\":\"EntryPoint\",\"urlTemplate\":\"https:\/\/valika.eu\/en\/?s={search_term_string}\"},\"query-input\":{\"@type\":\"PropertyValueSpecification\",\"valueRequired\":true,\"valueName\":\"search_term_string\"}}],\"inLanguage\":\"en-US\"},{\"@type\":\"Organization\",\"@id\":\"https:\/\/valika.eu\/en\/#organization\",\"name\":\"Salongitoode O\u00dc\",\"alternateName\":\"Valika\",\"url\":\"https:\/\/valika.eu\/en\/\",\"logo\":{\"@type\":\"ImageObject\",\"inLanguage\":\"en-US\",\"@id\":\"https:\/\/valika.eu\/en\/#\/schema\/logo\/image\/\",\"url\":\"https:\/\/valika.eu\/wp-content\/uploads\/2023\/11\/logo2-valika-footer.png\",\"contentUrl\":\"https:\/\/valika.eu\/wp-content\/uploads\/2023\/11\/logo2-valika-footer.png\",\"width\":200,\"height\":129,\"caption\":\"Salongitoode O\u00dc\"},\"image\":{\"@id\":\"https:\/\/valika.eu\/en\/#\/schema\/logo\/image\/\"},\"sameAs\":[\"https:\/\/www.facebook.com\/tipsi.net\"]}]}<\/script>\n<!-- \/ Yoast SEO plugin. -->","yoast_head_json":{"title":"Affinity Ice clear LED gel 50g | Valika","description":"Tugevam pol\u00fcmeerideahel tagab geeli parema haarduvuse k\u00fc\u00fcnepinnaga.\u00dchefaasilise keskmise paksusega Ice geeli on v\u00e4ga mugav k\u00fc\u00fcnele kanda ja seda kasutatakse terve k\u00fc\u00fcne \u00fclesehitamiseks. Vajab alla primerit v\u00f5i bonderit (erinevusest palun lugege praimeri kirjelduses).","robots":{"index":"index","follow":"follow","max-snippet":"max-snippet:-1","max-image-preview":"max-image-preview:large","max-video-preview":"max-video-preview:-1"},"canonical":"https:\/\/valika.eu\/en\/toode\/affinity-ice-clear-led-gel-50g-ehitusgeel-labipaistev\/","og_locale":"en_US","og_type":"article","og_title":"Affinity Ice clear LED gel 50g | Valika","og_description":"Tugevam pol\u00fcmeerideahel tagab geeli parema haarduvuse k\u00fc\u00fcnepinnaga.\u00dchefaasilise keskmise paksusega Ice geeli on v\u00e4ga mugav k\u00fc\u00fcnele kanda ja seda kasutatakse terve k\u00fc\u00fcne \u00fclesehitamiseks. Vajab alla primerit v\u00f5i bonderit (erinevusest palun lugege praimeri kirjelduses).","og_url":"https:\/\/valika.eu\/en\/toode\/affinity-ice-clear-led-gel-50g-ehitusgeel-labipaistev\/","og_site_name":"Valika","article_publisher":"https:\/\/www.facebook.com\/tipsi.net","article_modified_time":"2025-12-01T11:39:47+00:00","og_image":[{"width":800,"height":800,"url":"https:\/\/valika.eu\/wp-content\/uploads\/2024\/09\/affinity_led_clear-9.jpg","type":"image\/jpeg"}],"twitter_card":"summary_large_image","schema":{"@context":"https:\/\/schema.org","@graph":[{"@type":"WebPage","@id":"https:\/\/valika.eu\/en\/toode\/affinity-ice-clear-led-gel-50g-ehitusgeel-labipaistev\/","url":"https:\/\/valika.eu\/en\/toode\/affinity-ice-clear-led-gel-50g-ehitusgeel-labipaistev\/","name":"Affinity Ice clear LED gel 50g | Valika","isPartOf":{"@id":"https:\/\/valika.eu\/en\/#website"},"primaryImageOfPage":{"@id":"https:\/\/valika.eu\/en\/toode\/affinity-ice-clear-led-gel-50g-ehitusgeel-labipaistev\/#primaryimage"},"image":{"@id":"https:\/\/valika.eu\/toode\/affinity-ice-clear-led-gel-50g-ehitusgeel-labipaistev\/#primaryimage"},"thumbnailUrl":"https:\/\/valika.eu\/wp-content\/uploads\/2024\/09\/affinity_led_clear-9.jpg","datePublished":"2025-11-21T08:38:59+00:00","dateModified":"2025-12-01T11:39:47+00:00","description":"Tugevam pol\u00fcmeerideahel tagab geeli parema haarduvuse k\u00fc\u00fcnepinnaga.\u00dchefaasilise keskmise paksusega Ice geeli on v\u00e4ga mugav k\u00fc\u00fcnele kanda ja seda kasutatakse terve k\u00fc\u00fcne \u00fclesehitamiseks. Vajab alla primerit v\u00f5i bonderit (erinevusest palun lugege praimeri kirjelduses).","breadcrumb":{"@id":"https:\/\/valika.eu\/en\/toode\/affinity-ice-clear-led-gel-50g-ehitusgeel-labipaistev\/#breadcrumb"},"inLanguage":"en-US","potentialAction":[{"@type":"ReadAction","target":[["https:\/\/valika.eu\/en\/toode\/affinity-ice-clear-led-gel-50g-ehitusgeel-labipaistev\/"]]}]},{"@type":"ImageObject","inLanguage":"en-US","@id":"https:\/\/valika.eu\/en\/toode\/affinity-ice-clear-led-gel-50g-ehitusgeel-labipaistev\/#primaryimage","url":"https:\/\/valika.eu\/wp-content\/uploads\/2024\/09\/affinity_led_clear-9.jpg","contentUrl":"https:\/\/valika.eu\/wp-content\/uploads\/2024\/09\/affinity_led_clear-9.jpg","width":800,"height":800},{"@type":"BreadcrumbList","@id":"https:\/\/valika.eu\/en\/toode\/affinity-ice-clear-led-gel-50g-ehitusgeel-labipaistev\/#breadcrumb","itemListElement":[{"@type":"ListItem","position":1,"name":"Koti","item":"https:\/\/valika.eu\/en\/"},{"@type":"ListItem","position":2,"name":"Shop","item":"https:\/\/valika.eu\/en\/"},{"@type":"ListItem","position":3,"name":"Affinity Ice clear LED gel 50g"}]},{"@type":"WebSite","@id":"https:\/\/valika.eu\/en\/#website","url":"https:\/\/valika.eu\/en\/","name":"Valika.eu","description":"Salon products and beauty products - Valika offers a wide range of products and accessories for nail technicians, beauty salons, hairdressers.","publisher":{"@id":"https:\/\/valika.eu\/en\/#organization"},"alternateName":"Valika","potentialAction":[{"@type":"SearchAction","target":{"@type":"EntryPoint","urlTemplate":"https:\/\/valika.eu\/en\/?s={search_term_string}"},"query-input":{"@type":"PropertyValueSpecification","valueRequired":true,"valueName":"search_term_string"}}],"inLanguage":"en-US"},{"@type":"Organization","@id":"https:\/\/valika.eu\/en\/#organization","name":"Salongitoode O\u00dc","alternateName":"Valika","url":"https:\/\/valika.eu\/en\/","logo":{"@type":"ImageObject","inLanguage":"en-US","@id":"https:\/\/valika.eu\/en\/#\/schema\/logo\/image\/","url":"https:\/\/valika.eu\/wp-content\/uploads\/2023\/11\/logo2-valika-footer.png","contentUrl":"https:\/\/valika.eu\/wp-content\/uploads\/2023\/11\/logo2-valika-footer.png","width":200,"height":129,"caption":"Salongitoode O\u00dc"},"image":{"@id":"https:\/\/valika.eu\/en\/#\/schema\/logo\/image\/"},"sameAs":["https:\/\/www.facebook.com\/tipsi.net"]}]}},"jetpack_sharing_enabled":true,"_links":{"self":[{"href":"https:\/\/valika.eu\/en\/wp-json\/wp\/v2\/product\/17668","targetHints":{"allow":["GET"]}}],"collection":[{"href":"https:\/\/valika.eu\/en\/wp-json\/wp\/v2\/product"}],"about":[{"href":"https:\/\/valika.eu\/en\/wp-json\/wp\/v2\/types\/product"}],"wp:featuredmedia":[{"embeddable":true,"href":"https:\/\/valika.eu\/en\/wp-json\/wp\/v2\/media\/664"}],"wp:attachment":[{"href":"https:\/\/valika.eu\/en\/wp-json\/wp\/v2\/media?parent=17668"}],"wp:term":[{"taxonomy":"product_brand","embeddable":true,"href":"https:\/\/valika.eu\/en\/wp-json\/wp\/v2\/product_brand?post=17668"},{"taxonomy":"product_cat","embeddable":true,"href":"https:\/\/valika.eu\/en\/wp-json\/wp\/v2\/product_cat?post=17668"},{"taxonomy":"product_tag","embeddable":true,"href":"https:\/\/valika.eu\/en\/wp-json\/wp\/v2\/product_tag?post=17668"}],"curies":[{"name":"wp","href":"https:\/\/api.w.org\/{rel}","templated":true}]}}