{"id":875,"date":"2024-09-24T13:35:38","date_gmt":"2024-09-24T10:35:38","guid":{"rendered":"https:\/\/valika.eu\/?post_type=product&#038;p=875"},"modified":"2025-12-01T11:04:39","modified_gmt":"2025-12-01T09:04:39","slug":"kuunelamp-uv-led-48w-viimase-polvkonna-hubriid-sunone-2c-originaal","status":"publish","type":"product","link":"https:\/\/valika.eu\/en\/toode\/kuunelamp-uv-led-48w-viimase-polvkonna-hubriid-sunone-2c-originaal\/","title":{"rendered":"LED\/UV LAMP  SUN 2C. Original!"},"content":{"rendered":"<p>Perfectly cured nails and a luxurious experience are yours to bring home with Sun2C. Rest your hands on the built-in pad to focus on your nail art, then use the 33 high-power LED beads inside this 48 watt UV LED gel nail lamp to cure your nails quickly and evenly with simple smudge-free operation.<\/p>\n<p>Auto On\/Off: Turns on when your nails are in, off when they&#8217;re not &#8211; or use the 5 second, 30 second, 60 second, or 90 second preset times and watch the countdown on the large LED screen to get the perfect cure.<\/p>\n<p>Ultra-fast Curing Time: Powerful LEDs and full-coverage design provides curing in up to half the time of other UV lamps.<\/p>\n<p>High Quality LEDs<\/p>\n<p>Safe &amp; Gentle: Targeted 365 nm UV light + 405 nm LED light wavelengths ensure that your eyes and skin stay protected while your nails get their TLC.<\/p>\n<p>Removable mirrored base panel: Take off the base to cure pedicures and make cleanup easy.<\/p>\n<p>1 year warranty: Contact our customer support team with any issues or questions and we&#8217;ll be there to help.<\/p>\n<p>Specs<\/p>\n<p>\u2714\ufe0f Works with ALL gels<\/p>\n<p>\u2714\ufe0f Auto On\/Off<\/p>\n<p>\u2714\ufe0f Removable Base<\/p>\n<p>DIMENSIONS &amp; WEIGHT:<\/p>\n<p>7.87x v7.87 x 3.54 inch<\/p>\n<p>1.5m (59 in) Cable Length<\/p>\n<p>2.3lb<\/p>\n<p>WATTAGE:48W<\/p>\n<p>LIGHT BEADS:33 UV\/LED light beads<\/p>\n<p>TIMER SETTINGS:10s, 30s, 60s, 90s<\/p>\n<p>WHAT\u2019S IN THE BOX?:<\/p>\n<p>1x SUN2C Nail Lamp<\/p>\n<p>1x Power Adapter<\/p>\n<p>1x Nail Polish Guide<\/p>\n<p>1x User Manual<\/p>\n<ul>\n<li>6 month warranty<\/li>\n<\/ul>\n<p><\/p>","protected":false},"excerpt":{"rendered":"<p>Latest generation UV\/LED Nail Lamp HYBRID SUNUV2C 48W. Original SUNUV product. Cures everykind of UV gel\/building gel\/LED gel\/gel polishes.<\/p>\n","protected":false},"featured_media":137,"template":"","meta":[],"product_brand":[],"product_cat":[21],"product_tag":[],"class_list":{"0":"post-875","1":"product","2":"type-product","3":"status-publish","4":"has-post-thumbnail","6":"product_cat-led-uv-lambid","8":"first","9":"outofstock","10":"taxable","11":"shipping-taxable","12":"purchasable","13":"product-type-simple"},"yoast_head":"<!-- This site is optimized with the Yoast SEO plugin v24.4 - https:\/\/yoast.com\/wordpress\/plugins\/seo\/ -->\n<title>LED\/UV LAMP SUN 2C. Original! | Valika<\/title>\n<meta name=\"description\" content=\"Viimase p\u00f5lvkonna UV\/LED K\u00fc\u00fcnelamp H\u00dcBRIID SUNUV2C 48W Originaal SUNUV toode. Kivistab UV geeli\/ehitusgeeli\/LED geeli\/geellakke.\" \/>\n<meta name=\"robots\" content=\"index, follow, max-snippet:-1, max-image-preview:large, max-video-preview:-1\" \/>\n<link rel=\"canonical\" href=\"https:\/\/valika.eu\/en\/toode\/kuunelamp-uv-led-48w-viimase-polvkonna-hubriid-sunone-2c-originaal\/\" \/>\n<meta property=\"og:locale\" content=\"en_US\" \/>\n<meta property=\"og:type\" content=\"article\" \/>\n<meta property=\"og:title\" content=\"LED\/UV LAMP SUN 2C. Original! | Valika\" \/>\n<meta property=\"og:description\" content=\"Viimase p\u00f5lvkonna UV\/LED K\u00fc\u00fcnelamp H\u00dcBRIID SUNUV2C 48W Originaal SUNUV toode. Kivistab UV geeli\/ehitusgeeli\/LED geeli\/geellakke.\" \/>\n<meta property=\"og:url\" content=\"https:\/\/valika.eu\/en\/toode\/kuunelamp-uv-led-48w-viimase-polvkonna-hubriid-sunone-2c-originaal\/\" \/>\n<meta property=\"og:site_name\" content=\"Valika\" \/>\n<meta property=\"article:publisher\" content=\"https:\/\/www.facebook.com\/tipsi.net\" \/>\n<meta property=\"article:modified_time\" content=\"2025-12-01T09:04:39+00:00\" \/>\n<meta property=\"og:image\" content=\"https:\/\/valika.eu\/wp-content\/uploads\/2023\/11\/KUUNELAMP_48W_SUNUV2-2.jpg\" \/>\n\t<meta property=\"og:image:width\" content=\"800\" \/>\n\t<meta property=\"og:image:height\" content=\"800\" \/>\n\t<meta property=\"og:image:type\" content=\"image\/jpeg\" \/>\n<meta name=\"twitter:card\" content=\"summary_large_image\" \/>\n<script type=\"application\/ld+json\" class=\"yoast-schema-graph\">{\"@context\":\"https:\/\/schema.org\",\"@graph\":[{\"@type\":\"WebPage\",\"@id\":\"https:\/\/valika.eu\/en\/toode\/kuunelamp-uv-led-48w-viimase-polvkonna-hubriid-sunone-2c-originaal\/\",\"url\":\"https:\/\/valika.eu\/en\/toode\/kuunelamp-uv-led-48w-viimase-polvkonna-hubriid-sunone-2c-originaal\/\",\"name\":\"LED\/UV LAMP SUN 2C. Original! | Valika\",\"isPartOf\":{\"@id\":\"https:\/\/valika.eu\/en\/#website\"},\"primaryImageOfPage\":{\"@id\":\"https:\/\/valika.eu\/en\/toode\/kuunelamp-uv-led-48w-viimase-polvkonna-hubriid-sunone-2c-originaal\/#primaryimage\"},\"image\":{\"@id\":\"https:\/\/valika.eu\/toode\/kuunelamp-uv-led-48w-viimase-polvkonna-hubriid-sunone-2c-originaal\/#primaryimage\"},\"thumbnailUrl\":\"https:\/\/valika.eu\/wp-content\/uploads\/2023\/11\/KUUNELAMP_48W_SUNUV2-2.jpg\",\"datePublished\":\"2024-09-24T10:35:38+00:00\",\"dateModified\":\"2025-12-01T09:04:39+00:00\",\"description\":\"Viimase p\u00f5lvkonna UV\/LED K\u00fc\u00fcnelamp H\u00dcBRIID SUNUV2C 48W Originaal SUNUV toode. Kivistab UV geeli\/ehitusgeeli\/LED geeli\/geellakke.\",\"breadcrumb\":{\"@id\":\"https:\/\/valika.eu\/en\/toode\/kuunelamp-uv-led-48w-viimase-polvkonna-hubriid-sunone-2c-originaal\/#breadcrumb\"},\"inLanguage\":\"en-US\",\"potentialAction\":[{\"@type\":\"ReadAction\",\"target\":[[\"https:\/\/valika.eu\/en\/toode\/kuunelamp-uv-led-48w-viimase-polvkonna-hubriid-sunone-2c-originaal\/\"]]}]},{\"@type\":\"ImageObject\",\"inLanguage\":\"en-US\",\"@id\":\"https:\/\/valika.eu\/en\/toode\/kuunelamp-uv-led-48w-viimase-polvkonna-hubriid-sunone-2c-originaal\/#primaryimage\",\"url\":\"https:\/\/valika.eu\/wp-content\/uploads\/2023\/11\/KUUNELAMP_48W_SUNUV2-2.jpg\",\"contentUrl\":\"https:\/\/valika.eu\/wp-content\/uploads\/2023\/11\/KUUNELAMP_48W_SUNUV2-2.jpg\",\"width\":800,\"height\":800},{\"@type\":\"BreadcrumbList\",\"@id\":\"https:\/\/valika.eu\/en\/toode\/kuunelamp-uv-led-48w-viimase-polvkonna-hubriid-sunone-2c-originaal\/#breadcrumb\",\"itemListElement\":[{\"@type\":\"ListItem\",\"position\":1,\"name\":\"Koti\",\"item\":\"https:\/\/valika.eu\/en\/\"},{\"@type\":\"ListItem\",\"position\":2,\"name\":\"Shop\",\"item\":\"https:\/\/valika.eu\/en\/\"},{\"@type\":\"ListItem\",\"position\":3,\"name\":\"K\u00fc\u00fcnelamp UV-LED 48W ,Viimase P\u00f5lvkonna H\u00fcbriid SUNONE 2C. Originaal!\"}]},{\"@type\":\"WebSite\",\"@id\":\"https:\/\/valika.eu\/en\/#website\",\"url\":\"https:\/\/valika.eu\/en\/\",\"name\":\"Valika.eu\",\"description\":\"Salon products and beauty products - Valika offers a wide range of products and accessories for nail technicians, beauty salons, hairdressers.\",\"publisher\":{\"@id\":\"https:\/\/valika.eu\/en\/#organization\"},\"alternateName\":\"Valika\",\"potentialAction\":[{\"@type\":\"SearchAction\",\"target\":{\"@type\":\"EntryPoint\",\"urlTemplate\":\"https:\/\/valika.eu\/en\/?s={search_term_string}\"},\"query-input\":{\"@type\":\"PropertyValueSpecification\",\"valueRequired\":true,\"valueName\":\"search_term_string\"}}],\"inLanguage\":\"en-US\"},{\"@type\":\"Organization\",\"@id\":\"https:\/\/valika.eu\/en\/#organization\",\"name\":\"Salongitoode O\u00dc\",\"alternateName\":\"Valika\",\"url\":\"https:\/\/valika.eu\/en\/\",\"logo\":{\"@type\":\"ImageObject\",\"inLanguage\":\"en-US\",\"@id\":\"https:\/\/valika.eu\/en\/#\/schema\/logo\/image\/\",\"url\":\"https:\/\/valika.eu\/wp-content\/uploads\/2023\/11\/logo2-valika-footer.png\",\"contentUrl\":\"https:\/\/valika.eu\/wp-content\/uploads\/2023\/11\/logo2-valika-footer.png\",\"width\":200,\"height\":129,\"caption\":\"Salongitoode O\u00dc\"},\"image\":{\"@id\":\"https:\/\/valika.eu\/en\/#\/schema\/logo\/image\/\"},\"sameAs\":[\"https:\/\/www.facebook.com\/tipsi.net\"]}]}<\/script>\n<!-- \/ Yoast SEO plugin. -->","yoast_head_json":{"title":"LED\/UV LAMP SUN 2C. Original! | Valika","description":"Viimase p\u00f5lvkonna UV\/LED K\u00fc\u00fcnelamp H\u00dcBRIID SUNUV2C 48W Originaal SUNUV toode. Kivistab UV geeli\/ehitusgeeli\/LED geeli\/geellakke.","robots":{"index":"index","follow":"follow","max-snippet":"max-snippet:-1","max-image-preview":"max-image-preview:large","max-video-preview":"max-video-preview:-1"},"canonical":"https:\/\/valika.eu\/en\/toode\/kuunelamp-uv-led-48w-viimase-polvkonna-hubriid-sunone-2c-originaal\/","og_locale":"en_US","og_type":"article","og_title":"LED\/UV LAMP SUN 2C. Original! | Valika","og_description":"Viimase p\u00f5lvkonna UV\/LED K\u00fc\u00fcnelamp H\u00dcBRIID SUNUV2C 48W Originaal SUNUV toode. Kivistab UV geeli\/ehitusgeeli\/LED geeli\/geellakke.","og_url":"https:\/\/valika.eu\/en\/toode\/kuunelamp-uv-led-48w-viimase-polvkonna-hubriid-sunone-2c-originaal\/","og_site_name":"Valika","article_publisher":"https:\/\/www.facebook.com\/tipsi.net","article_modified_time":"2025-12-01T09:04:39+00:00","og_image":[{"width":800,"height":800,"url":"https:\/\/valika.eu\/wp-content\/uploads\/2023\/11\/KUUNELAMP_48W_SUNUV2-2.jpg","type":"image\/jpeg"}],"twitter_card":"summary_large_image","schema":{"@context":"https:\/\/schema.org","@graph":[{"@type":"WebPage","@id":"https:\/\/valika.eu\/en\/toode\/kuunelamp-uv-led-48w-viimase-polvkonna-hubriid-sunone-2c-originaal\/","url":"https:\/\/valika.eu\/en\/toode\/kuunelamp-uv-led-48w-viimase-polvkonna-hubriid-sunone-2c-originaal\/","name":"LED\/UV LAMP SUN 2C. Original! | Valika","isPartOf":{"@id":"https:\/\/valika.eu\/en\/#website"},"primaryImageOfPage":{"@id":"https:\/\/valika.eu\/en\/toode\/kuunelamp-uv-led-48w-viimase-polvkonna-hubriid-sunone-2c-originaal\/#primaryimage"},"image":{"@id":"https:\/\/valika.eu\/toode\/kuunelamp-uv-led-48w-viimase-polvkonna-hubriid-sunone-2c-originaal\/#primaryimage"},"thumbnailUrl":"https:\/\/valika.eu\/wp-content\/uploads\/2023\/11\/KUUNELAMP_48W_SUNUV2-2.jpg","datePublished":"2024-09-24T10:35:38+00:00","dateModified":"2025-12-01T09:04:39+00:00","description":"Viimase p\u00f5lvkonna UV\/LED K\u00fc\u00fcnelamp H\u00dcBRIID SUNUV2C 48W Originaal SUNUV toode. Kivistab UV geeli\/ehitusgeeli\/LED geeli\/geellakke.","breadcrumb":{"@id":"https:\/\/valika.eu\/en\/toode\/kuunelamp-uv-led-48w-viimase-polvkonna-hubriid-sunone-2c-originaal\/#breadcrumb"},"inLanguage":"en-US","potentialAction":[{"@type":"ReadAction","target":[["https:\/\/valika.eu\/en\/toode\/kuunelamp-uv-led-48w-viimase-polvkonna-hubriid-sunone-2c-originaal\/"]]}]},{"@type":"ImageObject","inLanguage":"en-US","@id":"https:\/\/valika.eu\/en\/toode\/kuunelamp-uv-led-48w-viimase-polvkonna-hubriid-sunone-2c-originaal\/#primaryimage","url":"https:\/\/valika.eu\/wp-content\/uploads\/2023\/11\/KUUNELAMP_48W_SUNUV2-2.jpg","contentUrl":"https:\/\/valika.eu\/wp-content\/uploads\/2023\/11\/KUUNELAMP_48W_SUNUV2-2.jpg","width":800,"height":800},{"@type":"BreadcrumbList","@id":"https:\/\/valika.eu\/en\/toode\/kuunelamp-uv-led-48w-viimase-polvkonna-hubriid-sunone-2c-originaal\/#breadcrumb","itemListElement":[{"@type":"ListItem","position":1,"name":"Koti","item":"https:\/\/valika.eu\/en\/"},{"@type":"ListItem","position":2,"name":"Shop","item":"https:\/\/valika.eu\/en\/"},{"@type":"ListItem","position":3,"name":"K\u00fc\u00fcnelamp UV-LED 48W ,Viimase P\u00f5lvkonna H\u00fcbriid SUNONE 2C. Originaal!"}]},{"@type":"WebSite","@id":"https:\/\/valika.eu\/en\/#website","url":"https:\/\/valika.eu\/en\/","name":"Valika.eu","description":"Salon products and beauty products - Valika offers a wide range of products and accessories for nail technicians, beauty salons, hairdressers.","publisher":{"@id":"https:\/\/valika.eu\/en\/#organization"},"alternateName":"Valika","potentialAction":[{"@type":"SearchAction","target":{"@type":"EntryPoint","urlTemplate":"https:\/\/valika.eu\/en\/?s={search_term_string}"},"query-input":{"@type":"PropertyValueSpecification","valueRequired":true,"valueName":"search_term_string"}}],"inLanguage":"en-US"},{"@type":"Organization","@id":"https:\/\/valika.eu\/en\/#organization","name":"Salongitoode O\u00dc","alternateName":"Valika","url":"https:\/\/valika.eu\/en\/","logo":{"@type":"ImageObject","inLanguage":"en-US","@id":"https:\/\/valika.eu\/en\/#\/schema\/logo\/image\/","url":"https:\/\/valika.eu\/wp-content\/uploads\/2023\/11\/logo2-valika-footer.png","contentUrl":"https:\/\/valika.eu\/wp-content\/uploads\/2023\/11\/logo2-valika-footer.png","width":200,"height":129,"caption":"Salongitoode O\u00dc"},"image":{"@id":"https:\/\/valika.eu\/en\/#\/schema\/logo\/image\/"},"sameAs":["https:\/\/www.facebook.com\/tipsi.net"]}]}},"jetpack_sharing_enabled":true,"_links":{"self":[{"href":"https:\/\/valika.eu\/en\/wp-json\/wp\/v2\/product\/875","targetHints":{"allow":["GET"]}}],"collection":[{"href":"https:\/\/valika.eu\/en\/wp-json\/wp\/v2\/product"}],"about":[{"href":"https:\/\/valika.eu\/en\/wp-json\/wp\/v2\/types\/product"}],"wp:featuredmedia":[{"embeddable":true,"href":"https:\/\/valika.eu\/en\/wp-json\/wp\/v2\/media\/137"}],"wp:attachment":[{"href":"https:\/\/valika.eu\/en\/wp-json\/wp\/v2\/media?parent=875"}],"wp:term":[{"taxonomy":"product_brand","embeddable":true,"href":"https:\/\/valika.eu\/en\/wp-json\/wp\/v2\/product_brand?post=875"},{"taxonomy":"product_cat","embeddable":true,"href":"https:\/\/valika.eu\/en\/wp-json\/wp\/v2\/product_cat?post=875"},{"taxonomy":"product_tag","embeddable":true,"href":"https:\/\/valika.eu\/en\/wp-json\/wp\/v2\/product_tag?post=875"}],"curies":[{"name":"wp","href":"https:\/\/api.w.org\/{rel}","templated":true}]}}