{"id":878,"date":"2024-09-24T13:35:40","date_gmt":"2024-09-24T10:35:40","guid":{"rendered":"https:\/\/valika.eu\/?post_type=product&#038;p=878"},"modified":"2025-10-27T15:46:59","modified_gmt":"2025-10-27T13:46:59","slug":"pedikuuritool-kliendivoodi-3-mootoriga-azzurro-708as","status":"publish","type":"product","link":"https:\/\/valika.eu\/en\/toode\/pedikuuritool-kliendivoodi-3-mootoriga-azzurro-708as\/","title":{"rendered":"Pedicure chair  with 3 motors Azurro 708AS"},"content":{"rendered":"<p>Pedicure chair for customer bed Azurro 708AS &#8211; a comfortable model for performing pedicure and cosmetic procedures. It is characterized by an elegant base, a wide comfortable seat and soft armrests, which are automatically lowered when the chair is placed in a horizontal position.<\/p>\n<p>Three motors are responsible for adjusting the chair. Using the control panel, you can configure:<\/p>\n<p>chair lift height (59 cm to 91 cm);<\/p>\n<p>seat tilt angle;<\/p>\n<p>backrest angle.<\/p>\n<p>The footrests can be installed at a 90\u00b0 angle, which is necessary to place the feet in the pedicure tub. The model has a comfortable headrest that can be adjusted by height.<\/p>\n<p>It is an ergonomic, versatile chair that looks great and meets the most demanding requirements!<\/p>\n<p>Wide range of height adjustments<\/p>\n<p>The working height of the chair is 60 cm in the lower position and 1 meter in the upper position.<\/p>\n<p>Armrests<\/p>\n<p>To ensure a comfortable sitting of the client, the chair has fold-down armrests on both sides, which take a horizontal position when the chair is folded!<\/p>\n<p>Comfortable foot soak<\/p>\n<p>The footrests of the pedicure chair can be installed at a 90-degree angle to the seat, which is especially convenient for foot soaking in the bathtub during the pedicure procedure.<\/p>\n<p>Headrest<\/p>\n<p>The headrest is adjusted to 3 positions with a latch.<\/p>\n<p>Quality<\/p>\n<p>Azurro series chairs are designed for a load of up to 150 kg, have a strong welded frame and high-quality ecological leather with special stitching. For their production, elastic polyurethane is used, which does not lose its properties for a long time.<\/p>\n<p>Reliability<\/p>\n<p>RAYDOW electric motors used in Azurro series chairs have low noise and vibration levels and have a large operating reserve. The motors are designed for continuous use and in the conditions of high-traffic beauty salons.<\/p>\n<p>height: 59 cm &#8211; 91 cm seat<\/p>\n<p>width: 62 cm<\/p>\n<p>seat width with armrests: 88 cm<\/p>\n<p>headrest width: 39 cm<\/p>\n<p>seat weight: 93 kg<\/p>\n<p>lifting capacity: up to 150 kg<\/p>\n<p>package dimensions: 141x65x70 cm<\/p>\n<p>Claim submission period 12 months<\/p>\n<p>\u200b<\/p>","protected":false},"excerpt":{"rendered":"<p class=\"qtranxs-available-languages-message qtranxs-available-languages-message-en\">Sorry, this entry is only available in <a href=\"https:\/\/valika.eu\/et\/wp-json\/wp\/v2\/product\/878\" class=\"qtranxs-available-language-link qtranxs-available-language-link-et\" title=\"Eesti\">Eesti<\/a> and <a href=\"https:\/\/valika.eu\/ru\/wp-json\/wp\/v2\/product\/878\" class=\"qtranxs-available-language-link qtranxs-available-language-link-ru\" title=\"\u0420\u0443\u0441\u0441\u043a\u0438\u0439\">\u0420\u0443\u0441\u0441\u043a\u0438\u0439<\/a>.<\/p>\n<p>Pedik\u00fc\u00fcri tooli jalgtoed saab paigaldada 90-kraadise nurga all istme suhtes, mis on eriti mugav jalale leotamiseks vannis pedik\u00fc\u00fcri protseduuri ajal.<\/p>\n","protected":false},"featured_media":179,"template":"","meta":[],"product_brand":[],"product_cat":[24,344],"product_tag":[],"class_list":{"0":"post-878","1":"product","2":"type-product","3":"status-publish","4":"has-post-thumbnail","6":"product_cat-ilusalongimoobel","7":"product_cat-kliendivoodid-ja-protseduurilauad","9":"first","10":"instock","11":"taxable","12":"shipping-taxable","13":"purchasable","14":"product-type-simple"},"yoast_head":"<!-- This site is optimized with the Yoast SEO plugin v24.4 - https:\/\/yoast.com\/wordpress\/plugins\/seo\/ -->\n<title>Pedicure chair with 3 motors Azurro 708AS | Valika<\/title>\n<meta name=\"robots\" content=\"index, follow, max-snippet:-1, max-image-preview:large, max-video-preview:-1\" \/>\n<link rel=\"canonical\" href=\"https:\/\/valika.eu\/en\/toode\/pedikuuritool-kliendivoodi-3-mootoriga-azzurro-708as\/\" \/>\n<meta property=\"og:locale\" content=\"en_US\" \/>\n<meta property=\"og:type\" content=\"article\" \/>\n<meta property=\"og:title\" content=\"Pedicure chair with 3 motors Azurro 708AS | Valika\" \/>\n<meta property=\"og:description\" content=\"Pedik\u00fc\u00fcri tooli jalgtoed saab paigaldada 90-kraadise nurga all istme suhtes, mis on eriti mugav jalale leotamiseks vannis pedik\u00fc\u00fcri protseduuri ajal.\" \/>\n<meta property=\"og:url\" content=\"https:\/\/valika.eu\/en\/toode\/pedikuuritool-kliendivoodi-3-mootoriga-azzurro-708as\/\" \/>\n<meta property=\"og:site_name\" content=\"Valika\" \/>\n<meta property=\"article:publisher\" content=\"https:\/\/www.facebook.com\/tipsi.net\" \/>\n<meta property=\"article:modified_time\" content=\"2025-10-27T13:46:59+00:00\" \/>\n<meta property=\"og:image\" content=\"https:\/\/valika.eu\/wp-content\/uploads\/2023\/11\/pedikuuritool_3mootoriga_valge1.jpg\" \/>\n\t<meta property=\"og:image:width\" content=\"800\" \/>\n\t<meta property=\"og:image:height\" content=\"800\" \/>\n\t<meta property=\"og:image:type\" content=\"image\/jpeg\" \/>\n<meta name=\"twitter:card\" content=\"summary_large_image\" \/>\n<script type=\"application\/ld+json\" class=\"yoast-schema-graph\">{\"@context\":\"https:\/\/schema.org\",\"@graph\":[{\"@type\":\"WebPage\",\"@id\":\"https:\/\/valika.eu\/en\/toode\/pedikuuritool-kliendivoodi-3-mootoriga-azzurro-708as\/\",\"url\":\"https:\/\/valika.eu\/en\/toode\/pedikuuritool-kliendivoodi-3-mootoriga-azzurro-708as\/\",\"name\":\"Pedicure chair with 3 motors Azurro 708AS | Valika\",\"isPartOf\":{\"@id\":\"https:\/\/valika.eu\/en\/#website\"},\"primaryImageOfPage\":{\"@id\":\"https:\/\/valika.eu\/en\/toode\/pedikuuritool-kliendivoodi-3-mootoriga-azzurro-708as\/#primaryimage\"},\"image\":{\"@id\":\"https:\/\/valika.eu\/toode\/pedikuuritool-kliendivoodi-3-mootoriga-azzurro-708as\/#primaryimage\"},\"thumbnailUrl\":\"https:\/\/valika.eu\/wp-content\/uploads\/2023\/11\/pedikuuritool_3mootoriga_valge1.jpg\",\"datePublished\":\"2024-09-24T10:35:40+00:00\",\"dateModified\":\"2025-10-27T13:46:59+00:00\",\"breadcrumb\":{\"@id\":\"https:\/\/valika.eu\/en\/toode\/pedikuuritool-kliendivoodi-3-mootoriga-azzurro-708as\/#breadcrumb\"},\"inLanguage\":\"en-US\",\"potentialAction\":[{\"@type\":\"ReadAction\",\"target\":[[\"https:\/\/valika.eu\/en\/toode\/pedikuuritool-kliendivoodi-3-mootoriga-azzurro-708as\/\"]]}]},{\"@type\":\"ImageObject\",\"inLanguage\":\"en-US\",\"@id\":\"https:\/\/valika.eu\/en\/toode\/pedikuuritool-kliendivoodi-3-mootoriga-azzurro-708as\/#primaryimage\",\"url\":\"https:\/\/valika.eu\/wp-content\/uploads\/2023\/11\/pedikuuritool_3mootoriga_valge1.jpg\",\"contentUrl\":\"https:\/\/valika.eu\/wp-content\/uploads\/2023\/11\/pedikuuritool_3mootoriga_valge1.jpg\",\"width\":800,\"height\":800,\"caption\":\"pedikuuritool 3 mootoriga\"},{\"@type\":\"BreadcrumbList\",\"@id\":\"https:\/\/valika.eu\/en\/toode\/pedikuuritool-kliendivoodi-3-mootoriga-azzurro-708as\/#breadcrumb\",\"itemListElement\":[{\"@type\":\"ListItem\",\"position\":1,\"name\":\"Koti\",\"item\":\"https:\/\/valika.eu\/en\/\"},{\"@type\":\"ListItem\",\"position\":2,\"name\":\"Shop\",\"item\":\"https:\/\/valika.eu\/en\/\"},{\"@type\":\"ListItem\",\"position\":3,\"name\":\"Pedik\u00fc\u00fcritool kliendivoodi 3 mootoriga AZZURRO 708AS\"}]},{\"@type\":\"WebSite\",\"@id\":\"https:\/\/valika.eu\/en\/#website\",\"url\":\"https:\/\/valika.eu\/en\/\",\"name\":\"Valika.eu\",\"description\":\"Salon products and beauty products - Valika offers a wide range of products and accessories for nail technicians, beauty salons, hairdressers.\",\"publisher\":{\"@id\":\"https:\/\/valika.eu\/en\/#organization\"},\"alternateName\":\"Valika\",\"potentialAction\":[{\"@type\":\"SearchAction\",\"target\":{\"@type\":\"EntryPoint\",\"urlTemplate\":\"https:\/\/valika.eu\/en\/?s={search_term_string}\"},\"query-input\":{\"@type\":\"PropertyValueSpecification\",\"valueRequired\":true,\"valueName\":\"search_term_string\"}}],\"inLanguage\":\"en-US\"},{\"@type\":\"Organization\",\"@id\":\"https:\/\/valika.eu\/en\/#organization\",\"name\":\"Salongitoode O\u00dc\",\"alternateName\":\"Valika\",\"url\":\"https:\/\/valika.eu\/en\/\",\"logo\":{\"@type\":\"ImageObject\",\"inLanguage\":\"en-US\",\"@id\":\"https:\/\/valika.eu\/en\/#\/schema\/logo\/image\/\",\"url\":\"https:\/\/valika.eu\/wp-content\/uploads\/2023\/11\/logo2-valika-footer.png\",\"contentUrl\":\"https:\/\/valika.eu\/wp-content\/uploads\/2023\/11\/logo2-valika-footer.png\",\"width\":200,\"height\":129,\"caption\":\"Salongitoode O\u00dc\"},\"image\":{\"@id\":\"https:\/\/valika.eu\/en\/#\/schema\/logo\/image\/\"},\"sameAs\":[\"https:\/\/www.facebook.com\/tipsi.net\"]}]}<\/script>\n<!-- \/ Yoast SEO plugin. -->","yoast_head_json":{"title":"Pedicure chair with 3 motors Azurro 708AS | Valika","robots":{"index":"index","follow":"follow","max-snippet":"max-snippet:-1","max-image-preview":"max-image-preview:large","max-video-preview":"max-video-preview:-1"},"canonical":"https:\/\/valika.eu\/en\/toode\/pedikuuritool-kliendivoodi-3-mootoriga-azzurro-708as\/","og_locale":"en_US","og_type":"article","og_title":"Pedicure chair with 3 motors Azurro 708AS | Valika","og_description":"Pedik\u00fc\u00fcri tooli jalgtoed saab paigaldada 90-kraadise nurga all istme suhtes, mis on eriti mugav jalale leotamiseks vannis pedik\u00fc\u00fcri protseduuri ajal.","og_url":"https:\/\/valika.eu\/en\/toode\/pedikuuritool-kliendivoodi-3-mootoriga-azzurro-708as\/","og_site_name":"Valika","article_publisher":"https:\/\/www.facebook.com\/tipsi.net","article_modified_time":"2025-10-27T13:46:59+00:00","og_image":[{"width":800,"height":800,"url":"https:\/\/valika.eu\/wp-content\/uploads\/2023\/11\/pedikuuritool_3mootoriga_valge1.jpg","type":"image\/jpeg"}],"twitter_card":"summary_large_image","schema":{"@context":"https:\/\/schema.org","@graph":[{"@type":"WebPage","@id":"https:\/\/valika.eu\/en\/toode\/pedikuuritool-kliendivoodi-3-mootoriga-azzurro-708as\/","url":"https:\/\/valika.eu\/en\/toode\/pedikuuritool-kliendivoodi-3-mootoriga-azzurro-708as\/","name":"Pedicure chair with 3 motors Azurro 708AS | Valika","isPartOf":{"@id":"https:\/\/valika.eu\/en\/#website"},"primaryImageOfPage":{"@id":"https:\/\/valika.eu\/en\/toode\/pedikuuritool-kliendivoodi-3-mootoriga-azzurro-708as\/#primaryimage"},"image":{"@id":"https:\/\/valika.eu\/toode\/pedikuuritool-kliendivoodi-3-mootoriga-azzurro-708as\/#primaryimage"},"thumbnailUrl":"https:\/\/valika.eu\/wp-content\/uploads\/2023\/11\/pedikuuritool_3mootoriga_valge1.jpg","datePublished":"2024-09-24T10:35:40+00:00","dateModified":"2025-10-27T13:46:59+00:00","breadcrumb":{"@id":"https:\/\/valika.eu\/en\/toode\/pedikuuritool-kliendivoodi-3-mootoriga-azzurro-708as\/#breadcrumb"},"inLanguage":"en-US","potentialAction":[{"@type":"ReadAction","target":[["https:\/\/valika.eu\/en\/toode\/pedikuuritool-kliendivoodi-3-mootoriga-azzurro-708as\/"]]}]},{"@type":"ImageObject","inLanguage":"en-US","@id":"https:\/\/valika.eu\/en\/toode\/pedikuuritool-kliendivoodi-3-mootoriga-azzurro-708as\/#primaryimage","url":"https:\/\/valika.eu\/wp-content\/uploads\/2023\/11\/pedikuuritool_3mootoriga_valge1.jpg","contentUrl":"https:\/\/valika.eu\/wp-content\/uploads\/2023\/11\/pedikuuritool_3mootoriga_valge1.jpg","width":800,"height":800,"caption":"pedikuuritool 3 mootoriga"},{"@type":"BreadcrumbList","@id":"https:\/\/valika.eu\/en\/toode\/pedikuuritool-kliendivoodi-3-mootoriga-azzurro-708as\/#breadcrumb","itemListElement":[{"@type":"ListItem","position":1,"name":"Koti","item":"https:\/\/valika.eu\/en\/"},{"@type":"ListItem","position":2,"name":"Shop","item":"https:\/\/valika.eu\/en\/"},{"@type":"ListItem","position":3,"name":"Pedik\u00fc\u00fcritool kliendivoodi 3 mootoriga AZZURRO 708AS"}]},{"@type":"WebSite","@id":"https:\/\/valika.eu\/en\/#website","url":"https:\/\/valika.eu\/en\/","name":"Valika.eu","description":"Salon products and beauty products - Valika offers a wide range of products and accessories for nail technicians, beauty salons, hairdressers.","publisher":{"@id":"https:\/\/valika.eu\/en\/#organization"},"alternateName":"Valika","potentialAction":[{"@type":"SearchAction","target":{"@type":"EntryPoint","urlTemplate":"https:\/\/valika.eu\/en\/?s={search_term_string}"},"query-input":{"@type":"PropertyValueSpecification","valueRequired":true,"valueName":"search_term_string"}}],"inLanguage":"en-US"},{"@type":"Organization","@id":"https:\/\/valika.eu\/en\/#organization","name":"Salongitoode O\u00dc","alternateName":"Valika","url":"https:\/\/valika.eu\/en\/","logo":{"@type":"ImageObject","inLanguage":"en-US","@id":"https:\/\/valika.eu\/en\/#\/schema\/logo\/image\/","url":"https:\/\/valika.eu\/wp-content\/uploads\/2023\/11\/logo2-valika-footer.png","contentUrl":"https:\/\/valika.eu\/wp-content\/uploads\/2023\/11\/logo2-valika-footer.png","width":200,"height":129,"caption":"Salongitoode O\u00dc"},"image":{"@id":"https:\/\/valika.eu\/en\/#\/schema\/logo\/image\/"},"sameAs":["https:\/\/www.facebook.com\/tipsi.net"]}]}},"jetpack_sharing_enabled":true,"_links":{"self":[{"href":"https:\/\/valika.eu\/en\/wp-json\/wp\/v2\/product\/878","targetHints":{"allow":["GET"]}}],"collection":[{"href":"https:\/\/valika.eu\/en\/wp-json\/wp\/v2\/product"}],"about":[{"href":"https:\/\/valika.eu\/en\/wp-json\/wp\/v2\/types\/product"}],"wp:featuredmedia":[{"embeddable":true,"href":"https:\/\/valika.eu\/en\/wp-json\/wp\/v2\/media\/179"}],"wp:attachment":[{"href":"https:\/\/valika.eu\/en\/wp-json\/wp\/v2\/media?parent=878"}],"wp:term":[{"taxonomy":"product_brand","embeddable":true,"href":"https:\/\/valika.eu\/en\/wp-json\/wp\/v2\/product_brand?post=878"},{"taxonomy":"product_cat","embeddable":true,"href":"https:\/\/valika.eu\/en\/wp-json\/wp\/v2\/product_cat?post=878"},{"taxonomy":"product_tag","embeddable":true,"href":"https:\/\/valika.eu\/en\/wp-json\/wp\/v2\/product_tag?post=878"}],"curies":[{"name":"wp","href":"https:\/\/api.w.org\/{rel}","templated":true}]}}