{"id":879,"date":"2024-09-24T13:35:40","date_gmt":"2024-09-24T10:35:40","guid":{"rendered":"https:\/\/valika.eu\/?post_type=product&#038;p=879"},"modified":"2025-10-27T15:46:59","modified_gmt":"2025-10-27T13:46:59","slug":"kosmeetikuvoodi-4-mootoriga-eeva-708","status":"publish","type":"product","link":"https:\/\/valika.eu\/en\/toode\/kosmeetikuvoodi-4-mootoriga-eeva-708\/","title":{"rendered":"Cosmetology beauty bed with 4 motors ,,Eeva-708,,"},"content":{"rendered":"<p>&#8221;Eeva-708&#8243; is a versatile cosmetic chair that allows for various procedures, creating comfortable working conditions for both the master and the client.<\/p>\n<p>The distinctive feature of the &#8220;Eeva-708&#8221; chair is its high lifting height, enabling the pedicure master to keep their back straight and feel comfortable.<\/p>\n<p>This model lowers to a low position, making it easy and comfortable for any grandmother to sit on the chair. It has an elegant base, a wide comfortable seat, and soft armrests that automatically lower when the chair is reclined.<\/p>\n<p>The product is equipped with an anatomical cutout headrest and adaptive armrests, featuring an elegant and modern design.<\/p>\n<ul>\n<li>Low noise level and long motor lifespan<\/li>\n<li>Precise mechanical welding of the iron frame for greater stability<\/li>\n<li>Wear-resistant, highly durable impact-resistant ABS plastic casing ensures quality both inside and outside<\/li>\n<li>Armrest can be manually rotated 180 degrees<\/li>\n<li>Adjustable pull-out leg support with flexible adjustment, can be removed for the convenience of performing pedicures.<\/li>\n<li>The entire bed is CE and RoHS certified Number of motors: 4 motors Electrically adjustable positions: backrest, height, seat tilt, footrest<\/li>\n<li>Material: Synthetic leather: PU\/PVC<\/li>\n<li>Color: White only<\/li>\n<li>Use: facial, body, and pedicure care, etc. Physiotherapy is not recommended; Thai massage is not recommended.<\/li>\n<li>Certification: CE, RoHS<\/li>\n<li>Voltage\/frequency: AC 100\u2013120 V\/220\u2013240 V, 50 Hz\/60 Hz Power: 110 W<\/li>\n<li>Product size: 190*88*59-91 cm<\/li>\n<li>Package size: 142*66*74 cm<\/li>\n<li>Net weight: 73 kg<\/li>\n<li>Gross weight: 98 kg<\/li>\n<li>Weight capacity: 150 kg<\/li>\n<li>Packaging: 1 pc.\/1 box, packaged with a platform<\/li>\n<li>Warranty: 12 months<\/li>\n<\/ul>\n<p><\/p>","protected":false},"excerpt":{"rendered":"<p class=\"qtranxs-available-languages-message qtranxs-available-languages-message-en\">Sorry, this entry is only available in <a href=\"https:\/\/valika.eu\/et\/wp-json\/wp\/v2\/product\/879\" class=\"qtranxs-available-language-link qtranxs-available-language-link-et\" title=\"Eesti\">Eesti<\/a> and <a href=\"https:\/\/valika.eu\/fi\/wp-json\/wp\/v2\/product\/879\" class=\"qtranxs-available-language-link qtranxs-available-language-link-fi\" title=\"suomi\">suomi<\/a>.<\/p>\n<p>Muutke oma salong luksuse ja mugavuse oaasiks meie v\u00f5rratu kosmeetikavoodi \u201cEeva-803A\u201d abil! \ud83c\udf1f<\/p>\n<p>\ud83c\udf08 Sukelduge l\u00f5\u00f5gastuse ja professionaalse hoolduse maailma selle unikaalse tehnoloogia ja stiili meistrit\u00f6\u00f6ga. Siin on p\u00f5hjused, miks te sellest lihtsalt ei suuda loobuda:<\/p>\n","protected":false},"featured_media":276,"template":"","meta":[],"product_brand":[],"product_cat":[24,344],"product_tag":[],"class_list":{"0":"post-879","1":"product","2":"type-product","3":"status-publish","4":"has-post-thumbnail","6":"product_cat-ilusalongimoobel","7":"product_cat-kliendivoodid-ja-protseduurilauad","9":"first","10":"instock","11":"sale","12":"taxable","13":"shipping-taxable","14":"purchasable","15":"product-type-simple"},"yoast_head":"<!-- This site is optimized with the Yoast SEO plugin v24.4 - https:\/\/yoast.com\/wordpress\/plugins\/seo\/ -->\n<title>Cosmetology beauty bed with 4 motors ,,Eeva-708,, | Valika<\/title>\n<meta name=\"description\" content=\"Transform your salon into an oasis of luxury and comfort with our exquisite beauty bed &quot;Eeva-708&quot;! \ud83c\udf1f\ud83c\udf08 Immerse yourself in the world of relaxation and professional care with this unique masterpiece of technology and style. Here&#039;s why you just can&#039;t resist:\" \/>\n<meta name=\"robots\" content=\"index, follow, max-snippet:-1, max-image-preview:large, max-video-preview:-1\" \/>\n<link rel=\"canonical\" href=\"https:\/\/valika.eu\/en\/toode\/kosmeetikuvoodi-4-mootoriga-eeva-708\/\" \/>\n<meta property=\"og:locale\" content=\"en_US\" \/>\n<meta property=\"og:type\" content=\"article\" \/>\n<meta property=\"og:title\" content=\"Cosmetology beauty bed with 4 motors ,,Eeva-708,, | Valika\" \/>\n<meta property=\"og:description\" content=\"Transform your salon into an oasis of luxury and comfort with our exquisite beauty bed &quot;Eeva-708&quot;! \ud83c\udf1f\ud83c\udf08 Immerse yourself in the world of relaxation and professional care with this unique masterpiece of technology and style. Here&#039;s why you just can&#039;t resist:\" \/>\n<meta property=\"og:url\" content=\"https:\/\/valika.eu\/en\/toode\/kosmeetikuvoodi-4-mootoriga-eeva-708\/\" \/>\n<meta property=\"og:site_name\" content=\"Valika\" \/>\n<meta property=\"article:publisher\" content=\"https:\/\/www.facebook.com\/tipsi.net\" \/>\n<meta property=\"article:modified_time\" content=\"2025-10-27T13:46:59+00:00\" \/>\n<meta property=\"og:image\" content=\"https:\/\/valika.eu\/wp-content\/uploads\/2023\/11\/Kosmeetikulaud_4_mootoriga_roheline.jpg\" \/>\n\t<meta property=\"og:image:width\" content=\"420\" \/>\n\t<meta property=\"og:image:height\" content=\"420\" \/>\n\t<meta property=\"og:image:type\" content=\"image\/jpeg\" \/>\n<meta name=\"twitter:card\" content=\"summary_large_image\" \/>\n<script type=\"application\/ld+json\" class=\"yoast-schema-graph\">{\"@context\":\"https:\/\/schema.org\",\"@graph\":[{\"@type\":\"WebPage\",\"@id\":\"https:\/\/valika.eu\/en\/toode\/kosmeetikuvoodi-4-mootoriga-eeva-708\/\",\"url\":\"https:\/\/valika.eu\/en\/toode\/kosmeetikuvoodi-4-mootoriga-eeva-708\/\",\"name\":\"Cosmetology beauty bed with 4 motors ,,Eeva-708,, | Valika\",\"isPartOf\":{\"@id\":\"https:\/\/valika.eu\/en\/#website\"},\"primaryImageOfPage\":{\"@id\":\"https:\/\/valika.eu\/en\/toode\/kosmeetikuvoodi-4-mootoriga-eeva-708\/#primaryimage\"},\"image\":{\"@id\":\"https:\/\/valika.eu\/toode\/kosmeetikuvoodi-4-mootoriga-eeva-708\/#primaryimage\"},\"thumbnailUrl\":\"https:\/\/valika.eu\/wp-content\/uploads\/2023\/11\/Kosmeetikulaud_4_mootoriga_roheline.jpg\",\"datePublished\":\"2024-09-24T10:35:40+00:00\",\"dateModified\":\"2025-10-27T13:46:59+00:00\",\"description\":\"Transform your salon into an oasis of luxury and comfort with our exquisite beauty bed \\\"Eeva-708\\\"! \ud83c\udf1f\ud83c\udf08 Immerse yourself in the world of relaxation and professional care with this unique masterpiece of technology and style. Here's why you just can't resist:\",\"breadcrumb\":{\"@id\":\"https:\/\/valika.eu\/en\/toode\/kosmeetikuvoodi-4-mootoriga-eeva-708\/#breadcrumb\"},\"inLanguage\":\"en-US\",\"potentialAction\":[{\"@type\":\"ReadAction\",\"target\":[[\"https:\/\/valika.eu\/en\/toode\/kosmeetikuvoodi-4-mootoriga-eeva-708\/\"]]}]},{\"@type\":\"ImageObject\",\"inLanguage\":\"en-US\",\"@id\":\"https:\/\/valika.eu\/en\/toode\/kosmeetikuvoodi-4-mootoriga-eeva-708\/#primaryimage\",\"url\":\"https:\/\/valika.eu\/wp-content\/uploads\/2023\/11\/Kosmeetikulaud_4_mootoriga_roheline.jpg\",\"contentUrl\":\"https:\/\/valika.eu\/wp-content\/uploads\/2023\/11\/Kosmeetikulaud_4_mootoriga_roheline.jpg\",\"width\":420,\"height\":420,\"caption\":\"4 mootoriga kosmeetikulaud\"},{\"@type\":\"BreadcrumbList\",\"@id\":\"https:\/\/valika.eu\/en\/toode\/kosmeetikuvoodi-4-mootoriga-eeva-708\/#breadcrumb\",\"itemListElement\":[{\"@type\":\"ListItem\",\"position\":1,\"name\":\"Koti\",\"item\":\"https:\/\/valika.eu\/en\/\"},{\"@type\":\"ListItem\",\"position\":2,\"name\":\"Shop\",\"item\":\"https:\/\/valika.eu\/en\/\"},{\"@type\":\"ListItem\",\"position\":3,\"name\":\"Kosmeetikuvoodi 4 mootoriga ,,Eeva-708,,\"}]},{\"@type\":\"WebSite\",\"@id\":\"https:\/\/valika.eu\/en\/#website\",\"url\":\"https:\/\/valika.eu\/en\/\",\"name\":\"Valika.eu\",\"description\":\"Salon products and beauty products - Valika offers a wide range of products and accessories for nail technicians, beauty salons, hairdressers.\",\"publisher\":{\"@id\":\"https:\/\/valika.eu\/en\/#organization\"},\"alternateName\":\"Valika\",\"potentialAction\":[{\"@type\":\"SearchAction\",\"target\":{\"@type\":\"EntryPoint\",\"urlTemplate\":\"https:\/\/valika.eu\/en\/?s={search_term_string}\"},\"query-input\":{\"@type\":\"PropertyValueSpecification\",\"valueRequired\":true,\"valueName\":\"search_term_string\"}}],\"inLanguage\":\"en-US\"},{\"@type\":\"Organization\",\"@id\":\"https:\/\/valika.eu\/en\/#organization\",\"name\":\"Salongitoode O\u00dc\",\"alternateName\":\"Valika\",\"url\":\"https:\/\/valika.eu\/en\/\",\"logo\":{\"@type\":\"ImageObject\",\"inLanguage\":\"en-US\",\"@id\":\"https:\/\/valika.eu\/en\/#\/schema\/logo\/image\/\",\"url\":\"https:\/\/valika.eu\/wp-content\/uploads\/2023\/11\/logo2-valika-footer.png\",\"contentUrl\":\"https:\/\/valika.eu\/wp-content\/uploads\/2023\/11\/logo2-valika-footer.png\",\"width\":200,\"height\":129,\"caption\":\"Salongitoode O\u00dc\"},\"image\":{\"@id\":\"https:\/\/valika.eu\/en\/#\/schema\/logo\/image\/\"},\"sameAs\":[\"https:\/\/www.facebook.com\/tipsi.net\"]}]}<\/script>\n<!-- \/ Yoast SEO plugin. -->","yoast_head_json":{"title":"Cosmetology beauty bed with 4 motors ,,Eeva-708,, | Valika","description":"Transform your salon into an oasis of luxury and comfort with our exquisite beauty bed \"Eeva-708\"! \ud83c\udf1f\ud83c\udf08 Immerse yourself in the world of relaxation and professional care with this unique masterpiece of technology and style. Here's why you just can't resist:","robots":{"index":"index","follow":"follow","max-snippet":"max-snippet:-1","max-image-preview":"max-image-preview:large","max-video-preview":"max-video-preview:-1"},"canonical":"https:\/\/valika.eu\/en\/toode\/kosmeetikuvoodi-4-mootoriga-eeva-708\/","og_locale":"en_US","og_type":"article","og_title":"Cosmetology beauty bed with 4 motors ,,Eeva-708,, | Valika","og_description":"Transform your salon into an oasis of luxury and comfort with our exquisite beauty bed \"Eeva-708\"! \ud83c\udf1f\ud83c\udf08 Immerse yourself in the world of relaxation and professional care with this unique masterpiece of technology and style. Here's why you just can't resist:","og_url":"https:\/\/valika.eu\/en\/toode\/kosmeetikuvoodi-4-mootoriga-eeva-708\/","og_site_name":"Valika","article_publisher":"https:\/\/www.facebook.com\/tipsi.net","article_modified_time":"2025-10-27T13:46:59+00:00","og_image":[{"width":420,"height":420,"url":"https:\/\/valika.eu\/wp-content\/uploads\/2023\/11\/Kosmeetikulaud_4_mootoriga_roheline.jpg","type":"image\/jpeg"}],"twitter_card":"summary_large_image","schema":{"@context":"https:\/\/schema.org","@graph":[{"@type":"WebPage","@id":"https:\/\/valika.eu\/en\/toode\/kosmeetikuvoodi-4-mootoriga-eeva-708\/","url":"https:\/\/valika.eu\/en\/toode\/kosmeetikuvoodi-4-mootoriga-eeva-708\/","name":"Cosmetology beauty bed with 4 motors ,,Eeva-708,, | Valika","isPartOf":{"@id":"https:\/\/valika.eu\/en\/#website"},"primaryImageOfPage":{"@id":"https:\/\/valika.eu\/en\/toode\/kosmeetikuvoodi-4-mootoriga-eeva-708\/#primaryimage"},"image":{"@id":"https:\/\/valika.eu\/toode\/kosmeetikuvoodi-4-mootoriga-eeva-708\/#primaryimage"},"thumbnailUrl":"https:\/\/valika.eu\/wp-content\/uploads\/2023\/11\/Kosmeetikulaud_4_mootoriga_roheline.jpg","datePublished":"2024-09-24T10:35:40+00:00","dateModified":"2025-10-27T13:46:59+00:00","description":"Transform your salon into an oasis of luxury and comfort with our exquisite beauty bed \"Eeva-708\"! \ud83c\udf1f\ud83c\udf08 Immerse yourself in the world of relaxation and professional care with this unique masterpiece of technology and style. Here's why you just can't resist:","breadcrumb":{"@id":"https:\/\/valika.eu\/en\/toode\/kosmeetikuvoodi-4-mootoriga-eeva-708\/#breadcrumb"},"inLanguage":"en-US","potentialAction":[{"@type":"ReadAction","target":[["https:\/\/valika.eu\/en\/toode\/kosmeetikuvoodi-4-mootoriga-eeva-708\/"]]}]},{"@type":"ImageObject","inLanguage":"en-US","@id":"https:\/\/valika.eu\/en\/toode\/kosmeetikuvoodi-4-mootoriga-eeva-708\/#primaryimage","url":"https:\/\/valika.eu\/wp-content\/uploads\/2023\/11\/Kosmeetikulaud_4_mootoriga_roheline.jpg","contentUrl":"https:\/\/valika.eu\/wp-content\/uploads\/2023\/11\/Kosmeetikulaud_4_mootoriga_roheline.jpg","width":420,"height":420,"caption":"4 mootoriga kosmeetikulaud"},{"@type":"BreadcrumbList","@id":"https:\/\/valika.eu\/en\/toode\/kosmeetikuvoodi-4-mootoriga-eeva-708\/#breadcrumb","itemListElement":[{"@type":"ListItem","position":1,"name":"Koti","item":"https:\/\/valika.eu\/en\/"},{"@type":"ListItem","position":2,"name":"Shop","item":"https:\/\/valika.eu\/en\/"},{"@type":"ListItem","position":3,"name":"Kosmeetikuvoodi 4 mootoriga ,,Eeva-708,,"}]},{"@type":"WebSite","@id":"https:\/\/valika.eu\/en\/#website","url":"https:\/\/valika.eu\/en\/","name":"Valika.eu","description":"Salon products and beauty products - Valika offers a wide range of products and accessories for nail technicians, beauty salons, hairdressers.","publisher":{"@id":"https:\/\/valika.eu\/en\/#organization"},"alternateName":"Valika","potentialAction":[{"@type":"SearchAction","target":{"@type":"EntryPoint","urlTemplate":"https:\/\/valika.eu\/en\/?s={search_term_string}"},"query-input":{"@type":"PropertyValueSpecification","valueRequired":true,"valueName":"search_term_string"}}],"inLanguage":"en-US"},{"@type":"Organization","@id":"https:\/\/valika.eu\/en\/#organization","name":"Salongitoode O\u00dc","alternateName":"Valika","url":"https:\/\/valika.eu\/en\/","logo":{"@type":"ImageObject","inLanguage":"en-US","@id":"https:\/\/valika.eu\/en\/#\/schema\/logo\/image\/","url":"https:\/\/valika.eu\/wp-content\/uploads\/2023\/11\/logo2-valika-footer.png","contentUrl":"https:\/\/valika.eu\/wp-content\/uploads\/2023\/11\/logo2-valika-footer.png","width":200,"height":129,"caption":"Salongitoode O\u00dc"},"image":{"@id":"https:\/\/valika.eu\/en\/#\/schema\/logo\/image\/"},"sameAs":["https:\/\/www.facebook.com\/tipsi.net"]}]}},"jetpack_sharing_enabled":true,"_links":{"self":[{"href":"https:\/\/valika.eu\/en\/wp-json\/wp\/v2\/product\/879","targetHints":{"allow":["GET"]}}],"collection":[{"href":"https:\/\/valika.eu\/en\/wp-json\/wp\/v2\/product"}],"about":[{"href":"https:\/\/valika.eu\/en\/wp-json\/wp\/v2\/types\/product"}],"wp:featuredmedia":[{"embeddable":true,"href":"https:\/\/valika.eu\/en\/wp-json\/wp\/v2\/media\/276"}],"wp:attachment":[{"href":"https:\/\/valika.eu\/en\/wp-json\/wp\/v2\/media?parent=879"}],"wp:term":[{"taxonomy":"product_brand","embeddable":true,"href":"https:\/\/valika.eu\/en\/wp-json\/wp\/v2\/product_brand?post=879"},{"taxonomy":"product_cat","embeddable":true,"href":"https:\/\/valika.eu\/en\/wp-json\/wp\/v2\/product_cat?post=879"},{"taxonomy":"product_tag","embeddable":true,"href":"https:\/\/valika.eu\/en\/wp-json\/wp\/v2\/product_tag?post=879"}],"curies":[{"name":"wp","href":"https:\/\/api.w.org\/{rel}","templated":true}]}}