{"id":8918,"date":"2024-10-14T05:03:41","date_gmt":"2024-10-14T02:03:41","guid":{"rendered":"https:\/\/valika.eu\/toode\/claresa-vanilla-kuunenahaoli-5-ml\/"},"modified":"2026-03-26T09:57:49","modified_gmt":"2026-03-26T07:57:49","slug":"claresa-vanilla-kuunenahaoli-5-ml","status":"publish","type":"product","link":"https:\/\/valika.eu\/en\/toode\/claresa-vanilla-kuunenahaoli-5-ml\/","title":{"rendered":"Claresa Vanilla k\u00fc\u00fcnenaha\u00f5li 5 ml"},"content":{"rendered":"<p><\/p>\n<p><strong>Fruit cuticle and nail oils<\/strong> are the answer to dry, cracked cuticles and weakened, damaged nail plates. They support protection against the harmful effects of external factors and prevent cuticles from drying out. They contain nourishing oils that moisturize and soften cuticles and strengthen nails. Olives have a positive effect on the regeneration of the nail matrix, making the nail plate grow stronger and less susceptible to damage. Piece of Fruit olives are the perfect finish to any styling, but also excellent nourishment for unpainted nails. <br \/><strong>VANILLA olive with the scent of sweet vanilla<\/strong> is a very feminine, seductive scent.<\/p>\n<p><strong><span style=\"color: #cc8797\">INTEREST FACT:\u00a0<\/span><\/strong><br \/>The olive recipe has been enriched with:<br \/>\u2022 Sweet almond oil &#8211; strengthens the nail plate, perfectly nourishes, moisturizes and softens cuticles;<br \/>\u2022 Peach seed oil &#8211; prevents brittle nails and stimulates their growth, strengthens the nail plate.<\/p>\n<p><strong><span style=\"color: #cc8797\">APPLICATION:<\/span><\/strong><br \/>A small amount of olive oil apply to cuticles around nails. Perform a gentle massage until the product is absorbed. Olive oil is perfect both immediately after a manicure and in a daily care ritual.<\/p>\n<div class=\"video-container\"><\/div>\n<p><\/p>","protected":false},"excerpt":{"rendered":"<p>Fruit cuticle and nail oils are the answer to dry, cracked cuticles and weakened, damaged nail plates. They support protection<\/p>\n","protected":false},"featured_media":8917,"template":"","meta":[],"product_brand":[],"product_cat":[596],"product_tag":[],"class_list":{"0":"post-8918","1":"product","2":"type-product","3":"status-publish","4":"has-post-thumbnail","6":"product_cat-kuunenahaoli","8":"first","9":"instock","10":"taxable","11":"shipping-taxable","12":"purchasable","13":"product-type-simple"},"yoast_head":"<!-- This site is optimized with the Yoast SEO plugin v24.4 - https:\/\/yoast.com\/wordpress\/plugins\/seo\/ -->\n<title>Claresa Vanilla k\u00fc\u00fcnenaha\u00f5li 5 ml | Valika<\/title>\n<meta name=\"robots\" content=\"index, follow, max-snippet:-1, max-image-preview:large, max-video-preview:-1\" \/>\n<link rel=\"canonical\" href=\"https:\/\/valika.eu\/en\/toode\/claresa-vanilla-kuunenahaoli-5-ml\/\" \/>\n<meta property=\"og:locale\" content=\"en_US\" \/>\n<meta property=\"og:type\" content=\"article\" \/>\n<meta property=\"og:title\" content=\"Claresa Vanilla k\u00fc\u00fcnenaha\u00f5li 5 ml | Valika\" \/>\n<meta property=\"og:description\" content=\"Fruit cuticle and nail oils are the answer to dry, cracked cuticles and weakened, damaged nail plates. They support protection\" \/>\n<meta property=\"og:url\" content=\"https:\/\/valika.eu\/en\/toode\/claresa-vanilla-kuunenahaoli-5-ml\/\" \/>\n<meta property=\"og:site_name\" content=\"Valika\" \/>\n<meta property=\"article:publisher\" content=\"https:\/\/www.facebook.com\/tipsi.net\" \/>\n<meta property=\"article:modified_time\" content=\"2026-03-26T07:57:49+00:00\" \/>\n<meta property=\"og:image\" content=\"https:\/\/valika.eu\/wp-content\/uploads\/2024\/10\/7555.jpg\" \/>\n\t<meta property=\"og:image:width\" content=\"1500\" \/>\n\t<meta property=\"og:image:height\" content=\"1500\" \/>\n\t<meta property=\"og:image:type\" content=\"image\/jpeg\" \/>\n<meta name=\"twitter:card\" content=\"summary_large_image\" \/>\n<script type=\"application\/ld+json\" class=\"yoast-schema-graph\">{\"@context\":\"https:\/\/schema.org\",\"@graph\":[{\"@type\":\"WebPage\",\"@id\":\"https:\/\/valika.eu\/en\/toode\/claresa-vanilla-kuunenahaoli-5-ml\/\",\"url\":\"https:\/\/valika.eu\/en\/toode\/claresa-vanilla-kuunenahaoli-5-ml\/\",\"name\":\"Claresa Vanilla k\u00fc\u00fcnenaha\u00f5li 5 ml | Valika\",\"isPartOf\":{\"@id\":\"https:\/\/valika.eu\/en\/#website\"},\"primaryImageOfPage\":{\"@id\":\"https:\/\/valika.eu\/en\/toode\/claresa-vanilla-kuunenahaoli-5-ml\/#primaryimage\"},\"image\":{\"@id\":\"https:\/\/valika.eu\/toode\/claresa-vanilla-kuunenahaoli-5-ml\/#primaryimage\"},\"thumbnailUrl\":\"https:\/\/valika.eu\/wp-content\/uploads\/2024\/10\/7555.jpg\",\"datePublished\":\"2024-10-14T02:03:41+00:00\",\"dateModified\":\"2026-03-26T07:57:49+00:00\",\"breadcrumb\":{\"@id\":\"https:\/\/valika.eu\/en\/toode\/claresa-vanilla-kuunenahaoli-5-ml\/#breadcrumb\"},\"inLanguage\":\"en-US\",\"potentialAction\":[{\"@type\":\"ReadAction\",\"target\":[[\"https:\/\/valika.eu\/en\/toode\/claresa-vanilla-kuunenahaoli-5-ml\/\"]]}]},{\"@type\":\"ImageObject\",\"inLanguage\":\"en-US\",\"@id\":\"https:\/\/valika.eu\/en\/toode\/claresa-vanilla-kuunenahaoli-5-ml\/#primaryimage\",\"url\":\"https:\/\/valika.eu\/wp-content\/uploads\/2024\/10\/7555.jpg\",\"contentUrl\":\"https:\/\/valika.eu\/wp-content\/uploads\/2024\/10\/7555.jpg\",\"width\":1500,\"height\":1500},{\"@type\":\"BreadcrumbList\",\"@id\":\"https:\/\/valika.eu\/en\/toode\/claresa-vanilla-kuunenahaoli-5-ml\/#breadcrumb\",\"itemListElement\":[{\"@type\":\"ListItem\",\"position\":1,\"name\":\"Koti\",\"item\":\"https:\/\/valika.eu\/en\/\"},{\"@type\":\"ListItem\",\"position\":2,\"name\":\"Shop\",\"item\":\"https:\/\/valika.eu\/en\/\"},{\"@type\":\"ListItem\",\"position\":3,\"name\":\"Claresa Vanilla k\u00fc\u00fcnenaha\u00f5li 5 ml\"}]},{\"@type\":\"WebSite\",\"@id\":\"https:\/\/valika.eu\/en\/#website\",\"url\":\"https:\/\/valika.eu\/en\/\",\"name\":\"Valika.eu\",\"description\":\"Salon products and beauty products - Valika offers a wide range of products and accessories for nail technicians, beauty salons, hairdressers.\",\"publisher\":{\"@id\":\"https:\/\/valika.eu\/en\/#organization\"},\"alternateName\":\"Valika\",\"potentialAction\":[{\"@type\":\"SearchAction\",\"target\":{\"@type\":\"EntryPoint\",\"urlTemplate\":\"https:\/\/valika.eu\/en\/?s={search_term_string}\"},\"query-input\":{\"@type\":\"PropertyValueSpecification\",\"valueRequired\":true,\"valueName\":\"search_term_string\"}}],\"inLanguage\":\"en-US\"},{\"@type\":\"Organization\",\"@id\":\"https:\/\/valika.eu\/en\/#organization\",\"name\":\"Salongitoode O\u00dc\",\"alternateName\":\"Valika\",\"url\":\"https:\/\/valika.eu\/en\/\",\"logo\":{\"@type\":\"ImageObject\",\"inLanguage\":\"en-US\",\"@id\":\"https:\/\/valika.eu\/en\/#\/schema\/logo\/image\/\",\"url\":\"https:\/\/valika.eu\/wp-content\/uploads\/2023\/11\/logo2-valika-footer.png\",\"contentUrl\":\"https:\/\/valika.eu\/wp-content\/uploads\/2023\/11\/logo2-valika-footer.png\",\"width\":200,\"height\":129,\"caption\":\"Salongitoode O\u00dc\"},\"image\":{\"@id\":\"https:\/\/valika.eu\/en\/#\/schema\/logo\/image\/\"},\"sameAs\":[\"https:\/\/www.facebook.com\/tipsi.net\"]}]}<\/script>\n<!-- \/ Yoast SEO plugin. -->","yoast_head_json":{"title":"Claresa Vanilla k\u00fc\u00fcnenaha\u00f5li 5 ml | Valika","robots":{"index":"index","follow":"follow","max-snippet":"max-snippet:-1","max-image-preview":"max-image-preview:large","max-video-preview":"max-video-preview:-1"},"canonical":"https:\/\/valika.eu\/en\/toode\/claresa-vanilla-kuunenahaoli-5-ml\/","og_locale":"en_US","og_type":"article","og_title":"Claresa Vanilla k\u00fc\u00fcnenaha\u00f5li 5 ml | Valika","og_description":"Fruit cuticle and nail oils are the answer to dry, cracked cuticles and weakened, damaged nail plates. They support protection","og_url":"https:\/\/valika.eu\/en\/toode\/claresa-vanilla-kuunenahaoli-5-ml\/","og_site_name":"Valika","article_publisher":"https:\/\/www.facebook.com\/tipsi.net","article_modified_time":"2026-03-26T07:57:49+00:00","og_image":[{"width":1500,"height":1500,"url":"https:\/\/valika.eu\/wp-content\/uploads\/2024\/10\/7555.jpg","type":"image\/jpeg"}],"twitter_card":"summary_large_image","schema":{"@context":"https:\/\/schema.org","@graph":[{"@type":"WebPage","@id":"https:\/\/valika.eu\/en\/toode\/claresa-vanilla-kuunenahaoli-5-ml\/","url":"https:\/\/valika.eu\/en\/toode\/claresa-vanilla-kuunenahaoli-5-ml\/","name":"Claresa Vanilla k\u00fc\u00fcnenaha\u00f5li 5 ml | Valika","isPartOf":{"@id":"https:\/\/valika.eu\/en\/#website"},"primaryImageOfPage":{"@id":"https:\/\/valika.eu\/en\/toode\/claresa-vanilla-kuunenahaoli-5-ml\/#primaryimage"},"image":{"@id":"https:\/\/valika.eu\/toode\/claresa-vanilla-kuunenahaoli-5-ml\/#primaryimage"},"thumbnailUrl":"https:\/\/valika.eu\/wp-content\/uploads\/2024\/10\/7555.jpg","datePublished":"2024-10-14T02:03:41+00:00","dateModified":"2026-03-26T07:57:49+00:00","breadcrumb":{"@id":"https:\/\/valika.eu\/en\/toode\/claresa-vanilla-kuunenahaoli-5-ml\/#breadcrumb"},"inLanguage":"en-US","potentialAction":[{"@type":"ReadAction","target":[["https:\/\/valika.eu\/en\/toode\/claresa-vanilla-kuunenahaoli-5-ml\/"]]}]},{"@type":"ImageObject","inLanguage":"en-US","@id":"https:\/\/valika.eu\/en\/toode\/claresa-vanilla-kuunenahaoli-5-ml\/#primaryimage","url":"https:\/\/valika.eu\/wp-content\/uploads\/2024\/10\/7555.jpg","contentUrl":"https:\/\/valika.eu\/wp-content\/uploads\/2024\/10\/7555.jpg","width":1500,"height":1500},{"@type":"BreadcrumbList","@id":"https:\/\/valika.eu\/en\/toode\/claresa-vanilla-kuunenahaoli-5-ml\/#breadcrumb","itemListElement":[{"@type":"ListItem","position":1,"name":"Koti","item":"https:\/\/valika.eu\/en\/"},{"@type":"ListItem","position":2,"name":"Shop","item":"https:\/\/valika.eu\/en\/"},{"@type":"ListItem","position":3,"name":"Claresa Vanilla k\u00fc\u00fcnenaha\u00f5li 5 ml"}]},{"@type":"WebSite","@id":"https:\/\/valika.eu\/en\/#website","url":"https:\/\/valika.eu\/en\/","name":"Valika.eu","description":"Salon products and beauty products - Valika offers a wide range of products and accessories for nail technicians, beauty salons, hairdressers.","publisher":{"@id":"https:\/\/valika.eu\/en\/#organization"},"alternateName":"Valika","potentialAction":[{"@type":"SearchAction","target":{"@type":"EntryPoint","urlTemplate":"https:\/\/valika.eu\/en\/?s={search_term_string}"},"query-input":{"@type":"PropertyValueSpecification","valueRequired":true,"valueName":"search_term_string"}}],"inLanguage":"en-US"},{"@type":"Organization","@id":"https:\/\/valika.eu\/en\/#organization","name":"Salongitoode O\u00dc","alternateName":"Valika","url":"https:\/\/valika.eu\/en\/","logo":{"@type":"ImageObject","inLanguage":"en-US","@id":"https:\/\/valika.eu\/en\/#\/schema\/logo\/image\/","url":"https:\/\/valika.eu\/wp-content\/uploads\/2023\/11\/logo2-valika-footer.png","contentUrl":"https:\/\/valika.eu\/wp-content\/uploads\/2023\/11\/logo2-valika-footer.png","width":200,"height":129,"caption":"Salongitoode O\u00dc"},"image":{"@id":"https:\/\/valika.eu\/en\/#\/schema\/logo\/image\/"},"sameAs":["https:\/\/www.facebook.com\/tipsi.net"]}]}},"jetpack_sharing_enabled":true,"_links":{"self":[{"href":"https:\/\/valika.eu\/en\/wp-json\/wp\/v2\/product\/8918","targetHints":{"allow":["GET"]}}],"collection":[{"href":"https:\/\/valika.eu\/en\/wp-json\/wp\/v2\/product"}],"about":[{"href":"https:\/\/valika.eu\/en\/wp-json\/wp\/v2\/types\/product"}],"wp:featuredmedia":[{"embeddable":true,"href":"https:\/\/valika.eu\/en\/wp-json\/wp\/v2\/media\/8917"}],"wp:attachment":[{"href":"https:\/\/valika.eu\/en\/wp-json\/wp\/v2\/media?parent=8918"}],"wp:term":[{"taxonomy":"product_brand","embeddable":true,"href":"https:\/\/valika.eu\/en\/wp-json\/wp\/v2\/product_brand?post=8918"},{"taxonomy":"product_cat","embeddable":true,"href":"https:\/\/valika.eu\/en\/wp-json\/wp\/v2\/product_cat?post=8918"},{"taxonomy":"product_tag","embeddable":true,"href":"https:\/\/valika.eu\/en\/wp-json\/wp\/v2\/product_tag?post=8918"}],"curies":[{"name":"wp","href":"https:\/\/api.w.org\/{rel}","templated":true}]}}