{"id":8953,"date":"2024-10-14T05:04:35","date_gmt":"2024-10-14T02:04:35","guid":{"rendered":"https:\/\/valika.eu\/toode\/claresa-cherry-kuunenahavoi-13-g\/"},"modified":"2025-12-12T14:17:55","modified_gmt":"2025-12-12T12:17:55","slug":"claresa-cherry-kuunenahavoi-13-g","status":"publish","type":"product","link":"https:\/\/valika.eu\/en\/toode\/claresa-cherry-kuunenahavoi-13-g\/","title":{"rendered":"Claresa Cherry cuticle butter 13 g"},"content":{"rendered":"<p><\/p>\n<p><strong>BEAUTIFUL NAILS WITHOUT TEARING, DRY CUTICLES<\/strong><\/p>\n<p>How to care for your cuticles so that they are well moisturized, well-groomed and do not crack? Their care is not a secret knowledge at all! Cuticles, just like the entire body, require regular care. When exposed to drying detergents or low temperatures, they dry out and peel off faster. <strong>fruit butters for cuticle and nail care<\/strong> come to the rescue, they perfectly moisturize, soften and protect the cuticles from drying out. Enriched with caring oils, they condition and smooth the cuticles. A butter with an aromatic cherry scent created for lovers of intense, fruity aromas, which will make you feel like you are in a cherry orchard full of juicy fruit and beautiful flowers.<\/p>\n<p><strong><span style=\"color: #cc8797\"> INTERESTING FACT:\u00a0<\/span><\/strong><br \/>The butter recipe has been enriched with:<br \/>\u2022 grape seed oil &#8211; has strong protective properties, conditions, makes the cuticles smooth and soft;<br \/>\u2022 castor oil &#8211; conditions, softens and smoothes, strengthens the nail plate, makes nails shine beautifully;<br \/>\u2022 Shea butter &#8211; gently lubricates, protects against drying, softens and smoothes.<\/p>\n<p> <strong><span style=\"color: #cc8797\">APPLICATION:<\/span><\/strong><br \/>Apply a small amount to the cuticles around the nails, massage until absorbed. Remember to be regular to get the best results. For intense hydration, apply generously to your cuticles, put on cotton gloves and leave on your hands overnight.<\/p>\n<\/p>\n<p><img loading=\"lazy\" decoding=\"async\" src=\"\/userdata\/public\/assets\/\/Claresa-fruit- mass%C5%82ka-do-sk%C3%B3rek-manicure.jpg\" alt=\"cuticle butter \" width=\"1960\" height=\"740\" \/><\/p>\n<div class=\"video-container\"><\/ iframe><\/div>\n<p><\/p>","protected":false},"excerpt":{"rendered":"<p>BEAUTIFUL NAILS WITHOUT TEARING, DRY CUTICLES How to care for your cuticles so that they are well moisturized, well-groomed and<\/p>\n","protected":false},"featured_media":8952,"template":"","meta":[],"product_brand":[],"product_cat":[596],"product_tag":[],"class_list":{"0":"post-8953","1":"product","2":"type-product","3":"status-publish","4":"has-post-thumbnail","6":"product_cat-kuunenahaoli","8":"first","9":"outofstock","10":"taxable","11":"shipping-taxable","12":"purchasable","13":"product-type-simple"},"yoast_head":"<!-- This site is optimized with the Yoast SEO plugin v24.4 - https:\/\/yoast.com\/wordpress\/plugins\/seo\/ -->\n<title>Claresa Cherry cuticle butter 13 g | Valika<\/title>\n<meta name=\"robots\" content=\"index, follow, max-snippet:-1, max-image-preview:large, max-video-preview:-1\" \/>\n<link rel=\"canonical\" href=\"https:\/\/valika.eu\/en\/toode\/claresa-cherry-kuunenahavoi-13-g\/\" \/>\n<meta property=\"og:locale\" content=\"en_US\" \/>\n<meta property=\"og:type\" content=\"article\" \/>\n<meta property=\"og:title\" content=\"Claresa Cherry cuticle butter 13 g | Valika\" \/>\n<meta property=\"og:description\" content=\"BEAUTIFUL NAILS WITHOUT TEARING, DRY CUTICLES How to care for your cuticles so that they are well moisturized, well-groomed and\" \/>\n<meta property=\"og:url\" content=\"https:\/\/valika.eu\/en\/toode\/claresa-cherry-kuunenahavoi-13-g\/\" \/>\n<meta property=\"og:site_name\" content=\"Valika\" \/>\n<meta property=\"article:publisher\" content=\"https:\/\/www.facebook.com\/tipsi.net\" \/>\n<meta property=\"article:modified_time\" content=\"2025-12-12T12:17:55+00:00\" \/>\n<meta property=\"og:image\" content=\"https:\/\/valika.eu\/wp-content\/uploads\/2024\/10\/6258.jpg\" \/>\n\t<meta property=\"og:image:width\" content=\"1500\" \/>\n\t<meta property=\"og:image:height\" content=\"1500\" \/>\n\t<meta property=\"og:image:type\" content=\"image\/jpeg\" \/>\n<meta name=\"twitter:card\" content=\"summary_large_image\" \/>\n<script type=\"application\/ld+json\" class=\"yoast-schema-graph\">{\"@context\":\"https:\/\/schema.org\",\"@graph\":[{\"@type\":\"WebPage\",\"@id\":\"https:\/\/valika.eu\/en\/toode\/claresa-cherry-kuunenahavoi-13-g\/\",\"url\":\"https:\/\/valika.eu\/en\/toode\/claresa-cherry-kuunenahavoi-13-g\/\",\"name\":\"Claresa Cherry cuticle butter 13 g | Valika\",\"isPartOf\":{\"@id\":\"https:\/\/valika.eu\/en\/#website\"},\"primaryImageOfPage\":{\"@id\":\"https:\/\/valika.eu\/en\/toode\/claresa-cherry-kuunenahavoi-13-g\/#primaryimage\"},\"image\":{\"@id\":\"https:\/\/valika.eu\/toode\/claresa-cherry-kuunenahavoi-13-g\/#primaryimage\"},\"thumbnailUrl\":\"https:\/\/valika.eu\/wp-content\/uploads\/2024\/10\/6258.jpg\",\"datePublished\":\"2024-10-14T02:04:35+00:00\",\"dateModified\":\"2025-12-12T12:17:55+00:00\",\"breadcrumb\":{\"@id\":\"https:\/\/valika.eu\/en\/toode\/claresa-cherry-kuunenahavoi-13-g\/#breadcrumb\"},\"inLanguage\":\"en-US\",\"potentialAction\":[{\"@type\":\"ReadAction\",\"target\":[[\"https:\/\/valika.eu\/en\/toode\/claresa-cherry-kuunenahavoi-13-g\/\"]]}]},{\"@type\":\"ImageObject\",\"inLanguage\":\"en-US\",\"@id\":\"https:\/\/valika.eu\/en\/toode\/claresa-cherry-kuunenahavoi-13-g\/#primaryimage\",\"url\":\"https:\/\/valika.eu\/wp-content\/uploads\/2024\/10\/6258.jpg\",\"contentUrl\":\"https:\/\/valika.eu\/wp-content\/uploads\/2024\/10\/6258.jpg\",\"width\":1500,\"height\":1500},{\"@type\":\"BreadcrumbList\",\"@id\":\"https:\/\/valika.eu\/en\/toode\/claresa-cherry-kuunenahavoi-13-g\/#breadcrumb\",\"itemListElement\":[{\"@type\":\"ListItem\",\"position\":1,\"name\":\"Koti\",\"item\":\"https:\/\/valika.eu\/en\/\"},{\"@type\":\"ListItem\",\"position\":2,\"name\":\"Shop\",\"item\":\"https:\/\/valika.eu\/en\/\"},{\"@type\":\"ListItem\",\"position\":3,\"name\":\"Claresa Cherry k\u00fc\u00fcnenahav\u00f5i 13 g\"}]},{\"@type\":\"WebSite\",\"@id\":\"https:\/\/valika.eu\/en\/#website\",\"url\":\"https:\/\/valika.eu\/en\/\",\"name\":\"Valika.eu\",\"description\":\"Salon products and beauty products - Valika offers a wide range of products and accessories for nail technicians, beauty salons, hairdressers.\",\"publisher\":{\"@id\":\"https:\/\/valika.eu\/en\/#organization\"},\"alternateName\":\"Valika\",\"potentialAction\":[{\"@type\":\"SearchAction\",\"target\":{\"@type\":\"EntryPoint\",\"urlTemplate\":\"https:\/\/valika.eu\/en\/?s={search_term_string}\"},\"query-input\":{\"@type\":\"PropertyValueSpecification\",\"valueRequired\":true,\"valueName\":\"search_term_string\"}}],\"inLanguage\":\"en-US\"},{\"@type\":\"Organization\",\"@id\":\"https:\/\/valika.eu\/en\/#organization\",\"name\":\"Salongitoode O\u00dc\",\"alternateName\":\"Valika\",\"url\":\"https:\/\/valika.eu\/en\/\",\"logo\":{\"@type\":\"ImageObject\",\"inLanguage\":\"en-US\",\"@id\":\"https:\/\/valika.eu\/en\/#\/schema\/logo\/image\/\",\"url\":\"https:\/\/valika.eu\/wp-content\/uploads\/2023\/11\/logo2-valika-footer.png\",\"contentUrl\":\"https:\/\/valika.eu\/wp-content\/uploads\/2023\/11\/logo2-valika-footer.png\",\"width\":200,\"height\":129,\"caption\":\"Salongitoode O\u00dc\"},\"image\":{\"@id\":\"https:\/\/valika.eu\/en\/#\/schema\/logo\/image\/\"},\"sameAs\":[\"https:\/\/www.facebook.com\/tipsi.net\"]}]}<\/script>\n<!-- \/ Yoast SEO plugin. -->","yoast_head_json":{"title":"Claresa Cherry cuticle butter 13 g | Valika","robots":{"index":"index","follow":"follow","max-snippet":"max-snippet:-1","max-image-preview":"max-image-preview:large","max-video-preview":"max-video-preview:-1"},"canonical":"https:\/\/valika.eu\/en\/toode\/claresa-cherry-kuunenahavoi-13-g\/","og_locale":"en_US","og_type":"article","og_title":"Claresa Cherry cuticle butter 13 g | Valika","og_description":"BEAUTIFUL NAILS WITHOUT TEARING, DRY CUTICLES How to care for your cuticles so that they are well moisturized, well-groomed and","og_url":"https:\/\/valika.eu\/en\/toode\/claresa-cherry-kuunenahavoi-13-g\/","og_site_name":"Valika","article_publisher":"https:\/\/www.facebook.com\/tipsi.net","article_modified_time":"2025-12-12T12:17:55+00:00","og_image":[{"width":1500,"height":1500,"url":"https:\/\/valika.eu\/wp-content\/uploads\/2024\/10\/6258.jpg","type":"image\/jpeg"}],"twitter_card":"summary_large_image","schema":{"@context":"https:\/\/schema.org","@graph":[{"@type":"WebPage","@id":"https:\/\/valika.eu\/en\/toode\/claresa-cherry-kuunenahavoi-13-g\/","url":"https:\/\/valika.eu\/en\/toode\/claresa-cherry-kuunenahavoi-13-g\/","name":"Claresa Cherry cuticle butter 13 g | Valika","isPartOf":{"@id":"https:\/\/valika.eu\/en\/#website"},"primaryImageOfPage":{"@id":"https:\/\/valika.eu\/en\/toode\/claresa-cherry-kuunenahavoi-13-g\/#primaryimage"},"image":{"@id":"https:\/\/valika.eu\/toode\/claresa-cherry-kuunenahavoi-13-g\/#primaryimage"},"thumbnailUrl":"https:\/\/valika.eu\/wp-content\/uploads\/2024\/10\/6258.jpg","datePublished":"2024-10-14T02:04:35+00:00","dateModified":"2025-12-12T12:17:55+00:00","breadcrumb":{"@id":"https:\/\/valika.eu\/en\/toode\/claresa-cherry-kuunenahavoi-13-g\/#breadcrumb"},"inLanguage":"en-US","potentialAction":[{"@type":"ReadAction","target":[["https:\/\/valika.eu\/en\/toode\/claresa-cherry-kuunenahavoi-13-g\/"]]}]},{"@type":"ImageObject","inLanguage":"en-US","@id":"https:\/\/valika.eu\/en\/toode\/claresa-cherry-kuunenahavoi-13-g\/#primaryimage","url":"https:\/\/valika.eu\/wp-content\/uploads\/2024\/10\/6258.jpg","contentUrl":"https:\/\/valika.eu\/wp-content\/uploads\/2024\/10\/6258.jpg","width":1500,"height":1500},{"@type":"BreadcrumbList","@id":"https:\/\/valika.eu\/en\/toode\/claresa-cherry-kuunenahavoi-13-g\/#breadcrumb","itemListElement":[{"@type":"ListItem","position":1,"name":"Koti","item":"https:\/\/valika.eu\/en\/"},{"@type":"ListItem","position":2,"name":"Shop","item":"https:\/\/valika.eu\/en\/"},{"@type":"ListItem","position":3,"name":"Claresa Cherry k\u00fc\u00fcnenahav\u00f5i 13 g"}]},{"@type":"WebSite","@id":"https:\/\/valika.eu\/en\/#website","url":"https:\/\/valika.eu\/en\/","name":"Valika.eu","description":"Salon products and beauty products - Valika offers a wide range of products and accessories for nail technicians, beauty salons, hairdressers.","publisher":{"@id":"https:\/\/valika.eu\/en\/#organization"},"alternateName":"Valika","potentialAction":[{"@type":"SearchAction","target":{"@type":"EntryPoint","urlTemplate":"https:\/\/valika.eu\/en\/?s={search_term_string}"},"query-input":{"@type":"PropertyValueSpecification","valueRequired":true,"valueName":"search_term_string"}}],"inLanguage":"en-US"},{"@type":"Organization","@id":"https:\/\/valika.eu\/en\/#organization","name":"Salongitoode O\u00dc","alternateName":"Valika","url":"https:\/\/valika.eu\/en\/","logo":{"@type":"ImageObject","inLanguage":"en-US","@id":"https:\/\/valika.eu\/en\/#\/schema\/logo\/image\/","url":"https:\/\/valika.eu\/wp-content\/uploads\/2023\/11\/logo2-valika-footer.png","contentUrl":"https:\/\/valika.eu\/wp-content\/uploads\/2023\/11\/logo2-valika-footer.png","width":200,"height":129,"caption":"Salongitoode O\u00dc"},"image":{"@id":"https:\/\/valika.eu\/en\/#\/schema\/logo\/image\/"},"sameAs":["https:\/\/www.facebook.com\/tipsi.net"]}]}},"jetpack_sharing_enabled":true,"_links":{"self":[{"href":"https:\/\/valika.eu\/en\/wp-json\/wp\/v2\/product\/8953","targetHints":{"allow":["GET"]}}],"collection":[{"href":"https:\/\/valika.eu\/en\/wp-json\/wp\/v2\/product"}],"about":[{"href":"https:\/\/valika.eu\/en\/wp-json\/wp\/v2\/types\/product"}],"wp:featuredmedia":[{"embeddable":true,"href":"https:\/\/valika.eu\/en\/wp-json\/wp\/v2\/media\/8952"}],"wp:attachment":[{"href":"https:\/\/valika.eu\/en\/wp-json\/wp\/v2\/media?parent=8953"}],"wp:term":[{"taxonomy":"product_brand","embeddable":true,"href":"https:\/\/valika.eu\/en\/wp-json\/wp\/v2\/product_brand?post=8953"},{"taxonomy":"product_cat","embeddable":true,"href":"https:\/\/valika.eu\/en\/wp-json\/wp\/v2\/product_cat?post=8953"},{"taxonomy":"product_tag","embeddable":true,"href":"https:\/\/valika.eu\/en\/wp-json\/wp\/v2\/product_tag?post=8953"}],"curies":[{"name":"wp","href":"https:\/\/api.w.org\/{rel}","templated":true}]}}