{"id":9321,"date":"2024-10-15T19:33:36","date_gmt":"2024-10-15T16:33:36","guid":{"rendered":"https:\/\/valika.eu\/?post_type=product&#038;p=9321"},"modified":"2025-07-02T05:04:43","modified_gmt":"2025-07-02T02:04:43","slug":"unigloves-nitriilkindad-uniprotect-blue-nitril-s","status":"publish","type":"product","link":"https:\/\/valika.eu\/en\/toode\/unigloves-nitriilkindad-uniprotect-blue-nitril-s\/","title":{"rendered":"\u2013 S \u2013size Unigloves nitrile gloves \u2013 Uniprotect Blue Nitril  100 pcs"},"content":{"rendered":"<p><strong>Features:<\/strong><\/p>\n<ul>\n<li>No powder.<\/li>\n<li>Non-sterile.<\/li>\n<li>Resistant to chemicals.<\/li>\n<li>Micro-textured fingertips.<\/li>\n<li>Good touch sensitivity.<\/li>\n<li>Contact with food allowed.<\/li>\n<li>Ambidextrous.<\/li>\n<li>Length 240 mm.<\/li>\n<\/ul>\n<p>The disposable glove has been tested in line with PPE Regulation (EU) 2016\/425 and European standard EN 374 and protects against viruses, fungi and bacteria thanks to its waterproof, resistant material.<\/p>","protected":false},"excerpt":{"rendered":"<p class=\"qtranxs-available-languages-message qtranxs-available-languages-message-en\">Sorry, this entry is only available in <a href=\"https:\/\/valika.eu\/fi\/wp-json\/wp\/v2\/product\/9321\" class=\"qtranxs-available-language-link qtranxs-available-language-link-fi\" title=\"suomi\">suomi<\/a>.<\/p>\n<p>Korkealaatuiset v\u00e4rikk\u00e4\u00e4t nitriilikertak\u00e4ytt\u00f6k\u00e4sineet. K\u00e4siss\u00e4 yht\u00e4 miellytt\u00e4v\u00e4t kuin lateksik\u00e4sineet. Vastaavat kokoja 6-7.<\/p>\n","protected":false},"featured_media":9322,"template":"","meta":[],"product_brand":[],"product_cat":[27],"product_tag":[],"class_list":{"0":"post-9321","1":"product","2":"type-product","3":"status-publish","4":"has-post-thumbnail","6":"product_cat-kindad","8":"first","9":"instock","10":"taxable","11":"shipping-taxable","12":"purchasable","13":"product-type-simple"},"yoast_head":"<!-- This site is optimized with the Yoast SEO plugin v24.4 - https:\/\/yoast.com\/wordpress\/plugins\/seo\/ -->\n<title>\u2013 S \u2013size Unigloves nitrile gloves \u2013 Uniprotect Blue Nitril 100 pcs | Valika<\/title>\n<meta name=\"description\" content=\"Korkealaatuiset v\u00e4rikk\u00e4\u00e4t nitriilikertak\u00e4ytt\u00f6k\u00e4sineet. K\u00e4siss\u00e4 yht\u00e4 miellytt\u00e4v\u00e4t kuin lateksik\u00e4sineet. Vastaavat kokoja 6-7.\" \/>\n<meta name=\"robots\" content=\"index, follow, max-snippet:-1, max-image-preview:large, max-video-preview:-1\" \/>\n<link rel=\"canonical\" href=\"https:\/\/valika.eu\/en\/toode\/unigloves-nitriilkindad-uniprotect-blue-nitril-s\/\" \/>\n<meta property=\"og:locale\" content=\"en_US\" \/>\n<meta property=\"og:type\" content=\"article\" \/>\n<meta property=\"og:title\" content=\"\u2013 S \u2013size Unigloves nitrile gloves \u2013 Uniprotect Blue Nitril 100 pcs | Valika\" \/>\n<meta property=\"og:description\" content=\"Korkealaatuiset v\u00e4rikk\u00e4\u00e4t nitriilikertak\u00e4ytt\u00f6k\u00e4sineet. K\u00e4siss\u00e4 yht\u00e4 miellytt\u00e4v\u00e4t kuin lateksik\u00e4sineet. Vastaavat kokoja 6-7.\" \/>\n<meta property=\"og:url\" content=\"https:\/\/valika.eu\/en\/toode\/unigloves-nitriilkindad-uniprotect-blue-nitril-s\/\" \/>\n<meta property=\"og:site_name\" content=\"Valika\" \/>\n<meta property=\"article:publisher\" content=\"https:\/\/www.facebook.com\/tipsi.net\" \/>\n<meta property=\"article:modified_time\" content=\"2025-07-02T02:04:43+00:00\" \/>\n<meta property=\"og:image\" content=\"https:\/\/valika.eu\/wp-content\/uploads\/2024\/10\/uniprotect-nitril-black-102019_600x600.jpg\" \/>\n\t<meta property=\"og:image:width\" content=\"600\" \/>\n\t<meta property=\"og:image:height\" content=\"354\" \/>\n\t<meta property=\"og:image:type\" content=\"image\/jpeg\" \/>\n<meta name=\"twitter:card\" content=\"summary_large_image\" \/>\n<script type=\"application\/ld+json\" class=\"yoast-schema-graph\">{\"@context\":\"https:\/\/schema.org\",\"@graph\":[{\"@type\":\"WebPage\",\"@id\":\"https:\/\/valika.eu\/en\/toode\/unigloves-nitriilkindad-uniprotect-blue-nitril-s\/\",\"url\":\"https:\/\/valika.eu\/en\/toode\/unigloves-nitriilkindad-uniprotect-blue-nitril-s\/\",\"name\":\"\u2013 S \u2013size Unigloves nitrile gloves \u2013 Uniprotect Blue Nitril 100 pcs | Valika\",\"isPartOf\":{\"@id\":\"https:\/\/valika.eu\/en\/#website\"},\"primaryImageOfPage\":{\"@id\":\"https:\/\/valika.eu\/en\/toode\/unigloves-nitriilkindad-uniprotect-blue-nitril-s\/#primaryimage\"},\"image\":{\"@id\":\"https:\/\/valika.eu\/toode\/unigloves-nitriilkindad-uniprotect-blue-nitril-s\/#primaryimage\"},\"thumbnailUrl\":\"https:\/\/valika.eu\/wp-content\/uploads\/2024\/10\/uniprotect-nitril-black-102019_600x600.jpg\",\"datePublished\":\"2024-10-15T16:33:36+00:00\",\"dateModified\":\"2025-07-02T02:04:43+00:00\",\"description\":\"Korkealaatuiset v\u00e4rikk\u00e4\u00e4t nitriilikertak\u00e4ytt\u00f6k\u00e4sineet. K\u00e4siss\u00e4 yht\u00e4 miellytt\u00e4v\u00e4t kuin lateksik\u00e4sineet. Vastaavat kokoja 6-7.\",\"breadcrumb\":{\"@id\":\"https:\/\/valika.eu\/en\/toode\/unigloves-nitriilkindad-uniprotect-blue-nitril-s\/#breadcrumb\"},\"inLanguage\":\"en-US\",\"potentialAction\":[{\"@type\":\"ReadAction\",\"target\":[[\"https:\/\/valika.eu\/en\/toode\/unigloves-nitriilkindad-uniprotect-blue-nitril-s\/\"]]}]},{\"@type\":\"ImageObject\",\"inLanguage\":\"en-US\",\"@id\":\"https:\/\/valika.eu\/en\/toode\/unigloves-nitriilkindad-uniprotect-blue-nitril-s\/#primaryimage\",\"url\":\"https:\/\/valika.eu\/wp-content\/uploads\/2024\/10\/uniprotect-nitril-black-102019_600x600.jpg\",\"contentUrl\":\"https:\/\/valika.eu\/wp-content\/uploads\/2024\/10\/uniprotect-nitril-black-102019_600x600.jpg\",\"width\":600,\"height\":354},{\"@type\":\"BreadcrumbList\",\"@id\":\"https:\/\/valika.eu\/en\/toode\/unigloves-nitriilkindad-uniprotect-blue-nitril-s\/#breadcrumb\",\"itemListElement\":[{\"@type\":\"ListItem\",\"position\":1,\"name\":\"Koti\",\"item\":\"https:\/\/valika.eu\/en\/\"},{\"@type\":\"ListItem\",\"position\":2,\"name\":\"Shop\",\"item\":\"https:\/\/valika.eu\/en\/\"},{\"@type\":\"ListItem\",\"position\":3,\"name\":\"\u2013 S \u2013size Unigloves nitrile gloves \u2013 Uniprotect Blue Nitril 100 pcs\"}]},{\"@type\":\"WebSite\",\"@id\":\"https:\/\/valika.eu\/en\/#website\",\"url\":\"https:\/\/valika.eu\/en\/\",\"name\":\"Valika.eu\",\"description\":\"Salon products and beauty products - Valika offers a wide range of products and accessories for nail technicians, beauty salons, hairdressers.\",\"publisher\":{\"@id\":\"https:\/\/valika.eu\/en\/#organization\"},\"alternateName\":\"Valika\",\"potentialAction\":[{\"@type\":\"SearchAction\",\"target\":{\"@type\":\"EntryPoint\",\"urlTemplate\":\"https:\/\/valika.eu\/en\/?s={search_term_string}\"},\"query-input\":{\"@type\":\"PropertyValueSpecification\",\"valueRequired\":true,\"valueName\":\"search_term_string\"}}],\"inLanguage\":\"en-US\"},{\"@type\":\"Organization\",\"@id\":\"https:\/\/valika.eu\/en\/#organization\",\"name\":\"Salongitoode O\u00dc\",\"alternateName\":\"Valika\",\"url\":\"https:\/\/valika.eu\/en\/\",\"logo\":{\"@type\":\"ImageObject\",\"inLanguage\":\"en-US\",\"@id\":\"https:\/\/valika.eu\/en\/#\/schema\/logo\/image\/\",\"url\":\"https:\/\/valika.eu\/wp-content\/uploads\/2023\/11\/logo2-valika-footer.png\",\"contentUrl\":\"https:\/\/valika.eu\/wp-content\/uploads\/2023\/11\/logo2-valika-footer.png\",\"width\":200,\"height\":129,\"caption\":\"Salongitoode O\u00dc\"},\"image\":{\"@id\":\"https:\/\/valika.eu\/en\/#\/schema\/logo\/image\/\"},\"sameAs\":[\"https:\/\/www.facebook.com\/tipsi.net\"]}]}<\/script>\n<!-- \/ Yoast SEO plugin. -->","yoast_head_json":{"title":"\u2013 S \u2013size Unigloves nitrile gloves \u2013 Uniprotect Blue Nitril 100 pcs | Valika","description":"Korkealaatuiset v\u00e4rikk\u00e4\u00e4t nitriilikertak\u00e4ytt\u00f6k\u00e4sineet. K\u00e4siss\u00e4 yht\u00e4 miellytt\u00e4v\u00e4t kuin lateksik\u00e4sineet. Vastaavat kokoja 6-7.","robots":{"index":"index","follow":"follow","max-snippet":"max-snippet:-1","max-image-preview":"max-image-preview:large","max-video-preview":"max-video-preview:-1"},"canonical":"https:\/\/valika.eu\/en\/toode\/unigloves-nitriilkindad-uniprotect-blue-nitril-s\/","og_locale":"en_US","og_type":"article","og_title":"\u2013 S \u2013size Unigloves nitrile gloves \u2013 Uniprotect Blue Nitril 100 pcs | Valika","og_description":"Korkealaatuiset v\u00e4rikk\u00e4\u00e4t nitriilikertak\u00e4ytt\u00f6k\u00e4sineet. K\u00e4siss\u00e4 yht\u00e4 miellytt\u00e4v\u00e4t kuin lateksik\u00e4sineet. Vastaavat kokoja 6-7.","og_url":"https:\/\/valika.eu\/en\/toode\/unigloves-nitriilkindad-uniprotect-blue-nitril-s\/","og_site_name":"Valika","article_publisher":"https:\/\/www.facebook.com\/tipsi.net","article_modified_time":"2025-07-02T02:04:43+00:00","og_image":[{"width":600,"height":354,"url":"https:\/\/valika.eu\/wp-content\/uploads\/2024\/10\/uniprotect-nitril-black-102019_600x600.jpg","type":"image\/jpeg"}],"twitter_card":"summary_large_image","schema":{"@context":"https:\/\/schema.org","@graph":[{"@type":"WebPage","@id":"https:\/\/valika.eu\/en\/toode\/unigloves-nitriilkindad-uniprotect-blue-nitril-s\/","url":"https:\/\/valika.eu\/en\/toode\/unigloves-nitriilkindad-uniprotect-blue-nitril-s\/","name":"\u2013 S \u2013size Unigloves nitrile gloves \u2013 Uniprotect Blue Nitril 100 pcs | Valika","isPartOf":{"@id":"https:\/\/valika.eu\/en\/#website"},"primaryImageOfPage":{"@id":"https:\/\/valika.eu\/en\/toode\/unigloves-nitriilkindad-uniprotect-blue-nitril-s\/#primaryimage"},"image":{"@id":"https:\/\/valika.eu\/toode\/unigloves-nitriilkindad-uniprotect-blue-nitril-s\/#primaryimage"},"thumbnailUrl":"https:\/\/valika.eu\/wp-content\/uploads\/2024\/10\/uniprotect-nitril-black-102019_600x600.jpg","datePublished":"2024-10-15T16:33:36+00:00","dateModified":"2025-07-02T02:04:43+00:00","description":"Korkealaatuiset v\u00e4rikk\u00e4\u00e4t nitriilikertak\u00e4ytt\u00f6k\u00e4sineet. K\u00e4siss\u00e4 yht\u00e4 miellytt\u00e4v\u00e4t kuin lateksik\u00e4sineet. Vastaavat kokoja 6-7.","breadcrumb":{"@id":"https:\/\/valika.eu\/en\/toode\/unigloves-nitriilkindad-uniprotect-blue-nitril-s\/#breadcrumb"},"inLanguage":"en-US","potentialAction":[{"@type":"ReadAction","target":[["https:\/\/valika.eu\/en\/toode\/unigloves-nitriilkindad-uniprotect-blue-nitril-s\/"]]}]},{"@type":"ImageObject","inLanguage":"en-US","@id":"https:\/\/valika.eu\/en\/toode\/unigloves-nitriilkindad-uniprotect-blue-nitril-s\/#primaryimage","url":"https:\/\/valika.eu\/wp-content\/uploads\/2024\/10\/uniprotect-nitril-black-102019_600x600.jpg","contentUrl":"https:\/\/valika.eu\/wp-content\/uploads\/2024\/10\/uniprotect-nitril-black-102019_600x600.jpg","width":600,"height":354},{"@type":"BreadcrumbList","@id":"https:\/\/valika.eu\/en\/toode\/unigloves-nitriilkindad-uniprotect-blue-nitril-s\/#breadcrumb","itemListElement":[{"@type":"ListItem","position":1,"name":"Koti","item":"https:\/\/valika.eu\/en\/"},{"@type":"ListItem","position":2,"name":"Shop","item":"https:\/\/valika.eu\/en\/"},{"@type":"ListItem","position":3,"name":"\u2013 S \u2013size Unigloves nitrile gloves \u2013 Uniprotect Blue Nitril 100 pcs"}]},{"@type":"WebSite","@id":"https:\/\/valika.eu\/en\/#website","url":"https:\/\/valika.eu\/en\/","name":"Valika.eu","description":"Salon products and beauty products - Valika offers a wide range of products and accessories for nail technicians, beauty salons, hairdressers.","publisher":{"@id":"https:\/\/valika.eu\/en\/#organization"},"alternateName":"Valika","potentialAction":[{"@type":"SearchAction","target":{"@type":"EntryPoint","urlTemplate":"https:\/\/valika.eu\/en\/?s={search_term_string}"},"query-input":{"@type":"PropertyValueSpecification","valueRequired":true,"valueName":"search_term_string"}}],"inLanguage":"en-US"},{"@type":"Organization","@id":"https:\/\/valika.eu\/en\/#organization","name":"Salongitoode O\u00dc","alternateName":"Valika","url":"https:\/\/valika.eu\/en\/","logo":{"@type":"ImageObject","inLanguage":"en-US","@id":"https:\/\/valika.eu\/en\/#\/schema\/logo\/image\/","url":"https:\/\/valika.eu\/wp-content\/uploads\/2023\/11\/logo2-valika-footer.png","contentUrl":"https:\/\/valika.eu\/wp-content\/uploads\/2023\/11\/logo2-valika-footer.png","width":200,"height":129,"caption":"Salongitoode O\u00dc"},"image":{"@id":"https:\/\/valika.eu\/en\/#\/schema\/logo\/image\/"},"sameAs":["https:\/\/www.facebook.com\/tipsi.net"]}]}},"jetpack_sharing_enabled":true,"_links":{"self":[{"href":"https:\/\/valika.eu\/en\/wp-json\/wp\/v2\/product\/9321","targetHints":{"allow":["GET"]}}],"collection":[{"href":"https:\/\/valika.eu\/en\/wp-json\/wp\/v2\/product"}],"about":[{"href":"https:\/\/valika.eu\/en\/wp-json\/wp\/v2\/types\/product"}],"wp:featuredmedia":[{"embeddable":true,"href":"https:\/\/valika.eu\/en\/wp-json\/wp\/v2\/media\/9322"}],"wp:attachment":[{"href":"https:\/\/valika.eu\/en\/wp-json\/wp\/v2\/media?parent=9321"}],"wp:term":[{"taxonomy":"product_brand","embeddable":true,"href":"https:\/\/valika.eu\/en\/wp-json\/wp\/v2\/product_brand?post=9321"},{"taxonomy":"product_cat","embeddable":true,"href":"https:\/\/valika.eu\/en\/wp-json\/wp\/v2\/product_cat?post=9321"},{"taxonomy":"product_tag","embeddable":true,"href":"https:\/\/valika.eu\/en\/wp-json\/wp\/v2\/product_tag?post=9321"}],"curies":[{"name":"wp","href":"https:\/\/api.w.org\/{rel}","templated":true}]}}