{"id":9359,"date":"2024-10-15T23:46:34","date_gmt":"2024-10-15T20:46:34","guid":{"rendered":"https:\/\/valika.eu\/?post_type=product&#038;p=9359"},"modified":"2025-07-02T05:04:43","modified_gmt":"2025-07-02T02:04:43","slug":"vinuulkindad-puudrita-ideal-light-100tk","status":"publish","type":"product","link":"https:\/\/valika.eu\/en\/toode\/vinuulkindad-puudrita-ideal-light-100tk\/","title":{"rendered":"Vinyl gloves powder-free Ideal Light 100pcs"},"content":{"rendered":"<p>Disposable powder-free vinyl gloves are 24 cm long. Allergy-free, skin-friendly and with good touch sensitivity. The disposable vinyl gloves are tear resistant and flexible with rolled edges. Rubber gloves can be worn on both sides.<\/p>\n<p>Ideal Light vinyl gloves are resistant to biological hazards. Therefore, they are particularly suitable for use in food processing, gastronomy, industry, medicine and nursing care.<\/p>\n<p>An ideal (affordable) solution for companies that use very large quantities of gloves.<\/p>\n<p>There are 100 gloves in a package, 10 pcs in a box.<\/p>\n<p>Certificates:<\/p>\n<p>CE mark<\/p>\n<p>CAT III<\/p>\n<p>EN 420:2003 + A1: 2009<\/p>\n<p>EN 374-1 and 374-5 virus<\/p>\n<p>EN 455<\/p>\n<p>Food safety certificate<\/p>","protected":false},"excerpt":{"rendered":"<div class=\"woocommerce-product-details__short-description\">\n<p>-Ambidextous, each glove can be worn on either hand<\/p>\n<p>-Allergy-free and skin-friendly<\/p>\n<p>-An inexpensive alternative to latex or nitrile gloves<\/p>\n<\/div>\n<div class=\"product_meta\"><\/div>\n","protected":false},"featured_media":9358,"template":"","meta":[],"product_brand":[],"product_cat":[27],"product_tag":[],"class_list":{"0":"post-9359","1":"product","2":"type-product","3":"status-publish","4":"has-post-thumbnail","6":"product_cat-kindad","8":"first","9":"instock","10":"taxable","11":"shipping-taxable","12":"purchasable","13":"product-type-variable"},"yoast_head":"<!-- This site is optimized with the Yoast SEO plugin v24.4 - https:\/\/yoast.com\/wordpress\/plugins\/seo\/ -->\n<title>Vinyl gloves powder-free Ideal Light 100pcs | Valika<\/title>\n<meta name=\"description\" content=\"Monipuolinen, jokaista k\u00e4sinett\u00e4 voidaan k\u00e4ytt\u00e4\u00e4 molemmin k\u00e4sin- Allergiavapaa ja ihoyst\u00e4v\u00e4llinen- Edullinen vaihtoehto lateksi- tai nitriilik\u00e4sineille\" \/>\n<meta name=\"robots\" content=\"index, follow, max-snippet:-1, max-image-preview:large, max-video-preview:-1\" \/>\n<link rel=\"canonical\" href=\"https:\/\/valika.eu\/en\/toode\/vinuulkindad-puudrita-ideal-light-100tk\/\" \/>\n<meta property=\"og:locale\" content=\"en_US\" \/>\n<meta property=\"og:type\" content=\"article\" \/>\n<meta property=\"og:title\" content=\"Vinyl gloves powder-free Ideal Light 100pcs | Valika\" \/>\n<meta property=\"og:description\" content=\"Monipuolinen, jokaista k\u00e4sinett\u00e4 voidaan k\u00e4ytt\u00e4\u00e4 molemmin k\u00e4sin- Allergiavapaa ja ihoyst\u00e4v\u00e4llinen- Edullinen vaihtoehto lateksi- tai nitriilik\u00e4sineille\" \/>\n<meta property=\"og:url\" content=\"https:\/\/valika.eu\/en\/toode\/vinuulkindad-puudrita-ideal-light-100tk\/\" \/>\n<meta property=\"og:site_name\" content=\"Valika\" \/>\n<meta property=\"article:publisher\" content=\"https:\/\/www.facebook.com\/tipsi.net\" \/>\n<meta property=\"article:modified_time\" content=\"2025-07-02T02:04:43+00:00\" \/>\n<meta property=\"og:image\" content=\"https:\/\/valika.eu\/wp-content\/uploads\/2024\/10\/128138oor1d7b.webp\" \/>\n\t<meta property=\"og:image:width\" content=\"1000\" \/>\n\t<meta property=\"og:image:height\" content=\"1000\" \/>\n\t<meta property=\"og:image:type\" content=\"image\/webp\" \/>\n<meta name=\"twitter:card\" content=\"summary_large_image\" \/>\n<script type=\"application\/ld+json\" class=\"yoast-schema-graph\">{\"@context\":\"https:\/\/schema.org\",\"@graph\":[{\"@type\":\"WebPage\",\"@id\":\"https:\/\/valika.eu\/en\/toode\/vinuulkindad-puudrita-ideal-light-100tk\/\",\"url\":\"https:\/\/valika.eu\/en\/toode\/vinuulkindad-puudrita-ideal-light-100tk\/\",\"name\":\"Vinyl gloves powder-free Ideal Light 100pcs | Valika\",\"isPartOf\":{\"@id\":\"https:\/\/valika.eu\/en\/#website\"},\"primaryImageOfPage\":{\"@id\":\"https:\/\/valika.eu\/en\/toode\/vinuulkindad-puudrita-ideal-light-100tk\/#primaryimage\"},\"image\":{\"@id\":\"https:\/\/valika.eu\/toode\/vinuulkindad-puudrita-ideal-light-100tk\/#primaryimage\"},\"thumbnailUrl\":\"https:\/\/valika.eu\/wp-content\/uploads\/2024\/10\/128138oor1d7b.webp\",\"datePublished\":\"2024-10-15T20:46:34+00:00\",\"dateModified\":\"2025-07-02T02:04:43+00:00\",\"description\":\"Monipuolinen, jokaista k\u00e4sinett\u00e4 voidaan k\u00e4ytt\u00e4\u00e4 molemmin k\u00e4sin- Allergiavapaa ja ihoyst\u00e4v\u00e4llinen- Edullinen vaihtoehto lateksi- tai nitriilik\u00e4sineille\",\"breadcrumb\":{\"@id\":\"https:\/\/valika.eu\/en\/toode\/vinuulkindad-puudrita-ideal-light-100tk\/#breadcrumb\"},\"inLanguage\":\"en-US\",\"potentialAction\":[{\"@type\":\"ReadAction\",\"target\":[[\"https:\/\/valika.eu\/en\/toode\/vinuulkindad-puudrita-ideal-light-100tk\/\"]]}]},{\"@type\":\"ImageObject\",\"inLanguage\":\"en-US\",\"@id\":\"https:\/\/valika.eu\/en\/toode\/vinuulkindad-puudrita-ideal-light-100tk\/#primaryimage\",\"url\":\"https:\/\/valika.eu\/wp-content\/uploads\/2024\/10\/128138oor1d7b.webp\",\"contentUrl\":\"https:\/\/valika.eu\/wp-content\/uploads\/2024\/10\/128138oor1d7b.webp\",\"width\":1000,\"height\":1000},{\"@type\":\"BreadcrumbList\",\"@id\":\"https:\/\/valika.eu\/en\/toode\/vinuulkindad-puudrita-ideal-light-100tk\/#breadcrumb\",\"itemListElement\":[{\"@type\":\"ListItem\",\"position\":1,\"name\":\"Koti\",\"item\":\"https:\/\/valika.eu\/en\/\"},{\"@type\":\"ListItem\",\"position\":2,\"name\":\"Shop\",\"item\":\"https:\/\/valika.eu\/en\/\"},{\"@type\":\"ListItem\",\"position\":3,\"name\":\"Vinyl gloves powder-free Ideal Light 100pcs\"}]},{\"@type\":\"WebSite\",\"@id\":\"https:\/\/valika.eu\/en\/#website\",\"url\":\"https:\/\/valika.eu\/en\/\",\"name\":\"Valika.eu\",\"description\":\"Salon products and beauty products - Valika offers a wide range of products and accessories for nail technicians, beauty salons, hairdressers.\",\"publisher\":{\"@id\":\"https:\/\/valika.eu\/en\/#organization\"},\"alternateName\":\"Valika\",\"potentialAction\":[{\"@type\":\"SearchAction\",\"target\":{\"@type\":\"EntryPoint\",\"urlTemplate\":\"https:\/\/valika.eu\/en\/?s={search_term_string}\"},\"query-input\":{\"@type\":\"PropertyValueSpecification\",\"valueRequired\":true,\"valueName\":\"search_term_string\"}}],\"inLanguage\":\"en-US\"},{\"@type\":\"Organization\",\"@id\":\"https:\/\/valika.eu\/en\/#organization\",\"name\":\"Salongitoode O\u00dc\",\"alternateName\":\"Valika\",\"url\":\"https:\/\/valika.eu\/en\/\",\"logo\":{\"@type\":\"ImageObject\",\"inLanguage\":\"en-US\",\"@id\":\"https:\/\/valika.eu\/en\/#\/schema\/logo\/image\/\",\"url\":\"https:\/\/valika.eu\/wp-content\/uploads\/2023\/11\/logo2-valika-footer.png\",\"contentUrl\":\"https:\/\/valika.eu\/wp-content\/uploads\/2023\/11\/logo2-valika-footer.png\",\"width\":200,\"height\":129,\"caption\":\"Salongitoode O\u00dc\"},\"image\":{\"@id\":\"https:\/\/valika.eu\/en\/#\/schema\/logo\/image\/\"},\"sameAs\":[\"https:\/\/www.facebook.com\/tipsi.net\"]}]}<\/script>\n<!-- \/ Yoast SEO plugin. -->","yoast_head_json":{"title":"Vinyl gloves powder-free Ideal Light 100pcs | Valika","description":"Monipuolinen, jokaista k\u00e4sinett\u00e4 voidaan k\u00e4ytt\u00e4\u00e4 molemmin k\u00e4sin- Allergiavapaa ja ihoyst\u00e4v\u00e4llinen- Edullinen vaihtoehto lateksi- tai nitriilik\u00e4sineille","robots":{"index":"index","follow":"follow","max-snippet":"max-snippet:-1","max-image-preview":"max-image-preview:large","max-video-preview":"max-video-preview:-1"},"canonical":"https:\/\/valika.eu\/en\/toode\/vinuulkindad-puudrita-ideal-light-100tk\/","og_locale":"en_US","og_type":"article","og_title":"Vinyl gloves powder-free Ideal Light 100pcs | Valika","og_description":"Monipuolinen, jokaista k\u00e4sinett\u00e4 voidaan k\u00e4ytt\u00e4\u00e4 molemmin k\u00e4sin- Allergiavapaa ja ihoyst\u00e4v\u00e4llinen- Edullinen vaihtoehto lateksi- tai nitriilik\u00e4sineille","og_url":"https:\/\/valika.eu\/en\/toode\/vinuulkindad-puudrita-ideal-light-100tk\/","og_site_name":"Valika","article_publisher":"https:\/\/www.facebook.com\/tipsi.net","article_modified_time":"2025-07-02T02:04:43+00:00","og_image":[{"width":1000,"height":1000,"url":"https:\/\/valika.eu\/wp-content\/uploads\/2024\/10\/128138oor1d7b.webp","type":"image\/webp"}],"twitter_card":"summary_large_image","schema":{"@context":"https:\/\/schema.org","@graph":[{"@type":"WebPage","@id":"https:\/\/valika.eu\/en\/toode\/vinuulkindad-puudrita-ideal-light-100tk\/","url":"https:\/\/valika.eu\/en\/toode\/vinuulkindad-puudrita-ideal-light-100tk\/","name":"Vinyl gloves powder-free Ideal Light 100pcs | Valika","isPartOf":{"@id":"https:\/\/valika.eu\/en\/#website"},"primaryImageOfPage":{"@id":"https:\/\/valika.eu\/en\/toode\/vinuulkindad-puudrita-ideal-light-100tk\/#primaryimage"},"image":{"@id":"https:\/\/valika.eu\/toode\/vinuulkindad-puudrita-ideal-light-100tk\/#primaryimage"},"thumbnailUrl":"https:\/\/valika.eu\/wp-content\/uploads\/2024\/10\/128138oor1d7b.webp","datePublished":"2024-10-15T20:46:34+00:00","dateModified":"2025-07-02T02:04:43+00:00","description":"Monipuolinen, jokaista k\u00e4sinett\u00e4 voidaan k\u00e4ytt\u00e4\u00e4 molemmin k\u00e4sin- Allergiavapaa ja ihoyst\u00e4v\u00e4llinen- Edullinen vaihtoehto lateksi- tai nitriilik\u00e4sineille","breadcrumb":{"@id":"https:\/\/valika.eu\/en\/toode\/vinuulkindad-puudrita-ideal-light-100tk\/#breadcrumb"},"inLanguage":"en-US","potentialAction":[{"@type":"ReadAction","target":[["https:\/\/valika.eu\/en\/toode\/vinuulkindad-puudrita-ideal-light-100tk\/"]]}]},{"@type":"ImageObject","inLanguage":"en-US","@id":"https:\/\/valika.eu\/en\/toode\/vinuulkindad-puudrita-ideal-light-100tk\/#primaryimage","url":"https:\/\/valika.eu\/wp-content\/uploads\/2024\/10\/128138oor1d7b.webp","contentUrl":"https:\/\/valika.eu\/wp-content\/uploads\/2024\/10\/128138oor1d7b.webp","width":1000,"height":1000},{"@type":"BreadcrumbList","@id":"https:\/\/valika.eu\/en\/toode\/vinuulkindad-puudrita-ideal-light-100tk\/#breadcrumb","itemListElement":[{"@type":"ListItem","position":1,"name":"Koti","item":"https:\/\/valika.eu\/en\/"},{"@type":"ListItem","position":2,"name":"Shop","item":"https:\/\/valika.eu\/en\/"},{"@type":"ListItem","position":3,"name":"Vinyl gloves powder-free Ideal Light 100pcs"}]},{"@type":"WebSite","@id":"https:\/\/valika.eu\/en\/#website","url":"https:\/\/valika.eu\/en\/","name":"Valika.eu","description":"Salon products and beauty products - Valika offers a wide range of products and accessories for nail technicians, beauty salons, hairdressers.","publisher":{"@id":"https:\/\/valika.eu\/en\/#organization"},"alternateName":"Valika","potentialAction":[{"@type":"SearchAction","target":{"@type":"EntryPoint","urlTemplate":"https:\/\/valika.eu\/en\/?s={search_term_string}"},"query-input":{"@type":"PropertyValueSpecification","valueRequired":true,"valueName":"search_term_string"}}],"inLanguage":"en-US"},{"@type":"Organization","@id":"https:\/\/valika.eu\/en\/#organization","name":"Salongitoode O\u00dc","alternateName":"Valika","url":"https:\/\/valika.eu\/en\/","logo":{"@type":"ImageObject","inLanguage":"en-US","@id":"https:\/\/valika.eu\/en\/#\/schema\/logo\/image\/","url":"https:\/\/valika.eu\/wp-content\/uploads\/2023\/11\/logo2-valika-footer.png","contentUrl":"https:\/\/valika.eu\/wp-content\/uploads\/2023\/11\/logo2-valika-footer.png","width":200,"height":129,"caption":"Salongitoode O\u00dc"},"image":{"@id":"https:\/\/valika.eu\/en\/#\/schema\/logo\/image\/"},"sameAs":["https:\/\/www.facebook.com\/tipsi.net"]}]}},"jetpack_sharing_enabled":true,"_links":{"self":[{"href":"https:\/\/valika.eu\/en\/wp-json\/wp\/v2\/product\/9359","targetHints":{"allow":["GET"]}}],"collection":[{"href":"https:\/\/valika.eu\/en\/wp-json\/wp\/v2\/product"}],"about":[{"href":"https:\/\/valika.eu\/en\/wp-json\/wp\/v2\/types\/product"}],"wp:featuredmedia":[{"embeddable":true,"href":"https:\/\/valika.eu\/en\/wp-json\/wp\/v2\/media\/9358"}],"wp:attachment":[{"href":"https:\/\/valika.eu\/en\/wp-json\/wp\/v2\/media?parent=9359"}],"wp:term":[{"taxonomy":"product_brand","embeddable":true,"href":"https:\/\/valika.eu\/en\/wp-json\/wp\/v2\/product_brand?post=9359"},{"taxonomy":"product_cat","embeddable":true,"href":"https:\/\/valika.eu\/en\/wp-json\/wp\/v2\/product_cat?post=9359"},{"taxonomy":"product_tag","embeddable":true,"href":"https:\/\/valika.eu\/en\/wp-json\/wp\/v2\/product_tag?post=9359"}],"curies":[{"name":"wp","href":"https:\/\/api.w.org\/{rel}","templated":true}]}}