{"id":9447,"date":"2024-10-17T12:04:43","date_gmt":"2024-10-17T09:04:43","guid":{"rendered":"https:\/\/valika.eu\/?post_type=product&#038;p=9447"},"modified":"2025-10-27T15:46:57","modified_gmt":"2025-10-27T13:46:57","slug":"kaetugi-liblikas-must-voi-kreemjas","status":"publish","type":"product","link":"https:\/\/valika.eu\/en\/toode\/kaetugi-liblikas-must-voi-kreemjas\/","title":{"rendered":"Orthopedic manicure support pillow, butterfly beige"},"content":{"rendered":"<p class=\"qtranxs-available-languages-message qtranxs-available-languages-message-en\">Sorry, this entry is only available in <a href=\"https:\/\/valika.eu\/et\/wp-json\/wp\/v2\/product\/9447\" class=\"qtranxs-available-language-link qtranxs-available-language-link-et\" title=\"Eesti\">Eesti<\/a>.<\/p><p>Ortopeediline k\u00e4etugi. Valmistatud kvaliteetsetest materjalidest \/ k\u00e4sit\u00f6\u00f6. T\u00e4iendab suurep\u00e4raselt t\u00f6\u00f6kohta ja pakub kliendile maksimaalset mugavust. Mugav ja pehme tugikonstruktsioon hoiab \u00e4ra klientide k\u00e4te v\u00e4simuse. Manik\u00fc\u00fcri tugitoel on usaldusv\u00e4\u00e4rne konstruktsioon ja see tagab ohutu kasutamise. Tarnitakse kokkupanduna, korralikult pakendatuna. Asendamatu t\u00f6\u00f6riist manik\u00fc\u00fcriprotseduuride l\u00e4biviimiseks. Asetage kliendi randme alla mugavuse tagamiseks: k\u00e4si ei ripu \u00f5hus, vaid asub mugaval padjal, mis v\u00f5imaldab meistril mugavalt teha k\u00f5iki vajalikke professionaalseid manipulatsioone. Tugi sobib nii iluteeninduskeskustele kui ka koduseks kasutamiseks.<\/p>\n<p>0,47 x 0,28 x 0,19 m,\u00a0 must, kreemjas\u00a0 valiku palun lisada kommentaaridesse<\/p>","protected":false},"excerpt":{"rendered":"<p class=\"qtranxs-available-languages-message qtranxs-available-languages-message-en\">Sorry, this entry is only available in <a href=\"https:\/\/valika.eu\/et\/wp-json\/wp\/v2\/product\/9447\" class=\"qtranxs-available-language-link qtranxs-available-language-link-et\" title=\"Eesti\">Eesti<\/a>.<\/p>\n<p>&nbsp;<\/p>\n<p>&nbsp;<\/p>\n","protected":false},"featured_media":10721,"template":"","meta":[],"product_brand":[],"product_cat":[630,24,641],"product_tag":[],"class_list":{"0":"post-9447","1":"product","2":"type-product","3":"status-publish","4":"has-post-thumbnail","6":"product_cat-protseduurivahendid","7":"product_cat-ilusalongimoobel","8":"product_cat-kae-ja-jalatoed","10":"first","11":"outofstock","12":"taxable","13":"shipping-taxable","14":"purchasable","15":"product-type-simple"},"yoast_head":"<!-- This site is optimized with the Yoast SEO plugin v24.4 - https:\/\/yoast.com\/wordpress\/plugins\/seo\/ -->\n<title>Orthopedic manicure support pillow, butterfly beige | Valika<\/title>\n<meta name=\"robots\" content=\"index, follow, max-snippet:-1, max-image-preview:large, max-video-preview:-1\" \/>\n<link rel=\"canonical\" href=\"https:\/\/valika.eu\/en\/toode\/kaetugi-liblikas-must-voi-kreemjas\/\" \/>\n<meta property=\"og:locale\" content=\"en_US\" \/>\n<meta property=\"og:type\" content=\"article\" \/>\n<meta property=\"og:title\" content=\"Orthopedic manicure support pillow, butterfly beige | Valika\" \/>\n<meta property=\"og:description\" content=\"&nbsp;  &nbsp;\" \/>\n<meta property=\"og:url\" content=\"https:\/\/valika.eu\/en\/toode\/kaetugi-liblikas-must-voi-kreemjas\/\" \/>\n<meta property=\"og:site_name\" content=\"Valika\" \/>\n<meta property=\"article:publisher\" content=\"https:\/\/www.facebook.com\/tipsi.net\" \/>\n<meta property=\"article:modified_time\" content=\"2025-10-27T13:46:57+00:00\" \/>\n<meta property=\"og:image\" content=\"https:\/\/valika.eu\/wp-content\/uploads\/2024\/10\/ortopeediline-manikuuritugi-eco-stand-butterfly-valgebeez-0edbf-hind_reference.webp\" \/>\n\t<meta property=\"og:image:width\" content=\"1024\" \/>\n\t<meta property=\"og:image:height\" content=\"1024\" \/>\n\t<meta property=\"og:image:type\" content=\"image\/webp\" \/>\n<meta name=\"twitter:card\" content=\"summary_large_image\" \/>\n<script type=\"application\/ld+json\" class=\"yoast-schema-graph\">{\"@context\":\"https:\/\/schema.org\",\"@graph\":[{\"@type\":\"WebPage\",\"@id\":\"https:\/\/valika.eu\/en\/toode\/kaetugi-liblikas-must-voi-kreemjas\/\",\"url\":\"https:\/\/valika.eu\/en\/toode\/kaetugi-liblikas-must-voi-kreemjas\/\",\"name\":\"Orthopedic manicure support pillow, butterfly beige | Valika\",\"isPartOf\":{\"@id\":\"https:\/\/valika.eu\/en\/#website\"},\"primaryImageOfPage\":{\"@id\":\"https:\/\/valika.eu\/en\/toode\/kaetugi-liblikas-must-voi-kreemjas\/#primaryimage\"},\"image\":{\"@id\":\"https:\/\/valika.eu\/toode\/kaetugi-liblikas-must-voi-kreemjas\/#primaryimage\"},\"thumbnailUrl\":\"https:\/\/valika.eu\/wp-content\/uploads\/2024\/10\/ortopeediline-manikuuritugi-eco-stand-butterfly-valgebeez-0edbf-hind_reference.webp\",\"datePublished\":\"2024-10-17T09:04:43+00:00\",\"dateModified\":\"2025-10-27T13:46:57+00:00\",\"breadcrumb\":{\"@id\":\"https:\/\/valika.eu\/en\/toode\/kaetugi-liblikas-must-voi-kreemjas\/#breadcrumb\"},\"inLanguage\":\"en-US\",\"potentialAction\":[{\"@type\":\"ReadAction\",\"target\":[[\"https:\/\/valika.eu\/en\/toode\/kaetugi-liblikas-must-voi-kreemjas\/\"]]}]},{\"@type\":\"ImageObject\",\"inLanguage\":\"en-US\",\"@id\":\"https:\/\/valika.eu\/en\/toode\/kaetugi-liblikas-must-voi-kreemjas\/#primaryimage\",\"url\":\"https:\/\/valika.eu\/wp-content\/uploads\/2024\/10\/ortopeediline-manikuuritugi-eco-stand-butterfly-valgebeez-0edbf-hind_reference.webp\",\"contentUrl\":\"https:\/\/valika.eu\/wp-content\/uploads\/2024\/10\/ortopeediline-manikuuritugi-eco-stand-butterfly-valgebeez-0edbf-hind_reference.webp\",\"width\":1024,\"height\":1024},{\"@type\":\"BreadcrumbList\",\"@id\":\"https:\/\/valika.eu\/en\/toode\/kaetugi-liblikas-must-voi-kreemjas\/#breadcrumb\",\"itemListElement\":[{\"@type\":\"ListItem\",\"position\":1,\"name\":\"Koti\",\"item\":\"https:\/\/valika.eu\/en\/\"},{\"@type\":\"ListItem\",\"position\":2,\"name\":\"Shop\",\"item\":\"https:\/\/valika.eu\/en\/\"},{\"@type\":\"ListItem\",\"position\":3,\"name\":\"K\u00e4etugi liblikas beez\"}]},{\"@type\":\"WebSite\",\"@id\":\"https:\/\/valika.eu\/en\/#website\",\"url\":\"https:\/\/valika.eu\/en\/\",\"name\":\"Valika.eu\",\"description\":\"Salon products and beauty products - Valika offers a wide range of products and accessories for nail technicians, beauty salons, hairdressers.\",\"publisher\":{\"@id\":\"https:\/\/valika.eu\/en\/#organization\"},\"alternateName\":\"Valika\",\"potentialAction\":[{\"@type\":\"SearchAction\",\"target\":{\"@type\":\"EntryPoint\",\"urlTemplate\":\"https:\/\/valika.eu\/en\/?s={search_term_string}\"},\"query-input\":{\"@type\":\"PropertyValueSpecification\",\"valueRequired\":true,\"valueName\":\"search_term_string\"}}],\"inLanguage\":\"en-US\"},{\"@type\":\"Organization\",\"@id\":\"https:\/\/valika.eu\/en\/#organization\",\"name\":\"Salongitoode O\u00dc\",\"alternateName\":\"Valika\",\"url\":\"https:\/\/valika.eu\/en\/\",\"logo\":{\"@type\":\"ImageObject\",\"inLanguage\":\"en-US\",\"@id\":\"https:\/\/valika.eu\/en\/#\/schema\/logo\/image\/\",\"url\":\"https:\/\/valika.eu\/wp-content\/uploads\/2023\/11\/logo2-valika-footer.png\",\"contentUrl\":\"https:\/\/valika.eu\/wp-content\/uploads\/2023\/11\/logo2-valika-footer.png\",\"width\":200,\"height\":129,\"caption\":\"Salongitoode O\u00dc\"},\"image\":{\"@id\":\"https:\/\/valika.eu\/en\/#\/schema\/logo\/image\/\"},\"sameAs\":[\"https:\/\/www.facebook.com\/tipsi.net\"]}]}<\/script>\n<!-- \/ Yoast SEO plugin. -->","yoast_head_json":{"title":"Orthopedic manicure support pillow, butterfly beige | Valika","robots":{"index":"index","follow":"follow","max-snippet":"max-snippet:-1","max-image-preview":"max-image-preview:large","max-video-preview":"max-video-preview:-1"},"canonical":"https:\/\/valika.eu\/en\/toode\/kaetugi-liblikas-must-voi-kreemjas\/","og_locale":"en_US","og_type":"article","og_title":"Orthopedic manicure support pillow, butterfly beige | Valika","og_description":"&nbsp;  &nbsp;","og_url":"https:\/\/valika.eu\/en\/toode\/kaetugi-liblikas-must-voi-kreemjas\/","og_site_name":"Valika","article_publisher":"https:\/\/www.facebook.com\/tipsi.net","article_modified_time":"2025-10-27T13:46:57+00:00","og_image":[{"width":1024,"height":1024,"url":"https:\/\/valika.eu\/wp-content\/uploads\/2024\/10\/ortopeediline-manikuuritugi-eco-stand-butterfly-valgebeez-0edbf-hind_reference.webp","type":"image\/webp"}],"twitter_card":"summary_large_image","schema":{"@context":"https:\/\/schema.org","@graph":[{"@type":"WebPage","@id":"https:\/\/valika.eu\/en\/toode\/kaetugi-liblikas-must-voi-kreemjas\/","url":"https:\/\/valika.eu\/en\/toode\/kaetugi-liblikas-must-voi-kreemjas\/","name":"Orthopedic manicure support pillow, butterfly beige | Valika","isPartOf":{"@id":"https:\/\/valika.eu\/en\/#website"},"primaryImageOfPage":{"@id":"https:\/\/valika.eu\/en\/toode\/kaetugi-liblikas-must-voi-kreemjas\/#primaryimage"},"image":{"@id":"https:\/\/valika.eu\/toode\/kaetugi-liblikas-must-voi-kreemjas\/#primaryimage"},"thumbnailUrl":"https:\/\/valika.eu\/wp-content\/uploads\/2024\/10\/ortopeediline-manikuuritugi-eco-stand-butterfly-valgebeez-0edbf-hind_reference.webp","datePublished":"2024-10-17T09:04:43+00:00","dateModified":"2025-10-27T13:46:57+00:00","breadcrumb":{"@id":"https:\/\/valika.eu\/en\/toode\/kaetugi-liblikas-must-voi-kreemjas\/#breadcrumb"},"inLanguage":"en-US","potentialAction":[{"@type":"ReadAction","target":[["https:\/\/valika.eu\/en\/toode\/kaetugi-liblikas-must-voi-kreemjas\/"]]}]},{"@type":"ImageObject","inLanguage":"en-US","@id":"https:\/\/valika.eu\/en\/toode\/kaetugi-liblikas-must-voi-kreemjas\/#primaryimage","url":"https:\/\/valika.eu\/wp-content\/uploads\/2024\/10\/ortopeediline-manikuuritugi-eco-stand-butterfly-valgebeez-0edbf-hind_reference.webp","contentUrl":"https:\/\/valika.eu\/wp-content\/uploads\/2024\/10\/ortopeediline-manikuuritugi-eco-stand-butterfly-valgebeez-0edbf-hind_reference.webp","width":1024,"height":1024},{"@type":"BreadcrumbList","@id":"https:\/\/valika.eu\/en\/toode\/kaetugi-liblikas-must-voi-kreemjas\/#breadcrumb","itemListElement":[{"@type":"ListItem","position":1,"name":"Koti","item":"https:\/\/valika.eu\/en\/"},{"@type":"ListItem","position":2,"name":"Shop","item":"https:\/\/valika.eu\/en\/"},{"@type":"ListItem","position":3,"name":"K\u00e4etugi liblikas beez"}]},{"@type":"WebSite","@id":"https:\/\/valika.eu\/en\/#website","url":"https:\/\/valika.eu\/en\/","name":"Valika.eu","description":"Salon products and beauty products - Valika offers a wide range of products and accessories for nail technicians, beauty salons, hairdressers.","publisher":{"@id":"https:\/\/valika.eu\/en\/#organization"},"alternateName":"Valika","potentialAction":[{"@type":"SearchAction","target":{"@type":"EntryPoint","urlTemplate":"https:\/\/valika.eu\/en\/?s={search_term_string}"},"query-input":{"@type":"PropertyValueSpecification","valueRequired":true,"valueName":"search_term_string"}}],"inLanguage":"en-US"},{"@type":"Organization","@id":"https:\/\/valika.eu\/en\/#organization","name":"Salongitoode O\u00dc","alternateName":"Valika","url":"https:\/\/valika.eu\/en\/","logo":{"@type":"ImageObject","inLanguage":"en-US","@id":"https:\/\/valika.eu\/en\/#\/schema\/logo\/image\/","url":"https:\/\/valika.eu\/wp-content\/uploads\/2023\/11\/logo2-valika-footer.png","contentUrl":"https:\/\/valika.eu\/wp-content\/uploads\/2023\/11\/logo2-valika-footer.png","width":200,"height":129,"caption":"Salongitoode O\u00dc"},"image":{"@id":"https:\/\/valika.eu\/en\/#\/schema\/logo\/image\/"},"sameAs":["https:\/\/www.facebook.com\/tipsi.net"]}]}},"jetpack_sharing_enabled":true,"_links":{"self":[{"href":"https:\/\/valika.eu\/en\/wp-json\/wp\/v2\/product\/9447","targetHints":{"allow":["GET"]}}],"collection":[{"href":"https:\/\/valika.eu\/en\/wp-json\/wp\/v2\/product"}],"about":[{"href":"https:\/\/valika.eu\/en\/wp-json\/wp\/v2\/types\/product"}],"wp:featuredmedia":[{"embeddable":true,"href":"https:\/\/valika.eu\/en\/wp-json\/wp\/v2\/media\/10721"}],"wp:attachment":[{"href":"https:\/\/valika.eu\/en\/wp-json\/wp\/v2\/media?parent=9447"}],"wp:term":[{"taxonomy":"product_brand","embeddable":true,"href":"https:\/\/valika.eu\/en\/wp-json\/wp\/v2\/product_brand?post=9447"},{"taxonomy":"product_cat","embeddable":true,"href":"https:\/\/valika.eu\/en\/wp-json\/wp\/v2\/product_cat?post=9447"},{"taxonomy":"product_tag","embeddable":true,"href":"https:\/\/valika.eu\/en\/wp-json\/wp\/v2\/product_tag?post=9447"}],"curies":[{"name":"wp","href":"https:\/\/api.w.org\/{rel}","templated":true}]}}