{"id":9468,"date":"2024-10-17T13:24:42","date_gmt":"2024-10-17T10:24:42","guid":{"rendered":"https:\/\/valika.eu\/?post_type=product&#038;p=9468"},"modified":"2025-09-26T19:26:59","modified_gmt":"2025-09-26T16:26:59","slug":"chemides-pulver-korgastme-steriliseerimise-kontsentraat-instrumentidele","status":"publish","type":"product","link":"https:\/\/valika.eu\/en\/toode\/chemides-pulver-korgastme-steriliseerimise-kontsentraat-instrumentidele\/","title":{"rendered":"Chemides Pulver \u2014 concentrate for high-level sterilization of instruments."},"content":{"rendered":"<p><\/p>\n<p>Chemi-pharm concentrate-powder Chemides pulver 1000g, which is intended for high-level sterilization of instruments and at the same time an economical product, 1000g of which lasts for a long time.<\/p>\n<p>The powder is diluted with water and the finished solution can be used during the working day.<\/p>\n<p>CHEMIDES POWDER is a hygroscopic powder that dissolves completely in water. During dissolution, active oxygen is released from the powder, and together with the activator, peracetic acid is also formed, due to which the product has very strong disinfecting properties. The powder is safe for the environment as it decomposes into water and oxygen.<\/p>\n<p>CHEMIDES PULVER has sporicidal, virucidal (including hepatitis B and C, HIV), bactericidal (including Gram positive and Gram negative bacteria, acid-fast bacilli, the causative agent of tuberculosis) and fungicidal effects.<\/p>\n<p>The activated CHEMIDES PULVER solution is clear and transparent, allowing the instruments to be cleaned to be monitored as they are processed. The solution is allowed to stand for 15 minutes for activation.<\/p>\n<p>CHEMIDES POWDER is compatible with all major medical equipment materials used in hospitals and healthcare facilities.Not suitable for use on copper, tin, bronze, brass and aluminum surfaces.<\/p>\n<p>The finished solution can be stored in a closed container throughout the working day. According to the contamination of the solution, change the solution before a new work cycle or at least once a day.<\/p>\n<p>&nbsp;<\/p>\n<p>DOSAGE:<\/p>\n<p>To prepare the working solution of CHEMIDES PULVER, the powder is dissolved in water.<\/p>\n<p>To prepare one liter of solution, add 17.5 grams of powder (one measuring spoon or 1 packet in one liter of tap water).<\/p>\n<p>USE:<\/p>\n<p>Cleaning and disinfection of instruments, equipment and surfaces<\/p>\n<p>Add 17.5g of CHEMIDES PULVER per liter of lukewarm (30-50C) tap water<br \/>\nStir the solution until most of the powder has dissolved (2-3 minutes).<br \/>\nLet the solution stand for 15 minutes to achieve the effectiveness of the finished solution<br \/>\nCover surfaces with solution or place instruments in solution<br \/>\nTreat the surfaces with the working solution using the wiping, spraying or wet cleaning method<br \/>\nThe duration of action of the solution is 15 minutes<br \/>\nAt the end of the action time, rinse the instruments with running water or sterile water as needed.<br \/>\nChange the prepared solution according to contamination once a day or after each work cycle<\/p>\n<p>Follow the device manufacturer&#8217;s instructions when using the disinfectant<\/p>\n<p>&nbsp;<\/p>\n<p>Chemical sterilization of instruments<\/p>\n<p>Clean instruments or medical supplies<br \/>\nAdd 17.5g of CHEMIDES POWDER for every liter of lukewarm (30-50 C) tap water<br \/>\nStir the solution until most of the powder has dissolved (2-3 minutes).<br \/>\nLet the resulting solution stand for 30 minutes to achieve the effectiveness of the finished solution<br \/>\nPlace previously cleaned instruments in the solution for 15 minutes<br \/>\nRinse with sterile water<br \/>\nChange the prepared solution according to contamination once a day or after each work cycle<\/p>\n<p>Avoid soiling the disinfected instruments after removing them from the solution. When using a disinfectant, follow the manufacturer&#8217;s instructions.<\/p>\n<p>CHEMIDES PULVER complies with the following standards:<\/p>\n<p>EN 13727; EN 13624; EN 14561; EN 14562; EN 14348; EN 13704<\/p>\n<p>&nbsp;<\/p>\n<p>PRECAUTIONS:<\/p>\n<p>Harmful if swallowed or in contact with skin. Causes severe eye damage.<\/p>\n<p>Do not use to disinfect single-use instruments. Do not use with the following metals: copper, bronze, brass, tin, aluminum, &#8220;mild&#8221; steel. Read the instrument manufacturer&#8217;s user manual before using the product. Do not use in patients. After disinfecting the instrument, rinse with plenty of water. Store the product in its original packaging in a dry and cool place. Close the package after use.<br \/>\nKeep out of the reach of children.<\/p>\n<p>Has CE marking according to the Medical Devices Directive<\/p>\n<p><\/p>","protected":false},"excerpt":{"rendered":"<p>The powder is diluted with water, and the prepared solution can be used throughout the workday.<\/p>\n","protected":false},"featured_media":9469,"template":"","meta":[],"product_brand":[],"product_cat":[599],"product_tag":[],"class_list":{"0":"post-9468","1":"product","2":"type-product","3":"status-publish","4":"has-post-thumbnail","6":"product_cat-desinfitseerimisvahendid","8":"first","9":"instock","10":"taxable","11":"shipping-taxable","12":"purchasable","13":"product-type-simple"},"yoast_head":"<!-- This site is optimized with the Yoast SEO plugin v24.4 - https:\/\/yoast.com\/wordpress\/plugins\/seo\/ -->\n<title>Chemides Pulver \u2014 concentrate for high-level sterilization of instruments. | Valika<\/title>\n<meta name=\"description\" content=\"Pulbrit lahjendatakse veega ja valmis lahust saab kasutada t\u00f6\u00f6p\u00e4eva jooksul.\" \/>\n<meta name=\"robots\" content=\"index, follow, max-snippet:-1, max-image-preview:large, max-video-preview:-1\" \/>\n<link rel=\"canonical\" href=\"https:\/\/valika.eu\/en\/toode\/chemides-pulver-korgastme-steriliseerimise-kontsentraat-instrumentidele\/\" \/>\n<meta property=\"og:locale\" content=\"en_US\" \/>\n<meta property=\"og:type\" content=\"article\" \/>\n<meta property=\"og:title\" content=\"Chemides Pulver \u2014 concentrate for high-level sterilization of instruments. | Valika\" \/>\n<meta property=\"og:description\" content=\"Pulbrit lahjendatakse veega ja valmis lahust saab kasutada t\u00f6\u00f6p\u00e4eva jooksul.\" \/>\n<meta property=\"og:url\" content=\"https:\/\/valika.eu\/en\/toode\/chemides-pulver-korgastme-steriliseerimise-kontsentraat-instrumentidele\/\" \/>\n<meta property=\"og:site_name\" content=\"Valika\" \/>\n<meta property=\"article:publisher\" content=\"https:\/\/www.facebook.com\/tipsi.net\" \/>\n<meta property=\"article:modified_time\" content=\"2025-09-26T16:26:59+00:00\" \/>\n<meta property=\"og:image\" content=\"https:\/\/valika.eu\/wp-content\/uploads\/2024\/10\/Chemisides_Pulber_1kg-2.jpg\" \/>\n\t<meta property=\"og:image:width\" content=\"800\" \/>\n\t<meta property=\"og:image:height\" content=\"800\" \/>\n\t<meta property=\"og:image:type\" content=\"image\/jpeg\" \/>\n<meta name=\"twitter:card\" content=\"summary_large_image\" \/>\n<script type=\"application\/ld+json\" class=\"yoast-schema-graph\">{\"@context\":\"https:\/\/schema.org\",\"@graph\":[{\"@type\":\"WebPage\",\"@id\":\"https:\/\/valika.eu\/en\/toode\/chemides-pulver-korgastme-steriliseerimise-kontsentraat-instrumentidele\/\",\"url\":\"https:\/\/valika.eu\/en\/toode\/chemides-pulver-korgastme-steriliseerimise-kontsentraat-instrumentidele\/\",\"name\":\"Chemides Pulver \u2014 concentrate for high-level sterilization of instruments. | Valika\",\"isPartOf\":{\"@id\":\"https:\/\/valika.eu\/en\/#website\"},\"primaryImageOfPage\":{\"@id\":\"https:\/\/valika.eu\/en\/toode\/chemides-pulver-korgastme-steriliseerimise-kontsentraat-instrumentidele\/#primaryimage\"},\"image\":{\"@id\":\"https:\/\/valika.eu\/toode\/chemides-pulver-korgastme-steriliseerimise-kontsentraat-instrumentidele\/#primaryimage\"},\"thumbnailUrl\":\"https:\/\/valika.eu\/wp-content\/uploads\/2024\/10\/Chemisides_Pulber_1kg-2.jpg\",\"datePublished\":\"2024-10-17T10:24:42+00:00\",\"dateModified\":\"2025-09-26T16:26:59+00:00\",\"description\":\"Pulbrit lahjendatakse veega ja valmis lahust saab kasutada t\u00f6\u00f6p\u00e4eva jooksul.\",\"breadcrumb\":{\"@id\":\"https:\/\/valika.eu\/en\/toode\/chemides-pulver-korgastme-steriliseerimise-kontsentraat-instrumentidele\/#breadcrumb\"},\"inLanguage\":\"en-US\",\"potentialAction\":[{\"@type\":\"ReadAction\",\"target\":[[\"https:\/\/valika.eu\/en\/toode\/chemides-pulver-korgastme-steriliseerimise-kontsentraat-instrumentidele\/\"]]}]},{\"@type\":\"ImageObject\",\"inLanguage\":\"en-US\",\"@id\":\"https:\/\/valika.eu\/en\/toode\/chemides-pulver-korgastme-steriliseerimise-kontsentraat-instrumentidele\/#primaryimage\",\"url\":\"https:\/\/valika.eu\/wp-content\/uploads\/2024\/10\/Chemisides_Pulber_1kg-2.jpg\",\"contentUrl\":\"https:\/\/valika.eu\/wp-content\/uploads\/2024\/10\/Chemisides_Pulber_1kg-2.jpg\",\"width\":800,\"height\":800},{\"@type\":\"BreadcrumbList\",\"@id\":\"https:\/\/valika.eu\/en\/toode\/chemides-pulver-korgastme-steriliseerimise-kontsentraat-instrumentidele\/#breadcrumb\",\"itemListElement\":[{\"@type\":\"ListItem\",\"position\":1,\"name\":\"Koti\",\"item\":\"https:\/\/valika.eu\/en\/\"},{\"@type\":\"ListItem\",\"position\":2,\"name\":\"Shop\",\"item\":\"https:\/\/valika.eu\/en\/\"},{\"@type\":\"ListItem\",\"position\":3,\"name\":\"Chemides Pulver \u2014 concentrate for high-level sterilization of instruments.\"}]},{\"@type\":\"WebSite\",\"@id\":\"https:\/\/valika.eu\/en\/#website\",\"url\":\"https:\/\/valika.eu\/en\/\",\"name\":\"Valika.eu\",\"description\":\"Salon products and beauty products - Valika offers a wide range of products and accessories for nail technicians, beauty salons, hairdressers.\",\"publisher\":{\"@id\":\"https:\/\/valika.eu\/en\/#organization\"},\"alternateName\":\"Valika\",\"potentialAction\":[{\"@type\":\"SearchAction\",\"target\":{\"@type\":\"EntryPoint\",\"urlTemplate\":\"https:\/\/valika.eu\/en\/?s={search_term_string}\"},\"query-input\":{\"@type\":\"PropertyValueSpecification\",\"valueRequired\":true,\"valueName\":\"search_term_string\"}}],\"inLanguage\":\"en-US\"},{\"@type\":\"Organization\",\"@id\":\"https:\/\/valika.eu\/en\/#organization\",\"name\":\"Salongitoode O\u00dc\",\"alternateName\":\"Valika\",\"url\":\"https:\/\/valika.eu\/en\/\",\"logo\":{\"@type\":\"ImageObject\",\"inLanguage\":\"en-US\",\"@id\":\"https:\/\/valika.eu\/en\/#\/schema\/logo\/image\/\",\"url\":\"https:\/\/valika.eu\/wp-content\/uploads\/2023\/11\/logo2-valika-footer.png\",\"contentUrl\":\"https:\/\/valika.eu\/wp-content\/uploads\/2023\/11\/logo2-valika-footer.png\",\"width\":200,\"height\":129,\"caption\":\"Salongitoode O\u00dc\"},\"image\":{\"@id\":\"https:\/\/valika.eu\/en\/#\/schema\/logo\/image\/\"},\"sameAs\":[\"https:\/\/www.facebook.com\/tipsi.net\"]}]}<\/script>\n<!-- \/ Yoast SEO plugin. -->","yoast_head_json":{"title":"Chemides Pulver \u2014 concentrate for high-level sterilization of instruments. | Valika","description":"Pulbrit lahjendatakse veega ja valmis lahust saab kasutada t\u00f6\u00f6p\u00e4eva jooksul.","robots":{"index":"index","follow":"follow","max-snippet":"max-snippet:-1","max-image-preview":"max-image-preview:large","max-video-preview":"max-video-preview:-1"},"canonical":"https:\/\/valika.eu\/en\/toode\/chemides-pulver-korgastme-steriliseerimise-kontsentraat-instrumentidele\/","og_locale":"en_US","og_type":"article","og_title":"Chemides Pulver \u2014 concentrate for high-level sterilization of instruments. | Valika","og_description":"Pulbrit lahjendatakse veega ja valmis lahust saab kasutada t\u00f6\u00f6p\u00e4eva jooksul.","og_url":"https:\/\/valika.eu\/en\/toode\/chemides-pulver-korgastme-steriliseerimise-kontsentraat-instrumentidele\/","og_site_name":"Valika","article_publisher":"https:\/\/www.facebook.com\/tipsi.net","article_modified_time":"2025-09-26T16:26:59+00:00","og_image":[{"width":800,"height":800,"url":"https:\/\/valika.eu\/wp-content\/uploads\/2024\/10\/Chemisides_Pulber_1kg-2.jpg","type":"image\/jpeg"}],"twitter_card":"summary_large_image","schema":{"@context":"https:\/\/schema.org","@graph":[{"@type":"WebPage","@id":"https:\/\/valika.eu\/en\/toode\/chemides-pulver-korgastme-steriliseerimise-kontsentraat-instrumentidele\/","url":"https:\/\/valika.eu\/en\/toode\/chemides-pulver-korgastme-steriliseerimise-kontsentraat-instrumentidele\/","name":"Chemides Pulver \u2014 concentrate for high-level sterilization of instruments. | Valika","isPartOf":{"@id":"https:\/\/valika.eu\/en\/#website"},"primaryImageOfPage":{"@id":"https:\/\/valika.eu\/en\/toode\/chemides-pulver-korgastme-steriliseerimise-kontsentraat-instrumentidele\/#primaryimage"},"image":{"@id":"https:\/\/valika.eu\/toode\/chemides-pulver-korgastme-steriliseerimise-kontsentraat-instrumentidele\/#primaryimage"},"thumbnailUrl":"https:\/\/valika.eu\/wp-content\/uploads\/2024\/10\/Chemisides_Pulber_1kg-2.jpg","datePublished":"2024-10-17T10:24:42+00:00","dateModified":"2025-09-26T16:26:59+00:00","description":"Pulbrit lahjendatakse veega ja valmis lahust saab kasutada t\u00f6\u00f6p\u00e4eva jooksul.","breadcrumb":{"@id":"https:\/\/valika.eu\/en\/toode\/chemides-pulver-korgastme-steriliseerimise-kontsentraat-instrumentidele\/#breadcrumb"},"inLanguage":"en-US","potentialAction":[{"@type":"ReadAction","target":[["https:\/\/valika.eu\/en\/toode\/chemides-pulver-korgastme-steriliseerimise-kontsentraat-instrumentidele\/"]]}]},{"@type":"ImageObject","inLanguage":"en-US","@id":"https:\/\/valika.eu\/en\/toode\/chemides-pulver-korgastme-steriliseerimise-kontsentraat-instrumentidele\/#primaryimage","url":"https:\/\/valika.eu\/wp-content\/uploads\/2024\/10\/Chemisides_Pulber_1kg-2.jpg","contentUrl":"https:\/\/valika.eu\/wp-content\/uploads\/2024\/10\/Chemisides_Pulber_1kg-2.jpg","width":800,"height":800},{"@type":"BreadcrumbList","@id":"https:\/\/valika.eu\/en\/toode\/chemides-pulver-korgastme-steriliseerimise-kontsentraat-instrumentidele\/#breadcrumb","itemListElement":[{"@type":"ListItem","position":1,"name":"Koti","item":"https:\/\/valika.eu\/en\/"},{"@type":"ListItem","position":2,"name":"Shop","item":"https:\/\/valika.eu\/en\/"},{"@type":"ListItem","position":3,"name":"Chemides Pulver \u2014 concentrate for high-level sterilization of instruments."}]},{"@type":"WebSite","@id":"https:\/\/valika.eu\/en\/#website","url":"https:\/\/valika.eu\/en\/","name":"Valika.eu","description":"Salon products and beauty products - Valika offers a wide range of products and accessories for nail technicians, beauty salons, hairdressers.","publisher":{"@id":"https:\/\/valika.eu\/en\/#organization"},"alternateName":"Valika","potentialAction":[{"@type":"SearchAction","target":{"@type":"EntryPoint","urlTemplate":"https:\/\/valika.eu\/en\/?s={search_term_string}"},"query-input":{"@type":"PropertyValueSpecification","valueRequired":true,"valueName":"search_term_string"}}],"inLanguage":"en-US"},{"@type":"Organization","@id":"https:\/\/valika.eu\/en\/#organization","name":"Salongitoode O\u00dc","alternateName":"Valika","url":"https:\/\/valika.eu\/en\/","logo":{"@type":"ImageObject","inLanguage":"en-US","@id":"https:\/\/valika.eu\/en\/#\/schema\/logo\/image\/","url":"https:\/\/valika.eu\/wp-content\/uploads\/2023\/11\/logo2-valika-footer.png","contentUrl":"https:\/\/valika.eu\/wp-content\/uploads\/2023\/11\/logo2-valika-footer.png","width":200,"height":129,"caption":"Salongitoode O\u00dc"},"image":{"@id":"https:\/\/valika.eu\/en\/#\/schema\/logo\/image\/"},"sameAs":["https:\/\/www.facebook.com\/tipsi.net"]}]}},"jetpack_sharing_enabled":true,"_links":{"self":[{"href":"https:\/\/valika.eu\/en\/wp-json\/wp\/v2\/product\/9468","targetHints":{"allow":["GET"]}}],"collection":[{"href":"https:\/\/valika.eu\/en\/wp-json\/wp\/v2\/product"}],"about":[{"href":"https:\/\/valika.eu\/en\/wp-json\/wp\/v2\/types\/product"}],"wp:featuredmedia":[{"embeddable":true,"href":"https:\/\/valika.eu\/en\/wp-json\/wp\/v2\/media\/9469"}],"wp:attachment":[{"href":"https:\/\/valika.eu\/en\/wp-json\/wp\/v2\/media?parent=9468"}],"wp:term":[{"taxonomy":"product_brand","embeddable":true,"href":"https:\/\/valika.eu\/en\/wp-json\/wp\/v2\/product_brand?post=9468"},{"taxonomy":"product_cat","embeddable":true,"href":"https:\/\/valika.eu\/en\/wp-json\/wp\/v2\/product_cat?post=9468"},{"taxonomy":"product_tag","embeddable":true,"href":"https:\/\/valika.eu\/en\/wp-json\/wp\/v2\/product_tag?post=9468"}],"curies":[{"name":"wp","href":"https:\/\/api.w.org\/{rel}","templated":true}]}}