{"id":9711,"date":"2024-10-22T11:27:08","date_gmt":"2024-10-22T08:27:08","guid":{"rendered":"https:\/\/valika.eu\/?post_type=product&#038;p=9711"},"modified":"2025-11-18T13:28:06","modified_gmt":"2025-11-18T11:28:06","slug":"ohuke-kuuneviil-poolkuu-180-240-1-mm","status":"publish","type":"product","link":"https:\/\/valika.eu\/en\/toode\/ohuke-kuuneviil-poolkuu-180-240-1-mm\/","title":{"rendered":"THIN FILE, WOODEN, HALFMOON 180\/240 1 MM"},"content":{"rendered":"<p>Professional HALFMOON-shaped file (gray zebra). The 180\/240 grit file is ultra-thin (thickness ABOUT 1 mm) for initial and main processing of UV gels and acrylics.<\/p>\n<p>Thin SLIM file without sponge, with a wooden core.<\/p>\n<p>Very flexible and pliable.<br \/>\nDoes not break during use.<br \/>\nDesigned for manicure and pedicure.<br \/>\nWith the SLIM file, you can precisely file any surface and hard-to-reach areas.<\/p>","protected":false},"excerpt":{"rendered":"<p>Professional HALFMOON-shaped file (gray zebra). The 180\/240 grit file is ultra-thin (thickness ABOUT 1 mm) for initial and main processing<\/p>\n","protected":false},"featured_media":9712,"template":"","meta":[],"product_brand":[],"product_cat":[358],"product_tag":[],"class_list":{"0":"post-9711","1":"product","2":"type-product","3":"status-publish","4":"has-post-thumbnail","6":"product_cat-kuuneviil-poleer","8":"first","9":"instock","10":"taxable","11":"shipping-taxable","12":"purchasable","13":"product-type-simple"},"yoast_head":"<!-- This site is optimized with the Yoast SEO plugin v24.4 - https:\/\/yoast.com\/wordpress\/plugins\/seo\/ -->\n<title>THIN FILE, WOODEN, HALFMOON 180\/240 1 MM | Valika<\/title>\n<meta name=\"robots\" content=\"index, follow, max-snippet:-1, max-image-preview:large, max-video-preview:-1\" \/>\n<link rel=\"canonical\" href=\"https:\/\/valika.eu\/en\/toode\/ohuke-kuuneviil-poolkuu-180-240-1-mm\/\" \/>\n<meta property=\"og:locale\" content=\"en_US\" \/>\n<meta property=\"og:type\" content=\"article\" \/>\n<meta property=\"og:title\" content=\"THIN FILE, WOODEN, HALFMOON 180\/240 1 MM | Valika\" \/>\n<meta property=\"og:description\" content=\"Professional HALFMOON-shaped file (gray zebra). The 180\/240 grit file is ultra-thin (thickness ABOUT 1 mm) for initial and main processing\" \/>\n<meta property=\"og:url\" content=\"https:\/\/valika.eu\/en\/toode\/ohuke-kuuneviil-poolkuu-180-240-1-mm\/\" \/>\n<meta property=\"og:site_name\" content=\"Valika\" \/>\n<meta property=\"article:publisher\" content=\"https:\/\/www.facebook.com\/tipsi.net\" \/>\n<meta property=\"article:modified_time\" content=\"2025-11-18T11:28:06+00:00\" \/>\n<meta property=\"og:image\" content=\"https:\/\/valika.eu\/wp-content\/uploads\/2024\/10\/wooden_180240.jpg\" \/>\n\t<meta property=\"og:image:width\" content=\"400\" \/>\n\t<meta property=\"og:image:height\" content=\"400\" \/>\n\t<meta property=\"og:image:type\" content=\"image\/jpeg\" \/>\n<meta name=\"twitter:card\" content=\"summary_large_image\" \/>\n<script type=\"application\/ld+json\" class=\"yoast-schema-graph\">{\"@context\":\"https:\/\/schema.org\",\"@graph\":[{\"@type\":\"WebPage\",\"@id\":\"https:\/\/valika.eu\/en\/toode\/ohuke-kuuneviil-poolkuu-180-240-1-mm\/\",\"url\":\"https:\/\/valika.eu\/en\/toode\/ohuke-kuuneviil-poolkuu-180-240-1-mm\/\",\"name\":\"THIN FILE, WOODEN, HALFMOON 180\/240 1 MM | Valika\",\"isPartOf\":{\"@id\":\"https:\/\/valika.eu\/en\/#website\"},\"primaryImageOfPage\":{\"@id\":\"https:\/\/valika.eu\/en\/toode\/ohuke-kuuneviil-poolkuu-180-240-1-mm\/#primaryimage\"},\"image\":{\"@id\":\"https:\/\/valika.eu\/toode\/ohuke-kuuneviil-poolkuu-180-240-1-mm\/#primaryimage\"},\"thumbnailUrl\":\"https:\/\/valika.eu\/wp-content\/uploads\/2024\/10\/wooden_180240.jpg\",\"datePublished\":\"2024-10-22T08:27:08+00:00\",\"dateModified\":\"2025-11-18T11:28:06+00:00\",\"breadcrumb\":{\"@id\":\"https:\/\/valika.eu\/en\/toode\/ohuke-kuuneviil-poolkuu-180-240-1-mm\/#breadcrumb\"},\"inLanguage\":\"en-US\",\"potentialAction\":[{\"@type\":\"ReadAction\",\"target\":[[\"https:\/\/valika.eu\/en\/toode\/ohuke-kuuneviil-poolkuu-180-240-1-mm\/\"]]}]},{\"@type\":\"ImageObject\",\"inLanguage\":\"en-US\",\"@id\":\"https:\/\/valika.eu\/en\/toode\/ohuke-kuuneviil-poolkuu-180-240-1-mm\/#primaryimage\",\"url\":\"https:\/\/valika.eu\/wp-content\/uploads\/2024\/10\/wooden_180240.jpg\",\"contentUrl\":\"https:\/\/valika.eu\/wp-content\/uploads\/2024\/10\/wooden_180240.jpg\",\"width\":400,\"height\":400},{\"@type\":\"BreadcrumbList\",\"@id\":\"https:\/\/valika.eu\/en\/toode\/ohuke-kuuneviil-poolkuu-180-240-1-mm\/#breadcrumb\",\"itemListElement\":[{\"@type\":\"ListItem\",\"position\":1,\"name\":\"Koti\",\"item\":\"https:\/\/valika.eu\/en\/\"},{\"@type\":\"ListItem\",\"position\":2,\"name\":\"Shop\",\"item\":\"https:\/\/valika.eu\/en\/\"},{\"@type\":\"ListItem\",\"position\":3,\"name\":\"\u00d5HUKE K\u00dc\u00dcNEVIIL, poolkuu 180\/240 1 MM\"}]},{\"@type\":\"WebSite\",\"@id\":\"https:\/\/valika.eu\/en\/#website\",\"url\":\"https:\/\/valika.eu\/en\/\",\"name\":\"Valika.eu\",\"description\":\"Salon products and beauty products - Valika offers a wide range of products and accessories for nail technicians, beauty salons, hairdressers.\",\"publisher\":{\"@id\":\"https:\/\/valika.eu\/en\/#organization\"},\"alternateName\":\"Valika\",\"potentialAction\":[{\"@type\":\"SearchAction\",\"target\":{\"@type\":\"EntryPoint\",\"urlTemplate\":\"https:\/\/valika.eu\/en\/?s={search_term_string}\"},\"query-input\":{\"@type\":\"PropertyValueSpecification\",\"valueRequired\":true,\"valueName\":\"search_term_string\"}}],\"inLanguage\":\"en-US\"},{\"@type\":\"Organization\",\"@id\":\"https:\/\/valika.eu\/en\/#organization\",\"name\":\"Salongitoode O\u00dc\",\"alternateName\":\"Valika\",\"url\":\"https:\/\/valika.eu\/en\/\",\"logo\":{\"@type\":\"ImageObject\",\"inLanguage\":\"en-US\",\"@id\":\"https:\/\/valika.eu\/en\/#\/schema\/logo\/image\/\",\"url\":\"https:\/\/valika.eu\/wp-content\/uploads\/2023\/11\/logo2-valika-footer.png\",\"contentUrl\":\"https:\/\/valika.eu\/wp-content\/uploads\/2023\/11\/logo2-valika-footer.png\",\"width\":200,\"height\":129,\"caption\":\"Salongitoode O\u00dc\"},\"image\":{\"@id\":\"https:\/\/valika.eu\/en\/#\/schema\/logo\/image\/\"},\"sameAs\":[\"https:\/\/www.facebook.com\/tipsi.net\"]}]}<\/script>\n<!-- \/ Yoast SEO plugin. -->","yoast_head_json":{"title":"THIN FILE, WOODEN, HALFMOON 180\/240 1 MM | Valika","robots":{"index":"index","follow":"follow","max-snippet":"max-snippet:-1","max-image-preview":"max-image-preview:large","max-video-preview":"max-video-preview:-1"},"canonical":"https:\/\/valika.eu\/en\/toode\/ohuke-kuuneviil-poolkuu-180-240-1-mm\/","og_locale":"en_US","og_type":"article","og_title":"THIN FILE, WOODEN, HALFMOON 180\/240 1 MM | Valika","og_description":"Professional HALFMOON-shaped file (gray zebra). The 180\/240 grit file is ultra-thin (thickness ABOUT 1 mm) for initial and main processing","og_url":"https:\/\/valika.eu\/en\/toode\/ohuke-kuuneviil-poolkuu-180-240-1-mm\/","og_site_name":"Valika","article_publisher":"https:\/\/www.facebook.com\/tipsi.net","article_modified_time":"2025-11-18T11:28:06+00:00","og_image":[{"width":400,"height":400,"url":"https:\/\/valika.eu\/wp-content\/uploads\/2024\/10\/wooden_180240.jpg","type":"image\/jpeg"}],"twitter_card":"summary_large_image","schema":{"@context":"https:\/\/schema.org","@graph":[{"@type":"WebPage","@id":"https:\/\/valika.eu\/en\/toode\/ohuke-kuuneviil-poolkuu-180-240-1-mm\/","url":"https:\/\/valika.eu\/en\/toode\/ohuke-kuuneviil-poolkuu-180-240-1-mm\/","name":"THIN FILE, WOODEN, HALFMOON 180\/240 1 MM | Valika","isPartOf":{"@id":"https:\/\/valika.eu\/en\/#website"},"primaryImageOfPage":{"@id":"https:\/\/valika.eu\/en\/toode\/ohuke-kuuneviil-poolkuu-180-240-1-mm\/#primaryimage"},"image":{"@id":"https:\/\/valika.eu\/toode\/ohuke-kuuneviil-poolkuu-180-240-1-mm\/#primaryimage"},"thumbnailUrl":"https:\/\/valika.eu\/wp-content\/uploads\/2024\/10\/wooden_180240.jpg","datePublished":"2024-10-22T08:27:08+00:00","dateModified":"2025-11-18T11:28:06+00:00","breadcrumb":{"@id":"https:\/\/valika.eu\/en\/toode\/ohuke-kuuneviil-poolkuu-180-240-1-mm\/#breadcrumb"},"inLanguage":"en-US","potentialAction":[{"@type":"ReadAction","target":[["https:\/\/valika.eu\/en\/toode\/ohuke-kuuneviil-poolkuu-180-240-1-mm\/"]]}]},{"@type":"ImageObject","inLanguage":"en-US","@id":"https:\/\/valika.eu\/en\/toode\/ohuke-kuuneviil-poolkuu-180-240-1-mm\/#primaryimage","url":"https:\/\/valika.eu\/wp-content\/uploads\/2024\/10\/wooden_180240.jpg","contentUrl":"https:\/\/valika.eu\/wp-content\/uploads\/2024\/10\/wooden_180240.jpg","width":400,"height":400},{"@type":"BreadcrumbList","@id":"https:\/\/valika.eu\/en\/toode\/ohuke-kuuneviil-poolkuu-180-240-1-mm\/#breadcrumb","itemListElement":[{"@type":"ListItem","position":1,"name":"Koti","item":"https:\/\/valika.eu\/en\/"},{"@type":"ListItem","position":2,"name":"Shop","item":"https:\/\/valika.eu\/en\/"},{"@type":"ListItem","position":3,"name":"\u00d5HUKE K\u00dc\u00dcNEVIIL, poolkuu 180\/240 1 MM"}]},{"@type":"WebSite","@id":"https:\/\/valika.eu\/en\/#website","url":"https:\/\/valika.eu\/en\/","name":"Valika.eu","description":"Salon products and beauty products - Valika offers a wide range of products and accessories for nail technicians, beauty salons, hairdressers.","publisher":{"@id":"https:\/\/valika.eu\/en\/#organization"},"alternateName":"Valika","potentialAction":[{"@type":"SearchAction","target":{"@type":"EntryPoint","urlTemplate":"https:\/\/valika.eu\/en\/?s={search_term_string}"},"query-input":{"@type":"PropertyValueSpecification","valueRequired":true,"valueName":"search_term_string"}}],"inLanguage":"en-US"},{"@type":"Organization","@id":"https:\/\/valika.eu\/en\/#organization","name":"Salongitoode O\u00dc","alternateName":"Valika","url":"https:\/\/valika.eu\/en\/","logo":{"@type":"ImageObject","inLanguage":"en-US","@id":"https:\/\/valika.eu\/en\/#\/schema\/logo\/image\/","url":"https:\/\/valika.eu\/wp-content\/uploads\/2023\/11\/logo2-valika-footer.png","contentUrl":"https:\/\/valika.eu\/wp-content\/uploads\/2023\/11\/logo2-valika-footer.png","width":200,"height":129,"caption":"Salongitoode O\u00dc"},"image":{"@id":"https:\/\/valika.eu\/en\/#\/schema\/logo\/image\/"},"sameAs":["https:\/\/www.facebook.com\/tipsi.net"]}]}},"jetpack_sharing_enabled":true,"_links":{"self":[{"href":"https:\/\/valika.eu\/en\/wp-json\/wp\/v2\/product\/9711","targetHints":{"allow":["GET"]}}],"collection":[{"href":"https:\/\/valika.eu\/en\/wp-json\/wp\/v2\/product"}],"about":[{"href":"https:\/\/valika.eu\/en\/wp-json\/wp\/v2\/types\/product"}],"wp:featuredmedia":[{"embeddable":true,"href":"https:\/\/valika.eu\/en\/wp-json\/wp\/v2\/media\/9712"}],"wp:attachment":[{"href":"https:\/\/valika.eu\/en\/wp-json\/wp\/v2\/media?parent=9711"}],"wp:term":[{"taxonomy":"product_brand","embeddable":true,"href":"https:\/\/valika.eu\/en\/wp-json\/wp\/v2\/product_brand?post=9711"},{"taxonomy":"product_cat","embeddable":true,"href":"https:\/\/valika.eu\/en\/wp-json\/wp\/v2\/product_cat?post=9711"},{"taxonomy":"product_tag","embeddable":true,"href":"https:\/\/valika.eu\/en\/wp-json\/wp\/v2\/product_tag?post=9711"}],"curies":[{"name":"wp","href":"https:\/\/api.w.org\/{rel}","templated":true}]}}