{"id":9808,"date":"2024-10-24T12:22:18","date_gmt":"2024-10-24T09:22:18","guid":{"rendered":"https:\/\/valika.eu\/?post_type=product&#038;p=9808"},"modified":"2026-04-04T15:17:12","modified_gmt":"2026-04-04T12:17:12","slug":"palu-top-glaze-no-wipe-11g","status":"publish","type":"product","link":"https:\/\/valika.eu\/en\/toode\/palu-top-glaze-no-wipe-11g\/","title":{"rendered":"PALU TOP GLAZE NO WIPE\/ 11G"},"content":{"rendered":"<p><\/p>\n<p>A top hybrid that works like tempered glass for nails? It\u2019s possible \u2012 Palu Top Glaze No Wipe is a transparent top that protects your styling from mechanical damage. It works well whether you\u2019re using it on natural nails or on extended nails.<\/p>\n<p>The top gives a wet shine effect and perfectly reflects the colors of hybrid polishes \u2012 both light and dark. It doesn\u2019t add thickness to the styling and doesn\u2019t require wiping off the inhibition layer.<\/p>\n<p>Product intended for professional use.<\/p>\n<p>easy application<br \/>\ntransparent<br \/>\nliquid consistency<br \/>\nhigh shine \u2012 wet nails effect<br \/>\ndoes not add thickness to the styling<br \/>\nperfectly reflects colors<br \/>\ndurability up to 3 weeks<br \/>\nno inhibition layer required<br \/>\ncapacity: 11 g<\/p>\n<p><\/p>","protected":false},"excerpt":{"rendered":"<p>lihtne pealekandmine<br \/>\nl\u00e4bipaistev<br \/>\nvedel konsistents<br \/>\nk\u00f5rge l\u00e4ige \u2012 m\u00e4rgade k\u00fc\u00fcnte efekt<br \/>\nei lisa stiilile paksust<br \/>\npeegeldab suurep\u00e4raselt v\u00e4rve<br \/>\nkestev kuni 3 n\u00e4dalat<br \/>\nei vaja inhibeerivat kihti<br \/>\nmaht: 11 g<\/p>\n","protected":false},"featured_media":9813,"template":"","meta":[],"product_brand":[],"product_cat":[650,651],"product_tag":[],"class_list":{"0":"post-9808","1":"product","2":"type-product","3":"status-publish","4":"has-post-thumbnail","6":"product_cat-palu-pealisgeelid","7":"product_cat-pealisgeelid","9":"first","10":"instock","11":"taxable","12":"shipping-taxable","13":"purchasable","14":"product-type-simple"},"yoast_head":"<!-- This site is optimized with the Yoast SEO plugin v24.4 - https:\/\/yoast.com\/wordpress\/plugins\/seo\/ -->\n<title>PALU TOP GLAZE NO WIPE\/ 11G | Valika<\/title>\n<meta name=\"robots\" content=\"index, follow, max-snippet:-1, max-image-preview:large, max-video-preview:-1\" \/>\n<link rel=\"canonical\" href=\"https:\/\/valika.eu\/en\/toode\/palu-top-glaze-no-wipe-11g\/\" \/>\n<meta property=\"og:locale\" content=\"en_US\" \/>\n<meta property=\"og:type\" content=\"article\" \/>\n<meta property=\"og:title\" content=\"PALU TOP GLAZE NO WIPE\/ 11G | Valika\" \/>\n<meta property=\"og:description\" content=\"lihtne pealekandmine l\u00e4bipaistev vedel konsistents k\u00f5rge l\u00e4ige \u2012 m\u00e4rgade k\u00fc\u00fcnte efekt ei lisa stiilile paksust peegeldab suurep\u00e4raselt v\u00e4rve kestev kuni 3 n\u00e4dalat ei vaja inhibeerivat kihti maht: 11 g\" \/>\n<meta property=\"og:url\" content=\"https:\/\/valika.eu\/en\/toode\/palu-top-glaze-no-wipe-11g\/\" \/>\n<meta property=\"og:site_name\" content=\"Valika\" \/>\n<meta property=\"article:publisher\" content=\"https:\/\/www.facebook.com\/tipsi.net\" \/>\n<meta property=\"article:modified_time\" content=\"2026-04-04T12:17:12+00:00\" \/>\n<meta property=\"og:image\" content=\"https:\/\/valika.eu\/wp-content\/uploads\/2024\/10\/palu-top-glaze-no-wipe.jpg\" \/>\n\t<meta property=\"og:image:width\" content=\"1500\" \/>\n\t<meta property=\"og:image:height\" content=\"1500\" \/>\n\t<meta property=\"og:image:type\" content=\"image\/jpeg\" \/>\n<meta name=\"twitter:card\" content=\"summary_large_image\" \/>\n<script type=\"application\/ld+json\" class=\"yoast-schema-graph\">{\"@context\":\"https:\/\/schema.org\",\"@graph\":[{\"@type\":\"WebPage\",\"@id\":\"https:\/\/valika.eu\/en\/toode\/palu-top-glaze-no-wipe-11g\/\",\"url\":\"https:\/\/valika.eu\/en\/toode\/palu-top-glaze-no-wipe-11g\/\",\"name\":\"PALU TOP GLAZE NO WIPE\/ 11G | Valika\",\"isPartOf\":{\"@id\":\"https:\/\/valika.eu\/en\/#website\"},\"primaryImageOfPage\":{\"@id\":\"https:\/\/valika.eu\/en\/toode\/palu-top-glaze-no-wipe-11g\/#primaryimage\"},\"image\":{\"@id\":\"https:\/\/valika.eu\/toode\/palu-top-glaze-no-wipe-11g\/#primaryimage\"},\"thumbnailUrl\":\"https:\/\/valika.eu\/wp-content\/uploads\/2024\/10\/palu-top-glaze-no-wipe.jpg\",\"datePublished\":\"2024-10-24T09:22:18+00:00\",\"dateModified\":\"2026-04-04T12:17:12+00:00\",\"breadcrumb\":{\"@id\":\"https:\/\/valika.eu\/en\/toode\/palu-top-glaze-no-wipe-11g\/#breadcrumb\"},\"inLanguage\":\"en-US\",\"potentialAction\":[{\"@type\":\"ReadAction\",\"target\":[[\"https:\/\/valika.eu\/en\/toode\/palu-top-glaze-no-wipe-11g\/\"]]}]},{\"@type\":\"ImageObject\",\"inLanguage\":\"en-US\",\"@id\":\"https:\/\/valika.eu\/en\/toode\/palu-top-glaze-no-wipe-11g\/#primaryimage\",\"url\":\"https:\/\/valika.eu\/wp-content\/uploads\/2024\/10\/palu-top-glaze-no-wipe.jpg\",\"contentUrl\":\"https:\/\/valika.eu\/wp-content\/uploads\/2024\/10\/palu-top-glaze-no-wipe.jpg\",\"width\":1500,\"height\":1500},{\"@type\":\"BreadcrumbList\",\"@id\":\"https:\/\/valika.eu\/en\/toode\/palu-top-glaze-no-wipe-11g\/#breadcrumb\",\"itemListElement\":[{\"@type\":\"ListItem\",\"position\":1,\"name\":\"Koti\",\"item\":\"https:\/\/valika.eu\/en\/\"},{\"@type\":\"ListItem\",\"position\":2,\"name\":\"Shop\",\"item\":\"https:\/\/valika.eu\/en\/\"},{\"@type\":\"ListItem\",\"position\":3,\"name\":\"PALU TOP GLAZE NO WIPE\/ 11G\"}]},{\"@type\":\"WebSite\",\"@id\":\"https:\/\/valika.eu\/en\/#website\",\"url\":\"https:\/\/valika.eu\/en\/\",\"name\":\"Valika.eu\",\"description\":\"Salon products and beauty products - Valika offers a wide range of products and accessories for nail technicians, beauty salons, hairdressers.\",\"publisher\":{\"@id\":\"https:\/\/valika.eu\/en\/#organization\"},\"alternateName\":\"Valika\",\"potentialAction\":[{\"@type\":\"SearchAction\",\"target\":{\"@type\":\"EntryPoint\",\"urlTemplate\":\"https:\/\/valika.eu\/en\/?s={search_term_string}\"},\"query-input\":{\"@type\":\"PropertyValueSpecification\",\"valueRequired\":true,\"valueName\":\"search_term_string\"}}],\"inLanguage\":\"en-US\"},{\"@type\":\"Organization\",\"@id\":\"https:\/\/valika.eu\/en\/#organization\",\"name\":\"Salongitoode O\u00dc\",\"alternateName\":\"Valika\",\"url\":\"https:\/\/valika.eu\/en\/\",\"logo\":{\"@type\":\"ImageObject\",\"inLanguage\":\"en-US\",\"@id\":\"https:\/\/valika.eu\/en\/#\/schema\/logo\/image\/\",\"url\":\"https:\/\/valika.eu\/wp-content\/uploads\/2023\/11\/logo2-valika-footer.png\",\"contentUrl\":\"https:\/\/valika.eu\/wp-content\/uploads\/2023\/11\/logo2-valika-footer.png\",\"width\":200,\"height\":129,\"caption\":\"Salongitoode O\u00dc\"},\"image\":{\"@id\":\"https:\/\/valika.eu\/en\/#\/schema\/logo\/image\/\"},\"sameAs\":[\"https:\/\/www.facebook.com\/tipsi.net\"]}]}<\/script>\n<!-- \/ Yoast SEO plugin. -->","yoast_head_json":{"title":"PALU TOP GLAZE NO WIPE\/ 11G | Valika","robots":{"index":"index","follow":"follow","max-snippet":"max-snippet:-1","max-image-preview":"max-image-preview:large","max-video-preview":"max-video-preview:-1"},"canonical":"https:\/\/valika.eu\/en\/toode\/palu-top-glaze-no-wipe-11g\/","og_locale":"en_US","og_type":"article","og_title":"PALU TOP GLAZE NO WIPE\/ 11G | Valika","og_description":"lihtne pealekandmine l\u00e4bipaistev vedel konsistents k\u00f5rge l\u00e4ige \u2012 m\u00e4rgade k\u00fc\u00fcnte efekt ei lisa stiilile paksust peegeldab suurep\u00e4raselt v\u00e4rve kestev kuni 3 n\u00e4dalat ei vaja inhibeerivat kihti maht: 11 g","og_url":"https:\/\/valika.eu\/en\/toode\/palu-top-glaze-no-wipe-11g\/","og_site_name":"Valika","article_publisher":"https:\/\/www.facebook.com\/tipsi.net","article_modified_time":"2026-04-04T12:17:12+00:00","og_image":[{"width":1500,"height":1500,"url":"https:\/\/valika.eu\/wp-content\/uploads\/2024\/10\/palu-top-glaze-no-wipe.jpg","type":"image\/jpeg"}],"twitter_card":"summary_large_image","schema":{"@context":"https:\/\/schema.org","@graph":[{"@type":"WebPage","@id":"https:\/\/valika.eu\/en\/toode\/palu-top-glaze-no-wipe-11g\/","url":"https:\/\/valika.eu\/en\/toode\/palu-top-glaze-no-wipe-11g\/","name":"PALU TOP GLAZE NO WIPE\/ 11G | Valika","isPartOf":{"@id":"https:\/\/valika.eu\/en\/#website"},"primaryImageOfPage":{"@id":"https:\/\/valika.eu\/en\/toode\/palu-top-glaze-no-wipe-11g\/#primaryimage"},"image":{"@id":"https:\/\/valika.eu\/toode\/palu-top-glaze-no-wipe-11g\/#primaryimage"},"thumbnailUrl":"https:\/\/valika.eu\/wp-content\/uploads\/2024\/10\/palu-top-glaze-no-wipe.jpg","datePublished":"2024-10-24T09:22:18+00:00","dateModified":"2026-04-04T12:17:12+00:00","breadcrumb":{"@id":"https:\/\/valika.eu\/en\/toode\/palu-top-glaze-no-wipe-11g\/#breadcrumb"},"inLanguage":"en-US","potentialAction":[{"@type":"ReadAction","target":[["https:\/\/valika.eu\/en\/toode\/palu-top-glaze-no-wipe-11g\/"]]}]},{"@type":"ImageObject","inLanguage":"en-US","@id":"https:\/\/valika.eu\/en\/toode\/palu-top-glaze-no-wipe-11g\/#primaryimage","url":"https:\/\/valika.eu\/wp-content\/uploads\/2024\/10\/palu-top-glaze-no-wipe.jpg","contentUrl":"https:\/\/valika.eu\/wp-content\/uploads\/2024\/10\/palu-top-glaze-no-wipe.jpg","width":1500,"height":1500},{"@type":"BreadcrumbList","@id":"https:\/\/valika.eu\/en\/toode\/palu-top-glaze-no-wipe-11g\/#breadcrumb","itemListElement":[{"@type":"ListItem","position":1,"name":"Koti","item":"https:\/\/valika.eu\/en\/"},{"@type":"ListItem","position":2,"name":"Shop","item":"https:\/\/valika.eu\/en\/"},{"@type":"ListItem","position":3,"name":"PALU TOP GLAZE NO WIPE\/ 11G"}]},{"@type":"WebSite","@id":"https:\/\/valika.eu\/en\/#website","url":"https:\/\/valika.eu\/en\/","name":"Valika.eu","description":"Salon products and beauty products - Valika offers a wide range of products and accessories for nail technicians, beauty salons, hairdressers.","publisher":{"@id":"https:\/\/valika.eu\/en\/#organization"},"alternateName":"Valika","potentialAction":[{"@type":"SearchAction","target":{"@type":"EntryPoint","urlTemplate":"https:\/\/valika.eu\/en\/?s={search_term_string}"},"query-input":{"@type":"PropertyValueSpecification","valueRequired":true,"valueName":"search_term_string"}}],"inLanguage":"en-US"},{"@type":"Organization","@id":"https:\/\/valika.eu\/en\/#organization","name":"Salongitoode O\u00dc","alternateName":"Valika","url":"https:\/\/valika.eu\/en\/","logo":{"@type":"ImageObject","inLanguage":"en-US","@id":"https:\/\/valika.eu\/en\/#\/schema\/logo\/image\/","url":"https:\/\/valika.eu\/wp-content\/uploads\/2023\/11\/logo2-valika-footer.png","contentUrl":"https:\/\/valika.eu\/wp-content\/uploads\/2023\/11\/logo2-valika-footer.png","width":200,"height":129,"caption":"Salongitoode O\u00dc"},"image":{"@id":"https:\/\/valika.eu\/en\/#\/schema\/logo\/image\/"},"sameAs":["https:\/\/www.facebook.com\/tipsi.net"]}]}},"jetpack_sharing_enabled":true,"_links":{"self":[{"href":"https:\/\/valika.eu\/en\/wp-json\/wp\/v2\/product\/9808","targetHints":{"allow":["GET"]}}],"collection":[{"href":"https:\/\/valika.eu\/en\/wp-json\/wp\/v2\/product"}],"about":[{"href":"https:\/\/valika.eu\/en\/wp-json\/wp\/v2\/types\/product"}],"wp:featuredmedia":[{"embeddable":true,"href":"https:\/\/valika.eu\/en\/wp-json\/wp\/v2\/media\/9813"}],"wp:attachment":[{"href":"https:\/\/valika.eu\/en\/wp-json\/wp\/v2\/media?parent=9808"}],"wp:term":[{"taxonomy":"product_brand","embeddable":true,"href":"https:\/\/valika.eu\/en\/wp-json\/wp\/v2\/product_brand?post=9808"},{"taxonomy":"product_cat","embeddable":true,"href":"https:\/\/valika.eu\/en\/wp-json\/wp\/v2\/product_cat?post=9808"},{"taxonomy":"product_tag","embeddable":true,"href":"https:\/\/valika.eu\/en\/wp-json\/wp\/v2\/product_tag?post=9808"}],"curies":[{"name":"wp","href":"https:\/\/api.w.org\/{rel}","templated":true}]}}