{"id":10853,"date":"2024-12-22T17:41:40","date_gmt":"2024-12-22T15:41:40","guid":{"rendered":"https:\/\/valika.eu\/?page_id=10853"},"modified":"2026-02-25T10:39:52","modified_gmt":"2026-02-25T08:39:52","slug":"tilauksen-toimitus","status":"publish","type":"page","link":"https:\/\/valika.eu\/fi\/tilauksen-toimitus\/","title":{"rendered":"Tilauksen toimitus"},"content":{"rendered":"<p><\/p>\n<div class=\"mobile-header-transport-cms\">\n<div data-content-type=\"html\" data-appearance=\"default\" data-element=\"main\" data-decoded=\"true\">\n<div class=\"block\">\n<p>Arkisin postitamme 24 tunnin sis\u00e4ll\u00e4!<\/p>\n<\/div>\n<\/div>\n<\/div>\n<p><label>L\u00e4het\u00e4 osoitteeseen:<\/label><\/p>\n<div class=\"selectric-wrapper\">\n<div class=\"selectric\"><span class=\"label\">Suomi<\/span><\/div>\n<\/div>\n<div id=\"delivery-info\">\n<p><label>Pakettiautomaatti &#8211; Itella\/DPD<label><\/label><\/label>1-5 ty\u00f6p\u00e4iv\u00e4\u00e4<\/p>\n<p>Hinta 6\u20ac<\/p>\n<p>Ilmaista alk. 100\u20ac<\/p>\n<p>Suuret tavarat, kuten huonekalut, l\u00e4hetet\u00e4\u00e4n kuriirilla hintaan 70-150 eur<\/p>\n<\/div>\n<div class=\"mobile-header-trust-cms\">\n<div data-content-type=\"html\" data-appearance=\"default\" data-element=\"main\" data-decoded=\"true\">\n<p>Maksutavat<\/p>\n<p>&nbsp;<\/p>\n<p><img loading=\"lazy\" decoding=\"async\" src=\"https:\/\/www.starry.fi\/media\/wysiwyg\/paytrail.png\" alt=\"Paytrail\" width=\"63\" height=\"63\" \/>\u00a0\u00a0\u00a0\u00a0\u00a0<img loading=\"lazy\" decoding=\"async\" src=\"https:\/\/www.starry.fi\/media\/wysiwyg\/OPliikemerkki.png\" alt=\"OP\" width=\"50\" height=\"50\" \/><\/p>\n<p>&nbsp;<\/p>\n<p><img loading=\"lazy\" decoding=\"async\" src=\"https:\/\/www.starry.fi\/media\/wysiwyg\/s-pankki.png\" alt=\"S-Pankki\" width=\"144\" height=\"29\" \/>\u00a0\u00a0\u00a0<img loading=\"lazy\" decoding=\"async\" src=\"https:\/\/www.starry.fi\/media\/wysiwyg\/aktia.png\" alt=\"Aktia\" width=\"81\" height=\"26\" \/><\/p>\n<p>&nbsp;<\/p>\n<p><img loading=\"lazy\" decoding=\"async\" src=\"https:\/\/www.starry.fi\/media\/wysiwyg\/danske-bank.png\" alt=\"Danske Bank\" width=\"167\" height=\"25\" \/>\u00a0<img decoding=\"async\" src=\"https:\/\/www.starry.fi\/media\/wysiwyg\/americanexpress.png\" alt=\"American Express\" \/><\/p>\n<p>&nbsp;<\/p>\n<p><img loading=\"lazy\" decoding=\"async\" src=\"https:\/\/www.starry.fi\/media\/wysiwyg\/mastercard.png\" alt=\"Mastercard\" width=\"72\" height=\"56\" \/>\u00a0<img loading=\"lazy\" decoding=\"async\" src=\"https:\/\/www.starry.fi\/media\/wysiwyg\/visa-credt-card.png\" alt=\"Visa\" width=\"77\" height=\"25\" \/>\u00a0\u00a0\u00a0\u00a0\u00a0<img loading=\"lazy\" decoding=\"async\" src=\"https:\/\/www.starry.fi\/media\/wysiwyg\/pp-logo-100px.png\" alt=\"PayPal\" width=\"100\" height=\"26\" \/><\/p>\n<p>&nbsp;<\/p>\n<p><img loading=\"lazy\" decoding=\"async\" src=\"https:\/\/www.starry.fi\/media\/wysiwyg\/apple-pay.png\" alt=\"Apple Pay\" width=\"40\" height=\"62\" \/><\/p>\n<p>&nbsp;<\/p>\n<p>\u00a9 Turvallinen ostopaikka vuodesta 2024<\/p>\n<p>&nbsp;<\/p>\n<\/div>\n<\/div>\n<p><\/p>","protected":false},"excerpt":{"rendered":"<p>Arkisin postitamme 24 tunnin sis\u00e4ll\u00e4! L\u00e4het\u00e4 osoitteeseen: Suomi Pakettiautomaatti &#8211; Itella\/DPD1-5 ty\u00f6p\u00e4iv\u00e4\u00e4 Hinta 6\u20ac Ilmaista alk. 100\u20ac Suuret tavarat, kuten<\/p>\n","protected":false},"author":1,"featured_media":0,"parent":0,"menu_order":0,"comment_status":"closed","ping_status":"closed","template":"","meta":{"footnotes":""},"class_list":["post-10853","page","type-page","status-publish","hentry"],"yoast_head":"<!-- This site is optimized with the Yoast SEO plugin v24.4 - https:\/\/yoast.com\/wordpress\/plugins\/seo\/ -->\n<title>Tilauksen toimitus | Valika<\/title>\n<meta name=\"robots\" content=\"index, follow, max-snippet:-1, max-image-preview:large, max-video-preview:-1\" \/>\n<link rel=\"canonical\" href=\"https:\/\/valika.eu\/fi\/tilauksen-toimitus\/\" \/>\n<meta property=\"og:locale\" content=\"fi_FI\" \/>\n<meta property=\"og:type\" content=\"article\" \/>\n<meta property=\"og:title\" content=\"Tilauksen toimitus | Valika\" \/>\n<meta property=\"og:description\" content=\"Arkisin postitamme 24 tunnin sis\u00e4ll\u00e4! L\u00e4het\u00e4 osoitteeseen: Suomi Pakettiautomaatti &#8211; Itella\/DPD1-5 ty\u00f6p\u00e4iv\u00e4\u00e4 Hinta 6\u20ac Ilmaista alk. 100\u20ac Suuret tavarat, kuten\" \/>\n<meta property=\"og:url\" content=\"https:\/\/valika.eu\/fi\/tilauksen-toimitus\/\" \/>\n<meta property=\"og:site_name\" content=\"Valika\" \/>\n<meta property=\"article:publisher\" content=\"https:\/\/www.facebook.com\/tipsi.net\" \/>\n<meta property=\"article:modified_time\" content=\"2026-02-25T08:39:52+00:00\" \/>\n<meta property=\"og:image\" content=\"https:\/\/www.starry.ee\/media\/wysiwyg\/seb.png\" \/>\n<meta name=\"twitter:card\" content=\"summary_large_image\" \/>\n<script type=\"application\/ld+json\" class=\"yoast-schema-graph\">{\"@context\":\"https:\/\/schema.org\",\"@graph\":[{\"@type\":\"WebPage\",\"@id\":\"https:\/\/valika.eu\/fi\/tilauksen-toimitus\/\",\"url\":\"https:\/\/valika.eu\/fi\/tilauksen-toimitus\/\",\"name\":\"Tilauksen toimitus | Valika\",\"isPartOf\":{\"@id\":\"https:\/\/valika.eu\/fi\/#website\"},\"primaryImageOfPage\":{\"@id\":\"https:\/\/valika.eu\/fi\/tilauksen-toimitus\/#primaryimage\"},\"image\":{\"@id\":\"https:\/\/valika.eu\/tilauksen-toimitus\/#primaryimage\"},\"thumbnailUrl\":\"https:\/\/www.starry.ee\/media\/wysiwyg\/seb.png\",\"datePublished\":\"2024-12-22T15:41:40+00:00\",\"dateModified\":\"2026-02-25T08:39:52+00:00\",\"breadcrumb\":{\"@id\":\"https:\/\/valika.eu\/fi\/tilauksen-toimitus\/#breadcrumb\"},\"inLanguage\":\"fi\",\"potentialAction\":[{\"@type\":\"ReadAction\",\"target\":[[\"https:\/\/valika.eu\/fi\/tilauksen-toimitus\/\"]]}]},{\"@type\":\"ImageObject\",\"inLanguage\":\"fi\",\"@id\":\"https:\/\/valika.eu\/fi\/tilauksen-toimitus\/#primaryimage\",\"url\":\"https:\/\/www.starry.ee\/media\/wysiwyg\/seb.png\",\"contentUrl\":\"https:\/\/www.starry.ee\/media\/wysiwyg\/seb.png\"},{\"@type\":\"BreadcrumbList\",\"@id\":\"https:\/\/valika.eu\/fi\/tilauksen-toimitus\/#breadcrumb\",\"itemListElement\":[{\"@type\":\"ListItem\",\"position\":1,\"name\":\"Koti\",\"item\":\"https:\/\/valika.eu\/fi\/\"},{\"@type\":\"ListItem\",\"position\":2,\"name\":\"Delivery, shiping\"}]},{\"@type\":\"WebSite\",\"@id\":\"https:\/\/valika.eu\/fi\/#website\",\"url\":\"https:\/\/valika.eu\/fi\/\",\"name\":\"Valika.eu\",\"description\":\"Salonkituotteet ja kauneudenhoitotuotteet - Valika tarjoaa laajan valikoiman tuotteita ja tarvikkeita kynsiteknikoille, kauneushoitoloille, kampaamoille ja kampaamoille.\",\"publisher\":{\"@id\":\"https:\/\/valika.eu\/fi\/#organization\"},\"alternateName\":\"Valika\",\"potentialAction\":[{\"@type\":\"SearchAction\",\"target\":{\"@type\":\"EntryPoint\",\"urlTemplate\":\"https:\/\/valika.eu\/fi\/?s={search_term_string}\"},\"query-input\":{\"@type\":\"PropertyValueSpecification\",\"valueRequired\":true,\"valueName\":\"search_term_string\"}}],\"inLanguage\":\"fi\"},{\"@type\":\"Organization\",\"@id\":\"https:\/\/valika.eu\/fi\/#organization\",\"name\":\"Salongitoode O\u00dc\",\"alternateName\":\"Valika\",\"url\":\"https:\/\/valika.eu\/fi\/\",\"logo\":{\"@type\":\"ImageObject\",\"inLanguage\":\"fi\",\"@id\":\"https:\/\/valika.eu\/fi\/#\/schema\/logo\/image\/\",\"url\":\"https:\/\/valika.eu\/wp-content\/uploads\/2023\/11\/logo2-valika-footer.png\",\"contentUrl\":\"https:\/\/valika.eu\/wp-content\/uploads\/2023\/11\/logo2-valika-footer.png\",\"width\":200,\"height\":129,\"caption\":\"Salongitoode O\u00dc\"},\"image\":{\"@id\":\"https:\/\/valika.eu\/fi\/#\/schema\/logo\/image\/\"},\"sameAs\":[\"https:\/\/www.facebook.com\/tipsi.net\"]}]}<\/script>\n<!-- \/ Yoast SEO plugin. -->","yoast_head_json":{"title":"Tilauksen toimitus | Valika","robots":{"index":"index","follow":"follow","max-snippet":"max-snippet:-1","max-image-preview":"max-image-preview:large","max-video-preview":"max-video-preview:-1"},"canonical":"https:\/\/valika.eu\/fi\/tilauksen-toimitus\/","og_locale":"fi_FI","og_type":"article","og_title":"Tilauksen toimitus | Valika","og_description":"Arkisin postitamme 24 tunnin sis\u00e4ll\u00e4! L\u00e4het\u00e4 osoitteeseen: Suomi Pakettiautomaatti &#8211; Itella\/DPD1-5 ty\u00f6p\u00e4iv\u00e4\u00e4 Hinta 6\u20ac Ilmaista alk. 100\u20ac Suuret tavarat, kuten","og_url":"https:\/\/valika.eu\/fi\/tilauksen-toimitus\/","og_site_name":"Valika","article_publisher":"https:\/\/www.facebook.com\/tipsi.net","article_modified_time":"2026-02-25T08:39:52+00:00","og_image":[{"url":"https:\/\/www.starry.ee\/media\/wysiwyg\/seb.png","type":"","width":"","height":""}],"twitter_card":"summary_large_image","schema":{"@context":"https:\/\/schema.org","@graph":[{"@type":"WebPage","@id":"https:\/\/valika.eu\/fi\/tilauksen-toimitus\/","url":"https:\/\/valika.eu\/fi\/tilauksen-toimitus\/","name":"Tilauksen toimitus | Valika","isPartOf":{"@id":"https:\/\/valika.eu\/fi\/#website"},"primaryImageOfPage":{"@id":"https:\/\/valika.eu\/fi\/tilauksen-toimitus\/#primaryimage"},"image":{"@id":"https:\/\/valika.eu\/tilauksen-toimitus\/#primaryimage"},"thumbnailUrl":"https:\/\/www.starry.ee\/media\/wysiwyg\/seb.png","datePublished":"2024-12-22T15:41:40+00:00","dateModified":"2026-02-25T08:39:52+00:00","breadcrumb":{"@id":"https:\/\/valika.eu\/fi\/tilauksen-toimitus\/#breadcrumb"},"inLanguage":"fi","potentialAction":[{"@type":"ReadAction","target":[["https:\/\/valika.eu\/fi\/tilauksen-toimitus\/"]]}]},{"@type":"ImageObject","inLanguage":"fi","@id":"https:\/\/valika.eu\/fi\/tilauksen-toimitus\/#primaryimage","url":"https:\/\/www.starry.ee\/media\/wysiwyg\/seb.png","contentUrl":"https:\/\/www.starry.ee\/media\/wysiwyg\/seb.png"},{"@type":"BreadcrumbList","@id":"https:\/\/valika.eu\/fi\/tilauksen-toimitus\/#breadcrumb","itemListElement":[{"@type":"ListItem","position":1,"name":"Koti","item":"https:\/\/valika.eu\/fi\/"},{"@type":"ListItem","position":2,"name":"Delivery, shiping"}]},{"@type":"WebSite","@id":"https:\/\/valika.eu\/fi\/#website","url":"https:\/\/valika.eu\/fi\/","name":"Valika.eu","description":"Salonkituotteet ja kauneudenhoitotuotteet - Valika tarjoaa laajan valikoiman tuotteita ja tarvikkeita kynsiteknikoille, kauneushoitoloille, kampaamoille ja kampaamoille.","publisher":{"@id":"https:\/\/valika.eu\/fi\/#organization"},"alternateName":"Valika","potentialAction":[{"@type":"SearchAction","target":{"@type":"EntryPoint","urlTemplate":"https:\/\/valika.eu\/fi\/?s={search_term_string}"},"query-input":{"@type":"PropertyValueSpecification","valueRequired":true,"valueName":"search_term_string"}}],"inLanguage":"fi"},{"@type":"Organization","@id":"https:\/\/valika.eu\/fi\/#organization","name":"Salongitoode O\u00dc","alternateName":"Valika","url":"https:\/\/valika.eu\/fi\/","logo":{"@type":"ImageObject","inLanguage":"fi","@id":"https:\/\/valika.eu\/fi\/#\/schema\/logo\/image\/","url":"https:\/\/valika.eu\/wp-content\/uploads\/2023\/11\/logo2-valika-footer.png","contentUrl":"https:\/\/valika.eu\/wp-content\/uploads\/2023\/11\/logo2-valika-footer.png","width":200,"height":129,"caption":"Salongitoode O\u00dc"},"image":{"@id":"https:\/\/valika.eu\/fi\/#\/schema\/logo\/image\/"},"sameAs":["https:\/\/www.facebook.com\/tipsi.net"]}]}},"jetpack_sharing_enabled":true,"_links":{"self":[{"href":"https:\/\/valika.eu\/fi\/wp-json\/wp\/v2\/pages\/10853","targetHints":{"allow":["GET"]}}],"collection":[{"href":"https:\/\/valika.eu\/fi\/wp-json\/wp\/v2\/pages"}],"about":[{"href":"https:\/\/valika.eu\/fi\/wp-json\/wp\/v2\/types\/page"}],"author":[{"embeddable":true,"href":"https:\/\/valika.eu\/fi\/wp-json\/wp\/v2\/users\/1"}],"replies":[{"embeddable":true,"href":"https:\/\/valika.eu\/fi\/wp-json\/wp\/v2\/comments?post=10853"}],"version-history":[{"count":28,"href":"https:\/\/valika.eu\/fi\/wp-json\/wp\/v2\/pages\/10853\/revisions"}],"predecessor-version":[{"id":19410,"href":"https:\/\/valika.eu\/fi\/wp-json\/wp\/v2\/pages\/10853\/revisions\/19410"}],"wp:attachment":[{"href":"https:\/\/valika.eu\/fi\/wp-json\/wp\/v2\/media?parent=10853"}],"curies":[{"name":"wp","href":"https:\/\/api.w.org\/{rel}","templated":true}]}}