{"id":27,"date":"2023-11-01T13:43:56","date_gmt":"2023-11-01T13:43:56","guid":{"rendered":"https:\/\/valika.eu\/?page_id=27"},"modified":"2023-11-02T13:09:02","modified_gmt":"2023-11-02T13:09:02","slug":"isikuandmete-tootlemine","status":"publish","type":"page","link":"https:\/\/valika.eu\/fi\/isikuandmete-tootlemine\/","title":{"rendered":"Henkil\u00f6tietojen k\u00e4sittely"},"content":{"rendered":"<p><span style=\"color: #000000;\">Kaikki www.valika.eu-sivuston k\u00e4yntien ja ostosten yhteydess\u00e4 saadut asiakkaan henkil\u00f6tiedot k\u00e4sitell\u00e4\u00e4n luottamuksellisina tietoina.<\/span><br \/>\n<span style=\"color: #000000;\">Salongitoode O\u00dc ei luovuta kolmansille osapuolille niit\u00e4 tietoja, jotka asiakas on ilmoittanut. Asiakkaalla on oikeus pyyt\u00e4\u00e4 tietojensa poistamista Salongitoode O\u00dc:n tietokannasta tarvittaessa.<\/span><\/p>\n<p><span style=\"color: #000000;\">HENKIL\u00d6TIETOJEN K\u00c4SITTELY<\/span><\/p>\n<p><span style=\"color: #000000;\">www.valika.eu-verkkokaupan henkil\u00f6tietojen rekisterinpit\u00e4j\u00e4 on:<\/span><\/p>\n<p><span style=\"color: #000000;\">Salongitoode O\u00dc, rekisterinumero: 12319770<\/span><\/p>\n<p><span style=\"color: #000000;\">Puhelin: +372 56693172 ja s\u00e4hk\u00f6posti: tipsinet@gmail.com<\/span><\/p>\n<p><span style=\"color: #000000;\"><strong>Mit\u00e4 henkil\u00f6tietoja k\u00e4sitell\u00e4\u00e4n<\/strong><\/span><\/p>\n<ul>\n<li><span style=\"color: #000000;\">nimi, sukunimi, puhelinnumero ja s\u00e4hk\u00f6postiosoite;<\/span><\/li>\n<li><span style=\"color: #000000;\">toimitusosoite;<\/span><\/li>\n<li><span style=\"color: #000000;\">pankkitilinumero;<\/span><\/li>\n<li><span style=\"color: #000000;\">ostosten ja palveluiden kustannukset sek\u00e4 niihin liittyv\u00e4t tiedot (ostohistoria);<\/span><\/li>\n<li><span style=\"color: #000000;\">asiakaspalvelutiedot.<\/span><\/li>\n<\/ul>\n<p><span style=\"color: #000000;\"><strong>Mihin tarkoitukseen henkil\u00f6tietoja k\u00e4sitell\u00e4\u00e4n<\/strong><\/span><\/p>\n<p><span style=\"color: #000000;\">Henkil\u00f6tietoja k\u00e4ytet\u00e4\u00e4n asiakkaan tilausten hallintaan ja tuotteiden toimittamiseen.<\/span><\/p>\n<p><span style=\"color: #000000;\">Ostohistorian tietoja (ostop\u00e4iv\u00e4, tuote, m\u00e4\u00e4r\u00e4, asiakastiedot) k\u00e4ytet\u00e4\u00e4n ostettujen tuotteiden ja palveluiden katsauksen laatimiseen sek\u00e4 asiakasmieltymysten analysointiin.<\/span><\/p>\n<p><span style=\"color: #000000;\">Pankkitilinumeroa k\u00e4ytet\u00e4\u00e4n asiakkaan maksujen palauttamiseen.<\/span><\/p>\n<p><span style=\"color: #000000;\">S\u00e4hk\u00f6postia, puhelinnumeroa ja asiakkaan nime\u00e4 k\u00e4sitell\u00e4\u00e4n ongelmien ratkaisemiseksi tuotteiden ja palveluiden toimittamiseen liittyen (asiakastuki).<\/span><\/p>\n<p><span style=\"color: #000000;\">Verkkokaupan k\u00e4ytt\u00e4j\u00e4n IP-osoitetta tai muita verkko-identifikaattoreita k\u00e4sitell\u00e4\u00e4n verkkokaupan tietoyhteiskuntapalvelun tarjoamiseksi ja verkkok\u00e4ytt\u00f6tilastojen laatimiseksi.<\/span><\/p>\n<p><span style=\"color: #000000;\"><strong><br \/>\nOikeudellinen perusta<\/strong><\/span><\/p>\n<p><span style=\"color: #000000;\">Henkil\u00f6tietojen k\u00e4sittely perustuu asiakkaan kanssa tehtyyn sopimukseen. Henkil\u00f6tietojen k\u00e4sittely suoritetaan my\u00f6s oikeudellisen velvoitteen t\u00e4ytt\u00e4miseksi (esimerkiksi kirjanpito ja kuluttajariitojen ratkaiseminen).<\/span><\/p>\n<p><span style=\"color: #000000;\"><strong><br \/>\nHenkil\u00f6tiedot saaneet vastaanottajat<\/strong><\/span><\/p>\n<p><span style=\"color: #000000;\">Henkil\u00f6tiedot luovutetaan verkkokaupan asiakaspalvelulle ostosten ja ostohistorian hallintaa sek\u00e4 asiakasongelmien ratkaisemista varten.<\/span><br \/>\n<span style=\"color: #000000;\">Nimi, puhelinnumero ja s\u00e4hk\u00f6postiosoite v\u00e4litet\u00e4\u00e4n asiakkaan valitsemalle kuljetuspalveluntarjoajalle:<\/span><\/p>\n<p><span style=\"color: #000000;\">Itella Estonia O\u00dc: Loom\u00e4e tee 13, 75306, Lehmja k\u00fcla, Rae vald<\/span><\/p>\n<p><span style=\"color: #000000;\">AS Eesti Post (Omniva), Pallasti 28, 10001 Tallinn<\/span><\/p>\n<p><span style=\"color: #000000;\">Jos kyseess\u00e4 on kuriirilla toimitettava tavara, v\u00e4litet\u00e4\u00e4n my\u00f6s asiakkaan osoite.<\/span><\/p>\n<p><span style=\"color: #000000;\">Henkil\u00f6tietoja voidaan luovuttaa tietotekniikan palveluntarjoajille, mik\u00e4li se on tarpeellista verkkokaupan toiminnan tai tietojen s\u00e4ilytyksen varmistamiseksi.<\/span><\/p>\n<p><span style=\"color: #000000;\"><strong>Turvallisuus ja tietojen saavutettavuus<\/strong><\/span><\/p>\n<p><span style=\"color: #000000;\">Henkil\u00f6tiedot s\u00e4ilytet\u00e4\u00e4n Zone Media O\u00dc:n palvelimilla, jotka sijaitsevat osoitteessa:<\/span><br \/>\n<span style=\"color: #000000;\">L\u00f5\u00f5tsa 5, 11415 Tallinna. Tietoja voidaan siirt\u00e4\u00e4 Euroopan komission arvioimiin riikiin, joiden tietosuojatasoa pidet\u00e4\u00e4n riitt\u00e4v\u00e4n\u00e4, ja Yhdysvaltain yrityksille, jotka ovat liittyneet Privacy Shield -kehikkoon.<\/span><\/p>\n<p><span style=\"color: #000000;\">Henkil\u00f6tietoihin p\u00e4\u00e4see k\u00e4siksi verkkokaupan ty\u00f6ntekij\u00f6ill\u00e4, jotka voivat tutustua niihin teknisten kysymysten ratkaisemiseksi ja asiakaspalvelun tarjoamiseksi.<\/span><br \/>\n<span style=\"color: #000000;\">Verkkokauppa soveltaa asianmukaisia fyysisi\u00e4, organisatorisia ja tietoteknisi\u00e4 turvatoimenpiteit\u00e4 suojellakseen henkil\u00f6tietoja vahingossa tai laittomasti tapahtuvalta tuhoamiselta, katoamiselta, muuttamiselta tai luvattomalta p\u00e4\u00e4sylt\u00e4 ja paljastamiselta.<\/span><\/p>\n<p><span style=\"color: #000000;\">Henkil\u00f6tietojen luovutus valtuutetuille k\u00e4sittelij\u00f6ille (esimerkiksi kuljetuspalvelun tarjoaja ja tietojen s\u00e4ilytt\u00e4j\u00e4) perustuu verkkokaupan ja valtuutettujen k\u00e4sittelij\u00f6iden v\u00e4lisiin sopimuksiin.<\/span><br \/>\n<span style=\"color: #000000;\">Valtuutetut k\u00e4sittelij\u00e4t ovat velvollisia takaamaan asianmukaiset tietojen k\u00e4sittelyyn liittyv\u00e4t suojatoimenpiteet.<\/span><\/p>\n<p><span style=\"color: #000000;\"><strong>Tietoihin tutustuminen ja korjaaminen<\/strong><\/span><\/p>\n<p><span style=\"color: #000000;\">Henkil\u00f6tietoihin voi tutustua ja tehd\u00e4 korjauksia verkkokaupan k\u00e4ytt\u00e4j\u00e4profiilissa. Jos ostos on tehty ilman k\u00e4ytt\u00e4j\u00e4tili\u00e4, henkil\u00f6tietoihin voi tutustua asiakaspalvelun v\u00e4lityksell\u00e4: tipsinet@gmail.com<\/span><\/p>\n<p><span style=\"color: #000000;\"><strong>Suostumuksen peruuttaminen<\/strong><\/span><\/p>\n<p><span style=\"color: #000000;\">Jos henkil\u00f6tietojen k\u00e4sittely perustuu asiakkaan suostumukseen, asiakkaalla on oikeus peruuttaa suostumus ilmoittamalla siit\u00e4 asiakaspalveluun s\u00e4hk\u00f6postitse.<\/span><\/p>\n<p><span style=\"color: #000000;\"><strong>S\u00e4ilytt\u00e4minen<\/strong><\/span><\/p>\n<p><span style=\"color: #000000;\">Verkkokaupan asiakastilin sulkemisen yhteydess\u00e4 henkil\u00f6tiedot poistetaan, ellei tietojen s\u00e4ilytt\u00e4minen ole tarpeen kirjanpidon tai kuluttajariitojen ratkaisemisen vuoksi.<\/span><br \/>\n<span style=\"color: #000000;\">Jos verkkokaupassa tehd\u00e4\u00e4n ostoksia ilman k\u00e4ytt\u00e4j\u00e4tili\u00e4, ostohistoria s\u00e4ilytet\u00e4\u00e4n kolme vuotta.<\/span><br \/>\n<span style=\"color: #000000;\">Maksuihin ja kuluttajariitoihin liittyvien vaatimusten osalta henkil\u00f6tiedot s\u00e4ilytet\u00e4\u00e4n vaateen t\u00e4ytt\u00e4miseen saakka tai vanhentumisp\u00e4iv\u00e4\u00e4n saakka.<\/span><br \/>\n<span style=\"color: #000000;\">Kirjanpidon tarpeita varten henkil\u00f6tiedot s\u00e4ilytet\u00e4\u00e4n seitsem\u00e4n vuotta.<\/span><\/p>\n<p><span style=\"color: #000000;\"><strong>Poistaminen<\/strong><\/span><\/p>\n<p><span style=\"color: #000000;\">Henkil\u00f6tietojen poistamista varten tulee ottaa yhteytt\u00e4 asiakaspalveluun s\u00e4hk\u00f6postitse: tipsinet@gmail.com.<\/span><br \/>\n<span style=\"color: #000000;\">Pyynt\u00f6\u00f6n vastataan viimeist\u00e4\u00e4n kuukauden kuluessa, ja siin\u00e4 tarkennetaan tietojen poistamisen aikav\u00e4li.<\/span><\/p>\n<p><span style=\"color: #000000;\"><strong>Siirto<\/strong><\/span><\/p>\n<p><span style=\"color: #000000;\">S\u00e4hk\u00f6postitse toimitettuun pyynt\u00f6\u00f6n henkil\u00f6tietojen siirrosta vastataan viimeist\u00e4\u00e4n kuukauden kuluessa.<\/span><br \/>\n<span style=\"color: #000000;\">Asiakaspalvelu varmentaa henkil\u00f6llisyyden ja tiedottaa siirrett\u00e4vist\u00e4 tiedoista.<\/span><\/p>\n<p><span style=\"color: #000000;\"><strong>Suoramarkkinointi<\/strong><\/span><\/p>\n<p><span style=\"color: #000000;\">S\u00e4hk\u00f6postiosoitetta ja puhelinnumeroa k\u00e4ytet\u00e4\u00e4n suoramarkkinointiviestien l\u00e4hett\u00e4miseen, mik\u00e4li asiakas on antanut siihen suostumuksen.<\/span><br \/>\n<span style=\"color: #000000;\">Jos asiakas ei halua vastaanottaa suoramarkkinointiviestej\u00e4, tulee siit\u00e4 ilmoittaa rekister\u00f6ityess\u00e4 tai ottaa yhteytt\u00e4 asiakaspalveluun: tipsinet@gmail.com.<\/span><\/p>\n<p><span style=\"color: #000000;\"><strong>Riidanratkaisu<\/strong><\/span><\/p>\n<p><span style=\"color: #000000;\">Henkil\u00f6tietojen k\u00e4sittelyyn liittyv\u00e4t riidat ratkaistaan asiakaspalvelun kautta tipsinet@gmail.com, puhelin: +37256693172. Valvontaviranomainen on Viron tietosuojavirasto (info@aki.ee).&#8221;<\/span><\/p>","protected":false},"excerpt":{"rendered":"<p>Kaikki www.valika.eu-sivuston k\u00e4yntien ja ostosten yhteydess\u00e4 saadut asiakkaan henkil\u00f6tiedot k\u00e4sitell\u00e4\u00e4n luottamuksellisina tietoina. Salongitoode O\u00dc ei luovuta kolmansille osapuolille niit\u00e4 tietoja,<\/p>\n","protected":false},"author":2,"featured_media":0,"parent":0,"menu_order":0,"comment_status":"closed","ping_status":"closed","template":"","meta":{"footnotes":""},"class_list":["post-27","page","type-page","status-publish","hentry"],"yoast_head":"<!-- This site is optimized with the Yoast SEO plugin v24.4 - https:\/\/yoast.com\/wordpress\/plugins\/seo\/ -->\n<title>Henkil\u00f6tietojen k\u00e4sittely | Valika<\/title>\n<meta name=\"robots\" content=\"index, follow, max-snippet:-1, max-image-preview:large, max-video-preview:-1\" \/>\n<link rel=\"canonical\" href=\"https:\/\/valika.eu\/fi\/isikuandmete-tootlemine\/\" \/>\n<meta property=\"og:locale\" content=\"fi_FI\" \/>\n<meta property=\"og:type\" content=\"article\" \/>\n<meta property=\"og:title\" content=\"Henkil\u00f6tietojen k\u00e4sittely | Valika\" \/>\n<meta property=\"og:description\" content=\"Kaikki www.valika.eu-sivuston k\u00e4yntien ja ostosten yhteydess\u00e4 saadut asiakkaan henkil\u00f6tiedot k\u00e4sitell\u00e4\u00e4n luottamuksellisina tietoina. Salongitoode O\u00dc ei luovuta kolmansille osapuolille niit\u00e4 tietoja,\" \/>\n<meta property=\"og:url\" content=\"https:\/\/valika.eu\/fi\/isikuandmete-tootlemine\/\" \/>\n<meta property=\"og:site_name\" content=\"Valika\" \/>\n<meta property=\"article:publisher\" content=\"https:\/\/www.facebook.com\/tipsi.net\" \/>\n<meta property=\"article:modified_time\" content=\"2023-11-02T13:09:02+00:00\" \/>\n<meta property=\"og:image\" content=\"https:\/\/valika.eu\/wp-content\/uploads\/2023\/11\/yoast-pilt.jpg\" \/>\n\t<meta property=\"og:image:width\" content=\"1220\" \/>\n\t<meta property=\"og:image:height\" content=\"675\" \/>\n\t<meta property=\"og:image:type\" content=\"image\/jpeg\" \/>\n<meta name=\"twitter:card\" content=\"summary_large_image\" \/>\n<script type=\"application\/ld+json\" class=\"yoast-schema-graph\">{\"@context\":\"https:\/\/schema.org\",\"@graph\":[{\"@type\":\"WebPage\",\"@id\":\"https:\/\/valika.eu\/fi\/isikuandmete-tootlemine\/\",\"url\":\"https:\/\/valika.eu\/fi\/isikuandmete-tootlemine\/\",\"name\":\"Henkil\u00f6tietojen k\u00e4sittely | Valika\",\"isPartOf\":{\"@id\":\"https:\/\/valika.eu\/fi\/#website\"},\"datePublished\":\"2023-11-01T13:43:56+00:00\",\"dateModified\":\"2023-11-02T13:09:02+00:00\",\"breadcrumb\":{\"@id\":\"https:\/\/valika.eu\/fi\/isikuandmete-tootlemine\/#breadcrumb\"},\"inLanguage\":\"fi\",\"potentialAction\":[{\"@type\":\"ReadAction\",\"target\":[[\"https:\/\/valika.eu\/fi\/isikuandmete-tootlemine\/\"]]}]},{\"@type\":\"BreadcrumbList\",\"@id\":\"https:\/\/valika.eu\/fi\/isikuandmete-tootlemine\/#breadcrumb\",\"itemListElement\":[{\"@type\":\"ListItem\",\"position\":1,\"name\":\"Koti\",\"item\":\"https:\/\/valika.eu\/fi\/\"},{\"@type\":\"ListItem\",\"position\":2,\"name\":\"Isikuandmete t\u00f6\u00f6tlemine\"}]},{\"@type\":\"WebSite\",\"@id\":\"https:\/\/valika.eu\/fi\/#website\",\"url\":\"https:\/\/valika.eu\/fi\/\",\"name\":\"Valika.eu\",\"description\":\"Salonkituotteet ja kauneudenhoitotuotteet - Valika tarjoaa laajan valikoiman tuotteita ja tarvikkeita kynsiteknikoille, kauneushoitoloille, kampaamoille ja kampaamoille.\",\"publisher\":{\"@id\":\"https:\/\/valika.eu\/fi\/#organization\"},\"alternateName\":\"Valika\",\"potentialAction\":[{\"@type\":\"SearchAction\",\"target\":{\"@type\":\"EntryPoint\",\"urlTemplate\":\"https:\/\/valika.eu\/fi\/?s={search_term_string}\"},\"query-input\":{\"@type\":\"PropertyValueSpecification\",\"valueRequired\":true,\"valueName\":\"search_term_string\"}}],\"inLanguage\":\"fi\"},{\"@type\":\"Organization\",\"@id\":\"https:\/\/valika.eu\/fi\/#organization\",\"name\":\"Salongitoode O\u00dc\",\"alternateName\":\"Valika\",\"url\":\"https:\/\/valika.eu\/fi\/\",\"logo\":{\"@type\":\"ImageObject\",\"inLanguage\":\"fi\",\"@id\":\"https:\/\/valika.eu\/fi\/#\/schema\/logo\/image\/\",\"url\":\"https:\/\/valika.eu\/wp-content\/uploads\/2023\/11\/logo2-valika-footer.png\",\"contentUrl\":\"https:\/\/valika.eu\/wp-content\/uploads\/2023\/11\/logo2-valika-footer.png\",\"width\":200,\"height\":129,\"caption\":\"Salongitoode O\u00dc\"},\"image\":{\"@id\":\"https:\/\/valika.eu\/fi\/#\/schema\/logo\/image\/\"},\"sameAs\":[\"https:\/\/www.facebook.com\/tipsi.net\"]}]}<\/script>\n<!-- \/ Yoast SEO plugin. -->","yoast_head_json":{"title":"Henkil\u00f6tietojen k\u00e4sittely | Valika","robots":{"index":"index","follow":"follow","max-snippet":"max-snippet:-1","max-image-preview":"max-image-preview:large","max-video-preview":"max-video-preview:-1"},"canonical":"https:\/\/valika.eu\/fi\/isikuandmete-tootlemine\/","og_locale":"fi_FI","og_type":"article","og_title":"Henkil\u00f6tietojen k\u00e4sittely | Valika","og_description":"Kaikki www.valika.eu-sivuston k\u00e4yntien ja ostosten yhteydess\u00e4 saadut asiakkaan henkil\u00f6tiedot k\u00e4sitell\u00e4\u00e4n luottamuksellisina tietoina. Salongitoode O\u00dc ei luovuta kolmansille osapuolille niit\u00e4 tietoja,","og_url":"https:\/\/valika.eu\/fi\/isikuandmete-tootlemine\/","og_site_name":"Valika","article_publisher":"https:\/\/www.facebook.com\/tipsi.net","article_modified_time":"2023-11-02T13:09:02+00:00","og_image":[{"width":1220,"height":675,"url":"https:\/\/valika.eu\/wp-content\/uploads\/2023\/11\/yoast-pilt.jpg","type":"image\/jpeg"}],"twitter_card":"summary_large_image","schema":{"@context":"https:\/\/schema.org","@graph":[{"@type":"WebPage","@id":"https:\/\/valika.eu\/fi\/isikuandmete-tootlemine\/","url":"https:\/\/valika.eu\/fi\/isikuandmete-tootlemine\/","name":"Henkil\u00f6tietojen k\u00e4sittely | Valika","isPartOf":{"@id":"https:\/\/valika.eu\/fi\/#website"},"datePublished":"2023-11-01T13:43:56+00:00","dateModified":"2023-11-02T13:09:02+00:00","breadcrumb":{"@id":"https:\/\/valika.eu\/fi\/isikuandmete-tootlemine\/#breadcrumb"},"inLanguage":"fi","potentialAction":[{"@type":"ReadAction","target":[["https:\/\/valika.eu\/fi\/isikuandmete-tootlemine\/"]]}]},{"@type":"BreadcrumbList","@id":"https:\/\/valika.eu\/fi\/isikuandmete-tootlemine\/#breadcrumb","itemListElement":[{"@type":"ListItem","position":1,"name":"Koti","item":"https:\/\/valika.eu\/fi\/"},{"@type":"ListItem","position":2,"name":"Isikuandmete t\u00f6\u00f6tlemine"}]},{"@type":"WebSite","@id":"https:\/\/valika.eu\/fi\/#website","url":"https:\/\/valika.eu\/fi\/","name":"Valika.eu","description":"Salonkituotteet ja kauneudenhoitotuotteet - Valika tarjoaa laajan valikoiman tuotteita ja tarvikkeita kynsiteknikoille, kauneushoitoloille, kampaamoille ja kampaamoille.","publisher":{"@id":"https:\/\/valika.eu\/fi\/#organization"},"alternateName":"Valika","potentialAction":[{"@type":"SearchAction","target":{"@type":"EntryPoint","urlTemplate":"https:\/\/valika.eu\/fi\/?s={search_term_string}"},"query-input":{"@type":"PropertyValueSpecification","valueRequired":true,"valueName":"search_term_string"}}],"inLanguage":"fi"},{"@type":"Organization","@id":"https:\/\/valika.eu\/fi\/#organization","name":"Salongitoode O\u00dc","alternateName":"Valika","url":"https:\/\/valika.eu\/fi\/","logo":{"@type":"ImageObject","inLanguage":"fi","@id":"https:\/\/valika.eu\/fi\/#\/schema\/logo\/image\/","url":"https:\/\/valika.eu\/wp-content\/uploads\/2023\/11\/logo2-valika-footer.png","contentUrl":"https:\/\/valika.eu\/wp-content\/uploads\/2023\/11\/logo2-valika-footer.png","width":200,"height":129,"caption":"Salongitoode O\u00dc"},"image":{"@id":"https:\/\/valika.eu\/fi\/#\/schema\/logo\/image\/"},"sameAs":["https:\/\/www.facebook.com\/tipsi.net"]}]}},"jetpack_sharing_enabled":true,"_links":{"self":[{"href":"https:\/\/valika.eu\/fi\/wp-json\/wp\/v2\/pages\/27","targetHints":{"allow":["GET"]}}],"collection":[{"href":"https:\/\/valika.eu\/fi\/wp-json\/wp\/v2\/pages"}],"about":[{"href":"https:\/\/valika.eu\/fi\/wp-json\/wp\/v2\/types\/page"}],"author":[{"embeddable":true,"href":"https:\/\/valika.eu\/fi\/wp-json\/wp\/v2\/users\/2"}],"replies":[{"embeddable":true,"href":"https:\/\/valika.eu\/fi\/wp-json\/wp\/v2\/comments?post=27"}],"version-history":[{"count":3,"href":"https:\/\/valika.eu\/fi\/wp-json\/wp\/v2\/pages\/27\/revisions"}],"predecessor-version":[{"id":68,"href":"https:\/\/valika.eu\/fi\/wp-json\/wp\/v2\/pages\/27\/revisions\/68"}],"wp:attachment":[{"href":"https:\/\/valika.eu\/fi\/wp-json\/wp\/v2\/media?parent=27"}],"curies":[{"name":"wp","href":"https:\/\/api.w.org\/{rel}","templated":true}]}}