{"id":29,"date":"2023-11-02T07:56:43","date_gmt":"2023-11-02T07:56:43","guid":{"rendered":"https:\/\/valika.eu\/?page_id=29"},"modified":"2023-11-05T19:33:38","modified_gmt":"2023-11-05T17:33:38","slug":"tagastamisoigus","status":"publish","type":"page","link":"https:\/\/valika.eu\/fi\/tagastamisoigus\/","title":{"rendered":"Palautusoikeus"},"content":{"rendered":"<p><strong><span style=\"color: #000000;\">Salongitoode O\u00dc verkkokaupasta ostetuille tuotteille sovelletaan Viron tasavallan lains\u00e4\u00e4d\u00e4nn\u00f6n mukaisia takuuta ja palautusk\u00e4yt\u00e4nt\u00f6j\u00e4.<\/span><\/strong><\/p>\n<p><strong><span style=\"color: #000000;\">Ostetulle tuotteelle my\u00f6nnet\u00e4\u00e4n 14 p\u00e4iv\u00e4n palautusoikeus tuotteen vastaanottamisesta l\u00e4htien Viron velvoiteoikeuden 56 \u00a7:n mukaisesti.<\/span><\/strong><\/p>\n<p>&nbsp;<\/p>\n<p><strong><span style=\"color: #000000;\">1.1 Asiakkaan on ilmoitettava palautustoiveestaan 14 p\u00e4iv\u00e4n kuluessa tuotteen vastaanottamisesta s\u00e4hk\u00f6postitse osoitteeseen tipsinet@gmail.com.<\/span><\/strong><\/p>\n<p><strong><span style=\"color: #000000;\">1.2 Palautettavan tuotteen on oltava k\u00e4ytt\u00e4m\u00e4t\u00f6n, vahingoittumaton ja alkuper\u00e4ispakkauksessa.<\/span><\/strong><\/p>\n<p><strong><span style=\"color: #000000;\">1.3 Asiakas vastaa palautuskustannuksista, ellei palautuksen syyn\u00e4 ole tilatusta poikkeava tuote tai virheellinen tuote.<\/span><\/strong><\/p>\n<p><strong><span style=\"color: #000000;\">1.4 Salongitoode O\u00dc palauttaa rahan asiakkaalle 7 kalenterip\u00e4iv\u00e4n kuluessa tuotteen vastaanottamisesta. Palautus suoritetaan vasta sen j\u00e4lkeen, kun tuote on tarkastettu Salongitoode O\u00dc:n toimesta.<\/span><\/strong><\/p>\n<p><strong><span style=\"color: #000000;\">1.5 Mahdollisten reklamaatioiden yhteydess\u00e4 pyyd\u00e4mme l\u00e4hett\u00e4m\u00e4\u00e4n s\u00e4hk\u00f6postia osoitteeseen tipsinet@gmail.com<\/span><\/strong><br \/>\n<strong><span style=\"color: #000000;\">L\u00e4hetetyss\u00e4 viestiss\u00e4 pyyd\u00e4mme kuvaamaan mahdollisimman tarkasti, miss\u00e4 reklamaatio ilmenee, ja \u00e4lk\u00e4\u00e4 unohtako liitt\u00e4\u00e4 yhteystietoja.<\/span><\/strong><br \/>\n<strong><span style=\"color: #000000;\">Reklamaation tekij\u00e4\u00e4n otetaan yhteytt\u00e4 7 ty\u00f6p\u00e4iv\u00e4n kuluessa.<\/span><\/strong><\/p>\n<p><strong><span style=\"color: #000000;\">1.6 Asiakkaalla on mahdollisuus k\u00e4\u00e4nty\u00e4 kuluttajansuojaviraston kuluttajavalituslautakunnan puoleen, jonka teht\u00e4v\u00e4n\u00e4 on ratkaista sopimuksesta johtuvia riitoja.<\/span><\/strong><\/p>","protected":false},"excerpt":{"rendered":"<p>Salongitoode O\u00dc verkkokaupasta ostetuille tuotteille sovelletaan Viron tasavallan lains\u00e4\u00e4d\u00e4nn\u00f6n mukaisia takuuta ja palautusk\u00e4yt\u00e4nt\u00f6j\u00e4. Ostetulle tuotteelle my\u00f6nnet\u00e4\u00e4n 14 p\u00e4iv\u00e4n palautusoikeus tuotteen<\/p>\n","protected":false},"author":2,"featured_media":0,"parent":0,"menu_order":0,"comment_status":"closed","ping_status":"closed","template":"","meta":{"footnotes":""},"class_list":["post-29","page","type-page","status-publish","hentry"],"yoast_head":"<!-- This site is optimized with the Yoast SEO plugin v24.4 - https:\/\/yoast.com\/wordpress\/plugins\/seo\/ -->\n<title>Palautusoikeus | Valika<\/title>\n<meta name=\"robots\" content=\"index, follow, max-snippet:-1, max-image-preview:large, max-video-preview:-1\" \/>\n<link rel=\"canonical\" href=\"https:\/\/valika.eu\/fi\/tagastamisoigus\/\" \/>\n<meta property=\"og:locale\" content=\"fi_FI\" \/>\n<meta property=\"og:type\" content=\"article\" \/>\n<meta property=\"og:title\" content=\"Palautusoikeus | Valika\" \/>\n<meta property=\"og:description\" content=\"Salongitoode O\u00dc verkkokaupasta ostetuille tuotteille sovelletaan Viron tasavallan lains\u00e4\u00e4d\u00e4nn\u00f6n mukaisia takuuta ja palautusk\u00e4yt\u00e4nt\u00f6j\u00e4. Ostetulle tuotteelle my\u00f6nnet\u00e4\u00e4n 14 p\u00e4iv\u00e4n palautusoikeus tuotteen\" \/>\n<meta property=\"og:url\" content=\"https:\/\/valika.eu\/fi\/tagastamisoigus\/\" \/>\n<meta property=\"og:site_name\" content=\"Valika\" \/>\n<meta property=\"article:publisher\" content=\"https:\/\/www.facebook.com\/tipsi.net\" \/>\n<meta property=\"article:modified_time\" content=\"2023-11-05T17:33:38+00:00\" \/>\n<meta property=\"og:image\" content=\"https:\/\/valika.eu\/wp-content\/uploads\/2023\/11\/yoast-pilt.jpg\" \/>\n\t<meta property=\"og:image:width\" content=\"1220\" \/>\n\t<meta property=\"og:image:height\" content=\"675\" \/>\n\t<meta property=\"og:image:type\" content=\"image\/jpeg\" \/>\n<meta name=\"twitter:card\" content=\"summary_large_image\" \/>\n<script type=\"application\/ld+json\" class=\"yoast-schema-graph\">{\"@context\":\"https:\/\/schema.org\",\"@graph\":[{\"@type\":\"WebPage\",\"@id\":\"https:\/\/valika.eu\/fi\/tagastamisoigus\/\",\"url\":\"https:\/\/valika.eu\/fi\/tagastamisoigus\/\",\"name\":\"Palautusoikeus | Valika\",\"isPartOf\":{\"@id\":\"https:\/\/valika.eu\/fi\/#website\"},\"datePublished\":\"2023-11-02T07:56:43+00:00\",\"dateModified\":\"2023-11-05T17:33:38+00:00\",\"breadcrumb\":{\"@id\":\"https:\/\/valika.eu\/fi\/tagastamisoigus\/#breadcrumb\"},\"inLanguage\":\"fi\",\"potentialAction\":[{\"@type\":\"ReadAction\",\"target\":[[\"https:\/\/valika.eu\/fi\/tagastamisoigus\/\"]]}]},{\"@type\":\"BreadcrumbList\",\"@id\":\"https:\/\/valika.eu\/fi\/tagastamisoigus\/#breadcrumb\",\"itemListElement\":[{\"@type\":\"ListItem\",\"position\":1,\"name\":\"Koti\",\"item\":\"https:\/\/valika.eu\/fi\/\"},{\"@type\":\"ListItem\",\"position\":2,\"name\":\"Tagastamis\u00f5igus\"}]},{\"@type\":\"WebSite\",\"@id\":\"https:\/\/valika.eu\/fi\/#website\",\"url\":\"https:\/\/valika.eu\/fi\/\",\"name\":\"Valika.eu\",\"description\":\"Salonkituotteet ja kauneudenhoitotuotteet - Valika tarjoaa laajan valikoiman tuotteita ja tarvikkeita kynsiteknikoille, kauneushoitoloille, kampaamoille ja kampaamoille.\",\"publisher\":{\"@id\":\"https:\/\/valika.eu\/fi\/#organization\"},\"alternateName\":\"Valika\",\"potentialAction\":[{\"@type\":\"SearchAction\",\"target\":{\"@type\":\"EntryPoint\",\"urlTemplate\":\"https:\/\/valika.eu\/fi\/?s={search_term_string}\"},\"query-input\":{\"@type\":\"PropertyValueSpecification\",\"valueRequired\":true,\"valueName\":\"search_term_string\"}}],\"inLanguage\":\"fi\"},{\"@type\":\"Organization\",\"@id\":\"https:\/\/valika.eu\/fi\/#organization\",\"name\":\"Salongitoode O\u00dc\",\"alternateName\":\"Valika\",\"url\":\"https:\/\/valika.eu\/fi\/\",\"logo\":{\"@type\":\"ImageObject\",\"inLanguage\":\"fi\",\"@id\":\"https:\/\/valika.eu\/fi\/#\/schema\/logo\/image\/\",\"url\":\"https:\/\/valika.eu\/wp-content\/uploads\/2023\/11\/logo2-valika-footer.png\",\"contentUrl\":\"https:\/\/valika.eu\/wp-content\/uploads\/2023\/11\/logo2-valika-footer.png\",\"width\":200,\"height\":129,\"caption\":\"Salongitoode O\u00dc\"},\"image\":{\"@id\":\"https:\/\/valika.eu\/fi\/#\/schema\/logo\/image\/\"},\"sameAs\":[\"https:\/\/www.facebook.com\/tipsi.net\"]}]}<\/script>\n<!-- \/ Yoast SEO plugin. -->","yoast_head_json":{"title":"Palautusoikeus | Valika","robots":{"index":"index","follow":"follow","max-snippet":"max-snippet:-1","max-image-preview":"max-image-preview:large","max-video-preview":"max-video-preview:-1"},"canonical":"https:\/\/valika.eu\/fi\/tagastamisoigus\/","og_locale":"fi_FI","og_type":"article","og_title":"Palautusoikeus | Valika","og_description":"Salongitoode O\u00dc verkkokaupasta ostetuille tuotteille sovelletaan Viron tasavallan lains\u00e4\u00e4d\u00e4nn\u00f6n mukaisia takuuta ja palautusk\u00e4yt\u00e4nt\u00f6j\u00e4. Ostetulle tuotteelle my\u00f6nnet\u00e4\u00e4n 14 p\u00e4iv\u00e4n palautusoikeus tuotteen","og_url":"https:\/\/valika.eu\/fi\/tagastamisoigus\/","og_site_name":"Valika","article_publisher":"https:\/\/www.facebook.com\/tipsi.net","article_modified_time":"2023-11-05T17:33:38+00:00","og_image":[{"width":1220,"height":675,"url":"https:\/\/valika.eu\/wp-content\/uploads\/2023\/11\/yoast-pilt.jpg","type":"image\/jpeg"}],"twitter_card":"summary_large_image","schema":{"@context":"https:\/\/schema.org","@graph":[{"@type":"WebPage","@id":"https:\/\/valika.eu\/fi\/tagastamisoigus\/","url":"https:\/\/valika.eu\/fi\/tagastamisoigus\/","name":"Palautusoikeus | Valika","isPartOf":{"@id":"https:\/\/valika.eu\/fi\/#website"},"datePublished":"2023-11-02T07:56:43+00:00","dateModified":"2023-11-05T17:33:38+00:00","breadcrumb":{"@id":"https:\/\/valika.eu\/fi\/tagastamisoigus\/#breadcrumb"},"inLanguage":"fi","potentialAction":[{"@type":"ReadAction","target":[["https:\/\/valika.eu\/fi\/tagastamisoigus\/"]]}]},{"@type":"BreadcrumbList","@id":"https:\/\/valika.eu\/fi\/tagastamisoigus\/#breadcrumb","itemListElement":[{"@type":"ListItem","position":1,"name":"Koti","item":"https:\/\/valika.eu\/fi\/"},{"@type":"ListItem","position":2,"name":"Tagastamis\u00f5igus"}]},{"@type":"WebSite","@id":"https:\/\/valika.eu\/fi\/#website","url":"https:\/\/valika.eu\/fi\/","name":"Valika.eu","description":"Salonkituotteet ja kauneudenhoitotuotteet - Valika tarjoaa laajan valikoiman tuotteita ja tarvikkeita kynsiteknikoille, kauneushoitoloille, kampaamoille ja kampaamoille.","publisher":{"@id":"https:\/\/valika.eu\/fi\/#organization"},"alternateName":"Valika","potentialAction":[{"@type":"SearchAction","target":{"@type":"EntryPoint","urlTemplate":"https:\/\/valika.eu\/fi\/?s={search_term_string}"},"query-input":{"@type":"PropertyValueSpecification","valueRequired":true,"valueName":"search_term_string"}}],"inLanguage":"fi"},{"@type":"Organization","@id":"https:\/\/valika.eu\/fi\/#organization","name":"Salongitoode O\u00dc","alternateName":"Valika","url":"https:\/\/valika.eu\/fi\/","logo":{"@type":"ImageObject","inLanguage":"fi","@id":"https:\/\/valika.eu\/fi\/#\/schema\/logo\/image\/","url":"https:\/\/valika.eu\/wp-content\/uploads\/2023\/11\/logo2-valika-footer.png","contentUrl":"https:\/\/valika.eu\/wp-content\/uploads\/2023\/11\/logo2-valika-footer.png","width":200,"height":129,"caption":"Salongitoode O\u00dc"},"image":{"@id":"https:\/\/valika.eu\/fi\/#\/schema\/logo\/image\/"},"sameAs":["https:\/\/www.facebook.com\/tipsi.net"]}]}},"jetpack_sharing_enabled":true,"_links":{"self":[{"href":"https:\/\/valika.eu\/fi\/wp-json\/wp\/v2\/pages\/29","targetHints":{"allow":["GET"]}}],"collection":[{"href":"https:\/\/valika.eu\/fi\/wp-json\/wp\/v2\/pages"}],"about":[{"href":"https:\/\/valika.eu\/fi\/wp-json\/wp\/v2\/types\/page"}],"author":[{"embeddable":true,"href":"https:\/\/valika.eu\/fi\/wp-json\/wp\/v2\/users\/2"}],"replies":[{"embeddable":true,"href":"https:\/\/valika.eu\/fi\/wp-json\/wp\/v2\/comments?post=29"}],"version-history":[{"count":5,"href":"https:\/\/valika.eu\/fi\/wp-json\/wp\/v2\/pages\/29\/revisions"}],"predecessor-version":[{"id":110,"href":"https:\/\/valika.eu\/fi\/wp-json\/wp\/v2\/pages\/29\/revisions\/110"}],"wp:attachment":[{"href":"https:\/\/valika.eu\/fi\/wp-json\/wp\/v2\/media?parent=29"}],"curies":[{"name":"wp","href":"https:\/\/api.w.org\/{rel}","templated":true}]}}