{"id":31,"date":"2023-11-02T08:20:19","date_gmt":"2023-11-02T08:20:19","guid":{"rendered":"https:\/\/valika.eu\/?page_id=31"},"modified":"2025-07-02T04:41:28","modified_gmt":"2025-07-02T01:41:28","slug":"uldtingimused","status":"publish","type":"page","link":"https:\/\/valika.eu\/fi\/uldtingimused\/","title":{"rendered":"Yleiset ehdot, Verot ja tilaus arvonlis\u00e4verottomasti (alv 0%)"},"content":{"rendered":"<p><\/p>\n<div class=\"h3\">Verot ja tilaus arvonlis\u00e4verottomasti (alv 0%)<\/div>\n<p>Hinnat, jotka n\u00e4kyv\u00e4t oletusarvoisesti Verkkokaupassa, sis\u00e4lt\u00e4v\u00e4t Viron arvonlis\u00e4veron (24 %). Alv muuttuu, kun asiakkaan toimitusosoite on myyj\u00e4n maan (Viron) ulkopuolella.<\/p>\n<p><strong>Toimitus Suomeen tai toiseen Euroopan unionin maahan..<\/strong><br \/>\nHinnat sis\u00e4lt\u00e4v\u00e4t kohdemaan standardin arvonlis\u00e4veron sek\u00e4 yksityishenkil\u00f6ille ett\u00e4 yrityksille ilman alv-numeroa. Alvilla varustetut hinnat ovat samat kaikille yksityishenkil\u00f6ille, jotka tilaavat EU:n talousalueella.<\/p>\n<p>Yritykset, joilla on voimassa oleva alv-numero, tilaavat alv 0 %. Alv v\u00e4hennet\u00e4\u00e4n hinnoista automaattisesti t\u00e4ytetty\u00e4si alv-numeron kassa sivulla. K\u00e4yt\u00e4mme VIES-arvonlis\u00e4veronumeron tarkistusta varmistaaksemme alv-numeron voimassaolon.<\/p>\n<p><strong>Tilaaminen alv 0 %:lla Suomeen tai toiseen Euroopan unionin maahan.<\/strong><\/p>\n<ol>\n<li>Lis\u00e4\u00e4 tuotteet ostoskoriin ja siirry kassalle.<\/li>\n<li>Kirjoita toimitusosoitetietosi ja t\u00e4yt\u00e4 &#8220;VAT-nro tarkistus&#8221; -kentt\u00e4 alv-numerollasi. \u00c4l\u00e4 unohda sis\u00e4llytt\u00e4\u00e4 maakoodia (esim. &#8220;FI99999999&#8221; Suomea varten).<\/li>\n<li>Alv-numero tarkistetaan automaattisesti.<\/li>\n<li>Jos alv-numero on voimassa, alv v\u00e4hennet\u00e4\u00e4n ja vero n\u00e4ytet\u00e4\u00e4n 0 %.<\/li>\n<li>Viimeistele tilauksesi valitsemalla sopiva toimitus- ja maksutapa.<\/li>\n<\/ol>\n<p><strong>1. Yleiset ehdot<\/strong><\/p>\n<p>1.1 Yleiset ehdot s\u00e4\u00e4ntelev\u00e4t ostojen tekemisen menettely\u00e4 sek\u00e4 ostajan (jatkossa asiakas) ja Salongitoode O\u00dc -rekisterinumero 12319770 (jatkossa myyj\u00e4) v\u00e4lisi\u00e4 oikeussuhteita.<br \/>\nYleiset ehdot ovat sovellettavissa, kun asiakas tekee ostoksia verkkokaupan www.valika.eu kautta.<\/p>\n<p>1.2 Yleisten ehtojen lis\u00e4ksi asiakkaan ja myyj\u00e4n suhteita s\u00e4\u00e4nnell\u00e4\u00e4n myyj\u00e4n m\u00e4\u00e4rittelemien hintojen perusteella ja ne ovat sopusoinnussa<br \/>\nViron tasavallan lains\u00e4\u00e4d\u00e4nn\u00f6ss\u00e4 asetettujen yleisten vaatimusten ja normien kanssa.<\/p>\n<p>1.3 Myyj\u00e4ll\u00e4 on oikeus yksipuolisesti muuttaa yleisi\u00e4 ehtoja, tarjottavaa tuotevalikoimaa ja hintaa. Kaikki muutokset tulevat voimaan heti, kun ne julkaistaan myyj\u00e4n verkkosivustolla osoitteessa www.valika.eu.<br \/>\nMuutosten voimaantuloon asti esitetyille tilauksille sovelletaan tilauksen vahvistamishetkell\u00e4 voimassa olevia ehtoja.<\/p>\n<p><strong>2. Hinnat<\/strong><\/p>\n<p>2.1 Verkkokaupassa myyt\u00e4vien tuotteiden hinnat on ilmoitettu euroina ja ne sis\u00e4lt\u00e4v\u00e4t 22 % arvonlis\u00e4veron eiv\u00e4tk\u00e4 ne sis\u00e4ll\u00e4 kuljetuskustannuksia.<br \/>\nKuljetuskustannuksia voi tarkastella valikossa &#8220;Toimitus&#8221;.<\/p>\n<p>3 Ostoskori ja tilauksen tekeminen<\/p>\n<p>3.1 Asiakas valitsee haluamansa tuotteen ja luo ostoskorin painamalla &#8220;Lis\u00e4\u00e4 ostoskoriin&#8221; -linkki\u00e4.<\/p>\n<p>3.2 &#8220;Tilauksen tekeminen&#8221; -valikossa asiakasta pyydet\u00e4\u00e4n antamaan tarvittavat tiedot ja painamaan &#8220;Tilauksen vahvistus&#8221; -painiketta.<br \/>\nT\u00e4m\u00e4n j\u00e4lkeen tilaustiedot l\u00e4hetet\u00e4\u00e4n s\u00e4hk\u00f6postiosoitteeseen, jonka asiakas on aiemmin ilmoittanut.<\/p>\n<p>3.3 Myyntisopimus katsotaan tehdyksi ja tilauksen k\u00e4sittely alkaa heti, kun asiakas on maksanut 100 % tilausvahvistuksesta.<\/p>\n<p><strong>4.Maksu<\/strong><\/p>\n<p>4.1 &#8220;Tilauksen vahvistus&#8221; -linkin painamisen j\u00e4lkeen tilaustiedot ja myyj\u00e4n maksutiedot l\u00e4hetet\u00e4\u00e4n s\u00e4hk\u00f6postiosoitteeseen, jonka asiakas on aiemmin ilmoittanut tilauksessa.<\/p>\n<p>4.2 Asiakkaalle l\u00e4hetet\u00e4\u00e4n lasku h\u00e4nen s\u00e4hk\u00f6postiosoitteeseensa. Asiakas voi maksaa laskun pankkilinkkien avulla.<\/p>\n<p>4.3 Tilaus k\u00e4sitell\u00e4\u00e4n, kun siit\u00e4 on maksettu 100 % laskun kokonaissummasta.<\/p>\n<p>4.4 Mik\u00e4li tilausta ei ole maksettu 1 arkip\u00e4iv\u00e4n kuluessa laskun esitt\u00e4misest\u00e4, tilaus peruutetaan automaattisesti.<\/p>\n<p><strong>5. Tuotteen toimitus ja luovutus<\/strong><\/p>\n<p>5.1 Myyj\u00e4 kokoaa tilauksen voimaan tulleen myyntisopimuksen (asiakkaan suorittaman laskun maksaminen) j\u00e4lkeen ja luovuttaa sen toimitettavaksi logistiikkakumppaneillemme.<\/p>\n<p>5.2 Verkkosivustolla n\u00e4kyv\u00e4t toimitusajat ovat voimassa laskun maksamishetkest\u00e4.<\/p>\n<p>5.3 Asiakkaan on ilmoitettava v\u00e4litt\u00f6m\u00e4sti ennen tuotteen toimittamista Salongitoode O\u00dc:lle muutoksista kohdepaikkaan tai sovittuun aikaan.<\/p>\n<p>5.4 Toimituksen viiv\u00e4stymisen ja ep\u00e4selvyyksien v\u00e4ltt\u00e4miseksi on t\u00e4rke\u00e4\u00e4, ett\u00e4 tilauksen antamat tiedot ovat tarkkoja ja oikeita.<br \/>\nSalongitoode O\u00dc ei vastaa tuotteiden toimituksen viiv\u00e4stymisest\u00e4 ja aiheutuneista ep\u00e4selvyyksist\u00e4, jos viiv\u00e4styminen tai ep\u00e4selvyys johtuu asiakkaan toimitustietojen virheellisyydest\u00e4 tilausta tehdess\u00e4.<\/p>\n<p>5.5 Tuotteet, jotka ovat vahingoittuneet kuljetuksen aikana, jos tuotteet, mutta ei tuotepakkaukset, ovat vaurioituneet, korvataan asiakkaalle. Jos vahinkoja ei voida korvata, tarjoamme vahingoittuneen tuotteen hinnan korvaamista.<\/p>\n<p><strong>6.Tilauksen peruuttaminen ja tuotteen palautus<\/strong><\/p>\n<p>6.1 Maksun suorittamisen j\u00e4lkeen asiakkaalla on oikeus peruuttaa tilaus l\u00e4hett\u00e4m\u00e4ll\u00e4 s\u00e4hk\u00f6postia myyj\u00e4lle osoitteeseen tipsinet@gmail.com ja ilmoittamalla asiakkaan pankkitilin ja tilausnumeron.<br \/>\nEnnakkomaksu palautetaan asiakkaan pankkitilille 7 kalenterip\u00e4iv\u00e4n kuluessa peruutuskirjeen vastaanottamisesta.<\/p>\n<p>6.2 Mik\u00e4li verkkokaupasta tilattu tuote ei vastaa asiakkaan odotuksia, asiakkaalla on oikeus palauttaa tuote 14 p\u00e4iv\u00e4n kuluessa tuotteen vastaanottamisesta, edellytt\u00e4en ett\u00e4 tuotetta ei ole k\u00e4ytetty ja se palautetaan alkuper\u00e4ispakkauksessa.<br \/>\nRahan palautus suoritetaan pankkisiirrolla 7 kalenterip\u00e4iv\u00e4n kuluessa tuotteen palauttamisesta.<br \/>\nJos tuote palautetaan t\u00e4ss\u00e4 kohdassa kuvatulla perusteella, asiakas voi korvata palautuskulut enint\u00e4\u00e4n 250 euron arvosta.<\/p>\n<p>6.3 Myyj\u00e4 vastaa tuotteen palautukseen liittyvist\u00e4 kuljetuskustannuksista, jos vikaa ei voitu havaita paketin ensisilm\u00e4yksell\u00e4,<br \/>\nvaan vasta sen avaamisen j\u00e4lkeen, tai jos tuote oli vaurioitunut kuljetuksen aikana, tai jos tuote ei vastaa asiakkaan tilausta.<\/p>\n<p>6.4 Myyj\u00e4 pid\u00e4tt\u00e4\u00e4 oikeuden olla vastaanottamatta palautettua tuotetta kohdissa 6.1 ja 6.2 m\u00e4\u00e4riteltyjen ehtojen mukaisesti,<br \/>\njos tuote oli valmistettu erikoistilauksena tai -projektina ja sen vastaavuus asiakkaan toiveisiin oli vahvistettu tilausta teht\u00e4ess\u00e4.<\/p>\n<p>6.5 Myyj\u00e4ll\u00e4 on oikeus laskea uudelleen tuotteen hinta, jos tuote oli vahingoittunut asiakkaan ei-tarkoituksenmukaisen tai v\u00e4\u00e4r\u00e4n k\u00e4yt\u00f6n seurauksena.<br \/>\nJos asiakas ei ole tyytyv\u00e4inen hintojen uudelleenlaskemiseen, h\u00e4nell\u00e4 on oikeus k\u00e4ytt\u00e4\u00e4 riippumattoman asiantuntijan arviota.<\/p>\n<p><strong>7. Takuu ja tuotteen palautus, joka ei vastaa vaatimuksia<\/strong><\/p>\n<p>7.1 Asiakkaalla on oikeus tehd\u00e4 valitus myyj\u00e4lle 2 (kaksi) vuoden kuluessa siit\u00e4, kun tuote on toimitettu, jos tuotteessa oli vika\/virhe jo kaupan vahvistamishetkell\u00e4, vaikka se havaittiin my\u00f6hemmin.<br \/>\nKuluttajakaupassa oletetaan, ett\u00e4 ensimm\u00e4isen vuoden aikana tuotteen ostajalle luovutuksen yhteydess\u00e4 ilmennyt tuotetta koskeva sopimusvelvoitteiden noudattamatta j\u00e4tt\u00e4minen oli olemassa tuotteen luovutushetkell\u00e4,<br \/>\njos t\u00e4llainen oletus ei ole ristiriidassa tuotteen tai vian olemuksen kanssa. (Consumer Protection Act, Section 218) (22). [Official Journal I, 24.11.2021, 1 &#8211; effective 01.01.2022]<br \/>\nEnsimm\u00e4isen vuoden aikana myyj\u00e4n on osoitettava, ett\u00e4 kyseess\u00e4 ei ole tuotantovika. Seuraavan vuoden ajan asiakkaan on osoitettava, ett\u00e4 kyseess\u00e4 on tuotantovika.<br \/>\nLaskulla toimitettu s\u00e4hk\u00f6posti toimii takuukuittina tuotteesta. 7.2 Jos tuotteessa on valmistusvirhe, kuluttajalla on oikeus vaatia tuotteen korjaamista tai jos korjaaminen ei ole tehokasta, tuotteen vaihtamista.<br \/>\nJos tuotetta voidaan korjata, kuluttajalla ei ole oikeutta vaatia sen vaihtamista, koska se ei olisi j\u00e4rkev\u00e4\u00e4 myyj\u00e4n kannalta.<br \/>\nKuluttajalla on oikeus vaatia rahojen palauttamista vain silloin, kun tuotteen vaihtaminen ei ole mahdollista kohtuullisessa ajassa (Consumer Protection Act, Section 222, paragraph 1, point 11).<br \/>\n7.3 Vian havaitessaan asiakkaan on ilmoitettava siit\u00e4 myyj\u00e4lle s\u00e4hk\u00f6postitse. Ilmoituksen yhteydess\u00e4 on toimitettava kuvia, joissa tuotteen vika(t) n\u00e4kyv\u00e4t selke\u00e4sti.<br \/>\n7.4 Salongitoode O\u00dc ei vastaa: Asiakkaan aiheuttamasta tuotteen vaurioitumisesta tai huolimattomuudesta. Tuotteen luonnollisesta fyysisest\u00e4 kulumisesta normaalin k\u00e4yt\u00f6n aikana.<br \/>\nTuotteen puutteista, jotka ovat johtuneet tuotteen ep\u00e4asianmukaisesta tai ei-tarkoituksenmukaisesta asentamisesta, k\u00e4yt\u00f6st\u00e4 ja\/tai hoidosta asiakkaan puolelta.<br \/>\nHankitut mekaaniset vauriot eiv\u00e4t ole valmistusvikoja eiv\u00e4tk\u00e4 kuulu takuupalvelun piiriin!<\/p>\n<p><strong>8. Uintivastuu ja Ylivoimainen este (Force Majeure)<\/strong><\/p>\n<p>8.1 Myyj\u00e4 on vastuussa Asiakkaalle ja Asiakas on vastuussa Myyj\u00e4lle yleisten ehtojen rikkomusten tapauksessa sellaisessa m\u00e4\u00e4r\u00e4ss\u00e4, joka on m\u00e4\u00e4ritelty Viron tasavallan voimassa olevien lakien mukaisesti.<\/p>\n<p>8.2 Osapuolet vapautetaan vastuusta, mik\u00e4li he eiv\u00e4t kykene t\u00e4ytt\u00e4m\u00e4\u00e4n ottamiaan velvoitteita yleisten ehtojen mukaisesti sellaisista syist\u00e4,<br \/>\njotka luetaan ylivoimaiseksi esteeksi, nimitt\u00e4in: luonnonkatastrofit, epidemioiden, r\u00e4j\u00e4hdykset, tulipalot ja muut poikkeukselliset tapahtumat.<\/p>\n<p>8.3 Moraalista vahinkoa, jonka Asiakas voi kokea tuotteen toimituksen viiv\u00e4styess\u00e4, Myyj\u00e4 ei korvaa n\u00e4iss\u00e4 yleisiss\u00e4 ehdoissa.<\/p>\n<p><strong>9.Muut ehdot<\/strong><\/p>\n<p>9.1 Myyj\u00e4 sitoutuu olemaan luovuttamatta Asiakkaan henkil\u00f6tietoja kolmansille osapuolille, lukuun ottamatta laissa m\u00e4\u00e4r\u00e4ttyj\u00e4 tapauksia.<\/p>\n<p>9.2 Myyj\u00e4ll\u00e4 on oikeus informoida Asiakasta uusista palveluista, mainoskampanjoista ja tarjouksista.<br \/>\nAsiakkaalla on oikeus vaatia tietojensa poistamista tietokannasta ilmoittamalla siit\u00e4 Myyj\u00e4lle s\u00e4hk\u00f6postitse.<\/p>\n<p>9.3 Yleisten ehtojen noudattamisen aikana syntyv\u00e4t riidat pyrit\u00e4\u00e4n ratkaisemaan osapuolten keskin\u00e4isin neuvotteluin.<br \/>\nMik\u00e4li neuvottelujen aikana ei p\u00e4\u00e4st\u00e4 sopimukseen, Osapuolilla on oikeus ratkaista riita Viron tasavallan lains\u00e4\u00e4d\u00e4nn\u00f6n m\u00e4\u00e4r\u00e4\u00e4m\u00e4ll\u00e4 tavalla.<\/p>","protected":false},"excerpt":{"rendered":"<p>Verot ja tilaus arvonlis\u00e4verottomasti (alv 0%) Hinnat, jotka n\u00e4kyv\u00e4t oletusarvoisesti Verkkokaupassa, sis\u00e4lt\u00e4v\u00e4t Viron arvonlis\u00e4veron (24 %). Alv muuttuu, kun asiakkaan<\/p>\n","protected":false},"author":2,"featured_media":0,"parent":0,"menu_order":0,"comment_status":"closed","ping_status":"closed","template":"","meta":{"footnotes":""},"class_list":["post-31","page","type-page","status-publish","hentry"],"yoast_head":"<!-- This site is optimized with the Yoast SEO plugin v24.4 - https:\/\/yoast.com\/wordpress\/plugins\/seo\/ -->\n<title>Yleiset ehdot, Verot ja tilaus arvonlis\u00e4verottomasti (alv 0%) | Valika<\/title>\n<meta name=\"robots\" content=\"index, follow, max-snippet:-1, max-image-preview:large, max-video-preview:-1\" \/>\n<link rel=\"canonical\" href=\"https:\/\/valika.eu\/fi\/uldtingimused\/\" \/>\n<meta property=\"og:locale\" content=\"fi_FI\" \/>\n<meta property=\"og:type\" content=\"article\" \/>\n<meta property=\"og:title\" content=\"Yleiset ehdot, Verot ja tilaus arvonlis\u00e4verottomasti (alv 0%) | Valika\" \/>\n<meta property=\"og:description\" content=\"Verot ja tilaus arvonlis\u00e4verottomasti (alv 0%) Hinnat, jotka n\u00e4kyv\u00e4t oletusarvoisesti Verkkokaupassa, sis\u00e4lt\u00e4v\u00e4t Viron arvonlis\u00e4veron (24 %). Alv muuttuu, kun asiakkaan\" \/>\n<meta property=\"og:url\" content=\"https:\/\/valika.eu\/fi\/uldtingimused\/\" \/>\n<meta property=\"og:site_name\" content=\"Valika\" \/>\n<meta property=\"article:publisher\" content=\"https:\/\/www.facebook.com\/tipsi.net\" \/>\n<meta property=\"article:modified_time\" content=\"2025-07-02T01:41:28+00:00\" \/>\n<meta property=\"og:image\" content=\"https:\/\/valika.eu\/wp-content\/uploads\/2023\/11\/yoast-pilt.jpg\" \/>\n\t<meta property=\"og:image:width\" content=\"1220\" \/>\n\t<meta property=\"og:image:height\" content=\"675\" \/>\n\t<meta property=\"og:image:type\" content=\"image\/jpeg\" \/>\n<meta name=\"twitter:card\" content=\"summary_large_image\" \/>\n<script type=\"application\/ld+json\" class=\"yoast-schema-graph\">{\"@context\":\"https:\/\/schema.org\",\"@graph\":[{\"@type\":\"WebPage\",\"@id\":\"https:\/\/valika.eu\/fi\/uldtingimused\/\",\"url\":\"https:\/\/valika.eu\/fi\/uldtingimused\/\",\"name\":\"Yleiset ehdot, Verot ja tilaus arvonlis\u00e4verottomasti (alv 0%) | Valika\",\"isPartOf\":{\"@id\":\"https:\/\/valika.eu\/fi\/#website\"},\"datePublished\":\"2023-11-02T08:20:19+00:00\",\"dateModified\":\"2025-07-02T01:41:28+00:00\",\"breadcrumb\":{\"@id\":\"https:\/\/valika.eu\/fi\/uldtingimused\/#breadcrumb\"},\"inLanguage\":\"fi\",\"potentialAction\":[{\"@type\":\"ReadAction\",\"target\":[[\"https:\/\/valika.eu\/fi\/uldtingimused\/\"]]}]},{\"@type\":\"BreadcrumbList\",\"@id\":\"https:\/\/valika.eu\/fi\/uldtingimused\/#breadcrumb\",\"itemListElement\":[{\"@type\":\"ListItem\",\"position\":1,\"name\":\"Koti\",\"item\":\"https:\/\/valika.eu\/fi\/\"},{\"@type\":\"ListItem\",\"position\":2,\"name\":\"General Conditions, Orders Without Value Added Tax (VAT 0%)\"}]},{\"@type\":\"WebSite\",\"@id\":\"https:\/\/valika.eu\/fi\/#website\",\"url\":\"https:\/\/valika.eu\/fi\/\",\"name\":\"Valika.eu\",\"description\":\"Salonkituotteet ja kauneudenhoitotuotteet - Valika tarjoaa laajan valikoiman tuotteita ja tarvikkeita kynsiteknikoille, kauneushoitoloille, kampaamoille ja kampaamoille.\",\"publisher\":{\"@id\":\"https:\/\/valika.eu\/fi\/#organization\"},\"alternateName\":\"Valika\",\"potentialAction\":[{\"@type\":\"SearchAction\",\"target\":{\"@type\":\"EntryPoint\",\"urlTemplate\":\"https:\/\/valika.eu\/fi\/?s={search_term_string}\"},\"query-input\":{\"@type\":\"PropertyValueSpecification\",\"valueRequired\":true,\"valueName\":\"search_term_string\"}}],\"inLanguage\":\"fi\"},{\"@type\":\"Organization\",\"@id\":\"https:\/\/valika.eu\/fi\/#organization\",\"name\":\"Salongitoode O\u00dc\",\"alternateName\":\"Valika\",\"url\":\"https:\/\/valika.eu\/fi\/\",\"logo\":{\"@type\":\"ImageObject\",\"inLanguage\":\"fi\",\"@id\":\"https:\/\/valika.eu\/fi\/#\/schema\/logo\/image\/\",\"url\":\"https:\/\/valika.eu\/wp-content\/uploads\/2023\/11\/logo2-valika-footer.png\",\"contentUrl\":\"https:\/\/valika.eu\/wp-content\/uploads\/2023\/11\/logo2-valika-footer.png\",\"width\":200,\"height\":129,\"caption\":\"Salongitoode O\u00dc\"},\"image\":{\"@id\":\"https:\/\/valika.eu\/fi\/#\/schema\/logo\/image\/\"},\"sameAs\":[\"https:\/\/www.facebook.com\/tipsi.net\"]}]}<\/script>\n<!-- \/ Yoast SEO plugin. -->","yoast_head_json":{"title":"Yleiset ehdot, Verot ja tilaus arvonlis\u00e4verottomasti (alv 0%) | Valika","robots":{"index":"index","follow":"follow","max-snippet":"max-snippet:-1","max-image-preview":"max-image-preview:large","max-video-preview":"max-video-preview:-1"},"canonical":"https:\/\/valika.eu\/fi\/uldtingimused\/","og_locale":"fi_FI","og_type":"article","og_title":"Yleiset ehdot, Verot ja tilaus arvonlis\u00e4verottomasti (alv 0%) | Valika","og_description":"Verot ja tilaus arvonlis\u00e4verottomasti (alv 0%) Hinnat, jotka n\u00e4kyv\u00e4t oletusarvoisesti Verkkokaupassa, sis\u00e4lt\u00e4v\u00e4t Viron arvonlis\u00e4veron (24 %). Alv muuttuu, kun asiakkaan","og_url":"https:\/\/valika.eu\/fi\/uldtingimused\/","og_site_name":"Valika","article_publisher":"https:\/\/www.facebook.com\/tipsi.net","article_modified_time":"2025-07-02T01:41:28+00:00","og_image":[{"width":1220,"height":675,"url":"https:\/\/valika.eu\/wp-content\/uploads\/2023\/11\/yoast-pilt.jpg","type":"image\/jpeg"}],"twitter_card":"summary_large_image","schema":{"@context":"https:\/\/schema.org","@graph":[{"@type":"WebPage","@id":"https:\/\/valika.eu\/fi\/uldtingimused\/","url":"https:\/\/valika.eu\/fi\/uldtingimused\/","name":"Yleiset ehdot, Verot ja tilaus arvonlis\u00e4verottomasti (alv 0%) | Valika","isPartOf":{"@id":"https:\/\/valika.eu\/fi\/#website"},"datePublished":"2023-11-02T08:20:19+00:00","dateModified":"2025-07-02T01:41:28+00:00","breadcrumb":{"@id":"https:\/\/valika.eu\/fi\/uldtingimused\/#breadcrumb"},"inLanguage":"fi","potentialAction":[{"@type":"ReadAction","target":[["https:\/\/valika.eu\/fi\/uldtingimused\/"]]}]},{"@type":"BreadcrumbList","@id":"https:\/\/valika.eu\/fi\/uldtingimused\/#breadcrumb","itemListElement":[{"@type":"ListItem","position":1,"name":"Koti","item":"https:\/\/valika.eu\/fi\/"},{"@type":"ListItem","position":2,"name":"General Conditions, Orders Without Value Added Tax (VAT 0%)"}]},{"@type":"WebSite","@id":"https:\/\/valika.eu\/fi\/#website","url":"https:\/\/valika.eu\/fi\/","name":"Valika.eu","description":"Salonkituotteet ja kauneudenhoitotuotteet - Valika tarjoaa laajan valikoiman tuotteita ja tarvikkeita kynsiteknikoille, kauneushoitoloille, kampaamoille ja kampaamoille.","publisher":{"@id":"https:\/\/valika.eu\/fi\/#organization"},"alternateName":"Valika","potentialAction":[{"@type":"SearchAction","target":{"@type":"EntryPoint","urlTemplate":"https:\/\/valika.eu\/fi\/?s={search_term_string}"},"query-input":{"@type":"PropertyValueSpecification","valueRequired":true,"valueName":"search_term_string"}}],"inLanguage":"fi"},{"@type":"Organization","@id":"https:\/\/valika.eu\/fi\/#organization","name":"Salongitoode O\u00dc","alternateName":"Valika","url":"https:\/\/valika.eu\/fi\/","logo":{"@type":"ImageObject","inLanguage":"fi","@id":"https:\/\/valika.eu\/fi\/#\/schema\/logo\/image\/","url":"https:\/\/valika.eu\/wp-content\/uploads\/2023\/11\/logo2-valika-footer.png","contentUrl":"https:\/\/valika.eu\/wp-content\/uploads\/2023\/11\/logo2-valika-footer.png","width":200,"height":129,"caption":"Salongitoode O\u00dc"},"image":{"@id":"https:\/\/valika.eu\/fi\/#\/schema\/logo\/image\/"},"sameAs":["https:\/\/www.facebook.com\/tipsi.net"]}]}},"jetpack_sharing_enabled":true,"_links":{"self":[{"href":"https:\/\/valika.eu\/fi\/wp-json\/wp\/v2\/pages\/31","targetHints":{"allow":["GET"]}}],"collection":[{"href":"https:\/\/valika.eu\/fi\/wp-json\/wp\/v2\/pages"}],"about":[{"href":"https:\/\/valika.eu\/fi\/wp-json\/wp\/v2\/types\/page"}],"author":[{"embeddable":true,"href":"https:\/\/valika.eu\/fi\/wp-json\/wp\/v2\/users\/2"}],"replies":[{"embeddable":true,"href":"https:\/\/valika.eu\/fi\/wp-json\/wp\/v2\/comments?post=31"}],"version-history":[{"count":21,"href":"https:\/\/valika.eu\/fi\/wp-json\/wp\/v2\/pages\/31\/revisions"}],"predecessor-version":[{"id":15192,"href":"https:\/\/valika.eu\/fi\/wp-json\/wp\/v2\/pages\/31\/revisions\/15192"}],"wp:attachment":[{"href":"https:\/\/valika.eu\/fi\/wp-json\/wp\/v2\/media?parent=31"}],"curies":[{"name":"wp","href":"https:\/\/api.w.org\/{rel}","templated":true}]}}