{"id":73,"date":"2023-11-03T08:37:08","date_gmt":"2023-11-03T08:37:08","guid":{"rendered":"https:\/\/valika.eu\/?page_id=73"},"modified":"2025-02-14T12:50:58","modified_gmt":"2025-02-14T10:50:58","slug":"kontakt","status":"publish","type":"page","link":"https:\/\/valika.eu\/fi\/kontakt\/","title":{"rendered":"Ota yhteytt\u00e4"},"content":{"rendered":"<p>Myym\u00e4l\u00e4:<br \/>\nK\u00e4rberi 18 \/ Tallinn<\/p>\n<p>Avoinna: Ma-Pe: 10:00 &#8211; 16:00 La-Pe: suljettu.<\/p>\n<p>Ilmainen pys\u00e4k\u00f6inti!<\/p>\n<p><img loading=\"lazy\" decoding=\"async\" class=\"alignnone size-medium wp-image-148\" src=\"https:\/\/valika.eu\/wp-content\/uploads\/2023\/11\/karberi_18_lasnam_e_UUS_UUS-300x106.jpg\" alt=\"\" width=\"300\" height=\"106\" srcset=\"https:\/\/valika.eu\/wp-content\/uploads\/2023\/11\/karberi_18_lasnam_e_UUS_UUS-300x106.jpg 300w, https:\/\/valika.eu\/wp-content\/uploads\/2023\/11\/karberi_18_lasnam_e_UUS_UUS-150x53.jpg 150w, https:\/\/valika.eu\/wp-content\/uploads\/2023\/11\/karberi_18_lasnam_e_UUS_UUS.jpg 678w\" sizes=\"auto, (max-width: 300px) 100vw, 300px\" \/><\/p>\n<p>Puhelin:<\/p>\n<p>+372 56693172<\/p>\n<p>+372 55580607<\/p>\n<p><img loading=\"lazy\" decoding=\"async\" class=\"alignnone size-medium wp-image-150\" src=\"https:\/\/valika.eu\/wp-content\/uploads\/2023\/11\/valika.eu_shop-300x144.jpg\" alt=\"\" width=\"300\" height=\"144\" srcset=\"https:\/\/valika.eu\/wp-content\/uploads\/2023\/11\/valika.eu_shop-300x144.jpg 300w, https:\/\/valika.eu\/wp-content\/uploads\/2023\/11\/valika.eu_shop-150x72.jpg 150w, https:\/\/valika.eu\/wp-content\/uploads\/2023\/11\/valika.eu_shop-1100x529.jpg 1100w, https:\/\/valika.eu\/wp-content\/uploads\/2023\/11\/valika.eu_shop-1024x492.jpg 1024w, https:\/\/valika.eu\/wp-content\/uploads\/2023\/11\/valika.eu_shop-768x369.jpg 768w, https:\/\/valika.eu\/wp-content\/uploads\/2023\/11\/valika.eu_shop-1536x739.jpg 1536w, https:\/\/valika.eu\/wp-content\/uploads\/2023\/11\/valika.eu_shop-2048x985.jpg 2048w\" sizes=\"auto, (max-width: 300px) 100vw, 300px\" \/><\/p>\n<p>Yrityksen tiedot;<\/p>\n<p>]<strong>Salongitoode O\u00dc<\/strong><\/p>\n<ul>\n<li>Rekisterinumero: 12319770<\/li>\n<li>alv-rekisterinumero: EE101654957<\/li>\n<li>Osoite: K\u00e4rberi 18, Tallinna, 13919, Viro.<\/li>\n<li>S\u00e4hk\u00f6posti: tipsinet@gmail.com<\/li>\n<li>Puh. +372 56693172<\/li>\n<li>Puh. +372 55580607<\/li>\n<li>AS SEB: EE551010220209639220<\/li>\n<li>Swedbank AS: EE94220022105555577516<\/li>\n<li>SWIFT\/BIC: HABAEE2X<\/li>\n<\/ul>\n<p>&nbsp;<\/p>","protected":false},"excerpt":{"rendered":"<p>Myym\u00e4l\u00e4: K\u00e4rberi 18 \/ Tallinn Avoinna: Ma-Pe: 10:00 &#8211; 16:00 La-Pe: suljettu. Ilmainen pys\u00e4k\u00f6inti! Puhelin: +372 56693172 +372 55580607 Yrityksen<\/p>\n","protected":false},"author":2,"featured_media":0,"parent":0,"menu_order":0,"comment_status":"closed","ping_status":"closed","template":"","meta":{"footnotes":""},"class_list":["post-73","page","type-page","status-publish","hentry"],"yoast_head":"<!-- This site is optimized with the Yoast SEO plugin v24.4 - https:\/\/yoast.com\/wordpress\/plugins\/seo\/ -->\n<title>Ota yhteytt\u00e4 | Valika<\/title>\n<meta name=\"robots\" content=\"index, follow, max-snippet:-1, max-image-preview:large, max-video-preview:-1\" \/>\n<link rel=\"canonical\" href=\"https:\/\/valika.eu\/fi\/kontakt\/\" \/>\n<meta property=\"og:locale\" content=\"fi_FI\" \/>\n<meta property=\"og:type\" content=\"article\" \/>\n<meta property=\"og:title\" content=\"Ota yhteytt\u00e4 | Valika\" \/>\n<meta property=\"og:description\" content=\"Myym\u00e4l\u00e4: K\u00e4rberi 18 \/ Tallinn Avoinna: Ma-Pe: 10:00 &#8211; 16:00 La-Pe: suljettu. Ilmainen pys\u00e4k\u00f6inti! Puhelin: +372 56693172 +372 55580607 Yrityksen\" \/>\n<meta property=\"og:url\" content=\"https:\/\/valika.eu\/fi\/kontakt\/\" \/>\n<meta property=\"og:site_name\" content=\"Valika\" \/>\n<meta property=\"article:publisher\" content=\"https:\/\/www.facebook.com\/tipsi.net\" \/>\n<meta property=\"article:modified_time\" content=\"2025-02-14T10:50:58+00:00\" \/>\n<meta property=\"og:image\" content=\"https:\/\/valika.eu\/wp-content\/uploads\/2023\/11\/karberi_18_lasnam_e_UUS_UUS.jpg\" \/>\n\t<meta property=\"og:image:width\" content=\"678\" \/>\n\t<meta property=\"og:image:height\" content=\"239\" \/>\n\t<meta property=\"og:image:type\" content=\"image\/jpeg\" \/>\n<meta name=\"twitter:card\" content=\"summary_large_image\" \/>\n<script type=\"application\/ld+json\" class=\"yoast-schema-graph\">{\"@context\":\"https:\/\/schema.org\",\"@graph\":[{\"@type\":\"WebPage\",\"@id\":\"https:\/\/valika.eu\/fi\/kontakt\/\",\"url\":\"https:\/\/valika.eu\/fi\/kontakt\/\",\"name\":\"Ota yhteytt\u00e4 | Valika\",\"isPartOf\":{\"@id\":\"https:\/\/valika.eu\/fi\/#website\"},\"primaryImageOfPage\":{\"@id\":\"https:\/\/valika.eu\/fi\/kontakt\/#primaryimage\"},\"image\":{\"@id\":\"https:\/\/valika.eu\/kontakt\/#primaryimage\"},\"thumbnailUrl\":\"https:\/\/valika.eu\/wp-content\/uploads\/2023\/11\/karberi_18_lasnam_e_UUS_UUS-300x106.jpg\",\"datePublished\":\"2023-11-03T08:37:08+00:00\",\"dateModified\":\"2025-02-14T10:50:58+00:00\",\"breadcrumb\":{\"@id\":\"https:\/\/valika.eu\/fi\/kontakt\/#breadcrumb\"},\"inLanguage\":\"fi\",\"potentialAction\":[{\"@type\":\"ReadAction\",\"target\":[[\"https:\/\/valika.eu\/fi\/kontakt\/\"]]}]},{\"@type\":\"ImageObject\",\"inLanguage\":\"fi\",\"@id\":\"https:\/\/valika.eu\/fi\/kontakt\/#primaryimage\",\"url\":\"https:\/\/valika.eu\/wp-content\/uploads\/2023\/11\/karberi_18_lasnam_e_UUS_UUS-300x106.jpg\",\"contentUrl\":\"https:\/\/valika.eu\/wp-content\/uploads\/2023\/11\/karberi_18_lasnam_e_UUS_UUS-300x106.jpg\"},{\"@type\":\"BreadcrumbList\",\"@id\":\"https:\/\/valika.eu\/fi\/kontakt\/#breadcrumb\",\"itemListElement\":[{\"@type\":\"ListItem\",\"position\":1,\"name\":\"Koti\",\"item\":\"https:\/\/valika.eu\/fi\/\"},{\"@type\":\"ListItem\",\"position\":2,\"name\":\"Contact\"}]},{\"@type\":\"WebSite\",\"@id\":\"https:\/\/valika.eu\/fi\/#website\",\"url\":\"https:\/\/valika.eu\/fi\/\",\"name\":\"Valika.eu\",\"description\":\"Salonkituotteet ja kauneudenhoitotuotteet - Valika tarjoaa laajan valikoiman tuotteita ja tarvikkeita kynsiteknikoille, kauneushoitoloille, kampaamoille ja kampaamoille.\",\"publisher\":{\"@id\":\"https:\/\/valika.eu\/fi\/#organization\"},\"alternateName\":\"Valika\",\"potentialAction\":[{\"@type\":\"SearchAction\",\"target\":{\"@type\":\"EntryPoint\",\"urlTemplate\":\"https:\/\/valika.eu\/fi\/?s={search_term_string}\"},\"query-input\":{\"@type\":\"PropertyValueSpecification\",\"valueRequired\":true,\"valueName\":\"search_term_string\"}}],\"inLanguage\":\"fi\"},{\"@type\":\"Organization\",\"@id\":\"https:\/\/valika.eu\/fi\/#organization\",\"name\":\"Salongitoode O\u00dc\",\"alternateName\":\"Valika\",\"url\":\"https:\/\/valika.eu\/fi\/\",\"logo\":{\"@type\":\"ImageObject\",\"inLanguage\":\"fi\",\"@id\":\"https:\/\/valika.eu\/fi\/#\/schema\/logo\/image\/\",\"url\":\"https:\/\/valika.eu\/wp-content\/uploads\/2023\/11\/logo2-valika-footer.png\",\"contentUrl\":\"https:\/\/valika.eu\/wp-content\/uploads\/2023\/11\/logo2-valika-footer.png\",\"width\":200,\"height\":129,\"caption\":\"Salongitoode O\u00dc\"},\"image\":{\"@id\":\"https:\/\/valika.eu\/fi\/#\/schema\/logo\/image\/\"},\"sameAs\":[\"https:\/\/www.facebook.com\/tipsi.net\"]}]}<\/script>\n<!-- \/ Yoast SEO plugin. -->","yoast_head_json":{"title":"Ota yhteytt\u00e4 | Valika","robots":{"index":"index","follow":"follow","max-snippet":"max-snippet:-1","max-image-preview":"max-image-preview:large","max-video-preview":"max-video-preview:-1"},"canonical":"https:\/\/valika.eu\/fi\/kontakt\/","og_locale":"fi_FI","og_type":"article","og_title":"Ota yhteytt\u00e4 | Valika","og_description":"Myym\u00e4l\u00e4: K\u00e4rberi 18 \/ Tallinn Avoinna: Ma-Pe: 10:00 &#8211; 16:00 La-Pe: suljettu. Ilmainen pys\u00e4k\u00f6inti! Puhelin: +372 56693172 +372 55580607 Yrityksen","og_url":"https:\/\/valika.eu\/fi\/kontakt\/","og_site_name":"Valika","article_publisher":"https:\/\/www.facebook.com\/tipsi.net","article_modified_time":"2025-02-14T10:50:58+00:00","og_image":[{"width":678,"height":239,"url":"https:\/\/valika.eu\/wp-content\/uploads\/2023\/11\/karberi_18_lasnam_e_UUS_UUS.jpg","type":"image\/jpeg"}],"twitter_card":"summary_large_image","schema":{"@context":"https:\/\/schema.org","@graph":[{"@type":"WebPage","@id":"https:\/\/valika.eu\/fi\/kontakt\/","url":"https:\/\/valika.eu\/fi\/kontakt\/","name":"Ota yhteytt\u00e4 | Valika","isPartOf":{"@id":"https:\/\/valika.eu\/fi\/#website"},"primaryImageOfPage":{"@id":"https:\/\/valika.eu\/fi\/kontakt\/#primaryimage"},"image":{"@id":"https:\/\/valika.eu\/kontakt\/#primaryimage"},"thumbnailUrl":"https:\/\/valika.eu\/wp-content\/uploads\/2023\/11\/karberi_18_lasnam_e_UUS_UUS-300x106.jpg","datePublished":"2023-11-03T08:37:08+00:00","dateModified":"2025-02-14T10:50:58+00:00","breadcrumb":{"@id":"https:\/\/valika.eu\/fi\/kontakt\/#breadcrumb"},"inLanguage":"fi","potentialAction":[{"@type":"ReadAction","target":[["https:\/\/valika.eu\/fi\/kontakt\/"]]}]},{"@type":"ImageObject","inLanguage":"fi","@id":"https:\/\/valika.eu\/fi\/kontakt\/#primaryimage","url":"https:\/\/valika.eu\/wp-content\/uploads\/2023\/11\/karberi_18_lasnam_e_UUS_UUS-300x106.jpg","contentUrl":"https:\/\/valika.eu\/wp-content\/uploads\/2023\/11\/karberi_18_lasnam_e_UUS_UUS-300x106.jpg"},{"@type":"BreadcrumbList","@id":"https:\/\/valika.eu\/fi\/kontakt\/#breadcrumb","itemListElement":[{"@type":"ListItem","position":1,"name":"Koti","item":"https:\/\/valika.eu\/fi\/"},{"@type":"ListItem","position":2,"name":"Contact"}]},{"@type":"WebSite","@id":"https:\/\/valika.eu\/fi\/#website","url":"https:\/\/valika.eu\/fi\/","name":"Valika.eu","description":"Salonkituotteet ja kauneudenhoitotuotteet - Valika tarjoaa laajan valikoiman tuotteita ja tarvikkeita kynsiteknikoille, kauneushoitoloille, kampaamoille ja kampaamoille.","publisher":{"@id":"https:\/\/valika.eu\/fi\/#organization"},"alternateName":"Valika","potentialAction":[{"@type":"SearchAction","target":{"@type":"EntryPoint","urlTemplate":"https:\/\/valika.eu\/fi\/?s={search_term_string}"},"query-input":{"@type":"PropertyValueSpecification","valueRequired":true,"valueName":"search_term_string"}}],"inLanguage":"fi"},{"@type":"Organization","@id":"https:\/\/valika.eu\/fi\/#organization","name":"Salongitoode O\u00dc","alternateName":"Valika","url":"https:\/\/valika.eu\/fi\/","logo":{"@type":"ImageObject","inLanguage":"fi","@id":"https:\/\/valika.eu\/fi\/#\/schema\/logo\/image\/","url":"https:\/\/valika.eu\/wp-content\/uploads\/2023\/11\/logo2-valika-footer.png","contentUrl":"https:\/\/valika.eu\/wp-content\/uploads\/2023\/11\/logo2-valika-footer.png","width":200,"height":129,"caption":"Salongitoode O\u00dc"},"image":{"@id":"https:\/\/valika.eu\/fi\/#\/schema\/logo\/image\/"},"sameAs":["https:\/\/www.facebook.com\/tipsi.net"]}]}},"jetpack_sharing_enabled":true,"_links":{"self":[{"href":"https:\/\/valika.eu\/fi\/wp-json\/wp\/v2\/pages\/73","targetHints":{"allow":["GET"]}}],"collection":[{"href":"https:\/\/valika.eu\/fi\/wp-json\/wp\/v2\/pages"}],"about":[{"href":"https:\/\/valika.eu\/fi\/wp-json\/wp\/v2\/types\/page"}],"author":[{"embeddable":true,"href":"https:\/\/valika.eu\/fi\/wp-json\/wp\/v2\/users\/2"}],"replies":[{"embeddable":true,"href":"https:\/\/valika.eu\/fi\/wp-json\/wp\/v2\/comments?post=73"}],"version-history":[{"count":58,"href":"https:\/\/valika.eu\/fi\/wp-json\/wp\/v2\/pages\/73\/revisions"}],"predecessor-version":[{"id":12967,"href":"https:\/\/valika.eu\/fi\/wp-json\/wp\/v2\/pages\/73\/revisions\/12967"}],"wp:attachment":[{"href":"https:\/\/valika.eu\/fi\/wp-json\/wp\/v2\/media?parent=73"}],"curies":[{"name":"wp","href":"https:\/\/api.w.org\/{rel}","templated":true}]}}