{"id":10138,"date":"2024-11-07T13:06:40","date_gmt":"2024-11-07T11:06:40","guid":{"rendered":"https:\/\/valika.eu\/?post_type=product&#038;p=10138"},"modified":"2025-07-02T05:03:23","modified_gmt":"2025-07-02T02:03:23","slug":"nailprep-freshner-rasvaarastus-dehudraator-15ml","status":"publish","type":"product","link":"https:\/\/valika.eu\/fi\/toode\/nailprep-freshner-rasvaarastus-dehudraator-15ml\/","title":{"rendered":"Nailprep-Freshner rasvanpoistoaine kuivaaja 15g"},"content":{"rendered":"<p>NAIL PREP &#8211; rasvanpoistoaine &#8211; dehydrator 15ml.<br \/>\nNailprep on v\u00e4ltt\u00e4m\u00e4t\u00f6n ty\u00f6kalu kynsien valmisteluun kaikentyyppisiin manikyyriin, sit\u00e4 k\u00e4ytet\u00e4\u00e4n kynnen pinnan rasvanpoistoon ja kuivaamiseen. Kynsien esik\u00e4sittely kynsivalmisteella lis\u00e4\u00e4 keinotekoisen pinnoitteen tarttuvuutta luonnolliseen kynsilevyyn, varmistaa pinnoitteen kest\u00e4vyyden ja manikyyrin pitk\u00e4aikaisen kulumisen ilman kuoriutumista ja halkeilua.<br \/>\nNailprep soveltuu paitsi kynsien pident\u00e4miseen geelill\u00e4 tai akryylill\u00e4, my\u00f6s kynsien peitt\u00e4miseen biogeelill\u00e4, geelilakoilla, kestolakoilla ja tavallisilla koristelakoilla.<br \/>\nPullossa siveltimell\u00e4 oleva rasvanpoistoaine on taloudellinen, sit\u00e4 levitet\u00e4\u00e4n ohuena kerroksena ja pienin\u00e4 m\u00e4\u00e4rin\u00e4. Ilma kuivuu sekunneissa.<br \/>\n K\u00e4ytet\u00e4\u00e4n ennen pohjustusta tai liimaamista.<br \/>\nNailprep (rasvanpoisto), 15 ml<\/p>","protected":false},"excerpt":{"rendered":"<p>NAIL PREP &#8211; rasvanpoistoaine &#8211; dehydrator 15ml. Nailprep on v\u00e4ltt\u00e4m\u00e4t\u00f6n ty\u00f6kalu kynsien valmisteluun kaikentyyppisiin manikyyriin, sit\u00e4 k\u00e4ytet\u00e4\u00e4n kynnen pinnan rasvanpoistoon<\/p>\n","protected":false},"featured_media":10139,"template":"","meta":[],"product_brand":[],"product_cat":[616],"product_tag":[],"class_list":{"0":"post-10138","1":"product","2":"type-product","3":"status-publish","4":"has-post-thumbnail","6":"product_cat-primerbonder","8":"first","9":"instock","10":"taxable","11":"shipping-taxable","12":"purchasable","13":"product-type-simple"},"yoast_head":"<!-- This site is optimized with the Yoast SEO plugin v24.4 - https:\/\/yoast.com\/wordpress\/plugins\/seo\/ -->\n<title>Nailprep-Freshner rasvanpoistoaine kuivaaja 15g | Valika<\/title>\n<meta name=\"robots\" content=\"index, follow, max-snippet:-1, max-image-preview:large, max-video-preview:-1\" \/>\n<link rel=\"canonical\" href=\"https:\/\/valika.eu\/fi\/toode\/nailprep-freshner-rasvaarastus-dehudraator-15ml\/\" \/>\n<meta property=\"og:locale\" content=\"fi_FI\" \/>\n<meta property=\"og:type\" content=\"article\" \/>\n<meta property=\"og:title\" content=\"Nailprep-Freshner rasvanpoistoaine kuivaaja 15g | Valika\" \/>\n<meta property=\"og:description\" content=\"NAIL PREP &#8211; rasvanpoistoaine &#8211; dehydrator 15ml. Nailprep on v\u00e4ltt\u00e4m\u00e4t\u00f6n ty\u00f6kalu kynsien valmisteluun kaikentyyppisiin manikyyriin, sit\u00e4 k\u00e4ytet\u00e4\u00e4n kynnen pinnan rasvanpoistoon\" \/>\n<meta property=\"og:url\" content=\"https:\/\/valika.eu\/fi\/toode\/nailprep-freshner-rasvaarastus-dehudraator-15ml\/\" \/>\n<meta property=\"og:site_name\" content=\"Valika\" \/>\n<meta property=\"article:publisher\" content=\"https:\/\/www.facebook.com\/tipsi.net\" \/>\n<meta property=\"article:modified_time\" content=\"2025-07-02T02:03:23+00:00\" \/>\n<meta property=\"og:image\" content=\"https:\/\/valika.eu\/wp-content\/uploads\/2024\/11\/freshner_nailprep_rasvaarastaja-rotated.jpg\" \/>\n\t<meta property=\"og:image:width\" content=\"500\" \/>\n\t<meta property=\"og:image:height\" content=\"667\" \/>\n\t<meta property=\"og:image:type\" content=\"image\/jpeg\" \/>\n<meta name=\"twitter:card\" content=\"summary_large_image\" \/>\n<script type=\"application\/ld+json\" class=\"yoast-schema-graph\">{\"@context\":\"https:\/\/schema.org\",\"@graph\":[{\"@type\":\"WebPage\",\"@id\":\"https:\/\/valika.eu\/fi\/toode\/nailprep-freshner-rasvaarastus-dehudraator-15ml\/\",\"url\":\"https:\/\/valika.eu\/fi\/toode\/nailprep-freshner-rasvaarastus-dehudraator-15ml\/\",\"name\":\"Nailprep-Freshner rasvanpoistoaine kuivaaja 15g | Valika\",\"isPartOf\":{\"@id\":\"https:\/\/valika.eu\/fi\/#website\"},\"primaryImageOfPage\":{\"@id\":\"https:\/\/valika.eu\/fi\/toode\/nailprep-freshner-rasvaarastus-dehudraator-15ml\/#primaryimage\"},\"image\":{\"@id\":\"https:\/\/valika.eu\/toode\/nailprep-freshner-rasvaarastus-dehudraator-15ml\/#primaryimage\"},\"thumbnailUrl\":\"https:\/\/valika.eu\/wp-content\/uploads\/2024\/11\/freshner_nailprep_rasvaarastaja-rotated.jpg\",\"datePublished\":\"2024-11-07T11:06:40+00:00\",\"dateModified\":\"2025-07-02T02:03:23+00:00\",\"breadcrumb\":{\"@id\":\"https:\/\/valika.eu\/fi\/toode\/nailprep-freshner-rasvaarastus-dehudraator-15ml\/#breadcrumb\"},\"inLanguage\":\"fi\",\"potentialAction\":[{\"@type\":\"ReadAction\",\"target\":[[\"https:\/\/valika.eu\/fi\/toode\/nailprep-freshner-rasvaarastus-dehudraator-15ml\/\"]]}]},{\"@type\":\"ImageObject\",\"inLanguage\":\"fi\",\"@id\":\"https:\/\/valika.eu\/fi\/toode\/nailprep-freshner-rasvaarastus-dehudraator-15ml\/#primaryimage\",\"url\":\"https:\/\/valika.eu\/wp-content\/uploads\/2024\/11\/freshner_nailprep_rasvaarastaja-rotated.jpg\",\"contentUrl\":\"https:\/\/valika.eu\/wp-content\/uploads\/2024\/11\/freshner_nailprep_rasvaarastaja-rotated.jpg\",\"width\":500,\"height\":667},{\"@type\":\"BreadcrumbList\",\"@id\":\"https:\/\/valika.eu\/fi\/toode\/nailprep-freshner-rasvaarastus-dehudraator-15ml\/#breadcrumb\",\"itemListElement\":[{\"@type\":\"ListItem\",\"position\":1,\"name\":\"Koti\",\"item\":\"https:\/\/valika.eu\/fi\/\"},{\"@type\":\"ListItem\",\"position\":2,\"name\":\"Shop\",\"item\":\"https:\/\/valika.eu\/fi\/\"},{\"@type\":\"ListItem\",\"position\":3,\"name\":\"Nailprep-Freshner degreaser dehydrator 15g\"}]},{\"@type\":\"WebSite\",\"@id\":\"https:\/\/valika.eu\/fi\/#website\",\"url\":\"https:\/\/valika.eu\/fi\/\",\"name\":\"Valika.eu\",\"description\":\"Salonkituotteet ja kauneudenhoitotuotteet - Valika tarjoaa laajan valikoiman tuotteita ja tarvikkeita kynsiteknikoille, kauneushoitoloille, kampaamoille ja kampaamoille.\",\"publisher\":{\"@id\":\"https:\/\/valika.eu\/fi\/#organization\"},\"alternateName\":\"Valika\",\"potentialAction\":[{\"@type\":\"SearchAction\",\"target\":{\"@type\":\"EntryPoint\",\"urlTemplate\":\"https:\/\/valika.eu\/fi\/?s={search_term_string}\"},\"query-input\":{\"@type\":\"PropertyValueSpecification\",\"valueRequired\":true,\"valueName\":\"search_term_string\"}}],\"inLanguage\":\"fi\"},{\"@type\":\"Organization\",\"@id\":\"https:\/\/valika.eu\/fi\/#organization\",\"name\":\"Salongitoode O\u00dc\",\"alternateName\":\"Valika\",\"url\":\"https:\/\/valika.eu\/fi\/\",\"logo\":{\"@type\":\"ImageObject\",\"inLanguage\":\"fi\",\"@id\":\"https:\/\/valika.eu\/fi\/#\/schema\/logo\/image\/\",\"url\":\"https:\/\/valika.eu\/wp-content\/uploads\/2023\/11\/logo2-valika-footer.png\",\"contentUrl\":\"https:\/\/valika.eu\/wp-content\/uploads\/2023\/11\/logo2-valika-footer.png\",\"width\":200,\"height\":129,\"caption\":\"Salongitoode O\u00dc\"},\"image\":{\"@id\":\"https:\/\/valika.eu\/fi\/#\/schema\/logo\/image\/\"},\"sameAs\":[\"https:\/\/www.facebook.com\/tipsi.net\"]}]}<\/script>\n<!-- \/ Yoast SEO plugin. -->","yoast_head_json":{"title":"Nailprep-Freshner rasvanpoistoaine kuivaaja 15g | Valika","robots":{"index":"index","follow":"follow","max-snippet":"max-snippet:-1","max-image-preview":"max-image-preview:large","max-video-preview":"max-video-preview:-1"},"canonical":"https:\/\/valika.eu\/fi\/toode\/nailprep-freshner-rasvaarastus-dehudraator-15ml\/","og_locale":"fi_FI","og_type":"article","og_title":"Nailprep-Freshner rasvanpoistoaine kuivaaja 15g | Valika","og_description":"NAIL PREP &#8211; rasvanpoistoaine &#8211; dehydrator 15ml. Nailprep on v\u00e4ltt\u00e4m\u00e4t\u00f6n ty\u00f6kalu kynsien valmisteluun kaikentyyppisiin manikyyriin, sit\u00e4 k\u00e4ytet\u00e4\u00e4n kynnen pinnan rasvanpoistoon","og_url":"https:\/\/valika.eu\/fi\/toode\/nailprep-freshner-rasvaarastus-dehudraator-15ml\/","og_site_name":"Valika","article_publisher":"https:\/\/www.facebook.com\/tipsi.net","article_modified_time":"2025-07-02T02:03:23+00:00","og_image":[{"width":500,"height":667,"url":"https:\/\/valika.eu\/wp-content\/uploads\/2024\/11\/freshner_nailprep_rasvaarastaja-rotated.jpg","type":"image\/jpeg"}],"twitter_card":"summary_large_image","schema":{"@context":"https:\/\/schema.org","@graph":[{"@type":"WebPage","@id":"https:\/\/valika.eu\/fi\/toode\/nailprep-freshner-rasvaarastus-dehudraator-15ml\/","url":"https:\/\/valika.eu\/fi\/toode\/nailprep-freshner-rasvaarastus-dehudraator-15ml\/","name":"Nailprep-Freshner rasvanpoistoaine kuivaaja 15g | Valika","isPartOf":{"@id":"https:\/\/valika.eu\/fi\/#website"},"primaryImageOfPage":{"@id":"https:\/\/valika.eu\/fi\/toode\/nailprep-freshner-rasvaarastus-dehudraator-15ml\/#primaryimage"},"image":{"@id":"https:\/\/valika.eu\/toode\/nailprep-freshner-rasvaarastus-dehudraator-15ml\/#primaryimage"},"thumbnailUrl":"https:\/\/valika.eu\/wp-content\/uploads\/2024\/11\/freshner_nailprep_rasvaarastaja-rotated.jpg","datePublished":"2024-11-07T11:06:40+00:00","dateModified":"2025-07-02T02:03:23+00:00","breadcrumb":{"@id":"https:\/\/valika.eu\/fi\/toode\/nailprep-freshner-rasvaarastus-dehudraator-15ml\/#breadcrumb"},"inLanguage":"fi","potentialAction":[{"@type":"ReadAction","target":[["https:\/\/valika.eu\/fi\/toode\/nailprep-freshner-rasvaarastus-dehudraator-15ml\/"]]}]},{"@type":"ImageObject","inLanguage":"fi","@id":"https:\/\/valika.eu\/fi\/toode\/nailprep-freshner-rasvaarastus-dehudraator-15ml\/#primaryimage","url":"https:\/\/valika.eu\/wp-content\/uploads\/2024\/11\/freshner_nailprep_rasvaarastaja-rotated.jpg","contentUrl":"https:\/\/valika.eu\/wp-content\/uploads\/2024\/11\/freshner_nailprep_rasvaarastaja-rotated.jpg","width":500,"height":667},{"@type":"BreadcrumbList","@id":"https:\/\/valika.eu\/fi\/toode\/nailprep-freshner-rasvaarastus-dehudraator-15ml\/#breadcrumb","itemListElement":[{"@type":"ListItem","position":1,"name":"Koti","item":"https:\/\/valika.eu\/fi\/"},{"@type":"ListItem","position":2,"name":"Shop","item":"https:\/\/valika.eu\/fi\/"},{"@type":"ListItem","position":3,"name":"Nailprep-Freshner degreaser dehydrator 15g"}]},{"@type":"WebSite","@id":"https:\/\/valika.eu\/fi\/#website","url":"https:\/\/valika.eu\/fi\/","name":"Valika.eu","description":"Salonkituotteet ja kauneudenhoitotuotteet - Valika tarjoaa laajan valikoiman tuotteita ja tarvikkeita kynsiteknikoille, kauneushoitoloille, kampaamoille ja kampaamoille.","publisher":{"@id":"https:\/\/valika.eu\/fi\/#organization"},"alternateName":"Valika","potentialAction":[{"@type":"SearchAction","target":{"@type":"EntryPoint","urlTemplate":"https:\/\/valika.eu\/fi\/?s={search_term_string}"},"query-input":{"@type":"PropertyValueSpecification","valueRequired":true,"valueName":"search_term_string"}}],"inLanguage":"fi"},{"@type":"Organization","@id":"https:\/\/valika.eu\/fi\/#organization","name":"Salongitoode O\u00dc","alternateName":"Valika","url":"https:\/\/valika.eu\/fi\/","logo":{"@type":"ImageObject","inLanguage":"fi","@id":"https:\/\/valika.eu\/fi\/#\/schema\/logo\/image\/","url":"https:\/\/valika.eu\/wp-content\/uploads\/2023\/11\/logo2-valika-footer.png","contentUrl":"https:\/\/valika.eu\/wp-content\/uploads\/2023\/11\/logo2-valika-footer.png","width":200,"height":129,"caption":"Salongitoode O\u00dc"},"image":{"@id":"https:\/\/valika.eu\/fi\/#\/schema\/logo\/image\/"},"sameAs":["https:\/\/www.facebook.com\/tipsi.net"]}]}},"jetpack_sharing_enabled":true,"_links":{"self":[{"href":"https:\/\/valika.eu\/fi\/wp-json\/wp\/v2\/product\/10138","targetHints":{"allow":["GET"]}}],"collection":[{"href":"https:\/\/valika.eu\/fi\/wp-json\/wp\/v2\/product"}],"about":[{"href":"https:\/\/valika.eu\/fi\/wp-json\/wp\/v2\/types\/product"}],"wp:featuredmedia":[{"embeddable":true,"href":"https:\/\/valika.eu\/fi\/wp-json\/wp\/v2\/media\/10139"}],"wp:attachment":[{"href":"https:\/\/valika.eu\/fi\/wp-json\/wp\/v2\/media?parent=10138"}],"wp:term":[{"taxonomy":"product_brand","embeddable":true,"href":"https:\/\/valika.eu\/fi\/wp-json\/wp\/v2\/product_brand?post=10138"},{"taxonomy":"product_cat","embeddable":true,"href":"https:\/\/valika.eu\/fi\/wp-json\/wp\/v2\/product_cat?post=10138"},{"taxonomy":"product_tag","embeddable":true,"href":"https:\/\/valika.eu\/fi\/wp-json\/wp\/v2\/product_tag?post=10138"}],"curies":[{"name":"wp","href":"https:\/\/api.w.org\/{rel}","templated":true}]}}