{"id":10144,"date":"2024-11-07T13:39:59","date_gmt":"2024-11-07T11:39:59","guid":{"rendered":"https:\/\/valika.eu\/?post_type=product&#038;p=10144"},"modified":"2025-07-02T05:03:23","modified_gmt":"2025-07-02T02:03:23","slug":"bonder-ultrabond-happevaba-primer-15ml","status":"publish","type":"product","link":"https:\/\/valika.eu\/fi\/toode\/bonder-ultrabond-happevaba-primer-15ml\/","title":{"rendered":"Bonder-ultrabond, Hapoton primer15g"},"content":{"rendered":"<p>Happopohjaisen ja hapottoman primerin p\u00e4\u00e4ero on niiden koostumuksessa.<\/p>\n<p>Happopohjainen primeri sis\u00e4lt\u00e4\u00e4 metakryylihappoa, joka avaa kynsilevyn suomut ja tekee pinnasta hieman karhean, jolloin kaikki mallinnusmateriaalit kiinnittyv\u00e4t tiukasti. Vaikka happopohjainen ja hapoton primeri eroavat koostumukseltaan, hapoton primeri, joka ei sis\u00e4ll\u00e4 metakryylihappoa, tekee my\u00f6s kynnen pinnasta karhean. Sit\u00e4 k\u00e4ytet\u00e4\u00e4n useimmiten geelipidennyksiss\u00e4. Katsotaan tarkemmin molempien tuotteiden ominaisuuksia ja niiden k\u00e4ytt\u00f6\u00e4.<\/p>\n<p>Mik\u00e4 on hapoton primeri?<\/p>\n<p>Hapoton primeri, eli ultrabond, ei sis\u00e4ll\u00e4 metakryylihappoa. Sen p\u00e4\u00e4komponentti on liuotin, etyyliasetaatti. Se kuuluu turvallisten kemikaalien joukkoon, eik\u00e4 aiheuta allergiaa tai vahingoita kynsi\u00e4. Hapoton primeri on monik\u00e4ytt\u00f6inen ja sopii heikoille ja hauraille kynsille.<\/p>\n<p>Hapottoman primerin ominaisuudet:<\/p>\n<p>Se ei muuta kynsilevyn happamuutta eik\u00e4 aiheuta kynsien liuskottumista.<br \/>\nUltrabond ei muuta pohjap\u00e4\u00e4llysteen v\u00e4ri\u00e4.<br \/>\nHapoton primeri nopeuttaa pidennysprosessia.<br \/>\nSe kuivuu nopeasti, mik\u00e4 nopeuttaa mallinnusprosessia.<br \/>\nKuivumisen j\u00e4lkeen se ei j\u00e4t\u00e4 kynsiin j\u00e4\u00e4mi\u00e4. Kynnen pinta tuntuu hieman karhealta.<br \/>\nMik\u00e4 on happopohjainen primeri?<\/p>\n<p>T\u00e4m\u00e4 primeri sis\u00e4lt\u00e4\u00e4 myrkyllist\u00e4 metakryylihappoa. Vaikka se luokitellaan myrkylliseksi, t\u00e4ss\u00e4 tuotteessa happo on laimennettuna, joten se ei ole merkitt\u00e4v\u00e4 riski kynsien terveydelle. Happopohjainen primeri voi kuitenkin vahingoittaa ohuita tai heikkoja kynsi\u00e4.<\/p>\n<p>Happopohjaisen primerin ominaisuudet:<\/p>\n<p>Happo avaa kynsilevyn suomut hell\u00e4varaisesti, jolloin se sopii erityisen hyvin akryylimateriaalin kiinnitt\u00e4miseen luonnolliseen kynteen.<br \/>\nSopii k\u00e4sien kynsilevyn k\u00e4sittelyyn, erityisesti silloin, kun k\u00e4det hikoilevat usein. Happo auttaa my\u00f6s poistamaan sieni\u00e4 varpaista pedikyyrin yhteydess\u00e4.<br \/>\nKuivumisen j\u00e4lkeen kynsiin j\u00e4\u00e4 valkoinen j\u00e4lki, joka kertoo, ett\u00e4 voi jatkaa ty\u00f6t\u00e4. T\u00e4t\u00e4 primeria kannattaa k\u00e4ytt\u00e4\u00e4 hyvin ilmastoidussa tilassa. Levit\u00e4 primeri varovasti ohuena kerroksena, sill\u00e4 se pehment\u00e4\u00e4 kynsilevy\u00e4.<br \/>\nKuinka levitt\u00e4\u00e4 happopohjainen primeri?<\/p>\n<p>Vaikka happopitoisuus on v\u00e4h\u00e4inen, sit\u00e4 on silti syyt\u00e4 k\u00e4ytt\u00e4\u00e4 varoen. Avaa pullo, ota hieman ainetta harjaan ja kopauta ylim\u00e4\u00e4r\u00e4 pois pullon reunaan. Kosketa kynnen keskiosaa harjalla, jotta aine levi\u00e4\u00e4 tasaisesti. On t\u00e4rke\u00e4\u00e4, ett\u00e4 ainetta on vain v\u00e4h\u00e4n, mutta koko kynsi peittyy. Kuivata p\u00e4\u00e4llyste ja jatka pohjakerroksen levityksell\u00e4, kun kaikki kynnet ovat t\u00e4ysin kuivia.<\/p>\n<p>Molemmat tuotteet poistavat kosteutta kynsist\u00e4 ja liuottavat rasvoja ihon pinnalta, mik\u00e4 tekee ymp\u00e4rist\u00f6st\u00e4 ep\u00e4suotuisan bakteereille ja est\u00e4\u00e4 sieni-infektioiden synty\u00e4 mallinnusmateriaalin alla. Kynsien pidennyst\u00e4 ei suositella ilman hapollista tai hapotonta primeria.<\/p>\n<p>Ty\u00f6skentely happopohjaisen ja hapottoman primerin kanssa<\/p>\n<p>Molemmat tuotteet sis\u00e4lt\u00e4v\u00e4t myrkyllisi\u00e4 aineita, ja vaikka ne eiv\u00e4t vahingoita kyntt\u00e4, metakrylaatin h\u00f6yryjen hengitt\u00e4minen ei ole turvallista. Siksi teknikoiden tulisi k\u00e4ytt\u00e4\u00e4 maskeja tai hengityssuojaimia. Hapoton primeri katsotaan hell\u00e4varaiseksi, mutta sit\u00e4kin tulisi k\u00e4ytt\u00e4\u00e4 s\u00e4\u00e4steli\u00e4\u00e4sti, jotta kynnet eiv\u00e4t vaurioidu. Mallinnusprosessiin voi jatkaa vasta kun primeri on t\u00e4ysin kuiva.<\/p>\n<p>Mink\u00e4 tuotteen valita?<\/p>\n<p>Kotik\u00e4yt\u00f6ss\u00e4 valitse tuote kynsiesi mukaan (hauraat tai vahvat, rasvaiset tai kuivat). Ammattilaisella tulisi olla molemmat, jotta voi valita asiakkaan kynsille sopivimman. Molempia primereit\u00e4 voi ostaa Affinityn luettelosta, joka valmistaa ammattilaistason kynsimallinnus- ja design-tuotteita.<\/p>","protected":false},"excerpt":{"rendered":"<p>Happopohjaisen ja hapottoman primerin p\u00e4\u00e4ero on niiden koostumuksessa. Happopohjainen primeri sis\u00e4lt\u00e4\u00e4 metakryylihappoa, joka avaa kynsilevyn suomut ja tekee pinnasta hieman<\/p>\n","protected":false},"featured_media":10145,"template":"","meta":[],"product_brand":[],"product_cat":[616],"product_tag":[],"class_list":{"0":"post-10144","1":"product","2":"type-product","3":"status-publish","4":"has-post-thumbnail","6":"product_cat-primerbonder","8":"first","9":"instock","10":"taxable","11":"shipping-taxable","12":"purchasable","13":"product-type-simple"},"yoast_head":"<!-- This site is optimized with the Yoast SEO plugin v24.4 - https:\/\/yoast.com\/wordpress\/plugins\/seo\/ -->\n<title>Bonder-ultrabond, Hapoton primer15g | Valika<\/title>\n<meta name=\"robots\" content=\"index, follow, max-snippet:-1, max-image-preview:large, max-video-preview:-1\" \/>\n<link rel=\"canonical\" href=\"https:\/\/valika.eu\/fi\/toode\/bonder-ultrabond-happevaba-primer-15ml\/\" \/>\n<meta property=\"og:locale\" content=\"fi_FI\" \/>\n<meta property=\"og:type\" content=\"article\" \/>\n<meta property=\"og:title\" content=\"Bonder-ultrabond, Hapoton primer15g | Valika\" \/>\n<meta property=\"og:description\" content=\"Happopohjaisen ja hapottoman primerin p\u00e4\u00e4ero on niiden koostumuksessa. Happopohjainen primeri sis\u00e4lt\u00e4\u00e4 metakryylihappoa, joka avaa kynsilevyn suomut ja tekee pinnasta hieman\" \/>\n<meta property=\"og:url\" content=\"https:\/\/valika.eu\/fi\/toode\/bonder-ultrabond-happevaba-primer-15ml\/\" \/>\n<meta property=\"og:site_name\" content=\"Valika\" \/>\n<meta property=\"article:publisher\" content=\"https:\/\/www.facebook.com\/tipsi.net\" \/>\n<meta property=\"article:modified_time\" content=\"2025-07-02T02:03:23+00:00\" \/>\n<meta property=\"og:image\" content=\"https:\/\/valika.eu\/wp-content\/uploads\/2024\/11\/bonder_00-rotated.jpg\" \/>\n\t<meta property=\"og:image:width\" content=\"500\" \/>\n\t<meta property=\"og:image:height\" content=\"667\" \/>\n\t<meta property=\"og:image:type\" content=\"image\/jpeg\" \/>\n<meta name=\"twitter:card\" content=\"summary_large_image\" \/>\n<script type=\"application\/ld+json\" class=\"yoast-schema-graph\">{\"@context\":\"https:\/\/schema.org\",\"@graph\":[{\"@type\":\"WebPage\",\"@id\":\"https:\/\/valika.eu\/fi\/toode\/bonder-ultrabond-happevaba-primer-15ml\/\",\"url\":\"https:\/\/valika.eu\/fi\/toode\/bonder-ultrabond-happevaba-primer-15ml\/\",\"name\":\"Bonder-ultrabond, Hapoton primer15g | Valika\",\"isPartOf\":{\"@id\":\"https:\/\/valika.eu\/fi\/#website\"},\"primaryImageOfPage\":{\"@id\":\"https:\/\/valika.eu\/fi\/toode\/bonder-ultrabond-happevaba-primer-15ml\/#primaryimage\"},\"image\":{\"@id\":\"https:\/\/valika.eu\/toode\/bonder-ultrabond-happevaba-primer-15ml\/#primaryimage\"},\"thumbnailUrl\":\"https:\/\/valika.eu\/wp-content\/uploads\/2024\/11\/bonder_00-rotated.jpg\",\"datePublished\":\"2024-11-07T11:39:59+00:00\",\"dateModified\":\"2025-07-02T02:03:23+00:00\",\"breadcrumb\":{\"@id\":\"https:\/\/valika.eu\/fi\/toode\/bonder-ultrabond-happevaba-primer-15ml\/#breadcrumb\"},\"inLanguage\":\"fi\",\"potentialAction\":[{\"@type\":\"ReadAction\",\"target\":[[\"https:\/\/valika.eu\/fi\/toode\/bonder-ultrabond-happevaba-primer-15ml\/\"]]}]},{\"@type\":\"ImageObject\",\"inLanguage\":\"fi\",\"@id\":\"https:\/\/valika.eu\/fi\/toode\/bonder-ultrabond-happevaba-primer-15ml\/#primaryimage\",\"url\":\"https:\/\/valika.eu\/wp-content\/uploads\/2024\/11\/bonder_00-rotated.jpg\",\"contentUrl\":\"https:\/\/valika.eu\/wp-content\/uploads\/2024\/11\/bonder_00-rotated.jpg\",\"width\":500,\"height\":667},{\"@type\":\"BreadcrumbList\",\"@id\":\"https:\/\/valika.eu\/fi\/toode\/bonder-ultrabond-happevaba-primer-15ml\/#breadcrumb\",\"itemListElement\":[{\"@type\":\"ListItem\",\"position\":1,\"name\":\"Koti\",\"item\":\"https:\/\/valika.eu\/fi\/\"},{\"@type\":\"ListItem\",\"position\":2,\"name\":\"Shop\",\"item\":\"https:\/\/valika.eu\/fi\/\"},{\"@type\":\"ListItem\",\"position\":3,\"name\":\"Bonder-ultrabond acid-free primer 15g\"}]},{\"@type\":\"WebSite\",\"@id\":\"https:\/\/valika.eu\/fi\/#website\",\"url\":\"https:\/\/valika.eu\/fi\/\",\"name\":\"Valika.eu\",\"description\":\"Salonkituotteet ja kauneudenhoitotuotteet - Valika tarjoaa laajan valikoiman tuotteita ja tarvikkeita kynsiteknikoille, kauneushoitoloille, kampaamoille ja kampaamoille.\",\"publisher\":{\"@id\":\"https:\/\/valika.eu\/fi\/#organization\"},\"alternateName\":\"Valika\",\"potentialAction\":[{\"@type\":\"SearchAction\",\"target\":{\"@type\":\"EntryPoint\",\"urlTemplate\":\"https:\/\/valika.eu\/fi\/?s={search_term_string}\"},\"query-input\":{\"@type\":\"PropertyValueSpecification\",\"valueRequired\":true,\"valueName\":\"search_term_string\"}}],\"inLanguage\":\"fi\"},{\"@type\":\"Organization\",\"@id\":\"https:\/\/valika.eu\/fi\/#organization\",\"name\":\"Salongitoode O\u00dc\",\"alternateName\":\"Valika\",\"url\":\"https:\/\/valika.eu\/fi\/\",\"logo\":{\"@type\":\"ImageObject\",\"inLanguage\":\"fi\",\"@id\":\"https:\/\/valika.eu\/fi\/#\/schema\/logo\/image\/\",\"url\":\"https:\/\/valika.eu\/wp-content\/uploads\/2023\/11\/logo2-valika-footer.png\",\"contentUrl\":\"https:\/\/valika.eu\/wp-content\/uploads\/2023\/11\/logo2-valika-footer.png\",\"width\":200,\"height\":129,\"caption\":\"Salongitoode O\u00dc\"},\"image\":{\"@id\":\"https:\/\/valika.eu\/fi\/#\/schema\/logo\/image\/\"},\"sameAs\":[\"https:\/\/www.facebook.com\/tipsi.net\"]}]}<\/script>\n<!-- \/ Yoast SEO plugin. -->","yoast_head_json":{"title":"Bonder-ultrabond, Hapoton primer15g | Valika","robots":{"index":"index","follow":"follow","max-snippet":"max-snippet:-1","max-image-preview":"max-image-preview:large","max-video-preview":"max-video-preview:-1"},"canonical":"https:\/\/valika.eu\/fi\/toode\/bonder-ultrabond-happevaba-primer-15ml\/","og_locale":"fi_FI","og_type":"article","og_title":"Bonder-ultrabond, Hapoton primer15g | Valika","og_description":"Happopohjaisen ja hapottoman primerin p\u00e4\u00e4ero on niiden koostumuksessa. Happopohjainen primeri sis\u00e4lt\u00e4\u00e4 metakryylihappoa, joka avaa kynsilevyn suomut ja tekee pinnasta hieman","og_url":"https:\/\/valika.eu\/fi\/toode\/bonder-ultrabond-happevaba-primer-15ml\/","og_site_name":"Valika","article_publisher":"https:\/\/www.facebook.com\/tipsi.net","article_modified_time":"2025-07-02T02:03:23+00:00","og_image":[{"width":500,"height":667,"url":"https:\/\/valika.eu\/wp-content\/uploads\/2024\/11\/bonder_00-rotated.jpg","type":"image\/jpeg"}],"twitter_card":"summary_large_image","schema":{"@context":"https:\/\/schema.org","@graph":[{"@type":"WebPage","@id":"https:\/\/valika.eu\/fi\/toode\/bonder-ultrabond-happevaba-primer-15ml\/","url":"https:\/\/valika.eu\/fi\/toode\/bonder-ultrabond-happevaba-primer-15ml\/","name":"Bonder-ultrabond, Hapoton primer15g | Valika","isPartOf":{"@id":"https:\/\/valika.eu\/fi\/#website"},"primaryImageOfPage":{"@id":"https:\/\/valika.eu\/fi\/toode\/bonder-ultrabond-happevaba-primer-15ml\/#primaryimage"},"image":{"@id":"https:\/\/valika.eu\/toode\/bonder-ultrabond-happevaba-primer-15ml\/#primaryimage"},"thumbnailUrl":"https:\/\/valika.eu\/wp-content\/uploads\/2024\/11\/bonder_00-rotated.jpg","datePublished":"2024-11-07T11:39:59+00:00","dateModified":"2025-07-02T02:03:23+00:00","breadcrumb":{"@id":"https:\/\/valika.eu\/fi\/toode\/bonder-ultrabond-happevaba-primer-15ml\/#breadcrumb"},"inLanguage":"fi","potentialAction":[{"@type":"ReadAction","target":[["https:\/\/valika.eu\/fi\/toode\/bonder-ultrabond-happevaba-primer-15ml\/"]]}]},{"@type":"ImageObject","inLanguage":"fi","@id":"https:\/\/valika.eu\/fi\/toode\/bonder-ultrabond-happevaba-primer-15ml\/#primaryimage","url":"https:\/\/valika.eu\/wp-content\/uploads\/2024\/11\/bonder_00-rotated.jpg","contentUrl":"https:\/\/valika.eu\/wp-content\/uploads\/2024\/11\/bonder_00-rotated.jpg","width":500,"height":667},{"@type":"BreadcrumbList","@id":"https:\/\/valika.eu\/fi\/toode\/bonder-ultrabond-happevaba-primer-15ml\/#breadcrumb","itemListElement":[{"@type":"ListItem","position":1,"name":"Koti","item":"https:\/\/valika.eu\/fi\/"},{"@type":"ListItem","position":2,"name":"Shop","item":"https:\/\/valika.eu\/fi\/"},{"@type":"ListItem","position":3,"name":"Bonder-ultrabond acid-free primer 15g"}]},{"@type":"WebSite","@id":"https:\/\/valika.eu\/fi\/#website","url":"https:\/\/valika.eu\/fi\/","name":"Valika.eu","description":"Salonkituotteet ja kauneudenhoitotuotteet - Valika tarjoaa laajan valikoiman tuotteita ja tarvikkeita kynsiteknikoille, kauneushoitoloille, kampaamoille ja kampaamoille.","publisher":{"@id":"https:\/\/valika.eu\/fi\/#organization"},"alternateName":"Valika","potentialAction":[{"@type":"SearchAction","target":{"@type":"EntryPoint","urlTemplate":"https:\/\/valika.eu\/fi\/?s={search_term_string}"},"query-input":{"@type":"PropertyValueSpecification","valueRequired":true,"valueName":"search_term_string"}}],"inLanguage":"fi"},{"@type":"Organization","@id":"https:\/\/valika.eu\/fi\/#organization","name":"Salongitoode O\u00dc","alternateName":"Valika","url":"https:\/\/valika.eu\/fi\/","logo":{"@type":"ImageObject","inLanguage":"fi","@id":"https:\/\/valika.eu\/fi\/#\/schema\/logo\/image\/","url":"https:\/\/valika.eu\/wp-content\/uploads\/2023\/11\/logo2-valika-footer.png","contentUrl":"https:\/\/valika.eu\/wp-content\/uploads\/2023\/11\/logo2-valika-footer.png","width":200,"height":129,"caption":"Salongitoode O\u00dc"},"image":{"@id":"https:\/\/valika.eu\/fi\/#\/schema\/logo\/image\/"},"sameAs":["https:\/\/www.facebook.com\/tipsi.net"]}]}},"jetpack_sharing_enabled":true,"_links":{"self":[{"href":"https:\/\/valika.eu\/fi\/wp-json\/wp\/v2\/product\/10144","targetHints":{"allow":["GET"]}}],"collection":[{"href":"https:\/\/valika.eu\/fi\/wp-json\/wp\/v2\/product"}],"about":[{"href":"https:\/\/valika.eu\/fi\/wp-json\/wp\/v2\/types\/product"}],"wp:featuredmedia":[{"embeddable":true,"href":"https:\/\/valika.eu\/fi\/wp-json\/wp\/v2\/media\/10145"}],"wp:attachment":[{"href":"https:\/\/valika.eu\/fi\/wp-json\/wp\/v2\/media?parent=10144"}],"wp:term":[{"taxonomy":"product_brand","embeddable":true,"href":"https:\/\/valika.eu\/fi\/wp-json\/wp\/v2\/product_brand?post=10144"},{"taxonomy":"product_cat","embeddable":true,"href":"https:\/\/valika.eu\/fi\/wp-json\/wp\/v2\/product_cat?post=10144"},{"taxonomy":"product_tag","embeddable":true,"href":"https:\/\/valika.eu\/fi\/wp-json\/wp\/v2\/product_tag?post=10144"}],"curies":[{"name":"wp","href":"https:\/\/api.w.org\/{rel}","templated":true}]}}