{"id":10300,"date":"2024-11-15T13:56:18","date_gmt":"2024-11-15T11:56:18","guid":{"rendered":"https:\/\/valika.eu\/?post_type=product&#038;p=10300"},"modified":"2025-11-18T13:39:00","modified_gmt":"2025-11-18T11:39:00","slug":"xs-nitriilkindad-hygostar-safe-light-sinised","status":"publish","type":"product","link":"https:\/\/valika.eu\/fi\/toode\/xs-nitriilkindad-hygostar-safe-light-sinised\/","title":{"rendered":"XS-Hygostar Safe Light-nitriilik\u00e4sineet sininen"},"content":{"rendered":"<p>Safe Light -nitriilik\u00e4sineet ovat osoittaneet toimivuutensa l\u00e4hes 20 vuoden ajan ja niit\u00e4 k\u00e4ytet\u00e4\u00e4n p\u00e4ivitt\u00e4in miljoonia kertoja. Todellisina yleisk\u00e4sinein\u00e4 Safe Light -kertak\u00e4ytt\u00f6k\u00e4sineet ovat monipuolisia ammattik\u00e4ytt\u00f6\u00f6n keitti\u00f6ss\u00e4, elintarviketeollisuudessa, teollisuudessa tai l\u00e4\u00e4ketieteess\u00e4. Suuri etusi:<\/p>\n<p>Safe Light -nitriilik\u00e4sineet on valmistettu kevyest\u00e4 nitriilimateriaalista. Kertak\u00e4ytt\u00f6k\u00e4sineet ovat steriloimattomia ja puuterittomia. Hyv\u00e4n istuvuuden ansiosta ne tarjoavat erinomaisen kosketustunnon ja sormin\u00e4pp\u00e4ryyden \u2013 my\u00f6s tarkkuutta vaativiin t\u00f6ihin. Pinta on kuvioitu ja liukumaton. Safe Light -nitriilik\u00e4sineet ovat rasva- ja \u00f6ljynkest\u00e4vi\u00e4, joten ne sopivat rasvaisten tai \u00f6ljyisten elintarvikkeiden k\u00e4sittelyyn. N\u00e4m\u00e4 kertak\u00e4ytt\u00f6iset nitriilik\u00e4sineet suojaavat luotettavasti k\u00e4si\u00e4 my\u00f6s kemikaalien, liuottimien, virusten, bakteerien tai sienten k\u00e4sittelyss\u00e4.<\/p>\n<p><em>Etusi<\/em>: Siniset Safe Light -nitriilik\u00e4sineet ovat l\u00e4\u00e4ketieteellisesti rekister\u00f6ityj\u00e4 (PZN): Art.2702 &#8211; PZN 17160883, Art. 2700 &#8211; PZN 17160908, Art. 2701 &#8211; PZN 17160914, Art. 2705 &#8211; PZN 17160920, Art. 2706 &#8211; PZN 17160937, Art. 2707 &#8211; PZN 17160943<\/p>\n<p>Safe Light -nitriilik\u00e4sineiden ominaisuudet: Korkealaatuiset yleisk\u00e4sineet suojaus viruksia, bakteereja ja sieni\u00e4 vastaan kest\u00e4\u00e4 kemikaaleja ja liuottimia kest\u00e4v\u00e4, \u00f6ljy- ja rasvankest\u00e4v\u00e4 todennettu vuosien ajan ja monik\u00e4ytt\u00f6inen Koot XS<\/p>\n<div><\/div>\n<p>\u00e4 XXL:\u00e4\u00e4n (apua oikean koon valintaan l\u00f6ytyy t\u00e4\u00e4lt\u00e4) Saatavilla 9 v\u00e4riss\u00e4 \u2013 sopii my\u00f6s v\u00e4rij\u00e4rjestelm\u00e4\u00e4si puuteriton, steriloimaton, valmistettu kevyest\u00e4 nitriilist\u00e4 eritt\u00e4in hyv\u00e4 kosketustuntuma hyv\u00e4n istuvuuden ansiosta kuvioitu pinta paremman pidon takaamiseksi Tarkoitus Kolmansien osapuolten suojaksi (suojelu bakteerien levi\u00e4miselt\u00e4) sairaalassa ja hoitoty\u00f6ss\u00e4<\/p>\n<p>Toiminta-alue elintarvike- ja l\u00e4\u00e4ketieteelliseen k\u00e4ytt\u00f6\u00f6n<\/p>\n<div class=\"row moze-left\">\n<div class=\"col-md-12 col-lg-12 product-detail-description-text\">\n<h3>Functional range<\/h3>\n<p>for food and medical purposes<\/p>\n<\/div>\n<\/div>\n<div class=\"row properties-row moze-left\">\n<div class=\"col-md-12 col-lg-6 properties-container\">\n<h3 class=\"moze-left\">Properties<\/h3>\n<div class=\"product-detail-properties\">\n<div class=\"row product-detail-properties-container\">\n<div class=\"col-md-12 col-lg-12\">\n<table class=\"table table-striped product-detail-properties-table\">\n<tbody>\n<tr class=\"properties-row\">\n<th class=\"properties-label\">Powdering:<\/th>\n<td class=\"properties-value\">powder-free<\/td>\n<\/tr>\n<tr class=\"properties-row\">\n<th class=\"properties-label\">Quality level:<\/th>\n<td class=\"properties-value\"><img decoding=\"async\" class=\"property-logo\" title=\"5 of 8\" src=\"https:\/\/www.franz-mensch.de\/media\/99\/bf\/68\/1702988519\/5-8.jpg\" alt=\"5 of 8\" \/><\/td>\n<\/tr>\n<tr class=\"properties-row\">\n<th class=\"properties-label\">Type of inner packaging:<\/th>\n<td class=\"properties-value\">cardboard<\/td>\n<\/tr>\n<tr class=\"properties-row\">\n<th class=\"properties-label\">Type of outer packaging:<\/th>\n<td class=\"properties-value\">cardboard<\/td>\n<\/tr>\n<tr class=\"properties-row\">\n<th class=\"properties-label\">chemical resistance:<\/th>\n<td class=\"properties-value\"><img decoding=\"async\" class=\"property-logo\" title=\"5 of 8\" src=\"https:\/\/www.franz-mensch.de\/media\/99\/bf\/68\/1702988519\/5-8.jpg\" alt=\"5 of 8\" \/><\/td>\n<\/tr>\n<tr class=\"properties-row\">\n<th class=\"properties-label\">material:<\/th>\n<td class=\"properties-value\">nitrile<\/td>\n<\/tr>\n<tr class=\"properties-row\">\n<th class=\"properties-label\">oil and grease resistance :<\/th>\n<td class=\"properties-value\"><img decoding=\"async\" class=\"property-logo\" title=\"5 of 8\" src=\"https:\/\/www.franz-mensch.de\/media\/99\/bf\/68\/1702988519\/5-8.jpg\" alt=\"5 of 8\" \/><\/td>\n<\/tr>\n<tr class=\"properties-row\">\n<th class=\"properties-label\">sensitivity:<\/th>\n<td class=\"properties-value\"><img decoding=\"async\" class=\"property-logo\" title=\"8 of 8\" src=\"https:\/\/www.franz-mensch.de\/media\/6a\/b5\/4b\/1702988597\/8-8.jpg\" alt=\"8 of 8\" \/><\/td>\n<\/tr>\n<\/tbody>\n<\/table>\n<\/div>\n<\/div>\n<\/div>\n<\/div>\n<div class=\"col-md-12 col-lg-6 norms-container\">\n<h3 class=\"moze-left\">Certifications \/ Standards<\/h3>\n<div class=\"product-detail-properties\">\n<div class=\"row product-detail-properties-container\">\n<div class=\"col-md-12 col-lg-12\">\n<table class=\"table table-striped product-detail-properties-table\">\n<tbody>\n<tr class=\"properties-row\">\n<td class=\"properties-value\">CE 2777 PSA VO (EU) 2016-425<\/td>\n<\/tr>\n<tr class=\"properties-row\">\n<td class=\"properties-value\">CAT 3<\/td>\n<\/tr>\n<tr class=\"properties-row\">\n<td class=\"properties-value\">EN 420:2003+A1:2009<\/td>\n<\/tr>\n<tr class=\"properties-row\">\n<td class=\"properties-value\">EN 374-5:2016 VIRUS<\/td>\n<\/tr>\n<tr class=\"properties-row\">\n<td class=\"properties-value\">EN ISO 374-1:2016 KPT Typ B<\/td>\n<\/tr>\n<tr class=\"properties-row\">\n<td class=\"properties-value\">Medical Device<\/td>\n<\/tr>\n<tr class=\"properties-row\">\n<td class=\"properties-value\">EN 455 1-4<\/td>\n<\/tr>\n<tr class=\"properties-row\">\n<td class=\"properties-value\">AQL 1,5<\/td>\n<\/tr>\n<tr class=\"properties-row\">\n<td class=\"properties-value\">food safe<\/td>\n<\/tr>\n<\/tbody>\n<\/table>\n<\/div>\n<\/div>\n<\/div>\n<\/div>\n<\/div>\n<p><img decoding=\"async\" src=\"https:\/\/www.franz-mensch.de\/media\/c8\/f2\/99\/1669132437\/Handschuhgr%C3%B6%C3%9Fen_eng.JPG\" \/><\/p>","protected":false},"excerpt":{"rendered":"<p class=\"qtranxs-available-languages-message qtranxs-available-languages-message-fi\">T\u00e4m\u00e4 teksti on valitettavasti saatavilla vain kielill\u00e4: <a href=\"https:\/\/valika.eu\/et\/wp-json\/wp\/v2\/product\/10300\" class=\"qtranxs-available-language-link qtranxs-available-language-link-et\" title=\"Eesti\">Eesti<\/a>.<\/p>\n<p>K\u00f5rgekvaliteediline universaalkinnas kaitse viiruste, bakterite ja seente eest kemikaalide ja lahustite suhtes vastupidav vastupidav rasvale ja \u00f5lile<\/p>\n","protected":false},"featured_media":10307,"template":"","meta":[],"product_brand":[],"product_cat":[27],"product_tag":[],"class_list":{"0":"post-10300","1":"product","2":"type-product","3":"status-publish","4":"has-post-thumbnail","6":"product_cat-kindad","8":"first","9":"outofstock","10":"taxable","11":"shipping-taxable","12":"purchasable","13":"product-type-simple"},"yoast_head":"<!-- This site is optimized with the Yoast SEO plugin v24.4 - https:\/\/yoast.com\/wordpress\/plugins\/seo\/ -->\n<title>XS-Hygostar Safe Light-nitriilik\u00e4sineet sininen | Valika<\/title>\n<meta name=\"description\" content=\"&quot;Safe Light -nitrailik\u00e4sineet on valmistettu kevyest\u00e4 nitrailimateriaalista, ne ovat steriilej\u00e4 ja puuterittomia. N\u00e4m\u00e4 kertak\u00e4ytt\u00f6iset k\u00e4sineet tarjoavat erinomaisen tuntuman ja suojan kemikaaleilta, viruksilta ja bakteereilta.&quot;\" \/>\n<meta name=\"robots\" content=\"index, follow, max-snippet:-1, max-image-preview:large, max-video-preview:-1\" \/>\n<link rel=\"canonical\" href=\"https:\/\/valika.eu\/fi\/toode\/xs-nitriilkindad-hygostar-safe-light-sinised\/\" \/>\n<meta property=\"og:locale\" content=\"fi_FI\" \/>\n<meta property=\"og:type\" content=\"article\" \/>\n<meta property=\"og:title\" content=\"XS-Hygostar Safe Light-nitriilik\u00e4sineet sininen | Valika\" \/>\n<meta property=\"og:description\" content=\"&quot;Safe Light -nitrailik\u00e4sineet on valmistettu kevyest\u00e4 nitrailimateriaalista, ne ovat steriilej\u00e4 ja puuterittomia. N\u00e4m\u00e4 kertak\u00e4ytt\u00f6iset k\u00e4sineet tarjoavat erinomaisen tuntuman ja suojan kemikaaleilta, viruksilta ja bakteereilta.&quot;\" \/>\n<meta property=\"og:url\" content=\"https:\/\/valika.eu\/fi\/toode\/xs-nitriilkindad-hygostar-safe-light-sinised\/\" \/>\n<meta property=\"og:site_name\" content=\"Valika\" \/>\n<meta property=\"article:publisher\" content=\"https:\/\/www.facebook.com\/tipsi.net\" \/>\n<meta property=\"article:modified_time\" content=\"2025-11-18T11:39:00+00:00\" \/>\n<meta property=\"og:image\" content=\"https:\/\/valika.eu\/wp-content\/uploads\/2024\/11\/2700si.webp\" \/>\n\t<meta property=\"og:image:width\" content=\"872\" \/>\n\t<meta property=\"og:image:height\" content=\"872\" \/>\n\t<meta property=\"og:image:type\" content=\"image\/webp\" \/>\n<meta name=\"twitter:card\" content=\"summary_large_image\" \/>\n<script type=\"application\/ld+json\" class=\"yoast-schema-graph\">{\"@context\":\"https:\/\/schema.org\",\"@graph\":[{\"@type\":\"WebPage\",\"@id\":\"https:\/\/valika.eu\/fi\/toode\/xs-nitriilkindad-hygostar-safe-light-sinised\/\",\"url\":\"https:\/\/valika.eu\/fi\/toode\/xs-nitriilkindad-hygostar-safe-light-sinised\/\",\"name\":\"XS-Hygostar Safe Light-nitriilik\u00e4sineet sininen | Valika\",\"isPartOf\":{\"@id\":\"https:\/\/valika.eu\/fi\/#website\"},\"primaryImageOfPage\":{\"@id\":\"https:\/\/valika.eu\/fi\/toode\/xs-nitriilkindad-hygostar-safe-light-sinised\/#primaryimage\"},\"image\":{\"@id\":\"https:\/\/valika.eu\/toode\/xs-nitriilkindad-hygostar-safe-light-sinised\/#primaryimage\"},\"thumbnailUrl\":\"https:\/\/valika.eu\/wp-content\/uploads\/2024\/11\/2700si.webp\",\"datePublished\":\"2024-11-15T11:56:18+00:00\",\"dateModified\":\"2025-11-18T11:39:00+00:00\",\"description\":\"\\\"Safe Light -nitrailik\u00e4sineet on valmistettu kevyest\u00e4 nitrailimateriaalista, ne ovat steriilej\u00e4 ja puuterittomia. N\u00e4m\u00e4 kertak\u00e4ytt\u00f6iset k\u00e4sineet tarjoavat erinomaisen tuntuman ja suojan kemikaaleilta, viruksilta ja bakteereilta.\\\"\",\"breadcrumb\":{\"@id\":\"https:\/\/valika.eu\/fi\/toode\/xs-nitriilkindad-hygostar-safe-light-sinised\/#breadcrumb\"},\"inLanguage\":\"fi\",\"potentialAction\":[{\"@type\":\"ReadAction\",\"target\":[[\"https:\/\/valika.eu\/fi\/toode\/xs-nitriilkindad-hygostar-safe-light-sinised\/\"]]}]},{\"@type\":\"ImageObject\",\"inLanguage\":\"fi\",\"@id\":\"https:\/\/valika.eu\/fi\/toode\/xs-nitriilkindad-hygostar-safe-light-sinised\/#primaryimage\",\"url\":\"https:\/\/valika.eu\/wp-content\/uploads\/2024\/11\/2700si.webp\",\"contentUrl\":\"https:\/\/valika.eu\/wp-content\/uploads\/2024\/11\/2700si.webp\",\"width\":872,\"height\":872},{\"@type\":\"BreadcrumbList\",\"@id\":\"https:\/\/valika.eu\/fi\/toode\/xs-nitriilkindad-hygostar-safe-light-sinised\/#breadcrumb\",\"itemListElement\":[{\"@type\":\"ListItem\",\"position\":1,\"name\":\"Koti\",\"item\":\"https:\/\/valika.eu\/fi\/\"},{\"@type\":\"ListItem\",\"position\":2,\"name\":\"Shop\",\"item\":\"https:\/\/valika.eu\/fi\/\"},{\"@type\":\"ListItem\",\"position\":3,\"name\":\"XS-Nitriilkindad Hygostar Safe Light sinised\"}]},{\"@type\":\"WebSite\",\"@id\":\"https:\/\/valika.eu\/fi\/#website\",\"url\":\"https:\/\/valika.eu\/fi\/\",\"name\":\"Valika.eu\",\"description\":\"Salonkituotteet ja kauneudenhoitotuotteet - Valika tarjoaa laajan valikoiman tuotteita ja tarvikkeita kynsiteknikoille, kauneushoitoloille, kampaamoille ja kampaamoille.\",\"publisher\":{\"@id\":\"https:\/\/valika.eu\/fi\/#organization\"},\"alternateName\":\"Valika\",\"potentialAction\":[{\"@type\":\"SearchAction\",\"target\":{\"@type\":\"EntryPoint\",\"urlTemplate\":\"https:\/\/valika.eu\/fi\/?s={search_term_string}\"},\"query-input\":{\"@type\":\"PropertyValueSpecification\",\"valueRequired\":true,\"valueName\":\"search_term_string\"}}],\"inLanguage\":\"fi\"},{\"@type\":\"Organization\",\"@id\":\"https:\/\/valika.eu\/fi\/#organization\",\"name\":\"Salongitoode O\u00dc\",\"alternateName\":\"Valika\",\"url\":\"https:\/\/valika.eu\/fi\/\",\"logo\":{\"@type\":\"ImageObject\",\"inLanguage\":\"fi\",\"@id\":\"https:\/\/valika.eu\/fi\/#\/schema\/logo\/image\/\",\"url\":\"https:\/\/valika.eu\/wp-content\/uploads\/2023\/11\/logo2-valika-footer.png\",\"contentUrl\":\"https:\/\/valika.eu\/wp-content\/uploads\/2023\/11\/logo2-valika-footer.png\",\"width\":200,\"height\":129,\"caption\":\"Salongitoode O\u00dc\"},\"image\":{\"@id\":\"https:\/\/valika.eu\/fi\/#\/schema\/logo\/image\/\"},\"sameAs\":[\"https:\/\/www.facebook.com\/tipsi.net\"]}]}<\/script>\n<!-- \/ Yoast SEO plugin. -->","yoast_head_json":{"title":"XS-Hygostar Safe Light-nitriilik\u00e4sineet sininen | Valika","description":"\"Safe Light -nitrailik\u00e4sineet on valmistettu kevyest\u00e4 nitrailimateriaalista, ne ovat steriilej\u00e4 ja puuterittomia. N\u00e4m\u00e4 kertak\u00e4ytt\u00f6iset k\u00e4sineet tarjoavat erinomaisen tuntuman ja suojan kemikaaleilta, viruksilta ja bakteereilta.\"","robots":{"index":"index","follow":"follow","max-snippet":"max-snippet:-1","max-image-preview":"max-image-preview:large","max-video-preview":"max-video-preview:-1"},"canonical":"https:\/\/valika.eu\/fi\/toode\/xs-nitriilkindad-hygostar-safe-light-sinised\/","og_locale":"fi_FI","og_type":"article","og_title":"XS-Hygostar Safe Light-nitriilik\u00e4sineet sininen | Valika","og_description":"\"Safe Light -nitrailik\u00e4sineet on valmistettu kevyest\u00e4 nitrailimateriaalista, ne ovat steriilej\u00e4 ja puuterittomia. N\u00e4m\u00e4 kertak\u00e4ytt\u00f6iset k\u00e4sineet tarjoavat erinomaisen tuntuman ja suojan kemikaaleilta, viruksilta ja bakteereilta.\"","og_url":"https:\/\/valika.eu\/fi\/toode\/xs-nitriilkindad-hygostar-safe-light-sinised\/","og_site_name":"Valika","article_publisher":"https:\/\/www.facebook.com\/tipsi.net","article_modified_time":"2025-11-18T11:39:00+00:00","og_image":[{"width":872,"height":872,"url":"https:\/\/valika.eu\/wp-content\/uploads\/2024\/11\/2700si.webp","type":"image\/webp"}],"twitter_card":"summary_large_image","schema":{"@context":"https:\/\/schema.org","@graph":[{"@type":"WebPage","@id":"https:\/\/valika.eu\/fi\/toode\/xs-nitriilkindad-hygostar-safe-light-sinised\/","url":"https:\/\/valika.eu\/fi\/toode\/xs-nitriilkindad-hygostar-safe-light-sinised\/","name":"XS-Hygostar Safe Light-nitriilik\u00e4sineet sininen | Valika","isPartOf":{"@id":"https:\/\/valika.eu\/fi\/#website"},"primaryImageOfPage":{"@id":"https:\/\/valika.eu\/fi\/toode\/xs-nitriilkindad-hygostar-safe-light-sinised\/#primaryimage"},"image":{"@id":"https:\/\/valika.eu\/toode\/xs-nitriilkindad-hygostar-safe-light-sinised\/#primaryimage"},"thumbnailUrl":"https:\/\/valika.eu\/wp-content\/uploads\/2024\/11\/2700si.webp","datePublished":"2024-11-15T11:56:18+00:00","dateModified":"2025-11-18T11:39:00+00:00","description":"\"Safe Light -nitrailik\u00e4sineet on valmistettu kevyest\u00e4 nitrailimateriaalista, ne ovat steriilej\u00e4 ja puuterittomia. N\u00e4m\u00e4 kertak\u00e4ytt\u00f6iset k\u00e4sineet tarjoavat erinomaisen tuntuman ja suojan kemikaaleilta, viruksilta ja bakteereilta.\"","breadcrumb":{"@id":"https:\/\/valika.eu\/fi\/toode\/xs-nitriilkindad-hygostar-safe-light-sinised\/#breadcrumb"},"inLanguage":"fi","potentialAction":[{"@type":"ReadAction","target":[["https:\/\/valika.eu\/fi\/toode\/xs-nitriilkindad-hygostar-safe-light-sinised\/"]]}]},{"@type":"ImageObject","inLanguage":"fi","@id":"https:\/\/valika.eu\/fi\/toode\/xs-nitriilkindad-hygostar-safe-light-sinised\/#primaryimage","url":"https:\/\/valika.eu\/wp-content\/uploads\/2024\/11\/2700si.webp","contentUrl":"https:\/\/valika.eu\/wp-content\/uploads\/2024\/11\/2700si.webp","width":872,"height":872},{"@type":"BreadcrumbList","@id":"https:\/\/valika.eu\/fi\/toode\/xs-nitriilkindad-hygostar-safe-light-sinised\/#breadcrumb","itemListElement":[{"@type":"ListItem","position":1,"name":"Koti","item":"https:\/\/valika.eu\/fi\/"},{"@type":"ListItem","position":2,"name":"Shop","item":"https:\/\/valika.eu\/fi\/"},{"@type":"ListItem","position":3,"name":"XS-Nitriilkindad Hygostar Safe Light sinised"}]},{"@type":"WebSite","@id":"https:\/\/valika.eu\/fi\/#website","url":"https:\/\/valika.eu\/fi\/","name":"Valika.eu","description":"Salonkituotteet ja kauneudenhoitotuotteet - Valika tarjoaa laajan valikoiman tuotteita ja tarvikkeita kynsiteknikoille, kauneushoitoloille, kampaamoille ja kampaamoille.","publisher":{"@id":"https:\/\/valika.eu\/fi\/#organization"},"alternateName":"Valika","potentialAction":[{"@type":"SearchAction","target":{"@type":"EntryPoint","urlTemplate":"https:\/\/valika.eu\/fi\/?s={search_term_string}"},"query-input":{"@type":"PropertyValueSpecification","valueRequired":true,"valueName":"search_term_string"}}],"inLanguage":"fi"},{"@type":"Organization","@id":"https:\/\/valika.eu\/fi\/#organization","name":"Salongitoode O\u00dc","alternateName":"Valika","url":"https:\/\/valika.eu\/fi\/","logo":{"@type":"ImageObject","inLanguage":"fi","@id":"https:\/\/valika.eu\/fi\/#\/schema\/logo\/image\/","url":"https:\/\/valika.eu\/wp-content\/uploads\/2023\/11\/logo2-valika-footer.png","contentUrl":"https:\/\/valika.eu\/wp-content\/uploads\/2023\/11\/logo2-valika-footer.png","width":200,"height":129,"caption":"Salongitoode O\u00dc"},"image":{"@id":"https:\/\/valika.eu\/fi\/#\/schema\/logo\/image\/"},"sameAs":["https:\/\/www.facebook.com\/tipsi.net"]}]}},"jetpack_sharing_enabled":true,"_links":{"self":[{"href":"https:\/\/valika.eu\/fi\/wp-json\/wp\/v2\/product\/10300","targetHints":{"allow":["GET"]}}],"collection":[{"href":"https:\/\/valika.eu\/fi\/wp-json\/wp\/v2\/product"}],"about":[{"href":"https:\/\/valika.eu\/fi\/wp-json\/wp\/v2\/types\/product"}],"wp:featuredmedia":[{"embeddable":true,"href":"https:\/\/valika.eu\/fi\/wp-json\/wp\/v2\/media\/10307"}],"wp:attachment":[{"href":"https:\/\/valika.eu\/fi\/wp-json\/wp\/v2\/media?parent=10300"}],"wp:term":[{"taxonomy":"product_brand","embeddable":true,"href":"https:\/\/valika.eu\/fi\/wp-json\/wp\/v2\/product_brand?post=10300"},{"taxonomy":"product_cat","embeddable":true,"href":"https:\/\/valika.eu\/fi\/wp-json\/wp\/v2\/product_cat?post=10300"},{"taxonomy":"product_tag","embeddable":true,"href":"https:\/\/valika.eu\/fi\/wp-json\/wp\/v2\/product_tag?post=10300"}],"curies":[{"name":"wp","href":"https:\/\/api.w.org\/{rel}","templated":true}]}}