{"id":10308,"date":"2024-11-15T14:27:09","date_gmt":"2024-11-15T12:27:09","guid":{"rendered":"https:\/\/valika.eu\/?post_type=product&#038;p=10308"},"modified":"2025-07-02T05:03:21","modified_gmt":"2025-07-02T02:03:21","slug":"m-kummikindad-lateks-bettina-1-paar","status":"publish","type":"product","link":"https:\/\/valika.eu\/fi\/toode\/m-kummikindad-lateks-bettina-1-paar\/","title":{"rendered":"M-Kumik\u00e4sineet lateksi Bettina 1 pari"},"content":{"rendered":"<p>- Luonnolliset lateksik\u00e4sineet puuvillavuorilla. Soveltuu elintarvikkeiden k\u00e4sittelyyn. Kohokuvioitu k\u00e4mmen ja sormenp\u00e4\u00e4t. Bettina-kotik\u00e4sineet suojaavat hyvin puhdistusaineita, em\u00e4ksi\u00e4 ja kosteutta vastaan. Eritt\u00e4in kest\u00e4v\u00e4t ja uudelleenk\u00e4ytett\u00e4v\u00e4t kumihanskat. Puuvillavuori lis\u00e4\u00e4 k\u00e4ytt\u00f6mukavuutta. Korkea lateksipitoisuus antaa hyv\u00e4n elastisuuden. 1 pari<\/p>\n<p>Sertifikaatit:<\/p>\n<p>CE-merkki<\/p>\n<p>Elintarviketurvallisuustodistus<\/p>","protected":false},"excerpt":{"rendered":"<p>-Materiaali: lateksi, puuvillamuruvuori<\/p>\n<p>-Materiaalin paksuus on 0,45 mm<\/p>\n<p>&#8211; Soveltuu elintarvikkeiden k\u00e4sittelyyn<\/p>\n","protected":false},"featured_media":10309,"template":"","meta":[],"product_brand":[],"product_cat":[27],"product_tag":[],"class_list":{"0":"post-10308","1":"product","2":"type-product","3":"status-publish","4":"has-post-thumbnail","6":"product_cat-kindad","8":"first","9":"instock","10":"taxable","11":"shipping-taxable","12":"purchasable","13":"product-type-simple"},"yoast_head":"<!-- This site is optimized with the Yoast SEO plugin v24.4 - https:\/\/yoast.com\/wordpress\/plugins\/seo\/ -->\n<title>M-Kumik\u00e4sineet lateksi Bettina 1 pari | Valika<\/title>\n<meta name=\"robots\" content=\"index, follow, max-snippet:-1, max-image-preview:large, max-video-preview:-1\" \/>\n<link rel=\"canonical\" href=\"https:\/\/valika.eu\/fi\/toode\/m-kummikindad-lateks-bettina-1-paar\/\" \/>\n<meta property=\"og:locale\" content=\"fi_FI\" \/>\n<meta property=\"og:type\" content=\"article\" \/>\n<meta property=\"og:title\" content=\"M-Kumik\u00e4sineet lateksi Bettina 1 pari | Valika\" \/>\n<meta property=\"og:description\" content=\"-Materiaali: lateksi, puuvillamuruvuori  -Materiaalin paksuus on 0,45 mm  - Soveltuu elintarvikkeiden k\u00e4sittelyyn\" \/>\n<meta property=\"og:url\" content=\"https:\/\/valika.eu\/fi\/toode\/m-kummikindad-lateks-bettina-1-paar\/\" \/>\n<meta property=\"og:site_name\" content=\"Valika\" \/>\n<meta property=\"article:publisher\" content=\"https:\/\/www.facebook.com\/tipsi.net\" \/>\n<meta property=\"article:modified_time\" content=\"2025-07-02T02:03:21+00:00\" \/>\n<meta property=\"og:image\" content=\"https:\/\/valika.eu\/wp-content\/uploads\/2024\/11\/bettina_kindad.webp\" \/>\n\t<meta property=\"og:image:width\" content=\"665\" \/>\n\t<meta property=\"og:image:height\" content=\"665\" \/>\n\t<meta property=\"og:image:type\" content=\"image\/webp\" \/>\n<meta name=\"twitter:card\" content=\"summary_large_image\" \/>\n<script type=\"application\/ld+json\" class=\"yoast-schema-graph\">{\"@context\":\"https:\/\/schema.org\",\"@graph\":[{\"@type\":\"WebPage\",\"@id\":\"https:\/\/valika.eu\/fi\/toode\/m-kummikindad-lateks-bettina-1-paar\/\",\"url\":\"https:\/\/valika.eu\/fi\/toode\/m-kummikindad-lateks-bettina-1-paar\/\",\"name\":\"M-Kumik\u00e4sineet lateksi Bettina 1 pari | Valika\",\"isPartOf\":{\"@id\":\"https:\/\/valika.eu\/fi\/#website\"},\"primaryImageOfPage\":{\"@id\":\"https:\/\/valika.eu\/fi\/toode\/m-kummikindad-lateks-bettina-1-paar\/#primaryimage\"},\"image\":{\"@id\":\"https:\/\/valika.eu\/toode\/m-kummikindad-lateks-bettina-1-paar\/#primaryimage\"},\"thumbnailUrl\":\"https:\/\/valika.eu\/wp-content\/uploads\/2024\/11\/bettina_kindad.webp\",\"datePublished\":\"2024-11-15T12:27:09+00:00\",\"dateModified\":\"2025-07-02T02:03:21+00:00\",\"breadcrumb\":{\"@id\":\"https:\/\/valika.eu\/fi\/toode\/m-kummikindad-lateks-bettina-1-paar\/#breadcrumb\"},\"inLanguage\":\"fi\",\"potentialAction\":[{\"@type\":\"ReadAction\",\"target\":[[\"https:\/\/valika.eu\/fi\/toode\/m-kummikindad-lateks-bettina-1-paar\/\"]]}]},{\"@type\":\"ImageObject\",\"inLanguage\":\"fi\",\"@id\":\"https:\/\/valika.eu\/fi\/toode\/m-kummikindad-lateks-bettina-1-paar\/#primaryimage\",\"url\":\"https:\/\/valika.eu\/wp-content\/uploads\/2024\/11\/bettina_kindad.webp\",\"contentUrl\":\"https:\/\/valika.eu\/wp-content\/uploads\/2024\/11\/bettina_kindad.webp\",\"width\":665,\"height\":665},{\"@type\":\"BreadcrumbList\",\"@id\":\"https:\/\/valika.eu\/fi\/toode\/m-kummikindad-lateks-bettina-1-paar\/#breadcrumb\",\"itemListElement\":[{\"@type\":\"ListItem\",\"position\":1,\"name\":\"Koti\",\"item\":\"https:\/\/valika.eu\/fi\/\"},{\"@type\":\"ListItem\",\"position\":2,\"name\":\"Shop\",\"item\":\"https:\/\/valika.eu\/fi\/\"},{\"@type\":\"ListItem\",\"position\":3,\"name\":\"M-Rubber gloves latex Bettina 1 pair\"}]},{\"@type\":\"WebSite\",\"@id\":\"https:\/\/valika.eu\/fi\/#website\",\"url\":\"https:\/\/valika.eu\/fi\/\",\"name\":\"Valika.eu\",\"description\":\"Salonkituotteet ja kauneudenhoitotuotteet - Valika tarjoaa laajan valikoiman tuotteita ja tarvikkeita kynsiteknikoille, kauneushoitoloille, kampaamoille ja kampaamoille.\",\"publisher\":{\"@id\":\"https:\/\/valika.eu\/fi\/#organization\"},\"alternateName\":\"Valika\",\"potentialAction\":[{\"@type\":\"SearchAction\",\"target\":{\"@type\":\"EntryPoint\",\"urlTemplate\":\"https:\/\/valika.eu\/fi\/?s={search_term_string}\"},\"query-input\":{\"@type\":\"PropertyValueSpecification\",\"valueRequired\":true,\"valueName\":\"search_term_string\"}}],\"inLanguage\":\"fi\"},{\"@type\":\"Organization\",\"@id\":\"https:\/\/valika.eu\/fi\/#organization\",\"name\":\"Salongitoode O\u00dc\",\"alternateName\":\"Valika\",\"url\":\"https:\/\/valika.eu\/fi\/\",\"logo\":{\"@type\":\"ImageObject\",\"inLanguage\":\"fi\",\"@id\":\"https:\/\/valika.eu\/fi\/#\/schema\/logo\/image\/\",\"url\":\"https:\/\/valika.eu\/wp-content\/uploads\/2023\/11\/logo2-valika-footer.png\",\"contentUrl\":\"https:\/\/valika.eu\/wp-content\/uploads\/2023\/11\/logo2-valika-footer.png\",\"width\":200,\"height\":129,\"caption\":\"Salongitoode O\u00dc\"},\"image\":{\"@id\":\"https:\/\/valika.eu\/fi\/#\/schema\/logo\/image\/\"},\"sameAs\":[\"https:\/\/www.facebook.com\/tipsi.net\"]}]}<\/script>\n<!-- \/ Yoast SEO plugin. -->","yoast_head_json":{"title":"M-Kumik\u00e4sineet lateksi Bettina 1 pari | Valika","robots":{"index":"index","follow":"follow","max-snippet":"max-snippet:-1","max-image-preview":"max-image-preview:large","max-video-preview":"max-video-preview:-1"},"canonical":"https:\/\/valika.eu\/fi\/toode\/m-kummikindad-lateks-bettina-1-paar\/","og_locale":"fi_FI","og_type":"article","og_title":"M-Kumik\u00e4sineet lateksi Bettina 1 pari | Valika","og_description":"-Materiaali: lateksi, puuvillamuruvuori  -Materiaalin paksuus on 0,45 mm  - Soveltuu elintarvikkeiden k\u00e4sittelyyn","og_url":"https:\/\/valika.eu\/fi\/toode\/m-kummikindad-lateks-bettina-1-paar\/","og_site_name":"Valika","article_publisher":"https:\/\/www.facebook.com\/tipsi.net","article_modified_time":"2025-07-02T02:03:21+00:00","og_image":[{"width":665,"height":665,"url":"https:\/\/valika.eu\/wp-content\/uploads\/2024\/11\/bettina_kindad.webp","type":"image\/webp"}],"twitter_card":"summary_large_image","schema":{"@context":"https:\/\/schema.org","@graph":[{"@type":"WebPage","@id":"https:\/\/valika.eu\/fi\/toode\/m-kummikindad-lateks-bettina-1-paar\/","url":"https:\/\/valika.eu\/fi\/toode\/m-kummikindad-lateks-bettina-1-paar\/","name":"M-Kumik\u00e4sineet lateksi Bettina 1 pari | Valika","isPartOf":{"@id":"https:\/\/valika.eu\/fi\/#website"},"primaryImageOfPage":{"@id":"https:\/\/valika.eu\/fi\/toode\/m-kummikindad-lateks-bettina-1-paar\/#primaryimage"},"image":{"@id":"https:\/\/valika.eu\/toode\/m-kummikindad-lateks-bettina-1-paar\/#primaryimage"},"thumbnailUrl":"https:\/\/valika.eu\/wp-content\/uploads\/2024\/11\/bettina_kindad.webp","datePublished":"2024-11-15T12:27:09+00:00","dateModified":"2025-07-02T02:03:21+00:00","breadcrumb":{"@id":"https:\/\/valika.eu\/fi\/toode\/m-kummikindad-lateks-bettina-1-paar\/#breadcrumb"},"inLanguage":"fi","potentialAction":[{"@type":"ReadAction","target":[["https:\/\/valika.eu\/fi\/toode\/m-kummikindad-lateks-bettina-1-paar\/"]]}]},{"@type":"ImageObject","inLanguage":"fi","@id":"https:\/\/valika.eu\/fi\/toode\/m-kummikindad-lateks-bettina-1-paar\/#primaryimage","url":"https:\/\/valika.eu\/wp-content\/uploads\/2024\/11\/bettina_kindad.webp","contentUrl":"https:\/\/valika.eu\/wp-content\/uploads\/2024\/11\/bettina_kindad.webp","width":665,"height":665},{"@type":"BreadcrumbList","@id":"https:\/\/valika.eu\/fi\/toode\/m-kummikindad-lateks-bettina-1-paar\/#breadcrumb","itemListElement":[{"@type":"ListItem","position":1,"name":"Koti","item":"https:\/\/valika.eu\/fi\/"},{"@type":"ListItem","position":2,"name":"Shop","item":"https:\/\/valika.eu\/fi\/"},{"@type":"ListItem","position":3,"name":"M-Rubber gloves latex Bettina 1 pair"}]},{"@type":"WebSite","@id":"https:\/\/valika.eu\/fi\/#website","url":"https:\/\/valika.eu\/fi\/","name":"Valika.eu","description":"Salonkituotteet ja kauneudenhoitotuotteet - Valika tarjoaa laajan valikoiman tuotteita ja tarvikkeita kynsiteknikoille, kauneushoitoloille, kampaamoille ja kampaamoille.","publisher":{"@id":"https:\/\/valika.eu\/fi\/#organization"},"alternateName":"Valika","potentialAction":[{"@type":"SearchAction","target":{"@type":"EntryPoint","urlTemplate":"https:\/\/valika.eu\/fi\/?s={search_term_string}"},"query-input":{"@type":"PropertyValueSpecification","valueRequired":true,"valueName":"search_term_string"}}],"inLanguage":"fi"},{"@type":"Organization","@id":"https:\/\/valika.eu\/fi\/#organization","name":"Salongitoode O\u00dc","alternateName":"Valika","url":"https:\/\/valika.eu\/fi\/","logo":{"@type":"ImageObject","inLanguage":"fi","@id":"https:\/\/valika.eu\/fi\/#\/schema\/logo\/image\/","url":"https:\/\/valika.eu\/wp-content\/uploads\/2023\/11\/logo2-valika-footer.png","contentUrl":"https:\/\/valika.eu\/wp-content\/uploads\/2023\/11\/logo2-valika-footer.png","width":200,"height":129,"caption":"Salongitoode O\u00dc"},"image":{"@id":"https:\/\/valika.eu\/fi\/#\/schema\/logo\/image\/"},"sameAs":["https:\/\/www.facebook.com\/tipsi.net"]}]}},"jetpack_sharing_enabled":true,"_links":{"self":[{"href":"https:\/\/valika.eu\/fi\/wp-json\/wp\/v2\/product\/10308","targetHints":{"allow":["GET"]}}],"collection":[{"href":"https:\/\/valika.eu\/fi\/wp-json\/wp\/v2\/product"}],"about":[{"href":"https:\/\/valika.eu\/fi\/wp-json\/wp\/v2\/types\/product"}],"wp:featuredmedia":[{"embeddable":true,"href":"https:\/\/valika.eu\/fi\/wp-json\/wp\/v2\/media\/10309"}],"wp:attachment":[{"href":"https:\/\/valika.eu\/fi\/wp-json\/wp\/v2\/media?parent=10308"}],"wp:term":[{"taxonomy":"product_brand","embeddable":true,"href":"https:\/\/valika.eu\/fi\/wp-json\/wp\/v2\/product_brand?post=10308"},{"taxonomy":"product_cat","embeddable":true,"href":"https:\/\/valika.eu\/fi\/wp-json\/wp\/v2\/product_cat?post=10308"},{"taxonomy":"product_tag","embeddable":true,"href":"https:\/\/valika.eu\/fi\/wp-json\/wp\/v2\/product_tag?post=10308"}],"curies":[{"name":"wp","href":"https:\/\/api.w.org\/{rel}","templated":true}]}}