{"id":10330,"date":"2024-11-18T13:47:27","date_gmt":"2024-11-18T11:47:27","guid":{"rendered":"https:\/\/valika.eu\/?post_type=product&#038;p=10330"},"modified":"2026-04-04T18:16:14","modified_gmt":"2026-04-04T15:16:14","slug":"palu-primer-bonder-happevaba-10g","status":"publish","type":"product","link":"https:\/\/valika.eu\/fi\/toode\/palu-primer-bonder-happevaba-10g\/","title":{"rendered":"PALU Primer Bonder hapoton\/10g"},"content":{"rendered":"<p>Kynsiprimer on yksi t\u00e4rkeimmist\u00e4 tuotteista ammattimaisen manikyyrin tekemiseen. Se muodostaa kynnen pinnalle kerroksen, joka toimii kuin kaksipuolinen teippi, j\u00e4tt\u00e4en tahmean kerroksen, joka valmistaa kynnen seuraaviin muotoiluvaiheisiin. T\u00e4m\u00e4 varmistaa erinomaisen tarttuvuuden geelilakoille, hybrideille, akryylille ja akryyligeelille.<\/p>\n<p>Happovapaa koostumus<br \/>\nToimii kuin kaksipuolinen teippi, parantaen geelin, hybridin ja akryyligeelin tarttuvuutta<br \/>\nSopii kaikentyyppisille kynsille<br \/>\nHappovapaa koostumus ja ongelmakynnet<br \/>\nHappovapaa primer on primerityyppi, joka sopii kaikentyyppisille kynsille. Se on huomattavasti hell\u00e4varaisempi kuin hapan primer, joten se sopii my\u00f6s herkille kynsille.<\/p>\n<p>Koostumus: Ethyl Acetate, Isopropylidenediphenyl Bisoxyhydroxypropyl Methacrylate, HEMA, Hydroxypropyl Methacrylate<\/p>\n<p>K\u00e4ytt\u00f6ohjeet:<br \/>\nHio kynsipinta kiillotustyynyll\u00e4 ja pyyhi sitten cleanerilla kostutetulla vanulla. Levit\u00e4 sen j\u00e4lkeen ohut kerros primeria kynsipinnalle ja odota noin 30 sekuntia, kunnes aine haihtuu. \u00c4l\u00e4 koske ihoon.<\/p>\n<p>Tuote on tarkoitettu ammattik\u00e4ytt\u00f6\u00f6n.<\/p>","protected":false},"excerpt":{"rendered":"<p>Kynsiprimer on yksi t\u00e4rkeimmist\u00e4 tuotteista ammattimaisen manikyyrin tekemiseen. Se muodostaa kynnen pinnalle kerroksen, joka toimii kuin kaksipuolinen teippi, j\u00e4tt\u00e4en tahmean<\/p>\n","protected":false},"featured_media":10331,"template":"","meta":[],"product_brand":[],"product_cat":[616],"product_tag":[],"class_list":{"0":"post-10330","1":"product","2":"type-product","3":"status-publish","4":"has-post-thumbnail","6":"product_cat-primerbonder","8":"first","9":"instock","10":"taxable","11":"shipping-taxable","12":"purchasable","13":"product-type-simple"},"yoast_head":"<!-- This site is optimized with the Yoast SEO plugin v24.4 - https:\/\/yoast.com\/wordpress\/plugins\/seo\/ -->\n<title>PALU Primer Bonder hapoton\/10g | Valika<\/title>\n<meta name=\"robots\" content=\"index, follow, max-snippet:-1, max-image-preview:large, max-video-preview:-1\" \/>\n<link rel=\"canonical\" href=\"https:\/\/valika.eu\/fi\/toode\/palu-primer-bonder-happevaba-10g\/\" \/>\n<meta property=\"og:locale\" content=\"fi_FI\" \/>\n<meta property=\"og:type\" content=\"article\" \/>\n<meta property=\"og:title\" content=\"PALU Primer Bonder hapoton\/10g | Valika\" \/>\n<meta property=\"og:description\" content=\"Kynsiprimer on yksi t\u00e4rkeimmist\u00e4 tuotteista ammattimaisen manikyyrin tekemiseen. Se muodostaa kynnen pinnalle kerroksen, joka toimii kuin kaksipuolinen teippi, j\u00e4tt\u00e4en tahmean\" \/>\n<meta property=\"og:url\" content=\"https:\/\/valika.eu\/fi\/toode\/palu-primer-bonder-happevaba-10g\/\" \/>\n<meta property=\"og:site_name\" content=\"Valika\" \/>\n<meta property=\"article:publisher\" content=\"https:\/\/www.facebook.com\/tipsi.net\" \/>\n<meta property=\"article:modified_time\" content=\"2026-04-04T15:16:14+00:00\" \/>\n<meta property=\"og:image\" content=\"https:\/\/valika.eu\/wp-content\/uploads\/2024\/11\/Palu_BONDER.jpg\" \/>\n\t<meta property=\"og:image:width\" content=\"1500\" \/>\n\t<meta property=\"og:image:height\" content=\"1500\" \/>\n\t<meta property=\"og:image:type\" content=\"image\/jpeg\" \/>\n<meta name=\"twitter:card\" content=\"summary_large_image\" \/>\n<script type=\"application\/ld+json\" class=\"yoast-schema-graph\">{\"@context\":\"https:\/\/schema.org\",\"@graph\":[{\"@type\":\"WebPage\",\"@id\":\"https:\/\/valika.eu\/fi\/toode\/palu-primer-bonder-happevaba-10g\/\",\"url\":\"https:\/\/valika.eu\/fi\/toode\/palu-primer-bonder-happevaba-10g\/\",\"name\":\"PALU Primer Bonder hapoton\/10g | Valika\",\"isPartOf\":{\"@id\":\"https:\/\/valika.eu\/fi\/#website\"},\"primaryImageOfPage\":{\"@id\":\"https:\/\/valika.eu\/fi\/toode\/palu-primer-bonder-happevaba-10g\/#primaryimage\"},\"image\":{\"@id\":\"https:\/\/valika.eu\/toode\/palu-primer-bonder-happevaba-10g\/#primaryimage\"},\"thumbnailUrl\":\"https:\/\/valika.eu\/wp-content\/uploads\/2024\/11\/Palu_BONDER.jpg\",\"datePublished\":\"2024-11-18T11:47:27+00:00\",\"dateModified\":\"2026-04-04T15:16:14+00:00\",\"breadcrumb\":{\"@id\":\"https:\/\/valika.eu\/fi\/toode\/palu-primer-bonder-happevaba-10g\/#breadcrumb\"},\"inLanguage\":\"fi\",\"potentialAction\":[{\"@type\":\"ReadAction\",\"target\":[[\"https:\/\/valika.eu\/fi\/toode\/palu-primer-bonder-happevaba-10g\/\"]]}]},{\"@type\":\"ImageObject\",\"inLanguage\":\"fi\",\"@id\":\"https:\/\/valika.eu\/fi\/toode\/palu-primer-bonder-happevaba-10g\/#primaryimage\",\"url\":\"https:\/\/valika.eu\/wp-content\/uploads\/2024\/11\/Palu_BONDER.jpg\",\"contentUrl\":\"https:\/\/valika.eu\/wp-content\/uploads\/2024\/11\/Palu_BONDER.jpg\",\"width\":1500,\"height\":1500},{\"@type\":\"BreadcrumbList\",\"@id\":\"https:\/\/valika.eu\/fi\/toode\/palu-primer-bonder-happevaba-10g\/#breadcrumb\",\"itemListElement\":[{\"@type\":\"ListItem\",\"position\":1,\"name\":\"Koti\",\"item\":\"https:\/\/valika.eu\/fi\/\"},{\"@type\":\"ListItem\",\"position\":2,\"name\":\"Shop\",\"item\":\"https:\/\/valika.eu\/fi\/\"},{\"@type\":\"ListItem\",\"position\":3,\"name\":\"PALU Primer Bonder happevaba\/10g\"}]},{\"@type\":\"WebSite\",\"@id\":\"https:\/\/valika.eu\/fi\/#website\",\"url\":\"https:\/\/valika.eu\/fi\/\",\"name\":\"Valika.eu\",\"description\":\"Salonkituotteet ja kauneudenhoitotuotteet - Valika tarjoaa laajan valikoiman tuotteita ja tarvikkeita kynsiteknikoille, kauneushoitoloille, kampaamoille ja kampaamoille.\",\"publisher\":{\"@id\":\"https:\/\/valika.eu\/fi\/#organization\"},\"alternateName\":\"Valika\",\"potentialAction\":[{\"@type\":\"SearchAction\",\"target\":{\"@type\":\"EntryPoint\",\"urlTemplate\":\"https:\/\/valika.eu\/fi\/?s={search_term_string}\"},\"query-input\":{\"@type\":\"PropertyValueSpecification\",\"valueRequired\":true,\"valueName\":\"search_term_string\"}}],\"inLanguage\":\"fi\"},{\"@type\":\"Organization\",\"@id\":\"https:\/\/valika.eu\/fi\/#organization\",\"name\":\"Salongitoode O\u00dc\",\"alternateName\":\"Valika\",\"url\":\"https:\/\/valika.eu\/fi\/\",\"logo\":{\"@type\":\"ImageObject\",\"inLanguage\":\"fi\",\"@id\":\"https:\/\/valika.eu\/fi\/#\/schema\/logo\/image\/\",\"url\":\"https:\/\/valika.eu\/wp-content\/uploads\/2023\/11\/logo2-valika-footer.png\",\"contentUrl\":\"https:\/\/valika.eu\/wp-content\/uploads\/2023\/11\/logo2-valika-footer.png\",\"width\":200,\"height\":129,\"caption\":\"Salongitoode O\u00dc\"},\"image\":{\"@id\":\"https:\/\/valika.eu\/fi\/#\/schema\/logo\/image\/\"},\"sameAs\":[\"https:\/\/www.facebook.com\/tipsi.net\"]}]}<\/script>\n<!-- \/ Yoast SEO plugin. -->","yoast_head_json":{"title":"PALU Primer Bonder hapoton\/10g | Valika","robots":{"index":"index","follow":"follow","max-snippet":"max-snippet:-1","max-image-preview":"max-image-preview:large","max-video-preview":"max-video-preview:-1"},"canonical":"https:\/\/valika.eu\/fi\/toode\/palu-primer-bonder-happevaba-10g\/","og_locale":"fi_FI","og_type":"article","og_title":"PALU Primer Bonder hapoton\/10g | Valika","og_description":"Kynsiprimer on yksi t\u00e4rkeimmist\u00e4 tuotteista ammattimaisen manikyyrin tekemiseen. Se muodostaa kynnen pinnalle kerroksen, joka toimii kuin kaksipuolinen teippi, j\u00e4tt\u00e4en tahmean","og_url":"https:\/\/valika.eu\/fi\/toode\/palu-primer-bonder-happevaba-10g\/","og_site_name":"Valika","article_publisher":"https:\/\/www.facebook.com\/tipsi.net","article_modified_time":"2026-04-04T15:16:14+00:00","og_image":[{"width":1500,"height":1500,"url":"https:\/\/valika.eu\/wp-content\/uploads\/2024\/11\/Palu_BONDER.jpg","type":"image\/jpeg"}],"twitter_card":"summary_large_image","schema":{"@context":"https:\/\/schema.org","@graph":[{"@type":"WebPage","@id":"https:\/\/valika.eu\/fi\/toode\/palu-primer-bonder-happevaba-10g\/","url":"https:\/\/valika.eu\/fi\/toode\/palu-primer-bonder-happevaba-10g\/","name":"PALU Primer Bonder hapoton\/10g | Valika","isPartOf":{"@id":"https:\/\/valika.eu\/fi\/#website"},"primaryImageOfPage":{"@id":"https:\/\/valika.eu\/fi\/toode\/palu-primer-bonder-happevaba-10g\/#primaryimage"},"image":{"@id":"https:\/\/valika.eu\/toode\/palu-primer-bonder-happevaba-10g\/#primaryimage"},"thumbnailUrl":"https:\/\/valika.eu\/wp-content\/uploads\/2024\/11\/Palu_BONDER.jpg","datePublished":"2024-11-18T11:47:27+00:00","dateModified":"2026-04-04T15:16:14+00:00","breadcrumb":{"@id":"https:\/\/valika.eu\/fi\/toode\/palu-primer-bonder-happevaba-10g\/#breadcrumb"},"inLanguage":"fi","potentialAction":[{"@type":"ReadAction","target":[["https:\/\/valika.eu\/fi\/toode\/palu-primer-bonder-happevaba-10g\/"]]}]},{"@type":"ImageObject","inLanguage":"fi","@id":"https:\/\/valika.eu\/fi\/toode\/palu-primer-bonder-happevaba-10g\/#primaryimage","url":"https:\/\/valika.eu\/wp-content\/uploads\/2024\/11\/Palu_BONDER.jpg","contentUrl":"https:\/\/valika.eu\/wp-content\/uploads\/2024\/11\/Palu_BONDER.jpg","width":1500,"height":1500},{"@type":"BreadcrumbList","@id":"https:\/\/valika.eu\/fi\/toode\/palu-primer-bonder-happevaba-10g\/#breadcrumb","itemListElement":[{"@type":"ListItem","position":1,"name":"Koti","item":"https:\/\/valika.eu\/fi\/"},{"@type":"ListItem","position":2,"name":"Shop","item":"https:\/\/valika.eu\/fi\/"},{"@type":"ListItem","position":3,"name":"PALU Primer Bonder happevaba\/10g"}]},{"@type":"WebSite","@id":"https:\/\/valika.eu\/fi\/#website","url":"https:\/\/valika.eu\/fi\/","name":"Valika.eu","description":"Salonkituotteet ja kauneudenhoitotuotteet - Valika tarjoaa laajan valikoiman tuotteita ja tarvikkeita kynsiteknikoille, kauneushoitoloille, kampaamoille ja kampaamoille.","publisher":{"@id":"https:\/\/valika.eu\/fi\/#organization"},"alternateName":"Valika","potentialAction":[{"@type":"SearchAction","target":{"@type":"EntryPoint","urlTemplate":"https:\/\/valika.eu\/fi\/?s={search_term_string}"},"query-input":{"@type":"PropertyValueSpecification","valueRequired":true,"valueName":"search_term_string"}}],"inLanguage":"fi"},{"@type":"Organization","@id":"https:\/\/valika.eu\/fi\/#organization","name":"Salongitoode O\u00dc","alternateName":"Valika","url":"https:\/\/valika.eu\/fi\/","logo":{"@type":"ImageObject","inLanguage":"fi","@id":"https:\/\/valika.eu\/fi\/#\/schema\/logo\/image\/","url":"https:\/\/valika.eu\/wp-content\/uploads\/2023\/11\/logo2-valika-footer.png","contentUrl":"https:\/\/valika.eu\/wp-content\/uploads\/2023\/11\/logo2-valika-footer.png","width":200,"height":129,"caption":"Salongitoode O\u00dc"},"image":{"@id":"https:\/\/valika.eu\/fi\/#\/schema\/logo\/image\/"},"sameAs":["https:\/\/www.facebook.com\/tipsi.net"]}]}},"jetpack_sharing_enabled":true,"_links":{"self":[{"href":"https:\/\/valika.eu\/fi\/wp-json\/wp\/v2\/product\/10330","targetHints":{"allow":["GET"]}}],"collection":[{"href":"https:\/\/valika.eu\/fi\/wp-json\/wp\/v2\/product"}],"about":[{"href":"https:\/\/valika.eu\/fi\/wp-json\/wp\/v2\/types\/product"}],"wp:featuredmedia":[{"embeddable":true,"href":"https:\/\/valika.eu\/fi\/wp-json\/wp\/v2\/media\/10331"}],"wp:attachment":[{"href":"https:\/\/valika.eu\/fi\/wp-json\/wp\/v2\/media?parent=10330"}],"wp:term":[{"taxonomy":"product_brand","embeddable":true,"href":"https:\/\/valika.eu\/fi\/wp-json\/wp\/v2\/product_brand?post=10330"},{"taxonomy":"product_cat","embeddable":true,"href":"https:\/\/valika.eu\/fi\/wp-json\/wp\/v2\/product_cat?post=10330"},{"taxonomy":"product_tag","embeddable":true,"href":"https:\/\/valika.eu\/fi\/wp-json\/wp\/v2\/product_tag?post=10330"}],"curies":[{"name":"wp","href":"https:\/\/api.w.org\/{rel}","templated":true}]}}