{"id":10332,"date":"2024-11-18T13:56:29","date_gmt":"2024-11-18T11:56:29","guid":{"rendered":"https:\/\/valika.eu\/?post_type=product&#038;p=10332"},"modified":"2026-01-21T13:58:44","modified_gmt":"2026-01-21T11:58:44","slug":"palu-primer-happega-10g","status":"publish","type":"product","link":"https:\/\/valika.eu\/fi\/toode\/palu-primer-happega-10g\/","title":{"rendered":"PALU Primer happoa \/10g"},"content":{"rendered":"<p>Kynsiprimer on valmiste, joka takaa tuotteiden erinomaisen tarttuvuuden ja valmistaa kynsilevyn jatkomuotoilua varten. Sis\u00e4lt\u00e4\u00e4 metakryylihappoa, joka est\u00e4\u00e4 hybridin, geelin ja akryylimanikyyrin kerrostumista.<\/p>\n<p>Parantaa tarttuvuutta ja est\u00e4\u00e4 hybridin, geelin ja akryylin irtoamista<br \/>\nSuositellaan ongelmallisille kynsilevyille<br \/>\nMik\u00e4 on happoprimerin erityispiirre?<br \/>\nHappoprimer, joka tunnetaan my\u00f6s nimell\u00e4 acid primer, sis\u00e4lt\u00e4\u00e4 happoa, joka luo mikroskooppisia ep\u00e4tasaisuuksia. N\u00e4m\u00e4 parantavat pohjan tarttuvuutta, tehden muotoilusta kest\u00e4v\u00e4mm\u00e4n. Tuotteella on voimakas tuoksu ja matalampi pH kuin happovapaalla primerilla. Suositellaan erityisesti ongelmallisille ja kosteille kynsilevyille. Sen ansiosta lakka ei lohkeile, ja voit nauttia kauniista kynsist\u00e4 pidemp\u00e4\u00e4n.<\/p>\n<p>Koostumus: Methacrylic Acid, Isobutyl Methacrylate, Hydroquinone, p-Hydroxyanisole<\/p>\n<p>K\u00e4ytt\u00f6ohjeet:<br \/>\nLevit\u00e4 pieni m\u00e4\u00e4r\u00e4 primeria matattuun luonnolliseen kynsilevyyn pisteitt\u00e4in ja odota, kunnes valmiste haihtuu. V\u00e4lt\u00e4 kynsinauhoja ja ihokosketusta.<\/p>\n<p>Tuote on tarkoitettu ammattik\u00e4ytt\u00f6\u00f6n.<\/p>","protected":false},"excerpt":{"rendered":"<p>Kynsiprimer on valmiste, joka takaa tuotteiden erinomaisen tarttuvuuden ja valmistaa kynsilevyn jatkomuotoilua varten. Sis\u00e4lt\u00e4\u00e4 metakryylihappoa, joka est\u00e4\u00e4 hybridin, geelin ja<\/p>\n","protected":false},"featured_media":10333,"template":"","meta":[],"product_brand":[],"product_cat":[616],"product_tag":[],"class_list":{"0":"post-10332","1":"product","2":"type-product","3":"status-publish","4":"has-post-thumbnail","6":"product_cat-primerbonder","8":"first","9":"outofstock","10":"taxable","11":"shipping-taxable","12":"purchasable","13":"product-type-simple"},"yoast_head":"<!-- This site is optimized with the Yoast SEO plugin v24.4 - https:\/\/yoast.com\/wordpress\/plugins\/seo\/ -->\n<title>PALU Primer happoa \/10g | Valika<\/title>\n<meta name=\"robots\" content=\"index, follow, max-snippet:-1, max-image-preview:large, max-video-preview:-1\" \/>\n<link rel=\"canonical\" href=\"https:\/\/valika.eu\/fi\/toode\/palu-primer-happega-10g\/\" \/>\n<meta property=\"og:locale\" content=\"fi_FI\" \/>\n<meta property=\"og:type\" content=\"article\" \/>\n<meta property=\"og:title\" content=\"PALU Primer happoa \/10g | Valika\" \/>\n<meta property=\"og:description\" content=\"Kynsiprimer on valmiste, joka takaa tuotteiden erinomaisen tarttuvuuden ja valmistaa kynsilevyn jatkomuotoilua varten. Sis\u00e4lt\u00e4\u00e4 metakryylihappoa, joka est\u00e4\u00e4 hybridin, geelin ja\" \/>\n<meta property=\"og:url\" content=\"https:\/\/valika.eu\/fi\/toode\/palu-primer-happega-10g\/\" \/>\n<meta property=\"og:site_name\" content=\"Valika\" \/>\n<meta property=\"article:publisher\" content=\"https:\/\/www.facebook.com\/tipsi.net\" \/>\n<meta property=\"article:modified_time\" content=\"2026-01-21T11:58:44+00:00\" \/>\n<meta property=\"og:image\" content=\"https:\/\/valika.eu\/wp-content\/uploads\/2024\/11\/Palu_PRIMER-1.jpg\" \/>\n\t<meta property=\"og:image:width\" content=\"1843\" \/>\n\t<meta property=\"og:image:height\" content=\"2047\" \/>\n\t<meta property=\"og:image:type\" content=\"image\/jpeg\" \/>\n<meta name=\"twitter:card\" content=\"summary_large_image\" \/>\n<script type=\"application\/ld+json\" class=\"yoast-schema-graph\">{\"@context\":\"https:\/\/schema.org\",\"@graph\":[{\"@type\":\"WebPage\",\"@id\":\"https:\/\/valika.eu\/fi\/toode\/palu-primer-happega-10g\/\",\"url\":\"https:\/\/valika.eu\/fi\/toode\/palu-primer-happega-10g\/\",\"name\":\"PALU Primer happoa \/10g | Valika\",\"isPartOf\":{\"@id\":\"https:\/\/valika.eu\/fi\/#website\"},\"primaryImageOfPage\":{\"@id\":\"https:\/\/valika.eu\/fi\/toode\/palu-primer-happega-10g\/#primaryimage\"},\"image\":{\"@id\":\"https:\/\/valika.eu\/toode\/palu-primer-happega-10g\/#primaryimage\"},\"thumbnailUrl\":\"https:\/\/valika.eu\/wp-content\/uploads\/2024\/11\/Palu_PRIMER-1.jpg\",\"datePublished\":\"2024-11-18T11:56:29+00:00\",\"dateModified\":\"2026-01-21T11:58:44+00:00\",\"breadcrumb\":{\"@id\":\"https:\/\/valika.eu\/fi\/toode\/palu-primer-happega-10g\/#breadcrumb\"},\"inLanguage\":\"fi\",\"potentialAction\":[{\"@type\":\"ReadAction\",\"target\":[[\"https:\/\/valika.eu\/fi\/toode\/palu-primer-happega-10g\/\"]]}]},{\"@type\":\"ImageObject\",\"inLanguage\":\"fi\",\"@id\":\"https:\/\/valika.eu\/fi\/toode\/palu-primer-happega-10g\/#primaryimage\",\"url\":\"https:\/\/valika.eu\/wp-content\/uploads\/2024\/11\/Palu_PRIMER-1.jpg\",\"contentUrl\":\"https:\/\/valika.eu\/wp-content\/uploads\/2024\/11\/Palu_PRIMER-1.jpg\",\"width\":1843,\"height\":2047},{\"@type\":\"BreadcrumbList\",\"@id\":\"https:\/\/valika.eu\/fi\/toode\/palu-primer-happega-10g\/#breadcrumb\",\"itemListElement\":[{\"@type\":\"ListItem\",\"position\":1,\"name\":\"Koti\",\"item\":\"https:\/\/valika.eu\/fi\/\"},{\"@type\":\"ListItem\",\"position\":2,\"name\":\"Shop\",\"item\":\"https:\/\/valika.eu\/fi\/\"},{\"@type\":\"ListItem\",\"position\":3,\"name\":\"PALU Primer happega \/10g\"}]},{\"@type\":\"WebSite\",\"@id\":\"https:\/\/valika.eu\/fi\/#website\",\"url\":\"https:\/\/valika.eu\/fi\/\",\"name\":\"Valika.eu\",\"description\":\"Salonkituotteet ja kauneudenhoitotuotteet - Valika tarjoaa laajan valikoiman tuotteita ja tarvikkeita kynsiteknikoille, kauneushoitoloille, kampaamoille ja kampaamoille.\",\"publisher\":{\"@id\":\"https:\/\/valika.eu\/fi\/#organization\"},\"alternateName\":\"Valika\",\"potentialAction\":[{\"@type\":\"SearchAction\",\"target\":{\"@type\":\"EntryPoint\",\"urlTemplate\":\"https:\/\/valika.eu\/fi\/?s={search_term_string}\"},\"query-input\":{\"@type\":\"PropertyValueSpecification\",\"valueRequired\":true,\"valueName\":\"search_term_string\"}}],\"inLanguage\":\"fi\"},{\"@type\":\"Organization\",\"@id\":\"https:\/\/valika.eu\/fi\/#organization\",\"name\":\"Salongitoode O\u00dc\",\"alternateName\":\"Valika\",\"url\":\"https:\/\/valika.eu\/fi\/\",\"logo\":{\"@type\":\"ImageObject\",\"inLanguage\":\"fi\",\"@id\":\"https:\/\/valika.eu\/fi\/#\/schema\/logo\/image\/\",\"url\":\"https:\/\/valika.eu\/wp-content\/uploads\/2023\/11\/logo2-valika-footer.png\",\"contentUrl\":\"https:\/\/valika.eu\/wp-content\/uploads\/2023\/11\/logo2-valika-footer.png\",\"width\":200,\"height\":129,\"caption\":\"Salongitoode O\u00dc\"},\"image\":{\"@id\":\"https:\/\/valika.eu\/fi\/#\/schema\/logo\/image\/\"},\"sameAs\":[\"https:\/\/www.facebook.com\/tipsi.net\"]}]}<\/script>\n<!-- \/ Yoast SEO plugin. -->","yoast_head_json":{"title":"PALU Primer happoa \/10g | Valika","robots":{"index":"index","follow":"follow","max-snippet":"max-snippet:-1","max-image-preview":"max-image-preview:large","max-video-preview":"max-video-preview:-1"},"canonical":"https:\/\/valika.eu\/fi\/toode\/palu-primer-happega-10g\/","og_locale":"fi_FI","og_type":"article","og_title":"PALU Primer happoa \/10g | Valika","og_description":"Kynsiprimer on valmiste, joka takaa tuotteiden erinomaisen tarttuvuuden ja valmistaa kynsilevyn jatkomuotoilua varten. Sis\u00e4lt\u00e4\u00e4 metakryylihappoa, joka est\u00e4\u00e4 hybridin, geelin ja","og_url":"https:\/\/valika.eu\/fi\/toode\/palu-primer-happega-10g\/","og_site_name":"Valika","article_publisher":"https:\/\/www.facebook.com\/tipsi.net","article_modified_time":"2026-01-21T11:58:44+00:00","og_image":[{"width":1843,"height":2047,"url":"https:\/\/valika.eu\/wp-content\/uploads\/2024\/11\/Palu_PRIMER-1.jpg","type":"image\/jpeg"}],"twitter_card":"summary_large_image","schema":{"@context":"https:\/\/schema.org","@graph":[{"@type":"WebPage","@id":"https:\/\/valika.eu\/fi\/toode\/palu-primer-happega-10g\/","url":"https:\/\/valika.eu\/fi\/toode\/palu-primer-happega-10g\/","name":"PALU Primer happoa \/10g | Valika","isPartOf":{"@id":"https:\/\/valika.eu\/fi\/#website"},"primaryImageOfPage":{"@id":"https:\/\/valika.eu\/fi\/toode\/palu-primer-happega-10g\/#primaryimage"},"image":{"@id":"https:\/\/valika.eu\/toode\/palu-primer-happega-10g\/#primaryimage"},"thumbnailUrl":"https:\/\/valika.eu\/wp-content\/uploads\/2024\/11\/Palu_PRIMER-1.jpg","datePublished":"2024-11-18T11:56:29+00:00","dateModified":"2026-01-21T11:58:44+00:00","breadcrumb":{"@id":"https:\/\/valika.eu\/fi\/toode\/palu-primer-happega-10g\/#breadcrumb"},"inLanguage":"fi","potentialAction":[{"@type":"ReadAction","target":[["https:\/\/valika.eu\/fi\/toode\/palu-primer-happega-10g\/"]]}]},{"@type":"ImageObject","inLanguage":"fi","@id":"https:\/\/valika.eu\/fi\/toode\/palu-primer-happega-10g\/#primaryimage","url":"https:\/\/valika.eu\/wp-content\/uploads\/2024\/11\/Palu_PRIMER-1.jpg","contentUrl":"https:\/\/valika.eu\/wp-content\/uploads\/2024\/11\/Palu_PRIMER-1.jpg","width":1843,"height":2047},{"@type":"BreadcrumbList","@id":"https:\/\/valika.eu\/fi\/toode\/palu-primer-happega-10g\/#breadcrumb","itemListElement":[{"@type":"ListItem","position":1,"name":"Koti","item":"https:\/\/valika.eu\/fi\/"},{"@type":"ListItem","position":2,"name":"Shop","item":"https:\/\/valika.eu\/fi\/"},{"@type":"ListItem","position":3,"name":"PALU Primer happega \/10g"}]},{"@type":"WebSite","@id":"https:\/\/valika.eu\/fi\/#website","url":"https:\/\/valika.eu\/fi\/","name":"Valika.eu","description":"Salonkituotteet ja kauneudenhoitotuotteet - Valika tarjoaa laajan valikoiman tuotteita ja tarvikkeita kynsiteknikoille, kauneushoitoloille, kampaamoille ja kampaamoille.","publisher":{"@id":"https:\/\/valika.eu\/fi\/#organization"},"alternateName":"Valika","potentialAction":[{"@type":"SearchAction","target":{"@type":"EntryPoint","urlTemplate":"https:\/\/valika.eu\/fi\/?s={search_term_string}"},"query-input":{"@type":"PropertyValueSpecification","valueRequired":true,"valueName":"search_term_string"}}],"inLanguage":"fi"},{"@type":"Organization","@id":"https:\/\/valika.eu\/fi\/#organization","name":"Salongitoode O\u00dc","alternateName":"Valika","url":"https:\/\/valika.eu\/fi\/","logo":{"@type":"ImageObject","inLanguage":"fi","@id":"https:\/\/valika.eu\/fi\/#\/schema\/logo\/image\/","url":"https:\/\/valika.eu\/wp-content\/uploads\/2023\/11\/logo2-valika-footer.png","contentUrl":"https:\/\/valika.eu\/wp-content\/uploads\/2023\/11\/logo2-valika-footer.png","width":200,"height":129,"caption":"Salongitoode O\u00dc"},"image":{"@id":"https:\/\/valika.eu\/fi\/#\/schema\/logo\/image\/"},"sameAs":["https:\/\/www.facebook.com\/tipsi.net"]}]}},"jetpack_sharing_enabled":true,"_links":{"self":[{"href":"https:\/\/valika.eu\/fi\/wp-json\/wp\/v2\/product\/10332","targetHints":{"allow":["GET"]}}],"collection":[{"href":"https:\/\/valika.eu\/fi\/wp-json\/wp\/v2\/product"}],"about":[{"href":"https:\/\/valika.eu\/fi\/wp-json\/wp\/v2\/types\/product"}],"wp:featuredmedia":[{"embeddable":true,"href":"https:\/\/valika.eu\/fi\/wp-json\/wp\/v2\/media\/10333"}],"wp:attachment":[{"href":"https:\/\/valika.eu\/fi\/wp-json\/wp\/v2\/media?parent=10332"}],"wp:term":[{"taxonomy":"product_brand","embeddable":true,"href":"https:\/\/valika.eu\/fi\/wp-json\/wp\/v2\/product_brand?post=10332"},{"taxonomy":"product_cat","embeddable":true,"href":"https:\/\/valika.eu\/fi\/wp-json\/wp\/v2\/product_cat?post=10332"},{"taxonomy":"product_tag","embeddable":true,"href":"https:\/\/valika.eu\/fi\/wp-json\/wp\/v2\/product_tag?post=10332"}],"curies":[{"name":"wp","href":"https:\/\/api.w.org\/{rel}","templated":true}]}}