{"id":10394,"date":"2024-11-22T21:30:19","date_gmt":"2024-11-22T19:30:19","guid":{"rendered":"https:\/\/valika.eu\/?post_type=product&#038;p=10394"},"modified":"2025-07-02T05:03:21","modified_gmt":"2025-07-02T02:03:21","slug":"clear-easy-mousse-building-ehitusgeel-7-100g","status":"publish","type":"product","link":"https:\/\/valika.eu\/fi\/toode\/clear-easy-mousse-building-ehitusgeel-7-100g\/","title":{"rendered":"Clear easy mousse Building rakennusgeeli 7-100g"},"content":{"rendered":"<p>EASY MOUSSE GEL<\/p>\n<p>Levit\u00e4 pohjalakalle tai pohjageelille. \u00c4l\u00e4 levit\u00e4 suoraan pohjusteelle tai kiinnitysaineelle.<\/p>\n<p>Eik\u00f6 hybridikynsilakka riit\u00e4 sinulle? Tarvitsetko eritt\u00e4in kest\u00e4v\u00e4n ja tehokkaan kynsityylin, jonka voi tehd\u00e4 nopeasti kotona? Etsitk\u00f6 tapaa vahvistaa luonnollista kynsilevy\u00e4 helposti tai pident\u00e4\u00e4 kynsi\u00e4si? Uusi EASY MOUSSE BUILDER GEL on tuote sinulle!<\/p>\n<p>Geelin innovatiivinen koostumus ainutlaatuisella rakenteella ja tiheydell\u00e4 tasoittuu t\u00e4ydellisesti itsest\u00e4\u00e4n, mink\u00e4 ansiosta se antaa anteeksi my\u00f6s aloittelijan virheet. Nopea ty\u00f6skentely on my\u00f6s helpompaa tiksotropian (\u201dnestemuisti\u201d) ansiosta, joka est\u00e4\u00e4 geeli\u00e4 valumasta kynsinauhoille. EASY MOUSSE -geelill\u00e4 tehdyn tyylin viimeistelyyn ei tarvita viilausta tai p\u00e4\u00e4llyslakkaa \u2013 pyyhi vain dispersio kerros Cleanerilla, ja intensiivisesti kiilt\u00e4v\u00e4t kynnet ovat valmiit!<\/p>\n<p>Moderni, vahvasti tarttuva* geelin koostumus mahdollistaa kynsien tasoittamisen, vahvistamisen ja pident\u00e4misen jopa ohuella kerroksella, jolloin tyyli n\u00e4ytt\u00e4\u00e4 luonnolliselta kynsilevylt\u00e4 ja kest\u00e4\u00e4 v\u00e4hint\u00e4\u00e4n 4 viikkoa(!). Se my\u00f6s est\u00e4\u00e4 kynsien murtumisen ja lohkeamisen, joten ne voivat kasvaa paljon pidemmiksi. Erityinen &#8220;Heatless&#8221;-koostumus v\u00e4hent\u00e4\u00e4 polymeroinnin aikana syntyv\u00e4\u00e4 kuumotusta lampussa.<\/p>\n<p>EASY MOUSSE BUILDER GEL on saatavana 4 k\u00e4yt\u00e4nn\u00f6llisess\u00e4 v\u00e4riss\u00e4:<\/p>\n<p>CLEAR \u2013 l\u00e4pin\u00e4kyv\u00e4, toimii erinomaisesti rakennus- ja tasoituspohjana kaikille hybridikynsilakoille.<br \/>\nCOVER NUDE \u2013 luonnollinen, hienovarainen nude-s\u00e4vy, joka sopii yhteen ihon luonnollisen s\u00e4vyn kanssa; toimii hyvin sellaisenaan ilman lis\u00e4lakkausta, peitt\u00e4\u00e4 jopa 90 %.<br \/>\nCOVER ROSE \u2013 hienovarainen, vaalea vaaleanpunainen, t\u00e4ydellinen kokomanikyyriksi tai ranskalaiseen manikyyriin tai baby boomer -tyyliin, peitt\u00e4\u00e4 jopa 90 %.<br \/>\nCOVER SOFT \u2013 karkkimainen, makea vaaleanpunainen s\u00e4vy, toimii t\u00e4ydellisesti sellaisenaan kokomanikyyriksi tai ranskalaiseen manikyyriin tai baby boomer -tyyliin, peitt\u00e4\u00e4 jopa 90 %. Testaajamme rakastavat t\u00e4t\u00e4 s\u00e4vy\u00e4 eniten!<br \/>\nKokeile, ja huomaat, ett\u00e4 EASY MOUSSE BUILDER GEL on uusi #musthave-tuotteesi!<\/p>\n<p>T\u00e4rkeimm\u00e4t ominaisuudet:<\/p>\n<p>Itsetasoittuva tiksotropialla (\u201dnestemuisti\u201d) \u2013 EASY!<br \/>\nMonik\u00e4ytt\u00f6inen \u2013 FAST!<br \/>\nErinomainen tarttuvuus* ja korkea kest\u00e4vyys \u2013 FOR LONG!<br \/>\nIntensiivisesti kiilt\u00e4v\u00e4 \u2013 BEAUTIFUL!<br \/>\nHeatless-koostumus \u2013 PHEW, EI KUTITA LAMPUSSA!<br \/>\nK\u00e4ytt\u00f6tarkoitus: luonnollisen kynsilevyn t\u00e4ytt\u00f6 ja vahvistus sek\u00e4 kynsien pidennys \u2013 BINGO! \ud83c\udfaf<br \/>\nEASY MOUSSE -tuotteet \u2013 luotu kotik\u00e4ytt\u00f6\u00f6n, ammattilaisten suosimat!<\/p>\n<p>Levit\u00e4 pohjalakalle tai pohjageelille. \u00c4l\u00e4 levit\u00e4 suoraan pohjusteelle tai kiinnitysaineelle.<\/p>\n<p>KENELLE: Ammattilaisille ja harrastajille, jotka haluavat pident\u00e4\u00e4 tyylins\u00e4 kest\u00e4vyytt\u00e4.<br \/>\nERIKOISUUS: Pident\u00e4\u00e4 tyylin kest\u00e4vyytt\u00e4.<br \/>\nSUPERVOIMA: Tuhoamaton manikyyri jopa 3 viikkoa!<\/p>","protected":false},"excerpt":{"rendered":"<p>Levit\u00e4 pohjalakalle tai pohjageelille. \u00c4l\u00e4 levit\u00e4 suoraan pohjusteelle tai kiinnitysaineelle.<\/p>\n","protected":false},"featured_media":10399,"template":"","meta":[],"product_brand":[],"product_cat":[74],"product_tag":[],"class_list":{"0":"post-10394","1":"product","2":"type-product","3":"status-publish","4":"has-post-thumbnail","6":"product_cat-affinity","8":"first","9":"instock","10":"taxable","11":"shipping-taxable","12":"purchasable","13":"product-type-variable"},"yoast_head":"<!-- This site is optimized with the Yoast SEO plugin v24.4 - https:\/\/yoast.com\/wordpress\/plugins\/seo\/ -->\n<title>Clear easy mousse Building rakennusgeeli 7-100g | Valika<\/title>\n<meta name=\"description\" content=\"Tugevam pol\u00fcmeerideahel tagab geeli parema haarduvuse k\u00fc\u00fcnepinnaga.\u00dchefaasilise keskmise paksusega Ice geeli on v\u00e4ga mugav k\u00fc\u00fcnele kanda ja seda kasutatakse terve k\u00fc\u00fcne \u00fclesehitamiseks. Vajab alla primerit v\u00f5i bonderit (erinevusest palun lugege praimeri kirjelduses).\" \/>\n<meta name=\"robots\" content=\"index, follow, max-snippet:-1, max-image-preview:large, max-video-preview:-1\" \/>\n<link rel=\"canonical\" href=\"https:\/\/valika.eu\/fi\/toode\/clear-easy-mousse-building-ehitusgeel-7-100g\/\" \/>\n<meta property=\"og:locale\" content=\"fi_FI\" \/>\n<meta property=\"og:type\" content=\"article\" \/>\n<meta property=\"og:title\" content=\"Clear easy mousse Building rakennusgeeli 7-100g | Valika\" \/>\n<meta property=\"og:description\" content=\"Tugevam pol\u00fcmeerideahel tagab geeli parema haarduvuse k\u00fc\u00fcnepinnaga.\u00dchefaasilise keskmise paksusega Ice geeli on v\u00e4ga mugav k\u00fc\u00fcnele kanda ja seda kasutatakse terve k\u00fc\u00fcne \u00fclesehitamiseks. Vajab alla primerit v\u00f5i bonderit (erinevusest palun lugege praimeri kirjelduses).\" \/>\n<meta property=\"og:url\" content=\"https:\/\/valika.eu\/fi\/toode\/clear-easy-mousse-building-ehitusgeel-7-100g\/\" \/>\n<meta property=\"og:site_name\" content=\"Valika\" \/>\n<meta property=\"article:publisher\" content=\"https:\/\/www.facebook.com\/tipsi.net\" \/>\n<meta property=\"article:modified_time\" content=\"2025-07-02T02:03:21+00:00\" \/>\n<meta property=\"og:image\" content=\"https:\/\/valika.eu\/wp-content\/uploads\/2024\/11\/CLEAR50geel-2.jpg\" \/>\n\t<meta property=\"og:image:width\" content=\"800\" \/>\n\t<meta property=\"og:image:height\" content=\"800\" \/>\n\t<meta property=\"og:image:type\" content=\"image\/jpeg\" \/>\n<meta name=\"twitter:card\" content=\"summary_large_image\" \/>\n<script type=\"application\/ld+json\" class=\"yoast-schema-graph\">{\"@context\":\"https:\/\/schema.org\",\"@graph\":[{\"@type\":\"WebPage\",\"@id\":\"https:\/\/valika.eu\/fi\/toode\/clear-easy-mousse-building-ehitusgeel-7-100g\/\",\"url\":\"https:\/\/valika.eu\/fi\/toode\/clear-easy-mousse-building-ehitusgeel-7-100g\/\",\"name\":\"Clear easy mousse Building rakennusgeeli 7-100g | Valika\",\"isPartOf\":{\"@id\":\"https:\/\/valika.eu\/fi\/#website\"},\"primaryImageOfPage\":{\"@id\":\"https:\/\/valika.eu\/fi\/toode\/clear-easy-mousse-building-ehitusgeel-7-100g\/#primaryimage\"},\"image\":{\"@id\":\"https:\/\/valika.eu\/toode\/clear-easy-mousse-building-ehitusgeel-7-100g\/#primaryimage\"},\"thumbnailUrl\":\"https:\/\/valika.eu\/wp-content\/uploads\/2024\/11\/CLEAR50geel-2.jpg\",\"datePublished\":\"2024-11-22T19:30:19+00:00\",\"dateModified\":\"2025-07-02T02:03:21+00:00\",\"description\":\"Tugevam pol\u00fcmeerideahel tagab geeli parema haarduvuse k\u00fc\u00fcnepinnaga.\u00dchefaasilise keskmise paksusega Ice geeli on v\u00e4ga mugav k\u00fc\u00fcnele kanda ja seda kasutatakse terve k\u00fc\u00fcne \u00fclesehitamiseks. Vajab alla primerit v\u00f5i bonderit (erinevusest palun lugege praimeri kirjelduses).\",\"breadcrumb\":{\"@id\":\"https:\/\/valika.eu\/fi\/toode\/clear-easy-mousse-building-ehitusgeel-7-100g\/#breadcrumb\"},\"inLanguage\":\"fi\",\"potentialAction\":[{\"@type\":\"ReadAction\",\"target\":[[\"https:\/\/valika.eu\/fi\/toode\/clear-easy-mousse-building-ehitusgeel-7-100g\/\"]]}]},{\"@type\":\"ImageObject\",\"inLanguage\":\"fi\",\"@id\":\"https:\/\/valika.eu\/fi\/toode\/clear-easy-mousse-building-ehitusgeel-7-100g\/#primaryimage\",\"url\":\"https:\/\/valika.eu\/wp-content\/uploads\/2024\/11\/CLEAR50geel-2.jpg\",\"contentUrl\":\"https:\/\/valika.eu\/wp-content\/uploads\/2024\/11\/CLEAR50geel-2.jpg\",\"width\":800,\"height\":800},{\"@type\":\"BreadcrumbList\",\"@id\":\"https:\/\/valika.eu\/fi\/toode\/clear-easy-mousse-building-ehitusgeel-7-100g\/#breadcrumb\",\"itemListElement\":[{\"@type\":\"ListItem\",\"position\":1,\"name\":\"Koti\",\"item\":\"https:\/\/valika.eu\/fi\/\"},{\"@type\":\"ListItem\",\"position\":2,\"name\":\"Shop\",\"item\":\"https:\/\/valika.eu\/fi\/\"},{\"@type\":\"ListItem\",\"position\":3,\"name\":\"Clear easy mousse Building gel 7-100g\"}]},{\"@type\":\"WebSite\",\"@id\":\"https:\/\/valika.eu\/fi\/#website\",\"url\":\"https:\/\/valika.eu\/fi\/\",\"name\":\"Valika.eu\",\"description\":\"Salonkituotteet ja kauneudenhoitotuotteet - Valika tarjoaa laajan valikoiman tuotteita ja tarvikkeita kynsiteknikoille, kauneushoitoloille, kampaamoille ja kampaamoille.\",\"publisher\":{\"@id\":\"https:\/\/valika.eu\/fi\/#organization\"},\"alternateName\":\"Valika\",\"potentialAction\":[{\"@type\":\"SearchAction\",\"target\":{\"@type\":\"EntryPoint\",\"urlTemplate\":\"https:\/\/valika.eu\/fi\/?s={search_term_string}\"},\"query-input\":{\"@type\":\"PropertyValueSpecification\",\"valueRequired\":true,\"valueName\":\"search_term_string\"}}],\"inLanguage\":\"fi\"},{\"@type\":\"Organization\",\"@id\":\"https:\/\/valika.eu\/fi\/#organization\",\"name\":\"Salongitoode O\u00dc\",\"alternateName\":\"Valika\",\"url\":\"https:\/\/valika.eu\/fi\/\",\"logo\":{\"@type\":\"ImageObject\",\"inLanguage\":\"fi\",\"@id\":\"https:\/\/valika.eu\/fi\/#\/schema\/logo\/image\/\",\"url\":\"https:\/\/valika.eu\/wp-content\/uploads\/2023\/11\/logo2-valika-footer.png\",\"contentUrl\":\"https:\/\/valika.eu\/wp-content\/uploads\/2023\/11\/logo2-valika-footer.png\",\"width\":200,\"height\":129,\"caption\":\"Salongitoode O\u00dc\"},\"image\":{\"@id\":\"https:\/\/valika.eu\/fi\/#\/schema\/logo\/image\/\"},\"sameAs\":[\"https:\/\/www.facebook.com\/tipsi.net\"]}]}<\/script>\n<!-- \/ Yoast SEO plugin. -->","yoast_head_json":{"title":"Clear easy mousse Building rakennusgeeli 7-100g | Valika","description":"Tugevam pol\u00fcmeerideahel tagab geeli parema haarduvuse k\u00fc\u00fcnepinnaga.\u00dchefaasilise keskmise paksusega Ice geeli on v\u00e4ga mugav k\u00fc\u00fcnele kanda ja seda kasutatakse terve k\u00fc\u00fcne \u00fclesehitamiseks. Vajab alla primerit v\u00f5i bonderit (erinevusest palun lugege praimeri kirjelduses).","robots":{"index":"index","follow":"follow","max-snippet":"max-snippet:-1","max-image-preview":"max-image-preview:large","max-video-preview":"max-video-preview:-1"},"canonical":"https:\/\/valika.eu\/fi\/toode\/clear-easy-mousse-building-ehitusgeel-7-100g\/","og_locale":"fi_FI","og_type":"article","og_title":"Clear easy mousse Building rakennusgeeli 7-100g | Valika","og_description":"Tugevam pol\u00fcmeerideahel tagab geeli parema haarduvuse k\u00fc\u00fcnepinnaga.\u00dchefaasilise keskmise paksusega Ice geeli on v\u00e4ga mugav k\u00fc\u00fcnele kanda ja seda kasutatakse terve k\u00fc\u00fcne \u00fclesehitamiseks. Vajab alla primerit v\u00f5i bonderit (erinevusest palun lugege praimeri kirjelduses).","og_url":"https:\/\/valika.eu\/fi\/toode\/clear-easy-mousse-building-ehitusgeel-7-100g\/","og_site_name":"Valika","article_publisher":"https:\/\/www.facebook.com\/tipsi.net","article_modified_time":"2025-07-02T02:03:21+00:00","og_image":[{"width":800,"height":800,"url":"https:\/\/valika.eu\/wp-content\/uploads\/2024\/11\/CLEAR50geel-2.jpg","type":"image\/jpeg"}],"twitter_card":"summary_large_image","schema":{"@context":"https:\/\/schema.org","@graph":[{"@type":"WebPage","@id":"https:\/\/valika.eu\/fi\/toode\/clear-easy-mousse-building-ehitusgeel-7-100g\/","url":"https:\/\/valika.eu\/fi\/toode\/clear-easy-mousse-building-ehitusgeel-7-100g\/","name":"Clear easy mousse Building rakennusgeeli 7-100g | Valika","isPartOf":{"@id":"https:\/\/valika.eu\/fi\/#website"},"primaryImageOfPage":{"@id":"https:\/\/valika.eu\/fi\/toode\/clear-easy-mousse-building-ehitusgeel-7-100g\/#primaryimage"},"image":{"@id":"https:\/\/valika.eu\/toode\/clear-easy-mousse-building-ehitusgeel-7-100g\/#primaryimage"},"thumbnailUrl":"https:\/\/valika.eu\/wp-content\/uploads\/2024\/11\/CLEAR50geel-2.jpg","datePublished":"2024-11-22T19:30:19+00:00","dateModified":"2025-07-02T02:03:21+00:00","description":"Tugevam pol\u00fcmeerideahel tagab geeli parema haarduvuse k\u00fc\u00fcnepinnaga.\u00dchefaasilise keskmise paksusega Ice geeli on v\u00e4ga mugav k\u00fc\u00fcnele kanda ja seda kasutatakse terve k\u00fc\u00fcne \u00fclesehitamiseks. Vajab alla primerit v\u00f5i bonderit (erinevusest palun lugege praimeri kirjelduses).","breadcrumb":{"@id":"https:\/\/valika.eu\/fi\/toode\/clear-easy-mousse-building-ehitusgeel-7-100g\/#breadcrumb"},"inLanguage":"fi","potentialAction":[{"@type":"ReadAction","target":[["https:\/\/valika.eu\/fi\/toode\/clear-easy-mousse-building-ehitusgeel-7-100g\/"]]}]},{"@type":"ImageObject","inLanguage":"fi","@id":"https:\/\/valika.eu\/fi\/toode\/clear-easy-mousse-building-ehitusgeel-7-100g\/#primaryimage","url":"https:\/\/valika.eu\/wp-content\/uploads\/2024\/11\/CLEAR50geel-2.jpg","contentUrl":"https:\/\/valika.eu\/wp-content\/uploads\/2024\/11\/CLEAR50geel-2.jpg","width":800,"height":800},{"@type":"BreadcrumbList","@id":"https:\/\/valika.eu\/fi\/toode\/clear-easy-mousse-building-ehitusgeel-7-100g\/#breadcrumb","itemListElement":[{"@type":"ListItem","position":1,"name":"Koti","item":"https:\/\/valika.eu\/fi\/"},{"@type":"ListItem","position":2,"name":"Shop","item":"https:\/\/valika.eu\/fi\/"},{"@type":"ListItem","position":3,"name":"Clear easy mousse Building gel 7-100g"}]},{"@type":"WebSite","@id":"https:\/\/valika.eu\/fi\/#website","url":"https:\/\/valika.eu\/fi\/","name":"Valika.eu","description":"Salonkituotteet ja kauneudenhoitotuotteet - Valika tarjoaa laajan valikoiman tuotteita ja tarvikkeita kynsiteknikoille, kauneushoitoloille, kampaamoille ja kampaamoille.","publisher":{"@id":"https:\/\/valika.eu\/fi\/#organization"},"alternateName":"Valika","potentialAction":[{"@type":"SearchAction","target":{"@type":"EntryPoint","urlTemplate":"https:\/\/valika.eu\/fi\/?s={search_term_string}"},"query-input":{"@type":"PropertyValueSpecification","valueRequired":true,"valueName":"search_term_string"}}],"inLanguage":"fi"},{"@type":"Organization","@id":"https:\/\/valika.eu\/fi\/#organization","name":"Salongitoode O\u00dc","alternateName":"Valika","url":"https:\/\/valika.eu\/fi\/","logo":{"@type":"ImageObject","inLanguage":"fi","@id":"https:\/\/valika.eu\/fi\/#\/schema\/logo\/image\/","url":"https:\/\/valika.eu\/wp-content\/uploads\/2023\/11\/logo2-valika-footer.png","contentUrl":"https:\/\/valika.eu\/wp-content\/uploads\/2023\/11\/logo2-valika-footer.png","width":200,"height":129,"caption":"Salongitoode O\u00dc"},"image":{"@id":"https:\/\/valika.eu\/fi\/#\/schema\/logo\/image\/"},"sameAs":["https:\/\/www.facebook.com\/tipsi.net"]}]}},"jetpack_sharing_enabled":true,"_links":{"self":[{"href":"https:\/\/valika.eu\/fi\/wp-json\/wp\/v2\/product\/10394","targetHints":{"allow":["GET"]}}],"collection":[{"href":"https:\/\/valika.eu\/fi\/wp-json\/wp\/v2\/product"}],"about":[{"href":"https:\/\/valika.eu\/fi\/wp-json\/wp\/v2\/types\/product"}],"wp:featuredmedia":[{"embeddable":true,"href":"https:\/\/valika.eu\/fi\/wp-json\/wp\/v2\/media\/10399"}],"wp:attachment":[{"href":"https:\/\/valika.eu\/fi\/wp-json\/wp\/v2\/media?parent=10394"}],"wp:term":[{"taxonomy":"product_brand","embeddable":true,"href":"https:\/\/valika.eu\/fi\/wp-json\/wp\/v2\/product_brand?post=10394"},{"taxonomy":"product_cat","embeddable":true,"href":"https:\/\/valika.eu\/fi\/wp-json\/wp\/v2\/product_cat?post=10394"},{"taxonomy":"product_tag","embeddable":true,"href":"https:\/\/valika.eu\/fi\/wp-json\/wp\/v2\/product_tag?post=10394"}],"curies":[{"name":"wp","href":"https:\/\/api.w.org\/{rel}","templated":true}]}}