{"id":10471,"date":"2024-11-26T12:44:54","date_gmt":"2024-11-26T10:44:54","guid":{"rendered":"https:\/\/valika.eu\/?post_type=product&#038;p=10471"},"modified":"2026-03-06T10:45:29","modified_gmt":"2026-03-06T08:45:29","slug":"cover-pink-ehitusgeel-7-100g","status":"publish","type":"product","link":"https:\/\/valika.eu\/fi\/toode\/cover-pink-ehitusgeel-7-100g\/","title":{"rendered":"Cover Pink Kamuflaasigeeli 7-100g"},"content":{"rendered":"<p>Kamuflaasigeeli, Cover Pink,<br \/>\nLuonnollinen, l\u00e4pikuultamaton vaaleanpunainen kamuflaasigeeli, joka muistuttaa kynsilevyn v\u00e4ri\u00e4.<br \/>\nSopii erinomaisesti kynsilevyn virheiden peitt\u00e4miseen (kamuflaasi) tai kynsipinnan pident\u00e4miseen.<br \/>\nKovettuu 36 W UV-lampussa 3 minuutissa tai modernin hybridin LED-lampun alla 2 minuutissa.<br \/>\nParhaan kiillon saavuttamiseksi suosittelemme k\u00e4ytt\u00e4m\u00e4\u00e4n p\u00e4\u00e4lisgeeli\u00e4 viimeisen\u00e4 kerroksena.<\/p>\n<p>Levitet\u00e4\u00e4n pohja- tai rakennegeelin p\u00e4\u00e4lle kahdessa kerroksessa.<\/p>","protected":false},"excerpt":{"rendered":"<p>Keskipaksu. Ei polta.<br \/>\nHyv\u00e4 tarttuvuus. Joustava.<\/p>\n","protected":false},"featured_media":17797,"template":"","meta":[],"product_brand":[],"product_cat":[74],"product_tag":[],"class_list":{"0":"post-10471","1":"product","2":"type-product","3":"status-publish","4":"has-post-thumbnail","6":"product_cat-affinity","8":"first","9":"instock","10":"taxable","11":"shipping-taxable","12":"purchasable","13":"product-type-variable"},"yoast_head":"<!-- This site is optimized with the Yoast SEO plugin v24.4 - https:\/\/yoast.com\/wordpress\/plugins\/seo\/ -->\n<title>Cover Pink Kamuflaasigeeli 7-100g | Valika<\/title>\n<meta name=\"description\" content=\"Tugevam pol\u00fcmeerideahel tagab geeli parema haarduvuse k\u00fc\u00fcnepinnaga.\u00dchefaasilise keskmise paksusega Ice geeli on v\u00e4ga mugav k\u00fc\u00fcnele kanda ja seda kasutatakse terve k\u00fc\u00fcne \u00fclesehitamiseks. Vajab alla primerit v\u00f5i bonderit (erinevusest palun lugege praimeri kirjelduses).\" \/>\n<meta name=\"robots\" content=\"index, follow, max-snippet:-1, max-image-preview:large, max-video-preview:-1\" \/>\n<link rel=\"canonical\" href=\"https:\/\/valika.eu\/fi\/toode\/cover-pink-ehitusgeel-7-100g\/\" \/>\n<meta property=\"og:locale\" content=\"fi_FI\" \/>\n<meta property=\"og:type\" content=\"article\" \/>\n<meta property=\"og:title\" content=\"Cover Pink Kamuflaasigeeli 7-100g | Valika\" \/>\n<meta property=\"og:description\" content=\"Tugevam pol\u00fcmeerideahel tagab geeli parema haarduvuse k\u00fc\u00fcnepinnaga.\u00dchefaasilise keskmise paksusega Ice geeli on v\u00e4ga mugav k\u00fc\u00fcnele kanda ja seda kasutatakse terve k\u00fc\u00fcne \u00fclesehitamiseks. Vajab alla primerit v\u00f5i bonderit (erinevusest palun lugege praimeri kirjelduses).\" \/>\n<meta property=\"og:url\" content=\"https:\/\/valika.eu\/fi\/toode\/cover-pink-ehitusgeel-7-100g\/\" \/>\n<meta property=\"og:site_name\" content=\"Valika\" \/>\n<meta property=\"article:publisher\" content=\"https:\/\/www.facebook.com\/tipsi.net\" \/>\n<meta property=\"article:modified_time\" content=\"2026-03-06T08:45:29+00:00\" \/>\n<meta property=\"og:image\" content=\"https:\/\/valika.eu\/wp-content\/uploads\/2024\/11\/86D49992-03B5-4175-A84F-E002714DDCD6.jpg\" \/>\n\t<meta property=\"og:image:width\" content=\"1092\" \/>\n\t<meta property=\"og:image:height\" content=\"1941\" \/>\n\t<meta property=\"og:image:type\" content=\"image\/jpeg\" \/>\n<meta name=\"twitter:card\" content=\"summary_large_image\" \/>\n<script type=\"application\/ld+json\" class=\"yoast-schema-graph\">{\"@context\":\"https:\/\/schema.org\",\"@graph\":[{\"@type\":\"WebPage\",\"@id\":\"https:\/\/valika.eu\/fi\/toode\/cover-pink-ehitusgeel-7-100g\/\",\"url\":\"https:\/\/valika.eu\/fi\/toode\/cover-pink-ehitusgeel-7-100g\/\",\"name\":\"Cover Pink Kamuflaasigeeli 7-100g | Valika\",\"isPartOf\":{\"@id\":\"https:\/\/valika.eu\/fi\/#website\"},\"primaryImageOfPage\":{\"@id\":\"https:\/\/valika.eu\/fi\/toode\/cover-pink-ehitusgeel-7-100g\/#primaryimage\"},\"image\":{\"@id\":\"https:\/\/valika.eu\/toode\/cover-pink-ehitusgeel-7-100g\/#primaryimage\"},\"thumbnailUrl\":\"https:\/\/valika.eu\/wp-content\/uploads\/2024\/11\/86D49992-03B5-4175-A84F-E002714DDCD6.jpg\",\"datePublished\":\"2024-11-26T10:44:54+00:00\",\"dateModified\":\"2026-03-06T08:45:29+00:00\",\"description\":\"Tugevam pol\u00fcmeerideahel tagab geeli parema haarduvuse k\u00fc\u00fcnepinnaga.\u00dchefaasilise keskmise paksusega Ice geeli on v\u00e4ga mugav k\u00fc\u00fcnele kanda ja seda kasutatakse terve k\u00fc\u00fcne \u00fclesehitamiseks. Vajab alla primerit v\u00f5i bonderit (erinevusest palun lugege praimeri kirjelduses).\",\"breadcrumb\":{\"@id\":\"https:\/\/valika.eu\/fi\/toode\/cover-pink-ehitusgeel-7-100g\/#breadcrumb\"},\"inLanguage\":\"fi\",\"potentialAction\":[{\"@type\":\"ReadAction\",\"target\":[[\"https:\/\/valika.eu\/fi\/toode\/cover-pink-ehitusgeel-7-100g\/\"]]}]},{\"@type\":\"ImageObject\",\"inLanguage\":\"fi\",\"@id\":\"https:\/\/valika.eu\/fi\/toode\/cover-pink-ehitusgeel-7-100g\/#primaryimage\",\"url\":\"https:\/\/valika.eu\/wp-content\/uploads\/2024\/11\/86D49992-03B5-4175-A84F-E002714DDCD6.jpg\",\"contentUrl\":\"https:\/\/valika.eu\/wp-content\/uploads\/2024\/11\/86D49992-03B5-4175-A84F-E002714DDCD6.jpg\",\"width\":1092,\"height\":1941},{\"@type\":\"BreadcrumbList\",\"@id\":\"https:\/\/valika.eu\/fi\/toode\/cover-pink-ehitusgeel-7-100g\/#breadcrumb\",\"itemListElement\":[{\"@type\":\"ListItem\",\"position\":1,\"name\":\"Koti\",\"item\":\"https:\/\/valika.eu\/fi\/\"},{\"@type\":\"ListItem\",\"position\":2,\"name\":\"Shop\",\"item\":\"https:\/\/valika.eu\/fi\/\"},{\"@type\":\"ListItem\",\"position\":3,\"name\":\"Cover Pink ehitusgeel. 7-100g\"}]},{\"@type\":\"WebSite\",\"@id\":\"https:\/\/valika.eu\/fi\/#website\",\"url\":\"https:\/\/valika.eu\/fi\/\",\"name\":\"Valika.eu\",\"description\":\"Salonkituotteet ja kauneudenhoitotuotteet - Valika tarjoaa laajan valikoiman tuotteita ja tarvikkeita kynsiteknikoille, kauneushoitoloille, kampaamoille ja kampaamoille.\",\"publisher\":{\"@id\":\"https:\/\/valika.eu\/fi\/#organization\"},\"alternateName\":\"Valika\",\"potentialAction\":[{\"@type\":\"SearchAction\",\"target\":{\"@type\":\"EntryPoint\",\"urlTemplate\":\"https:\/\/valika.eu\/fi\/?s={search_term_string}\"},\"query-input\":{\"@type\":\"PropertyValueSpecification\",\"valueRequired\":true,\"valueName\":\"search_term_string\"}}],\"inLanguage\":\"fi\"},{\"@type\":\"Organization\",\"@id\":\"https:\/\/valika.eu\/fi\/#organization\",\"name\":\"Salongitoode O\u00dc\",\"alternateName\":\"Valika\",\"url\":\"https:\/\/valika.eu\/fi\/\",\"logo\":{\"@type\":\"ImageObject\",\"inLanguage\":\"fi\",\"@id\":\"https:\/\/valika.eu\/fi\/#\/schema\/logo\/image\/\",\"url\":\"https:\/\/valika.eu\/wp-content\/uploads\/2023\/11\/logo2-valika-footer.png\",\"contentUrl\":\"https:\/\/valika.eu\/wp-content\/uploads\/2023\/11\/logo2-valika-footer.png\",\"width\":200,\"height\":129,\"caption\":\"Salongitoode O\u00dc\"},\"image\":{\"@id\":\"https:\/\/valika.eu\/fi\/#\/schema\/logo\/image\/\"},\"sameAs\":[\"https:\/\/www.facebook.com\/tipsi.net\"]}]}<\/script>\n<!-- \/ Yoast SEO plugin. -->","yoast_head_json":{"title":"Cover Pink Kamuflaasigeeli 7-100g | Valika","description":"Tugevam pol\u00fcmeerideahel tagab geeli parema haarduvuse k\u00fc\u00fcnepinnaga.\u00dchefaasilise keskmise paksusega Ice geeli on v\u00e4ga mugav k\u00fc\u00fcnele kanda ja seda kasutatakse terve k\u00fc\u00fcne \u00fclesehitamiseks. Vajab alla primerit v\u00f5i bonderit (erinevusest palun lugege praimeri kirjelduses).","robots":{"index":"index","follow":"follow","max-snippet":"max-snippet:-1","max-image-preview":"max-image-preview:large","max-video-preview":"max-video-preview:-1"},"canonical":"https:\/\/valika.eu\/fi\/toode\/cover-pink-ehitusgeel-7-100g\/","og_locale":"fi_FI","og_type":"article","og_title":"Cover Pink Kamuflaasigeeli 7-100g | Valika","og_description":"Tugevam pol\u00fcmeerideahel tagab geeli parema haarduvuse k\u00fc\u00fcnepinnaga.\u00dchefaasilise keskmise paksusega Ice geeli on v\u00e4ga mugav k\u00fc\u00fcnele kanda ja seda kasutatakse terve k\u00fc\u00fcne \u00fclesehitamiseks. Vajab alla primerit v\u00f5i bonderit (erinevusest palun lugege praimeri kirjelduses).","og_url":"https:\/\/valika.eu\/fi\/toode\/cover-pink-ehitusgeel-7-100g\/","og_site_name":"Valika","article_publisher":"https:\/\/www.facebook.com\/tipsi.net","article_modified_time":"2026-03-06T08:45:29+00:00","og_image":[{"width":1092,"height":1941,"url":"https:\/\/valika.eu\/wp-content\/uploads\/2024\/11\/86D49992-03B5-4175-A84F-E002714DDCD6.jpg","type":"image\/jpeg"}],"twitter_card":"summary_large_image","schema":{"@context":"https:\/\/schema.org","@graph":[{"@type":"WebPage","@id":"https:\/\/valika.eu\/fi\/toode\/cover-pink-ehitusgeel-7-100g\/","url":"https:\/\/valika.eu\/fi\/toode\/cover-pink-ehitusgeel-7-100g\/","name":"Cover Pink Kamuflaasigeeli 7-100g | Valika","isPartOf":{"@id":"https:\/\/valika.eu\/fi\/#website"},"primaryImageOfPage":{"@id":"https:\/\/valika.eu\/fi\/toode\/cover-pink-ehitusgeel-7-100g\/#primaryimage"},"image":{"@id":"https:\/\/valika.eu\/toode\/cover-pink-ehitusgeel-7-100g\/#primaryimage"},"thumbnailUrl":"https:\/\/valika.eu\/wp-content\/uploads\/2024\/11\/86D49992-03B5-4175-A84F-E002714DDCD6.jpg","datePublished":"2024-11-26T10:44:54+00:00","dateModified":"2026-03-06T08:45:29+00:00","description":"Tugevam pol\u00fcmeerideahel tagab geeli parema haarduvuse k\u00fc\u00fcnepinnaga.\u00dchefaasilise keskmise paksusega Ice geeli on v\u00e4ga mugav k\u00fc\u00fcnele kanda ja seda kasutatakse terve k\u00fc\u00fcne \u00fclesehitamiseks. Vajab alla primerit v\u00f5i bonderit (erinevusest palun lugege praimeri kirjelduses).","breadcrumb":{"@id":"https:\/\/valika.eu\/fi\/toode\/cover-pink-ehitusgeel-7-100g\/#breadcrumb"},"inLanguage":"fi","potentialAction":[{"@type":"ReadAction","target":[["https:\/\/valika.eu\/fi\/toode\/cover-pink-ehitusgeel-7-100g\/"]]}]},{"@type":"ImageObject","inLanguage":"fi","@id":"https:\/\/valika.eu\/fi\/toode\/cover-pink-ehitusgeel-7-100g\/#primaryimage","url":"https:\/\/valika.eu\/wp-content\/uploads\/2024\/11\/86D49992-03B5-4175-A84F-E002714DDCD6.jpg","contentUrl":"https:\/\/valika.eu\/wp-content\/uploads\/2024\/11\/86D49992-03B5-4175-A84F-E002714DDCD6.jpg","width":1092,"height":1941},{"@type":"BreadcrumbList","@id":"https:\/\/valika.eu\/fi\/toode\/cover-pink-ehitusgeel-7-100g\/#breadcrumb","itemListElement":[{"@type":"ListItem","position":1,"name":"Koti","item":"https:\/\/valika.eu\/fi\/"},{"@type":"ListItem","position":2,"name":"Shop","item":"https:\/\/valika.eu\/fi\/"},{"@type":"ListItem","position":3,"name":"Cover Pink ehitusgeel. 7-100g"}]},{"@type":"WebSite","@id":"https:\/\/valika.eu\/fi\/#website","url":"https:\/\/valika.eu\/fi\/","name":"Valika.eu","description":"Salonkituotteet ja kauneudenhoitotuotteet - Valika tarjoaa laajan valikoiman tuotteita ja tarvikkeita kynsiteknikoille, kauneushoitoloille, kampaamoille ja kampaamoille.","publisher":{"@id":"https:\/\/valika.eu\/fi\/#organization"},"alternateName":"Valika","potentialAction":[{"@type":"SearchAction","target":{"@type":"EntryPoint","urlTemplate":"https:\/\/valika.eu\/fi\/?s={search_term_string}"},"query-input":{"@type":"PropertyValueSpecification","valueRequired":true,"valueName":"search_term_string"}}],"inLanguage":"fi"},{"@type":"Organization","@id":"https:\/\/valika.eu\/fi\/#organization","name":"Salongitoode O\u00dc","alternateName":"Valika","url":"https:\/\/valika.eu\/fi\/","logo":{"@type":"ImageObject","inLanguage":"fi","@id":"https:\/\/valika.eu\/fi\/#\/schema\/logo\/image\/","url":"https:\/\/valika.eu\/wp-content\/uploads\/2023\/11\/logo2-valika-footer.png","contentUrl":"https:\/\/valika.eu\/wp-content\/uploads\/2023\/11\/logo2-valika-footer.png","width":200,"height":129,"caption":"Salongitoode O\u00dc"},"image":{"@id":"https:\/\/valika.eu\/fi\/#\/schema\/logo\/image\/"},"sameAs":["https:\/\/www.facebook.com\/tipsi.net"]}]}},"jetpack_sharing_enabled":true,"_links":{"self":[{"href":"https:\/\/valika.eu\/fi\/wp-json\/wp\/v2\/product\/10471","targetHints":{"allow":["GET"]}}],"collection":[{"href":"https:\/\/valika.eu\/fi\/wp-json\/wp\/v2\/product"}],"about":[{"href":"https:\/\/valika.eu\/fi\/wp-json\/wp\/v2\/types\/product"}],"wp:featuredmedia":[{"embeddable":true,"href":"https:\/\/valika.eu\/fi\/wp-json\/wp\/v2\/media\/17797"}],"wp:attachment":[{"href":"https:\/\/valika.eu\/fi\/wp-json\/wp\/v2\/media?parent=10471"}],"wp:term":[{"taxonomy":"product_brand","embeddable":true,"href":"https:\/\/valika.eu\/fi\/wp-json\/wp\/v2\/product_brand?post=10471"},{"taxonomy":"product_cat","embeddable":true,"href":"https:\/\/valika.eu\/fi\/wp-json\/wp\/v2\/product_cat?post=10471"},{"taxonomy":"product_tag","embeddable":true,"href":"https:\/\/valika.eu\/fi\/wp-json\/wp\/v2\/product_tag?post=10471"}],"curies":[{"name":"wp","href":"https:\/\/api.w.org\/{rel}","templated":true}]}}