{"id":10556,"date":"2024-12-03T12:24:08","date_gmt":"2024-12-03T10:24:08","guid":{"rendered":"https:\/\/valika.eu\/?post_type=product&#038;p=10556"},"modified":"2026-02-16T21:31:58","modified_gmt":"2026-02-16T19:31:58","slug":"brushup-gel-color-uv-led-follow-my-lead-5-g","status":"publish","type":"product","link":"https:\/\/valika.eu\/fi\/toode\/brushup-gel-color-uv-led-follow-my-lead-5-g\/","title":{"rendered":"BrushUp! Gel Color UV\/LED Follow My Lead 5 g"},"content":{"rendered":"<p>Etk\u00f6 voi kuvitella t\u00e4ydellist\u00e4 tyyli\u00e4 ilman t\u00e4ydellist\u00e4 manikyyri\u00e4? Hyvin hoidetut kynnet antavat sinulle itsevarmuutta, rohkeutta ja naisellisuutta? Gel Color UV\/LED on upea hybridi-kynsilakkakokoelma, joka on luotu yhteisty\u00f6ss\u00e4 Maxineczkan kanssa. Pinkin, nuden, beigen s\u00e4vyt, koralliset vivahteet ja kimaltelevat glitterit tarjoavat loputtomasti tyylivaihtoehtoja jokaiseen tilaisuuteen ja tunnelmaan. Huolellisesti kehitetyn keskipaksun koostumuksen, intensiivisen peitt\u00e4vyyden ja kest\u00e4vyyden ansiosta voit unohtaa kynsinauhojen sotkemisen, lohkeilut ja jatkuvan korjaustarpeen.<\/p>\n<p>\u2022 Keskipaksu koostumus ei valu kynsinauhoille<br \/>\n\u2022 Helppo levitt\u00e4\u00e4 erityisesti muotoillulla siveltimell\u00e4<br \/>\n\u2022 Eritt\u00e4in pigmentoitu<br \/>\n\u2022 Kest\u00e4\u00e4 jopa 3 viikkoa<\/p>\n<p>K\u00e4ytt\u00f6ohje:<br \/>\nLevit\u00e4 ohut kerros lakkaa aiemmin kovetetulle hybridipohjalle ja koveta UV\/LED-lampussa 30\u201360 sekunnin ajan. Viimeistele tyyli levitt\u00e4m\u00e4ll\u00e4 ja kovettamalla p\u00e4\u00e4llyslakka.<\/p>\n<p>Varoitukset:<br \/>\nVain ammattik\u00e4ytt\u00f6\u00f6n. Saattaa aiheuttaa allergisen reaktion. V\u00e4lt\u00e4 kosketusta ihon kanssa. Lue k\u00e4ytt\u00f6ohje huolellisesti.<\/p>","protected":false},"excerpt":{"rendered":"<p>Etk\u00f6 voi kuvitella t\u00e4ydellist\u00e4 tyyli\u00e4 ilman t\u00e4ydellist\u00e4 manikyyri\u00e4? Hyvin hoidetut kynnet antavat sinulle itsevarmuutta, rohkeutta ja naisellisuutta? Gel Color UV\/LED<\/p>\n","protected":false},"featured_media":10557,"template":"","meta":[],"product_brand":[],"product_cat":[666],"product_tag":[],"class_list":{"0":"post-10556","1":"product","2":"type-product","3":"status-publish","4":"has-post-thumbnail","6":"product_cat-brush-up","8":"first","9":"instock","10":"taxable","11":"shipping-taxable","12":"purchasable","13":"product-type-simple"},"yoast_head":"<!-- This site is optimized with the Yoast SEO plugin v24.4 - https:\/\/yoast.com\/wordpress\/plugins\/seo\/ -->\n<title>BrushUp! Gel Color UV\/LED Follow My Lead 5 g | Valika<\/title>\n<meta name=\"robots\" content=\"index, follow, max-snippet:-1, max-image-preview:large, max-video-preview:-1\" \/>\n<link rel=\"canonical\" href=\"https:\/\/valika.eu\/fi\/toode\/brushup-gel-color-uv-led-follow-my-lead-5-g\/\" \/>\n<meta property=\"og:locale\" content=\"fi_FI\" \/>\n<meta property=\"og:type\" content=\"article\" \/>\n<meta property=\"og:title\" content=\"BrushUp! Gel Color UV\/LED Follow My Lead 5 g | Valika\" \/>\n<meta property=\"og:description\" content=\"Etk\u00f6 voi kuvitella t\u00e4ydellist\u00e4 tyyli\u00e4 ilman t\u00e4ydellist\u00e4 manikyyri\u00e4? Hyvin hoidetut kynnet antavat sinulle itsevarmuutta, rohkeutta ja naisellisuutta? Gel Color UV\/LED\" \/>\n<meta property=\"og:url\" content=\"https:\/\/valika.eu\/fi\/toode\/brushup-gel-color-uv-led-follow-my-lead-5-g\/\" \/>\n<meta property=\"og:site_name\" content=\"Valika\" \/>\n<meta property=\"article:publisher\" content=\"https:\/\/www.facebook.com\/tipsi.net\" \/>\n<meta property=\"article:modified_time\" content=\"2026-02-16T19:31:58+00:00\" \/>\n<meta property=\"og:image\" content=\"https:\/\/valika.eu\/wp-content\/uploads\/2024\/12\/gEELLAKK-FOLLOW-MYLEAD.jpg\" \/>\n\t<meta property=\"og:image:width\" content=\"1100\" \/>\n\t<meta property=\"og:image:height\" content=\"1100\" \/>\n\t<meta property=\"og:image:type\" content=\"image\/jpeg\" \/>\n<meta name=\"twitter:card\" content=\"summary_large_image\" \/>\n<script type=\"application\/ld+json\" class=\"yoast-schema-graph\">{\"@context\":\"https:\/\/schema.org\",\"@graph\":[{\"@type\":\"WebPage\",\"@id\":\"https:\/\/valika.eu\/fi\/toode\/brushup-gel-color-uv-led-follow-my-lead-5-g\/\",\"url\":\"https:\/\/valika.eu\/fi\/toode\/brushup-gel-color-uv-led-follow-my-lead-5-g\/\",\"name\":\"BrushUp! Gel Color UV\/LED Follow My Lead 5 g | Valika\",\"isPartOf\":{\"@id\":\"https:\/\/valika.eu\/fi\/#website\"},\"primaryImageOfPage\":{\"@id\":\"https:\/\/valika.eu\/fi\/toode\/brushup-gel-color-uv-led-follow-my-lead-5-g\/#primaryimage\"},\"image\":{\"@id\":\"https:\/\/valika.eu\/toode\/brushup-gel-color-uv-led-follow-my-lead-5-g\/#primaryimage\"},\"thumbnailUrl\":\"https:\/\/valika.eu\/wp-content\/uploads\/2024\/12\/gEELLAKK-FOLLOW-MYLEAD.jpg\",\"datePublished\":\"2024-12-03T10:24:08+00:00\",\"dateModified\":\"2026-02-16T19:31:58+00:00\",\"breadcrumb\":{\"@id\":\"https:\/\/valika.eu\/fi\/toode\/brushup-gel-color-uv-led-follow-my-lead-5-g\/#breadcrumb\"},\"inLanguage\":\"fi\",\"potentialAction\":[{\"@type\":\"ReadAction\",\"target\":[[\"https:\/\/valika.eu\/fi\/toode\/brushup-gel-color-uv-led-follow-my-lead-5-g\/\"]]}]},{\"@type\":\"ImageObject\",\"inLanguage\":\"fi\",\"@id\":\"https:\/\/valika.eu\/fi\/toode\/brushup-gel-color-uv-led-follow-my-lead-5-g\/#primaryimage\",\"url\":\"https:\/\/valika.eu\/wp-content\/uploads\/2024\/12\/gEELLAKK-FOLLOW-MYLEAD.jpg\",\"contentUrl\":\"https:\/\/valika.eu\/wp-content\/uploads\/2024\/12\/gEELLAKK-FOLLOW-MYLEAD.jpg\",\"width\":1100,\"height\":1100},{\"@type\":\"BreadcrumbList\",\"@id\":\"https:\/\/valika.eu\/fi\/toode\/brushup-gel-color-uv-led-follow-my-lead-5-g\/#breadcrumb\",\"itemListElement\":[{\"@type\":\"ListItem\",\"position\":1,\"name\":\"Koti\",\"item\":\"https:\/\/valika.eu\/fi\/\"},{\"@type\":\"ListItem\",\"position\":2,\"name\":\"Shop\",\"item\":\"https:\/\/valika.eu\/fi\/\"},{\"@type\":\"ListItem\",\"position\":3,\"name\":\"BrushUp! Gel Color UV\/LED Follow My Lead 5 g\"}]},{\"@type\":\"WebSite\",\"@id\":\"https:\/\/valika.eu\/fi\/#website\",\"url\":\"https:\/\/valika.eu\/fi\/\",\"name\":\"Valika.eu\",\"description\":\"Salonkituotteet ja kauneudenhoitotuotteet - Valika tarjoaa laajan valikoiman tuotteita ja tarvikkeita kynsiteknikoille, kauneushoitoloille, kampaamoille ja kampaamoille.\",\"publisher\":{\"@id\":\"https:\/\/valika.eu\/fi\/#organization\"},\"alternateName\":\"Valika\",\"potentialAction\":[{\"@type\":\"SearchAction\",\"target\":{\"@type\":\"EntryPoint\",\"urlTemplate\":\"https:\/\/valika.eu\/fi\/?s={search_term_string}\"},\"query-input\":{\"@type\":\"PropertyValueSpecification\",\"valueRequired\":true,\"valueName\":\"search_term_string\"}}],\"inLanguage\":\"fi\"},{\"@type\":\"Organization\",\"@id\":\"https:\/\/valika.eu\/fi\/#organization\",\"name\":\"Salongitoode O\u00dc\",\"alternateName\":\"Valika\",\"url\":\"https:\/\/valika.eu\/fi\/\",\"logo\":{\"@type\":\"ImageObject\",\"inLanguage\":\"fi\",\"@id\":\"https:\/\/valika.eu\/fi\/#\/schema\/logo\/image\/\",\"url\":\"https:\/\/valika.eu\/wp-content\/uploads\/2023\/11\/logo2-valika-footer.png\",\"contentUrl\":\"https:\/\/valika.eu\/wp-content\/uploads\/2023\/11\/logo2-valika-footer.png\",\"width\":200,\"height\":129,\"caption\":\"Salongitoode O\u00dc\"},\"image\":{\"@id\":\"https:\/\/valika.eu\/fi\/#\/schema\/logo\/image\/\"},\"sameAs\":[\"https:\/\/www.facebook.com\/tipsi.net\"]}]}<\/script>\n<!-- \/ Yoast SEO plugin. -->","yoast_head_json":{"title":"BrushUp! Gel Color UV\/LED Follow My Lead 5 g | Valika","robots":{"index":"index","follow":"follow","max-snippet":"max-snippet:-1","max-image-preview":"max-image-preview:large","max-video-preview":"max-video-preview:-1"},"canonical":"https:\/\/valika.eu\/fi\/toode\/brushup-gel-color-uv-led-follow-my-lead-5-g\/","og_locale":"fi_FI","og_type":"article","og_title":"BrushUp! Gel Color UV\/LED Follow My Lead 5 g | Valika","og_description":"Etk\u00f6 voi kuvitella t\u00e4ydellist\u00e4 tyyli\u00e4 ilman t\u00e4ydellist\u00e4 manikyyri\u00e4? Hyvin hoidetut kynnet antavat sinulle itsevarmuutta, rohkeutta ja naisellisuutta? Gel Color UV\/LED","og_url":"https:\/\/valika.eu\/fi\/toode\/brushup-gel-color-uv-led-follow-my-lead-5-g\/","og_site_name":"Valika","article_publisher":"https:\/\/www.facebook.com\/tipsi.net","article_modified_time":"2026-02-16T19:31:58+00:00","og_image":[{"width":1100,"height":1100,"url":"https:\/\/valika.eu\/wp-content\/uploads\/2024\/12\/gEELLAKK-FOLLOW-MYLEAD.jpg","type":"image\/jpeg"}],"twitter_card":"summary_large_image","schema":{"@context":"https:\/\/schema.org","@graph":[{"@type":"WebPage","@id":"https:\/\/valika.eu\/fi\/toode\/brushup-gel-color-uv-led-follow-my-lead-5-g\/","url":"https:\/\/valika.eu\/fi\/toode\/brushup-gel-color-uv-led-follow-my-lead-5-g\/","name":"BrushUp! Gel Color UV\/LED Follow My Lead 5 g | Valika","isPartOf":{"@id":"https:\/\/valika.eu\/fi\/#website"},"primaryImageOfPage":{"@id":"https:\/\/valika.eu\/fi\/toode\/brushup-gel-color-uv-led-follow-my-lead-5-g\/#primaryimage"},"image":{"@id":"https:\/\/valika.eu\/toode\/brushup-gel-color-uv-led-follow-my-lead-5-g\/#primaryimage"},"thumbnailUrl":"https:\/\/valika.eu\/wp-content\/uploads\/2024\/12\/gEELLAKK-FOLLOW-MYLEAD.jpg","datePublished":"2024-12-03T10:24:08+00:00","dateModified":"2026-02-16T19:31:58+00:00","breadcrumb":{"@id":"https:\/\/valika.eu\/fi\/toode\/brushup-gel-color-uv-led-follow-my-lead-5-g\/#breadcrumb"},"inLanguage":"fi","potentialAction":[{"@type":"ReadAction","target":[["https:\/\/valika.eu\/fi\/toode\/brushup-gel-color-uv-led-follow-my-lead-5-g\/"]]}]},{"@type":"ImageObject","inLanguage":"fi","@id":"https:\/\/valika.eu\/fi\/toode\/brushup-gel-color-uv-led-follow-my-lead-5-g\/#primaryimage","url":"https:\/\/valika.eu\/wp-content\/uploads\/2024\/12\/gEELLAKK-FOLLOW-MYLEAD.jpg","contentUrl":"https:\/\/valika.eu\/wp-content\/uploads\/2024\/12\/gEELLAKK-FOLLOW-MYLEAD.jpg","width":1100,"height":1100},{"@type":"BreadcrumbList","@id":"https:\/\/valika.eu\/fi\/toode\/brushup-gel-color-uv-led-follow-my-lead-5-g\/#breadcrumb","itemListElement":[{"@type":"ListItem","position":1,"name":"Koti","item":"https:\/\/valika.eu\/fi\/"},{"@type":"ListItem","position":2,"name":"Shop","item":"https:\/\/valika.eu\/fi\/"},{"@type":"ListItem","position":3,"name":"BrushUp! Gel Color UV\/LED Follow My Lead 5 g"}]},{"@type":"WebSite","@id":"https:\/\/valika.eu\/fi\/#website","url":"https:\/\/valika.eu\/fi\/","name":"Valika.eu","description":"Salonkituotteet ja kauneudenhoitotuotteet - Valika tarjoaa laajan valikoiman tuotteita ja tarvikkeita kynsiteknikoille, kauneushoitoloille, kampaamoille ja kampaamoille.","publisher":{"@id":"https:\/\/valika.eu\/fi\/#organization"},"alternateName":"Valika","potentialAction":[{"@type":"SearchAction","target":{"@type":"EntryPoint","urlTemplate":"https:\/\/valika.eu\/fi\/?s={search_term_string}"},"query-input":{"@type":"PropertyValueSpecification","valueRequired":true,"valueName":"search_term_string"}}],"inLanguage":"fi"},{"@type":"Organization","@id":"https:\/\/valika.eu\/fi\/#organization","name":"Salongitoode O\u00dc","alternateName":"Valika","url":"https:\/\/valika.eu\/fi\/","logo":{"@type":"ImageObject","inLanguage":"fi","@id":"https:\/\/valika.eu\/fi\/#\/schema\/logo\/image\/","url":"https:\/\/valika.eu\/wp-content\/uploads\/2023\/11\/logo2-valika-footer.png","contentUrl":"https:\/\/valika.eu\/wp-content\/uploads\/2023\/11\/logo2-valika-footer.png","width":200,"height":129,"caption":"Salongitoode O\u00dc"},"image":{"@id":"https:\/\/valika.eu\/fi\/#\/schema\/logo\/image\/"},"sameAs":["https:\/\/www.facebook.com\/tipsi.net"]}]}},"jetpack_sharing_enabled":true,"_links":{"self":[{"href":"https:\/\/valika.eu\/fi\/wp-json\/wp\/v2\/product\/10556","targetHints":{"allow":["GET"]}}],"collection":[{"href":"https:\/\/valika.eu\/fi\/wp-json\/wp\/v2\/product"}],"about":[{"href":"https:\/\/valika.eu\/fi\/wp-json\/wp\/v2\/types\/product"}],"wp:featuredmedia":[{"embeddable":true,"href":"https:\/\/valika.eu\/fi\/wp-json\/wp\/v2\/media\/10557"}],"wp:attachment":[{"href":"https:\/\/valika.eu\/fi\/wp-json\/wp\/v2\/media?parent=10556"}],"wp:term":[{"taxonomy":"product_brand","embeddable":true,"href":"https:\/\/valika.eu\/fi\/wp-json\/wp\/v2\/product_brand?post=10556"},{"taxonomy":"product_cat","embeddable":true,"href":"https:\/\/valika.eu\/fi\/wp-json\/wp\/v2\/product_cat?post=10556"},{"taxonomy":"product_tag","embeddable":true,"href":"https:\/\/valika.eu\/fi\/wp-json\/wp\/v2\/product_tag?post=10556"}],"curies":[{"name":"wp","href":"https:\/\/api.w.org\/{rel}","templated":true}]}}