{"id":10584,"date":"2024-12-03T15:55:11","date_gmt":"2024-12-03T13:55:11","guid":{"rendered":"https:\/\/valika.eu\/?post_type=product&#038;p=10584"},"modified":"2026-03-20T15:57:01","modified_gmt":"2026-03-20T13:57:01","slug":"palu-cuticle-remover-100g","status":"publish","type":"product","link":"https:\/\/valika.eu\/fi\/toode\/palu-cuticle-remover-100g\/","title":{"rendered":"Palu Cuticle remover 100g neste kynsinauhojen pehment\u00e4miseen"},"content":{"rendered":"<p>Palu Cuticle Remover on ammattimainen neste kynsinauhojen pehment\u00e4miseen, joka helpottaa niiden nopeaa poistamista. Se on suunniteltu erityisesti kynsiteknikoille \u2013 suuri 100 g tilavuus ja kapea applikaattori mahdollistavat kynsien tehokkaan ja helpon valmistelun manikyyri\u00e4 varten. Tuote on helppo annostella, ja applikaattorin muoto mahdollistaa tarkan tipan levitt\u00e4misen jokaiselle kynnelle.<\/p>\n<p>Cuticle Remover sis\u00e4lt\u00e4\u00e4 glyseriini\u00e4, joka auttaa ravitsemaan ja kosteuttamaan herkki\u00e4 kynsinauhoja ja kynsilevy\u00e4.<\/p>\n<p>Palu on kosmetiikkasarja ammattilaisilta ammattilaisille. Haluamme tarjota sinulle valinnanvapautta, laatutakuuta ja ty\u00f6skentelyn mukavuutta. K\u00e4ytitk\u00f6 tuotteitamme? Muista jakaa tulokset ja merkitse kuvasi Instagramissa hashtagilla #palusalonsystem.<\/p>\n<p>Tuote on tarkoitettu vain ammattik\u00e4ytt\u00f6\u00f6n.<\/p>\n<p>Pehment\u00e4\u00e4 ja poistaa kynsinauhoja<br \/>\nHelppo levitys tarkan applikaattorin ansiosta<br \/>\nSis\u00e4lt\u00e4\u00e4 kosteuttavaa glyseriini\u00e4<br \/>\nTilavuus: 100 g<br \/>\nAinesosat:<br \/>\nIngredients: Aqua, Glycerin, Potassium Hydroxide, Carbomer.<\/p>\n<p>Sis\u00e4lt\u00e4\u00e4 em\u00e4ksi\u00e4. V\u00e4lt\u00e4 kosketusta silmiin. Saattaa aiheuttaa n\u00e4\u00f6n menetyksen. S\u00e4ilyt\u00e4 lasten ulottumattomissa.<\/p>\n<p>K\u00e4ytt\u00f6ohje:<br \/>\nLevit\u00e4 pieni m\u00e4\u00e4r\u00e4 tuotetta kynsinauhojen ymp\u00e4rille. 30\u201360 sekunnin kuluttua poista ylim\u00e4\u00e4r\u00e4iset kynsinauhat puisella tikulla ja pese k\u00e4det huolellisesti.<\/p>","protected":false},"excerpt":{"rendered":"<p>Palu Cuticle Remover on ammattimainen neste kynsinauhojen pehment\u00e4miseen, joka helpottaa niiden nopeaa poistamista. Se on suunniteltu erityisesti kynsiteknikoille \u2013 suuri<\/p>\n","protected":false},"featured_media":10585,"template":"","meta":[],"product_brand":[],"product_cat":[616],"product_tag":[],"class_list":{"0":"post-10584","1":"product","2":"type-product","3":"status-publish","4":"has-post-thumbnail","6":"product_cat-primerbonder","8":"first","9":"instock","10":"taxable","11":"shipping-taxable","12":"purchasable","13":"product-type-simple"},"yoast_head":"<!-- This site is optimized with the Yoast SEO plugin v24.4 - https:\/\/yoast.com\/wordpress\/plugins\/seo\/ -->\n<title>Palu Cuticle remover 100g neste kynsinauhojen pehment\u00e4miseen | Valika<\/title>\n<meta name=\"robots\" content=\"index, follow, max-snippet:-1, max-image-preview:large, max-video-preview:-1\" \/>\n<link rel=\"canonical\" href=\"https:\/\/valika.eu\/fi\/toode\/palu-cuticle-remover-100g\/\" \/>\n<meta property=\"og:locale\" content=\"fi_FI\" \/>\n<meta property=\"og:type\" content=\"article\" \/>\n<meta property=\"og:title\" content=\"Palu Cuticle remover 100g neste kynsinauhojen pehment\u00e4miseen | Valika\" \/>\n<meta property=\"og:description\" content=\"Palu Cuticle Remover on ammattimainen neste kynsinauhojen pehment\u00e4miseen, joka helpottaa niiden nopeaa poistamista. Se on suunniteltu erityisesti kynsiteknikoille \u2013 suuri\" \/>\n<meta property=\"og:url\" content=\"https:\/\/valika.eu\/fi\/toode\/palu-cuticle-remover-100g\/\" \/>\n<meta property=\"og:site_name\" content=\"Valika\" \/>\n<meta property=\"article:publisher\" content=\"https:\/\/www.facebook.com\/tipsi.net\" \/>\n<meta property=\"article:modified_time\" content=\"2026-03-20T13:57:01+00:00\" \/>\n<meta property=\"og:image\" content=\"https:\/\/valika.eu\/wp-content\/uploads\/2024\/12\/Palu_CUTICLE-REMOVER.jpg\" \/>\n\t<meta property=\"og:image:width\" content=\"1500\" \/>\n\t<meta property=\"og:image:height\" content=\"1500\" \/>\n\t<meta property=\"og:image:type\" content=\"image\/jpeg\" \/>\n<meta name=\"twitter:card\" content=\"summary_large_image\" \/>\n<script type=\"application\/ld+json\" class=\"yoast-schema-graph\">{\"@context\":\"https:\/\/schema.org\",\"@graph\":[{\"@type\":\"WebPage\",\"@id\":\"https:\/\/valika.eu\/fi\/toode\/palu-cuticle-remover-100g\/\",\"url\":\"https:\/\/valika.eu\/fi\/toode\/palu-cuticle-remover-100g\/\",\"name\":\"Palu Cuticle remover 100g neste kynsinauhojen pehment\u00e4miseen | Valika\",\"isPartOf\":{\"@id\":\"https:\/\/valika.eu\/fi\/#website\"},\"primaryImageOfPage\":{\"@id\":\"https:\/\/valika.eu\/fi\/toode\/palu-cuticle-remover-100g\/#primaryimage\"},\"image\":{\"@id\":\"https:\/\/valika.eu\/toode\/palu-cuticle-remover-100g\/#primaryimage\"},\"thumbnailUrl\":\"https:\/\/valika.eu\/wp-content\/uploads\/2024\/12\/Palu_CUTICLE-REMOVER.jpg\",\"datePublished\":\"2024-12-03T13:55:11+00:00\",\"dateModified\":\"2026-03-20T13:57:01+00:00\",\"breadcrumb\":{\"@id\":\"https:\/\/valika.eu\/fi\/toode\/palu-cuticle-remover-100g\/#breadcrumb\"},\"inLanguage\":\"fi\",\"potentialAction\":[{\"@type\":\"ReadAction\",\"target\":[[\"https:\/\/valika.eu\/fi\/toode\/palu-cuticle-remover-100g\/\"]]}]},{\"@type\":\"ImageObject\",\"inLanguage\":\"fi\",\"@id\":\"https:\/\/valika.eu\/fi\/toode\/palu-cuticle-remover-100g\/#primaryimage\",\"url\":\"https:\/\/valika.eu\/wp-content\/uploads\/2024\/12\/Palu_CUTICLE-REMOVER.jpg\",\"contentUrl\":\"https:\/\/valika.eu\/wp-content\/uploads\/2024\/12\/Palu_CUTICLE-REMOVER.jpg\",\"width\":1500,\"height\":1500},{\"@type\":\"BreadcrumbList\",\"@id\":\"https:\/\/valika.eu\/fi\/toode\/palu-cuticle-remover-100g\/#breadcrumb\",\"itemListElement\":[{\"@type\":\"ListItem\",\"position\":1,\"name\":\"Koti\",\"item\":\"https:\/\/valika.eu\/fi\/\"},{\"@type\":\"ListItem\",\"position\":2,\"name\":\"Shop\",\"item\":\"https:\/\/valika.eu\/fi\/\"},{\"@type\":\"ListItem\",\"position\":3,\"name\":\"Palu Cuticle remover 100g \u0436\u0438\u0434\u043a\u043e\u0441\u0442\u044c \u0434\u043b\u044f \u0440\u0430\u0437\u043c\u044f\u0433\u0447\u0435\u043d\u0438\u044f \u043a\u0443\u0442\u0438\u043a\u0443\u043b\u044b\"}]},{\"@type\":\"WebSite\",\"@id\":\"https:\/\/valika.eu\/fi\/#website\",\"url\":\"https:\/\/valika.eu\/fi\/\",\"name\":\"Valika.eu\",\"description\":\"Salonkituotteet ja kauneudenhoitotuotteet - Valika tarjoaa laajan valikoiman tuotteita ja tarvikkeita kynsiteknikoille, kauneushoitoloille, kampaamoille ja kampaamoille.\",\"publisher\":{\"@id\":\"https:\/\/valika.eu\/fi\/#organization\"},\"alternateName\":\"Valika\",\"potentialAction\":[{\"@type\":\"SearchAction\",\"target\":{\"@type\":\"EntryPoint\",\"urlTemplate\":\"https:\/\/valika.eu\/fi\/?s={search_term_string}\"},\"query-input\":{\"@type\":\"PropertyValueSpecification\",\"valueRequired\":true,\"valueName\":\"search_term_string\"}}],\"inLanguage\":\"fi\"},{\"@type\":\"Organization\",\"@id\":\"https:\/\/valika.eu\/fi\/#organization\",\"name\":\"Salongitoode O\u00dc\",\"alternateName\":\"Valika\",\"url\":\"https:\/\/valika.eu\/fi\/\",\"logo\":{\"@type\":\"ImageObject\",\"inLanguage\":\"fi\",\"@id\":\"https:\/\/valika.eu\/fi\/#\/schema\/logo\/image\/\",\"url\":\"https:\/\/valika.eu\/wp-content\/uploads\/2023\/11\/logo2-valika-footer.png\",\"contentUrl\":\"https:\/\/valika.eu\/wp-content\/uploads\/2023\/11\/logo2-valika-footer.png\",\"width\":200,\"height\":129,\"caption\":\"Salongitoode O\u00dc\"},\"image\":{\"@id\":\"https:\/\/valika.eu\/fi\/#\/schema\/logo\/image\/\"},\"sameAs\":[\"https:\/\/www.facebook.com\/tipsi.net\"]}]}<\/script>\n<!-- \/ Yoast SEO plugin. -->","yoast_head_json":{"title":"Palu Cuticle remover 100g neste kynsinauhojen pehment\u00e4miseen | Valika","robots":{"index":"index","follow":"follow","max-snippet":"max-snippet:-1","max-image-preview":"max-image-preview:large","max-video-preview":"max-video-preview:-1"},"canonical":"https:\/\/valika.eu\/fi\/toode\/palu-cuticle-remover-100g\/","og_locale":"fi_FI","og_type":"article","og_title":"Palu Cuticle remover 100g neste kynsinauhojen pehment\u00e4miseen | Valika","og_description":"Palu Cuticle Remover on ammattimainen neste kynsinauhojen pehment\u00e4miseen, joka helpottaa niiden nopeaa poistamista. Se on suunniteltu erityisesti kynsiteknikoille \u2013 suuri","og_url":"https:\/\/valika.eu\/fi\/toode\/palu-cuticle-remover-100g\/","og_site_name":"Valika","article_publisher":"https:\/\/www.facebook.com\/tipsi.net","article_modified_time":"2026-03-20T13:57:01+00:00","og_image":[{"width":1500,"height":1500,"url":"https:\/\/valika.eu\/wp-content\/uploads\/2024\/12\/Palu_CUTICLE-REMOVER.jpg","type":"image\/jpeg"}],"twitter_card":"summary_large_image","schema":{"@context":"https:\/\/schema.org","@graph":[{"@type":"WebPage","@id":"https:\/\/valika.eu\/fi\/toode\/palu-cuticle-remover-100g\/","url":"https:\/\/valika.eu\/fi\/toode\/palu-cuticle-remover-100g\/","name":"Palu Cuticle remover 100g neste kynsinauhojen pehment\u00e4miseen | Valika","isPartOf":{"@id":"https:\/\/valika.eu\/fi\/#website"},"primaryImageOfPage":{"@id":"https:\/\/valika.eu\/fi\/toode\/palu-cuticle-remover-100g\/#primaryimage"},"image":{"@id":"https:\/\/valika.eu\/toode\/palu-cuticle-remover-100g\/#primaryimage"},"thumbnailUrl":"https:\/\/valika.eu\/wp-content\/uploads\/2024\/12\/Palu_CUTICLE-REMOVER.jpg","datePublished":"2024-12-03T13:55:11+00:00","dateModified":"2026-03-20T13:57:01+00:00","breadcrumb":{"@id":"https:\/\/valika.eu\/fi\/toode\/palu-cuticle-remover-100g\/#breadcrumb"},"inLanguage":"fi","potentialAction":[{"@type":"ReadAction","target":[["https:\/\/valika.eu\/fi\/toode\/palu-cuticle-remover-100g\/"]]}]},{"@type":"ImageObject","inLanguage":"fi","@id":"https:\/\/valika.eu\/fi\/toode\/palu-cuticle-remover-100g\/#primaryimage","url":"https:\/\/valika.eu\/wp-content\/uploads\/2024\/12\/Palu_CUTICLE-REMOVER.jpg","contentUrl":"https:\/\/valika.eu\/wp-content\/uploads\/2024\/12\/Palu_CUTICLE-REMOVER.jpg","width":1500,"height":1500},{"@type":"BreadcrumbList","@id":"https:\/\/valika.eu\/fi\/toode\/palu-cuticle-remover-100g\/#breadcrumb","itemListElement":[{"@type":"ListItem","position":1,"name":"Koti","item":"https:\/\/valika.eu\/fi\/"},{"@type":"ListItem","position":2,"name":"Shop","item":"https:\/\/valika.eu\/fi\/"},{"@type":"ListItem","position":3,"name":"Palu Cuticle remover 100g \u0436\u0438\u0434\u043a\u043e\u0441\u0442\u044c \u0434\u043b\u044f \u0440\u0430\u0437\u043c\u044f\u0433\u0447\u0435\u043d\u0438\u044f \u043a\u0443\u0442\u0438\u043a\u0443\u043b\u044b"}]},{"@type":"WebSite","@id":"https:\/\/valika.eu\/fi\/#website","url":"https:\/\/valika.eu\/fi\/","name":"Valika.eu","description":"Salonkituotteet ja kauneudenhoitotuotteet - Valika tarjoaa laajan valikoiman tuotteita ja tarvikkeita kynsiteknikoille, kauneushoitoloille, kampaamoille ja kampaamoille.","publisher":{"@id":"https:\/\/valika.eu\/fi\/#organization"},"alternateName":"Valika","potentialAction":[{"@type":"SearchAction","target":{"@type":"EntryPoint","urlTemplate":"https:\/\/valika.eu\/fi\/?s={search_term_string}"},"query-input":{"@type":"PropertyValueSpecification","valueRequired":true,"valueName":"search_term_string"}}],"inLanguage":"fi"},{"@type":"Organization","@id":"https:\/\/valika.eu\/fi\/#organization","name":"Salongitoode O\u00dc","alternateName":"Valika","url":"https:\/\/valika.eu\/fi\/","logo":{"@type":"ImageObject","inLanguage":"fi","@id":"https:\/\/valika.eu\/fi\/#\/schema\/logo\/image\/","url":"https:\/\/valika.eu\/wp-content\/uploads\/2023\/11\/logo2-valika-footer.png","contentUrl":"https:\/\/valika.eu\/wp-content\/uploads\/2023\/11\/logo2-valika-footer.png","width":200,"height":129,"caption":"Salongitoode O\u00dc"},"image":{"@id":"https:\/\/valika.eu\/fi\/#\/schema\/logo\/image\/"},"sameAs":["https:\/\/www.facebook.com\/tipsi.net"]}]}},"jetpack_sharing_enabled":true,"_links":{"self":[{"href":"https:\/\/valika.eu\/fi\/wp-json\/wp\/v2\/product\/10584","targetHints":{"allow":["GET"]}}],"collection":[{"href":"https:\/\/valika.eu\/fi\/wp-json\/wp\/v2\/product"}],"about":[{"href":"https:\/\/valika.eu\/fi\/wp-json\/wp\/v2\/types\/product"}],"wp:featuredmedia":[{"embeddable":true,"href":"https:\/\/valika.eu\/fi\/wp-json\/wp\/v2\/media\/10585"}],"wp:attachment":[{"href":"https:\/\/valika.eu\/fi\/wp-json\/wp\/v2\/media?parent=10584"}],"wp:term":[{"taxonomy":"product_brand","embeddable":true,"href":"https:\/\/valika.eu\/fi\/wp-json\/wp\/v2\/product_brand?post=10584"},{"taxonomy":"product_cat","embeddable":true,"href":"https:\/\/valika.eu\/fi\/wp-json\/wp\/v2\/product_cat?post=10584"},{"taxonomy":"product_tag","embeddable":true,"href":"https:\/\/valika.eu\/fi\/wp-json\/wp\/v2\/product_tag?post=10584"}],"curies":[{"name":"wp","href":"https:\/\/api.w.org\/{rel}","templated":true}]}}