{"id":10660,"date":"2024-12-05T15:26:02","date_gmt":"2024-12-05T13:26:02","guid":{"rendered":"https:\/\/valika.eu\/?post_type=product&#038;p=10660"},"modified":"2026-03-11T15:03:29","modified_gmt":"2026-03-11T13:03:29","slug":"chemi-pharm-chemisept-fg-100-ml-jalgade-desinfektsioon-kopeeri","status":"publish","type":"product","link":"https:\/\/valika.eu\/fi\/toode\/chemi-pharm-chemisept-fg-100-ml-jalgade-desinfektsioon-kopeeri\/","title":{"rendered":"Chemisept FG \u2013 100 ml JALKOJEN DESINFIOINTI"},"content":{"rendered":"<p>Tuote on laaja-alaisesti sienitoksiini- ja bakterisidivaikutteinen, tuhoaa grampositiivisia ja gramnegatiivisia bakteereja sek\u00e4 viruksia. Eritt\u00e4in tehokas dermatofyyttej\u00e4, hiivaa ja homeita vastaan. Tuote sis\u00e4lt\u00e4\u00e4 puhdasta ja v\u00e4h\u00e4n haihtuvaa etanolia, joka ei aiheuta hengitysteiden \u00e4rsytyst\u00e4 suihkutettaessa.<\/p>\n<p>Sopii alkoholia kest\u00e4ville kengille nopeaan desinfiointiin. V\u00e4hent\u00e4\u00e4 jalkojen hikoilua ja siit\u00e4 johtuvan ep\u00e4miellytt\u00e4v\u00e4n hajun muodostumista. Poistaa jalkojen ja kynsien sienitautien kannalta sopivan ymp\u00e4rist\u00f6n. Ihon suojaavia komponentteja sis\u00e4lt\u00e4v\u00e4n tuotteen avulla autetaan palauttamaan ihon suojaustoimintoja. Tuote on eritt\u00e4in iholle yst\u00e4v\u00e4llinen.<\/p>\n<p>Kynsisienitautien hoidossa ja 6 kuukautta sen j\u00e4lkeen suositellaan k\u00e4sittelem\u00e4\u00e4n jalkoja ja kenki\u00e4 CHEMISEPT FG:ll\u00e4 iltaisin suihkuttamalla liuos jalkoihin ja kenkiin ja antamalla kuivua.<\/p>\n<p>K\u00c4YTT\u00d6:<br \/>\nSuihkuta kuiville jaloille ja anna kuivua. Toiminta-aika: 30 sekuntia.<\/p>\n<p>Sopii k\u00e4ytett\u00e4v\u00e4ksi jalkasuihkutuslaitteissa. Suihkup\u00e4\u00e4t on sijoitettu niin, ett\u00e4 koko jalkap\u00f6yd\u00e4n ja jalkapohjan alue kosteutetaan t\u00e4ysin. Laite asennetaan lattian yl\u00e4puolelle, jotta se ei est\u00e4 lattian puhdistamista.<\/p>\n<p>Kenkien desinfiointi. Tarkista, ovatko keng\u00e4t alkoholinkest\u00e4vi\u00e4, sen j\u00e4lkeen suihkuta kenkiin varmistaen, ett\u00e4 kaikki kenkien sis\u00e4pinnat peittyv\u00e4t, ja anna kuivua. Suositellaan teht\u00e4v\u00e4ksi illalla. My\u00f6s sukkien desinfiointi on suositeltavaa. Keng\u00e4t ja sukat voidaan k\u00e4sitell\u00e4 my\u00f6s 0,3% Chemipharm Des New -liuoksella (lis\u00e4tietoja tuotteen ohjeista).<\/p>\n<p>Tuote t\u00e4ytt\u00e4\u00e4 EN 1275, EN 13727 -standardien vaatimukset.<\/p>\n<p>VAROTOIMET:<br \/>\nTuote on helposti syttyv\u00e4.<\/p>\n<p>Pid\u00e4 kaukana syttymisl\u00e4hteist\u00e4. Ei tupakoida!<\/p>\n<p>Silm\u00e4kosketuksessa huuhtele runsaalla vedell\u00e4 ja ota yhteys l\u00e4\u00e4k\u00e4riin.<\/p>\n<p>Biotsidirekister\u00f6intitodistus No. 0039\/05<\/p>","protected":false},"excerpt":{"rendered":"<p>Tehokas tuote jalkojen antiseptiseen k\u00e4sittelyyn.<\/p>\n","protected":false},"featured_media":10661,"template":"","meta":[],"product_brand":[],"product_cat":[599],"product_tag":[],"class_list":{"0":"post-10660","1":"product","2":"type-product","3":"status-publish","4":"has-post-thumbnail","6":"product_cat-desinfitseerimisvahendid","8":"first","9":"instock","10":"taxable","11":"shipping-taxable","12":"purchasable","13":"product-type-simple"},"yoast_head":"<!-- This site is optimized with the Yoast SEO plugin v24.4 - https:\/\/yoast.com\/wordpress\/plugins\/seo\/ -->\n<title>Chemisept FG \u2013 100 ml JALKOJEN DESINFIOINTI | Valika<\/title>\n<meta name=\"robots\" content=\"index, follow, max-snippet:-1, max-image-preview:large, max-video-preview:-1\" \/>\n<link rel=\"canonical\" href=\"https:\/\/valika.eu\/fi\/toode\/chemi-pharm-chemisept-fg-100-ml-jalgade-desinfektsioon-kopeeri\/\" \/>\n<meta property=\"og:locale\" content=\"fi_FI\" \/>\n<meta property=\"og:type\" content=\"article\" \/>\n<meta property=\"og:title\" content=\"Chemisept FG \u2013 100 ml JALKOJEN DESINFIOINTI | Valika\" \/>\n<meta property=\"og:description\" content=\"Tehokas tuote jalkojen antiseptiseen k\u00e4sittelyyn.\" \/>\n<meta property=\"og:url\" content=\"https:\/\/valika.eu\/fi\/toode\/chemi-pharm-chemisept-fg-100-ml-jalgade-desinfektsioon-kopeeri\/\" \/>\n<meta property=\"og:site_name\" content=\"Valika\" \/>\n<meta property=\"article:publisher\" content=\"https:\/\/www.facebook.com\/tipsi.net\" \/>\n<meta property=\"article:modified_time\" content=\"2026-03-11T13:03:29+00:00\" \/>\n<meta property=\"og:image\" content=\"https:\/\/valika.eu\/wp-content\/uploads\/2024\/12\/chemisept-fg-100ml.jpg\" \/>\n\t<meta property=\"og:image:width\" content=\"1000\" \/>\n\t<meta property=\"og:image:height\" content=\"1000\" \/>\n\t<meta property=\"og:image:type\" content=\"image\/jpeg\" \/>\n<meta name=\"twitter:card\" content=\"summary_large_image\" \/>\n<script type=\"application\/ld+json\" class=\"yoast-schema-graph\">{\"@context\":\"https:\/\/schema.org\",\"@graph\":[{\"@type\":\"WebPage\",\"@id\":\"https:\/\/valika.eu\/fi\/toode\/chemi-pharm-chemisept-fg-100-ml-jalgade-desinfektsioon-kopeeri\/\",\"url\":\"https:\/\/valika.eu\/fi\/toode\/chemi-pharm-chemisept-fg-100-ml-jalgade-desinfektsioon-kopeeri\/\",\"name\":\"Chemisept FG \u2013 100 ml JALKOJEN DESINFIOINTI | Valika\",\"isPartOf\":{\"@id\":\"https:\/\/valika.eu\/fi\/#website\"},\"primaryImageOfPage\":{\"@id\":\"https:\/\/valika.eu\/fi\/toode\/chemi-pharm-chemisept-fg-100-ml-jalgade-desinfektsioon-kopeeri\/#primaryimage\"},\"image\":{\"@id\":\"https:\/\/valika.eu\/toode\/chemi-pharm-chemisept-fg-100-ml-jalgade-desinfektsioon-kopeeri\/#primaryimage\"},\"thumbnailUrl\":\"https:\/\/valika.eu\/wp-content\/uploads\/2024\/12\/chemisept-fg-100ml.jpg\",\"datePublished\":\"2024-12-05T13:26:02+00:00\",\"dateModified\":\"2026-03-11T13:03:29+00:00\",\"breadcrumb\":{\"@id\":\"https:\/\/valika.eu\/fi\/toode\/chemi-pharm-chemisept-fg-100-ml-jalgade-desinfektsioon-kopeeri\/#breadcrumb\"},\"inLanguage\":\"fi\",\"potentialAction\":[{\"@type\":\"ReadAction\",\"target\":[[\"https:\/\/valika.eu\/fi\/toode\/chemi-pharm-chemisept-fg-100-ml-jalgade-desinfektsioon-kopeeri\/\"]]}]},{\"@type\":\"ImageObject\",\"inLanguage\":\"fi\",\"@id\":\"https:\/\/valika.eu\/fi\/toode\/chemi-pharm-chemisept-fg-100-ml-jalgade-desinfektsioon-kopeeri\/#primaryimage\",\"url\":\"https:\/\/valika.eu\/wp-content\/uploads\/2024\/12\/chemisept-fg-100ml.jpg\",\"contentUrl\":\"https:\/\/valika.eu\/wp-content\/uploads\/2024\/12\/chemisept-fg-100ml.jpg\",\"width\":1000,\"height\":1000},{\"@type\":\"BreadcrumbList\",\"@id\":\"https:\/\/valika.eu\/fi\/toode\/chemi-pharm-chemisept-fg-100-ml-jalgade-desinfektsioon-kopeeri\/#breadcrumb\",\"itemListElement\":[{\"@type\":\"ListItem\",\"position\":1,\"name\":\"Koti\",\"item\":\"https:\/\/valika.eu\/fi\/\"},{\"@type\":\"ListItem\",\"position\":2,\"name\":\"Shop\",\"item\":\"https:\/\/valika.eu\/fi\/\"},{\"@type\":\"ListItem\",\"position\":3,\"name\":\"Chemi-Pharm \u2013 Chemisept FG \u2013 100 ml jalgade desinfektsioon\"}]},{\"@type\":\"WebSite\",\"@id\":\"https:\/\/valika.eu\/fi\/#website\",\"url\":\"https:\/\/valika.eu\/fi\/\",\"name\":\"Valika.eu\",\"description\":\"Salonkituotteet ja kauneudenhoitotuotteet - Valika tarjoaa laajan valikoiman tuotteita ja tarvikkeita kynsiteknikoille, kauneushoitoloille, kampaamoille ja kampaamoille.\",\"publisher\":{\"@id\":\"https:\/\/valika.eu\/fi\/#organization\"},\"alternateName\":\"Valika\",\"potentialAction\":[{\"@type\":\"SearchAction\",\"target\":{\"@type\":\"EntryPoint\",\"urlTemplate\":\"https:\/\/valika.eu\/fi\/?s={search_term_string}\"},\"query-input\":{\"@type\":\"PropertyValueSpecification\",\"valueRequired\":true,\"valueName\":\"search_term_string\"}}],\"inLanguage\":\"fi\"},{\"@type\":\"Organization\",\"@id\":\"https:\/\/valika.eu\/fi\/#organization\",\"name\":\"Salongitoode O\u00dc\",\"alternateName\":\"Valika\",\"url\":\"https:\/\/valika.eu\/fi\/\",\"logo\":{\"@type\":\"ImageObject\",\"inLanguage\":\"fi\",\"@id\":\"https:\/\/valika.eu\/fi\/#\/schema\/logo\/image\/\",\"url\":\"https:\/\/valika.eu\/wp-content\/uploads\/2023\/11\/logo2-valika-footer.png\",\"contentUrl\":\"https:\/\/valika.eu\/wp-content\/uploads\/2023\/11\/logo2-valika-footer.png\",\"width\":200,\"height\":129,\"caption\":\"Salongitoode O\u00dc\"},\"image\":{\"@id\":\"https:\/\/valika.eu\/fi\/#\/schema\/logo\/image\/\"},\"sameAs\":[\"https:\/\/www.facebook.com\/tipsi.net\"]}]}<\/script>\n<!-- \/ Yoast SEO plugin. -->","yoast_head_json":{"title":"Chemisept FG \u2013 100 ml JALKOJEN DESINFIOINTI | Valika","robots":{"index":"index","follow":"follow","max-snippet":"max-snippet:-1","max-image-preview":"max-image-preview:large","max-video-preview":"max-video-preview:-1"},"canonical":"https:\/\/valika.eu\/fi\/toode\/chemi-pharm-chemisept-fg-100-ml-jalgade-desinfektsioon-kopeeri\/","og_locale":"fi_FI","og_type":"article","og_title":"Chemisept FG \u2013 100 ml JALKOJEN DESINFIOINTI | Valika","og_description":"Tehokas tuote jalkojen antiseptiseen k\u00e4sittelyyn.","og_url":"https:\/\/valika.eu\/fi\/toode\/chemi-pharm-chemisept-fg-100-ml-jalgade-desinfektsioon-kopeeri\/","og_site_name":"Valika","article_publisher":"https:\/\/www.facebook.com\/tipsi.net","article_modified_time":"2026-03-11T13:03:29+00:00","og_image":[{"width":1000,"height":1000,"url":"https:\/\/valika.eu\/wp-content\/uploads\/2024\/12\/chemisept-fg-100ml.jpg","type":"image\/jpeg"}],"twitter_card":"summary_large_image","schema":{"@context":"https:\/\/schema.org","@graph":[{"@type":"WebPage","@id":"https:\/\/valika.eu\/fi\/toode\/chemi-pharm-chemisept-fg-100-ml-jalgade-desinfektsioon-kopeeri\/","url":"https:\/\/valika.eu\/fi\/toode\/chemi-pharm-chemisept-fg-100-ml-jalgade-desinfektsioon-kopeeri\/","name":"Chemisept FG \u2013 100 ml JALKOJEN DESINFIOINTI | Valika","isPartOf":{"@id":"https:\/\/valika.eu\/fi\/#website"},"primaryImageOfPage":{"@id":"https:\/\/valika.eu\/fi\/toode\/chemi-pharm-chemisept-fg-100-ml-jalgade-desinfektsioon-kopeeri\/#primaryimage"},"image":{"@id":"https:\/\/valika.eu\/toode\/chemi-pharm-chemisept-fg-100-ml-jalgade-desinfektsioon-kopeeri\/#primaryimage"},"thumbnailUrl":"https:\/\/valika.eu\/wp-content\/uploads\/2024\/12\/chemisept-fg-100ml.jpg","datePublished":"2024-12-05T13:26:02+00:00","dateModified":"2026-03-11T13:03:29+00:00","breadcrumb":{"@id":"https:\/\/valika.eu\/fi\/toode\/chemi-pharm-chemisept-fg-100-ml-jalgade-desinfektsioon-kopeeri\/#breadcrumb"},"inLanguage":"fi","potentialAction":[{"@type":"ReadAction","target":[["https:\/\/valika.eu\/fi\/toode\/chemi-pharm-chemisept-fg-100-ml-jalgade-desinfektsioon-kopeeri\/"]]}]},{"@type":"ImageObject","inLanguage":"fi","@id":"https:\/\/valika.eu\/fi\/toode\/chemi-pharm-chemisept-fg-100-ml-jalgade-desinfektsioon-kopeeri\/#primaryimage","url":"https:\/\/valika.eu\/wp-content\/uploads\/2024\/12\/chemisept-fg-100ml.jpg","contentUrl":"https:\/\/valika.eu\/wp-content\/uploads\/2024\/12\/chemisept-fg-100ml.jpg","width":1000,"height":1000},{"@type":"BreadcrumbList","@id":"https:\/\/valika.eu\/fi\/toode\/chemi-pharm-chemisept-fg-100-ml-jalgade-desinfektsioon-kopeeri\/#breadcrumb","itemListElement":[{"@type":"ListItem","position":1,"name":"Koti","item":"https:\/\/valika.eu\/fi\/"},{"@type":"ListItem","position":2,"name":"Shop","item":"https:\/\/valika.eu\/fi\/"},{"@type":"ListItem","position":3,"name":"Chemi-Pharm \u2013 Chemisept FG \u2013 100 ml jalgade desinfektsioon"}]},{"@type":"WebSite","@id":"https:\/\/valika.eu\/fi\/#website","url":"https:\/\/valika.eu\/fi\/","name":"Valika.eu","description":"Salonkituotteet ja kauneudenhoitotuotteet - Valika tarjoaa laajan valikoiman tuotteita ja tarvikkeita kynsiteknikoille, kauneushoitoloille, kampaamoille ja kampaamoille.","publisher":{"@id":"https:\/\/valika.eu\/fi\/#organization"},"alternateName":"Valika","potentialAction":[{"@type":"SearchAction","target":{"@type":"EntryPoint","urlTemplate":"https:\/\/valika.eu\/fi\/?s={search_term_string}"},"query-input":{"@type":"PropertyValueSpecification","valueRequired":true,"valueName":"search_term_string"}}],"inLanguage":"fi"},{"@type":"Organization","@id":"https:\/\/valika.eu\/fi\/#organization","name":"Salongitoode O\u00dc","alternateName":"Valika","url":"https:\/\/valika.eu\/fi\/","logo":{"@type":"ImageObject","inLanguage":"fi","@id":"https:\/\/valika.eu\/fi\/#\/schema\/logo\/image\/","url":"https:\/\/valika.eu\/wp-content\/uploads\/2023\/11\/logo2-valika-footer.png","contentUrl":"https:\/\/valika.eu\/wp-content\/uploads\/2023\/11\/logo2-valika-footer.png","width":200,"height":129,"caption":"Salongitoode O\u00dc"},"image":{"@id":"https:\/\/valika.eu\/fi\/#\/schema\/logo\/image\/"},"sameAs":["https:\/\/www.facebook.com\/tipsi.net"]}]}},"jetpack_sharing_enabled":true,"_links":{"self":[{"href":"https:\/\/valika.eu\/fi\/wp-json\/wp\/v2\/product\/10660","targetHints":{"allow":["GET"]}}],"collection":[{"href":"https:\/\/valika.eu\/fi\/wp-json\/wp\/v2\/product"}],"about":[{"href":"https:\/\/valika.eu\/fi\/wp-json\/wp\/v2\/types\/product"}],"wp:featuredmedia":[{"embeddable":true,"href":"https:\/\/valika.eu\/fi\/wp-json\/wp\/v2\/media\/10661"}],"wp:attachment":[{"href":"https:\/\/valika.eu\/fi\/wp-json\/wp\/v2\/media?parent=10660"}],"wp:term":[{"taxonomy":"product_brand","embeddable":true,"href":"https:\/\/valika.eu\/fi\/wp-json\/wp\/v2\/product_brand?post=10660"},{"taxonomy":"product_cat","embeddable":true,"href":"https:\/\/valika.eu\/fi\/wp-json\/wp\/v2\/product_cat?post=10660"},{"taxonomy":"product_tag","embeddable":true,"href":"https:\/\/valika.eu\/fi\/wp-json\/wp\/v2\/product_tag?post=10660"}],"curies":[{"name":"wp","href":"https:\/\/api.w.org\/{rel}","templated":true}]}}