{"id":10685,"date":"2024-12-06T13:35:23","date_gmt":"2024-12-06T11:35:23","guid":{"rendered":"https:\/\/valika.eu\/?post_type=product&#038;p=10685"},"modified":"2026-01-04T23:34:34","modified_gmt":"2026-01-04T21:34:34","slug":"bacticid-pindade-desinfektsioon-1000ml","status":"publish","type":"product","link":"https:\/\/valika.eu\/fi\/toode\/bacticid-pindade-desinfektsioon-1000ml\/","title":{"rendered":"Bacticid Pintojen desinfiointi 1000 ml"},"content":{"rendered":"<p>L\u00e4\u00e4kinn\u00e4llisten laitteiden desinfiointi tulee tehd\u00e4 s\u00e4\u00e4nn\u00f6llisesti desinfiointisuunnitelman mukaan jokaisen potilask\u00e4ynnin j\u00e4lkeen.<\/p>\n<p>BACTICIDiss\u00e4 k\u00e4ytet\u00e4\u00e4n puhdasta ja v\u00e4h\u00e4n haihtuvaa etyylialkoholia, jotta v\u00e4ltet\u00e4\u00e4n hengitysteiden allergioiden synty. BACTICID:ll\u00e4 on laaja fungisidinen ja bakterisidinen vaikutus, se tuhoaa gramnegatiivisia ja grampositiivisia bakteereja, mukaan lukien tuberkuloosia aiheuttavat bakteerit, sek\u00e4 sieni\u00e4. Se inaktivoi sek\u00e4 vaipallisia ett\u00e4 vaipattomia viruksia (mukaan lukien HBV, HIV, rota- ja adenovirus).<\/p>\n<p>K\u00e4ytt\u00f6:<br \/>\nBACTICID on tehokas v\u00e4line l\u00e4\u00e4kinn\u00e4llisten laitteiden, kuten leikkausp\u00f6ytien, kuljetus- ja potilastuolien, sairaala- ja synnytysvuoteiden, py\u00f6r\u00e4tuolien jne. nopeaan desinfiointiin kohonneiden hygieniavaatimusten alaisissa olosuhteissa, joissa desinfiointi on t\u00e4rkein ennaltaehk\u00e4isev\u00e4 toimenpide infektioiden est\u00e4miseksi.<\/p>\n<p>BACTICID on k\u00e4ytt\u00f6valmis liuos eik\u00e4 sit\u00e4 tarvitse laimentaa. Se ei sovellu k\u00e4ytett\u00e4v\u00e4ksi akryylilasilla tai alkoholiliukoisella lakalla. Jos pinnan kesto alkoholia vastaan ei ole tiedossa, sit\u00e4 voi kokeilla huomaamattomassa kohdassa.<\/p>\n<p>Ei tarvitse huuhdella. Ei muuta pintojen ulkon\u00e4k\u00f6\u00e4. Sit\u00e4 voidaan k\u00e4ytt\u00e4\u00e4 my\u00f6s elintarvikkeiden kanssa kosketuksiin tulevien pintojen nopeaan desinfiointiin.<\/p>\n<p>BACTICID levitet\u00e4\u00e4n l\u00e4\u00e4kinn\u00e4llisten laitteiden pinnoille kostutetulla liinalla tai paperilla. Pinnat tulee j\u00e4tt\u00e4\u00e4 n\u00e4kyv\u00e4sti kosteiksi.<\/p>\n<p>Vaikutusaika: 30 sekuntia.<\/p>\n<p>Jos pinnalla on n\u00e4kyv\u00e4\u00e4 eritteit\u00e4, poista ne ensin puhdistusaineella, kuivaa pinta ja desinfioi Bacticidill\u00e4.<\/p>\n<p>BACTICID on l\u00e4p\u00e4issyt BVDV (HCV:n korvike) ja Vaccinia-virusten testit, ja tuote inaktivoi kaikki vaipalliset virukset. N\u00e4iden testien perusteella voidaan todeta, ett\u00e4 BACTICID on tehokas my\u00f6s veriteitse levi\u00e4vien virusten, kuten HBV:n, HCV:n ja HIV:n, sek\u00e4 virusryhmien, kuten ortomikso-virusten (mukaan lukien influenssavirus, H5N1) ja herpesvirusten (Herpes simplex) suhteen. N\u00e4iden testien perusteella voimme vahvistaa, ett\u00e4 BACTICID toimii my\u00f6s veriteitse levi\u00e4vien virusten, kuten HBV:n, HCV:n ja HIV:n, sek\u00e4 herpesvirusten kohdalla.<\/p>\n<p>Tuote t\u00e4ytt\u00e4\u00e4 EN 1040, EN 13727, EN 1275, EN 1276, EN 14348, EN 13624, EN 13697, EN 1650, EN<\/p>","protected":false},"excerpt":{"rendered":"<p>K\u00e4ytt\u00f6valmis liuos alkoholinkest\u00e4ville l\u00e4\u00e4kinn\u00e4llisten laitteiden pintojen nopeaan desinfiointiin. Tuotteella on laaja fungisidinen ja bakterisidinen vaikutus, se tuhoaa gramnegatiivisia ja grampositiivisia bakteereja (mukaan lukien Mycobacterium terrae) sek\u00e4 sieni\u00e4, ja inaktivoi sek\u00e4 vaipallisia (mukaan lukien HBV, HIV, HCV, Vaccinia, Herpes simplex) ett\u00e4 vaipattomia viruksia (mukaan lukien Adeno, Rota).<\/p>\n","protected":false},"featured_media":10686,"template":"","meta":[],"product_brand":[],"product_cat":[599],"product_tag":[],"class_list":{"0":"post-10685","1":"product","2":"type-product","3":"status-publish","4":"has-post-thumbnail","6":"product_cat-desinfitseerimisvahendid","8":"first","9":"instock","10":"taxable","11":"shipping-taxable","12":"purchasable","13":"product-type-simple"},"yoast_head":"<!-- This site is optimized with the Yoast SEO plugin v24.4 - https:\/\/yoast.com\/wordpress\/plugins\/seo\/ -->\n<title>Bacticid Pintojen desinfiointi 1000 ml | Valika<\/title>\n<meta name=\"robots\" content=\"index, follow, max-snippet:-1, max-image-preview:large, max-video-preview:-1\" \/>\n<link rel=\"canonical\" href=\"https:\/\/valika.eu\/fi\/toode\/bacticid-pindade-desinfektsioon-1000ml\/\" \/>\n<meta property=\"og:locale\" content=\"fi_FI\" \/>\n<meta property=\"og:type\" content=\"article\" \/>\n<meta property=\"og:title\" content=\"Bacticid Pintojen desinfiointi 1000 ml | Valika\" \/>\n<meta property=\"og:description\" content=\"K\u00e4ytt\u00f6valmis liuos alkoholinkest\u00e4ville l\u00e4\u00e4kinn\u00e4llisten laitteiden pintojen nopeaan desinfiointiin. Tuotteella on laaja fungisidinen ja bakterisidinen vaikutus, se tuhoaa gramnegatiivisia ja grampositiivisia bakteereja (mukaan lukien Mycobacterium terrae) sek\u00e4 sieni\u00e4, ja inaktivoi sek\u00e4 vaipallisia (mukaan lukien HBV, HIV, HCV, Vaccinia, Herpes simplex) ett\u00e4 vaipattomia viruksia (mukaan lukien Adeno, Rota).\" \/>\n<meta property=\"og:url\" content=\"https:\/\/valika.eu\/fi\/toode\/bacticid-pindade-desinfektsioon-1000ml\/\" \/>\n<meta property=\"og:site_name\" content=\"Valika\" \/>\n<meta property=\"article:publisher\" content=\"https:\/\/www.facebook.com\/tipsi.net\" \/>\n<meta property=\"article:modified_time\" content=\"2026-01-04T21:34:34+00:00\" \/>\n<meta property=\"og:image\" content=\"https:\/\/valika.eu\/wp-content\/uploads\/2024\/12\/Bacticid.webp\" \/>\n\t<meta property=\"og:image:width\" content=\"1000\" \/>\n\t<meta property=\"og:image:height\" content=\"1000\" \/>\n\t<meta property=\"og:image:type\" content=\"image\/webp\" \/>\n<meta name=\"twitter:card\" content=\"summary_large_image\" \/>\n<script type=\"application\/ld+json\" class=\"yoast-schema-graph\">{\"@context\":\"https:\/\/schema.org\",\"@graph\":[{\"@type\":\"WebPage\",\"@id\":\"https:\/\/valika.eu\/fi\/toode\/bacticid-pindade-desinfektsioon-1000ml\/\",\"url\":\"https:\/\/valika.eu\/fi\/toode\/bacticid-pindade-desinfektsioon-1000ml\/\",\"name\":\"Bacticid Pintojen desinfiointi 1000 ml | Valika\",\"isPartOf\":{\"@id\":\"https:\/\/valika.eu\/fi\/#website\"},\"primaryImageOfPage\":{\"@id\":\"https:\/\/valika.eu\/fi\/toode\/bacticid-pindade-desinfektsioon-1000ml\/#primaryimage\"},\"image\":{\"@id\":\"https:\/\/valika.eu\/toode\/bacticid-pindade-desinfektsioon-1000ml\/#primaryimage\"},\"thumbnailUrl\":\"https:\/\/valika.eu\/wp-content\/uploads\/2024\/12\/Bacticid.webp\",\"datePublished\":\"2024-12-06T11:35:23+00:00\",\"dateModified\":\"2026-01-04T21:34:34+00:00\",\"breadcrumb\":{\"@id\":\"https:\/\/valika.eu\/fi\/toode\/bacticid-pindade-desinfektsioon-1000ml\/#breadcrumb\"},\"inLanguage\":\"fi\",\"potentialAction\":[{\"@type\":\"ReadAction\",\"target\":[[\"https:\/\/valika.eu\/fi\/toode\/bacticid-pindade-desinfektsioon-1000ml\/\"]]}]},{\"@type\":\"ImageObject\",\"inLanguage\":\"fi\",\"@id\":\"https:\/\/valika.eu\/fi\/toode\/bacticid-pindade-desinfektsioon-1000ml\/#primaryimage\",\"url\":\"https:\/\/valika.eu\/wp-content\/uploads\/2024\/12\/Bacticid.webp\",\"contentUrl\":\"https:\/\/valika.eu\/wp-content\/uploads\/2024\/12\/Bacticid.webp\",\"width\":1000,\"height\":1000},{\"@type\":\"BreadcrumbList\",\"@id\":\"https:\/\/valika.eu\/fi\/toode\/bacticid-pindade-desinfektsioon-1000ml\/#breadcrumb\",\"itemListElement\":[{\"@type\":\"ListItem\",\"position\":1,\"name\":\"Koti\",\"item\":\"https:\/\/valika.eu\/fi\/\"},{\"@type\":\"ListItem\",\"position\":2,\"name\":\"Shop\",\"item\":\"https:\/\/valika.eu\/fi\/\"},{\"@type\":\"ListItem\",\"position\":3,\"name\":\"Bacticid Pindade desinfektsioon 1000ml.\"}]},{\"@type\":\"WebSite\",\"@id\":\"https:\/\/valika.eu\/fi\/#website\",\"url\":\"https:\/\/valika.eu\/fi\/\",\"name\":\"Valika.eu\",\"description\":\"Salonkituotteet ja kauneudenhoitotuotteet - Valika tarjoaa laajan valikoiman tuotteita ja tarvikkeita kynsiteknikoille, kauneushoitoloille, kampaamoille ja kampaamoille.\",\"publisher\":{\"@id\":\"https:\/\/valika.eu\/fi\/#organization\"},\"alternateName\":\"Valika\",\"potentialAction\":[{\"@type\":\"SearchAction\",\"target\":{\"@type\":\"EntryPoint\",\"urlTemplate\":\"https:\/\/valika.eu\/fi\/?s={search_term_string}\"},\"query-input\":{\"@type\":\"PropertyValueSpecification\",\"valueRequired\":true,\"valueName\":\"search_term_string\"}}],\"inLanguage\":\"fi\"},{\"@type\":\"Organization\",\"@id\":\"https:\/\/valika.eu\/fi\/#organization\",\"name\":\"Salongitoode O\u00dc\",\"alternateName\":\"Valika\",\"url\":\"https:\/\/valika.eu\/fi\/\",\"logo\":{\"@type\":\"ImageObject\",\"inLanguage\":\"fi\",\"@id\":\"https:\/\/valika.eu\/fi\/#\/schema\/logo\/image\/\",\"url\":\"https:\/\/valika.eu\/wp-content\/uploads\/2023\/11\/logo2-valika-footer.png\",\"contentUrl\":\"https:\/\/valika.eu\/wp-content\/uploads\/2023\/11\/logo2-valika-footer.png\",\"width\":200,\"height\":129,\"caption\":\"Salongitoode O\u00dc\"},\"image\":{\"@id\":\"https:\/\/valika.eu\/fi\/#\/schema\/logo\/image\/\"},\"sameAs\":[\"https:\/\/www.facebook.com\/tipsi.net\"]}]}<\/script>\n<!-- \/ Yoast SEO plugin. -->","yoast_head_json":{"title":"Bacticid Pintojen desinfiointi 1000 ml | Valika","robots":{"index":"index","follow":"follow","max-snippet":"max-snippet:-1","max-image-preview":"max-image-preview:large","max-video-preview":"max-video-preview:-1"},"canonical":"https:\/\/valika.eu\/fi\/toode\/bacticid-pindade-desinfektsioon-1000ml\/","og_locale":"fi_FI","og_type":"article","og_title":"Bacticid Pintojen desinfiointi 1000 ml | Valika","og_description":"K\u00e4ytt\u00f6valmis liuos alkoholinkest\u00e4ville l\u00e4\u00e4kinn\u00e4llisten laitteiden pintojen nopeaan desinfiointiin. Tuotteella on laaja fungisidinen ja bakterisidinen vaikutus, se tuhoaa gramnegatiivisia ja grampositiivisia bakteereja (mukaan lukien Mycobacterium terrae) sek\u00e4 sieni\u00e4, ja inaktivoi sek\u00e4 vaipallisia (mukaan lukien HBV, HIV, HCV, Vaccinia, Herpes simplex) ett\u00e4 vaipattomia viruksia (mukaan lukien Adeno, Rota).","og_url":"https:\/\/valika.eu\/fi\/toode\/bacticid-pindade-desinfektsioon-1000ml\/","og_site_name":"Valika","article_publisher":"https:\/\/www.facebook.com\/tipsi.net","article_modified_time":"2026-01-04T21:34:34+00:00","og_image":[{"width":1000,"height":1000,"url":"https:\/\/valika.eu\/wp-content\/uploads\/2024\/12\/Bacticid.webp","type":"image\/webp"}],"twitter_card":"summary_large_image","schema":{"@context":"https:\/\/schema.org","@graph":[{"@type":"WebPage","@id":"https:\/\/valika.eu\/fi\/toode\/bacticid-pindade-desinfektsioon-1000ml\/","url":"https:\/\/valika.eu\/fi\/toode\/bacticid-pindade-desinfektsioon-1000ml\/","name":"Bacticid Pintojen desinfiointi 1000 ml | Valika","isPartOf":{"@id":"https:\/\/valika.eu\/fi\/#website"},"primaryImageOfPage":{"@id":"https:\/\/valika.eu\/fi\/toode\/bacticid-pindade-desinfektsioon-1000ml\/#primaryimage"},"image":{"@id":"https:\/\/valika.eu\/toode\/bacticid-pindade-desinfektsioon-1000ml\/#primaryimage"},"thumbnailUrl":"https:\/\/valika.eu\/wp-content\/uploads\/2024\/12\/Bacticid.webp","datePublished":"2024-12-06T11:35:23+00:00","dateModified":"2026-01-04T21:34:34+00:00","breadcrumb":{"@id":"https:\/\/valika.eu\/fi\/toode\/bacticid-pindade-desinfektsioon-1000ml\/#breadcrumb"},"inLanguage":"fi","potentialAction":[{"@type":"ReadAction","target":[["https:\/\/valika.eu\/fi\/toode\/bacticid-pindade-desinfektsioon-1000ml\/"]]}]},{"@type":"ImageObject","inLanguage":"fi","@id":"https:\/\/valika.eu\/fi\/toode\/bacticid-pindade-desinfektsioon-1000ml\/#primaryimage","url":"https:\/\/valika.eu\/wp-content\/uploads\/2024\/12\/Bacticid.webp","contentUrl":"https:\/\/valika.eu\/wp-content\/uploads\/2024\/12\/Bacticid.webp","width":1000,"height":1000},{"@type":"BreadcrumbList","@id":"https:\/\/valika.eu\/fi\/toode\/bacticid-pindade-desinfektsioon-1000ml\/#breadcrumb","itemListElement":[{"@type":"ListItem","position":1,"name":"Koti","item":"https:\/\/valika.eu\/fi\/"},{"@type":"ListItem","position":2,"name":"Shop","item":"https:\/\/valika.eu\/fi\/"},{"@type":"ListItem","position":3,"name":"Bacticid Pindade desinfektsioon 1000ml."}]},{"@type":"WebSite","@id":"https:\/\/valika.eu\/fi\/#website","url":"https:\/\/valika.eu\/fi\/","name":"Valika.eu","description":"Salonkituotteet ja kauneudenhoitotuotteet - Valika tarjoaa laajan valikoiman tuotteita ja tarvikkeita kynsiteknikoille, kauneushoitoloille, kampaamoille ja kampaamoille.","publisher":{"@id":"https:\/\/valika.eu\/fi\/#organization"},"alternateName":"Valika","potentialAction":[{"@type":"SearchAction","target":{"@type":"EntryPoint","urlTemplate":"https:\/\/valika.eu\/fi\/?s={search_term_string}"},"query-input":{"@type":"PropertyValueSpecification","valueRequired":true,"valueName":"search_term_string"}}],"inLanguage":"fi"},{"@type":"Organization","@id":"https:\/\/valika.eu\/fi\/#organization","name":"Salongitoode O\u00dc","alternateName":"Valika","url":"https:\/\/valika.eu\/fi\/","logo":{"@type":"ImageObject","inLanguage":"fi","@id":"https:\/\/valika.eu\/fi\/#\/schema\/logo\/image\/","url":"https:\/\/valika.eu\/wp-content\/uploads\/2023\/11\/logo2-valika-footer.png","contentUrl":"https:\/\/valika.eu\/wp-content\/uploads\/2023\/11\/logo2-valika-footer.png","width":200,"height":129,"caption":"Salongitoode O\u00dc"},"image":{"@id":"https:\/\/valika.eu\/fi\/#\/schema\/logo\/image\/"},"sameAs":["https:\/\/www.facebook.com\/tipsi.net"]}]}},"jetpack_sharing_enabled":true,"_links":{"self":[{"href":"https:\/\/valika.eu\/fi\/wp-json\/wp\/v2\/product\/10685","targetHints":{"allow":["GET"]}}],"collection":[{"href":"https:\/\/valika.eu\/fi\/wp-json\/wp\/v2\/product"}],"about":[{"href":"https:\/\/valika.eu\/fi\/wp-json\/wp\/v2\/types\/product"}],"wp:featuredmedia":[{"embeddable":true,"href":"https:\/\/valika.eu\/fi\/wp-json\/wp\/v2\/media\/10686"}],"wp:attachment":[{"href":"https:\/\/valika.eu\/fi\/wp-json\/wp\/v2\/media?parent=10685"}],"wp:term":[{"taxonomy":"product_brand","embeddable":true,"href":"https:\/\/valika.eu\/fi\/wp-json\/wp\/v2\/product_brand?post=10685"},{"taxonomy":"product_cat","embeddable":true,"href":"https:\/\/valika.eu\/fi\/wp-json\/wp\/v2\/product_cat?post=10685"},{"taxonomy":"product_tag","embeddable":true,"href":"https:\/\/valika.eu\/fi\/wp-json\/wp\/v2\/product_tag?post=10685"}],"curies":[{"name":"wp","href":"https:\/\/api.w.org\/{rel}","templated":true}]}}