{"id":10689,"date":"2024-12-06T13:57:30","date_gmt":"2024-12-06T11:57:30","guid":{"rendered":"https:\/\/valika.eu\/?post_type=product&#038;p=10689"},"modified":"2026-03-06T20:42:54","modified_gmt":"2026-03-06T18:42:54","slug":"sterisept-plus-meditsiiniseadmete-pindade-desinfektsioon-kontsentraat-1000ml","status":"publish","type":"product","link":"https:\/\/valika.eu\/fi\/toode\/sterisept-plus-meditsiiniseadmete-pindade-desinfektsioon-kontsentraat-1000ml\/","title":{"rendered":"STERISEPT PLUS L\u00c4\u00c4KINT\u00c4LAITTEIDEN PINTA-DESINFIOINTI Tiiviste 1000ml."},"content":{"rendered":"<p>STERISEPT PLUS soveltuu k\u00e4ytett\u00e4v\u00e4ksi sairaaloissa, elintarvike- ja l\u00e4\u00e4kealan teollisuudessa, el\u00e4inl\u00e4\u00e4kinn\u00e4ss\u00e4, laboratorioissa, hammasl\u00e4\u00e4k\u00e4riklinikoilla ja muissa terveydenhuollon laitoksissa.<\/p>\n<p>Tuote on laajan bakterisidisen (mukaan lukien tuberkuloosia aiheuttavat bakteerit), sporosidisen, viruksidisen ja fungisidisen vaikutuksen omaava, se tuhoaa gramnegatiivisia ja grampositiivisia bakteereja, mukaan lukien tuberkuloosin aiheuttajat, sek\u00e4 sieni\u00e4, ja inaktivoi sek\u00e4 vaipallisia ett\u00e4 vaipattomia viruksia (mukaan lukien HBV, HIV, rotavirus ja adenovirus).<\/p>\n<p>K\u00e4ytt\u00f6:<br \/>\nSTERISEPT PLUS on tiiviste. Laimennus vaaditun tehokkuuden mukaan (katso mikrobologia).<br \/>\nTy\u00f6liuoksen valmistamiseksi laimenna tuote vedell\u00e4 huoneenl\u00e4mm\u00f6ss\u00e4. Levit\u00e4 ty\u00f6liuosta pinnalle liinalla tai pyyhkeell\u00e4 varmistaen, ett\u00e4 pinta on kunnolla peitetty. Suositeltu vaikutusaika on 15 minuuttia.<br \/>\nK\u00e4siteltyj\u00e4 pintoja ei tarvitse huuhdella (paitsi ruoan kanssa suoraan kosketuksessa olevat pinnat).<br \/>\nValmistettu ty\u00f6liuos on k\u00e4ytt\u00f6kelpoinen 30 p\u00e4iv\u00e4\u00e4n asti. S\u00e4ilyt\u00e4 tiiviisti suljetussa astiassa huoneenl\u00e4mm\u00f6ss\u00e4. Tuote soveltuu k\u00e4ytett\u00e4v\u00e4ksi ruostumattomasta ter\u00e4ksest\u00e4, lasista, alumiinista, kuparista, messingist\u00e4 ja keraamisista pinnoista, sek\u00e4 linoleumilla, PVC:ll\u00e4, kumilla, muovilla ja silikonilla.<br \/>\nEi sovellu k\u00e4ytett\u00e4v\u00e4ksi polykarbonaattipinnoilla ja lakatuilla pinnoilla.<br \/>\nSterisept Plus -k\u00e4ytt\u00f6liuoksessa on v\u00e4hemm\u00e4n kuin 0,5 % kvaternaaristen ammoniumyhdisteiden pitoisuus.<\/p>\n<p>Varotoimet:<br \/>\nVaarallinen nielemisen j\u00e4lkeen. Myrkyllinen<\/p>","protected":false},"excerpt":{"rendered":"<p>STERISEPT PLUS on nestetiiviste ei-invasiivisten l\u00e4\u00e4kinn\u00e4llisten laitteiden ja vesipesua kest\u00e4ville pinnoille desinfiointiin ja puhdistukseen. Tuote on tarkoitettu ammattilaisk\u00e4ytt\u00f6\u00f6n.<br \/>\nSterisept Plusilla on sek\u00e4 puhdistavat ett\u00e4 desinfioivat ominaisuudet, joten se soveltuu k\u00e4ytett\u00e4v\u00e4ksi terveydenhuollon laitoksissa kaikilla pinnoilla.<\/p>\n","protected":false},"featured_media":10690,"template":"","meta":[],"product_brand":[],"product_cat":[599],"product_tag":[],"class_list":{"0":"post-10689","1":"product","2":"type-product","3":"status-publish","4":"has-post-thumbnail","6":"product_cat-desinfitseerimisvahendid","8":"first","9":"instock","10":"taxable","11":"shipping-taxable","12":"purchasable","13":"product-type-simple"},"yoast_head":"<!-- This site is optimized with the Yoast SEO plugin v24.4 - https:\/\/yoast.com\/wordpress\/plugins\/seo\/ -->\n<title>STERISEPT PLUS L\u00c4\u00c4KINT\u00c4LAITTEIDEN PINTA-DESINFIOINTI Tiiviste 1000ml. | Valika<\/title>\n<meta name=\"robots\" content=\"index, follow, max-snippet:-1, max-image-preview:large, max-video-preview:-1\" \/>\n<link rel=\"canonical\" href=\"https:\/\/valika.eu\/fi\/toode\/sterisept-plus-meditsiiniseadmete-pindade-desinfektsioon-kontsentraat-1000ml\/\" \/>\n<meta property=\"og:locale\" content=\"fi_FI\" \/>\n<meta property=\"og:type\" content=\"article\" \/>\n<meta property=\"og:title\" content=\"STERISEPT PLUS L\u00c4\u00c4KINT\u00c4LAITTEIDEN PINTA-DESINFIOINTI Tiiviste 1000ml. | Valika\" \/>\n<meta property=\"og:description\" content=\"STERISEPT PLUS on nestetiiviste ei-invasiivisten l\u00e4\u00e4kinn\u00e4llisten laitteiden ja vesipesua kest\u00e4ville pinnoille desinfiointiin ja puhdistukseen. Tuote on tarkoitettu ammattilaisk\u00e4ytt\u00f6\u00f6n. Sterisept Plusilla on sek\u00e4 puhdistavat ett\u00e4 desinfioivat ominaisuudet, joten se soveltuu k\u00e4ytett\u00e4v\u00e4ksi terveydenhuollon laitoksissa kaikilla pinnoilla.\" \/>\n<meta property=\"og:url\" content=\"https:\/\/valika.eu\/fi\/toode\/sterisept-plus-meditsiiniseadmete-pindade-desinfektsioon-kontsentraat-1000ml\/\" \/>\n<meta property=\"og:site_name\" content=\"Valika\" \/>\n<meta property=\"article:publisher\" content=\"https:\/\/www.facebook.com\/tipsi.net\" \/>\n<meta property=\"article:modified_time\" content=\"2026-03-06T18:42:54+00:00\" \/>\n<meta property=\"og:image\" content=\"https:\/\/valika.eu\/wp-content\/uploads\/2024\/12\/0038260_sterisept-plus-1l.jpeg\" \/>\n\t<meta property=\"og:image:width\" content=\"800\" \/>\n\t<meta property=\"og:image:height\" content=\"800\" \/>\n\t<meta property=\"og:image:type\" content=\"image\/jpeg\" \/>\n<meta name=\"twitter:card\" content=\"summary_large_image\" \/>\n<script type=\"application\/ld+json\" class=\"yoast-schema-graph\">{\"@context\":\"https:\/\/schema.org\",\"@graph\":[{\"@type\":\"WebPage\",\"@id\":\"https:\/\/valika.eu\/fi\/toode\/sterisept-plus-meditsiiniseadmete-pindade-desinfektsioon-kontsentraat-1000ml\/\",\"url\":\"https:\/\/valika.eu\/fi\/toode\/sterisept-plus-meditsiiniseadmete-pindade-desinfektsioon-kontsentraat-1000ml\/\",\"name\":\"STERISEPT PLUS L\u00c4\u00c4KINT\u00c4LAITTEIDEN PINTA-DESINFIOINTI Tiiviste 1000ml. | Valika\",\"isPartOf\":{\"@id\":\"https:\/\/valika.eu\/fi\/#website\"},\"primaryImageOfPage\":{\"@id\":\"https:\/\/valika.eu\/fi\/toode\/sterisept-plus-meditsiiniseadmete-pindade-desinfektsioon-kontsentraat-1000ml\/#primaryimage\"},\"image\":{\"@id\":\"https:\/\/valika.eu\/toode\/sterisept-plus-meditsiiniseadmete-pindade-desinfektsioon-kontsentraat-1000ml\/#primaryimage\"},\"thumbnailUrl\":\"https:\/\/valika.eu\/wp-content\/uploads\/2024\/12\/0038260_sterisept-plus-1l.jpeg\",\"datePublished\":\"2024-12-06T11:57:30+00:00\",\"dateModified\":\"2026-03-06T18:42:54+00:00\",\"breadcrumb\":{\"@id\":\"https:\/\/valika.eu\/fi\/toode\/sterisept-plus-meditsiiniseadmete-pindade-desinfektsioon-kontsentraat-1000ml\/#breadcrumb\"},\"inLanguage\":\"fi\",\"potentialAction\":[{\"@type\":\"ReadAction\",\"target\":[[\"https:\/\/valika.eu\/fi\/toode\/sterisept-plus-meditsiiniseadmete-pindade-desinfektsioon-kontsentraat-1000ml\/\"]]}]},{\"@type\":\"ImageObject\",\"inLanguage\":\"fi\",\"@id\":\"https:\/\/valika.eu\/fi\/toode\/sterisept-plus-meditsiiniseadmete-pindade-desinfektsioon-kontsentraat-1000ml\/#primaryimage\",\"url\":\"https:\/\/valika.eu\/wp-content\/uploads\/2024\/12\/0038260_sterisept-plus-1l.jpeg\",\"contentUrl\":\"https:\/\/valika.eu\/wp-content\/uploads\/2024\/12\/0038260_sterisept-plus-1l.jpeg\",\"width\":800,\"height\":800},{\"@type\":\"BreadcrumbList\",\"@id\":\"https:\/\/valika.eu\/fi\/toode\/sterisept-plus-meditsiiniseadmete-pindade-desinfektsioon-kontsentraat-1000ml\/#breadcrumb\",\"itemListElement\":[{\"@type\":\"ListItem\",\"position\":1,\"name\":\"Koti\",\"item\":\"https:\/\/valika.eu\/fi\/\"},{\"@type\":\"ListItem\",\"position\":2,\"name\":\"Shop\",\"item\":\"https:\/\/valika.eu\/fi\/\"},{\"@type\":\"ListItem\",\"position\":3,\"name\":\"STERISEPT PLUS MEDICAL DEVICE SURFACE DISINFECTION Concentrate 1000ml.\"}]},{\"@type\":\"WebSite\",\"@id\":\"https:\/\/valika.eu\/fi\/#website\",\"url\":\"https:\/\/valika.eu\/fi\/\",\"name\":\"Valika.eu\",\"description\":\"Salonkituotteet ja kauneudenhoitotuotteet - Valika tarjoaa laajan valikoiman tuotteita ja tarvikkeita kynsiteknikoille, kauneushoitoloille, kampaamoille ja kampaamoille.\",\"publisher\":{\"@id\":\"https:\/\/valika.eu\/fi\/#organization\"},\"alternateName\":\"Valika\",\"potentialAction\":[{\"@type\":\"SearchAction\",\"target\":{\"@type\":\"EntryPoint\",\"urlTemplate\":\"https:\/\/valika.eu\/fi\/?s={search_term_string}\"},\"query-input\":{\"@type\":\"PropertyValueSpecification\",\"valueRequired\":true,\"valueName\":\"search_term_string\"}}],\"inLanguage\":\"fi\"},{\"@type\":\"Organization\",\"@id\":\"https:\/\/valika.eu\/fi\/#organization\",\"name\":\"Salongitoode O\u00dc\",\"alternateName\":\"Valika\",\"url\":\"https:\/\/valika.eu\/fi\/\",\"logo\":{\"@type\":\"ImageObject\",\"inLanguage\":\"fi\",\"@id\":\"https:\/\/valika.eu\/fi\/#\/schema\/logo\/image\/\",\"url\":\"https:\/\/valika.eu\/wp-content\/uploads\/2023\/11\/logo2-valika-footer.png\",\"contentUrl\":\"https:\/\/valika.eu\/wp-content\/uploads\/2023\/11\/logo2-valika-footer.png\",\"width\":200,\"height\":129,\"caption\":\"Salongitoode O\u00dc\"},\"image\":{\"@id\":\"https:\/\/valika.eu\/fi\/#\/schema\/logo\/image\/\"},\"sameAs\":[\"https:\/\/www.facebook.com\/tipsi.net\"]}]}<\/script>\n<!-- \/ Yoast SEO plugin. -->","yoast_head_json":{"title":"STERISEPT PLUS L\u00c4\u00c4KINT\u00c4LAITTEIDEN PINTA-DESINFIOINTI Tiiviste 1000ml. | Valika","robots":{"index":"index","follow":"follow","max-snippet":"max-snippet:-1","max-image-preview":"max-image-preview:large","max-video-preview":"max-video-preview:-1"},"canonical":"https:\/\/valika.eu\/fi\/toode\/sterisept-plus-meditsiiniseadmete-pindade-desinfektsioon-kontsentraat-1000ml\/","og_locale":"fi_FI","og_type":"article","og_title":"STERISEPT PLUS L\u00c4\u00c4KINT\u00c4LAITTEIDEN PINTA-DESINFIOINTI Tiiviste 1000ml. | Valika","og_description":"STERISEPT PLUS on nestetiiviste ei-invasiivisten l\u00e4\u00e4kinn\u00e4llisten laitteiden ja vesipesua kest\u00e4ville pinnoille desinfiointiin ja puhdistukseen. Tuote on tarkoitettu ammattilaisk\u00e4ytt\u00f6\u00f6n. Sterisept Plusilla on sek\u00e4 puhdistavat ett\u00e4 desinfioivat ominaisuudet, joten se soveltuu k\u00e4ytett\u00e4v\u00e4ksi terveydenhuollon laitoksissa kaikilla pinnoilla.","og_url":"https:\/\/valika.eu\/fi\/toode\/sterisept-plus-meditsiiniseadmete-pindade-desinfektsioon-kontsentraat-1000ml\/","og_site_name":"Valika","article_publisher":"https:\/\/www.facebook.com\/tipsi.net","article_modified_time":"2026-03-06T18:42:54+00:00","og_image":[{"width":800,"height":800,"url":"https:\/\/valika.eu\/wp-content\/uploads\/2024\/12\/0038260_sterisept-plus-1l.jpeg","type":"image\/jpeg"}],"twitter_card":"summary_large_image","schema":{"@context":"https:\/\/schema.org","@graph":[{"@type":"WebPage","@id":"https:\/\/valika.eu\/fi\/toode\/sterisept-plus-meditsiiniseadmete-pindade-desinfektsioon-kontsentraat-1000ml\/","url":"https:\/\/valika.eu\/fi\/toode\/sterisept-plus-meditsiiniseadmete-pindade-desinfektsioon-kontsentraat-1000ml\/","name":"STERISEPT PLUS L\u00c4\u00c4KINT\u00c4LAITTEIDEN PINTA-DESINFIOINTI Tiiviste 1000ml. | Valika","isPartOf":{"@id":"https:\/\/valika.eu\/fi\/#website"},"primaryImageOfPage":{"@id":"https:\/\/valika.eu\/fi\/toode\/sterisept-plus-meditsiiniseadmete-pindade-desinfektsioon-kontsentraat-1000ml\/#primaryimage"},"image":{"@id":"https:\/\/valika.eu\/toode\/sterisept-plus-meditsiiniseadmete-pindade-desinfektsioon-kontsentraat-1000ml\/#primaryimage"},"thumbnailUrl":"https:\/\/valika.eu\/wp-content\/uploads\/2024\/12\/0038260_sterisept-plus-1l.jpeg","datePublished":"2024-12-06T11:57:30+00:00","dateModified":"2026-03-06T18:42:54+00:00","breadcrumb":{"@id":"https:\/\/valika.eu\/fi\/toode\/sterisept-plus-meditsiiniseadmete-pindade-desinfektsioon-kontsentraat-1000ml\/#breadcrumb"},"inLanguage":"fi","potentialAction":[{"@type":"ReadAction","target":[["https:\/\/valika.eu\/fi\/toode\/sterisept-plus-meditsiiniseadmete-pindade-desinfektsioon-kontsentraat-1000ml\/"]]}]},{"@type":"ImageObject","inLanguage":"fi","@id":"https:\/\/valika.eu\/fi\/toode\/sterisept-plus-meditsiiniseadmete-pindade-desinfektsioon-kontsentraat-1000ml\/#primaryimage","url":"https:\/\/valika.eu\/wp-content\/uploads\/2024\/12\/0038260_sterisept-plus-1l.jpeg","contentUrl":"https:\/\/valika.eu\/wp-content\/uploads\/2024\/12\/0038260_sterisept-plus-1l.jpeg","width":800,"height":800},{"@type":"BreadcrumbList","@id":"https:\/\/valika.eu\/fi\/toode\/sterisept-plus-meditsiiniseadmete-pindade-desinfektsioon-kontsentraat-1000ml\/#breadcrumb","itemListElement":[{"@type":"ListItem","position":1,"name":"Koti","item":"https:\/\/valika.eu\/fi\/"},{"@type":"ListItem","position":2,"name":"Shop","item":"https:\/\/valika.eu\/fi\/"},{"@type":"ListItem","position":3,"name":"STERISEPT PLUS MEDICAL DEVICE SURFACE DISINFECTION Concentrate 1000ml."}]},{"@type":"WebSite","@id":"https:\/\/valika.eu\/fi\/#website","url":"https:\/\/valika.eu\/fi\/","name":"Valika.eu","description":"Salonkituotteet ja kauneudenhoitotuotteet - Valika tarjoaa laajan valikoiman tuotteita ja tarvikkeita kynsiteknikoille, kauneushoitoloille, kampaamoille ja kampaamoille.","publisher":{"@id":"https:\/\/valika.eu\/fi\/#organization"},"alternateName":"Valika","potentialAction":[{"@type":"SearchAction","target":{"@type":"EntryPoint","urlTemplate":"https:\/\/valika.eu\/fi\/?s={search_term_string}"},"query-input":{"@type":"PropertyValueSpecification","valueRequired":true,"valueName":"search_term_string"}}],"inLanguage":"fi"},{"@type":"Organization","@id":"https:\/\/valika.eu\/fi\/#organization","name":"Salongitoode O\u00dc","alternateName":"Valika","url":"https:\/\/valika.eu\/fi\/","logo":{"@type":"ImageObject","inLanguage":"fi","@id":"https:\/\/valika.eu\/fi\/#\/schema\/logo\/image\/","url":"https:\/\/valika.eu\/wp-content\/uploads\/2023\/11\/logo2-valika-footer.png","contentUrl":"https:\/\/valika.eu\/wp-content\/uploads\/2023\/11\/logo2-valika-footer.png","width":200,"height":129,"caption":"Salongitoode O\u00dc"},"image":{"@id":"https:\/\/valika.eu\/fi\/#\/schema\/logo\/image\/"},"sameAs":["https:\/\/www.facebook.com\/tipsi.net"]}]}},"jetpack_sharing_enabled":true,"_links":{"self":[{"href":"https:\/\/valika.eu\/fi\/wp-json\/wp\/v2\/product\/10689","targetHints":{"allow":["GET"]}}],"collection":[{"href":"https:\/\/valika.eu\/fi\/wp-json\/wp\/v2\/product"}],"about":[{"href":"https:\/\/valika.eu\/fi\/wp-json\/wp\/v2\/types\/product"}],"wp:featuredmedia":[{"embeddable":true,"href":"https:\/\/valika.eu\/fi\/wp-json\/wp\/v2\/media\/10690"}],"wp:attachment":[{"href":"https:\/\/valika.eu\/fi\/wp-json\/wp\/v2\/media?parent=10689"}],"wp:term":[{"taxonomy":"product_brand","embeddable":true,"href":"https:\/\/valika.eu\/fi\/wp-json\/wp\/v2\/product_brand?post=10689"},{"taxonomy":"product_cat","embeddable":true,"href":"https:\/\/valika.eu\/fi\/wp-json\/wp\/v2\/product_cat?post=10689"},{"taxonomy":"product_tag","embeddable":true,"href":"https:\/\/valika.eu\/fi\/wp-json\/wp\/v2\/product_tag?post=10689"}],"curies":[{"name":"wp","href":"https:\/\/api.w.org\/{rel}","templated":true}]}}