{"id":10693,"date":"2024-12-06T14:34:53","date_gmt":"2024-12-06T12:34:53","guid":{"rendered":"https:\/\/valika.eu\/?post_type=product&#038;p=10693"},"modified":"2026-03-05T16:53:01","modified_gmt":"2026-03-05T14:53:01","slug":"chemisept-g-naha-antiseptika-250ml","status":"publish","type":"product","link":"https:\/\/valika.eu\/fi\/toode\/chemisept-g-naha-antiseptika-250ml\/","title":{"rendered":"Chemisept G ihon antiseptinen liuos 250ml."},"content":{"rendered":"<p>Ainesosat<br \/>\n100 g tuotetta sis\u00e4lt\u00e4\u00e4: etanolia 75 g (aktiivinen aine), kvartaariset ammoniumyhdisteet -bentsyyli-C12-18-alkyylidimeetyyli, kloridit ja C12-14-alkyyli[(etyylifenyyli)metyylidimeetyyli], kloridit 0,1 g (aktiivinen aine).<\/p>\n<p>K\u00e4ytt\u00f6<br \/>\nNaarmujen ja traumaattisten pienten haavojen antiseptikoksi, ihon antiseptiseksi hoidoksi ennen injektioita ja verin\u00e4ytteenottoa, suihkuta liuos injektio- tai verin\u00e4ytteenottopaikalle, puhdista vanupuikolla, suihkuta uudelleen ja anna liuoksen kuivua. Toiminta-aika 30 sekuntia.<\/p>\n<p>Ennen leikkausta ihon valmisteluun k\u00e4sittele leikkausalue kahdesti, kummallakin kerralla 1,5 minuutin ajan. Liuoksen kokonaistoiminta-aika ennen leikkausta on 3 minuuttia.<\/p>\n<p>Leikkauksen j\u00e4lkeiseen haavan hoitoon levit\u00e4 liuos leikkausalueelle, puhdista steriilill\u00e4 vanupuikolla, levit\u00e4 liuos uudelleen ja peit\u00e4 steriilill\u00e4 sidoksella, est\u00e4en liuoksen kuivumisen.<\/p>\n<p>Varotoimet<br \/>\nNoudata k\u00e4sittelyss\u00e4 turvallisuusohjeita! Sis\u00e4lt\u00e4\u00e4 biotsidia! Ennen k\u00e4ytt\u00f6\u00e4 tutustu k\u00e4ytt\u00f6ohjeeseen! Tuote on eritt\u00e4in syttyv\u00e4\u00e4! S\u00e4ilyt\u00e4 kaukana syttymisl\u00e4hteist\u00e4 \u2013 ei saa polttaa! Silmiin joutuessa huuhtele v\u00e4litt\u00f6m\u00e4sti runsaalla vedell\u00e4 ja k\u00e4\u00e4nny l\u00e4\u00e4k\u00e4rin puoleen!<\/p>","protected":false},"excerpt":{"rendered":"<p>V\u00e4rj\u00e4\u00e4m\u00e4t\u00f6n ihon antiseptinen aine. Tuote omaa laajan fungisidisen ja bakterisidisen vaikutuksen, tuhoaa grampositiivisia ja gramnegatiivisia bakteereja (mukaan lukien Mycobacterium terrae) ja sieni\u00e4, inaktivoi sek\u00e4 kuoriviraaleja (mukaan lukien HBV, HIV, HCV, Vaccinia, Herpes simplex) ett\u00e4 kuorittomia viruksia (mukaan lukien Adeno, Rota). Tuotteen j\u00e4lkivaikutus kest\u00e4\u00e4 3 tuntia.<\/p>\n<p>pH 6,5\u20137,5.<\/p>\n<p>Tuote t\u00e4ytt\u00e4\u00e4 EN 12054, EN 14348 ja EN 12791 -standardit.<\/p>\n","protected":false},"featured_media":19236,"template":"","meta":[],"product_brand":[],"product_cat":[599],"product_tag":[],"class_list":{"0":"post-10693","1":"product","2":"type-product","3":"status-publish","4":"has-post-thumbnail","6":"product_cat-desinfitseerimisvahendid","8":"first","9":"instock","10":"taxable","11":"shipping-taxable","12":"purchasable","13":"product-type-simple"},"yoast_head":"<!-- This site is optimized with the Yoast SEO plugin v24.4 - https:\/\/yoast.com\/wordpress\/plugins\/seo\/ -->\n<title>Chemisept G ihon antiseptinen liuos 250ml. | Valika<\/title>\n<meta name=\"robots\" content=\"index, follow, max-snippet:-1, max-image-preview:large, max-video-preview:-1\" \/>\n<link rel=\"canonical\" href=\"https:\/\/valika.eu\/fi\/toode\/chemisept-g-naha-antiseptika-250ml\/\" \/>\n<meta property=\"og:locale\" content=\"fi_FI\" \/>\n<meta property=\"og:type\" content=\"article\" \/>\n<meta property=\"og:title\" content=\"Chemisept G ihon antiseptinen liuos 250ml. | Valika\" \/>\n<meta property=\"og:description\" content=\"V\u00e4rj\u00e4\u00e4m\u00e4t\u00f6n ihon antiseptinen aine. Tuote omaa laajan fungisidisen ja bakterisidisen vaikutuksen, tuhoaa grampositiivisia ja gramnegatiivisia bakteereja (mukaan lukien Mycobacterium terrae) ja sieni\u00e4, inaktivoi sek\u00e4 kuoriviraaleja (mukaan lukien HBV, HIV, HCV, Vaccinia, Herpes simplex) ett\u00e4 kuorittomia viruksia (mukaan lukien Adeno, Rota). Tuotteen j\u00e4lkivaikutus kest\u00e4\u00e4 3 tuntia.  pH 6,5\u20137,5.  Tuote t\u00e4ytt\u00e4\u00e4 EN 12054, EN 14348 ja EN 12791 -standardit.\" \/>\n<meta property=\"og:url\" content=\"https:\/\/valika.eu\/fi\/toode\/chemisept-g-naha-antiseptika-250ml\/\" \/>\n<meta property=\"og:site_name\" content=\"Valika\" \/>\n<meta property=\"article:publisher\" content=\"https:\/\/www.facebook.com\/tipsi.net\" \/>\n<meta property=\"article:modified_time\" content=\"2026-03-05T14:53:01+00:00\" \/>\n<meta property=\"og:image\" content=\"https:\/\/valika.eu\/wp-content\/uploads\/2024\/12\/chemisept-g.jpg\" \/>\n\t<meta property=\"og:image:width\" content=\"225\" \/>\n\t<meta property=\"og:image:height\" content=\"225\" \/>\n\t<meta property=\"og:image:type\" content=\"image\/jpeg\" \/>\n<meta name=\"twitter:card\" content=\"summary_large_image\" \/>\n<script type=\"application\/ld+json\" class=\"yoast-schema-graph\">{\"@context\":\"https:\/\/schema.org\",\"@graph\":[{\"@type\":\"WebPage\",\"@id\":\"https:\/\/valika.eu\/fi\/toode\/chemisept-g-naha-antiseptika-250ml\/\",\"url\":\"https:\/\/valika.eu\/fi\/toode\/chemisept-g-naha-antiseptika-250ml\/\",\"name\":\"Chemisept G ihon antiseptinen liuos 250ml. | Valika\",\"isPartOf\":{\"@id\":\"https:\/\/valika.eu\/fi\/#website\"},\"primaryImageOfPage\":{\"@id\":\"https:\/\/valika.eu\/fi\/toode\/chemisept-g-naha-antiseptika-250ml\/#primaryimage\"},\"image\":{\"@id\":\"https:\/\/valika.eu\/toode\/chemisept-g-naha-antiseptika-250ml\/#primaryimage\"},\"thumbnailUrl\":\"https:\/\/valika.eu\/wp-content\/uploads\/2024\/12\/chemisept-g.jpg\",\"datePublished\":\"2024-12-06T12:34:53+00:00\",\"dateModified\":\"2026-03-05T14:53:01+00:00\",\"breadcrumb\":{\"@id\":\"https:\/\/valika.eu\/fi\/toode\/chemisept-g-naha-antiseptika-250ml\/#breadcrumb\"},\"inLanguage\":\"fi\",\"potentialAction\":[{\"@type\":\"ReadAction\",\"target\":[[\"https:\/\/valika.eu\/fi\/toode\/chemisept-g-naha-antiseptika-250ml\/\"]]}]},{\"@type\":\"ImageObject\",\"inLanguage\":\"fi\",\"@id\":\"https:\/\/valika.eu\/fi\/toode\/chemisept-g-naha-antiseptika-250ml\/#primaryimage\",\"url\":\"https:\/\/valika.eu\/wp-content\/uploads\/2024\/12\/chemisept-g.jpg\",\"contentUrl\":\"https:\/\/valika.eu\/wp-content\/uploads\/2024\/12\/chemisept-g.jpg\",\"width\":225,\"height\":225},{\"@type\":\"BreadcrumbList\",\"@id\":\"https:\/\/valika.eu\/fi\/toode\/chemisept-g-naha-antiseptika-250ml\/#breadcrumb\",\"itemListElement\":[{\"@type\":\"ListItem\",\"position\":1,\"name\":\"Koti\",\"item\":\"https:\/\/valika.eu\/fi\/\"},{\"@type\":\"ListItem\",\"position\":2,\"name\":\"Shop\",\"item\":\"https:\/\/valika.eu\/fi\/\"},{\"@type\":\"ListItem\",\"position\":3,\"name\":\"Chemisept G \u0430\u043d\u0442\u0438\u0441\u0435\u043f\u0442\u0438\u043a \u0434\u043b\u044f \u043a\u043e\u0436\u0438 250ml.\"}]},{\"@type\":\"WebSite\",\"@id\":\"https:\/\/valika.eu\/fi\/#website\",\"url\":\"https:\/\/valika.eu\/fi\/\",\"name\":\"Valika.eu\",\"description\":\"Salonkituotteet ja kauneudenhoitotuotteet - Valika tarjoaa laajan valikoiman tuotteita ja tarvikkeita kynsiteknikoille, kauneushoitoloille, kampaamoille ja kampaamoille.\",\"publisher\":{\"@id\":\"https:\/\/valika.eu\/fi\/#organization\"},\"alternateName\":\"Valika\",\"potentialAction\":[{\"@type\":\"SearchAction\",\"target\":{\"@type\":\"EntryPoint\",\"urlTemplate\":\"https:\/\/valika.eu\/fi\/?s={search_term_string}\"},\"query-input\":{\"@type\":\"PropertyValueSpecification\",\"valueRequired\":true,\"valueName\":\"search_term_string\"}}],\"inLanguage\":\"fi\"},{\"@type\":\"Organization\",\"@id\":\"https:\/\/valika.eu\/fi\/#organization\",\"name\":\"Salongitoode O\u00dc\",\"alternateName\":\"Valika\",\"url\":\"https:\/\/valika.eu\/fi\/\",\"logo\":{\"@type\":\"ImageObject\",\"inLanguage\":\"fi\",\"@id\":\"https:\/\/valika.eu\/fi\/#\/schema\/logo\/image\/\",\"url\":\"https:\/\/valika.eu\/wp-content\/uploads\/2023\/11\/logo2-valika-footer.png\",\"contentUrl\":\"https:\/\/valika.eu\/wp-content\/uploads\/2023\/11\/logo2-valika-footer.png\",\"width\":200,\"height\":129,\"caption\":\"Salongitoode O\u00dc\"},\"image\":{\"@id\":\"https:\/\/valika.eu\/fi\/#\/schema\/logo\/image\/\"},\"sameAs\":[\"https:\/\/www.facebook.com\/tipsi.net\"]}]}<\/script>\n<!-- \/ Yoast SEO plugin. -->","yoast_head_json":{"title":"Chemisept G ihon antiseptinen liuos 250ml. | Valika","robots":{"index":"index","follow":"follow","max-snippet":"max-snippet:-1","max-image-preview":"max-image-preview:large","max-video-preview":"max-video-preview:-1"},"canonical":"https:\/\/valika.eu\/fi\/toode\/chemisept-g-naha-antiseptika-250ml\/","og_locale":"fi_FI","og_type":"article","og_title":"Chemisept G ihon antiseptinen liuos 250ml. | Valika","og_description":"V\u00e4rj\u00e4\u00e4m\u00e4t\u00f6n ihon antiseptinen aine. Tuote omaa laajan fungisidisen ja bakterisidisen vaikutuksen, tuhoaa grampositiivisia ja gramnegatiivisia bakteereja (mukaan lukien Mycobacterium terrae) ja sieni\u00e4, inaktivoi sek\u00e4 kuoriviraaleja (mukaan lukien HBV, HIV, HCV, Vaccinia, Herpes simplex) ett\u00e4 kuorittomia viruksia (mukaan lukien Adeno, Rota). Tuotteen j\u00e4lkivaikutus kest\u00e4\u00e4 3 tuntia.  pH 6,5\u20137,5.  Tuote t\u00e4ytt\u00e4\u00e4 EN 12054, EN 14348 ja EN 12791 -standardit.","og_url":"https:\/\/valika.eu\/fi\/toode\/chemisept-g-naha-antiseptika-250ml\/","og_site_name":"Valika","article_publisher":"https:\/\/www.facebook.com\/tipsi.net","article_modified_time":"2026-03-05T14:53:01+00:00","og_image":[{"width":225,"height":225,"url":"https:\/\/valika.eu\/wp-content\/uploads\/2024\/12\/chemisept-g.jpg","type":"image\/jpeg"}],"twitter_card":"summary_large_image","schema":{"@context":"https:\/\/schema.org","@graph":[{"@type":"WebPage","@id":"https:\/\/valika.eu\/fi\/toode\/chemisept-g-naha-antiseptika-250ml\/","url":"https:\/\/valika.eu\/fi\/toode\/chemisept-g-naha-antiseptika-250ml\/","name":"Chemisept G ihon antiseptinen liuos 250ml. | Valika","isPartOf":{"@id":"https:\/\/valika.eu\/fi\/#website"},"primaryImageOfPage":{"@id":"https:\/\/valika.eu\/fi\/toode\/chemisept-g-naha-antiseptika-250ml\/#primaryimage"},"image":{"@id":"https:\/\/valika.eu\/toode\/chemisept-g-naha-antiseptika-250ml\/#primaryimage"},"thumbnailUrl":"https:\/\/valika.eu\/wp-content\/uploads\/2024\/12\/chemisept-g.jpg","datePublished":"2024-12-06T12:34:53+00:00","dateModified":"2026-03-05T14:53:01+00:00","breadcrumb":{"@id":"https:\/\/valika.eu\/fi\/toode\/chemisept-g-naha-antiseptika-250ml\/#breadcrumb"},"inLanguage":"fi","potentialAction":[{"@type":"ReadAction","target":[["https:\/\/valika.eu\/fi\/toode\/chemisept-g-naha-antiseptika-250ml\/"]]}]},{"@type":"ImageObject","inLanguage":"fi","@id":"https:\/\/valika.eu\/fi\/toode\/chemisept-g-naha-antiseptika-250ml\/#primaryimage","url":"https:\/\/valika.eu\/wp-content\/uploads\/2024\/12\/chemisept-g.jpg","contentUrl":"https:\/\/valika.eu\/wp-content\/uploads\/2024\/12\/chemisept-g.jpg","width":225,"height":225},{"@type":"BreadcrumbList","@id":"https:\/\/valika.eu\/fi\/toode\/chemisept-g-naha-antiseptika-250ml\/#breadcrumb","itemListElement":[{"@type":"ListItem","position":1,"name":"Koti","item":"https:\/\/valika.eu\/fi\/"},{"@type":"ListItem","position":2,"name":"Shop","item":"https:\/\/valika.eu\/fi\/"},{"@type":"ListItem","position":3,"name":"Chemisept G \u0430\u043d\u0442\u0438\u0441\u0435\u043f\u0442\u0438\u043a \u0434\u043b\u044f \u043a\u043e\u0436\u0438 250ml."}]},{"@type":"WebSite","@id":"https:\/\/valika.eu\/fi\/#website","url":"https:\/\/valika.eu\/fi\/","name":"Valika.eu","description":"Salonkituotteet ja kauneudenhoitotuotteet - Valika tarjoaa laajan valikoiman tuotteita ja tarvikkeita kynsiteknikoille, kauneushoitoloille, kampaamoille ja kampaamoille.","publisher":{"@id":"https:\/\/valika.eu\/fi\/#organization"},"alternateName":"Valika","potentialAction":[{"@type":"SearchAction","target":{"@type":"EntryPoint","urlTemplate":"https:\/\/valika.eu\/fi\/?s={search_term_string}"},"query-input":{"@type":"PropertyValueSpecification","valueRequired":true,"valueName":"search_term_string"}}],"inLanguage":"fi"},{"@type":"Organization","@id":"https:\/\/valika.eu\/fi\/#organization","name":"Salongitoode O\u00dc","alternateName":"Valika","url":"https:\/\/valika.eu\/fi\/","logo":{"@type":"ImageObject","inLanguage":"fi","@id":"https:\/\/valika.eu\/fi\/#\/schema\/logo\/image\/","url":"https:\/\/valika.eu\/wp-content\/uploads\/2023\/11\/logo2-valika-footer.png","contentUrl":"https:\/\/valika.eu\/wp-content\/uploads\/2023\/11\/logo2-valika-footer.png","width":200,"height":129,"caption":"Salongitoode O\u00dc"},"image":{"@id":"https:\/\/valika.eu\/fi\/#\/schema\/logo\/image\/"},"sameAs":["https:\/\/www.facebook.com\/tipsi.net"]}]}},"jetpack_sharing_enabled":true,"_links":{"self":[{"href":"https:\/\/valika.eu\/fi\/wp-json\/wp\/v2\/product\/10693","targetHints":{"allow":["GET"]}}],"collection":[{"href":"https:\/\/valika.eu\/fi\/wp-json\/wp\/v2\/product"}],"about":[{"href":"https:\/\/valika.eu\/fi\/wp-json\/wp\/v2\/types\/product"}],"wp:featuredmedia":[{"embeddable":true,"href":"https:\/\/valika.eu\/fi\/wp-json\/wp\/v2\/media\/19236"}],"wp:attachment":[{"href":"https:\/\/valika.eu\/fi\/wp-json\/wp\/v2\/media?parent=10693"}],"wp:term":[{"taxonomy":"product_brand","embeddable":true,"href":"https:\/\/valika.eu\/fi\/wp-json\/wp\/v2\/product_brand?post=10693"},{"taxonomy":"product_cat","embeddable":true,"href":"https:\/\/valika.eu\/fi\/wp-json\/wp\/v2\/product_cat?post=10693"},{"taxonomy":"product_tag","embeddable":true,"href":"https:\/\/valika.eu\/fi\/wp-json\/wp\/v2\/product_tag?post=10693"}],"curies":[{"name":"wp","href":"https:\/\/api.w.org\/{rel}","templated":true}]}}