{"id":10695,"date":"2024-12-06T14:48:41","date_gmt":"2024-12-06T12:48:41","guid":{"rendered":"https:\/\/valika.eu\/?post_type=product&#038;p=10695"},"modified":"2026-01-15T21:23:16","modified_gmt":"2026-01-15T19:23:16","slug":"naha-antiseptikum-chemisept-hf-250ml","status":"publish","type":"product","link":"https:\/\/valika.eu\/fi\/toode\/naha-antiseptikum-chemisept-hf-250ml\/","title":{"rendered":"CHEMISEPT HF Ihon antiseptinen aine 250 ml"},"content":{"rendered":"<p>CHEMISEPT HF Ihon antiseptinen aine on v\u00e4rit\u00f6n alkoholiin perustuva antiseptinen aine iholle. Tuote on laajan fungisidisen ja bakteriotsidisen vaikutuksen omaava, se tuhoaa sek\u00e4 grampositiivisia ett\u00e4 gramnegatiivisia bakteereja, mukaan lukien tuberkuloosia aiheuttavat bakteerit, sek\u00e4 sieni\u00e4. Se inaktivoi sek\u00e4 kuorillisia ett\u00e4 kuorittomia viruksia (mukaan lukien HBV, HIV, rotavirus ja adenovirus).<\/p>\n<p>Tuote soveltuu my\u00f6s perifeeristen ja keskuslaskimokatetrin suojusten desinfiointiin. Sen j\u00e4\u00e4v\u00e4 vaikutus kest\u00e4\u00e4 24 tuntia.<\/p>\n<p>CHEMISEPT HF:ss\u00e4 on k\u00e4ytetty puhdasta ja v\u00e4h\u00e4n haihtuvaa etanolia hengitysteiden allergioiden est\u00e4miseksi.<\/p>\n<p>K\u00e4ytt\u00f6:<\/p>\n<p>Ihon antiseptiikka ennen injektioita ja verin\u00e4ytteenottoa: Kostuta steriili liina ja k\u00e4sittele injektio- tai verin\u00e4ytteenottopaikka, ota uusi liina ja k\u00e4sittele ihoa uudelleen, anna liuoksen kuivua. Vaikutusaika 30 sekuntia.<br \/>\nEnnen leikkausta ihon antiseptiikka: Kostuta steriili liina tai puhdistuspyyhe ja k\u00e4sittele ihoa leikkausalueella, toista toiminto uudella liinalla. Kokonaisaikavaikutus ennen leikkausta on 1 minuutti.<br \/>\nPerifeeristen ja keskuskatetrin suojusten desinfiointi: Kostuta steriili liina antiseptikilla ja puhdista mekaanisesti katetrin suojan ymp\u00e4rist\u00f6. Vaikutusaika 30 sekuntia.<br \/>\nVarotoimet:<br \/>\nNoudata turvallisuusohjeita k\u00e4sittelyss\u00e4! Sis\u00e4lt\u00e4\u00e4 biotsidia! Ennen k\u00e4ytt\u00f6\u00e4 tutustu k\u00e4ytt\u00f6ohjeisiin! Varovaisuutta \u2014 eritt\u00e4in helposti syttyv\u00e4 neste ja h\u00f6yryt. S\u00e4ilyt\u00e4 kaukana l\u00e4mm\u00f6nl\u00e4hteist\u00e4, kuumista pinnoista, kipin\u00f6ist\u00e4, liekeist\u00e4 ja muista sytytysl\u00e4hteist\u00e4. Ei saa polttaa. S\u00e4ilyt\u00e4 pakkaus tiiviisti suljettuna. S\u00e4ilyt\u00e4 hyvin tuuletetussa paikassa. S\u00e4ilyt\u00e4 viile\u00e4ss\u00e4. S\u00e4ilyt\u00e4 lasten ulottumattomissa.<\/p>\n<p>Koostumus:<br \/>\n100 g tuotetta sis\u00e4lt\u00e4\u00e4: etanolia 70 g (aktiivinen aine), klooriheksidiini diglukonaatti 2 g (aktiivinen aine).<\/p>\n<p>Pakkaus on kierr\u00e4tett\u00e4v\u00e4.<\/p>","protected":false},"excerpt":{"rendered":"<p>CHEMISEPT HF Ihon antiseptinen aine on v\u00e4rit\u00f6n alkoholiin perustuva antiseptinen aine iholle. Tuote on laajan fungisidisen ja bakteriotsidisen vaikutuksen omaava,<\/p>\n","protected":false},"featured_media":10696,"template":"","meta":[],"product_brand":[],"product_cat":[599],"product_tag":[],"class_list":{"0":"post-10695","1":"product","2":"type-product","3":"status-publish","4":"has-post-thumbnail","6":"product_cat-desinfitseerimisvahendid","8":"first","9":"instock","10":"taxable","11":"shipping-taxable","12":"purchasable","13":"product-type-simple"},"yoast_head":"<!-- This site is optimized with the Yoast SEO plugin v24.4 - https:\/\/yoast.com\/wordpress\/plugins\/seo\/ -->\n<title>CHEMISEPT HF Ihon antiseptinen aine 250 ml | Valika<\/title>\n<meta name=\"robots\" content=\"index, follow, max-snippet:-1, max-image-preview:large, max-video-preview:-1\" \/>\n<link rel=\"canonical\" href=\"https:\/\/valika.eu\/fi\/toode\/naha-antiseptikum-chemisept-hf-250ml\/\" \/>\n<meta property=\"og:locale\" content=\"fi_FI\" \/>\n<meta property=\"og:type\" content=\"article\" \/>\n<meta property=\"og:title\" content=\"CHEMISEPT HF Ihon antiseptinen aine 250 ml | Valika\" \/>\n<meta property=\"og:description\" content=\"CHEMISEPT HF Ihon antiseptinen aine on v\u00e4rit\u00f6n alkoholiin perustuva antiseptinen aine iholle. Tuote on laajan fungisidisen ja bakteriotsidisen vaikutuksen omaava,\" \/>\n<meta property=\"og:url\" content=\"https:\/\/valika.eu\/fi\/toode\/naha-antiseptikum-chemisept-hf-250ml\/\" \/>\n<meta property=\"og:site_name\" content=\"Valika\" \/>\n<meta property=\"article:publisher\" content=\"https:\/\/www.facebook.com\/tipsi.net\" \/>\n<meta property=\"article:modified_time\" content=\"2026-01-15T19:23:16+00:00\" \/>\n<meta property=\"og:image\" content=\"https:\/\/valika.eu\/wp-content\/uploads\/2024\/12\/chemi-pharm-chemisept-hf-1.png\" \/>\n\t<meta property=\"og:image:width\" content=\"800\" \/>\n\t<meta property=\"og:image:height\" content=\"800\" \/>\n\t<meta property=\"og:image:type\" content=\"image\/png\" \/>\n<meta name=\"twitter:card\" content=\"summary_large_image\" \/>\n<script type=\"application\/ld+json\" class=\"yoast-schema-graph\">{\"@context\":\"https:\/\/schema.org\",\"@graph\":[{\"@type\":\"WebPage\",\"@id\":\"https:\/\/valika.eu\/fi\/toode\/naha-antiseptikum-chemisept-hf-250ml\/\",\"url\":\"https:\/\/valika.eu\/fi\/toode\/naha-antiseptikum-chemisept-hf-250ml\/\",\"name\":\"CHEMISEPT HF Ihon antiseptinen aine 250 ml | Valika\",\"isPartOf\":{\"@id\":\"https:\/\/valika.eu\/fi\/#website\"},\"primaryImageOfPage\":{\"@id\":\"https:\/\/valika.eu\/fi\/toode\/naha-antiseptikum-chemisept-hf-250ml\/#primaryimage\"},\"image\":{\"@id\":\"https:\/\/valika.eu\/toode\/naha-antiseptikum-chemisept-hf-250ml\/#primaryimage\"},\"thumbnailUrl\":\"https:\/\/valika.eu\/wp-content\/uploads\/2024\/12\/chemi-pharm-chemisept-hf-1.png\",\"datePublished\":\"2024-12-06T12:48:41+00:00\",\"dateModified\":\"2026-01-15T19:23:16+00:00\",\"breadcrumb\":{\"@id\":\"https:\/\/valika.eu\/fi\/toode\/naha-antiseptikum-chemisept-hf-250ml\/#breadcrumb\"},\"inLanguage\":\"fi\",\"potentialAction\":[{\"@type\":\"ReadAction\",\"target\":[[\"https:\/\/valika.eu\/fi\/toode\/naha-antiseptikum-chemisept-hf-250ml\/\"]]}]},{\"@type\":\"ImageObject\",\"inLanguage\":\"fi\",\"@id\":\"https:\/\/valika.eu\/fi\/toode\/naha-antiseptikum-chemisept-hf-250ml\/#primaryimage\",\"url\":\"https:\/\/valika.eu\/wp-content\/uploads\/2024\/12\/chemi-pharm-chemisept-hf-1.png\",\"contentUrl\":\"https:\/\/valika.eu\/wp-content\/uploads\/2024\/12\/chemi-pharm-chemisept-hf-1.png\",\"width\":800,\"height\":800},{\"@type\":\"BreadcrumbList\",\"@id\":\"https:\/\/valika.eu\/fi\/toode\/naha-antiseptikum-chemisept-hf-250ml\/#breadcrumb\",\"itemListElement\":[{\"@type\":\"ListItem\",\"position\":1,\"name\":\"Koti\",\"item\":\"https:\/\/valika.eu\/fi\/\"},{\"@type\":\"ListItem\",\"position\":2,\"name\":\"Shop\",\"item\":\"https:\/\/valika.eu\/fi\/\"},{\"@type\":\"ListItem\",\"position\":3,\"name\":\"NAHA ANTISEPTIKUM CHEMISEPT HF 250ml\"}]},{\"@type\":\"WebSite\",\"@id\":\"https:\/\/valika.eu\/fi\/#website\",\"url\":\"https:\/\/valika.eu\/fi\/\",\"name\":\"Valika.eu\",\"description\":\"Salonkituotteet ja kauneudenhoitotuotteet - Valika tarjoaa laajan valikoiman tuotteita ja tarvikkeita kynsiteknikoille, kauneushoitoloille, kampaamoille ja kampaamoille.\",\"publisher\":{\"@id\":\"https:\/\/valika.eu\/fi\/#organization\"},\"alternateName\":\"Valika\",\"potentialAction\":[{\"@type\":\"SearchAction\",\"target\":{\"@type\":\"EntryPoint\",\"urlTemplate\":\"https:\/\/valika.eu\/fi\/?s={search_term_string}\"},\"query-input\":{\"@type\":\"PropertyValueSpecification\",\"valueRequired\":true,\"valueName\":\"search_term_string\"}}],\"inLanguage\":\"fi\"},{\"@type\":\"Organization\",\"@id\":\"https:\/\/valika.eu\/fi\/#organization\",\"name\":\"Salongitoode O\u00dc\",\"alternateName\":\"Valika\",\"url\":\"https:\/\/valika.eu\/fi\/\",\"logo\":{\"@type\":\"ImageObject\",\"inLanguage\":\"fi\",\"@id\":\"https:\/\/valika.eu\/fi\/#\/schema\/logo\/image\/\",\"url\":\"https:\/\/valika.eu\/wp-content\/uploads\/2023\/11\/logo2-valika-footer.png\",\"contentUrl\":\"https:\/\/valika.eu\/wp-content\/uploads\/2023\/11\/logo2-valika-footer.png\",\"width\":200,\"height\":129,\"caption\":\"Salongitoode O\u00dc\"},\"image\":{\"@id\":\"https:\/\/valika.eu\/fi\/#\/schema\/logo\/image\/\"},\"sameAs\":[\"https:\/\/www.facebook.com\/tipsi.net\"]}]}<\/script>\n<!-- \/ Yoast SEO plugin. -->","yoast_head_json":{"title":"CHEMISEPT HF Ihon antiseptinen aine 250 ml | Valika","robots":{"index":"index","follow":"follow","max-snippet":"max-snippet:-1","max-image-preview":"max-image-preview:large","max-video-preview":"max-video-preview:-1"},"canonical":"https:\/\/valika.eu\/fi\/toode\/naha-antiseptikum-chemisept-hf-250ml\/","og_locale":"fi_FI","og_type":"article","og_title":"CHEMISEPT HF Ihon antiseptinen aine 250 ml | Valika","og_description":"CHEMISEPT HF Ihon antiseptinen aine on v\u00e4rit\u00f6n alkoholiin perustuva antiseptinen aine iholle. Tuote on laajan fungisidisen ja bakteriotsidisen vaikutuksen omaava,","og_url":"https:\/\/valika.eu\/fi\/toode\/naha-antiseptikum-chemisept-hf-250ml\/","og_site_name":"Valika","article_publisher":"https:\/\/www.facebook.com\/tipsi.net","article_modified_time":"2026-01-15T19:23:16+00:00","og_image":[{"width":800,"height":800,"url":"https:\/\/valika.eu\/wp-content\/uploads\/2024\/12\/chemi-pharm-chemisept-hf-1.png","type":"image\/png"}],"twitter_card":"summary_large_image","schema":{"@context":"https:\/\/schema.org","@graph":[{"@type":"WebPage","@id":"https:\/\/valika.eu\/fi\/toode\/naha-antiseptikum-chemisept-hf-250ml\/","url":"https:\/\/valika.eu\/fi\/toode\/naha-antiseptikum-chemisept-hf-250ml\/","name":"CHEMISEPT HF Ihon antiseptinen aine 250 ml | Valika","isPartOf":{"@id":"https:\/\/valika.eu\/fi\/#website"},"primaryImageOfPage":{"@id":"https:\/\/valika.eu\/fi\/toode\/naha-antiseptikum-chemisept-hf-250ml\/#primaryimage"},"image":{"@id":"https:\/\/valika.eu\/toode\/naha-antiseptikum-chemisept-hf-250ml\/#primaryimage"},"thumbnailUrl":"https:\/\/valika.eu\/wp-content\/uploads\/2024\/12\/chemi-pharm-chemisept-hf-1.png","datePublished":"2024-12-06T12:48:41+00:00","dateModified":"2026-01-15T19:23:16+00:00","breadcrumb":{"@id":"https:\/\/valika.eu\/fi\/toode\/naha-antiseptikum-chemisept-hf-250ml\/#breadcrumb"},"inLanguage":"fi","potentialAction":[{"@type":"ReadAction","target":[["https:\/\/valika.eu\/fi\/toode\/naha-antiseptikum-chemisept-hf-250ml\/"]]}]},{"@type":"ImageObject","inLanguage":"fi","@id":"https:\/\/valika.eu\/fi\/toode\/naha-antiseptikum-chemisept-hf-250ml\/#primaryimage","url":"https:\/\/valika.eu\/wp-content\/uploads\/2024\/12\/chemi-pharm-chemisept-hf-1.png","contentUrl":"https:\/\/valika.eu\/wp-content\/uploads\/2024\/12\/chemi-pharm-chemisept-hf-1.png","width":800,"height":800},{"@type":"BreadcrumbList","@id":"https:\/\/valika.eu\/fi\/toode\/naha-antiseptikum-chemisept-hf-250ml\/#breadcrumb","itemListElement":[{"@type":"ListItem","position":1,"name":"Koti","item":"https:\/\/valika.eu\/fi\/"},{"@type":"ListItem","position":2,"name":"Shop","item":"https:\/\/valika.eu\/fi\/"},{"@type":"ListItem","position":3,"name":"NAHA ANTISEPTIKUM CHEMISEPT HF 250ml"}]},{"@type":"WebSite","@id":"https:\/\/valika.eu\/fi\/#website","url":"https:\/\/valika.eu\/fi\/","name":"Valika.eu","description":"Salonkituotteet ja kauneudenhoitotuotteet - Valika tarjoaa laajan valikoiman tuotteita ja tarvikkeita kynsiteknikoille, kauneushoitoloille, kampaamoille ja kampaamoille.","publisher":{"@id":"https:\/\/valika.eu\/fi\/#organization"},"alternateName":"Valika","potentialAction":[{"@type":"SearchAction","target":{"@type":"EntryPoint","urlTemplate":"https:\/\/valika.eu\/fi\/?s={search_term_string}"},"query-input":{"@type":"PropertyValueSpecification","valueRequired":true,"valueName":"search_term_string"}}],"inLanguage":"fi"},{"@type":"Organization","@id":"https:\/\/valika.eu\/fi\/#organization","name":"Salongitoode O\u00dc","alternateName":"Valika","url":"https:\/\/valika.eu\/fi\/","logo":{"@type":"ImageObject","inLanguage":"fi","@id":"https:\/\/valika.eu\/fi\/#\/schema\/logo\/image\/","url":"https:\/\/valika.eu\/wp-content\/uploads\/2023\/11\/logo2-valika-footer.png","contentUrl":"https:\/\/valika.eu\/wp-content\/uploads\/2023\/11\/logo2-valika-footer.png","width":200,"height":129,"caption":"Salongitoode O\u00dc"},"image":{"@id":"https:\/\/valika.eu\/fi\/#\/schema\/logo\/image\/"},"sameAs":["https:\/\/www.facebook.com\/tipsi.net"]}]}},"jetpack_sharing_enabled":true,"_links":{"self":[{"href":"https:\/\/valika.eu\/fi\/wp-json\/wp\/v2\/product\/10695","targetHints":{"allow":["GET"]}}],"collection":[{"href":"https:\/\/valika.eu\/fi\/wp-json\/wp\/v2\/product"}],"about":[{"href":"https:\/\/valika.eu\/fi\/wp-json\/wp\/v2\/types\/product"}],"wp:featuredmedia":[{"embeddable":true,"href":"https:\/\/valika.eu\/fi\/wp-json\/wp\/v2\/media\/10696"}],"wp:attachment":[{"href":"https:\/\/valika.eu\/fi\/wp-json\/wp\/v2\/media?parent=10695"}],"wp:term":[{"taxonomy":"product_brand","embeddable":true,"href":"https:\/\/valika.eu\/fi\/wp-json\/wp\/v2\/product_brand?post=10695"},{"taxonomy":"product_cat","embeddable":true,"href":"https:\/\/valika.eu\/fi\/wp-json\/wp\/v2\/product_cat?post=10695"},{"taxonomy":"product_tag","embeddable":true,"href":"https:\/\/valika.eu\/fi\/wp-json\/wp\/v2\/product_tag?post=10695"}],"curies":[{"name":"wp","href":"https:\/\/api.w.org\/{rel}","templated":true}]}}