{"id":10697,"date":"2024-12-06T15:02:39","date_gmt":"2024-12-06T13:02:39","guid":{"rendered":"https:\/\/valika.eu\/?post_type=product&#038;p=10697"},"modified":"2026-03-09T20:39:52","modified_gmt":"2026-03-09T18:39:52","slug":"chemisept-med-kate-antiseptikum-1000ml","status":"publish","type":"product","link":"https:\/\/valika.eu\/fi\/toode\/chemisept-med-kate-antiseptikum-1000ml\/","title":{"rendered":"CHEMISEPT MED K\u00e4sien antiseptinen aine 1000 ml"},"content":{"rendered":"<p>CHEMISEPT MED on laaja bakteeri- ja sieni-tappava vaikutus, tuhoaa sek\u00e4 Gram-positiivisia ett\u00e4 Gram-negatiivisia bakteereja (mukaan lukien tuberkuloosibakteeri, MRSA) ja sieni\u00e4 sek\u00e4 inaktivoi sek\u00e4 kuoriviraaleja (mukaan lukien HBV, HIV, HCV, Vaccinia) ett\u00e4 kuorimattomia viruksia (mukaan lukien Adeno, Noro, Rota).<\/p>\n<p>CHEMISEPT MED on iholle yst\u00e4v\u00e4llinen, sis\u00e4lt\u00e4\u00e4 kosteuttavia ja pehment\u00e4vi\u00e4 ainesosia, jotka auttavat palauttamaan ihon luonnollisen mikroflooran, suojakerroksen ja kosteustasapainon nopeasti.<\/p>\n<p>Tuote on v\u00e4riaineeton ja hajusteeton.<\/p>\n<p>Dermatologisesti testattu.<\/p>\n<p>K\u00e4ytt\u00f6: Hygieeninen ja kirurginen k\u00e4sien antiseptia sairaaloissa ja muissa terveydenhuoltolaitoksissa, leikkaussaleissa, tehohoitohuoneissa, tartuntatauti- ja vastaanotto-osastoilla, poliklinikoilla, ensiapuasemilla, laboratorioissa, hammasl\u00e4\u00e4k\u00e4rin vastaanotoilla, sairaaloiden tukipalveluissa, kotona hoidettavien potilaiden hoidossa, ulkona annettavassa ensiavussa, elintarvikek\u00e4sittelylaitoksissa.<\/p>\n<p>\u2022 Hygieeninen k\u00e4sien antiseptia: Levit\u00e4 3 ml CHEMISEPT MED:ia k\u00e4sille ja hiero kuivaksi. Altistumisaika 30 sekuntia.<\/p>\n<p>\u2022 Kirurginen k\u00e4sien antiseptia: Hiero 3 ml CHEMISEPT MED:ia k\u00e4siin kahdesti. Hieromisaika on yhteens\u00e4 1,5 minuuttia. K\u00e4sittele sek\u00e4 k\u00e4mmenet ett\u00e4 kyyn\u00e4rvarret.<\/p>\n<p>Tuote t\u00e4ytt\u00e4\u00e4 EN 1500, EN 12791, EN 13624, EN 13727, EN 14348 ja EN 14476 vaatimukset.<\/p>\n<p>Varotoimet: Noudata turvallisuusohjeita! Sis\u00e4lt\u00e4\u00e4 biotsidia! Lue k\u00e4ytt\u00f6ohjeet ennen k\u00e4ytt\u00f6\u00e4!<\/p>\n<p>Eritt\u00e4in helposti syttyv\u00e4. Pid\u00e4 kaukana l\u00e4mm\u00f6nl\u00e4hteist\u00e4 \u2013 \u00c4l\u00e4 tupakoi!<\/p>\n<p>Pid\u00e4 poissa lasten ulottuvilta.<\/p>\n<p>S\u00e4ilyt\u00e4 kaukana l\u00e4mp\u00f6- ja kuumapinnoista, kipin\u00f6ist\u00e4, liekeist\u00e4 ja muista syttymisl\u00e4hteist\u00e4.<\/p>\n<p>Ainesosat: 100 g tuotetta sis\u00e4lt\u00e4\u00e4: 72,5 g etanolia (aktiivinen aine), 7,5 g isopropanolia (aktiivinen aine), ihon suojakomponentteja.<\/p>\n<p>Biotsidin rekister\u00f6intitodistus nro 1691\/18<\/p>\n<p>Pakkaukset soveltuvat sek\u00e4 p\u00f6yt\u00e4tasolle ett\u00e4 sein\u00e4telineeseen.<\/p>","protected":false},"excerpt":{"rendered":"<p>CHEMISEPT MED on alkoholiin perustuva k\u00e4sien antiseptinen aine, jota k\u00e4ytet\u00e4\u00e4n korkean hygieniatason vaatimuksissa, joissa k\u00e4sien antiseptikka on t\u00e4rkein ennaltaehk\u00e4isev\u00e4 toimenpide infektioiden est\u00e4miseksi.<\/p>\n","protected":false},"featured_media":10698,"template":"","meta":[],"product_brand":[],"product_cat":[599],"product_tag":[],"class_list":{"0":"post-10697","1":"product","2":"type-product","3":"status-publish","4":"has-post-thumbnail","6":"product_cat-desinfitseerimisvahendid","8":"first","9":"instock","10":"taxable","11":"shipping-taxable","12":"purchasable","13":"product-type-simple"},"yoast_head":"<!-- This site is optimized with the Yoast SEO plugin v24.4 - https:\/\/yoast.com\/wordpress\/plugins\/seo\/ -->\n<title>CHEMISEPT MED K\u00e4sien antiseptinen aine 1000 ml | Valika<\/title>\n<meta name=\"robots\" content=\"index, follow, max-snippet:-1, max-image-preview:large, max-video-preview:-1\" \/>\n<link rel=\"canonical\" href=\"https:\/\/valika.eu\/fi\/toode\/chemisept-med-kate-antiseptikum-1000ml\/\" \/>\n<meta property=\"og:locale\" content=\"fi_FI\" \/>\n<meta property=\"og:type\" content=\"article\" \/>\n<meta property=\"og:title\" content=\"CHEMISEPT MED K\u00e4sien antiseptinen aine 1000 ml | Valika\" \/>\n<meta property=\"og:description\" content=\"CHEMISEPT MED on alkoholiin perustuva k\u00e4sien antiseptinen aine, jota k\u00e4ytet\u00e4\u00e4n korkean hygieniatason vaatimuksissa, joissa k\u00e4sien antiseptikka on t\u00e4rkein ennaltaehk\u00e4isev\u00e4 toimenpide infektioiden est\u00e4miseksi.\" \/>\n<meta property=\"og:url\" content=\"https:\/\/valika.eu\/fi\/toode\/chemisept-med-kate-antiseptikum-1000ml\/\" \/>\n<meta property=\"og:site_name\" content=\"Valika\" \/>\n<meta property=\"article:publisher\" content=\"https:\/\/www.facebook.com\/tipsi.net\" \/>\n<meta property=\"article:modified_time\" content=\"2026-03-09T18:39:52+00:00\" \/>\n<meta property=\"og:image\" content=\"https:\/\/valika.eu\/wp-content\/uploads\/2024\/12\/chemi-pharm-chemisept-med.png\" \/>\n\t<meta property=\"og:image:width\" content=\"800\" \/>\n\t<meta property=\"og:image:height\" content=\"800\" \/>\n\t<meta property=\"og:image:type\" content=\"image\/png\" \/>\n<meta name=\"twitter:card\" content=\"summary_large_image\" \/>\n<script type=\"application\/ld+json\" class=\"yoast-schema-graph\">{\"@context\":\"https:\/\/schema.org\",\"@graph\":[{\"@type\":\"WebPage\",\"@id\":\"https:\/\/valika.eu\/fi\/toode\/chemisept-med-kate-antiseptikum-1000ml\/\",\"url\":\"https:\/\/valika.eu\/fi\/toode\/chemisept-med-kate-antiseptikum-1000ml\/\",\"name\":\"CHEMISEPT MED K\u00e4sien antiseptinen aine 1000 ml | Valika\",\"isPartOf\":{\"@id\":\"https:\/\/valika.eu\/fi\/#website\"},\"primaryImageOfPage\":{\"@id\":\"https:\/\/valika.eu\/fi\/toode\/chemisept-med-kate-antiseptikum-1000ml\/#primaryimage\"},\"image\":{\"@id\":\"https:\/\/valika.eu\/toode\/chemisept-med-kate-antiseptikum-1000ml\/#primaryimage\"},\"thumbnailUrl\":\"https:\/\/valika.eu\/wp-content\/uploads\/2024\/12\/chemi-pharm-chemisept-med.png\",\"datePublished\":\"2024-12-06T13:02:39+00:00\",\"dateModified\":\"2026-03-09T18:39:52+00:00\",\"breadcrumb\":{\"@id\":\"https:\/\/valika.eu\/fi\/toode\/chemisept-med-kate-antiseptikum-1000ml\/#breadcrumb\"},\"inLanguage\":\"fi\",\"potentialAction\":[{\"@type\":\"ReadAction\",\"target\":[[\"https:\/\/valika.eu\/fi\/toode\/chemisept-med-kate-antiseptikum-1000ml\/\"]]}]},{\"@type\":\"ImageObject\",\"inLanguage\":\"fi\",\"@id\":\"https:\/\/valika.eu\/fi\/toode\/chemisept-med-kate-antiseptikum-1000ml\/#primaryimage\",\"url\":\"https:\/\/valika.eu\/wp-content\/uploads\/2024\/12\/chemi-pharm-chemisept-med.png\",\"contentUrl\":\"https:\/\/valika.eu\/wp-content\/uploads\/2024\/12\/chemi-pharm-chemisept-med.png\",\"width\":800,\"height\":800},{\"@type\":\"BreadcrumbList\",\"@id\":\"https:\/\/valika.eu\/fi\/toode\/chemisept-med-kate-antiseptikum-1000ml\/#breadcrumb\",\"itemListElement\":[{\"@type\":\"ListItem\",\"position\":1,\"name\":\"Koti\",\"item\":\"https:\/\/valika.eu\/fi\/\"},{\"@type\":\"ListItem\",\"position\":2,\"name\":\"Shop\",\"item\":\"https:\/\/valika.eu\/fi\/\"},{\"@type\":\"ListItem\",\"position\":3,\"name\":\"CHEMISEPT MED K\u00c4TE ANTISEPTIKUM 1000ml.\"}]},{\"@type\":\"WebSite\",\"@id\":\"https:\/\/valika.eu\/fi\/#website\",\"url\":\"https:\/\/valika.eu\/fi\/\",\"name\":\"Valika.eu\",\"description\":\"Salonkituotteet ja kauneudenhoitotuotteet - Valika tarjoaa laajan valikoiman tuotteita ja tarvikkeita kynsiteknikoille, kauneushoitoloille, kampaamoille ja kampaamoille.\",\"publisher\":{\"@id\":\"https:\/\/valika.eu\/fi\/#organization\"},\"alternateName\":\"Valika\",\"potentialAction\":[{\"@type\":\"SearchAction\",\"target\":{\"@type\":\"EntryPoint\",\"urlTemplate\":\"https:\/\/valika.eu\/fi\/?s={search_term_string}\"},\"query-input\":{\"@type\":\"PropertyValueSpecification\",\"valueRequired\":true,\"valueName\":\"search_term_string\"}}],\"inLanguage\":\"fi\"},{\"@type\":\"Organization\",\"@id\":\"https:\/\/valika.eu\/fi\/#organization\",\"name\":\"Salongitoode O\u00dc\",\"alternateName\":\"Valika\",\"url\":\"https:\/\/valika.eu\/fi\/\",\"logo\":{\"@type\":\"ImageObject\",\"inLanguage\":\"fi\",\"@id\":\"https:\/\/valika.eu\/fi\/#\/schema\/logo\/image\/\",\"url\":\"https:\/\/valika.eu\/wp-content\/uploads\/2023\/11\/logo2-valika-footer.png\",\"contentUrl\":\"https:\/\/valika.eu\/wp-content\/uploads\/2023\/11\/logo2-valika-footer.png\",\"width\":200,\"height\":129,\"caption\":\"Salongitoode O\u00dc\"},\"image\":{\"@id\":\"https:\/\/valika.eu\/fi\/#\/schema\/logo\/image\/\"},\"sameAs\":[\"https:\/\/www.facebook.com\/tipsi.net\"]}]}<\/script>\n<!-- \/ Yoast SEO plugin. -->","yoast_head_json":{"title":"CHEMISEPT MED K\u00e4sien antiseptinen aine 1000 ml | Valika","robots":{"index":"index","follow":"follow","max-snippet":"max-snippet:-1","max-image-preview":"max-image-preview:large","max-video-preview":"max-video-preview:-1"},"canonical":"https:\/\/valika.eu\/fi\/toode\/chemisept-med-kate-antiseptikum-1000ml\/","og_locale":"fi_FI","og_type":"article","og_title":"CHEMISEPT MED K\u00e4sien antiseptinen aine 1000 ml | Valika","og_description":"CHEMISEPT MED on alkoholiin perustuva k\u00e4sien antiseptinen aine, jota k\u00e4ytet\u00e4\u00e4n korkean hygieniatason vaatimuksissa, joissa k\u00e4sien antiseptikka on t\u00e4rkein ennaltaehk\u00e4isev\u00e4 toimenpide infektioiden est\u00e4miseksi.","og_url":"https:\/\/valika.eu\/fi\/toode\/chemisept-med-kate-antiseptikum-1000ml\/","og_site_name":"Valika","article_publisher":"https:\/\/www.facebook.com\/tipsi.net","article_modified_time":"2026-03-09T18:39:52+00:00","og_image":[{"width":800,"height":800,"url":"https:\/\/valika.eu\/wp-content\/uploads\/2024\/12\/chemi-pharm-chemisept-med.png","type":"image\/png"}],"twitter_card":"summary_large_image","schema":{"@context":"https:\/\/schema.org","@graph":[{"@type":"WebPage","@id":"https:\/\/valika.eu\/fi\/toode\/chemisept-med-kate-antiseptikum-1000ml\/","url":"https:\/\/valika.eu\/fi\/toode\/chemisept-med-kate-antiseptikum-1000ml\/","name":"CHEMISEPT MED K\u00e4sien antiseptinen aine 1000 ml | Valika","isPartOf":{"@id":"https:\/\/valika.eu\/fi\/#website"},"primaryImageOfPage":{"@id":"https:\/\/valika.eu\/fi\/toode\/chemisept-med-kate-antiseptikum-1000ml\/#primaryimage"},"image":{"@id":"https:\/\/valika.eu\/toode\/chemisept-med-kate-antiseptikum-1000ml\/#primaryimage"},"thumbnailUrl":"https:\/\/valika.eu\/wp-content\/uploads\/2024\/12\/chemi-pharm-chemisept-med.png","datePublished":"2024-12-06T13:02:39+00:00","dateModified":"2026-03-09T18:39:52+00:00","breadcrumb":{"@id":"https:\/\/valika.eu\/fi\/toode\/chemisept-med-kate-antiseptikum-1000ml\/#breadcrumb"},"inLanguage":"fi","potentialAction":[{"@type":"ReadAction","target":[["https:\/\/valika.eu\/fi\/toode\/chemisept-med-kate-antiseptikum-1000ml\/"]]}]},{"@type":"ImageObject","inLanguage":"fi","@id":"https:\/\/valika.eu\/fi\/toode\/chemisept-med-kate-antiseptikum-1000ml\/#primaryimage","url":"https:\/\/valika.eu\/wp-content\/uploads\/2024\/12\/chemi-pharm-chemisept-med.png","contentUrl":"https:\/\/valika.eu\/wp-content\/uploads\/2024\/12\/chemi-pharm-chemisept-med.png","width":800,"height":800},{"@type":"BreadcrumbList","@id":"https:\/\/valika.eu\/fi\/toode\/chemisept-med-kate-antiseptikum-1000ml\/#breadcrumb","itemListElement":[{"@type":"ListItem","position":1,"name":"Koti","item":"https:\/\/valika.eu\/fi\/"},{"@type":"ListItem","position":2,"name":"Shop","item":"https:\/\/valika.eu\/fi\/"},{"@type":"ListItem","position":3,"name":"CHEMISEPT MED K\u00c4TE ANTISEPTIKUM 1000ml."}]},{"@type":"WebSite","@id":"https:\/\/valika.eu\/fi\/#website","url":"https:\/\/valika.eu\/fi\/","name":"Valika.eu","description":"Salonkituotteet ja kauneudenhoitotuotteet - Valika tarjoaa laajan valikoiman tuotteita ja tarvikkeita kynsiteknikoille, kauneushoitoloille, kampaamoille ja kampaamoille.","publisher":{"@id":"https:\/\/valika.eu\/fi\/#organization"},"alternateName":"Valika","potentialAction":[{"@type":"SearchAction","target":{"@type":"EntryPoint","urlTemplate":"https:\/\/valika.eu\/fi\/?s={search_term_string}"},"query-input":{"@type":"PropertyValueSpecification","valueRequired":true,"valueName":"search_term_string"}}],"inLanguage":"fi"},{"@type":"Organization","@id":"https:\/\/valika.eu\/fi\/#organization","name":"Salongitoode O\u00dc","alternateName":"Valika","url":"https:\/\/valika.eu\/fi\/","logo":{"@type":"ImageObject","inLanguage":"fi","@id":"https:\/\/valika.eu\/fi\/#\/schema\/logo\/image\/","url":"https:\/\/valika.eu\/wp-content\/uploads\/2023\/11\/logo2-valika-footer.png","contentUrl":"https:\/\/valika.eu\/wp-content\/uploads\/2023\/11\/logo2-valika-footer.png","width":200,"height":129,"caption":"Salongitoode O\u00dc"},"image":{"@id":"https:\/\/valika.eu\/fi\/#\/schema\/logo\/image\/"},"sameAs":["https:\/\/www.facebook.com\/tipsi.net"]}]}},"jetpack_sharing_enabled":true,"_links":{"self":[{"href":"https:\/\/valika.eu\/fi\/wp-json\/wp\/v2\/product\/10697","targetHints":{"allow":["GET"]}}],"collection":[{"href":"https:\/\/valika.eu\/fi\/wp-json\/wp\/v2\/product"}],"about":[{"href":"https:\/\/valika.eu\/fi\/wp-json\/wp\/v2\/types\/product"}],"wp:featuredmedia":[{"embeddable":true,"href":"https:\/\/valika.eu\/fi\/wp-json\/wp\/v2\/media\/10698"}],"wp:attachment":[{"href":"https:\/\/valika.eu\/fi\/wp-json\/wp\/v2\/media?parent=10697"}],"wp:term":[{"taxonomy":"product_brand","embeddable":true,"href":"https:\/\/valika.eu\/fi\/wp-json\/wp\/v2\/product_brand?post=10697"},{"taxonomy":"product_cat","embeddable":true,"href":"https:\/\/valika.eu\/fi\/wp-json\/wp\/v2\/product_cat?post=10697"},{"taxonomy":"product_tag","embeddable":true,"href":"https:\/\/valika.eu\/fi\/wp-json\/wp\/v2\/product_tag?post=10697"}],"curies":[{"name":"wp","href":"https:\/\/api.w.org\/{rel}","templated":true}]}}